{"id":29984,"date":"2025-11-03T10:58:13","date_gmt":"2025-11-03T09:58:13","guid":{"rendered":"https:\/\/lij.ismeduca.com\/es\/?page_id=29984"},"modified":"2025-11-03T10:59:59","modified_gmt":"2025-11-03T09:59:59","slug":"quienes-somos","status":"publish","type":"page","link":"https:\/\/lij.ismeduca.com\/es\/quienes-somos\/","title":{"rendered":"Qui\u00e9nes somos"},"content":{"rendered":"\t\t<div data-elementor-type=\"wp-page\" data-elementor-id=\"29984\" class=\"elementor elementor-29984\" data-elementor-post-type=\"page\">\n\t\t\t\t<div class=\"elementor-element elementor-element-fdbdda8 e-flex e-con-boxed e-con e-parent\" data-id=\"fdbdda8\" data-element_type=\"container\">\n\t\t\t\t\t<div class=\"e-con-inner\">\n\t\t\t\t<div class=\"elementor-element elementor-element-2934ce6 elementor-widget elementor-widget-heading\" data-id=\"2934ce6\" data-element_type=\"widget\" data-widget_type=\"heading.default\">\n\t\t\t\t<div class=\"elementor-widget-container\">\n\t\t\t\t\t<h2 class=\"elementor-heading-title elementor-size-default\">Qui\u00e9nes somos<\/h2>\t\t\t\t<\/div>\n\t\t\t\t<\/div>\n\t\t\t\t<div class=\"elementor-element elementor-element-b4e7363 elementor-widget elementor-widget-text-editor\" data-id=\"b4e7363\" data-element_type=\"widget\" data-widget_type=\"text-editor.default\">\n\t\t\t\t<div class=\"elementor-widget-container\">\n\t\t\t\t\t\t\t\t\t<p>El Cat\u00e1logo de Literatura Infantil y Juvenil pertenece a SM. En \u00e9l, lectores, padres, profesores, libreros&#8230; podr\u00e1n encontrar todas las novedades publicadas por SM, as\u00ed como todos los libros de fondo. Tambi\u00e9n podr\u00e1n estar informados de las noticias relacionadas con nuestros libros, autores, o mundo de la Literatura Infantil y Juvenil en general.<\/p><p>Esta web es un\u00a0<strong>gran buscador de libros<\/strong>\u00a0de SM. Nuestro cat\u00e1logo est\u00e1 divido por tramos de edades: de 0 a 5 a\u00f1os, infantil, juvenil y nuestra colecci\u00f3n estrella: El Barco de Vapor. Dentro de cada tramo hay un buscador espec\u00edfico que te guiar\u00e1 en las b\u00fasquedas. Aunque tambi\u00e9n puedes usar el buscador avanzado. De cada libro obtendr\u00e1s un mont\u00f3n de informaci\u00f3n, tanto del libro en s\u00ed (formato, precio, n\u00famero de p\u00e1ginas\u2026) como de todo lo que le rodea: autor, ilustrador, webs relacionadas, noticias, fotos, recursos did\u00e1cticos\u2026<\/p><p>Algunos libros se prestan m\u00e1s que otros a esta informaci\u00f3n a\u00f1adida. Pero de todos encontrar\u00e1s unos datos m\u00ednimos que te orientar\u00e1n en la elecci\u00f3n.<\/p><p>Esta web tambi\u00e9n es un\u00a0<strong>punto de informaci\u00f3n<\/strong>\u00a0sobre nuestras actividades y productos. En cada tramo de edad daremos informaci\u00f3n sobre acontecimientos que se produzcan relacionados con esa edad (lanzamientos de libros, campa\u00f1as, concursos\u2026). Y lo m\u00e1s destacado podr\u00e1s verlo en la home. Para no perderte detalle de nuestras novedades, puedes suscribirte por RSS a nuestros contenidos.<\/p><p>Esta web tambi\u00e9n es un\u00a0<strong>punto de encuentro<\/strong>\u00a0entre t\u00fa y nosotros. Podr\u00e1s valorar y comentar tanto nuestros libros como las noticias que aqu\u00ed publiquemos, y podr\u00e1s compartirlas en redes sociales. Tambi\u00e9n podr\u00e1s participar en encuestas y concursos. Y tambi\u00e9n podr\u00e1s\u00a0<a href=\"https:\/\/smeducamos.my.site.com\/publica\/s\/?origen=ZXMubGl0ZXJhdHVyYX\" target=\"_blank\" rel=\"noopener\">preguntarnos o sugerirnos<\/a>\u00a0lo que quieras.<\/p><p>\u00a1Disfruta de los libros!<\/p>\t\t\t\t\t\t\t\t<\/div>\n\t\t\t\t<\/div>\n\t\t\t\t\t<\/div>\n\t\t\t\t<\/div>\n\t\t\t\t<\/div>\n\t\t","protected":false},"excerpt":{"rendered":"<p>El Cat\u00e1logo de Literatura Infantil y Juvenil pertenece a SM. En \u00e9l, lectores, padres, profesores, libreros&#8230; podr\u00e1n encontrar todas las novedades publicadas por SM, as\u00ed como todos los libros de fondo. Tambi\u00e9n podr\u00e1n estar informados de las noticias relacionadas con nuestros libros, autores, o mundo de la Literatura Infantil y Juvenil en general. Esta web [&hellip;]<\/p>\n","protected":false},"author":7,"featured_media":0,"parent":0,"menu_order":0,"comment_status":"closed","ping_status":"closed","template":"","meta":{"_acf_changed":false,"inline_featured_image":false,"footnotes":""},"class_list":["post-29984","page","type-page","status-publish","hentry"],"acf":[],"yoast_head":"<!-- This site is optimized with the Yoast SEO plugin v26.6 - https:\/\/yoast.com\/wordpress\/plugins\/seo\/ -->\n<title>Qui\u00e9nes somos - Literatura SM Espa\u00f1a<\/title>\n<meta name=\"robots\" content=\"noindex, follow\" \/>\n<meta property=\"og:locale\" content=\"es_ES\" \/>\n<meta property=\"og:type\" content=\"article\" \/>\n<meta property=\"og:title\" content=\"Qui\u00e9nes somos - Literatura SM Espa\u00f1a\" \/>\n<meta property=\"og:description\" content=\"El Cat\u00e1logo de Literatura Infantil y Juvenil pertenece a SM. En \u00e9l, lectores, padres, profesores, libreros&#8230; podr\u00e1n encontrar todas las novedades publicadas por SM, as\u00ed como todos los libros de fondo. Tambi\u00e9n podr\u00e1n estar informados de las noticias relacionadas con nuestros libros, autores, o mundo de la Literatura Infantil y Juvenil en general. Esta web [&hellip;]\" \/>\n<meta property=\"og:url\" content=\"https:\/\/lij.ismeduca.com\/es\/quienes-somos\/\" \/>\n<meta property=\"og:site_name\" content=\"Literatura SM Espa\u00f1a\" \/>\n<meta property=\"article:modified_time\" content=\"2025-11-03T09:59:59+00:00\" \/>\n<meta name=\"twitter:card\" content=\"summary_large_image\" \/>\n<meta name=\"twitter:label1\" content=\"Tiempo de lectura\" \/>\n\t<meta name=\"twitter:data1\" content=\"2 minutos\" \/>\n<script type=\"application\/ld+json\" class=\"yoast-schema-graph\">{\"@context\":\"https:\/\/schema.org\",\"@graph\":[{\"@type\":\"WebPage\",\"@id\":\"https:\/\/lij.ismeduca.com\/es\/quienes-somos\/\",\"url\":\"https:\/\/lij.ismeduca.com\/es\/quienes-somos\/\",\"name\":\"Qui\u00e9nes somos - Literatura SM Espa\u00f1a\",\"isPartOf\":{\"@id\":\"https:\/\/lij.ismeduca.com\/es\/#website\"},\"datePublished\":\"2025-11-03T09:58:13+00:00\",\"dateModified\":\"2025-11-03T09:59:59+00:00\",\"breadcrumb\":{\"@id\":\"https:\/\/lij.ismeduca.com\/es\/quienes-somos\/#breadcrumb\"},\"inLanguage\":\"es\",\"potentialAction\":[{\"@type\":\"ReadAction\",\"target\":[\"https:\/\/lij.ismeduca.com\/es\/quienes-somos\/\"]}]},{\"@type\":\"BreadcrumbList\",\"@id\":\"https:\/\/lij.ismeduca.com\/es\/quienes-somos\/#breadcrumb\",\"itemListElement\":[{\"@type\":\"ListItem\",\"position\":1,\"name\":\"Portada\",\"item\":\"https:\/\/lij.ismeduca.com\/es\/\"},{\"@type\":\"ListItem\",\"position\":2,\"name\":\"Qui\u00e9nes somos\"}]},{\"@type\":\"WebSite\",\"@id\":\"https:\/\/lij.ismeduca.com\/es\/#website\",\"url\":\"https:\/\/lij.ismeduca.com\/es\/\",\"name\":\"Literatura SM Espa\u00f1a\",\"description\":\"\",\"publisher\":{\"@id\":\"https:\/\/lij.ismeduca.com\/es\/#organization\"},\"potentialAction\":[{\"@type\":\"SearchAction\",\"target\":{\"@type\":\"EntryPoint\",\"urlTemplate\":\"https:\/\/lij.ismeduca.com\/es\/?s={search_term_string}\"},\"query-input\":{\"@type\":\"PropertyValueSpecification\",\"valueRequired\":true,\"valueName\":\"search_term_string\"}}],\"inLanguage\":\"es\"},{\"@type\":\"Organization\",\"@id\":\"https:\/\/lij.ismeduca.com\/es\/#organization\",\"name\":\"Literatura SM Espa\u00f1a\",\"url\":\"https:\/\/lij.ismeduca.com\/es\/\",\"logo\":{\"@type\":\"ImageObject\",\"inLanguage\":\"es\",\"@id\":\"https:\/\/lij.ismeduca.com\/es\/#\/schema\/logo\/image\/\",\"url\":\"https:\/\/lij.ismeduca.com\/es\/wp-content\/uploads\/sites\/10\/2024\/07\/logo-cabecera.png\",\"contentUrl\":\"https:\/\/lij.ismeduca.com\/es\/wp-content\/uploads\/sites\/10\/2024\/07\/logo-cabecera.png\",\"width\":396,\"height\":64,\"caption\":\"Literatura SM Espa\u00f1a\"},\"image\":{\"@id\":\"https:\/\/lij.ismeduca.com\/es\/#\/schema\/logo\/image\/\"}}]}<\/script>\n<!-- \/ Yoast SEO plugin. -->","yoast_head_json":{"title":"Qui\u00e9nes somos - Literatura SM Espa\u00f1a","robots":{"index":"noindex","follow":"follow"},"og_locale":"es_ES","og_type":"article","og_title":"Qui\u00e9nes somos - Literatura SM Espa\u00f1a","og_description":"El Cat\u00e1logo de Literatura Infantil y Juvenil pertenece a SM. En \u00e9l, lectores, padres, profesores, libreros&#8230; podr\u00e1n encontrar todas las novedades publicadas por SM, as\u00ed como todos los libros de fondo. Tambi\u00e9n podr\u00e1n estar informados de las noticias relacionadas con nuestros libros, autores, o mundo de la Literatura Infantil y Juvenil en general. Esta web [&hellip;]","og_url":"https:\/\/lij.ismeduca.com\/es\/quienes-somos\/","og_site_name":"Literatura SM Espa\u00f1a","article_modified_time":"2025-11-03T09:59:59+00:00","twitter_card":"summary_large_image","twitter_misc":{"Tiempo de lectura":"2 minutos"},"schema":{"@context":"https:\/\/schema.org","@graph":[{"@type":"WebPage","@id":"https:\/\/lij.ismeduca.com\/es\/quienes-somos\/","url":"https:\/\/lij.ismeduca.com\/es\/quienes-somos\/","name":"Qui\u00e9nes somos - Literatura SM Espa\u00f1a","isPartOf":{"@id":"https:\/\/lij.ismeduca.com\/es\/#website"},"datePublished":"2025-11-03T09:58:13+00:00","dateModified":"2025-11-03T09:59:59+00:00","breadcrumb":{"@id":"https:\/\/lij.ismeduca.com\/es\/quienes-somos\/#breadcrumb"},"inLanguage":"es","potentialAction":[{"@type":"ReadAction","target":["https:\/\/lij.ismeduca.com\/es\/quienes-somos\/"]}]},{"@type":"BreadcrumbList","@id":"https:\/\/lij.ismeduca.com\/es\/quienes-somos\/#breadcrumb","itemListElement":[{"@type":"ListItem","position":1,"name":"Portada","item":"https:\/\/lij.ismeduca.com\/es\/"},{"@type":"ListItem","position":2,"name":"Qui\u00e9nes somos"}]},{"@type":"WebSite","@id":"https:\/\/lij.ismeduca.com\/es\/#website","url":"https:\/\/lij.ismeduca.com\/es\/","name":"Literatura SM Espa\u00f1a","description":"","publisher":{"@id":"https:\/\/lij.ismeduca.com\/es\/#organization"},"potentialAction":[{"@type":"SearchAction","target":{"@type":"EntryPoint","urlTemplate":"https:\/\/lij.ismeduca.com\/es\/?s={search_term_string}"},"query-input":{"@type":"PropertyValueSpecification","valueRequired":true,"valueName":"search_term_string"}}],"inLanguage":"es"},{"@type":"Organization","@id":"https:\/\/lij.ismeduca.com\/es\/#organization","name":"Literatura SM Espa\u00f1a","url":"https:\/\/lij.ismeduca.com\/es\/","logo":{"@type":"ImageObject","inLanguage":"es","@id":"https:\/\/lij.ismeduca.com\/es\/#\/schema\/logo\/image\/","url":"https:\/\/lij.ismeduca.com\/es\/wp-content\/uploads\/sites\/10\/2024\/07\/logo-cabecera.png","contentUrl":"https:\/\/lij.ismeduca.com\/es\/wp-content\/uploads\/sites\/10\/2024\/07\/logo-cabecera.png","width":396,"height":64,"caption":"Literatura SM Espa\u00f1a"},"image":{"@id":"https:\/\/lij.ismeduca.com\/es\/#\/schema\/logo\/image\/"}}]}},"_links":{"self":[{"href":"https:\/\/lij.ismeduca.com\/es\/wp-json\/wp\/v2\/pages\/29984","targetHints":{"allow":["GET"]}}],"collection":[{"href":"https:\/\/lij.ismeduca.com\/es\/wp-json\/wp\/v2\/pages"}],"about":[{"href":"https:\/\/lij.ismeduca.com\/es\/wp-json\/wp\/v2\/types\/page"}],"author":[{"embeddable":true,"href":"https:\/\/lij.ismeduca.com\/es\/wp-json\/wp\/v2\/users\/7"}],"replies":[{"embeddable":true,"href":"https:\/\/lij.ismeduca.com\/es\/wp-json\/wp\/v2\/comments?post=29984"}],"version-history":[{"count":3,"href":"https:\/\/lij.ismeduca.com\/es\/wp-json\/wp\/v2\/pages\/29984\/revisions"}],"predecessor-version":[{"id":29988,"href":"https:\/\/lij.ismeduca.com\/es\/wp-json\/wp\/v2\/pages\/29984\/revisions\/29988"}],"wp:attachment":[{"href":"https:\/\/lij.ismeduca.com\/es\/wp-json\/wp\/v2\/media?parent=29984"}],"curies":[{"name":"wp","href":"https:\/\/api.w.org\/{rel}","templated":true}]}}