{"id":29989,"date":"2025-11-03T11:00:31","date_gmt":"2025-11-03T10:00:31","guid":{"rendered":"https:\/\/lij.ismeduca.com\/es\/?page_id=29989"},"modified":"2025-11-03T11:01:20","modified_gmt":"2025-11-03T10:01:20","slug":"premios-sm","status":"publish","type":"page","link":"https:\/\/lij.ismeduca.com\/es\/premios-sm\/","title":{"rendered":"Premios SM"},"content":{"rendered":"\t\t<div data-elementor-type=\"wp-page\" data-elementor-id=\"29989\" class=\"elementor elementor-29989\" data-elementor-post-type=\"page\">\n\t\t\t\t<div class=\"elementor-element elementor-element-d937b84 e-flex e-con-boxed e-con e-parent\" data-id=\"d937b84\" data-element_type=\"container\">\n\t\t\t\t\t<div class=\"e-con-inner\">\n\t\t\t\t<div class=\"elementor-element elementor-element-fda4abc elementor-widget elementor-widget-heading\" data-id=\"fda4abc\" data-element_type=\"widget\" data-widget_type=\"heading.default\">\n\t\t\t\t<div class=\"elementor-widget-container\">\n\t\t\t\t\t<h2 class=\"elementor-heading-title elementor-size-default\">47 a\u00f1os de historia<\/h2>\t\t\t\t<\/div>\n\t\t\t\t<\/div>\n\t\t\t\t<div class=\"elementor-element elementor-element-95d784a elementor-widget elementor-widget-text-editor\" data-id=\"95d784a\" data-element_type=\"widget\" data-widget_type=\"text-editor.default\">\n\t\t\t\t<div class=\"elementor-widget-container\">\n\t\t\t\t\t\t\t\t\t<p>Los Premios de Literatura Infantil El Barco de Vapor y Juvenil Gran Angular se crearon en Espa\u00f1a en 1978. Desde entonces la Fundaci\u00f3n SM los convoca todos los a\u00f1os con el fin de promover la creaci\u00f3n de una literatura para ni\u00f1os y j\u00f3venes que fomente el gusto por la lectura y transmita, con calidad literaria, unos valores humanos, sociales, culturales o religiosos que ayuden a construir un mundo digno.<\/p><p>Adem\u00e1s, desde el a\u00f1o 2006 se elabora una completa gu\u00eda con recursos para trabajar los libros premiados en el aula que se puede conseguir de forma gratuita consultando la ficha de cada uno de los libros. Gracias a estas gu\u00edas los alumnos podr\u00e1n sacar el m\u00e1ximo provecho a la lectura de las obras.<br \/><br \/>Algunos de los autores reconocidos de la literatura infantil y juvenil espa\u00f1ola se han consagrado con estos premios. Otros\u00a0han sido descubiertos y han tenido la oportunidad de comenzar una prol\u00edfica carrera literaria.<\/p>\t\t\t\t\t\t\t\t<\/div>\n\t\t\t\t<\/div>\n\t\t\t\t\t<\/div>\n\t\t\t\t<\/div>\n\t\t\t\t<\/div>\n\t\t","protected":false},"excerpt":{"rendered":"<p>47 a\u00f1os de historia Los Premios de Literatura Infantil El Barco de Vapor y Juvenil Gran Angular se crearon en Espa\u00f1a en 1978. Desde entonces la Fundaci\u00f3n SM los convoca todos los a\u00f1os con el fin de promover la creaci\u00f3n de una literatura para ni\u00f1os y j\u00f3venes que fomente el gusto por la lectura y [&hellip;]<\/p>\n","protected":false},"author":7,"featured_media":0,"parent":0,"menu_order":0,"comment_status":"closed","ping_status":"closed","template":"","meta":{"_acf_changed":false,"inline_featured_image":false,"footnotes":""},"class_list":["post-29989","page","type-page","status-publish","hentry"],"acf":[],"yoast_head":"<!-- This site is optimized with the Yoast SEO plugin v26.6 - https:\/\/yoast.com\/wordpress\/plugins\/seo\/ -->\n<title>Premios SM - Literatura SM Espa\u00f1a<\/title>\n<meta name=\"robots\" content=\"noindex, follow\" \/>\n<meta property=\"og:locale\" content=\"es_ES\" \/>\n<meta property=\"og:type\" content=\"article\" \/>\n<meta property=\"og:title\" content=\"Premios SM - Literatura SM Espa\u00f1a\" \/>\n<meta property=\"og:description\" content=\"47 a\u00f1os de historia Los Premios de Literatura Infantil El Barco de Vapor y Juvenil Gran Angular se crearon en Espa\u00f1a en 1978. Desde entonces la Fundaci\u00f3n SM los convoca todos los a\u00f1os con el fin de promover la creaci\u00f3n de una literatura para ni\u00f1os y j\u00f3venes que fomente el gusto por la lectura y [&hellip;]\" \/>\n<meta property=\"og:url\" content=\"https:\/\/lij.ismeduca.com\/es\/premios-sm\/\" \/>\n<meta property=\"og:site_name\" content=\"Literatura SM Espa\u00f1a\" \/>\n<meta property=\"article:modified_time\" content=\"2025-11-03T10:01:20+00:00\" \/>\n<meta name=\"twitter:card\" content=\"summary_large_image\" \/>\n<meta name=\"twitter:label1\" content=\"Tiempo de lectura\" \/>\n\t<meta name=\"twitter:data1\" content=\"1 minuto\" \/>\n<script type=\"application\/ld+json\" class=\"yoast-schema-graph\">{\"@context\":\"https:\/\/schema.org\",\"@graph\":[{\"@type\":\"WebPage\",\"@id\":\"https:\/\/lij.ismeduca.com\/es\/premios-sm\/\",\"url\":\"https:\/\/lij.ismeduca.com\/es\/premios-sm\/\",\"name\":\"Premios SM - Literatura SM Espa\u00f1a\",\"isPartOf\":{\"@id\":\"https:\/\/lij.ismeduca.com\/es\/#website\"},\"datePublished\":\"2025-11-03T10:00:31+00:00\",\"dateModified\":\"2025-11-03T10:01:20+00:00\",\"breadcrumb\":{\"@id\":\"https:\/\/lij.ismeduca.com\/es\/premios-sm\/#breadcrumb\"},\"inLanguage\":\"es\",\"potentialAction\":[{\"@type\":\"ReadAction\",\"target\":[\"https:\/\/lij.ismeduca.com\/es\/premios-sm\/\"]}]},{\"@type\":\"BreadcrumbList\",\"@id\":\"https:\/\/lij.ismeduca.com\/es\/premios-sm\/#breadcrumb\",\"itemListElement\":[{\"@type\":\"ListItem\",\"position\":1,\"name\":\"Portada\",\"item\":\"https:\/\/lij.ismeduca.com\/es\/\"},{\"@type\":\"ListItem\",\"position\":2,\"name\":\"Premios SM\"}]},{\"@type\":\"WebSite\",\"@id\":\"https:\/\/lij.ismeduca.com\/es\/#website\",\"url\":\"https:\/\/lij.ismeduca.com\/es\/\",\"name\":\"Literatura SM Espa\u00f1a\",\"description\":\"\",\"publisher\":{\"@id\":\"https:\/\/lij.ismeduca.com\/es\/#organization\"},\"potentialAction\":[{\"@type\":\"SearchAction\",\"target\":{\"@type\":\"EntryPoint\",\"urlTemplate\":\"https:\/\/lij.ismeduca.com\/es\/?s={search_term_string}\"},\"query-input\":{\"@type\":\"PropertyValueSpecification\",\"valueRequired\":true,\"valueName\":\"search_term_string\"}}],\"inLanguage\":\"es\"},{\"@type\":\"Organization\",\"@id\":\"https:\/\/lij.ismeduca.com\/es\/#organization\",\"name\":\"Literatura SM Espa\u00f1a\",\"url\":\"https:\/\/lij.ismeduca.com\/es\/\",\"logo\":{\"@type\":\"ImageObject\",\"inLanguage\":\"es\",\"@id\":\"https:\/\/lij.ismeduca.com\/es\/#\/schema\/logo\/image\/\",\"url\":\"https:\/\/lij.ismeduca.com\/es\/wp-content\/uploads\/sites\/10\/2024\/07\/logo-cabecera.png\",\"contentUrl\":\"https:\/\/lij.ismeduca.com\/es\/wp-content\/uploads\/sites\/10\/2024\/07\/logo-cabecera.png\",\"width\":396,\"height\":64,\"caption\":\"Literatura SM Espa\u00f1a\"},\"image\":{\"@id\":\"https:\/\/lij.ismeduca.com\/es\/#\/schema\/logo\/image\/\"}}]}<\/script>\n<!-- \/ Yoast SEO plugin. -->","yoast_head_json":{"title":"Premios SM - Literatura SM Espa\u00f1a","robots":{"index":"noindex","follow":"follow"},"og_locale":"es_ES","og_type":"article","og_title":"Premios SM - Literatura SM Espa\u00f1a","og_description":"47 a\u00f1os de historia Los Premios de Literatura Infantil El Barco de Vapor y Juvenil Gran Angular se crearon en Espa\u00f1a en 1978. Desde entonces la Fundaci\u00f3n SM los convoca todos los a\u00f1os con el fin de promover la creaci\u00f3n de una literatura para ni\u00f1os y j\u00f3venes que fomente el gusto por la lectura y [&hellip;]","og_url":"https:\/\/lij.ismeduca.com\/es\/premios-sm\/","og_site_name":"Literatura SM Espa\u00f1a","article_modified_time":"2025-11-03T10:01:20+00:00","twitter_card":"summary_large_image","twitter_misc":{"Tiempo de lectura":"1 minuto"},"schema":{"@context":"https:\/\/schema.org","@graph":[{"@type":"WebPage","@id":"https:\/\/lij.ismeduca.com\/es\/premios-sm\/","url":"https:\/\/lij.ismeduca.com\/es\/premios-sm\/","name":"Premios SM - Literatura SM Espa\u00f1a","isPartOf":{"@id":"https:\/\/lij.ismeduca.com\/es\/#website"},"datePublished":"2025-11-03T10:00:31+00:00","dateModified":"2025-11-03T10:01:20+00:00","breadcrumb":{"@id":"https:\/\/lij.ismeduca.com\/es\/premios-sm\/#breadcrumb"},"inLanguage":"es","potentialAction":[{"@type":"ReadAction","target":["https:\/\/lij.ismeduca.com\/es\/premios-sm\/"]}]},{"@type":"BreadcrumbList","@id":"https:\/\/lij.ismeduca.com\/es\/premios-sm\/#breadcrumb","itemListElement":[{"@type":"ListItem","position":1,"name":"Portada","item":"https:\/\/lij.ismeduca.com\/es\/"},{"@type":"ListItem","position":2,"name":"Premios SM"}]},{"@type":"WebSite","@id":"https:\/\/lij.ismeduca.com\/es\/#website","url":"https:\/\/lij.ismeduca.com\/es\/","name":"Literatura SM Espa\u00f1a","description":"","publisher":{"@id":"https:\/\/lij.ismeduca.com\/es\/#organization"},"potentialAction":[{"@type":"SearchAction","target":{"@type":"EntryPoint","urlTemplate":"https:\/\/lij.ismeduca.com\/es\/?s={search_term_string}"},"query-input":{"@type":"PropertyValueSpecification","valueRequired":true,"valueName":"search_term_string"}}],"inLanguage":"es"},{"@type":"Organization","@id":"https:\/\/lij.ismeduca.com\/es\/#organization","name":"Literatura SM Espa\u00f1a","url":"https:\/\/lij.ismeduca.com\/es\/","logo":{"@type":"ImageObject","inLanguage":"es","@id":"https:\/\/lij.ismeduca.com\/es\/#\/schema\/logo\/image\/","url":"https:\/\/lij.ismeduca.com\/es\/wp-content\/uploads\/sites\/10\/2024\/07\/logo-cabecera.png","contentUrl":"https:\/\/lij.ismeduca.com\/es\/wp-content\/uploads\/sites\/10\/2024\/07\/logo-cabecera.png","width":396,"height":64,"caption":"Literatura SM Espa\u00f1a"},"image":{"@id":"https:\/\/lij.ismeduca.com\/es\/#\/schema\/logo\/image\/"}}]}},"_links":{"self":[{"href":"https:\/\/lij.ismeduca.com\/es\/wp-json\/wp\/v2\/pages\/29989","targetHints":{"allow":["GET"]}}],"collection":[{"href":"https:\/\/lij.ismeduca.com\/es\/wp-json\/wp\/v2\/pages"}],"about":[{"href":"https:\/\/lij.ismeduca.com\/es\/wp-json\/wp\/v2\/types\/page"}],"author":[{"embeddable":true,"href":"https:\/\/lij.ismeduca.com\/es\/wp-json\/wp\/v2\/users\/7"}],"replies":[{"embeddable":true,"href":"https:\/\/lij.ismeduca.com\/es\/wp-json\/wp\/v2\/comments?post=29989"}],"version-history":[{"count":3,"href":"https:\/\/lij.ismeduca.com\/es\/wp-json\/wp\/v2\/pages\/29989\/revisions"}],"predecessor-version":[{"id":29993,"href":"https:\/\/lij.ismeduca.com\/es\/wp-json\/wp\/v2\/pages\/29989\/revisions\/29993"}],"wp:attachment":[{"href":"https:\/\/lij.ismeduca.com\/es\/wp-json\/wp\/v2\/media?parent=29989"}],"curies":[{"name":"wp","href":"https:\/\/api.w.org\/{rel}","templated":true}]}}