{"id":1044,"date":"2021-03-04T00:00:00","date_gmt":"2024-07-11T09:15:45","guid":{"rendered":"https:\/\/lij.ismeduca.com\/tienda\/?post_type=product&#038;p=1044"},"modified":"2025-12-23T12:54:41","modified_gmt":"2025-12-23T11:54:41","slug":"el-capitan-calzoncillos-y-los-perfidos-tiparracos-del-espacio","status":"publish","type":"product","link":"https:\/\/lij.ismeduca.com\/es\/producto\/el-capitan-calzoncillos-y-los-perfidos-tiparracos-del-espacio\/","title":{"rendered":"El Capit\u00e1n Calzoncillos y los p\u00e9rfidos tiparracos del espacio"},"content":{"rendered":"","protected":false},"excerpt":{"rendered":"<p>Jorge y Berto le han hecho jugarretas a casi todos los que asisten a la Escuela Primaria Jer&oacute;nimo Chumillas. Por eso, cuando su &uacute;ltima broma provoca que las malhumoradas se&ntilde;oras de la cafeter&iacute;a de la escuela dejen el trabajo, el se&ntilde;or Carrasquilla contrata a un tr&iacute;o de reemplazos tan inusuales que &iexcl;parecen extraterrestres! &iquest;Podr&aacute; el Capit&aacute;n Calzoncillos, el superh&eacute;roe cuya ropa es una cortina, salvarlos una vez m&aacute;s? &iquest;O esas mujeres del espacio se lo comer&aacute;n?<\/p>\n","protected":false},"featured_media":35726,"template":"","meta":{"_acf_changed":false,"inline_featured_image":false},"product_brand":[],"product_cat":[4683],"product_tag":[268,297,253,2058,383,315],"asignatura":[],"compania":[252],"curso":[],"idiomas":[1948],"genero":[256],"linea":[250],"premio":[],"proyecto-editorial":[323],"tipo-de-libro":[249],"soporte":[2004],"zona-geografica":[],"autores":[4436,2659,4435],"colecciones":[2374],"personajes":[2131],"class_list":{"0":"post-1044","1":"product","2":"type-product","3":"status-publish","4":"has-post-thumbnail","6":"product_cat-capitan-calzoncillos","7":"product_tag-amistad","8":"product_tag-literatura-de-aventuras","9":"product_tag-literatura-de-humor","10":"product_tag-ntx","11":"product_tag-superheroes","12":"product_tag-vida-escolar","13":"pa_codigo-sap-ntx","14":"compania-f-sta-maria-ediciones-sm-es","15":"idiomas-espanol","16":"genero-humor","17":"linea-narrativa","18":"proyecto-editorial-6-12","19":"tipo-de-libro-fisico","20":"soporte-libro","21":"autores-alejandra-gonzalez-fernandez","22":"autores-dav-pilkey","23":"autores-miguel-azaola","24":"colecciones-el-capitan-calzoncillos-a-todo-color","25":"personajes-capitan-calzoncillos","27":"first","28":"instock","29":"taxable","30":"shipping-taxable","31":"purchasable","32":"product-type-simple"},"acf":{"id_catalogo":"650","shortTitle":"EL C.C. LOS P\u00c9RFIDOS TIPARRACOS DEL ESP","descripcion":"<p>Jorge y Berto le han hecho jugarretas a casi todos los que asisten a la Escuela Primaria Jer&oacute;nimo Chumillas. Por eso, cuando su &uacute;ltima broma provoca que las malhumoradas se&ntilde;oras de la cafeter&iacute;a de la escuela dejen el trabajo, el se&ntilde;or Carrasquilla contrata a un tr&iacute;o de reemplazos tan inusuales que &iexcl;parecen extraterrestres! &iquest;Podr&aacute; el Capit&aacute;n Calzoncillos, el superh&eacute;roe cuya ropa es una cortina, salvarlos una vez m&aacute;s? &iquest;O esas mujeres del espacio se lo comer&aacute;n?<\/p>\n","adjuntos":null,"descriptivePhrases":[{"type":"General","text":"La tercera aventura de El Capit\u00e1n Calzoncillos, \u00a1ahora a todo color!"}],"productSap":"NTX","isbn":"9788413920092","precio_colegios":12.02,"precio_librerias":12.02,"precio_librerias_sin_cobertura":12.02,"precio_distribuidores":12.02,"fecha_disponibilidad":null,"fecha_comercial":"20210304","organizacion_venta":"CS01","datos_para_buscador":"Dav Pilkey, Miguel Azaola, Alejandra Gonz\u00e1lez Fern\u00e1ndez, Capit\u00e1n Calzoncillos, Dav Pilkey, Capit\u00e1n Calzoncillos, El Capit\u00e1n Calzoncillos a todo color, "},"yoast_head":"<!-- This site is optimized with the Yoast SEO plugin v26.6 - https:\/\/yoast.com\/wordpress\/plugins\/seo\/ -->\n<title>El Capit\u00e1n Calzoncillos y los p\u00e9rfidos tiparracos del espacio - Literatura SM Espa\u00f1a<\/title>\n<meta name=\"robots\" content=\"noindex, follow, max-snippet:-1, max-image-preview:large, max-video-preview:-1\" \/>\n<meta property=\"og:locale\" content=\"es_ES\" \/>\n<meta property=\"og:type\" content=\"article\" \/>\n<meta property=\"og:title\" content=\"El Capit\u00e1n Calzoncillos y los p\u00e9rfidos tiparracos del espacio - Literatura SM Espa\u00f1a\" \/>\n<meta property=\"og:url\" content=\"https:\/\/lij.ismeduca.com\/es\/producto\/el-capitan-calzoncillos-y-los-perfidos-tiparracos-del-espacio\/\" \/>\n<meta property=\"og:site_name\" content=\"Literatura SM Espa\u00f1a\" \/>\n<meta property=\"article:modified_time\" content=\"2025-12-23T11:54:41+00:00\" \/>\n<meta name=\"twitter:card\" content=\"summary_large_image\" \/>\n<script type=\"application\/ld+json\" class=\"yoast-schema-graph\">{\"@context\":\"https:\/\/schema.org\",\"@graph\":[{\"@type\":\"WebPage\",\"@id\":\"https:\/\/lij.ismeduca.com\/es\/producto\/el-capitan-calzoncillos-y-los-perfidos-tiparracos-del-espacio\/\",\"url\":\"https:\/\/lij.ismeduca.com\/es\/producto\/el-capitan-calzoncillos-y-los-perfidos-tiparracos-del-espacio\/\",\"name\":\"El Capit\u00e1n Calzoncillos y los p\u00e9rfidos tiparracos del espacio - Literatura SM Espa\u00f1a\",\"isPartOf\":{\"@id\":\"https:\/\/lij.ismeduca.com\/es\/#website\"},\"primaryImageOfPage\":{\"@id\":\"https:\/\/lij.ismeduca.com\/es\/producto\/el-capitan-calzoncillos-y-los-perfidos-tiparracos-del-espacio\/#primaryimage\"},\"image\":{\"@id\":\"https:\/\/lij.ismeduca.com\/es\/producto\/el-capitan-calzoncillos-y-los-perfidos-tiparracos-del-espacio\/#primaryimage\"},\"thumbnailUrl\":\"https:\/\/lij.ismeduca.com\/es\/wp-content\/uploads\/sites\/10\/2025\/12\/1044.jpg\",\"datePublished\":\"2024-07-11T09:15:45+00:00\",\"dateModified\":\"2025-12-23T11:54:41+00:00\",\"breadcrumb\":{\"@id\":\"https:\/\/lij.ismeduca.com\/es\/producto\/el-capitan-calzoncillos-y-los-perfidos-tiparracos-del-espacio\/#breadcrumb\"},\"inLanguage\":\"es\",\"potentialAction\":[{\"@type\":\"ReadAction\",\"target\":[\"https:\/\/lij.ismeduca.com\/es\/producto\/el-capitan-calzoncillos-y-los-perfidos-tiparracos-del-espacio\/\"]}]},{\"@type\":\"ImageObject\",\"inLanguage\":\"es\",\"@id\":\"https:\/\/lij.ismeduca.com\/es\/producto\/el-capitan-calzoncillos-y-los-perfidos-tiparracos-del-espacio\/#primaryimage\",\"url\":\"https:\/\/lij.ismeduca.com\/es\/wp-content\/uploads\/sites\/10\/2025\/12\/1044.jpg\",\"contentUrl\":\"https:\/\/lij.ismeduca.com\/es\/wp-content\/uploads\/sites\/10\/2025\/12\/1044.jpg\",\"width\":600,\"height\":905},{\"@type\":\"BreadcrumbList\",\"@id\":\"https:\/\/lij.ismeduca.com\/es\/producto\/el-capitan-calzoncillos-y-los-perfidos-tiparracos-del-espacio\/#breadcrumb\",\"itemListElement\":[{\"@type\":\"ListItem\",\"position\":1,\"name\":\"Portada\",\"item\":\"https:\/\/lij.ismeduca.com\/es\/\"},{\"@type\":\"ListItem\",\"position\":2,\"name\":\"Tienda\",\"item\":\"https:\/\/lij.ismeduca.com\/es\/tienda\/\"},{\"@type\":\"ListItem\",\"position\":3,\"name\":\"El Capit\u00e1n Calzoncillos y los p\u00e9rfidos tiparracos del espacio\"}]},{\"@type\":\"WebSite\",\"@id\":\"https:\/\/lij.ismeduca.com\/es\/#website\",\"url\":\"https:\/\/lij.ismeduca.com\/es\/\",\"name\":\"Literatura SM Espa\u00f1a\",\"description\":\"\",\"publisher\":{\"@id\":\"https:\/\/lij.ismeduca.com\/es\/#organization\"},\"potentialAction\":[{\"@type\":\"SearchAction\",\"target\":{\"@type\":\"EntryPoint\",\"urlTemplate\":\"https:\/\/lij.ismeduca.com\/es\/?s={search_term_string}\"},\"query-input\":{\"@type\":\"PropertyValueSpecification\",\"valueRequired\":true,\"valueName\":\"search_term_string\"}}],\"inLanguage\":\"es\"},{\"@type\":\"Organization\",\"@id\":\"https:\/\/lij.ismeduca.com\/es\/#organization\",\"name\":\"Literatura SM Espa\u00f1a\",\"url\":\"https:\/\/lij.ismeduca.com\/es\/\",\"logo\":{\"@type\":\"ImageObject\",\"inLanguage\":\"es\",\"@id\":\"https:\/\/lij.ismeduca.com\/es\/#\/schema\/logo\/image\/\",\"url\":\"https:\/\/lij.ismeduca.com\/es\/wp-content\/uploads\/sites\/10\/2024\/07\/logo-cabecera.png\",\"contentUrl\":\"https:\/\/lij.ismeduca.com\/es\/wp-content\/uploads\/sites\/10\/2024\/07\/logo-cabecera.png\",\"width\":396,\"height\":64,\"caption\":\"Literatura SM Espa\u00f1a\"},\"image\":{\"@id\":\"https:\/\/lij.ismeduca.com\/es\/#\/schema\/logo\/image\/\"}}]}<\/script>\n<!-- \/ Yoast SEO plugin. -->","yoast_head_json":{"title":"El Capit\u00e1n Calzoncillos y los p\u00e9rfidos tiparracos del espacio - Literatura SM Espa\u00f1a","robots":{"index":"noindex","follow":"follow","max-snippet":"max-snippet:-1","max-image-preview":"max-image-preview:large","max-video-preview":"max-video-preview:-1"},"og_locale":"es_ES","og_type":"article","og_title":"El Capit\u00e1n Calzoncillos y los p\u00e9rfidos tiparracos del espacio - Literatura SM Espa\u00f1a","og_url":"https:\/\/lij.ismeduca.com\/es\/producto\/el-capitan-calzoncillos-y-los-perfidos-tiparracos-del-espacio\/","og_site_name":"Literatura SM Espa\u00f1a","article_modified_time":"2025-12-23T11:54:41+00:00","twitter_card":"summary_large_image","schema":{"@context":"https:\/\/schema.org","@graph":[{"@type":"WebPage","@id":"https:\/\/lij.ismeduca.com\/es\/producto\/el-capitan-calzoncillos-y-los-perfidos-tiparracos-del-espacio\/","url":"https:\/\/lij.ismeduca.com\/es\/producto\/el-capitan-calzoncillos-y-los-perfidos-tiparracos-del-espacio\/","name":"El Capit\u00e1n Calzoncillos y los p\u00e9rfidos tiparracos del espacio - Literatura SM Espa\u00f1a","isPartOf":{"@id":"https:\/\/lij.ismeduca.com\/es\/#website"},"primaryImageOfPage":{"@id":"https:\/\/lij.ismeduca.com\/es\/producto\/el-capitan-calzoncillos-y-los-perfidos-tiparracos-del-espacio\/#primaryimage"},"image":{"@id":"https:\/\/lij.ismeduca.com\/es\/producto\/el-capitan-calzoncillos-y-los-perfidos-tiparracos-del-espacio\/#primaryimage"},"thumbnailUrl":"https:\/\/lij.ismeduca.com\/es\/wp-content\/uploads\/sites\/10\/2025\/12\/1044.jpg","datePublished":"2024-07-11T09:15:45+00:00","dateModified":"2025-12-23T11:54:41+00:00","breadcrumb":{"@id":"https:\/\/lij.ismeduca.com\/es\/producto\/el-capitan-calzoncillos-y-los-perfidos-tiparracos-del-espacio\/#breadcrumb"},"inLanguage":"es","potentialAction":[{"@type":"ReadAction","target":["https:\/\/lij.ismeduca.com\/es\/producto\/el-capitan-calzoncillos-y-los-perfidos-tiparracos-del-espacio\/"]}]},{"@type":"ImageObject","inLanguage":"es","@id":"https:\/\/lij.ismeduca.com\/es\/producto\/el-capitan-calzoncillos-y-los-perfidos-tiparracos-del-espacio\/#primaryimage","url":"https:\/\/lij.ismeduca.com\/es\/wp-content\/uploads\/sites\/10\/2025\/12\/1044.jpg","contentUrl":"https:\/\/lij.ismeduca.com\/es\/wp-content\/uploads\/sites\/10\/2025\/12\/1044.jpg","width":600,"height":905},{"@type":"BreadcrumbList","@id":"https:\/\/lij.ismeduca.com\/es\/producto\/el-capitan-calzoncillos-y-los-perfidos-tiparracos-del-espacio\/#breadcrumb","itemListElement":[{"@type":"ListItem","position":1,"name":"Portada","item":"https:\/\/lij.ismeduca.com\/es\/"},{"@type":"ListItem","position":2,"name":"Tienda","item":"https:\/\/lij.ismeduca.com\/es\/tienda\/"},{"@type":"ListItem","position":3,"name":"El Capit\u00e1n Calzoncillos y los p\u00e9rfidos tiparracos del espacio"}]},{"@type":"WebSite","@id":"https:\/\/lij.ismeduca.com\/es\/#website","url":"https:\/\/lij.ismeduca.com\/es\/","name":"Literatura SM Espa\u00f1a","description":"","publisher":{"@id":"https:\/\/lij.ismeduca.com\/es\/#organization"},"potentialAction":[{"@type":"SearchAction","target":{"@type":"EntryPoint","urlTemplate":"https:\/\/lij.ismeduca.com\/es\/?s={search_term_string}"},"query-input":{"@type":"PropertyValueSpecification","valueRequired":true,"valueName":"search_term_string"}}],"inLanguage":"es"},{"@type":"Organization","@id":"https:\/\/lij.ismeduca.com\/es\/#organization","name":"Literatura SM Espa\u00f1a","url":"https:\/\/lij.ismeduca.com\/es\/","logo":{"@type":"ImageObject","inLanguage":"es","@id":"https:\/\/lij.ismeduca.com\/es\/#\/schema\/logo\/image\/","url":"https:\/\/lij.ismeduca.com\/es\/wp-content\/uploads\/sites\/10\/2024\/07\/logo-cabecera.png","contentUrl":"https:\/\/lij.ismeduca.com\/es\/wp-content\/uploads\/sites\/10\/2024\/07\/logo-cabecera.png","width":396,"height":64,"caption":"Literatura SM Espa\u00f1a"},"image":{"@id":"https:\/\/lij.ismeduca.com\/es\/#\/schema\/logo\/image\/"}}]}},"_links":{"self":[{"href":"https:\/\/lij.ismeduca.com\/es\/wp-json\/wp\/v2\/product\/1044","targetHints":{"allow":["GET"]}}],"collection":[{"href":"https:\/\/lij.ismeduca.com\/es\/wp-json\/wp\/v2\/product"}],"about":[{"href":"https:\/\/lij.ismeduca.com\/es\/wp-json\/wp\/v2\/types\/product"}],"version-history":[{"count":1,"href":"https:\/\/lij.ismeduca.com\/es\/wp-json\/wp\/v2\/product\/1044\/revisions"}],"predecessor-version":[{"id":30419,"href":"https:\/\/lij.ismeduca.com\/es\/wp-json\/wp\/v2\/product\/1044\/revisions\/30419"}],"wp:featuredmedia":[{"embeddable":true,"href":"https:\/\/lij.ismeduca.com\/es\/wp-json\/wp\/v2\/media\/35726"}],"wp:attachment":[{"href":"https:\/\/lij.ismeduca.com\/es\/wp-json\/wp\/v2\/media?parent=1044"}],"wp:term":[{"taxonomy":"product_brand","embeddable":true,"href":"https:\/\/lij.ismeduca.com\/es\/wp-json\/wp\/v2\/product_brand?post=1044"},{"taxonomy":"product_cat","embeddable":true,"href":"https:\/\/lij.ismeduca.com\/es\/wp-json\/wp\/v2\/product_cat?post=1044"},{"taxonomy":"product_tag","embeddable":true,"href":"https:\/\/lij.ismeduca.com\/es\/wp-json\/wp\/v2\/product_tag?post=1044"},{"taxonomy":"asignatura","embeddable":true,"href":"https:\/\/lij.ismeduca.com\/es\/wp-json\/wp\/v2\/asignatura?post=1044"},{"taxonomy":"compania","embeddable":true,"href":"https:\/\/lij.ismeduca.com\/es\/wp-json\/wp\/v2\/compania?post=1044"},{"taxonomy":"curso","embeddable":true,"href":"https:\/\/lij.ismeduca.com\/es\/wp-json\/wp\/v2\/curso?post=1044"},{"taxonomy":"idiomas","embeddable":true,"href":"https:\/\/lij.ismeduca.com\/es\/wp-json\/wp\/v2\/idiomas?post=1044"},{"taxonomy":"genero","embeddable":true,"href":"https:\/\/lij.ismeduca.com\/es\/wp-json\/wp\/v2\/genero?post=1044"},{"taxonomy":"linea","embeddable":true,"href":"https:\/\/lij.ismeduca.com\/es\/wp-json\/wp\/v2\/linea?post=1044"},{"taxonomy":"premio","embeddable":true,"href":"https:\/\/lij.ismeduca.com\/es\/wp-json\/wp\/v2\/premio?post=1044"},{"taxonomy":"proyecto-editorial","embeddable":true,"href":"https:\/\/lij.ismeduca.com\/es\/wp-json\/wp\/v2\/proyecto-editorial?post=1044"},{"taxonomy":"tipo-de-libro","embeddable":true,"href":"https:\/\/lij.ismeduca.com\/es\/wp-json\/wp\/v2\/tipo-de-libro?post=1044"},{"taxonomy":"soporte","embeddable":true,"href":"https:\/\/lij.ismeduca.com\/es\/wp-json\/wp\/v2\/soporte?post=1044"},{"taxonomy":"zona-geografica","embeddable":true,"href":"https:\/\/lij.ismeduca.com\/es\/wp-json\/wp\/v2\/zona-geografica?post=1044"},{"taxonomy":"autores","embeddable":true,"href":"https:\/\/lij.ismeduca.com\/es\/wp-json\/wp\/v2\/autores?post=1044"},{"taxonomy":"colecciones","embeddable":true,"href":"https:\/\/lij.ismeduca.com\/es\/wp-json\/wp\/v2\/colecciones?post=1044"},{"taxonomy":"personajes","embeddable":true,"href":"https:\/\/lij.ismeduca.com\/es\/wp-json\/wp\/v2\/personajes?post=1044"}],"curies":[{"name":"wp","href":"https:\/\/api.w.org\/{rel}","templated":true}]}}