{"id":1048,"date":"2021-09-16T00:00:00","date_gmt":"2024-07-11T09:15:47","guid":{"rendered":"https:\/\/lij.ismeduca.com\/tienda\/?post_type=product&#038;p=1048"},"modified":"2025-12-23T12:56:34","modified_gmt":"2025-12-23T11:56:34","slug":"el-capitan-calzoncillos-y-la-gran-batalla-contra-el-mocoso-chico-bionico-i","status":"publish","type":"product","link":"https:\/\/lij.ismeduca.com\/es\/producto\/el-capitan-calzoncillos-y-la-gran-batalla-contra-el-mocoso-chico-bionico-i\/","title":{"rendered":"El Capit\u00e1n Calzoncillos y la gran batalla contra el mocoso chico bi\u00f3nico (I)"},"content":{"rendered":"","protected":false},"excerpt":{"rendered":"<p>\u00a1Jorge y Berto han vuelto a hacer de las suyas! Esta vez, su&nbsp;broma hace que el cerebrito de clase, Gustavo Lumbreras,&nbsp;se ponga como una fiera sedienta de venganza. En un&nbsp;abrir y cerrar de ojos (y el estornudo de una nariz),&nbsp; Gustavo&nbsp;pasa de ser un mocoso presumido a ser el mocoso chico&nbsp;bi\u00f3nico. \u00a1Un l\u00edo de lo&nbsp;m\u00e1s pegajoso! \u00bfPodr\u00e1&nbsp;el Capit\u00e1n Calzoncillos&nbsp;limpiar este desastre?<\/p>\n<p>\u00a1Divi\u00e9rtete con las aventuras de estos originales superh\u00e9roes!<\/p>\n","protected":false},"featured_media":35727,"template":"","meta":{"_acf_changed":false,"inline_featured_image":false},"product_brand":[],"product_cat":[4683],"product_tag":[331,362,272,253,2058,383,913],"asignatura":[],"compania":[252],"curso":[],"idiomas":[1948],"genero":[],"linea":[250],"premio":[],"proyecto-editorial":[323],"tipo-de-libro":[249],"soporte":[2004],"zona-geografica":[],"autores":[4436,4283,2659,4435],"colecciones":[2374],"personajes":[2131],"class_list":{"0":"post-1048","1":"product","2":"type-product","3":"status-publish","4":"has-post-thumbnail","6":"product_cat-capitan-calzoncillos","7":"product_tag-comics","8":"product_tag-creatividad","9":"product_tag-imaginacion","10":"product_tag-literatura-de-humor","11":"product_tag-ntx","12":"product_tag-superheroes","13":"product_tag-travesuras","14":"pa_codigo-sap-ntx","15":"compania-f-sta-maria-ediciones-sm-es","16":"idiomas-espanol","17":"linea-narrativa","18":"proyecto-editorial-6-12","19":"tipo-de-libro-fisico","20":"soporte-libro","21":"autores-alejandra-gonzalez-fernandez","22":"autores-dan-santat","23":"autores-dav-pilkey","24":"autores-miguel-azaola","25":"colecciones-el-capitan-calzoncillos-a-todo-color","26":"personajes-capitan-calzoncillos","28":"first","29":"instock","30":"taxable","31":"shipping-taxable","32":"purchasable","33":"product-type-simple"},"acf":{"id_catalogo":"650","shortTitle":"CACC.6 EL CAP.CALZ.Y LA GRAN BATALLA I","descripcion":"<p>\u00a1Jorge y Berto han vuelto a hacer de las suyas! Esta vez, su&nbsp;broma hace que el cerebrito de clase, Gustavo Lumbreras,&nbsp;se ponga como una fiera sedienta de venganza. En un&nbsp;abrir y cerrar de ojos (y el estornudo de una nariz),&nbsp; Gustavo&nbsp;pasa de ser un mocoso presumido a ser el mocoso chico&nbsp;bi\u00f3nico. \u00a1Un l\u00edo de lo&nbsp;m\u00e1s pegajoso! \u00bfPodr\u00e1&nbsp;el Capit\u00e1n Calzoncillos&nbsp;limpiar este desastre?<\/p>\n<p>\u00a1Divi\u00e9rtete con las aventuras de estos originales superh\u00e9roes!<\/p>","adjuntos":null,"descriptivePhrases":[{"type":"General","text":"La sexta aventura del Capit\u00e1n Calzoncillos, \u00a1ahora a todo color!"}],"productSap":"NTX","isbn":"9788413922171","precio_colegios":12.02,"precio_librerias":12.02,"precio_librerias_sin_cobertura":12.02,"precio_distribuidores":12.02,"fecha_disponibilidad":null,"fecha_comercial":"20210916","organizacion_venta":"CS01","datos_para_buscador":"Miguel Azaola, Alejandra Gonz\u00e1lez Fern\u00e1ndez, Dan Santat, Capit\u00e1n Calzoncillos, Dav Pilkey, Capit\u00e1n Calzoncillos, El Capit\u00e1n Calzoncillos a todo color, "},"yoast_head":"<!-- This site is optimized with the Yoast SEO plugin v26.6 - https:\/\/yoast.com\/wordpress\/plugins\/seo\/ -->\n<title>El Capit\u00e1n Calzoncillos y la gran batalla contra el mocoso chico bi\u00f3nico (I) - Literatura SM Espa\u00f1a<\/title>\n<meta name=\"robots\" content=\"noindex, follow, max-snippet:-1, max-image-preview:large, max-video-preview:-1\" \/>\n<meta property=\"og:locale\" content=\"es_ES\" \/>\n<meta property=\"og:type\" content=\"article\" \/>\n<meta property=\"og:title\" content=\"El Capit\u00e1n Calzoncillos y la gran batalla contra el mocoso chico bi\u00f3nico (I) - Literatura SM Espa\u00f1a\" \/>\n<meta property=\"og:url\" content=\"https:\/\/lij.ismeduca.com\/es\/producto\/el-capitan-calzoncillos-y-la-gran-batalla-contra-el-mocoso-chico-bionico-i\/\" \/>\n<meta property=\"og:site_name\" content=\"Literatura SM Espa\u00f1a\" \/>\n<meta property=\"article:modified_time\" content=\"2025-12-23T11:56:34+00:00\" \/>\n<meta name=\"twitter:card\" content=\"summary_large_image\" \/>\n<script type=\"application\/ld+json\" class=\"yoast-schema-graph\">{\"@context\":\"https:\/\/schema.org\",\"@graph\":[{\"@type\":\"WebPage\",\"@id\":\"https:\/\/lij.ismeduca.com\/es\/producto\/el-capitan-calzoncillos-y-la-gran-batalla-contra-el-mocoso-chico-bionico-i\/\",\"url\":\"https:\/\/lij.ismeduca.com\/es\/producto\/el-capitan-calzoncillos-y-la-gran-batalla-contra-el-mocoso-chico-bionico-i\/\",\"name\":\"El Capit\u00e1n Calzoncillos y la gran batalla contra el mocoso chico bi\u00f3nico (I) - Literatura SM Espa\u00f1a\",\"isPartOf\":{\"@id\":\"https:\/\/lij.ismeduca.com\/es\/#website\"},\"primaryImageOfPage\":{\"@id\":\"https:\/\/lij.ismeduca.com\/es\/producto\/el-capitan-calzoncillos-y-la-gran-batalla-contra-el-mocoso-chico-bionico-i\/#primaryimage\"},\"image\":{\"@id\":\"https:\/\/lij.ismeduca.com\/es\/producto\/el-capitan-calzoncillos-y-la-gran-batalla-contra-el-mocoso-chico-bionico-i\/#primaryimage\"},\"thumbnailUrl\":\"https:\/\/lij.ismeduca.com\/es\/wp-content\/uploads\/sites\/10\/2025\/12\/1048.jpg\",\"datePublished\":\"2024-07-11T09:15:47+00:00\",\"dateModified\":\"2025-12-23T11:56:34+00:00\",\"breadcrumb\":{\"@id\":\"https:\/\/lij.ismeduca.com\/es\/producto\/el-capitan-calzoncillos-y-la-gran-batalla-contra-el-mocoso-chico-bionico-i\/#breadcrumb\"},\"inLanguage\":\"es\",\"potentialAction\":[{\"@type\":\"ReadAction\",\"target\":[\"https:\/\/lij.ismeduca.com\/es\/producto\/el-capitan-calzoncillos-y-la-gran-batalla-contra-el-mocoso-chico-bionico-i\/\"]}]},{\"@type\":\"ImageObject\",\"inLanguage\":\"es\",\"@id\":\"https:\/\/lij.ismeduca.com\/es\/producto\/el-capitan-calzoncillos-y-la-gran-batalla-contra-el-mocoso-chico-bionico-i\/#primaryimage\",\"url\":\"https:\/\/lij.ismeduca.com\/es\/wp-content\/uploads\/sites\/10\/2025\/12\/1048.jpg\",\"contentUrl\":\"https:\/\/lij.ismeduca.com\/es\/wp-content\/uploads\/sites\/10\/2025\/12\/1048.jpg\",\"width\":600,\"height\":936},{\"@type\":\"BreadcrumbList\",\"@id\":\"https:\/\/lij.ismeduca.com\/es\/producto\/el-capitan-calzoncillos-y-la-gran-batalla-contra-el-mocoso-chico-bionico-i\/#breadcrumb\",\"itemListElement\":[{\"@type\":\"ListItem\",\"position\":1,\"name\":\"Portada\",\"item\":\"https:\/\/lij.ismeduca.com\/es\/\"},{\"@type\":\"ListItem\",\"position\":2,\"name\":\"Tienda\",\"item\":\"https:\/\/lij.ismeduca.com\/es\/tienda\/\"},{\"@type\":\"ListItem\",\"position\":3,\"name\":\"El Capit\u00e1n Calzoncillos y la gran batalla contra el mocoso chico bi\u00f3nico (I)\"}]},{\"@type\":\"WebSite\",\"@id\":\"https:\/\/lij.ismeduca.com\/es\/#website\",\"url\":\"https:\/\/lij.ismeduca.com\/es\/\",\"name\":\"Literatura SM Espa\u00f1a\",\"description\":\"\",\"publisher\":{\"@id\":\"https:\/\/lij.ismeduca.com\/es\/#organization\"},\"potentialAction\":[{\"@type\":\"SearchAction\",\"target\":{\"@type\":\"EntryPoint\",\"urlTemplate\":\"https:\/\/lij.ismeduca.com\/es\/?s={search_term_string}\"},\"query-input\":{\"@type\":\"PropertyValueSpecification\",\"valueRequired\":true,\"valueName\":\"search_term_string\"}}],\"inLanguage\":\"es\"},{\"@type\":\"Organization\",\"@id\":\"https:\/\/lij.ismeduca.com\/es\/#organization\",\"name\":\"Literatura SM Espa\u00f1a\",\"url\":\"https:\/\/lij.ismeduca.com\/es\/\",\"logo\":{\"@type\":\"ImageObject\",\"inLanguage\":\"es\",\"@id\":\"https:\/\/lij.ismeduca.com\/es\/#\/schema\/logo\/image\/\",\"url\":\"https:\/\/lij.ismeduca.com\/es\/wp-content\/uploads\/sites\/10\/2024\/07\/logo-cabecera.png\",\"contentUrl\":\"https:\/\/lij.ismeduca.com\/es\/wp-content\/uploads\/sites\/10\/2024\/07\/logo-cabecera.png\",\"width\":396,\"height\":64,\"caption\":\"Literatura SM Espa\u00f1a\"},\"image\":{\"@id\":\"https:\/\/lij.ismeduca.com\/es\/#\/schema\/logo\/image\/\"}}]}<\/script>\n<!-- \/ Yoast SEO plugin. -->","yoast_head_json":{"title":"El Capit\u00e1n Calzoncillos y la gran batalla contra el mocoso chico bi\u00f3nico (I) - Literatura SM Espa\u00f1a","robots":{"index":"noindex","follow":"follow","max-snippet":"max-snippet:-1","max-image-preview":"max-image-preview:large","max-video-preview":"max-video-preview:-1"},"og_locale":"es_ES","og_type":"article","og_title":"El Capit\u00e1n Calzoncillos y la gran batalla contra el mocoso chico bi\u00f3nico (I) - Literatura SM Espa\u00f1a","og_url":"https:\/\/lij.ismeduca.com\/es\/producto\/el-capitan-calzoncillos-y-la-gran-batalla-contra-el-mocoso-chico-bionico-i\/","og_site_name":"Literatura SM Espa\u00f1a","article_modified_time":"2025-12-23T11:56:34+00:00","twitter_card":"summary_large_image","schema":{"@context":"https:\/\/schema.org","@graph":[{"@type":"WebPage","@id":"https:\/\/lij.ismeduca.com\/es\/producto\/el-capitan-calzoncillos-y-la-gran-batalla-contra-el-mocoso-chico-bionico-i\/","url":"https:\/\/lij.ismeduca.com\/es\/producto\/el-capitan-calzoncillos-y-la-gran-batalla-contra-el-mocoso-chico-bionico-i\/","name":"El Capit\u00e1n Calzoncillos y la gran batalla contra el mocoso chico bi\u00f3nico (I) - Literatura SM Espa\u00f1a","isPartOf":{"@id":"https:\/\/lij.ismeduca.com\/es\/#website"},"primaryImageOfPage":{"@id":"https:\/\/lij.ismeduca.com\/es\/producto\/el-capitan-calzoncillos-y-la-gran-batalla-contra-el-mocoso-chico-bionico-i\/#primaryimage"},"image":{"@id":"https:\/\/lij.ismeduca.com\/es\/producto\/el-capitan-calzoncillos-y-la-gran-batalla-contra-el-mocoso-chico-bionico-i\/#primaryimage"},"thumbnailUrl":"https:\/\/lij.ismeduca.com\/es\/wp-content\/uploads\/sites\/10\/2025\/12\/1048.jpg","datePublished":"2024-07-11T09:15:47+00:00","dateModified":"2025-12-23T11:56:34+00:00","breadcrumb":{"@id":"https:\/\/lij.ismeduca.com\/es\/producto\/el-capitan-calzoncillos-y-la-gran-batalla-contra-el-mocoso-chico-bionico-i\/#breadcrumb"},"inLanguage":"es","potentialAction":[{"@type":"ReadAction","target":["https:\/\/lij.ismeduca.com\/es\/producto\/el-capitan-calzoncillos-y-la-gran-batalla-contra-el-mocoso-chico-bionico-i\/"]}]},{"@type":"ImageObject","inLanguage":"es","@id":"https:\/\/lij.ismeduca.com\/es\/producto\/el-capitan-calzoncillos-y-la-gran-batalla-contra-el-mocoso-chico-bionico-i\/#primaryimage","url":"https:\/\/lij.ismeduca.com\/es\/wp-content\/uploads\/sites\/10\/2025\/12\/1048.jpg","contentUrl":"https:\/\/lij.ismeduca.com\/es\/wp-content\/uploads\/sites\/10\/2025\/12\/1048.jpg","width":600,"height":936},{"@type":"BreadcrumbList","@id":"https:\/\/lij.ismeduca.com\/es\/producto\/el-capitan-calzoncillos-y-la-gran-batalla-contra-el-mocoso-chico-bionico-i\/#breadcrumb","itemListElement":[{"@type":"ListItem","position":1,"name":"Portada","item":"https:\/\/lij.ismeduca.com\/es\/"},{"@type":"ListItem","position":2,"name":"Tienda","item":"https:\/\/lij.ismeduca.com\/es\/tienda\/"},{"@type":"ListItem","position":3,"name":"El Capit\u00e1n Calzoncillos y la gran batalla contra el mocoso chico bi\u00f3nico (I)"}]},{"@type":"WebSite","@id":"https:\/\/lij.ismeduca.com\/es\/#website","url":"https:\/\/lij.ismeduca.com\/es\/","name":"Literatura SM Espa\u00f1a","description":"","publisher":{"@id":"https:\/\/lij.ismeduca.com\/es\/#organization"},"potentialAction":[{"@type":"SearchAction","target":{"@type":"EntryPoint","urlTemplate":"https:\/\/lij.ismeduca.com\/es\/?s={search_term_string}"},"query-input":{"@type":"PropertyValueSpecification","valueRequired":true,"valueName":"search_term_string"}}],"inLanguage":"es"},{"@type":"Organization","@id":"https:\/\/lij.ismeduca.com\/es\/#organization","name":"Literatura SM Espa\u00f1a","url":"https:\/\/lij.ismeduca.com\/es\/","logo":{"@type":"ImageObject","inLanguage":"es","@id":"https:\/\/lij.ismeduca.com\/es\/#\/schema\/logo\/image\/","url":"https:\/\/lij.ismeduca.com\/es\/wp-content\/uploads\/sites\/10\/2024\/07\/logo-cabecera.png","contentUrl":"https:\/\/lij.ismeduca.com\/es\/wp-content\/uploads\/sites\/10\/2024\/07\/logo-cabecera.png","width":396,"height":64,"caption":"Literatura SM Espa\u00f1a"},"image":{"@id":"https:\/\/lij.ismeduca.com\/es\/#\/schema\/logo\/image\/"}}]}},"_links":{"self":[{"href":"https:\/\/lij.ismeduca.com\/es\/wp-json\/wp\/v2\/product\/1048","targetHints":{"allow":["GET"]}}],"collection":[{"href":"https:\/\/lij.ismeduca.com\/es\/wp-json\/wp\/v2\/product"}],"about":[{"href":"https:\/\/lij.ismeduca.com\/es\/wp-json\/wp\/v2\/types\/product"}],"version-history":[{"count":1,"href":"https:\/\/lij.ismeduca.com\/es\/wp-json\/wp\/v2\/product\/1048\/revisions"}],"predecessor-version":[{"id":32350,"href":"https:\/\/lij.ismeduca.com\/es\/wp-json\/wp\/v2\/product\/1048\/revisions\/32350"}],"wp:featuredmedia":[{"embeddable":true,"href":"https:\/\/lij.ismeduca.com\/es\/wp-json\/wp\/v2\/media\/35727"}],"wp:attachment":[{"href":"https:\/\/lij.ismeduca.com\/es\/wp-json\/wp\/v2\/media?parent=1048"}],"wp:term":[{"taxonomy":"product_brand","embeddable":true,"href":"https:\/\/lij.ismeduca.com\/es\/wp-json\/wp\/v2\/product_brand?post=1048"},{"taxonomy":"product_cat","embeddable":true,"href":"https:\/\/lij.ismeduca.com\/es\/wp-json\/wp\/v2\/product_cat?post=1048"},{"taxonomy":"product_tag","embeddable":true,"href":"https:\/\/lij.ismeduca.com\/es\/wp-json\/wp\/v2\/product_tag?post=1048"},{"taxonomy":"asignatura","embeddable":true,"href":"https:\/\/lij.ismeduca.com\/es\/wp-json\/wp\/v2\/asignatura?post=1048"},{"taxonomy":"compania","embeddable":true,"href":"https:\/\/lij.ismeduca.com\/es\/wp-json\/wp\/v2\/compania?post=1048"},{"taxonomy":"curso","embeddable":true,"href":"https:\/\/lij.ismeduca.com\/es\/wp-json\/wp\/v2\/curso?post=1048"},{"taxonomy":"idiomas","embeddable":true,"href":"https:\/\/lij.ismeduca.com\/es\/wp-json\/wp\/v2\/idiomas?post=1048"},{"taxonomy":"genero","embeddable":true,"href":"https:\/\/lij.ismeduca.com\/es\/wp-json\/wp\/v2\/genero?post=1048"},{"taxonomy":"linea","embeddable":true,"href":"https:\/\/lij.ismeduca.com\/es\/wp-json\/wp\/v2\/linea?post=1048"},{"taxonomy":"premio","embeddable":true,"href":"https:\/\/lij.ismeduca.com\/es\/wp-json\/wp\/v2\/premio?post=1048"},{"taxonomy":"proyecto-editorial","embeddable":true,"href":"https:\/\/lij.ismeduca.com\/es\/wp-json\/wp\/v2\/proyecto-editorial?post=1048"},{"taxonomy":"tipo-de-libro","embeddable":true,"href":"https:\/\/lij.ismeduca.com\/es\/wp-json\/wp\/v2\/tipo-de-libro?post=1048"},{"taxonomy":"soporte","embeddable":true,"href":"https:\/\/lij.ismeduca.com\/es\/wp-json\/wp\/v2\/soporte?post=1048"},{"taxonomy":"zona-geografica","embeddable":true,"href":"https:\/\/lij.ismeduca.com\/es\/wp-json\/wp\/v2\/zona-geografica?post=1048"},{"taxonomy":"autores","embeddable":true,"href":"https:\/\/lij.ismeduca.com\/es\/wp-json\/wp\/v2\/autores?post=1048"},{"taxonomy":"colecciones","embeddable":true,"href":"https:\/\/lij.ismeduca.com\/es\/wp-json\/wp\/v2\/colecciones?post=1048"},{"taxonomy":"personajes","embeddable":true,"href":"https:\/\/lij.ismeduca.com\/es\/wp-json\/wp\/v2\/personajes?post=1048"}],"curies":[{"name":"wp","href":"https:\/\/api.w.org\/{rel}","templated":true}]}}