{"id":1139,"date":"2018-10-09T00:00:00","date_gmt":"2024-07-11T09:17:51","guid":{"rendered":"https:\/\/lij.ismeduca.com\/tienda\/?post_type=product&#038;p=1139"},"modified":"2025-12-23T12:47:07","modified_gmt":"2025-12-23T11:47:07","slug":"la-segona-vida-del-marc","status":"publish","type":"product","link":"https:\/\/lij.ismeduca.com\/es\/producto\/la-segona-vida-del-marc\/","title":{"rendered":"La segona vida del Marc"},"content":{"rendered":"","protected":false},"excerpt":{"rendered":"<p>L&#8217;Abel &#233;s un jove que fa de cangur del Marc. Al principi tot va b&#233; i els dos connecten de seguida. Per&#242; al cap de poc temps, el nen comen&#231;a a parlar d&#8217;una suposada vida anterior i de la seva fam&#237;lia &#171;d&#8217;abans&#187;, quan vivia en un poble de la costa. L&#8217;Abel, estranyat, ho explica a l&#8217;Aurora, la mare del Marc, per&#242; ella no hi dona import&#224;ncia i ho atribueix al fet que el seu fill t&#233; molta imaginaci&#243;. L&#8217;Abel no queda tranquil, perqu&#232; el Marc li descriu detalladament la casa i el poble on vivia, els seus altres pares i avis, en diu els noms i assegura que ell es deia d&#8217;una altra manera&#8230; Per&#242; quan li parla d&#8217;uns fets tr&#224;gics que assegura que va viure, l&#8217;Abel s&#8217;obsessiona amb la hist&#242;ria. El que no s&#8217;imagina &#233;s que aquella criatura a qui en principi havia de cuidar per guanyar una mica de diners el deixar&#224; trasbalsat per sempre m&#233;s.<\/p>\n","protected":false},"featured_media":37706,"template":"","meta":{"_acf_changed":false,"inline_featured_image":false},"product_brand":[],"product_cat":[4738],"product_tag":[268,940,699,924,2058,910,293],"asignatura":[],"compania":[258],"curso":[],"idiomas":[1951],"genero":[],"linea":[250],"premio":[],"proyecto-editorial":[920],"tipo-de-libro":[249],"soporte":[2004],"zona-geografica":[],"autores":[4255],"colecciones":[2372],"personajes":[],"class_list":{"0":"post-1139","1":"product","2":"type-product","3":"status-publish","4":"has-post-thumbnail","6":"product_cat-gran-angular","7":"product_tag-amistad","8":"product_tag-duelo","9":"product_tag-misterios","10":"product_tag-muerte","11":"product_tag-ntx","12":"product_tag-relaciones-en-la-escuela","13":"product_tag-relaciones-familiares","14":"pa_codigo-sap-ntx","15":"compania-editorial-cruilla-s-a-es","16":"idiomas-catalan","17":"linea-narrativa","18":"proyecto-editorial-gran-angular","19":"tipo-de-libro-fisico","20":"soporte-libro","21":"autores-david-nello-colom","22":"colecciones-gran-angular","24":"first","25":"instock","26":"taxable","27":"shipping-taxable","28":"purchasable","29":"product-type-simple"},"acf":{"id_catalogo":"650","shortTitle":"C-GA.191 LA SEGONA VIDA DEL MARC","descripcion":"L&#8217;Abel &#233;s un jove que fa de cangur del Marc. Al principi tot va b&#233; i els dos connecten de seguida. Per&#242; al cap de poc temps, el nen comen&#231;a a parlar d&#8217;una suposada vida anterior i de la seva fam&#237;lia &#171;d&#8217;abans&#187;, quan vivia en un poble de la costa. L&#8217;Abel, estranyat, ho explica a l&#8217;Aurora, la mare del Marc, per&#242; ella no hi dona import&#224;ncia i ho atribueix al fet que el seu fill t&#233; molta imaginaci&#243;. L&#8217;Abel no queda tranquil, perqu&#232; el Marc li descriu detalladament la casa i el poble on vivia, els seus altres pares i avis, en diu els noms i assegura que ell es deia d&#8217;una altra manera... Per&#242; quan li parla d&#8217;uns fets tr&#224;gics que assegura que va viure, l&#8217;Abel s&#8217;obsessiona amb la hist&#242;ria. El que no s&#8217;imagina &#233;s que aquella criatura a qui en principi havia de cuidar per guanyar una mica de diners el deixar&#224; trasbalsat per sempre m&#233;s.","adjuntos":[{"id":"11","titulo":"Quaderno de lectura","url":"https:\/\/catalogo.noe-sm.com\/medias\/ES189711-011911.pdf?context=bWFzdGVyfG1pZ3JhdGlvbnwxNTY3OTE1fGFwcGxpY2F0aW9uL3BkZnxtaWdyYXRpb24vaGU1L2g1Zi84ODE5NDIxNzA4MzE4LnBkZnw0ODFiZTI2ODQ3YWNjNWYxM2Y0MjBkY2Q3NmVlYTU2OTRmN2MxNmNjYTBhM2IyNDBhNTZjNGQ2ZTM2NThiYjkz"},{"id":"4","titulo":"Primer cap\u00edtulo \/ Unidad Modelo","url":"https:\/\/catalogo.noe-sm.com\/medias\/ES189711-011973.pdf?context=bWFzdGVyfG1pZ3JhdGlvbnw3MDc2MDB8YXBwbGljYXRpb24vcGRmfG1pZ3JhdGlvbi9oZjMvaDVkLzg4MTk0NjYzNzExMDIucGRmfDVhNGViY2I5OGM3N2ZhYTQ2ZTE0NDRmNjRkMWQ1ZjI3YTY4MjVkNWVlY2ViMmNlOGVjNjBlYmI1NzEzY2IzNmM"},{"id":"12","titulo":"Web","url":"https:\/\/www.ivoox.com\/cafe-literari-pgm-87-14-03-2019-audios-mp3_rf_33364843_1.html"},{"id":"12","titulo":"Web","url":"https:\/\/www.clijcat.cat\/faristol\/llibre-cercat\/La-segona-vida-del-Marc&amp;amp;llibre=3428"},{"id":"22","titulo":"Otros recursos did\u00e1cticos","url":"https:\/\/catalogo.noe-sm.com\/medias\/189711-RRDD-LA-SEGONA-VIDA-DEL-MARC-compressed.pdf?context=bWFzdGVyfHJvb3R8NDY4MjM4fGFwcGxpY2F0aW9uL3BkZnxoMmQvaGM5Lzg5MzAzMzAxMTYxMjYucGRmfGNjZWM1N2U0MTlmMWVjZjBiY2MwNWNiY2YzODI4NjBjYTA1MDVmMTQyZjM1YWQwNGQ3YWI2NjhkYTkzYTIwOTE"},{"id":"20","titulo":"Ficha del alumno","url":"https:\/\/catalogo.noe-sm.com\/medias\/189711-la-segona-vida-del-marc-alumne.pdf?context=bWFzdGVyfHJvb3R8MTAyNDI5NXxhcHBsaWNhdGlvbi9wZGZ8aDQ0L2g1Zi84OTM0NzQ2OTQ3NjE0LnBkZnw1NDE2OGMzMWQyOTM2ZjViZjc3MWI1ZjBiOThmYTRhZGFmZmYxY2E0MzNhNDFiMWQwZTRhZTU3YmFjMzZiMjIx"},{"id":"21","titulo":"Ficha del profesor","url":"https:\/\/catalogo.noe-sm.com\/medias\/189711-la-segona-vida-del-marc-profe.pdf?context=bWFzdGVyfHJvb3R8NTc4OTAzfGFwcGxpY2F0aW9uL3BkZnxoODcvaDYwLzg5MzQ3NDcwMTMxNTAucGRmfDAxNWIxZmM1MzI3MTYxOGYzYWQ1YjAzZGM2ODRmYWEwN2UyNGJkOTQ3M2MzZDNjYzBlZmFjNGU1NjY3NDkzNjA"}],"descriptivePhrases":[{"type":"General","text":"Quan l'Abel comen\u00e7a a fer de cangur del Marc no s'imagina que el que havia de ser una feineta per guanyar una mica de diners es convertir\u00e0 en una hist\u00f2ria que no podr\u00e0 oblidar mai de la vida. Qui \u00e9s el Marc, en realitat?"}],"productSap":"NTX","isbn":"9788466145473","precio_colegios":12.02,"precio_librerias":12.02,"precio_librerias_sin_cobertura":12.02,"precio_distribuidores":12.02,"fecha_disponibilidad":null,"fecha_comercial":"20181009","organizacion_venta":"CS01","datos_para_buscador":"David Nel\u00b7lo Colom, Gran Angular, "},"yoast_head":"<!-- This site is optimized with the Yoast SEO plugin v26.6 - https:\/\/yoast.com\/wordpress\/plugins\/seo\/ -->\n<title>La segona vida del Marc - Literatura SM Espa\u00f1a<\/title>\n<meta name=\"robots\" content=\"noindex, follow, max-snippet:-1, max-image-preview:large, max-video-preview:-1\" \/>\n<meta property=\"og:locale\" content=\"es_ES\" \/>\n<meta property=\"og:type\" content=\"article\" \/>\n<meta property=\"og:title\" content=\"La segona vida del Marc - Literatura SM Espa\u00f1a\" \/>\n<meta property=\"og:url\" content=\"https:\/\/lij.ismeduca.com\/es\/producto\/la-segona-vida-del-marc\/\" \/>\n<meta property=\"og:site_name\" content=\"Literatura SM Espa\u00f1a\" \/>\n<meta property=\"article:modified_time\" content=\"2025-12-23T11:47:07+00:00\" \/>\n<meta name=\"twitter:card\" content=\"summary_large_image\" \/>\n<script type=\"application\/ld+json\" class=\"yoast-schema-graph\">{\"@context\":\"https:\/\/schema.org\",\"@graph\":[{\"@type\":\"WebPage\",\"@id\":\"https:\/\/lij.ismeduca.com\/es\/producto\/la-segona-vida-del-marc\/\",\"url\":\"https:\/\/lij.ismeduca.com\/es\/producto\/la-segona-vida-del-marc\/\",\"name\":\"La segona vida del Marc - Literatura SM Espa\u00f1a\",\"isPartOf\":{\"@id\":\"https:\/\/lij.ismeduca.com\/es\/#website\"},\"primaryImageOfPage\":{\"@id\":\"https:\/\/lij.ismeduca.com\/es\/producto\/la-segona-vida-del-marc\/#primaryimage\"},\"image\":{\"@id\":\"https:\/\/lij.ismeduca.com\/es\/producto\/la-segona-vida-del-marc\/#primaryimage\"},\"thumbnailUrl\":\"https:\/\/lij.ismeduca.com\/es\/wp-content\/uploads\/sites\/10\/2025\/12\/1139.jpg\",\"datePublished\":\"2024-07-11T09:17:51+00:00\",\"dateModified\":\"2025-12-23T11:47:07+00:00\",\"breadcrumb\":{\"@id\":\"https:\/\/lij.ismeduca.com\/es\/producto\/la-segona-vida-del-marc\/#breadcrumb\"},\"inLanguage\":\"es\",\"potentialAction\":[{\"@type\":\"ReadAction\",\"target\":[\"https:\/\/lij.ismeduca.com\/es\/producto\/la-segona-vida-del-marc\/\"]}]},{\"@type\":\"ImageObject\",\"inLanguage\":\"es\",\"@id\":\"https:\/\/lij.ismeduca.com\/es\/producto\/la-segona-vida-del-marc\/#primaryimage\",\"url\":\"https:\/\/lij.ismeduca.com\/es\/wp-content\/uploads\/sites\/10\/2025\/12\/1139.jpg\",\"contentUrl\":\"https:\/\/lij.ismeduca.com\/es\/wp-content\/uploads\/sites\/10\/2025\/12\/1139.jpg\",\"width\":600,\"height\":490},{\"@type\":\"BreadcrumbList\",\"@id\":\"https:\/\/lij.ismeduca.com\/es\/producto\/la-segona-vida-del-marc\/#breadcrumb\",\"itemListElement\":[{\"@type\":\"ListItem\",\"position\":1,\"name\":\"Portada\",\"item\":\"https:\/\/lij.ismeduca.com\/es\/\"},{\"@type\":\"ListItem\",\"position\":2,\"name\":\"Tienda\",\"item\":\"https:\/\/lij.ismeduca.com\/es\/tienda\/\"},{\"@type\":\"ListItem\",\"position\":3,\"name\":\"La segona vida del Marc\"}]},{\"@type\":\"WebSite\",\"@id\":\"https:\/\/lij.ismeduca.com\/es\/#website\",\"url\":\"https:\/\/lij.ismeduca.com\/es\/\",\"name\":\"Literatura SM Espa\u00f1a\",\"description\":\"\",\"publisher\":{\"@id\":\"https:\/\/lij.ismeduca.com\/es\/#organization\"},\"potentialAction\":[{\"@type\":\"SearchAction\",\"target\":{\"@type\":\"EntryPoint\",\"urlTemplate\":\"https:\/\/lij.ismeduca.com\/es\/?s={search_term_string}\"},\"query-input\":{\"@type\":\"PropertyValueSpecification\",\"valueRequired\":true,\"valueName\":\"search_term_string\"}}],\"inLanguage\":\"es\"},{\"@type\":\"Organization\",\"@id\":\"https:\/\/lij.ismeduca.com\/es\/#organization\",\"name\":\"Literatura SM Espa\u00f1a\",\"url\":\"https:\/\/lij.ismeduca.com\/es\/\",\"logo\":{\"@type\":\"ImageObject\",\"inLanguage\":\"es\",\"@id\":\"https:\/\/lij.ismeduca.com\/es\/#\/schema\/logo\/image\/\",\"url\":\"https:\/\/lij.ismeduca.com\/es\/wp-content\/uploads\/sites\/10\/2024\/07\/logo-cabecera.png\",\"contentUrl\":\"https:\/\/lij.ismeduca.com\/es\/wp-content\/uploads\/sites\/10\/2024\/07\/logo-cabecera.png\",\"width\":396,\"height\":64,\"caption\":\"Literatura SM Espa\u00f1a\"},\"image\":{\"@id\":\"https:\/\/lij.ismeduca.com\/es\/#\/schema\/logo\/image\/\"}}]}<\/script>\n<!-- \/ Yoast SEO plugin. -->","yoast_head_json":{"title":"La segona vida del Marc - Literatura SM Espa\u00f1a","robots":{"index":"noindex","follow":"follow","max-snippet":"max-snippet:-1","max-image-preview":"max-image-preview:large","max-video-preview":"max-video-preview:-1"},"og_locale":"es_ES","og_type":"article","og_title":"La segona vida del Marc - Literatura SM Espa\u00f1a","og_url":"https:\/\/lij.ismeduca.com\/es\/producto\/la-segona-vida-del-marc\/","og_site_name":"Literatura SM Espa\u00f1a","article_modified_time":"2025-12-23T11:47:07+00:00","twitter_card":"summary_large_image","schema":{"@context":"https:\/\/schema.org","@graph":[{"@type":"WebPage","@id":"https:\/\/lij.ismeduca.com\/es\/producto\/la-segona-vida-del-marc\/","url":"https:\/\/lij.ismeduca.com\/es\/producto\/la-segona-vida-del-marc\/","name":"La segona vida del Marc - Literatura SM Espa\u00f1a","isPartOf":{"@id":"https:\/\/lij.ismeduca.com\/es\/#website"},"primaryImageOfPage":{"@id":"https:\/\/lij.ismeduca.com\/es\/producto\/la-segona-vida-del-marc\/#primaryimage"},"image":{"@id":"https:\/\/lij.ismeduca.com\/es\/producto\/la-segona-vida-del-marc\/#primaryimage"},"thumbnailUrl":"https:\/\/lij.ismeduca.com\/es\/wp-content\/uploads\/sites\/10\/2025\/12\/1139.jpg","datePublished":"2024-07-11T09:17:51+00:00","dateModified":"2025-12-23T11:47:07+00:00","breadcrumb":{"@id":"https:\/\/lij.ismeduca.com\/es\/producto\/la-segona-vida-del-marc\/#breadcrumb"},"inLanguage":"es","potentialAction":[{"@type":"ReadAction","target":["https:\/\/lij.ismeduca.com\/es\/producto\/la-segona-vida-del-marc\/"]}]},{"@type":"ImageObject","inLanguage":"es","@id":"https:\/\/lij.ismeduca.com\/es\/producto\/la-segona-vida-del-marc\/#primaryimage","url":"https:\/\/lij.ismeduca.com\/es\/wp-content\/uploads\/sites\/10\/2025\/12\/1139.jpg","contentUrl":"https:\/\/lij.ismeduca.com\/es\/wp-content\/uploads\/sites\/10\/2025\/12\/1139.jpg","width":600,"height":490},{"@type":"BreadcrumbList","@id":"https:\/\/lij.ismeduca.com\/es\/producto\/la-segona-vida-del-marc\/#breadcrumb","itemListElement":[{"@type":"ListItem","position":1,"name":"Portada","item":"https:\/\/lij.ismeduca.com\/es\/"},{"@type":"ListItem","position":2,"name":"Tienda","item":"https:\/\/lij.ismeduca.com\/es\/tienda\/"},{"@type":"ListItem","position":3,"name":"La segona vida del Marc"}]},{"@type":"WebSite","@id":"https:\/\/lij.ismeduca.com\/es\/#website","url":"https:\/\/lij.ismeduca.com\/es\/","name":"Literatura SM Espa\u00f1a","description":"","publisher":{"@id":"https:\/\/lij.ismeduca.com\/es\/#organization"},"potentialAction":[{"@type":"SearchAction","target":{"@type":"EntryPoint","urlTemplate":"https:\/\/lij.ismeduca.com\/es\/?s={search_term_string}"},"query-input":{"@type":"PropertyValueSpecification","valueRequired":true,"valueName":"search_term_string"}}],"inLanguage":"es"},{"@type":"Organization","@id":"https:\/\/lij.ismeduca.com\/es\/#organization","name":"Literatura SM Espa\u00f1a","url":"https:\/\/lij.ismeduca.com\/es\/","logo":{"@type":"ImageObject","inLanguage":"es","@id":"https:\/\/lij.ismeduca.com\/es\/#\/schema\/logo\/image\/","url":"https:\/\/lij.ismeduca.com\/es\/wp-content\/uploads\/sites\/10\/2024\/07\/logo-cabecera.png","contentUrl":"https:\/\/lij.ismeduca.com\/es\/wp-content\/uploads\/sites\/10\/2024\/07\/logo-cabecera.png","width":396,"height":64,"caption":"Literatura SM Espa\u00f1a"},"image":{"@id":"https:\/\/lij.ismeduca.com\/es\/#\/schema\/logo\/image\/"}}]}},"_links":{"self":[{"href":"https:\/\/lij.ismeduca.com\/es\/wp-json\/wp\/v2\/product\/1139","targetHints":{"allow":["GET"]}}],"collection":[{"href":"https:\/\/lij.ismeduca.com\/es\/wp-json\/wp\/v2\/product"}],"about":[{"href":"https:\/\/lij.ismeduca.com\/es\/wp-json\/wp\/v2\/types\/product"}],"version-history":[{"count":1,"href":"https:\/\/lij.ismeduca.com\/es\/wp-json\/wp\/v2\/product\/1139\/revisions"}],"predecessor-version":[{"id":30303,"href":"https:\/\/lij.ismeduca.com\/es\/wp-json\/wp\/v2\/product\/1139\/revisions\/30303"}],"wp:featuredmedia":[{"embeddable":true,"href":"https:\/\/lij.ismeduca.com\/es\/wp-json\/wp\/v2\/media\/37706"}],"wp:attachment":[{"href":"https:\/\/lij.ismeduca.com\/es\/wp-json\/wp\/v2\/media?parent=1139"}],"wp:term":[{"taxonomy":"product_brand","embeddable":true,"href":"https:\/\/lij.ismeduca.com\/es\/wp-json\/wp\/v2\/product_brand?post=1139"},{"taxonomy":"product_cat","embeddable":true,"href":"https:\/\/lij.ismeduca.com\/es\/wp-json\/wp\/v2\/product_cat?post=1139"},{"taxonomy":"product_tag","embeddable":true,"href":"https:\/\/lij.ismeduca.com\/es\/wp-json\/wp\/v2\/product_tag?post=1139"},{"taxonomy":"asignatura","embeddable":true,"href":"https:\/\/lij.ismeduca.com\/es\/wp-json\/wp\/v2\/asignatura?post=1139"},{"taxonomy":"compania","embeddable":true,"href":"https:\/\/lij.ismeduca.com\/es\/wp-json\/wp\/v2\/compania?post=1139"},{"taxonomy":"curso","embeddable":true,"href":"https:\/\/lij.ismeduca.com\/es\/wp-json\/wp\/v2\/curso?post=1139"},{"taxonomy":"idiomas","embeddable":true,"href":"https:\/\/lij.ismeduca.com\/es\/wp-json\/wp\/v2\/idiomas?post=1139"},{"taxonomy":"genero","embeddable":true,"href":"https:\/\/lij.ismeduca.com\/es\/wp-json\/wp\/v2\/genero?post=1139"},{"taxonomy":"linea","embeddable":true,"href":"https:\/\/lij.ismeduca.com\/es\/wp-json\/wp\/v2\/linea?post=1139"},{"taxonomy":"premio","embeddable":true,"href":"https:\/\/lij.ismeduca.com\/es\/wp-json\/wp\/v2\/premio?post=1139"},{"taxonomy":"proyecto-editorial","embeddable":true,"href":"https:\/\/lij.ismeduca.com\/es\/wp-json\/wp\/v2\/proyecto-editorial?post=1139"},{"taxonomy":"tipo-de-libro","embeddable":true,"href":"https:\/\/lij.ismeduca.com\/es\/wp-json\/wp\/v2\/tipo-de-libro?post=1139"},{"taxonomy":"soporte","embeddable":true,"href":"https:\/\/lij.ismeduca.com\/es\/wp-json\/wp\/v2\/soporte?post=1139"},{"taxonomy":"zona-geografica","embeddable":true,"href":"https:\/\/lij.ismeduca.com\/es\/wp-json\/wp\/v2\/zona-geografica?post=1139"},{"taxonomy":"autores","embeddable":true,"href":"https:\/\/lij.ismeduca.com\/es\/wp-json\/wp\/v2\/autores?post=1139"},{"taxonomy":"colecciones","embeddable":true,"href":"https:\/\/lij.ismeduca.com\/es\/wp-json\/wp\/v2\/colecciones?post=1139"},{"taxonomy":"personajes","embeddable":true,"href":"https:\/\/lij.ismeduca.com\/es\/wp-json\/wp\/v2\/personajes?post=1139"}],"curies":[{"name":"wp","href":"https:\/\/api.w.org\/{rel}","templated":true}]}}