{"id":1149,"date":"2023-04-25T00:00:00","date_gmt":"2024-07-11T09:17:56","guid":{"rendered":"https:\/\/lij.ismeduca.com\/tienda\/?post_type=product&#038;p=1149"},"modified":"2025-12-23T13:04:18","modified_gmt":"2025-12-23T12:04:18","slug":"el-verano-en-que-llegaron-los-lobos","status":"publish","type":"product","link":"https:\/\/lij.ismeduca.com\/es\/producto\/el-verano-en-que-llegaron-los-lobos\/","title":{"rendered":"El verano en que llegaron los lobos"},"content":{"rendered":"","protected":false},"excerpt":{"rendered":"<p><strong>Es dif\u00edcil encajar en un pueblo de p\u00e1jaros&nbsp;cuando eres un ciervo.<\/strong><\/p>\n<p>El verano que vi luces en la isla, yo esperaba muchas&nbsp;cosas. Algunas grandes y otras peque\u00f1as. Esperaba&nbsp;que mi padre aceptase que quer\u00eda irme del pueblo;&nbsp;esperaba que Samuel bajase a la playa; esperaba que&nbsp;Alicia y Clara me viesen tal y como era, y no como&nbsp;quer\u00edan que fuera; esperaba encajar de alguna&nbsp; manera,&nbsp;aunque fuese para despedirme&#8230;<\/p>\n<p><strong>Premio Gran Angular&nbsp;2023<\/strong><\/p>\n","protected":false},"featured_media":37516,"template":"","meta":{"_acf_changed":false,"inline_featured_image":false},"product_brand":[],"product_cat":[4738],"product_tag":[270,974,963,938,530,972,698,2058,973,536],"asignatura":[],"compania":[252],"curso":[],"idiomas":[1948],"genero":[957],"linea":[250],"premio":[],"proyecto-editorial":[251],"tipo-de-libro":[249],"soporte":[2004],"zona-geografica":[],"autores":[4234,4233,4475],"colecciones":[2372],"personajes":[],"class_list":{"0":"post-1149","1":"product","2":"type-product","3":"status-publish","4":"has-post-thumbnail","6":"product_cat-gran-angular","7":"product_tag-animales","8":"product_tag-historias-de-amor","9":"product_tag-identidad-sexual","10":"product_tag-interculturalidad","11":"product_tag-justicia","12":"product_tag-libros-misterio-adolescentes","13":"product_tag-literatura-juvenil","14":"product_tag-ntx","15":"product_tag-prejuicios","16":"product_tag-solidaridad","17":"pa_codigo-sap-ntx","18":"compania-f-sta-maria-ediciones-sm-es","19":"idiomas-espanol","20":"genero-misterio","21":"linea-narrativa","22":"proyecto-editorial-fondo-general","23":"tipo-de-libro-fisico","24":"soporte-libro","25":"autores-cinthya-alvarez-garcia","26":"autores-patricia-garcia-rojo-canton","27":"autores-patrycja-katarzyna-jurkowska","28":"colecciones-gran-angular","30":"first","31":"instock","32":"taxable","33":"shipping-taxable","34":"purchasable","35":"product-type-simple"},"acf":{"id_catalogo":"650","shortTitle":"GA.404 EL VERANO EN QUE LLEGARON LOS LOB","descripcion":"<p><strong>Es dif\u00edcil encajar en un pueblo de p\u00e1jaros&nbsp;cuando eres un ciervo.<\/strong><\/p>\n<p>El verano que vi luces en la isla, yo esperaba muchas&nbsp;cosas. Algunas grandes y otras peque\u00f1as. Esperaba&nbsp;que mi padre aceptase que quer\u00eda irme del pueblo;&nbsp;esperaba que Samuel bajase a la playa; esperaba que&nbsp;Alicia y Clara me viesen tal y como era, y no como&nbsp;quer\u00edan que fuera; esperaba encajar de alguna&nbsp; manera,&nbsp;aunque fuese para despedirme...<\/p>\n<p><strong>Premio Gran Angular&nbsp;2023<\/strong><\/p>","adjuntos":[{"id":"4","titulo":"Primer cap\u00edtulo \/ Unidad Modelo","url":"https:\/\/catalogo.noe-sm.com\/medias\/216389-El-verano-en-que-llegaron-los-lobos.pdf?context=bWFzdGVyfHJvb3R8MTkyODE2MnxhcHBsaWNhdGlvbi9wZGZ8aGUwL2hhNy84OTg3ODc1MzQ0NDE0LnBkZnw0ZTUwMGYzMDFmNTBhOTEzNzc0YTIyZmJmMDQ0NWFlYWM1YmU2MzUzMGQwYTRiMzZhMGUyMzBjZDNiYWI4MDFj"},{"id":"21","titulo":"Ficha del profesor","url":"https:\/\/catalogo.noe-sm.com\/medias\/216389-recur-001-001-pro-savia.pdf?context=bWFzdGVyfHJvb3R8MTEyNDgyfGFwcGxpY2F0aW9uL3BkZnxoZWIvaGNiLzkwMzQyODE1ODI2MjIucGRmfGU3YzBjMmUwNmJmNDdmNDI0Y2I4Yjc4YWQzMzI3ODk3OGZkYzZiMzhlM2JlYWY1NzYzODQwMDQ1OThhZTVkNzM"},{"id":"20","titulo":"Ficha del alumno","url":"https:\/\/catalogo.noe-sm.com\/medias\/216389-recur-001-004-alu-savia.pdf?context=bWFzdGVyfHJvb3R8Njg4NTcwfGFwcGxpY2F0aW9uL3BkZnxoMDYvaGFkLzkwMzQyODE2NDgxNTgucGRmfGQ1YmY3MWZiYTE2NGQ5NmIzMWQ3YzUxY2ZjZGQ2Zjg5ODU5ODE1OTFkY2YwNzY4YjI5NWEyZDY1NWM0ZDhmOGQ"}],"descriptivePhrases":[{"type":"General","text":"Es dif\u00edcil encajar en un pueblo de p\u00e1jaros cuando eres un ciervo."}],"productSap":"NTX","isbn":"9788498569087","precio_colegios":12.02,"precio_librerias":12.02,"precio_librerias_sin_cobertura":12.02,"precio_distribuidores":12.02,"fecha_disponibilidad":null,"fecha_comercial":"20230425","organizacion_venta":"CS01","datos_para_buscador":"Patrycja Katarzyna Jurkowska, Cinthya \u00c1lvarez Garc\u00eda, Patricia Garc\u00eda-Rojo Cant\u00f3n, Gran Angular, "},"yoast_head":"<!-- This site is optimized with the Yoast SEO plugin v26.6 - https:\/\/yoast.com\/wordpress\/plugins\/seo\/ -->\n<title>El verano en que llegaron los lobos - Literatura SM Espa\u00f1a<\/title>\n<meta name=\"robots\" content=\"noindex, follow, max-snippet:-1, max-image-preview:large, max-video-preview:-1\" \/>\n<meta property=\"og:locale\" content=\"es_ES\" \/>\n<meta property=\"og:type\" content=\"article\" \/>\n<meta property=\"og:title\" content=\"El verano en que llegaron los lobos - Literatura SM Espa\u00f1a\" \/>\n<meta property=\"og:url\" content=\"https:\/\/lij.ismeduca.com\/es\/producto\/el-verano-en-que-llegaron-los-lobos\/\" \/>\n<meta property=\"og:site_name\" content=\"Literatura SM Espa\u00f1a\" \/>\n<meta property=\"article:modified_time\" content=\"2025-12-23T12:04:18+00:00\" \/>\n<meta name=\"twitter:card\" content=\"summary_large_image\" \/>\n<script type=\"application\/ld+json\" class=\"yoast-schema-graph\">{\"@context\":\"https:\/\/schema.org\",\"@graph\":[{\"@type\":\"WebPage\",\"@id\":\"https:\/\/lij.ismeduca.com\/es\/producto\/el-verano-en-que-llegaron-los-lobos\/\",\"url\":\"https:\/\/lij.ismeduca.com\/es\/producto\/el-verano-en-que-llegaron-los-lobos\/\",\"name\":\"El verano en que llegaron los lobos - Literatura SM Espa\u00f1a\",\"isPartOf\":{\"@id\":\"https:\/\/lij.ismeduca.com\/es\/#website\"},\"primaryImageOfPage\":{\"@id\":\"https:\/\/lij.ismeduca.com\/es\/producto\/el-verano-en-que-llegaron-los-lobos\/#primaryimage\"},\"image\":{\"@id\":\"https:\/\/lij.ismeduca.com\/es\/producto\/el-verano-en-que-llegaron-los-lobos\/#primaryimage\"},\"thumbnailUrl\":\"https:\/\/lij.ismeduca.com\/es\/wp-content\/uploads\/sites\/10\/2025\/12\/1149.jpg\",\"datePublished\":\"2024-07-11T09:17:56+00:00\",\"dateModified\":\"2025-12-23T12:04:18+00:00\",\"breadcrumb\":{\"@id\":\"https:\/\/lij.ismeduca.com\/es\/producto\/el-verano-en-que-llegaron-los-lobos\/#breadcrumb\"},\"inLanguage\":\"es\",\"potentialAction\":[{\"@type\":\"ReadAction\",\"target\":[\"https:\/\/lij.ismeduca.com\/es\/producto\/el-verano-en-que-llegaron-los-lobos\/\"]}]},{\"@type\":\"ImageObject\",\"inLanguage\":\"es\",\"@id\":\"https:\/\/lij.ismeduca.com\/es\/producto\/el-verano-en-que-llegaron-los-lobos\/#primaryimage\",\"url\":\"https:\/\/lij.ismeduca.com\/es\/wp-content\/uploads\/sites\/10\/2025\/12\/1149.jpg\",\"contentUrl\":\"https:\/\/lij.ismeduca.com\/es\/wp-content\/uploads\/sites\/10\/2025\/12\/1149.jpg\",\"width\":600,\"height\":921},{\"@type\":\"BreadcrumbList\",\"@id\":\"https:\/\/lij.ismeduca.com\/es\/producto\/el-verano-en-que-llegaron-los-lobos\/#breadcrumb\",\"itemListElement\":[{\"@type\":\"ListItem\",\"position\":1,\"name\":\"Portada\",\"item\":\"https:\/\/lij.ismeduca.com\/es\/\"},{\"@type\":\"ListItem\",\"position\":2,\"name\":\"Tienda\",\"item\":\"https:\/\/lij.ismeduca.com\/es\/tienda\/\"},{\"@type\":\"ListItem\",\"position\":3,\"name\":\"El verano en que llegaron los lobos\"}]},{\"@type\":\"WebSite\",\"@id\":\"https:\/\/lij.ismeduca.com\/es\/#website\",\"url\":\"https:\/\/lij.ismeduca.com\/es\/\",\"name\":\"Literatura SM Espa\u00f1a\",\"description\":\"\",\"publisher\":{\"@id\":\"https:\/\/lij.ismeduca.com\/es\/#organization\"},\"potentialAction\":[{\"@type\":\"SearchAction\",\"target\":{\"@type\":\"EntryPoint\",\"urlTemplate\":\"https:\/\/lij.ismeduca.com\/es\/?s={search_term_string}\"},\"query-input\":{\"@type\":\"PropertyValueSpecification\",\"valueRequired\":true,\"valueName\":\"search_term_string\"}}],\"inLanguage\":\"es\"},{\"@type\":\"Organization\",\"@id\":\"https:\/\/lij.ismeduca.com\/es\/#organization\",\"name\":\"Literatura SM Espa\u00f1a\",\"url\":\"https:\/\/lij.ismeduca.com\/es\/\",\"logo\":{\"@type\":\"ImageObject\",\"inLanguage\":\"es\",\"@id\":\"https:\/\/lij.ismeduca.com\/es\/#\/schema\/logo\/image\/\",\"url\":\"https:\/\/lij.ismeduca.com\/es\/wp-content\/uploads\/sites\/10\/2024\/07\/logo-cabecera.png\",\"contentUrl\":\"https:\/\/lij.ismeduca.com\/es\/wp-content\/uploads\/sites\/10\/2024\/07\/logo-cabecera.png\",\"width\":396,\"height\":64,\"caption\":\"Literatura SM Espa\u00f1a\"},\"image\":{\"@id\":\"https:\/\/lij.ismeduca.com\/es\/#\/schema\/logo\/image\/\"}}]}<\/script>\n<!-- \/ Yoast SEO plugin. -->","yoast_head_json":{"title":"El verano en que llegaron los lobos - Literatura SM Espa\u00f1a","robots":{"index":"noindex","follow":"follow","max-snippet":"max-snippet:-1","max-image-preview":"max-image-preview:large","max-video-preview":"max-video-preview:-1"},"og_locale":"es_ES","og_type":"article","og_title":"El verano en que llegaron los lobos - Literatura SM Espa\u00f1a","og_url":"https:\/\/lij.ismeduca.com\/es\/producto\/el-verano-en-que-llegaron-los-lobos\/","og_site_name":"Literatura SM Espa\u00f1a","article_modified_time":"2025-12-23T12:04:18+00:00","twitter_card":"summary_large_image","schema":{"@context":"https:\/\/schema.org","@graph":[{"@type":"WebPage","@id":"https:\/\/lij.ismeduca.com\/es\/producto\/el-verano-en-que-llegaron-los-lobos\/","url":"https:\/\/lij.ismeduca.com\/es\/producto\/el-verano-en-que-llegaron-los-lobos\/","name":"El verano en que llegaron los lobos - Literatura SM Espa\u00f1a","isPartOf":{"@id":"https:\/\/lij.ismeduca.com\/es\/#website"},"primaryImageOfPage":{"@id":"https:\/\/lij.ismeduca.com\/es\/producto\/el-verano-en-que-llegaron-los-lobos\/#primaryimage"},"image":{"@id":"https:\/\/lij.ismeduca.com\/es\/producto\/el-verano-en-que-llegaron-los-lobos\/#primaryimage"},"thumbnailUrl":"https:\/\/lij.ismeduca.com\/es\/wp-content\/uploads\/sites\/10\/2025\/12\/1149.jpg","datePublished":"2024-07-11T09:17:56+00:00","dateModified":"2025-12-23T12:04:18+00:00","breadcrumb":{"@id":"https:\/\/lij.ismeduca.com\/es\/producto\/el-verano-en-que-llegaron-los-lobos\/#breadcrumb"},"inLanguage":"es","potentialAction":[{"@type":"ReadAction","target":["https:\/\/lij.ismeduca.com\/es\/producto\/el-verano-en-que-llegaron-los-lobos\/"]}]},{"@type":"ImageObject","inLanguage":"es","@id":"https:\/\/lij.ismeduca.com\/es\/producto\/el-verano-en-que-llegaron-los-lobos\/#primaryimage","url":"https:\/\/lij.ismeduca.com\/es\/wp-content\/uploads\/sites\/10\/2025\/12\/1149.jpg","contentUrl":"https:\/\/lij.ismeduca.com\/es\/wp-content\/uploads\/sites\/10\/2025\/12\/1149.jpg","width":600,"height":921},{"@type":"BreadcrumbList","@id":"https:\/\/lij.ismeduca.com\/es\/producto\/el-verano-en-que-llegaron-los-lobos\/#breadcrumb","itemListElement":[{"@type":"ListItem","position":1,"name":"Portada","item":"https:\/\/lij.ismeduca.com\/es\/"},{"@type":"ListItem","position":2,"name":"Tienda","item":"https:\/\/lij.ismeduca.com\/es\/tienda\/"},{"@type":"ListItem","position":3,"name":"El verano en que llegaron los lobos"}]},{"@type":"WebSite","@id":"https:\/\/lij.ismeduca.com\/es\/#website","url":"https:\/\/lij.ismeduca.com\/es\/","name":"Literatura SM Espa\u00f1a","description":"","publisher":{"@id":"https:\/\/lij.ismeduca.com\/es\/#organization"},"potentialAction":[{"@type":"SearchAction","target":{"@type":"EntryPoint","urlTemplate":"https:\/\/lij.ismeduca.com\/es\/?s={search_term_string}"},"query-input":{"@type":"PropertyValueSpecification","valueRequired":true,"valueName":"search_term_string"}}],"inLanguage":"es"},{"@type":"Organization","@id":"https:\/\/lij.ismeduca.com\/es\/#organization","name":"Literatura SM Espa\u00f1a","url":"https:\/\/lij.ismeduca.com\/es\/","logo":{"@type":"ImageObject","inLanguage":"es","@id":"https:\/\/lij.ismeduca.com\/es\/#\/schema\/logo\/image\/","url":"https:\/\/lij.ismeduca.com\/es\/wp-content\/uploads\/sites\/10\/2024\/07\/logo-cabecera.png","contentUrl":"https:\/\/lij.ismeduca.com\/es\/wp-content\/uploads\/sites\/10\/2024\/07\/logo-cabecera.png","width":396,"height":64,"caption":"Literatura SM Espa\u00f1a"},"image":{"@id":"https:\/\/lij.ismeduca.com\/es\/#\/schema\/logo\/image\/"}}]}},"_links":{"self":[{"href":"https:\/\/lij.ismeduca.com\/es\/wp-json\/wp\/v2\/product\/1149","targetHints":{"allow":["GET"]}}],"collection":[{"href":"https:\/\/lij.ismeduca.com\/es\/wp-json\/wp\/v2\/product"}],"about":[{"href":"https:\/\/lij.ismeduca.com\/es\/wp-json\/wp\/v2\/types\/product"}],"version-history":[{"count":1,"href":"https:\/\/lij.ismeduca.com\/es\/wp-json\/wp\/v2\/product\/1149\/revisions"}],"predecessor-version":[{"id":32396,"href":"https:\/\/lij.ismeduca.com\/es\/wp-json\/wp\/v2\/product\/1149\/revisions\/32396"}],"wp:featuredmedia":[{"embeddable":true,"href":"https:\/\/lij.ismeduca.com\/es\/wp-json\/wp\/v2\/media\/37516"}],"wp:attachment":[{"href":"https:\/\/lij.ismeduca.com\/es\/wp-json\/wp\/v2\/media?parent=1149"}],"wp:term":[{"taxonomy":"product_brand","embeddable":true,"href":"https:\/\/lij.ismeduca.com\/es\/wp-json\/wp\/v2\/product_brand?post=1149"},{"taxonomy":"product_cat","embeddable":true,"href":"https:\/\/lij.ismeduca.com\/es\/wp-json\/wp\/v2\/product_cat?post=1149"},{"taxonomy":"product_tag","embeddable":true,"href":"https:\/\/lij.ismeduca.com\/es\/wp-json\/wp\/v2\/product_tag?post=1149"},{"taxonomy":"asignatura","embeddable":true,"href":"https:\/\/lij.ismeduca.com\/es\/wp-json\/wp\/v2\/asignatura?post=1149"},{"taxonomy":"compania","embeddable":true,"href":"https:\/\/lij.ismeduca.com\/es\/wp-json\/wp\/v2\/compania?post=1149"},{"taxonomy":"curso","embeddable":true,"href":"https:\/\/lij.ismeduca.com\/es\/wp-json\/wp\/v2\/curso?post=1149"},{"taxonomy":"idiomas","embeddable":true,"href":"https:\/\/lij.ismeduca.com\/es\/wp-json\/wp\/v2\/idiomas?post=1149"},{"taxonomy":"genero","embeddable":true,"href":"https:\/\/lij.ismeduca.com\/es\/wp-json\/wp\/v2\/genero?post=1149"},{"taxonomy":"linea","embeddable":true,"href":"https:\/\/lij.ismeduca.com\/es\/wp-json\/wp\/v2\/linea?post=1149"},{"taxonomy":"premio","embeddable":true,"href":"https:\/\/lij.ismeduca.com\/es\/wp-json\/wp\/v2\/premio?post=1149"},{"taxonomy":"proyecto-editorial","embeddable":true,"href":"https:\/\/lij.ismeduca.com\/es\/wp-json\/wp\/v2\/proyecto-editorial?post=1149"},{"taxonomy":"tipo-de-libro","embeddable":true,"href":"https:\/\/lij.ismeduca.com\/es\/wp-json\/wp\/v2\/tipo-de-libro?post=1149"},{"taxonomy":"soporte","embeddable":true,"href":"https:\/\/lij.ismeduca.com\/es\/wp-json\/wp\/v2\/soporte?post=1149"},{"taxonomy":"zona-geografica","embeddable":true,"href":"https:\/\/lij.ismeduca.com\/es\/wp-json\/wp\/v2\/zona-geografica?post=1149"},{"taxonomy":"autores","embeddable":true,"href":"https:\/\/lij.ismeduca.com\/es\/wp-json\/wp\/v2\/autores?post=1149"},{"taxonomy":"colecciones","embeddable":true,"href":"https:\/\/lij.ismeduca.com\/es\/wp-json\/wp\/v2\/colecciones?post=1149"},{"taxonomy":"personajes","embeddable":true,"href":"https:\/\/lij.ismeduca.com\/es\/wp-json\/wp\/v2\/personajes?post=1149"}],"curies":[{"name":"wp","href":"https:\/\/api.w.org\/{rel}","templated":true}]}}