{"id":1244,"date":"2022-02-10T00:00:00","date_gmt":"2024-07-11T09:19:32","guid":{"rendered":"https:\/\/lij.ismeduca.com\/tienda\/?post_type=product&#038;p=1244"},"modified":"2025-12-23T12:57:52","modified_gmt":"2025-12-23T11:57:52","slug":"roc-rocafort-i-el-robot-gegant-contra-els-conilloides-jurassics-de-jupiter","status":"publish","type":"product","link":"https:\/\/lij.ismeduca.com\/es\/producto\/roc-rocafort-i-el-robot-gegant-contra-els-conilloides-jurassics-de-jupiter\/","title":{"rendered":"Roc Rocafort i el robot gegant contra els conilloides jur\u00e0ssics de J\u00fapiter"},"content":{"rendered":"","protected":false},"excerpt":{"rendered":"<p>L\u2019aniversari del Roc ha comen\u00e7at molt b\u00e9: creps per esmorzar, molts regals i una visita sorpresa al museu. Per\u00f2 no tot \u00e9s tan bonic com es pensen: els acompanyar\u00e0 la Rat, la cosina que sempre dona la llauna. I per si no fos prou, quan arriben al museu, descobreixen que als esquelets de dinosaure<br \/>\nels ha desaparegut el cap. Ha estat el general<br \/>\nHura-Llut, un geni molt malvat de J\u00fapiter, que&nbsp;els ha robat per crear tres conilloides jur\u00e0ssics perqu\u00e8 l\u2019ajudin a conquerir la Terra. Aconseguiran eliminar els malvats conilloides, el Roc i el robot, o passaran el pitjor aniversari de la hist\u00f2ria?<\/p>\n<p>Amb p\u00e0gines en Cine-a-m\u00e0!&nbsp;<\/p>\n","protected":false},"featured_media":36042,"template":"","meta":{"_acf_changed":false,"inline_featured_image":false},"product_brand":[],"product_cat":[4701],"product_tag":[268,272,530,297,253,2058,551,383],"asignatura":[],"compania":[258],"curso":[],"idiomas":[1951],"genero":[256],"linea":[250],"premio":[],"proyecto-editorial":[323],"tipo-de-libro":[249],"soporte":[2004],"zona-geografica":[],"autores":[4283,2659,4387],"colecciones":[2368],"personajes":[],"class_list":{"0":"post-1244","1":"product","2":"type-product","3":"status-publish","4":"has-post-thumbnail","6":"product_cat-sito-kesito","7":"product_tag-amistad","8":"product_tag-imaginacion","9":"product_tag-justicia","10":"product_tag-literatura-de-aventuras","11":"product_tag-literatura-de-humor","12":"product_tag-ntx","13":"product_tag-planetas","14":"product_tag-superheroes","15":"pa_codigo-sap-ntx","16":"compania-editorial-cruilla-s-a-es","17":"idiomas-catalan","18":"genero-humor","19":"linea-narrativa","20":"proyecto-editorial-6-12","21":"tipo-de-libro-fisico","22":"soporte-libro","23":"autores-dan-santat","24":"autores-dav-pilkey","25":"autores-josep-sampere-i-marti","26":"colecciones-roc-rocafort","28":"first","29":"instock","30":"taxable","31":"shipping-taxable","32":"purchasable","33":"product-type-simple"},"acf":{"id_catalogo":"650","shortTitle":"C-RR.5 ROC ROCAFORT I ELS CONILLOIDES","descripcion":"<p>L\u2019aniversari del Roc ha comen\u00e7at molt b\u00e9: creps per esmorzar, molts regals i una visita sorpresa al museu. Per\u00f2 no tot \u00e9s tan bonic com es pensen: els acompanyar\u00e0 la Rat, la cosina que sempre dona la llauna. I per si no fos prou, quan arriben al museu, descobreixen que als esquelets de dinosaure<br \/>\nels ha desaparegut el cap. Ha estat el general<br \/>\nHura-Llut, un geni molt malvat de J\u00fapiter, que&nbsp;els ha robat per crear tres conilloides jur\u00e0ssics perqu\u00e8 l\u2019ajudin a conquerir la Terra. Aconseguiran eliminar els malvats conilloides, el Roc i el robot, o passaran el pitjor aniversari de la hist\u00f2ria?<\/p>\n<p>Amb p\u00e0gines en Cine-a-m\u00e0!&nbsp;<\/p>","adjuntos":null,"descriptivePhrases":[{"type":"General","text":"El Roc i el Robot gegant han de lluitar contra el general Hura-Llut i els seus conilloides malvats, que volen conquerir la Terra. "}],"productSap":"NTX","isbn":"9788466150743","precio_colegios":12.02,"precio_librerias":12.02,"precio_librerias_sin_cobertura":12.02,"precio_distribuidores":12.02,"fecha_disponibilidad":null,"fecha_comercial":"20220210","organizacion_venta":"CS01","datos_para_buscador":"Dan Santat, Josep Sampere i Mart\u00ed, Dav Pilkey, Roc Rocafort, "},"yoast_head":"<!-- This site is optimized with the Yoast SEO plugin v26.6 - https:\/\/yoast.com\/wordpress\/plugins\/seo\/ -->\n<title>Roc Rocafort i el robot gegant contra els conilloides jur\u00e0ssics de J\u00fapiter - Literatura SM Espa\u00f1a<\/title>\n<meta name=\"robots\" content=\"noindex, follow, max-snippet:-1, max-image-preview:large, max-video-preview:-1\" \/>\n<meta property=\"og:locale\" content=\"es_ES\" \/>\n<meta property=\"og:type\" content=\"article\" \/>\n<meta property=\"og:title\" content=\"Roc Rocafort i el robot gegant contra els conilloides jur\u00e0ssics de J\u00fapiter - Literatura SM Espa\u00f1a\" \/>\n<meta property=\"og:url\" content=\"https:\/\/lij.ismeduca.com\/es\/producto\/roc-rocafort-i-el-robot-gegant-contra-els-conilloides-jurassics-de-jupiter\/\" \/>\n<meta property=\"og:site_name\" content=\"Literatura SM Espa\u00f1a\" \/>\n<meta property=\"article:modified_time\" content=\"2025-12-23T11:57:52+00:00\" \/>\n<meta name=\"twitter:card\" content=\"summary_large_image\" \/>\n<script type=\"application\/ld+json\" class=\"yoast-schema-graph\">{\"@context\":\"https:\/\/schema.org\",\"@graph\":[{\"@type\":\"WebPage\",\"@id\":\"https:\/\/lij.ismeduca.com\/es\/producto\/roc-rocafort-i-el-robot-gegant-contra-els-conilloides-jurassics-de-jupiter\/\",\"url\":\"https:\/\/lij.ismeduca.com\/es\/producto\/roc-rocafort-i-el-robot-gegant-contra-els-conilloides-jurassics-de-jupiter\/\",\"name\":\"Roc Rocafort i el robot gegant contra els conilloides jur\u00e0ssics de J\u00fapiter - Literatura SM Espa\u00f1a\",\"isPartOf\":{\"@id\":\"https:\/\/lij.ismeduca.com\/es\/#website\"},\"primaryImageOfPage\":{\"@id\":\"https:\/\/lij.ismeduca.com\/es\/producto\/roc-rocafort-i-el-robot-gegant-contra-els-conilloides-jurassics-de-jupiter\/#primaryimage\"},\"image\":{\"@id\":\"https:\/\/lij.ismeduca.com\/es\/producto\/roc-rocafort-i-el-robot-gegant-contra-els-conilloides-jurassics-de-jupiter\/#primaryimage\"},\"thumbnailUrl\":\"https:\/\/lij.ismeduca.com\/es\/wp-content\/uploads\/sites\/10\/2025\/12\/1244.jpg\",\"datePublished\":\"2024-07-11T09:19:32+00:00\",\"dateModified\":\"2025-12-23T11:57:52+00:00\",\"breadcrumb\":{\"@id\":\"https:\/\/lij.ismeduca.com\/es\/producto\/roc-rocafort-i-el-robot-gegant-contra-els-conilloides-jurassics-de-jupiter\/#breadcrumb\"},\"inLanguage\":\"es\",\"potentialAction\":[{\"@type\":\"ReadAction\",\"target\":[\"https:\/\/lij.ismeduca.com\/es\/producto\/roc-rocafort-i-el-robot-gegant-contra-els-conilloides-jurassics-de-jupiter\/\"]}]},{\"@type\":\"ImageObject\",\"inLanguage\":\"es\",\"@id\":\"https:\/\/lij.ismeduca.com\/es\/producto\/roc-rocafort-i-el-robot-gegant-contra-els-conilloides-jurassics-de-jupiter\/#primaryimage\",\"url\":\"https:\/\/lij.ismeduca.com\/es\/wp-content\/uploads\/sites\/10\/2025\/12\/1244.jpg\",\"contentUrl\":\"https:\/\/lij.ismeduca.com\/es\/wp-content\/uploads\/sites\/10\/2025\/12\/1244.jpg\",\"width\":600,\"height\":934},{\"@type\":\"BreadcrumbList\",\"@id\":\"https:\/\/lij.ismeduca.com\/es\/producto\/roc-rocafort-i-el-robot-gegant-contra-els-conilloides-jurassics-de-jupiter\/#breadcrumb\",\"itemListElement\":[{\"@type\":\"ListItem\",\"position\":1,\"name\":\"Portada\",\"item\":\"https:\/\/lij.ismeduca.com\/es\/\"},{\"@type\":\"ListItem\",\"position\":2,\"name\":\"Tienda\",\"item\":\"https:\/\/lij.ismeduca.com\/es\/tienda\/\"},{\"@type\":\"ListItem\",\"position\":3,\"name\":\"Roc Rocafort i el robot gegant contra els conilloides jur\u00e0ssics de J\u00fapiter\"}]},{\"@type\":\"WebSite\",\"@id\":\"https:\/\/lij.ismeduca.com\/es\/#website\",\"url\":\"https:\/\/lij.ismeduca.com\/es\/\",\"name\":\"Literatura SM Espa\u00f1a\",\"description\":\"\",\"publisher\":{\"@id\":\"https:\/\/lij.ismeduca.com\/es\/#organization\"},\"potentialAction\":[{\"@type\":\"SearchAction\",\"target\":{\"@type\":\"EntryPoint\",\"urlTemplate\":\"https:\/\/lij.ismeduca.com\/es\/?s={search_term_string}\"},\"query-input\":{\"@type\":\"PropertyValueSpecification\",\"valueRequired\":true,\"valueName\":\"search_term_string\"}}],\"inLanguage\":\"es\"},{\"@type\":\"Organization\",\"@id\":\"https:\/\/lij.ismeduca.com\/es\/#organization\",\"name\":\"Literatura SM Espa\u00f1a\",\"url\":\"https:\/\/lij.ismeduca.com\/es\/\",\"logo\":{\"@type\":\"ImageObject\",\"inLanguage\":\"es\",\"@id\":\"https:\/\/lij.ismeduca.com\/es\/#\/schema\/logo\/image\/\",\"url\":\"https:\/\/lij.ismeduca.com\/es\/wp-content\/uploads\/sites\/10\/2024\/07\/logo-cabecera.png\",\"contentUrl\":\"https:\/\/lij.ismeduca.com\/es\/wp-content\/uploads\/sites\/10\/2024\/07\/logo-cabecera.png\",\"width\":396,\"height\":64,\"caption\":\"Literatura SM Espa\u00f1a\"},\"image\":{\"@id\":\"https:\/\/lij.ismeduca.com\/es\/#\/schema\/logo\/image\/\"}}]}<\/script>\n<!-- \/ Yoast SEO plugin. -->","yoast_head_json":{"title":"Roc Rocafort i el robot gegant contra els conilloides jur\u00e0ssics de J\u00fapiter - Literatura SM Espa\u00f1a","robots":{"index":"noindex","follow":"follow","max-snippet":"max-snippet:-1","max-image-preview":"max-image-preview:large","max-video-preview":"max-video-preview:-1"},"og_locale":"es_ES","og_type":"article","og_title":"Roc Rocafort i el robot gegant contra els conilloides jur\u00e0ssics de J\u00fapiter - Literatura SM Espa\u00f1a","og_url":"https:\/\/lij.ismeduca.com\/es\/producto\/roc-rocafort-i-el-robot-gegant-contra-els-conilloides-jurassics-de-jupiter\/","og_site_name":"Literatura SM Espa\u00f1a","article_modified_time":"2025-12-23T11:57:52+00:00","twitter_card":"summary_large_image","schema":{"@context":"https:\/\/schema.org","@graph":[{"@type":"WebPage","@id":"https:\/\/lij.ismeduca.com\/es\/producto\/roc-rocafort-i-el-robot-gegant-contra-els-conilloides-jurassics-de-jupiter\/","url":"https:\/\/lij.ismeduca.com\/es\/producto\/roc-rocafort-i-el-robot-gegant-contra-els-conilloides-jurassics-de-jupiter\/","name":"Roc Rocafort i el robot gegant contra els conilloides jur\u00e0ssics de J\u00fapiter - Literatura SM Espa\u00f1a","isPartOf":{"@id":"https:\/\/lij.ismeduca.com\/es\/#website"},"primaryImageOfPage":{"@id":"https:\/\/lij.ismeduca.com\/es\/producto\/roc-rocafort-i-el-robot-gegant-contra-els-conilloides-jurassics-de-jupiter\/#primaryimage"},"image":{"@id":"https:\/\/lij.ismeduca.com\/es\/producto\/roc-rocafort-i-el-robot-gegant-contra-els-conilloides-jurassics-de-jupiter\/#primaryimage"},"thumbnailUrl":"https:\/\/lij.ismeduca.com\/es\/wp-content\/uploads\/sites\/10\/2025\/12\/1244.jpg","datePublished":"2024-07-11T09:19:32+00:00","dateModified":"2025-12-23T11:57:52+00:00","breadcrumb":{"@id":"https:\/\/lij.ismeduca.com\/es\/producto\/roc-rocafort-i-el-robot-gegant-contra-els-conilloides-jurassics-de-jupiter\/#breadcrumb"},"inLanguage":"es","potentialAction":[{"@type":"ReadAction","target":["https:\/\/lij.ismeduca.com\/es\/producto\/roc-rocafort-i-el-robot-gegant-contra-els-conilloides-jurassics-de-jupiter\/"]}]},{"@type":"ImageObject","inLanguage":"es","@id":"https:\/\/lij.ismeduca.com\/es\/producto\/roc-rocafort-i-el-robot-gegant-contra-els-conilloides-jurassics-de-jupiter\/#primaryimage","url":"https:\/\/lij.ismeduca.com\/es\/wp-content\/uploads\/sites\/10\/2025\/12\/1244.jpg","contentUrl":"https:\/\/lij.ismeduca.com\/es\/wp-content\/uploads\/sites\/10\/2025\/12\/1244.jpg","width":600,"height":934},{"@type":"BreadcrumbList","@id":"https:\/\/lij.ismeduca.com\/es\/producto\/roc-rocafort-i-el-robot-gegant-contra-els-conilloides-jurassics-de-jupiter\/#breadcrumb","itemListElement":[{"@type":"ListItem","position":1,"name":"Portada","item":"https:\/\/lij.ismeduca.com\/es\/"},{"@type":"ListItem","position":2,"name":"Tienda","item":"https:\/\/lij.ismeduca.com\/es\/tienda\/"},{"@type":"ListItem","position":3,"name":"Roc Rocafort i el robot gegant contra els conilloides jur\u00e0ssics de J\u00fapiter"}]},{"@type":"WebSite","@id":"https:\/\/lij.ismeduca.com\/es\/#website","url":"https:\/\/lij.ismeduca.com\/es\/","name":"Literatura SM Espa\u00f1a","description":"","publisher":{"@id":"https:\/\/lij.ismeduca.com\/es\/#organization"},"potentialAction":[{"@type":"SearchAction","target":{"@type":"EntryPoint","urlTemplate":"https:\/\/lij.ismeduca.com\/es\/?s={search_term_string}"},"query-input":{"@type":"PropertyValueSpecification","valueRequired":true,"valueName":"search_term_string"}}],"inLanguage":"es"},{"@type":"Organization","@id":"https:\/\/lij.ismeduca.com\/es\/#organization","name":"Literatura SM Espa\u00f1a","url":"https:\/\/lij.ismeduca.com\/es\/","logo":{"@type":"ImageObject","inLanguage":"es","@id":"https:\/\/lij.ismeduca.com\/es\/#\/schema\/logo\/image\/","url":"https:\/\/lij.ismeduca.com\/es\/wp-content\/uploads\/sites\/10\/2024\/07\/logo-cabecera.png","contentUrl":"https:\/\/lij.ismeduca.com\/es\/wp-content\/uploads\/sites\/10\/2024\/07\/logo-cabecera.png","width":396,"height":64,"caption":"Literatura SM Espa\u00f1a"},"image":{"@id":"https:\/\/lij.ismeduca.com\/es\/#\/schema\/logo\/image\/"}}]}},"_links":{"self":[{"href":"https:\/\/lij.ismeduca.com\/es\/wp-json\/wp\/v2\/product\/1244","targetHints":{"allow":["GET"]}}],"collection":[{"href":"https:\/\/lij.ismeduca.com\/es\/wp-json\/wp\/v2\/product"}],"about":[{"href":"https:\/\/lij.ismeduca.com\/es\/wp-json\/wp\/v2\/types\/product"}],"version-history":[{"count":2,"href":"https:\/\/lij.ismeduca.com\/es\/wp-json\/wp\/v2\/product\/1244\/revisions"}],"predecessor-version":[{"id":36043,"href":"https:\/\/lij.ismeduca.com\/es\/wp-json\/wp\/v2\/product\/1244\/revisions\/36043"}],"wp:featuredmedia":[{"embeddable":true,"href":"https:\/\/lij.ismeduca.com\/es\/wp-json\/wp\/v2\/media\/36042"}],"wp:attachment":[{"href":"https:\/\/lij.ismeduca.com\/es\/wp-json\/wp\/v2\/media?parent=1244"}],"wp:term":[{"taxonomy":"product_brand","embeddable":true,"href":"https:\/\/lij.ismeduca.com\/es\/wp-json\/wp\/v2\/product_brand?post=1244"},{"taxonomy":"product_cat","embeddable":true,"href":"https:\/\/lij.ismeduca.com\/es\/wp-json\/wp\/v2\/product_cat?post=1244"},{"taxonomy":"product_tag","embeddable":true,"href":"https:\/\/lij.ismeduca.com\/es\/wp-json\/wp\/v2\/product_tag?post=1244"},{"taxonomy":"asignatura","embeddable":true,"href":"https:\/\/lij.ismeduca.com\/es\/wp-json\/wp\/v2\/asignatura?post=1244"},{"taxonomy":"compania","embeddable":true,"href":"https:\/\/lij.ismeduca.com\/es\/wp-json\/wp\/v2\/compania?post=1244"},{"taxonomy":"curso","embeddable":true,"href":"https:\/\/lij.ismeduca.com\/es\/wp-json\/wp\/v2\/curso?post=1244"},{"taxonomy":"idiomas","embeddable":true,"href":"https:\/\/lij.ismeduca.com\/es\/wp-json\/wp\/v2\/idiomas?post=1244"},{"taxonomy":"genero","embeddable":true,"href":"https:\/\/lij.ismeduca.com\/es\/wp-json\/wp\/v2\/genero?post=1244"},{"taxonomy":"linea","embeddable":true,"href":"https:\/\/lij.ismeduca.com\/es\/wp-json\/wp\/v2\/linea?post=1244"},{"taxonomy":"premio","embeddable":true,"href":"https:\/\/lij.ismeduca.com\/es\/wp-json\/wp\/v2\/premio?post=1244"},{"taxonomy":"proyecto-editorial","embeddable":true,"href":"https:\/\/lij.ismeduca.com\/es\/wp-json\/wp\/v2\/proyecto-editorial?post=1244"},{"taxonomy":"tipo-de-libro","embeddable":true,"href":"https:\/\/lij.ismeduca.com\/es\/wp-json\/wp\/v2\/tipo-de-libro?post=1244"},{"taxonomy":"soporte","embeddable":true,"href":"https:\/\/lij.ismeduca.com\/es\/wp-json\/wp\/v2\/soporte?post=1244"},{"taxonomy":"zona-geografica","embeddable":true,"href":"https:\/\/lij.ismeduca.com\/es\/wp-json\/wp\/v2\/zona-geografica?post=1244"},{"taxonomy":"autores","embeddable":true,"href":"https:\/\/lij.ismeduca.com\/es\/wp-json\/wp\/v2\/autores?post=1244"},{"taxonomy":"colecciones","embeddable":true,"href":"https:\/\/lij.ismeduca.com\/es\/wp-json\/wp\/v2\/colecciones?post=1244"},{"taxonomy":"personajes","embeddable":true,"href":"https:\/\/lij.ismeduca.com\/es\/wp-json\/wp\/v2\/personajes?post=1244"}],"curies":[{"name":"wp","href":"https:\/\/api.w.org\/{rel}","templated":true}]}}