{"id":1246,"date":"2023-02-09T00:00:00","date_gmt":"2024-07-11T09:19:33","guid":{"rendered":"https:\/\/lij.ismeduca.com\/tienda\/?post_type=product&#038;p=1246"},"modified":"2025-12-23T13:03:14","modified_gmt":"2025-12-23T12:03:14","slug":"rr-7-roc-rocafort-i-el-robot-gegant-contra-els-unicorns-durani-dura","status":"publish","type":"product","link":"https:\/\/lij.ismeduca.com\/es\/producto\/rr-7-roc-rocafort-i-el-robot-gegant-contra-els-unicorns-durani-dura\/","title":{"rendered":"Roc Rocafort i el robot gegant contra els unicorns d&#8217;urani d&#8217;Ur\u00e0"},"content":{"rendered":"","protected":false},"excerpt":{"rendered":"<p>En Roc Rocafort adora el seu robot gegant. Ho fan tot junts, per\u00f2 a vegades \u00e9s dif\u00edcil tenir un amic tan gran. Si el robot gegant pogu\u00e9s trobar un amic de la seva mida per jugar, el Roc podria divertir-se pel seu compte. Per\u00f2 el que no s&#8217;espera \u00e9s que el seu desig es faci realitat. L&#8217;oncle unicorn t\u00e9 un pla ultrasecret per destruir el robot gegant i aconseguir dominar la Terra. Un cop m\u00e9s, en Roc haur\u00e0 de salvar el planeta&#8230; i el seu millor amic!&nbsp;<\/p>\n","protected":false},"featured_media":36046,"template":"","meta":{"_acf_changed":false,"inline_featured_image":false},"product_brand":[],"product_cat":[4701],"product_tag":[268,654,311,530,297,990,298,2058],"asignatura":[],"compania":[258],"curso":[],"idiomas":[1951],"genero":[991],"linea":[250],"premio":[],"proyecto-editorial":[323],"tipo-de-libro":[249],"soporte":[2004],"zona-geografica":[],"autores":[4283,2659,4387],"colecciones":[2368],"personajes":[],"class_list":{"0":"post-1246","1":"product","2":"type-product","3":"status-publish","4":"has-post-thumbnail","6":"product_cat-sito-kesito","7":"product_tag-amistad","8":"product_tag-espacio","9":"product_tag-familia","10":"product_tag-justicia","11":"product_tag-literatura-de-aventuras","12":"product_tag-literatura-de-ficcion","13":"product_tag-literatura-infantil","14":"product_tag-ntx","15":"pa_codigo-sap-ntx","16":"compania-editorial-cruilla-s-a-es","17":"idiomas-catalan","18":"genero-ciencia-ficcion","19":"linea-narrativa","20":"proyecto-editorial-6-12","21":"tipo-de-libro-fisico","22":"soporte-libro","23":"autores-dan-santat","24":"autores-dav-pilkey","25":"autores-josep-sampere-i-marti","26":"colecciones-roc-rocafort","28":"first","29":"instock","30":"taxable","31":"shipping-taxable","32":"purchasable","33":"product-type-simple"},"acf":{"id_catalogo":"650","shortTitle":"RR.7 ROC ROCAFORT CONTRA ELS UNICORNS","descripcion":"<p>En Roc Rocafort adora el seu robot gegant. Ho fan tot junts, per\u00f2 a vegades \u00e9s dif\u00edcil tenir un amic tan gran. Si el robot gegant pogu\u00e9s trobar un amic de la seva mida per jugar, el Roc podria divertir-se pel seu compte. Per\u00f2 el que no s'espera \u00e9s que el seu desig es faci realitat. L'oncle unicorn t\u00e9 un pla ultrasecret per destruir el robot gegant i aconseguir dominar la Terra. Un cop m\u00e9s, en Roc haur\u00e0 de salvar el planeta... i el seu millor amic!&nbsp;<\/p>","adjuntos":null,"descriptivePhrases":null,"productSap":"NTX","isbn":"9788466154147","precio_colegios":12.02,"precio_librerias":12.02,"precio_librerias_sin_cobertura":12.02,"precio_distribuidores":12.02,"fecha_disponibilidad":null,"fecha_comercial":"20230209","organizacion_venta":"CS01","datos_para_buscador":"Dan Santat, Josep Sampere i Mart\u00ed, Dav Pilkey, Roc Rocafort, "},"yoast_head":"<!-- This site is optimized with the Yoast SEO plugin v26.6 - https:\/\/yoast.com\/wordpress\/plugins\/seo\/ -->\n<title>Roc Rocafort i el robot gegant contra els unicorns d&#039;urani d&#039;Ur\u00e0 - Literatura SM Espa\u00f1a<\/title>\n<meta name=\"robots\" content=\"noindex, follow, max-snippet:-1, max-image-preview:large, max-video-preview:-1\" \/>\n<meta property=\"og:locale\" content=\"es_ES\" \/>\n<meta property=\"og:type\" content=\"article\" \/>\n<meta property=\"og:title\" content=\"Roc Rocafort i el robot gegant contra els unicorns d&#039;urani d&#039;Ur\u00e0 - Literatura SM Espa\u00f1a\" \/>\n<meta property=\"og:url\" content=\"https:\/\/lij.ismeduca.com\/es\/producto\/rr-7-roc-rocafort-i-el-robot-gegant-contra-els-unicorns-durani-dura\/\" \/>\n<meta property=\"og:site_name\" content=\"Literatura SM Espa\u00f1a\" \/>\n<meta property=\"article:modified_time\" content=\"2025-12-23T12:03:14+00:00\" \/>\n<meta name=\"twitter:card\" content=\"summary_large_image\" \/>\n<script type=\"application\/ld+json\" class=\"yoast-schema-graph\">{\"@context\":\"https:\/\/schema.org\",\"@graph\":[{\"@type\":\"WebPage\",\"@id\":\"https:\/\/lij.ismeduca.com\/es\/producto\/rr-7-roc-rocafort-i-el-robot-gegant-contra-els-unicorns-durani-dura\/\",\"url\":\"https:\/\/lij.ismeduca.com\/es\/producto\/rr-7-roc-rocafort-i-el-robot-gegant-contra-els-unicorns-durani-dura\/\",\"name\":\"Roc Rocafort i el robot gegant contra els unicorns d'urani d'Ur\u00e0 - Literatura SM Espa\u00f1a\",\"isPartOf\":{\"@id\":\"https:\/\/lij.ismeduca.com\/es\/#website\"},\"primaryImageOfPage\":{\"@id\":\"https:\/\/lij.ismeduca.com\/es\/producto\/rr-7-roc-rocafort-i-el-robot-gegant-contra-els-unicorns-durani-dura\/#primaryimage\"},\"image\":{\"@id\":\"https:\/\/lij.ismeduca.com\/es\/producto\/rr-7-roc-rocafort-i-el-robot-gegant-contra-els-unicorns-durani-dura\/#primaryimage\"},\"thumbnailUrl\":\"https:\/\/lij.ismeduca.com\/es\/wp-content\/uploads\/sites\/10\/2025\/12\/1246.jpg\",\"datePublished\":\"2024-07-11T09:19:33+00:00\",\"dateModified\":\"2025-12-23T12:03:14+00:00\",\"breadcrumb\":{\"@id\":\"https:\/\/lij.ismeduca.com\/es\/producto\/rr-7-roc-rocafort-i-el-robot-gegant-contra-els-unicorns-durani-dura\/#breadcrumb\"},\"inLanguage\":\"es\",\"potentialAction\":[{\"@type\":\"ReadAction\",\"target\":[\"https:\/\/lij.ismeduca.com\/es\/producto\/rr-7-roc-rocafort-i-el-robot-gegant-contra-els-unicorns-durani-dura\/\"]}]},{\"@type\":\"ImageObject\",\"inLanguage\":\"es\",\"@id\":\"https:\/\/lij.ismeduca.com\/es\/producto\/rr-7-roc-rocafort-i-el-robot-gegant-contra-els-unicorns-durani-dura\/#primaryimage\",\"url\":\"https:\/\/lij.ismeduca.com\/es\/wp-content\/uploads\/sites\/10\/2025\/12\/1246.jpg\",\"contentUrl\":\"https:\/\/lij.ismeduca.com\/es\/wp-content\/uploads\/sites\/10\/2025\/12\/1246.jpg\",\"width\":600,\"height\":909},{\"@type\":\"BreadcrumbList\",\"@id\":\"https:\/\/lij.ismeduca.com\/es\/producto\/rr-7-roc-rocafort-i-el-robot-gegant-contra-els-unicorns-durani-dura\/#breadcrumb\",\"itemListElement\":[{\"@type\":\"ListItem\",\"position\":1,\"name\":\"Portada\",\"item\":\"https:\/\/lij.ismeduca.com\/es\/\"},{\"@type\":\"ListItem\",\"position\":2,\"name\":\"Tienda\",\"item\":\"https:\/\/lij.ismeduca.com\/es\/tienda\/\"},{\"@type\":\"ListItem\",\"position\":3,\"name\":\"Roc Rocafort i el robot gegant contra els unicorns d&#8217;urani d&#8217;Ur\u00e0\"}]},{\"@type\":\"WebSite\",\"@id\":\"https:\/\/lij.ismeduca.com\/es\/#website\",\"url\":\"https:\/\/lij.ismeduca.com\/es\/\",\"name\":\"Literatura SM Espa\u00f1a\",\"description\":\"\",\"publisher\":{\"@id\":\"https:\/\/lij.ismeduca.com\/es\/#organization\"},\"potentialAction\":[{\"@type\":\"SearchAction\",\"target\":{\"@type\":\"EntryPoint\",\"urlTemplate\":\"https:\/\/lij.ismeduca.com\/es\/?s={search_term_string}\"},\"query-input\":{\"@type\":\"PropertyValueSpecification\",\"valueRequired\":true,\"valueName\":\"search_term_string\"}}],\"inLanguage\":\"es\"},{\"@type\":\"Organization\",\"@id\":\"https:\/\/lij.ismeduca.com\/es\/#organization\",\"name\":\"Literatura SM Espa\u00f1a\",\"url\":\"https:\/\/lij.ismeduca.com\/es\/\",\"logo\":{\"@type\":\"ImageObject\",\"inLanguage\":\"es\",\"@id\":\"https:\/\/lij.ismeduca.com\/es\/#\/schema\/logo\/image\/\",\"url\":\"https:\/\/lij.ismeduca.com\/es\/wp-content\/uploads\/sites\/10\/2024\/07\/logo-cabecera.png\",\"contentUrl\":\"https:\/\/lij.ismeduca.com\/es\/wp-content\/uploads\/sites\/10\/2024\/07\/logo-cabecera.png\",\"width\":396,\"height\":64,\"caption\":\"Literatura SM Espa\u00f1a\"},\"image\":{\"@id\":\"https:\/\/lij.ismeduca.com\/es\/#\/schema\/logo\/image\/\"}}]}<\/script>\n<!-- \/ Yoast SEO plugin. -->","yoast_head_json":{"title":"Roc Rocafort i el robot gegant contra els unicorns d'urani d'Ur\u00e0 - Literatura SM Espa\u00f1a","robots":{"index":"noindex","follow":"follow","max-snippet":"max-snippet:-1","max-image-preview":"max-image-preview:large","max-video-preview":"max-video-preview:-1"},"og_locale":"es_ES","og_type":"article","og_title":"Roc Rocafort i el robot gegant contra els unicorns d'urani d'Ur\u00e0 - Literatura SM Espa\u00f1a","og_url":"https:\/\/lij.ismeduca.com\/es\/producto\/rr-7-roc-rocafort-i-el-robot-gegant-contra-els-unicorns-durani-dura\/","og_site_name":"Literatura SM Espa\u00f1a","article_modified_time":"2025-12-23T12:03:14+00:00","twitter_card":"summary_large_image","schema":{"@context":"https:\/\/schema.org","@graph":[{"@type":"WebPage","@id":"https:\/\/lij.ismeduca.com\/es\/producto\/rr-7-roc-rocafort-i-el-robot-gegant-contra-els-unicorns-durani-dura\/","url":"https:\/\/lij.ismeduca.com\/es\/producto\/rr-7-roc-rocafort-i-el-robot-gegant-contra-els-unicorns-durani-dura\/","name":"Roc Rocafort i el robot gegant contra els unicorns d'urani d'Ur\u00e0 - Literatura SM Espa\u00f1a","isPartOf":{"@id":"https:\/\/lij.ismeduca.com\/es\/#website"},"primaryImageOfPage":{"@id":"https:\/\/lij.ismeduca.com\/es\/producto\/rr-7-roc-rocafort-i-el-robot-gegant-contra-els-unicorns-durani-dura\/#primaryimage"},"image":{"@id":"https:\/\/lij.ismeduca.com\/es\/producto\/rr-7-roc-rocafort-i-el-robot-gegant-contra-els-unicorns-durani-dura\/#primaryimage"},"thumbnailUrl":"https:\/\/lij.ismeduca.com\/es\/wp-content\/uploads\/sites\/10\/2025\/12\/1246.jpg","datePublished":"2024-07-11T09:19:33+00:00","dateModified":"2025-12-23T12:03:14+00:00","breadcrumb":{"@id":"https:\/\/lij.ismeduca.com\/es\/producto\/rr-7-roc-rocafort-i-el-robot-gegant-contra-els-unicorns-durani-dura\/#breadcrumb"},"inLanguage":"es","potentialAction":[{"@type":"ReadAction","target":["https:\/\/lij.ismeduca.com\/es\/producto\/rr-7-roc-rocafort-i-el-robot-gegant-contra-els-unicorns-durani-dura\/"]}]},{"@type":"ImageObject","inLanguage":"es","@id":"https:\/\/lij.ismeduca.com\/es\/producto\/rr-7-roc-rocafort-i-el-robot-gegant-contra-els-unicorns-durani-dura\/#primaryimage","url":"https:\/\/lij.ismeduca.com\/es\/wp-content\/uploads\/sites\/10\/2025\/12\/1246.jpg","contentUrl":"https:\/\/lij.ismeduca.com\/es\/wp-content\/uploads\/sites\/10\/2025\/12\/1246.jpg","width":600,"height":909},{"@type":"BreadcrumbList","@id":"https:\/\/lij.ismeduca.com\/es\/producto\/rr-7-roc-rocafort-i-el-robot-gegant-contra-els-unicorns-durani-dura\/#breadcrumb","itemListElement":[{"@type":"ListItem","position":1,"name":"Portada","item":"https:\/\/lij.ismeduca.com\/es\/"},{"@type":"ListItem","position":2,"name":"Tienda","item":"https:\/\/lij.ismeduca.com\/es\/tienda\/"},{"@type":"ListItem","position":3,"name":"Roc Rocafort i el robot gegant contra els unicorns d&#8217;urani d&#8217;Ur\u00e0"}]},{"@type":"WebSite","@id":"https:\/\/lij.ismeduca.com\/es\/#website","url":"https:\/\/lij.ismeduca.com\/es\/","name":"Literatura SM Espa\u00f1a","description":"","publisher":{"@id":"https:\/\/lij.ismeduca.com\/es\/#organization"},"potentialAction":[{"@type":"SearchAction","target":{"@type":"EntryPoint","urlTemplate":"https:\/\/lij.ismeduca.com\/es\/?s={search_term_string}"},"query-input":{"@type":"PropertyValueSpecification","valueRequired":true,"valueName":"search_term_string"}}],"inLanguage":"es"},{"@type":"Organization","@id":"https:\/\/lij.ismeduca.com\/es\/#organization","name":"Literatura SM Espa\u00f1a","url":"https:\/\/lij.ismeduca.com\/es\/","logo":{"@type":"ImageObject","inLanguage":"es","@id":"https:\/\/lij.ismeduca.com\/es\/#\/schema\/logo\/image\/","url":"https:\/\/lij.ismeduca.com\/es\/wp-content\/uploads\/sites\/10\/2024\/07\/logo-cabecera.png","contentUrl":"https:\/\/lij.ismeduca.com\/es\/wp-content\/uploads\/sites\/10\/2024\/07\/logo-cabecera.png","width":396,"height":64,"caption":"Literatura SM Espa\u00f1a"},"image":{"@id":"https:\/\/lij.ismeduca.com\/es\/#\/schema\/logo\/image\/"}}]}},"_links":{"self":[{"href":"https:\/\/lij.ismeduca.com\/es\/wp-json\/wp\/v2\/product\/1246","targetHints":{"allow":["GET"]}}],"collection":[{"href":"https:\/\/lij.ismeduca.com\/es\/wp-json\/wp\/v2\/product"}],"about":[{"href":"https:\/\/lij.ismeduca.com\/es\/wp-json\/wp\/v2\/types\/product"}],"version-history":[{"count":2,"href":"https:\/\/lij.ismeduca.com\/es\/wp-json\/wp\/v2\/product\/1246\/revisions"}],"predecessor-version":[{"id":36047,"href":"https:\/\/lij.ismeduca.com\/es\/wp-json\/wp\/v2\/product\/1246\/revisions\/36047"}],"wp:featuredmedia":[{"embeddable":true,"href":"https:\/\/lij.ismeduca.com\/es\/wp-json\/wp\/v2\/media\/36046"}],"wp:attachment":[{"href":"https:\/\/lij.ismeduca.com\/es\/wp-json\/wp\/v2\/media?parent=1246"}],"wp:term":[{"taxonomy":"product_brand","embeddable":true,"href":"https:\/\/lij.ismeduca.com\/es\/wp-json\/wp\/v2\/product_brand?post=1246"},{"taxonomy":"product_cat","embeddable":true,"href":"https:\/\/lij.ismeduca.com\/es\/wp-json\/wp\/v2\/product_cat?post=1246"},{"taxonomy":"product_tag","embeddable":true,"href":"https:\/\/lij.ismeduca.com\/es\/wp-json\/wp\/v2\/product_tag?post=1246"},{"taxonomy":"asignatura","embeddable":true,"href":"https:\/\/lij.ismeduca.com\/es\/wp-json\/wp\/v2\/asignatura?post=1246"},{"taxonomy":"compania","embeddable":true,"href":"https:\/\/lij.ismeduca.com\/es\/wp-json\/wp\/v2\/compania?post=1246"},{"taxonomy":"curso","embeddable":true,"href":"https:\/\/lij.ismeduca.com\/es\/wp-json\/wp\/v2\/curso?post=1246"},{"taxonomy":"idiomas","embeddable":true,"href":"https:\/\/lij.ismeduca.com\/es\/wp-json\/wp\/v2\/idiomas?post=1246"},{"taxonomy":"genero","embeddable":true,"href":"https:\/\/lij.ismeduca.com\/es\/wp-json\/wp\/v2\/genero?post=1246"},{"taxonomy":"linea","embeddable":true,"href":"https:\/\/lij.ismeduca.com\/es\/wp-json\/wp\/v2\/linea?post=1246"},{"taxonomy":"premio","embeddable":true,"href":"https:\/\/lij.ismeduca.com\/es\/wp-json\/wp\/v2\/premio?post=1246"},{"taxonomy":"proyecto-editorial","embeddable":true,"href":"https:\/\/lij.ismeduca.com\/es\/wp-json\/wp\/v2\/proyecto-editorial?post=1246"},{"taxonomy":"tipo-de-libro","embeddable":true,"href":"https:\/\/lij.ismeduca.com\/es\/wp-json\/wp\/v2\/tipo-de-libro?post=1246"},{"taxonomy":"soporte","embeddable":true,"href":"https:\/\/lij.ismeduca.com\/es\/wp-json\/wp\/v2\/soporte?post=1246"},{"taxonomy":"zona-geografica","embeddable":true,"href":"https:\/\/lij.ismeduca.com\/es\/wp-json\/wp\/v2\/zona-geografica?post=1246"},{"taxonomy":"autores","embeddable":true,"href":"https:\/\/lij.ismeduca.com\/es\/wp-json\/wp\/v2\/autores?post=1246"},{"taxonomy":"colecciones","embeddable":true,"href":"https:\/\/lij.ismeduca.com\/es\/wp-json\/wp\/v2\/colecciones?post=1246"},{"taxonomy":"personajes","embeddable":true,"href":"https:\/\/lij.ismeduca.com\/es\/wp-json\/wp\/v2\/personajes?post=1246"}],"curies":[{"name":"wp","href":"https:\/\/api.w.org\/{rel}","templated":true}]}}