{"id":1252,"date":"2024-02-08T00:00:00","date_gmt":"2024-07-11T09:19:36","guid":{"rendered":"https:\/\/lij.ismeduca.com\/tienda\/?post_type=product&#038;p=1252"},"modified":"2025-12-23T13:07:25","modified_gmt":"2025-12-23T12:07:25","slug":"roc-rocafort-i-el-robot-gegant-vs-els-impresentables-pinguinoides-de-pluto","status":"publish","type":"product","link":"https:\/\/lij.ismeduca.com\/es\/producto\/roc-rocafort-i-el-robot-gegant-vs-els-impresentables-pinguinoides-de-pluto\/","title":{"rendered":"Roc Rocafort i el robot gegant vs. els impresentables pingu\u00efnoides de Plut\u00f3"},"content":{"rendered":"","protected":false},"excerpt":{"rendered":"<p>En Roc Rocafort i el robot gegant es veuen involucrats en una altra gran aventura! El President de Plut\u00f3&nbsp;vol envair la terra perqu\u00e8 els \u00e9ssers que l\u2019habiten no consideren Plut\u00f3 un planeta. Se sent tan of\u00e8s que decideix emprendre una batalla amb els seus ajudants Ping\u00fcinoides. Per\u00f2 haur\u00e0 de lluitar contra el Roc Rocafort, el robot gegant i&nbsp;la Lucy i les seves mascotes. Qui guanyar\u00e0 la batalla?<\/p>\n","protected":false},"featured_media":36051,"template":"","meta":{"_acf_changed":false,"inline_featured_image":false},"product_brand":[],"product_cat":[4701],"product_tag":[993,350,268,348,994,297,2058,992],"asignatura":[],"compania":[258],"curso":[],"idiomas":[1951],"genero":[275],"linea":[250],"premio":[],"proyecto-editorial":[323],"tipo-de-libro":[249],"soporte":[2004],"zona-geografica":[],"autores":[4283,2659,4387],"colecciones":[2368],"personajes":[],"class_list":{"0":"post-1252","1":"product","2":"type-product","3":"status-publish","4":"has-post-thumbnail","6":"product_cat-sito-kesito","7":"product_tag-accion","8":"product_tag-actitudes-sociales","9":"product_tag-amistad","10":"product_tag-cohesion-del-grupo","11":"product_tag-liderazgo","12":"product_tag-literatura-de-aventuras","13":"product_tag-ntx","14":"product_tag-poder","15":"pa_codigo-sap-ntx","16":"compania-editorial-cruilla-s-a-es","17":"idiomas-catalan","18":"genero-fantasia","19":"linea-narrativa","20":"proyecto-editorial-6-12","21":"tipo-de-libro-fisico","22":"soporte-libro","23":"autores-dan-santat","24":"autores-dav-pilkey","25":"autores-josep-sampere-i-marti","26":"colecciones-roc-rocafort","28":"first","29":"instock","30":"taxable","31":"shipping-taxable","32":"purchasable","33":"product-type-simple"},"acf":{"id_catalogo":"650","shortTitle":"C-RR.9 ROC ROCAFORT CONTRA ELS PING\u00dcINOI","descripcion":"<p>En Roc Rocafort i el robot gegant es veuen involucrats en una altra gran aventura! El President de Plut\u00f3&nbsp;vol envair la terra perqu\u00e8 els \u00e9ssers que l\u2019habiten no consideren Plut\u00f3 un planeta. Se sent tan of\u00e8s que decideix emprendre una batalla amb els seus ajudants Ping\u00fcinoides. Per\u00f2 haur\u00e0 de lluitar contra el Roc Rocafort, el robot gegant i&nbsp;la Lucy i les seves mascotes. Qui guanyar\u00e0 la batalla?<\/p>","adjuntos":null,"descriptivePhrases":[{"type":"General","text":"En Roc Rocafort i el robot gegant hauran de lluitar contra el President Ping\u00f2nides i els seus Ping\u00fcinoides. Per\u00f2 no estaran sols, compten amb l'ajuda de la Lucy i les seves mascotes. "}],"productSap":"NTX","isbn":"9788466157155","precio_colegios":12.02,"precio_librerias":12.02,"precio_librerias_sin_cobertura":12.02,"precio_distribuidores":12.02,"fecha_disponibilidad":null,"fecha_comercial":"20240208","organizacion_venta":"CS01","datos_para_buscador":"Dan Santat, Josep Sampere i Mart\u00ed, Dav Pilkey, Roc Rocafort, "},"yoast_head":"<!-- This site is optimized with the Yoast SEO plugin v26.6 - https:\/\/yoast.com\/wordpress\/plugins\/seo\/ -->\n<title>Roc Rocafort i el robot gegant vs. els impresentables pingu\u00efnoides de Plut\u00f3 - Literatura SM Espa\u00f1a<\/title>\n<meta name=\"robots\" content=\"noindex, follow, max-snippet:-1, max-image-preview:large, max-video-preview:-1\" \/>\n<meta property=\"og:locale\" content=\"es_ES\" \/>\n<meta property=\"og:type\" content=\"article\" \/>\n<meta property=\"og:title\" content=\"Roc Rocafort i el robot gegant vs. els impresentables pingu\u00efnoides de Plut\u00f3 - Literatura SM Espa\u00f1a\" \/>\n<meta property=\"og:url\" content=\"https:\/\/lij.ismeduca.com\/es\/producto\/roc-rocafort-i-el-robot-gegant-vs-els-impresentables-pinguinoides-de-pluto\/\" \/>\n<meta property=\"og:site_name\" content=\"Literatura SM Espa\u00f1a\" \/>\n<meta property=\"article:modified_time\" content=\"2025-12-23T12:07:25+00:00\" \/>\n<meta name=\"twitter:card\" content=\"summary_large_image\" \/>\n<script type=\"application\/ld+json\" class=\"yoast-schema-graph\">{\"@context\":\"https:\/\/schema.org\",\"@graph\":[{\"@type\":\"WebPage\",\"@id\":\"https:\/\/lij.ismeduca.com\/es\/producto\/roc-rocafort-i-el-robot-gegant-vs-els-impresentables-pinguinoides-de-pluto\/\",\"url\":\"https:\/\/lij.ismeduca.com\/es\/producto\/roc-rocafort-i-el-robot-gegant-vs-els-impresentables-pinguinoides-de-pluto\/\",\"name\":\"Roc Rocafort i el robot gegant vs. els impresentables pingu\u00efnoides de Plut\u00f3 - Literatura SM Espa\u00f1a\",\"isPartOf\":{\"@id\":\"https:\/\/lij.ismeduca.com\/es\/#website\"},\"primaryImageOfPage\":{\"@id\":\"https:\/\/lij.ismeduca.com\/es\/producto\/roc-rocafort-i-el-robot-gegant-vs-els-impresentables-pinguinoides-de-pluto\/#primaryimage\"},\"image\":{\"@id\":\"https:\/\/lij.ismeduca.com\/es\/producto\/roc-rocafort-i-el-robot-gegant-vs-els-impresentables-pinguinoides-de-pluto\/#primaryimage\"},\"thumbnailUrl\":\"https:\/\/lij.ismeduca.com\/es\/wp-content\/uploads\/sites\/10\/2025\/12\/1252.jpg\",\"datePublished\":\"2024-07-11T09:19:36+00:00\",\"dateModified\":\"2025-12-23T12:07:25+00:00\",\"breadcrumb\":{\"@id\":\"https:\/\/lij.ismeduca.com\/es\/producto\/roc-rocafort-i-el-robot-gegant-vs-els-impresentables-pinguinoides-de-pluto\/#breadcrumb\"},\"inLanguage\":\"es\",\"potentialAction\":[{\"@type\":\"ReadAction\",\"target\":[\"https:\/\/lij.ismeduca.com\/es\/producto\/roc-rocafort-i-el-robot-gegant-vs-els-impresentables-pinguinoides-de-pluto\/\"]}]},{\"@type\":\"ImageObject\",\"inLanguage\":\"es\",\"@id\":\"https:\/\/lij.ismeduca.com\/es\/producto\/roc-rocafort-i-el-robot-gegant-vs-els-impresentables-pinguinoides-de-pluto\/#primaryimage\",\"url\":\"https:\/\/lij.ismeduca.com\/es\/wp-content\/uploads\/sites\/10\/2025\/12\/1252.jpg\",\"contentUrl\":\"https:\/\/lij.ismeduca.com\/es\/wp-content\/uploads\/sites\/10\/2025\/12\/1252.jpg\",\"width\":600,\"height\":935},{\"@type\":\"BreadcrumbList\",\"@id\":\"https:\/\/lij.ismeduca.com\/es\/producto\/roc-rocafort-i-el-robot-gegant-vs-els-impresentables-pinguinoides-de-pluto\/#breadcrumb\",\"itemListElement\":[{\"@type\":\"ListItem\",\"position\":1,\"name\":\"Portada\",\"item\":\"https:\/\/lij.ismeduca.com\/es\/\"},{\"@type\":\"ListItem\",\"position\":2,\"name\":\"Tienda\",\"item\":\"https:\/\/lij.ismeduca.com\/es\/tienda\/\"},{\"@type\":\"ListItem\",\"position\":3,\"name\":\"Roc Rocafort i el robot gegant vs. els impresentables pingu\u00efnoides de Plut\u00f3\"}]},{\"@type\":\"WebSite\",\"@id\":\"https:\/\/lij.ismeduca.com\/es\/#website\",\"url\":\"https:\/\/lij.ismeduca.com\/es\/\",\"name\":\"Literatura SM Espa\u00f1a\",\"description\":\"\",\"publisher\":{\"@id\":\"https:\/\/lij.ismeduca.com\/es\/#organization\"},\"potentialAction\":[{\"@type\":\"SearchAction\",\"target\":{\"@type\":\"EntryPoint\",\"urlTemplate\":\"https:\/\/lij.ismeduca.com\/es\/?s={search_term_string}\"},\"query-input\":{\"@type\":\"PropertyValueSpecification\",\"valueRequired\":true,\"valueName\":\"search_term_string\"}}],\"inLanguage\":\"es\"},{\"@type\":\"Organization\",\"@id\":\"https:\/\/lij.ismeduca.com\/es\/#organization\",\"name\":\"Literatura SM Espa\u00f1a\",\"url\":\"https:\/\/lij.ismeduca.com\/es\/\",\"logo\":{\"@type\":\"ImageObject\",\"inLanguage\":\"es\",\"@id\":\"https:\/\/lij.ismeduca.com\/es\/#\/schema\/logo\/image\/\",\"url\":\"https:\/\/lij.ismeduca.com\/es\/wp-content\/uploads\/sites\/10\/2024\/07\/logo-cabecera.png\",\"contentUrl\":\"https:\/\/lij.ismeduca.com\/es\/wp-content\/uploads\/sites\/10\/2024\/07\/logo-cabecera.png\",\"width\":396,\"height\":64,\"caption\":\"Literatura SM Espa\u00f1a\"},\"image\":{\"@id\":\"https:\/\/lij.ismeduca.com\/es\/#\/schema\/logo\/image\/\"}}]}<\/script>\n<!-- \/ Yoast SEO plugin. -->","yoast_head_json":{"title":"Roc Rocafort i el robot gegant vs. els impresentables pingu\u00efnoides de Plut\u00f3 - Literatura SM Espa\u00f1a","robots":{"index":"noindex","follow":"follow","max-snippet":"max-snippet:-1","max-image-preview":"max-image-preview:large","max-video-preview":"max-video-preview:-1"},"og_locale":"es_ES","og_type":"article","og_title":"Roc Rocafort i el robot gegant vs. els impresentables pingu\u00efnoides de Plut\u00f3 - Literatura SM Espa\u00f1a","og_url":"https:\/\/lij.ismeduca.com\/es\/producto\/roc-rocafort-i-el-robot-gegant-vs-els-impresentables-pinguinoides-de-pluto\/","og_site_name":"Literatura SM Espa\u00f1a","article_modified_time":"2025-12-23T12:07:25+00:00","twitter_card":"summary_large_image","schema":{"@context":"https:\/\/schema.org","@graph":[{"@type":"WebPage","@id":"https:\/\/lij.ismeduca.com\/es\/producto\/roc-rocafort-i-el-robot-gegant-vs-els-impresentables-pinguinoides-de-pluto\/","url":"https:\/\/lij.ismeduca.com\/es\/producto\/roc-rocafort-i-el-robot-gegant-vs-els-impresentables-pinguinoides-de-pluto\/","name":"Roc Rocafort i el robot gegant vs. els impresentables pingu\u00efnoides de Plut\u00f3 - Literatura SM Espa\u00f1a","isPartOf":{"@id":"https:\/\/lij.ismeduca.com\/es\/#website"},"primaryImageOfPage":{"@id":"https:\/\/lij.ismeduca.com\/es\/producto\/roc-rocafort-i-el-robot-gegant-vs-els-impresentables-pinguinoides-de-pluto\/#primaryimage"},"image":{"@id":"https:\/\/lij.ismeduca.com\/es\/producto\/roc-rocafort-i-el-robot-gegant-vs-els-impresentables-pinguinoides-de-pluto\/#primaryimage"},"thumbnailUrl":"https:\/\/lij.ismeduca.com\/es\/wp-content\/uploads\/sites\/10\/2025\/12\/1252.jpg","datePublished":"2024-07-11T09:19:36+00:00","dateModified":"2025-12-23T12:07:25+00:00","breadcrumb":{"@id":"https:\/\/lij.ismeduca.com\/es\/producto\/roc-rocafort-i-el-robot-gegant-vs-els-impresentables-pinguinoides-de-pluto\/#breadcrumb"},"inLanguage":"es","potentialAction":[{"@type":"ReadAction","target":["https:\/\/lij.ismeduca.com\/es\/producto\/roc-rocafort-i-el-robot-gegant-vs-els-impresentables-pinguinoides-de-pluto\/"]}]},{"@type":"ImageObject","inLanguage":"es","@id":"https:\/\/lij.ismeduca.com\/es\/producto\/roc-rocafort-i-el-robot-gegant-vs-els-impresentables-pinguinoides-de-pluto\/#primaryimage","url":"https:\/\/lij.ismeduca.com\/es\/wp-content\/uploads\/sites\/10\/2025\/12\/1252.jpg","contentUrl":"https:\/\/lij.ismeduca.com\/es\/wp-content\/uploads\/sites\/10\/2025\/12\/1252.jpg","width":600,"height":935},{"@type":"BreadcrumbList","@id":"https:\/\/lij.ismeduca.com\/es\/producto\/roc-rocafort-i-el-robot-gegant-vs-els-impresentables-pinguinoides-de-pluto\/#breadcrumb","itemListElement":[{"@type":"ListItem","position":1,"name":"Portada","item":"https:\/\/lij.ismeduca.com\/es\/"},{"@type":"ListItem","position":2,"name":"Tienda","item":"https:\/\/lij.ismeduca.com\/es\/tienda\/"},{"@type":"ListItem","position":3,"name":"Roc Rocafort i el robot gegant vs. els impresentables pingu\u00efnoides de Plut\u00f3"}]},{"@type":"WebSite","@id":"https:\/\/lij.ismeduca.com\/es\/#website","url":"https:\/\/lij.ismeduca.com\/es\/","name":"Literatura SM Espa\u00f1a","description":"","publisher":{"@id":"https:\/\/lij.ismeduca.com\/es\/#organization"},"potentialAction":[{"@type":"SearchAction","target":{"@type":"EntryPoint","urlTemplate":"https:\/\/lij.ismeduca.com\/es\/?s={search_term_string}"},"query-input":{"@type":"PropertyValueSpecification","valueRequired":true,"valueName":"search_term_string"}}],"inLanguage":"es"},{"@type":"Organization","@id":"https:\/\/lij.ismeduca.com\/es\/#organization","name":"Literatura SM Espa\u00f1a","url":"https:\/\/lij.ismeduca.com\/es\/","logo":{"@type":"ImageObject","inLanguage":"es","@id":"https:\/\/lij.ismeduca.com\/es\/#\/schema\/logo\/image\/","url":"https:\/\/lij.ismeduca.com\/es\/wp-content\/uploads\/sites\/10\/2024\/07\/logo-cabecera.png","contentUrl":"https:\/\/lij.ismeduca.com\/es\/wp-content\/uploads\/sites\/10\/2024\/07\/logo-cabecera.png","width":396,"height":64,"caption":"Literatura SM Espa\u00f1a"},"image":{"@id":"https:\/\/lij.ismeduca.com\/es\/#\/schema\/logo\/image\/"}}]}},"_links":{"self":[{"href":"https:\/\/lij.ismeduca.com\/es\/wp-json\/wp\/v2\/product\/1252","targetHints":{"allow":["GET"]}}],"collection":[{"href":"https:\/\/lij.ismeduca.com\/es\/wp-json\/wp\/v2\/product"}],"about":[{"href":"https:\/\/lij.ismeduca.com\/es\/wp-json\/wp\/v2\/types\/product"}],"version-history":[{"count":1,"href":"https:\/\/lij.ismeduca.com\/es\/wp-json\/wp\/v2\/product\/1252\/revisions"}],"predecessor-version":[{"id":32685,"href":"https:\/\/lij.ismeduca.com\/es\/wp-json\/wp\/v2\/product\/1252\/revisions\/32685"}],"wp:featuredmedia":[{"embeddable":true,"href":"https:\/\/lij.ismeduca.com\/es\/wp-json\/wp\/v2\/media\/36051"}],"wp:attachment":[{"href":"https:\/\/lij.ismeduca.com\/es\/wp-json\/wp\/v2\/media?parent=1252"}],"wp:term":[{"taxonomy":"product_brand","embeddable":true,"href":"https:\/\/lij.ismeduca.com\/es\/wp-json\/wp\/v2\/product_brand?post=1252"},{"taxonomy":"product_cat","embeddable":true,"href":"https:\/\/lij.ismeduca.com\/es\/wp-json\/wp\/v2\/product_cat?post=1252"},{"taxonomy":"product_tag","embeddable":true,"href":"https:\/\/lij.ismeduca.com\/es\/wp-json\/wp\/v2\/product_tag?post=1252"},{"taxonomy":"asignatura","embeddable":true,"href":"https:\/\/lij.ismeduca.com\/es\/wp-json\/wp\/v2\/asignatura?post=1252"},{"taxonomy":"compania","embeddable":true,"href":"https:\/\/lij.ismeduca.com\/es\/wp-json\/wp\/v2\/compania?post=1252"},{"taxonomy":"curso","embeddable":true,"href":"https:\/\/lij.ismeduca.com\/es\/wp-json\/wp\/v2\/curso?post=1252"},{"taxonomy":"idiomas","embeddable":true,"href":"https:\/\/lij.ismeduca.com\/es\/wp-json\/wp\/v2\/idiomas?post=1252"},{"taxonomy":"genero","embeddable":true,"href":"https:\/\/lij.ismeduca.com\/es\/wp-json\/wp\/v2\/genero?post=1252"},{"taxonomy":"linea","embeddable":true,"href":"https:\/\/lij.ismeduca.com\/es\/wp-json\/wp\/v2\/linea?post=1252"},{"taxonomy":"premio","embeddable":true,"href":"https:\/\/lij.ismeduca.com\/es\/wp-json\/wp\/v2\/premio?post=1252"},{"taxonomy":"proyecto-editorial","embeddable":true,"href":"https:\/\/lij.ismeduca.com\/es\/wp-json\/wp\/v2\/proyecto-editorial?post=1252"},{"taxonomy":"tipo-de-libro","embeddable":true,"href":"https:\/\/lij.ismeduca.com\/es\/wp-json\/wp\/v2\/tipo-de-libro?post=1252"},{"taxonomy":"soporte","embeddable":true,"href":"https:\/\/lij.ismeduca.com\/es\/wp-json\/wp\/v2\/soporte?post=1252"},{"taxonomy":"zona-geografica","embeddable":true,"href":"https:\/\/lij.ismeduca.com\/es\/wp-json\/wp\/v2\/zona-geografica?post=1252"},{"taxonomy":"autores","embeddable":true,"href":"https:\/\/lij.ismeduca.com\/es\/wp-json\/wp\/v2\/autores?post=1252"},{"taxonomy":"colecciones","embeddable":true,"href":"https:\/\/lij.ismeduca.com\/es\/wp-json\/wp\/v2\/colecciones?post=1252"},{"taxonomy":"personajes","embeddable":true,"href":"https:\/\/lij.ismeduca.com\/es\/wp-json\/wp\/v2\/personajes?post=1252"}],"curies":[{"name":"wp","href":"https:\/\/api.w.org\/{rel}","templated":true}]}}