{"id":1298,"date":"2024-02-08T00:00:00","date_gmt":"2024-07-11T09:20:35","guid":{"rendered":"https:\/\/lij.ismeduca.com\/tienda\/?post_type=product&#038;p=1298"},"modified":"2025-12-23T13:05:03","modified_gmt":"2025-12-23T12:05:03","slug":"juniper-mae-1-guerrera-de-la-ciudad-de-tykotech","status":"publish","type":"product","link":"https:\/\/lij.ismeduca.com\/es\/producto\/juniper-mae-1-guerrera-de-la-ciudad-de-tykotech\/","title":{"rendered":"Juniper Mae 1. Guerrera de la ciudad de Tykotech"},"content":{"rendered":"","protected":false},"excerpt":{"rendered":"<p>La ciudad de Tykotech es un lugar maravilloso, repleto de la tecnolog\u00eda m\u00e1s incre\u00edble que jam\u00e1s hayas podido imaginar. Sus habitantes viven en paz hasta que, un d\u00eda, comienzan los apagones, y poco despu\u00e9s una amenaza siniestra se apodera de las calles\u2026<\/p>\n<p>El futuro de todos cae entonces en manos de Juniper Mae, una joven inventora obsesionada con las leyendas de las guardianas guerreras. \u00bfLograr\u00e1 seguir los pasos de sus hero\u00ednas y dise\u00f1ar alg\u00fan invento para salvar la ciudad?<\/p>\n","protected":false},"featured_media":35818,"template":"","meta":{"_acf_changed":false,"inline_featured_image":false},"product_brand":[],"product_cat":[4688],"product_tag":[331,485,628,1003,478,481,2058,502],"asignatura":[],"compania":[252],"curso":[],"idiomas":[1948],"genero":[275],"linea":[888],"premio":[],"proyecto-editorial":[323],"tipo-de-libro":[249],"soporte":[2004],"zona-geografica":[],"autores":[4579,4543,4215],"colecciones":[2352],"personajes":[],"class_list":{"0":"post-1298","1":"product","2":"type-product","3":"status-publish","4":"has-post-thumbnail","6":"product_cat-juniper-mae","7":"product_tag-comics","8":"product_tag-conservacion-de-la-naturaleza","9":"product_tag-educacion-cientifica","10":"product_tag-futuro","11":"product_tag-literatura-fantastica","12":"product_tag-magia","13":"product_tag-ntx","14":"product_tag-proteccion-del-medio-ambiente","15":"pa_codigo-sap-ntx","16":"compania-f-sta-maria-ediciones-sm-es","17":"idiomas-espanol","18":"genero-fantasia","19":"linea-comics","20":"proyecto-editorial-6-12","21":"tipo-de-libro-fisico","22":"soporte-libro","23":"autores-alejandra-freund-urrutia","24":"autores-iria-torres-garcia","25":"autores-sarah-soh","26":"colecciones-juniper-mae","28":"first","29":"instock","30":"taxable","31":"shipping-taxable","32":"purchasable","33":"product-type-simple"},"acf":{"id_catalogo":"650","shortTitle":"JMA.1 GUERRERA DE LA CIUDAD DE TYKOTECH","descripcion":"<p>La ciudad de Tykotech es un lugar maravilloso, repleto de la tecnolog\u00eda m\u00e1s incre\u00edble que jam\u00e1s hayas podido imaginar. Sus habitantes viven en paz hasta que, un d\u00eda, comienzan los apagones, y poco despu\u00e9s una amenaza siniestra se apodera de las calles\u2026<\/p>\n<p>El futuro de todos cae entonces en manos de Juniper Mae, una joven inventora obsesionada con las leyendas de las guardianas guerreras. \u00bfLograr\u00e1 seguir los pasos de sus hero\u00ednas y dise\u00f1ar alg\u00fan invento para salvar la ciudad?<\/p>","adjuntos":null,"descriptivePhrases":[{"type":"General","text":"Una joven inventora, una ciudad futurista, un bosque lleno de fant\u00e1sticos secretos y una amenaza que acecha... \u00bfConoces ya a Juniper Mae?"}],"productSap":"NTX","isbn":"9788411821896","precio_colegios":12.45,"precio_librerias":12.45,"precio_librerias_sin_cobertura":12.45,"precio_distribuidores":12.45,"fecha_disponibilidad":null,"fecha_comercial":"20240208","organizacion_venta":"CS01","datos_para_buscador":"Alejandra Freund Urrutia, Iria Torres Garc\u00eda, Sarah Soh, Sarah Soh, Juniper Mae, "},"yoast_head":"<!-- This site is optimized with the Yoast SEO plugin v26.6 - https:\/\/yoast.com\/wordpress\/plugins\/seo\/ -->\n<title>Juniper Mae 1. Guerrera de la ciudad de Tykotech - Literatura SM Espa\u00f1a<\/title>\n<meta name=\"robots\" content=\"noindex, follow, max-snippet:-1, max-image-preview:large, max-video-preview:-1\" \/>\n<meta property=\"og:locale\" content=\"es_ES\" \/>\n<meta property=\"og:type\" content=\"article\" \/>\n<meta property=\"og:title\" content=\"Juniper Mae 1. Guerrera de la ciudad de Tykotech - Literatura SM Espa\u00f1a\" \/>\n<meta property=\"og:url\" content=\"https:\/\/lij.ismeduca.com\/es\/producto\/juniper-mae-1-guerrera-de-la-ciudad-de-tykotech\/\" \/>\n<meta property=\"og:site_name\" content=\"Literatura SM Espa\u00f1a\" \/>\n<meta property=\"article:modified_time\" content=\"2025-12-23T12:05:03+00:00\" \/>\n<meta name=\"twitter:card\" content=\"summary_large_image\" \/>\n<script type=\"application\/ld+json\" class=\"yoast-schema-graph\">{\"@context\":\"https:\/\/schema.org\",\"@graph\":[{\"@type\":\"WebPage\",\"@id\":\"https:\/\/lij.ismeduca.com\/es\/producto\/juniper-mae-1-guerrera-de-la-ciudad-de-tykotech\/\",\"url\":\"https:\/\/lij.ismeduca.com\/es\/producto\/juniper-mae-1-guerrera-de-la-ciudad-de-tykotech\/\",\"name\":\"Juniper Mae 1. Guerrera de la ciudad de Tykotech - Literatura SM Espa\u00f1a\",\"isPartOf\":{\"@id\":\"https:\/\/lij.ismeduca.com\/es\/#website\"},\"primaryImageOfPage\":{\"@id\":\"https:\/\/lij.ismeduca.com\/es\/producto\/juniper-mae-1-guerrera-de-la-ciudad-de-tykotech\/#primaryimage\"},\"image\":{\"@id\":\"https:\/\/lij.ismeduca.com\/es\/producto\/juniper-mae-1-guerrera-de-la-ciudad-de-tykotech\/#primaryimage\"},\"thumbnailUrl\":\"https:\/\/lij.ismeduca.com\/es\/wp-content\/uploads\/sites\/10\/2025\/12\/1298.jpg\",\"datePublished\":\"2024-07-11T09:20:35+00:00\",\"dateModified\":\"2025-12-23T12:05:03+00:00\",\"breadcrumb\":{\"@id\":\"https:\/\/lij.ismeduca.com\/es\/producto\/juniper-mae-1-guerrera-de-la-ciudad-de-tykotech\/#breadcrumb\"},\"inLanguage\":\"es\",\"potentialAction\":[{\"@type\":\"ReadAction\",\"target\":[\"https:\/\/lij.ismeduca.com\/es\/producto\/juniper-mae-1-guerrera-de-la-ciudad-de-tykotech\/\"]}]},{\"@type\":\"ImageObject\",\"inLanguage\":\"es\",\"@id\":\"https:\/\/lij.ismeduca.com\/es\/producto\/juniper-mae-1-guerrera-de-la-ciudad-de-tykotech\/#primaryimage\",\"url\":\"https:\/\/lij.ismeduca.com\/es\/wp-content\/uploads\/sites\/10\/2025\/12\/1298.jpg\",\"contentUrl\":\"https:\/\/lij.ismeduca.com\/es\/wp-content\/uploads\/sites\/10\/2025\/12\/1298.jpg\",\"width\":600,\"height\":826},{\"@type\":\"BreadcrumbList\",\"@id\":\"https:\/\/lij.ismeduca.com\/es\/producto\/juniper-mae-1-guerrera-de-la-ciudad-de-tykotech\/#breadcrumb\",\"itemListElement\":[{\"@type\":\"ListItem\",\"position\":1,\"name\":\"Portada\",\"item\":\"https:\/\/lij.ismeduca.com\/es\/\"},{\"@type\":\"ListItem\",\"position\":2,\"name\":\"Tienda\",\"item\":\"https:\/\/lij.ismeduca.com\/es\/tienda\/\"},{\"@type\":\"ListItem\",\"position\":3,\"name\":\"Juniper Mae 1. Guerrera de la ciudad de Tykotech\"}]},{\"@type\":\"WebSite\",\"@id\":\"https:\/\/lij.ismeduca.com\/es\/#website\",\"url\":\"https:\/\/lij.ismeduca.com\/es\/\",\"name\":\"Literatura SM Espa\u00f1a\",\"description\":\"\",\"publisher\":{\"@id\":\"https:\/\/lij.ismeduca.com\/es\/#organization\"},\"potentialAction\":[{\"@type\":\"SearchAction\",\"target\":{\"@type\":\"EntryPoint\",\"urlTemplate\":\"https:\/\/lij.ismeduca.com\/es\/?s={search_term_string}\"},\"query-input\":{\"@type\":\"PropertyValueSpecification\",\"valueRequired\":true,\"valueName\":\"search_term_string\"}}],\"inLanguage\":\"es\"},{\"@type\":\"Organization\",\"@id\":\"https:\/\/lij.ismeduca.com\/es\/#organization\",\"name\":\"Literatura SM Espa\u00f1a\",\"url\":\"https:\/\/lij.ismeduca.com\/es\/\",\"logo\":{\"@type\":\"ImageObject\",\"inLanguage\":\"es\",\"@id\":\"https:\/\/lij.ismeduca.com\/es\/#\/schema\/logo\/image\/\",\"url\":\"https:\/\/lij.ismeduca.com\/es\/wp-content\/uploads\/sites\/10\/2024\/07\/logo-cabecera.png\",\"contentUrl\":\"https:\/\/lij.ismeduca.com\/es\/wp-content\/uploads\/sites\/10\/2024\/07\/logo-cabecera.png\",\"width\":396,\"height\":64,\"caption\":\"Literatura SM Espa\u00f1a\"},\"image\":{\"@id\":\"https:\/\/lij.ismeduca.com\/es\/#\/schema\/logo\/image\/\"}}]}<\/script>\n<!-- \/ Yoast SEO plugin. -->","yoast_head_json":{"title":"Juniper Mae 1. Guerrera de la ciudad de Tykotech - Literatura SM Espa\u00f1a","robots":{"index":"noindex","follow":"follow","max-snippet":"max-snippet:-1","max-image-preview":"max-image-preview:large","max-video-preview":"max-video-preview:-1"},"og_locale":"es_ES","og_type":"article","og_title":"Juniper Mae 1. Guerrera de la ciudad de Tykotech - Literatura SM Espa\u00f1a","og_url":"https:\/\/lij.ismeduca.com\/es\/producto\/juniper-mae-1-guerrera-de-la-ciudad-de-tykotech\/","og_site_name":"Literatura SM Espa\u00f1a","article_modified_time":"2025-12-23T12:05:03+00:00","twitter_card":"summary_large_image","schema":{"@context":"https:\/\/schema.org","@graph":[{"@type":"WebPage","@id":"https:\/\/lij.ismeduca.com\/es\/producto\/juniper-mae-1-guerrera-de-la-ciudad-de-tykotech\/","url":"https:\/\/lij.ismeduca.com\/es\/producto\/juniper-mae-1-guerrera-de-la-ciudad-de-tykotech\/","name":"Juniper Mae 1. Guerrera de la ciudad de Tykotech - Literatura SM Espa\u00f1a","isPartOf":{"@id":"https:\/\/lij.ismeduca.com\/es\/#website"},"primaryImageOfPage":{"@id":"https:\/\/lij.ismeduca.com\/es\/producto\/juniper-mae-1-guerrera-de-la-ciudad-de-tykotech\/#primaryimage"},"image":{"@id":"https:\/\/lij.ismeduca.com\/es\/producto\/juniper-mae-1-guerrera-de-la-ciudad-de-tykotech\/#primaryimage"},"thumbnailUrl":"https:\/\/lij.ismeduca.com\/es\/wp-content\/uploads\/sites\/10\/2025\/12\/1298.jpg","datePublished":"2024-07-11T09:20:35+00:00","dateModified":"2025-12-23T12:05:03+00:00","breadcrumb":{"@id":"https:\/\/lij.ismeduca.com\/es\/producto\/juniper-mae-1-guerrera-de-la-ciudad-de-tykotech\/#breadcrumb"},"inLanguage":"es","potentialAction":[{"@type":"ReadAction","target":["https:\/\/lij.ismeduca.com\/es\/producto\/juniper-mae-1-guerrera-de-la-ciudad-de-tykotech\/"]}]},{"@type":"ImageObject","inLanguage":"es","@id":"https:\/\/lij.ismeduca.com\/es\/producto\/juniper-mae-1-guerrera-de-la-ciudad-de-tykotech\/#primaryimage","url":"https:\/\/lij.ismeduca.com\/es\/wp-content\/uploads\/sites\/10\/2025\/12\/1298.jpg","contentUrl":"https:\/\/lij.ismeduca.com\/es\/wp-content\/uploads\/sites\/10\/2025\/12\/1298.jpg","width":600,"height":826},{"@type":"BreadcrumbList","@id":"https:\/\/lij.ismeduca.com\/es\/producto\/juniper-mae-1-guerrera-de-la-ciudad-de-tykotech\/#breadcrumb","itemListElement":[{"@type":"ListItem","position":1,"name":"Portada","item":"https:\/\/lij.ismeduca.com\/es\/"},{"@type":"ListItem","position":2,"name":"Tienda","item":"https:\/\/lij.ismeduca.com\/es\/tienda\/"},{"@type":"ListItem","position":3,"name":"Juniper Mae 1. Guerrera de la ciudad de Tykotech"}]},{"@type":"WebSite","@id":"https:\/\/lij.ismeduca.com\/es\/#website","url":"https:\/\/lij.ismeduca.com\/es\/","name":"Literatura SM Espa\u00f1a","description":"","publisher":{"@id":"https:\/\/lij.ismeduca.com\/es\/#organization"},"potentialAction":[{"@type":"SearchAction","target":{"@type":"EntryPoint","urlTemplate":"https:\/\/lij.ismeduca.com\/es\/?s={search_term_string}"},"query-input":{"@type":"PropertyValueSpecification","valueRequired":true,"valueName":"search_term_string"}}],"inLanguage":"es"},{"@type":"Organization","@id":"https:\/\/lij.ismeduca.com\/es\/#organization","name":"Literatura SM Espa\u00f1a","url":"https:\/\/lij.ismeduca.com\/es\/","logo":{"@type":"ImageObject","inLanguage":"es","@id":"https:\/\/lij.ismeduca.com\/es\/#\/schema\/logo\/image\/","url":"https:\/\/lij.ismeduca.com\/es\/wp-content\/uploads\/sites\/10\/2024\/07\/logo-cabecera.png","contentUrl":"https:\/\/lij.ismeduca.com\/es\/wp-content\/uploads\/sites\/10\/2024\/07\/logo-cabecera.png","width":396,"height":64,"caption":"Literatura SM Espa\u00f1a"},"image":{"@id":"https:\/\/lij.ismeduca.com\/es\/#\/schema\/logo\/image\/"}}]}},"_links":{"self":[{"href":"https:\/\/lij.ismeduca.com\/es\/wp-json\/wp\/v2\/product\/1298","targetHints":{"allow":["GET"]}}],"collection":[{"href":"https:\/\/lij.ismeduca.com\/es\/wp-json\/wp\/v2\/product"}],"about":[{"href":"https:\/\/lij.ismeduca.com\/es\/wp-json\/wp\/v2\/types\/product"}],"version-history":[{"count":1,"href":"https:\/\/lij.ismeduca.com\/es\/wp-json\/wp\/v2\/product\/1298\/revisions"}],"predecessor-version":[{"id":35819,"href":"https:\/\/lij.ismeduca.com\/es\/wp-json\/wp\/v2\/product\/1298\/revisions\/35819"}],"wp:featuredmedia":[{"embeddable":true,"href":"https:\/\/lij.ismeduca.com\/es\/wp-json\/wp\/v2\/media\/35818"}],"wp:attachment":[{"href":"https:\/\/lij.ismeduca.com\/es\/wp-json\/wp\/v2\/media?parent=1298"}],"wp:term":[{"taxonomy":"product_brand","embeddable":true,"href":"https:\/\/lij.ismeduca.com\/es\/wp-json\/wp\/v2\/product_brand?post=1298"},{"taxonomy":"product_cat","embeddable":true,"href":"https:\/\/lij.ismeduca.com\/es\/wp-json\/wp\/v2\/product_cat?post=1298"},{"taxonomy":"product_tag","embeddable":true,"href":"https:\/\/lij.ismeduca.com\/es\/wp-json\/wp\/v2\/product_tag?post=1298"},{"taxonomy":"asignatura","embeddable":true,"href":"https:\/\/lij.ismeduca.com\/es\/wp-json\/wp\/v2\/asignatura?post=1298"},{"taxonomy":"compania","embeddable":true,"href":"https:\/\/lij.ismeduca.com\/es\/wp-json\/wp\/v2\/compania?post=1298"},{"taxonomy":"curso","embeddable":true,"href":"https:\/\/lij.ismeduca.com\/es\/wp-json\/wp\/v2\/curso?post=1298"},{"taxonomy":"idiomas","embeddable":true,"href":"https:\/\/lij.ismeduca.com\/es\/wp-json\/wp\/v2\/idiomas?post=1298"},{"taxonomy":"genero","embeddable":true,"href":"https:\/\/lij.ismeduca.com\/es\/wp-json\/wp\/v2\/genero?post=1298"},{"taxonomy":"linea","embeddable":true,"href":"https:\/\/lij.ismeduca.com\/es\/wp-json\/wp\/v2\/linea?post=1298"},{"taxonomy":"premio","embeddable":true,"href":"https:\/\/lij.ismeduca.com\/es\/wp-json\/wp\/v2\/premio?post=1298"},{"taxonomy":"proyecto-editorial","embeddable":true,"href":"https:\/\/lij.ismeduca.com\/es\/wp-json\/wp\/v2\/proyecto-editorial?post=1298"},{"taxonomy":"tipo-de-libro","embeddable":true,"href":"https:\/\/lij.ismeduca.com\/es\/wp-json\/wp\/v2\/tipo-de-libro?post=1298"},{"taxonomy":"soporte","embeddable":true,"href":"https:\/\/lij.ismeduca.com\/es\/wp-json\/wp\/v2\/soporte?post=1298"},{"taxonomy":"zona-geografica","embeddable":true,"href":"https:\/\/lij.ismeduca.com\/es\/wp-json\/wp\/v2\/zona-geografica?post=1298"},{"taxonomy":"autores","embeddable":true,"href":"https:\/\/lij.ismeduca.com\/es\/wp-json\/wp\/v2\/autores?post=1298"},{"taxonomy":"colecciones","embeddable":true,"href":"https:\/\/lij.ismeduca.com\/es\/wp-json\/wp\/v2\/colecciones?post=1298"},{"taxonomy":"personajes","embeddable":true,"href":"https:\/\/lij.ismeduca.com\/es\/wp-json\/wp\/v2\/personajes?post=1298"}],"curies":[{"name":"wp","href":"https:\/\/api.w.org\/{rel}","templated":true}]}}