{"id":1304,"date":"2024-02-08T00:00:00","date_gmt":"2024-07-11T09:20:38","guid":{"rendered":"https:\/\/lij.ismeduca.com\/tienda\/?post_type=product&#038;p=1304"},"modified":"2025-12-23T13:04:59","modified_gmt":"2025-12-23T12:04:59","slug":"juniper-mae-1-guerrera-de-la-ciutat-de-tykotech","status":"publish","type":"product","link":"https:\/\/lij.ismeduca.com\/es\/producto\/juniper-mae-1-guerrera-de-la-ciutat-de-tykotech\/","title":{"rendered":"Juniper Mae 1: Guerrera de la ciutat de Tykotech"},"content":{"rendered":"","protected":false},"excerpt":{"rendered":"<p>Tykotech \u00e9s un lloc meravell\u00f3s, on tot funciona gr\u00e0cies a una tecnologia molt avan\u00e7ada. La gent hi viu en pau fins que, un dia, comencen els talls d\u2019energia i les apagades. I, poc despr\u00e9s, unes criatures sinistres envaeixen els carrers i posen en perill la ciutat&#8230;<br \/>\nLa Juniper Mae, una nena inventora obsessionada amb les llegendes de les Guerreres Guardianes, \u00e9s l\u2019\u00fanica que pot trobar una soluci\u00f3. Aconseguir\u00e0 seguir els passos de les seves hero\u00efnes i crear un invent capa\u00e7 de salvar la ciutat de Tykotech?<\/p>\n<p>&nbsp;<\/p>\n","protected":false},"featured_media":35821,"template":"","meta":{"_acf_changed":false,"inline_featured_image":false},"product_brand":[],"product_cat":[4688],"product_tag":[331,1010,297,916,478,2058,342],"asignatura":[],"compania":[258],"curso":[],"idiomas":[1951],"genero":[275],"linea":[888],"premio":[],"proyecto-editorial":[323],"tipo-de-libro":[249],"soporte":[2004],"zona-geografica":[],"autores":[4206,4215],"colecciones":[2352],"personajes":[],"class_list":{"0":"post-1304","1":"product","2":"type-product","3":"status-publish","4":"has-post-thumbnail","6":"product_cat-juniper-mae","7":"product_tag-comics","8":"product_tag-educacion-tecnologica","9":"product_tag-literatura-de-aventuras","10":"product_tag-literatura-de-ciencia-ficcion","11":"product_tag-literatura-fantastica","12":"product_tag-ntx","13":"product_tag-relaciones-padres-hijos","14":"pa_codigo-sap-ntx","15":"compania-editorial-cruilla-s-a-es","16":"idiomas-catalan","17":"genero-fantasia","18":"linea-comics","19":"proyecto-editorial-6-12","20":"tipo-de-libro-fisico","21":"soporte-libro","22":"autores-daniela-gomez-cardenas","23":"autores-sarah-soh","24":"colecciones-juniper-mae","26":"first","27":"instock","28":"taxable","29":"shipping-taxable","30":"purchasable","31":"product-type-simple"},"acf":{"id_catalogo":"650","shortTitle":"JMA.1 GUERRERA DE LA CIUTAT DE TYKOTECH","descripcion":"<p>Tykotech \u00e9s un lloc meravell\u00f3s, on tot funciona gr\u00e0cies a una tecnologia molt avan\u00e7ada. La gent hi viu en pau fins que, un dia, comencen els talls d\u2019energia i les apagades. I, poc despr\u00e9s, unes criatures sinistres envaeixen els carrers i posen en perill la ciutat...<br \/>\nLa Juniper Mae, una nena inventora obsessionada amb les llegendes de les Guerreres Guardianes, \u00e9s l\u2019\u00fanica que pot trobar una soluci\u00f3. Aconseguir\u00e0 seguir els passos de les seves hero\u00efnes i crear un invent capa\u00e7 de salvar la ciutat de Tykotech?<\/p>\n<p>&nbsp;<\/p>","adjuntos":null,"descriptivePhrases":[{"type":"General","text":"Descobreix l\u2019univers fant\u00e0stic de la Juniper Mae en aquest primer c\u00f2mic de la col\u00b7lecci\u00f3."}],"productSap":"NTX","isbn":"9788466157100","precio_colegios":12.45,"precio_librerias":12.45,"precio_librerias_sin_cobertura":12.45,"precio_distribuidores":12.45,"fecha_disponibilidad":null,"fecha_comercial":"20240208","organizacion_venta":"CS01","datos_para_buscador":"Sarah Soh, Daniela G\u00f3mez C\u00e1rdenas, Sarah Soh, Juniper Mae, "},"yoast_head":"<!-- This site is optimized with the Yoast SEO plugin v26.6 - https:\/\/yoast.com\/wordpress\/plugins\/seo\/ -->\n<title>Juniper Mae 1: Guerrera de la ciutat de Tykotech - Literatura SM Espa\u00f1a<\/title>\n<meta name=\"robots\" content=\"noindex, follow, max-snippet:-1, max-image-preview:large, max-video-preview:-1\" \/>\n<meta property=\"og:locale\" content=\"es_ES\" \/>\n<meta property=\"og:type\" content=\"article\" \/>\n<meta property=\"og:title\" content=\"Juniper Mae 1: Guerrera de la ciutat de Tykotech - Literatura SM Espa\u00f1a\" \/>\n<meta property=\"og:url\" content=\"https:\/\/lij.ismeduca.com\/es\/producto\/juniper-mae-1-guerrera-de-la-ciutat-de-tykotech\/\" \/>\n<meta property=\"og:site_name\" content=\"Literatura SM Espa\u00f1a\" \/>\n<meta property=\"article:modified_time\" content=\"2025-12-23T12:04:59+00:00\" \/>\n<meta name=\"twitter:card\" content=\"summary_large_image\" \/>\n<script type=\"application\/ld+json\" class=\"yoast-schema-graph\">{\"@context\":\"https:\/\/schema.org\",\"@graph\":[{\"@type\":\"WebPage\",\"@id\":\"https:\/\/lij.ismeduca.com\/es\/producto\/juniper-mae-1-guerrera-de-la-ciutat-de-tykotech\/\",\"url\":\"https:\/\/lij.ismeduca.com\/es\/producto\/juniper-mae-1-guerrera-de-la-ciutat-de-tykotech\/\",\"name\":\"Juniper Mae 1: Guerrera de la ciutat de Tykotech - Literatura SM Espa\u00f1a\",\"isPartOf\":{\"@id\":\"https:\/\/lij.ismeduca.com\/es\/#website\"},\"primaryImageOfPage\":{\"@id\":\"https:\/\/lij.ismeduca.com\/es\/producto\/juniper-mae-1-guerrera-de-la-ciutat-de-tykotech\/#primaryimage\"},\"image\":{\"@id\":\"https:\/\/lij.ismeduca.com\/es\/producto\/juniper-mae-1-guerrera-de-la-ciutat-de-tykotech\/#primaryimage\"},\"thumbnailUrl\":\"https:\/\/lij.ismeduca.com\/es\/wp-content\/uploads\/sites\/10\/2025\/12\/1304.jpg\",\"datePublished\":\"2024-07-11T09:20:38+00:00\",\"dateModified\":\"2025-12-23T12:04:59+00:00\",\"breadcrumb\":{\"@id\":\"https:\/\/lij.ismeduca.com\/es\/producto\/juniper-mae-1-guerrera-de-la-ciutat-de-tykotech\/#breadcrumb\"},\"inLanguage\":\"es\",\"potentialAction\":[{\"@type\":\"ReadAction\",\"target\":[\"https:\/\/lij.ismeduca.com\/es\/producto\/juniper-mae-1-guerrera-de-la-ciutat-de-tykotech\/\"]}]},{\"@type\":\"ImageObject\",\"inLanguage\":\"es\",\"@id\":\"https:\/\/lij.ismeduca.com\/es\/producto\/juniper-mae-1-guerrera-de-la-ciutat-de-tykotech\/#primaryimage\",\"url\":\"https:\/\/lij.ismeduca.com\/es\/wp-content\/uploads\/sites\/10\/2025\/12\/1304.jpg\",\"contentUrl\":\"https:\/\/lij.ismeduca.com\/es\/wp-content\/uploads\/sites\/10\/2025\/12\/1304.jpg\",\"width\":600,\"height\":834},{\"@type\":\"BreadcrumbList\",\"@id\":\"https:\/\/lij.ismeduca.com\/es\/producto\/juniper-mae-1-guerrera-de-la-ciutat-de-tykotech\/#breadcrumb\",\"itemListElement\":[{\"@type\":\"ListItem\",\"position\":1,\"name\":\"Portada\",\"item\":\"https:\/\/lij.ismeduca.com\/es\/\"},{\"@type\":\"ListItem\",\"position\":2,\"name\":\"Tienda\",\"item\":\"https:\/\/lij.ismeduca.com\/es\/tienda\/\"},{\"@type\":\"ListItem\",\"position\":3,\"name\":\"Juniper Mae 1: Guerrera de la ciutat de Tykotech\"}]},{\"@type\":\"WebSite\",\"@id\":\"https:\/\/lij.ismeduca.com\/es\/#website\",\"url\":\"https:\/\/lij.ismeduca.com\/es\/\",\"name\":\"Literatura SM Espa\u00f1a\",\"description\":\"\",\"publisher\":{\"@id\":\"https:\/\/lij.ismeduca.com\/es\/#organization\"},\"potentialAction\":[{\"@type\":\"SearchAction\",\"target\":{\"@type\":\"EntryPoint\",\"urlTemplate\":\"https:\/\/lij.ismeduca.com\/es\/?s={search_term_string}\"},\"query-input\":{\"@type\":\"PropertyValueSpecification\",\"valueRequired\":true,\"valueName\":\"search_term_string\"}}],\"inLanguage\":\"es\"},{\"@type\":\"Organization\",\"@id\":\"https:\/\/lij.ismeduca.com\/es\/#organization\",\"name\":\"Literatura SM Espa\u00f1a\",\"url\":\"https:\/\/lij.ismeduca.com\/es\/\",\"logo\":{\"@type\":\"ImageObject\",\"inLanguage\":\"es\",\"@id\":\"https:\/\/lij.ismeduca.com\/es\/#\/schema\/logo\/image\/\",\"url\":\"https:\/\/lij.ismeduca.com\/es\/wp-content\/uploads\/sites\/10\/2024\/07\/logo-cabecera.png\",\"contentUrl\":\"https:\/\/lij.ismeduca.com\/es\/wp-content\/uploads\/sites\/10\/2024\/07\/logo-cabecera.png\",\"width\":396,\"height\":64,\"caption\":\"Literatura SM Espa\u00f1a\"},\"image\":{\"@id\":\"https:\/\/lij.ismeduca.com\/es\/#\/schema\/logo\/image\/\"}}]}<\/script>\n<!-- \/ Yoast SEO plugin. -->","yoast_head_json":{"title":"Juniper Mae 1: Guerrera de la ciutat de Tykotech - Literatura SM Espa\u00f1a","robots":{"index":"noindex","follow":"follow","max-snippet":"max-snippet:-1","max-image-preview":"max-image-preview:large","max-video-preview":"max-video-preview:-1"},"og_locale":"es_ES","og_type":"article","og_title":"Juniper Mae 1: Guerrera de la ciutat de Tykotech - Literatura SM Espa\u00f1a","og_url":"https:\/\/lij.ismeduca.com\/es\/producto\/juniper-mae-1-guerrera-de-la-ciutat-de-tykotech\/","og_site_name":"Literatura SM Espa\u00f1a","article_modified_time":"2025-12-23T12:04:59+00:00","twitter_card":"summary_large_image","schema":{"@context":"https:\/\/schema.org","@graph":[{"@type":"WebPage","@id":"https:\/\/lij.ismeduca.com\/es\/producto\/juniper-mae-1-guerrera-de-la-ciutat-de-tykotech\/","url":"https:\/\/lij.ismeduca.com\/es\/producto\/juniper-mae-1-guerrera-de-la-ciutat-de-tykotech\/","name":"Juniper Mae 1: Guerrera de la ciutat de Tykotech - Literatura SM Espa\u00f1a","isPartOf":{"@id":"https:\/\/lij.ismeduca.com\/es\/#website"},"primaryImageOfPage":{"@id":"https:\/\/lij.ismeduca.com\/es\/producto\/juniper-mae-1-guerrera-de-la-ciutat-de-tykotech\/#primaryimage"},"image":{"@id":"https:\/\/lij.ismeduca.com\/es\/producto\/juniper-mae-1-guerrera-de-la-ciutat-de-tykotech\/#primaryimage"},"thumbnailUrl":"https:\/\/lij.ismeduca.com\/es\/wp-content\/uploads\/sites\/10\/2025\/12\/1304.jpg","datePublished":"2024-07-11T09:20:38+00:00","dateModified":"2025-12-23T12:04:59+00:00","breadcrumb":{"@id":"https:\/\/lij.ismeduca.com\/es\/producto\/juniper-mae-1-guerrera-de-la-ciutat-de-tykotech\/#breadcrumb"},"inLanguage":"es","potentialAction":[{"@type":"ReadAction","target":["https:\/\/lij.ismeduca.com\/es\/producto\/juniper-mae-1-guerrera-de-la-ciutat-de-tykotech\/"]}]},{"@type":"ImageObject","inLanguage":"es","@id":"https:\/\/lij.ismeduca.com\/es\/producto\/juniper-mae-1-guerrera-de-la-ciutat-de-tykotech\/#primaryimage","url":"https:\/\/lij.ismeduca.com\/es\/wp-content\/uploads\/sites\/10\/2025\/12\/1304.jpg","contentUrl":"https:\/\/lij.ismeduca.com\/es\/wp-content\/uploads\/sites\/10\/2025\/12\/1304.jpg","width":600,"height":834},{"@type":"BreadcrumbList","@id":"https:\/\/lij.ismeduca.com\/es\/producto\/juniper-mae-1-guerrera-de-la-ciutat-de-tykotech\/#breadcrumb","itemListElement":[{"@type":"ListItem","position":1,"name":"Portada","item":"https:\/\/lij.ismeduca.com\/es\/"},{"@type":"ListItem","position":2,"name":"Tienda","item":"https:\/\/lij.ismeduca.com\/es\/tienda\/"},{"@type":"ListItem","position":3,"name":"Juniper Mae 1: Guerrera de la ciutat de Tykotech"}]},{"@type":"WebSite","@id":"https:\/\/lij.ismeduca.com\/es\/#website","url":"https:\/\/lij.ismeduca.com\/es\/","name":"Literatura SM Espa\u00f1a","description":"","publisher":{"@id":"https:\/\/lij.ismeduca.com\/es\/#organization"},"potentialAction":[{"@type":"SearchAction","target":{"@type":"EntryPoint","urlTemplate":"https:\/\/lij.ismeduca.com\/es\/?s={search_term_string}"},"query-input":{"@type":"PropertyValueSpecification","valueRequired":true,"valueName":"search_term_string"}}],"inLanguage":"es"},{"@type":"Organization","@id":"https:\/\/lij.ismeduca.com\/es\/#organization","name":"Literatura SM Espa\u00f1a","url":"https:\/\/lij.ismeduca.com\/es\/","logo":{"@type":"ImageObject","inLanguage":"es","@id":"https:\/\/lij.ismeduca.com\/es\/#\/schema\/logo\/image\/","url":"https:\/\/lij.ismeduca.com\/es\/wp-content\/uploads\/sites\/10\/2024\/07\/logo-cabecera.png","contentUrl":"https:\/\/lij.ismeduca.com\/es\/wp-content\/uploads\/sites\/10\/2024\/07\/logo-cabecera.png","width":396,"height":64,"caption":"Literatura SM Espa\u00f1a"},"image":{"@id":"https:\/\/lij.ismeduca.com\/es\/#\/schema\/logo\/image\/"}}]}},"_links":{"self":[{"href":"https:\/\/lij.ismeduca.com\/es\/wp-json\/wp\/v2\/product\/1304","targetHints":{"allow":["GET"]}}],"collection":[{"href":"https:\/\/lij.ismeduca.com\/es\/wp-json\/wp\/v2\/product"}],"about":[{"href":"https:\/\/lij.ismeduca.com\/es\/wp-json\/wp\/v2\/types\/product"}],"version-history":[{"count":1,"href":"https:\/\/lij.ismeduca.com\/es\/wp-json\/wp\/v2\/product\/1304\/revisions"}],"predecessor-version":[{"id":35822,"href":"https:\/\/lij.ismeduca.com\/es\/wp-json\/wp\/v2\/product\/1304\/revisions\/35822"}],"wp:featuredmedia":[{"embeddable":true,"href":"https:\/\/lij.ismeduca.com\/es\/wp-json\/wp\/v2\/media\/35821"}],"wp:attachment":[{"href":"https:\/\/lij.ismeduca.com\/es\/wp-json\/wp\/v2\/media?parent=1304"}],"wp:term":[{"taxonomy":"product_brand","embeddable":true,"href":"https:\/\/lij.ismeduca.com\/es\/wp-json\/wp\/v2\/product_brand?post=1304"},{"taxonomy":"product_cat","embeddable":true,"href":"https:\/\/lij.ismeduca.com\/es\/wp-json\/wp\/v2\/product_cat?post=1304"},{"taxonomy":"product_tag","embeddable":true,"href":"https:\/\/lij.ismeduca.com\/es\/wp-json\/wp\/v2\/product_tag?post=1304"},{"taxonomy":"asignatura","embeddable":true,"href":"https:\/\/lij.ismeduca.com\/es\/wp-json\/wp\/v2\/asignatura?post=1304"},{"taxonomy":"compania","embeddable":true,"href":"https:\/\/lij.ismeduca.com\/es\/wp-json\/wp\/v2\/compania?post=1304"},{"taxonomy":"curso","embeddable":true,"href":"https:\/\/lij.ismeduca.com\/es\/wp-json\/wp\/v2\/curso?post=1304"},{"taxonomy":"idiomas","embeddable":true,"href":"https:\/\/lij.ismeduca.com\/es\/wp-json\/wp\/v2\/idiomas?post=1304"},{"taxonomy":"genero","embeddable":true,"href":"https:\/\/lij.ismeduca.com\/es\/wp-json\/wp\/v2\/genero?post=1304"},{"taxonomy":"linea","embeddable":true,"href":"https:\/\/lij.ismeduca.com\/es\/wp-json\/wp\/v2\/linea?post=1304"},{"taxonomy":"premio","embeddable":true,"href":"https:\/\/lij.ismeduca.com\/es\/wp-json\/wp\/v2\/premio?post=1304"},{"taxonomy":"proyecto-editorial","embeddable":true,"href":"https:\/\/lij.ismeduca.com\/es\/wp-json\/wp\/v2\/proyecto-editorial?post=1304"},{"taxonomy":"tipo-de-libro","embeddable":true,"href":"https:\/\/lij.ismeduca.com\/es\/wp-json\/wp\/v2\/tipo-de-libro?post=1304"},{"taxonomy":"soporte","embeddable":true,"href":"https:\/\/lij.ismeduca.com\/es\/wp-json\/wp\/v2\/soporte?post=1304"},{"taxonomy":"zona-geografica","embeddable":true,"href":"https:\/\/lij.ismeduca.com\/es\/wp-json\/wp\/v2\/zona-geografica?post=1304"},{"taxonomy":"autores","embeddable":true,"href":"https:\/\/lij.ismeduca.com\/es\/wp-json\/wp\/v2\/autores?post=1304"},{"taxonomy":"colecciones","embeddable":true,"href":"https:\/\/lij.ismeduca.com\/es\/wp-json\/wp\/v2\/colecciones?post=1304"},{"taxonomy":"personajes","embeddable":true,"href":"https:\/\/lij.ismeduca.com\/es\/wp-json\/wp\/v2\/personajes?post=1304"}],"curies":[{"name":"wp","href":"https:\/\/api.w.org\/{rel}","templated":true}]}}