{"id":13089,"date":"2024-10-17T00:00:00","date_gmt":"2024-10-01T10:48:21","guid":{"rendered":"https:\/\/lij.ismeduca.com\/tienda\/?post_type=product&#038;p=13089"},"modified":"2025-12-23T13:08:17","modified_gmt":"2025-12-23T12:08:17","slug":"comic-els-futbolissims-3-el-misteri-de-la-nit-mes-curta-de-lany","status":"publish","type":"product","link":"https:\/\/lij.ismeduca.com\/es\/producto\/comic-els-futbolissims-3-el-misteri-de-la-nit-mes-curta-de-lany\/","title":{"rendered":"C\u00f2mic Els Futbol\u00edssims 3. El misteri de la nit m\u00e9s curta de l&#8217;any"},"content":{"rendered":"","protected":false},"excerpt":{"rendered":"<p>La nit del 23 de juny, la m\u00e9s curta de l&#8217;any, el Gironeta es prepara per jugar un partit de futbol molt especial, el del Torneig de la nit de Sant Joan. El guanyador s&#8217;endur\u00e0 la famosa escultura de Sant Joan Baptista al seu poble durant tot un any. El Francesc, que segueix sent el nouvingut del poble, sospita que est\u00e0 passant alguna cosa estranya: estan guanyant molt f\u00e0cilment. Podria ser que l&#8217;altre equip estigu\u00e9s perdent a prop\u00f2sit? Per\u00f2&#8230;&nbsp;per qu\u00e8 ho deuen fer?&nbsp;<\/p>\n","protected":false},"featured_media":36444,"template":"","meta":{"_acf_changed":false,"inline_featured_image":false},"product_brand":[],"product_cat":[4732],"product_tag":[331,1001,253,699,2058,1967],"asignatura":[],"compania":[258],"curso":[],"idiomas":[1951],"genero":[957],"linea":[888],"premio":[],"proyecto-editorial":[323],"tipo-de-libro":[249],"soporte":[2004],"zona-geografica":[],"autores":[4533,4217,4216],"colecciones":[2300],"personajes":[],"class_list":{"0":"post-13089","1":"product","2":"type-product","3":"status-publish","4":"has-post-thumbnail","6":"product_cat-los-futbolisimos","7":"product_tag-comics","8":"product_tag-futbol","9":"product_tag-literatura-de-humor","10":"product_tag-misterios","11":"product_tag-ntx","12":"product_tag-partidos","13":"pa_codigo-sap-ntx","14":"compania-editorial-cruilla-s-a-es","15":"idiomas-catalan","16":"genero-misterio","17":"linea-comics","18":"proyecto-editorial-6-12","19":"tipo-de-libro-fisico","20":"soporte-libro","21":"autores-anna-pauner-escude","22":"autores-carles-lluch","23":"autores-roberto-santiago","24":"colecciones-els-futbolissims","26":"first","27":"instock","28":"taxable","29":"shipping-taxable","30":"purchasable","31":"product-type-simple"},"acf":{"id_catalogo":"650","shortTitle":"C- EFC.3 EL MISTERI DE LA NIT MES CURTA","descripcion":"<p>La nit del 23 de juny, la m\u00e9s curta de l'any, el Gironeta es prepara per jugar un partit de futbol molt especial, el del Torneig de la nit de Sant Joan. El guanyador s'endur\u00e0 la famosa escultura de Sant Joan Baptista al seu poble durant tot un any. El Francesc, que segueix sent el nouvingut del poble, sospita que est\u00e0 passant alguna cosa estranya: estan guanyant molt f\u00e0cilment. Podria ser que l'altre equip estigu\u00e9s perdent a prop\u00f2sit? Per\u00f2...&nbsp;per qu\u00e8 ho deuen fer?&nbsp;<\/p>","adjuntos":null,"descriptivePhrases":[{"type":"General","text":"Durant el Torneig de la nit de Sant Joan, el Francesc sospita que esta passant alguna cosa. Podria ser que l'altre equip estigu\u00e9s perdent a prop\u00f2sit? Per qu\u00e8 ho deuen fer? "}],"productSap":"NTX","isbn":"9788466158190","precio_colegios":12.45,"precio_librerias":12.45,"precio_librerias_sin_cobertura":12.45,"precio_distribuidores":12.45,"fecha_disponibilidad":null,"fecha_comercial":"20241017","organizacion_venta":"","datos_para_buscador":"Carles Lluch, Anna Pauner Escud\u00e9, Roberto Santiago, Els Futbol\u00edssims, "},"yoast_head":"<!-- This site is optimized with the Yoast SEO plugin v26.6 - https:\/\/yoast.com\/wordpress\/plugins\/seo\/ -->\n<title>C\u00f2mic Els Futbol\u00edssims 3. El misteri de la nit m\u00e9s curta de l&#039;any - Literatura SM Espa\u00f1a<\/title>\n<meta name=\"robots\" content=\"noindex, follow, max-snippet:-1, max-image-preview:large, max-video-preview:-1\" \/>\n<meta property=\"og:locale\" content=\"es_ES\" \/>\n<meta property=\"og:type\" content=\"article\" \/>\n<meta property=\"og:title\" content=\"C\u00f2mic Els Futbol\u00edssims 3. El misteri de la nit m\u00e9s curta de l&#039;any - Literatura SM Espa\u00f1a\" \/>\n<meta property=\"og:url\" content=\"https:\/\/lij.ismeduca.com\/es\/producto\/comic-els-futbolissims-3-el-misteri-de-la-nit-mes-curta-de-lany\/\" \/>\n<meta property=\"og:site_name\" content=\"Literatura SM Espa\u00f1a\" \/>\n<meta property=\"article:modified_time\" content=\"2025-12-23T12:08:17+00:00\" \/>\n<meta name=\"twitter:card\" content=\"summary_large_image\" \/>\n<script type=\"application\/ld+json\" class=\"yoast-schema-graph\">{\"@context\":\"https:\/\/schema.org\",\"@graph\":[{\"@type\":\"WebPage\",\"@id\":\"https:\/\/lij.ismeduca.com\/es\/producto\/comic-els-futbolissims-3-el-misteri-de-la-nit-mes-curta-de-lany\/\",\"url\":\"https:\/\/lij.ismeduca.com\/es\/producto\/comic-els-futbolissims-3-el-misteri-de-la-nit-mes-curta-de-lany\/\",\"name\":\"C\u00f2mic Els Futbol\u00edssims 3. El misteri de la nit m\u00e9s curta de l'any - Literatura SM Espa\u00f1a\",\"isPartOf\":{\"@id\":\"https:\/\/lij.ismeduca.com\/es\/#website\"},\"primaryImageOfPage\":{\"@id\":\"https:\/\/lij.ismeduca.com\/es\/producto\/comic-els-futbolissims-3-el-misteri-de-la-nit-mes-curta-de-lany\/#primaryimage\"},\"image\":{\"@id\":\"https:\/\/lij.ismeduca.com\/es\/producto\/comic-els-futbolissims-3-el-misteri-de-la-nit-mes-curta-de-lany\/#primaryimage\"},\"thumbnailUrl\":\"https:\/\/lij.ismeduca.com\/es\/wp-content\/uploads\/sites\/10\/2025\/12\/13089.jpg\",\"datePublished\":\"2024-10-01T10:48:21+00:00\",\"dateModified\":\"2025-12-23T12:08:17+00:00\",\"breadcrumb\":{\"@id\":\"https:\/\/lij.ismeduca.com\/es\/producto\/comic-els-futbolissims-3-el-misteri-de-la-nit-mes-curta-de-lany\/#breadcrumb\"},\"inLanguage\":\"es\",\"potentialAction\":[{\"@type\":\"ReadAction\",\"target\":[\"https:\/\/lij.ismeduca.com\/es\/producto\/comic-els-futbolissims-3-el-misteri-de-la-nit-mes-curta-de-lany\/\"]}]},{\"@type\":\"ImageObject\",\"inLanguage\":\"es\",\"@id\":\"https:\/\/lij.ismeduca.com\/es\/producto\/comic-els-futbolissims-3-el-misteri-de-la-nit-mes-curta-de-lany\/#primaryimage\",\"url\":\"https:\/\/lij.ismeduca.com\/es\/wp-content\/uploads\/sites\/10\/2025\/12\/13089.jpg\",\"contentUrl\":\"https:\/\/lij.ismeduca.com\/es\/wp-content\/uploads\/sites\/10\/2025\/12\/13089.jpg\",\"width\":600,\"height\":845},{\"@type\":\"BreadcrumbList\",\"@id\":\"https:\/\/lij.ismeduca.com\/es\/producto\/comic-els-futbolissims-3-el-misteri-de-la-nit-mes-curta-de-lany\/#breadcrumb\",\"itemListElement\":[{\"@type\":\"ListItem\",\"position\":1,\"name\":\"Portada\",\"item\":\"https:\/\/lij.ismeduca.com\/es\/\"},{\"@type\":\"ListItem\",\"position\":2,\"name\":\"Tienda\",\"item\":\"https:\/\/lij.ismeduca.com\/es\/tienda\/\"},{\"@type\":\"ListItem\",\"position\":3,\"name\":\"C\u00f2mic Els Futbol\u00edssims 3. El misteri de la nit m\u00e9s curta de l&#8217;any\"}]},{\"@type\":\"WebSite\",\"@id\":\"https:\/\/lij.ismeduca.com\/es\/#website\",\"url\":\"https:\/\/lij.ismeduca.com\/es\/\",\"name\":\"Literatura SM Espa\u00f1a\",\"description\":\"\",\"publisher\":{\"@id\":\"https:\/\/lij.ismeduca.com\/es\/#organization\"},\"potentialAction\":[{\"@type\":\"SearchAction\",\"target\":{\"@type\":\"EntryPoint\",\"urlTemplate\":\"https:\/\/lij.ismeduca.com\/es\/?s={search_term_string}\"},\"query-input\":{\"@type\":\"PropertyValueSpecification\",\"valueRequired\":true,\"valueName\":\"search_term_string\"}}],\"inLanguage\":\"es\"},{\"@type\":\"Organization\",\"@id\":\"https:\/\/lij.ismeduca.com\/es\/#organization\",\"name\":\"Literatura SM Espa\u00f1a\",\"url\":\"https:\/\/lij.ismeduca.com\/es\/\",\"logo\":{\"@type\":\"ImageObject\",\"inLanguage\":\"es\",\"@id\":\"https:\/\/lij.ismeduca.com\/es\/#\/schema\/logo\/image\/\",\"url\":\"https:\/\/lij.ismeduca.com\/es\/wp-content\/uploads\/sites\/10\/2024\/07\/logo-cabecera.png\",\"contentUrl\":\"https:\/\/lij.ismeduca.com\/es\/wp-content\/uploads\/sites\/10\/2024\/07\/logo-cabecera.png\",\"width\":396,\"height\":64,\"caption\":\"Literatura SM Espa\u00f1a\"},\"image\":{\"@id\":\"https:\/\/lij.ismeduca.com\/es\/#\/schema\/logo\/image\/\"}}]}<\/script>\n<!-- \/ Yoast SEO plugin. -->","yoast_head_json":{"title":"C\u00f2mic Els Futbol\u00edssims 3. El misteri de la nit m\u00e9s curta de l'any - Literatura SM Espa\u00f1a","robots":{"index":"noindex","follow":"follow","max-snippet":"max-snippet:-1","max-image-preview":"max-image-preview:large","max-video-preview":"max-video-preview:-1"},"og_locale":"es_ES","og_type":"article","og_title":"C\u00f2mic Els Futbol\u00edssims 3. El misteri de la nit m\u00e9s curta de l'any - Literatura SM Espa\u00f1a","og_url":"https:\/\/lij.ismeduca.com\/es\/producto\/comic-els-futbolissims-3-el-misteri-de-la-nit-mes-curta-de-lany\/","og_site_name":"Literatura SM Espa\u00f1a","article_modified_time":"2025-12-23T12:08:17+00:00","twitter_card":"summary_large_image","schema":{"@context":"https:\/\/schema.org","@graph":[{"@type":"WebPage","@id":"https:\/\/lij.ismeduca.com\/es\/producto\/comic-els-futbolissims-3-el-misteri-de-la-nit-mes-curta-de-lany\/","url":"https:\/\/lij.ismeduca.com\/es\/producto\/comic-els-futbolissims-3-el-misteri-de-la-nit-mes-curta-de-lany\/","name":"C\u00f2mic Els Futbol\u00edssims 3. El misteri de la nit m\u00e9s curta de l'any - Literatura SM Espa\u00f1a","isPartOf":{"@id":"https:\/\/lij.ismeduca.com\/es\/#website"},"primaryImageOfPage":{"@id":"https:\/\/lij.ismeduca.com\/es\/producto\/comic-els-futbolissims-3-el-misteri-de-la-nit-mes-curta-de-lany\/#primaryimage"},"image":{"@id":"https:\/\/lij.ismeduca.com\/es\/producto\/comic-els-futbolissims-3-el-misteri-de-la-nit-mes-curta-de-lany\/#primaryimage"},"thumbnailUrl":"https:\/\/lij.ismeduca.com\/es\/wp-content\/uploads\/sites\/10\/2025\/12\/13089.jpg","datePublished":"2024-10-01T10:48:21+00:00","dateModified":"2025-12-23T12:08:17+00:00","breadcrumb":{"@id":"https:\/\/lij.ismeduca.com\/es\/producto\/comic-els-futbolissims-3-el-misteri-de-la-nit-mes-curta-de-lany\/#breadcrumb"},"inLanguage":"es","potentialAction":[{"@type":"ReadAction","target":["https:\/\/lij.ismeduca.com\/es\/producto\/comic-els-futbolissims-3-el-misteri-de-la-nit-mes-curta-de-lany\/"]}]},{"@type":"ImageObject","inLanguage":"es","@id":"https:\/\/lij.ismeduca.com\/es\/producto\/comic-els-futbolissims-3-el-misteri-de-la-nit-mes-curta-de-lany\/#primaryimage","url":"https:\/\/lij.ismeduca.com\/es\/wp-content\/uploads\/sites\/10\/2025\/12\/13089.jpg","contentUrl":"https:\/\/lij.ismeduca.com\/es\/wp-content\/uploads\/sites\/10\/2025\/12\/13089.jpg","width":600,"height":845},{"@type":"BreadcrumbList","@id":"https:\/\/lij.ismeduca.com\/es\/producto\/comic-els-futbolissims-3-el-misteri-de-la-nit-mes-curta-de-lany\/#breadcrumb","itemListElement":[{"@type":"ListItem","position":1,"name":"Portada","item":"https:\/\/lij.ismeduca.com\/es\/"},{"@type":"ListItem","position":2,"name":"Tienda","item":"https:\/\/lij.ismeduca.com\/es\/tienda\/"},{"@type":"ListItem","position":3,"name":"C\u00f2mic Els Futbol\u00edssims 3. El misteri de la nit m\u00e9s curta de l&#8217;any"}]},{"@type":"WebSite","@id":"https:\/\/lij.ismeduca.com\/es\/#website","url":"https:\/\/lij.ismeduca.com\/es\/","name":"Literatura SM Espa\u00f1a","description":"","publisher":{"@id":"https:\/\/lij.ismeduca.com\/es\/#organization"},"potentialAction":[{"@type":"SearchAction","target":{"@type":"EntryPoint","urlTemplate":"https:\/\/lij.ismeduca.com\/es\/?s={search_term_string}"},"query-input":{"@type":"PropertyValueSpecification","valueRequired":true,"valueName":"search_term_string"}}],"inLanguage":"es"},{"@type":"Organization","@id":"https:\/\/lij.ismeduca.com\/es\/#organization","name":"Literatura SM Espa\u00f1a","url":"https:\/\/lij.ismeduca.com\/es\/","logo":{"@type":"ImageObject","inLanguage":"es","@id":"https:\/\/lij.ismeduca.com\/es\/#\/schema\/logo\/image\/","url":"https:\/\/lij.ismeduca.com\/es\/wp-content\/uploads\/sites\/10\/2024\/07\/logo-cabecera.png","contentUrl":"https:\/\/lij.ismeduca.com\/es\/wp-content\/uploads\/sites\/10\/2024\/07\/logo-cabecera.png","width":396,"height":64,"caption":"Literatura SM Espa\u00f1a"},"image":{"@id":"https:\/\/lij.ismeduca.com\/es\/#\/schema\/logo\/image\/"}}]}},"_links":{"self":[{"href":"https:\/\/lij.ismeduca.com\/es\/wp-json\/wp\/v2\/product\/13089","targetHints":{"allow":["GET"]}}],"collection":[{"href":"https:\/\/lij.ismeduca.com\/es\/wp-json\/wp\/v2\/product"}],"about":[{"href":"https:\/\/lij.ismeduca.com\/es\/wp-json\/wp\/v2\/types\/product"}],"version-history":[{"count":1,"href":"https:\/\/lij.ismeduca.com\/es\/wp-json\/wp\/v2\/product\/13089\/revisions"}],"predecessor-version":[{"id":30785,"href":"https:\/\/lij.ismeduca.com\/es\/wp-json\/wp\/v2\/product\/13089\/revisions\/30785"}],"wp:featuredmedia":[{"embeddable":true,"href":"https:\/\/lij.ismeduca.com\/es\/wp-json\/wp\/v2\/media\/36444"}],"wp:attachment":[{"href":"https:\/\/lij.ismeduca.com\/es\/wp-json\/wp\/v2\/media?parent=13089"}],"wp:term":[{"taxonomy":"product_brand","embeddable":true,"href":"https:\/\/lij.ismeduca.com\/es\/wp-json\/wp\/v2\/product_brand?post=13089"},{"taxonomy":"product_cat","embeddable":true,"href":"https:\/\/lij.ismeduca.com\/es\/wp-json\/wp\/v2\/product_cat?post=13089"},{"taxonomy":"product_tag","embeddable":true,"href":"https:\/\/lij.ismeduca.com\/es\/wp-json\/wp\/v2\/product_tag?post=13089"},{"taxonomy":"asignatura","embeddable":true,"href":"https:\/\/lij.ismeduca.com\/es\/wp-json\/wp\/v2\/asignatura?post=13089"},{"taxonomy":"compania","embeddable":true,"href":"https:\/\/lij.ismeduca.com\/es\/wp-json\/wp\/v2\/compania?post=13089"},{"taxonomy":"curso","embeddable":true,"href":"https:\/\/lij.ismeduca.com\/es\/wp-json\/wp\/v2\/curso?post=13089"},{"taxonomy":"idiomas","embeddable":true,"href":"https:\/\/lij.ismeduca.com\/es\/wp-json\/wp\/v2\/idiomas?post=13089"},{"taxonomy":"genero","embeddable":true,"href":"https:\/\/lij.ismeduca.com\/es\/wp-json\/wp\/v2\/genero?post=13089"},{"taxonomy":"linea","embeddable":true,"href":"https:\/\/lij.ismeduca.com\/es\/wp-json\/wp\/v2\/linea?post=13089"},{"taxonomy":"premio","embeddable":true,"href":"https:\/\/lij.ismeduca.com\/es\/wp-json\/wp\/v2\/premio?post=13089"},{"taxonomy":"proyecto-editorial","embeddable":true,"href":"https:\/\/lij.ismeduca.com\/es\/wp-json\/wp\/v2\/proyecto-editorial?post=13089"},{"taxonomy":"tipo-de-libro","embeddable":true,"href":"https:\/\/lij.ismeduca.com\/es\/wp-json\/wp\/v2\/tipo-de-libro?post=13089"},{"taxonomy":"soporte","embeddable":true,"href":"https:\/\/lij.ismeduca.com\/es\/wp-json\/wp\/v2\/soporte?post=13089"},{"taxonomy":"zona-geografica","embeddable":true,"href":"https:\/\/lij.ismeduca.com\/es\/wp-json\/wp\/v2\/zona-geografica?post=13089"},{"taxonomy":"autores","embeddable":true,"href":"https:\/\/lij.ismeduca.com\/es\/wp-json\/wp\/v2\/autores?post=13089"},{"taxonomy":"colecciones","embeddable":true,"href":"https:\/\/lij.ismeduca.com\/es\/wp-json\/wp\/v2\/colecciones?post=13089"},{"taxonomy":"personajes","embeddable":true,"href":"https:\/\/lij.ismeduca.com\/es\/wp-json\/wp\/v2\/personajes?post=13089"}],"curies":[{"name":"wp","href":"https:\/\/api.w.org\/{rel}","templated":true}]}}