{"id":13539,"date":"2024-09-19T00:00:00","date_gmt":"2024-10-01T11:01:28","guid":{"rendered":"https:\/\/lij.ismeduca.com\/tienda\/?post_type=product&#038;p=13539"},"modified":"2025-12-23T13:08:23","modified_gmt":"2025-12-23T12:08:23","slug":"allo-de-lavi-lectura-facil","status":"publish","type":"product","link":"https:\/\/lij.ismeduca.com\/es\/producto\/allo-de-lavi-lectura-facil\/","title":{"rendered":"All\u00f2 de l&#8217;avi (Lectura f\u00e0cil)"},"content":{"rendered":"","protected":false},"excerpt":{"rendered":"<p><strong>Aquest llibre est\u00e0 adaptat al sistema de Lectura f\u00e0cil: una manera de fer que la lectura sigui accessible per a persones amb necessitats espec\u00edfiques d&#8217;aprenentatge.&nbsp;<\/strong><\/p>\n<p>Qu\u00e8 passa quan ets el net d&#8217;una persona molt poderosa? I quan descobreixes que el teu avi \u00e9s un estafador?&nbsp;<\/p>\n<p>El Salva ja no sap qui \u00e9s. Viu a Barcelona i t\u00e9 17 anys. Fa uns mesos era una persona feli\u00e7, per\u00f2 llavors va passar all\u00f2 de l&#8217;avi, i ser feli\u00e7 va ser impossible.&nbsp;<\/p>\n","protected":false},"featured_media":37674,"template":"","meta":{"_acf_changed":false,"inline_featured_image":false},"product_brand":[],"product_cat":[4738],"product_tag":[917,933,929,2058,293],"asignatura":[],"compania":[258],"curso":[],"idiomas":[1951],"genero":[308],"linea":[250],"premio":[],"proyecto-editorial":[920],"tipo-de-libro":[249],"soporte":[2004],"zona-geografica":[],"autores":[4267,3063],"colecciones":[2372],"personajes":[],"class_list":{"0":"post-13539","1":"product","2":"type-product","3":"status-publish","4":"has-post-thumbnail","6":"product_cat-gran-angular","7":"product_tag-acoso-escolar","8":"product_tag-corrupcion","9":"product_tag-mentiras","10":"product_tag-ntx","11":"product_tag-relaciones-familiares","12":"pa_codigo-sap-ntx","13":"compania-editorial-cruilla-s-a-es","14":"idiomas-catalan","15":"genero-realismo","16":"linea-narrativa","17":"proyecto-editorial-gran-angular","18":"tipo-de-libro-fisico","19":"soporte-libro","20":"autores-anna-manso-munne","21":"autores-mariona-mas","22":"colecciones-gran-angular","24":"first","25":"instock","26":"taxable","27":"shipping-taxable","28":"purchasable","29":"product-type-simple"},"acf":{"id_catalogo":"650","shortTitle":"C-GALF. 201  ALL\u00d2 DE L\u2019AVI ","descripcion":"<p><strong>Aquest llibre est\u00e0 adaptat al sistema de Lectura f\u00e0cil: una manera de fer que la lectura sigui accessible per a persones amb necessitats espec\u00edfiques d'aprenentatge.&nbsp;<\/strong><\/p>\n<p>Qu\u00e8 passa quan ets el net d'una persona molt poderosa? I quan descobreixes que el teu avi \u00e9s un estafador?&nbsp;<\/p>\n<p>El Salva ja no sap qui \u00e9s. Viu a Barcelona i t\u00e9 17 anys. Fa uns mesos era una persona feli\u00e7, per\u00f2 llavors va passar all\u00f2 de l'avi, i ser feli\u00e7 va ser impossible.&nbsp;<\/p>","adjuntos":null,"descriptivePhrases":[{"type":"General","text":"Fa uns mesos, el Salva era una persona feli\u00e7, per\u00f2 llavors va passar all\u00f2 de l'avi, i ser feli\u00e7 va ser impossible. "}],"productSap":"NTX","isbn":"9788466158039","precio_colegios":12.02,"precio_librerias":12.02,"precio_librerias_sin_cobertura":12.02,"precio_distribuidores":12.02,"fecha_disponibilidad":null,"fecha_comercial":"20240919","organizacion_venta":"CS01","datos_para_buscador":"Mariona Mas, Anna Manso Munn\u00e9, Gran Angular, "},"yoast_head":"<!-- This site is optimized with the Yoast SEO plugin v26.6 - https:\/\/yoast.com\/wordpress\/plugins\/seo\/ -->\n<title>All\u00f2 de l&#039;avi (Lectura f\u00e0cil) - Literatura SM Espa\u00f1a<\/title>\n<meta name=\"robots\" content=\"noindex, follow, max-snippet:-1, max-image-preview:large, max-video-preview:-1\" \/>\n<meta property=\"og:locale\" content=\"es_ES\" \/>\n<meta property=\"og:type\" content=\"article\" \/>\n<meta property=\"og:title\" content=\"All\u00f2 de l&#039;avi (Lectura f\u00e0cil) - Literatura SM Espa\u00f1a\" \/>\n<meta property=\"og:url\" content=\"https:\/\/lij.ismeduca.com\/es\/producto\/allo-de-lavi-lectura-facil\/\" \/>\n<meta property=\"og:site_name\" content=\"Literatura SM Espa\u00f1a\" \/>\n<meta property=\"article:modified_time\" content=\"2025-12-23T12:08:23+00:00\" \/>\n<meta name=\"twitter:card\" content=\"summary_large_image\" \/>\n<script type=\"application\/ld+json\" class=\"yoast-schema-graph\">{\"@context\":\"https:\/\/schema.org\",\"@graph\":[{\"@type\":\"WebPage\",\"@id\":\"https:\/\/lij.ismeduca.com\/es\/producto\/allo-de-lavi-lectura-facil\/\",\"url\":\"https:\/\/lij.ismeduca.com\/es\/producto\/allo-de-lavi-lectura-facil\/\",\"name\":\"All\u00f2 de l'avi (Lectura f\u00e0cil) - Literatura SM Espa\u00f1a\",\"isPartOf\":{\"@id\":\"https:\/\/lij.ismeduca.com\/es\/#website\"},\"primaryImageOfPage\":{\"@id\":\"https:\/\/lij.ismeduca.com\/es\/producto\/allo-de-lavi-lectura-facil\/#primaryimage\"},\"image\":{\"@id\":\"https:\/\/lij.ismeduca.com\/es\/producto\/allo-de-lavi-lectura-facil\/#primaryimage\"},\"thumbnailUrl\":\"https:\/\/lij.ismeduca.com\/es\/wp-content\/uploads\/sites\/10\/2025\/12\/13539.jpg\",\"datePublished\":\"2024-10-01T11:01:28+00:00\",\"dateModified\":\"2025-12-23T12:08:23+00:00\",\"breadcrumb\":{\"@id\":\"https:\/\/lij.ismeduca.com\/es\/producto\/allo-de-lavi-lectura-facil\/#breadcrumb\"},\"inLanguage\":\"es\",\"potentialAction\":[{\"@type\":\"ReadAction\",\"target\":[\"https:\/\/lij.ismeduca.com\/es\/producto\/allo-de-lavi-lectura-facil\/\"]}]},{\"@type\":\"ImageObject\",\"inLanguage\":\"es\",\"@id\":\"https:\/\/lij.ismeduca.com\/es\/producto\/allo-de-lavi-lectura-facil\/#primaryimage\",\"url\":\"https:\/\/lij.ismeduca.com\/es\/wp-content\/uploads\/sites\/10\/2025\/12\/13539.jpg\",\"contentUrl\":\"https:\/\/lij.ismeduca.com\/es\/wp-content\/uploads\/sites\/10\/2025\/12\/13539.jpg\",\"width\":600,\"height\":904},{\"@type\":\"BreadcrumbList\",\"@id\":\"https:\/\/lij.ismeduca.com\/es\/producto\/allo-de-lavi-lectura-facil\/#breadcrumb\",\"itemListElement\":[{\"@type\":\"ListItem\",\"position\":1,\"name\":\"Portada\",\"item\":\"https:\/\/lij.ismeduca.com\/es\/\"},{\"@type\":\"ListItem\",\"position\":2,\"name\":\"Tienda\",\"item\":\"https:\/\/lij.ismeduca.com\/es\/tienda\/\"},{\"@type\":\"ListItem\",\"position\":3,\"name\":\"All\u00f2 de l&#8217;avi (Lectura f\u00e0cil)\"}]},{\"@type\":\"WebSite\",\"@id\":\"https:\/\/lij.ismeduca.com\/es\/#website\",\"url\":\"https:\/\/lij.ismeduca.com\/es\/\",\"name\":\"Literatura SM Espa\u00f1a\",\"description\":\"\",\"publisher\":{\"@id\":\"https:\/\/lij.ismeduca.com\/es\/#organization\"},\"potentialAction\":[{\"@type\":\"SearchAction\",\"target\":{\"@type\":\"EntryPoint\",\"urlTemplate\":\"https:\/\/lij.ismeduca.com\/es\/?s={search_term_string}\"},\"query-input\":{\"@type\":\"PropertyValueSpecification\",\"valueRequired\":true,\"valueName\":\"search_term_string\"}}],\"inLanguage\":\"es\"},{\"@type\":\"Organization\",\"@id\":\"https:\/\/lij.ismeduca.com\/es\/#organization\",\"name\":\"Literatura SM Espa\u00f1a\",\"url\":\"https:\/\/lij.ismeduca.com\/es\/\",\"logo\":{\"@type\":\"ImageObject\",\"inLanguage\":\"es\",\"@id\":\"https:\/\/lij.ismeduca.com\/es\/#\/schema\/logo\/image\/\",\"url\":\"https:\/\/lij.ismeduca.com\/es\/wp-content\/uploads\/sites\/10\/2024\/07\/logo-cabecera.png\",\"contentUrl\":\"https:\/\/lij.ismeduca.com\/es\/wp-content\/uploads\/sites\/10\/2024\/07\/logo-cabecera.png\",\"width\":396,\"height\":64,\"caption\":\"Literatura SM Espa\u00f1a\"},\"image\":{\"@id\":\"https:\/\/lij.ismeduca.com\/es\/#\/schema\/logo\/image\/\"}}]}<\/script>\n<!-- \/ Yoast SEO plugin. -->","yoast_head_json":{"title":"All\u00f2 de l'avi (Lectura f\u00e0cil) - Literatura SM Espa\u00f1a","robots":{"index":"noindex","follow":"follow","max-snippet":"max-snippet:-1","max-image-preview":"max-image-preview:large","max-video-preview":"max-video-preview:-1"},"og_locale":"es_ES","og_type":"article","og_title":"All\u00f2 de l'avi (Lectura f\u00e0cil) - Literatura SM Espa\u00f1a","og_url":"https:\/\/lij.ismeduca.com\/es\/producto\/allo-de-lavi-lectura-facil\/","og_site_name":"Literatura SM Espa\u00f1a","article_modified_time":"2025-12-23T12:08:23+00:00","twitter_card":"summary_large_image","schema":{"@context":"https:\/\/schema.org","@graph":[{"@type":"WebPage","@id":"https:\/\/lij.ismeduca.com\/es\/producto\/allo-de-lavi-lectura-facil\/","url":"https:\/\/lij.ismeduca.com\/es\/producto\/allo-de-lavi-lectura-facil\/","name":"All\u00f2 de l'avi (Lectura f\u00e0cil) - Literatura SM Espa\u00f1a","isPartOf":{"@id":"https:\/\/lij.ismeduca.com\/es\/#website"},"primaryImageOfPage":{"@id":"https:\/\/lij.ismeduca.com\/es\/producto\/allo-de-lavi-lectura-facil\/#primaryimage"},"image":{"@id":"https:\/\/lij.ismeduca.com\/es\/producto\/allo-de-lavi-lectura-facil\/#primaryimage"},"thumbnailUrl":"https:\/\/lij.ismeduca.com\/es\/wp-content\/uploads\/sites\/10\/2025\/12\/13539.jpg","datePublished":"2024-10-01T11:01:28+00:00","dateModified":"2025-12-23T12:08:23+00:00","breadcrumb":{"@id":"https:\/\/lij.ismeduca.com\/es\/producto\/allo-de-lavi-lectura-facil\/#breadcrumb"},"inLanguage":"es","potentialAction":[{"@type":"ReadAction","target":["https:\/\/lij.ismeduca.com\/es\/producto\/allo-de-lavi-lectura-facil\/"]}]},{"@type":"ImageObject","inLanguage":"es","@id":"https:\/\/lij.ismeduca.com\/es\/producto\/allo-de-lavi-lectura-facil\/#primaryimage","url":"https:\/\/lij.ismeduca.com\/es\/wp-content\/uploads\/sites\/10\/2025\/12\/13539.jpg","contentUrl":"https:\/\/lij.ismeduca.com\/es\/wp-content\/uploads\/sites\/10\/2025\/12\/13539.jpg","width":600,"height":904},{"@type":"BreadcrumbList","@id":"https:\/\/lij.ismeduca.com\/es\/producto\/allo-de-lavi-lectura-facil\/#breadcrumb","itemListElement":[{"@type":"ListItem","position":1,"name":"Portada","item":"https:\/\/lij.ismeduca.com\/es\/"},{"@type":"ListItem","position":2,"name":"Tienda","item":"https:\/\/lij.ismeduca.com\/es\/tienda\/"},{"@type":"ListItem","position":3,"name":"All\u00f2 de l&#8217;avi (Lectura f\u00e0cil)"}]},{"@type":"WebSite","@id":"https:\/\/lij.ismeduca.com\/es\/#website","url":"https:\/\/lij.ismeduca.com\/es\/","name":"Literatura SM Espa\u00f1a","description":"","publisher":{"@id":"https:\/\/lij.ismeduca.com\/es\/#organization"},"potentialAction":[{"@type":"SearchAction","target":{"@type":"EntryPoint","urlTemplate":"https:\/\/lij.ismeduca.com\/es\/?s={search_term_string}"},"query-input":{"@type":"PropertyValueSpecification","valueRequired":true,"valueName":"search_term_string"}}],"inLanguage":"es"},{"@type":"Organization","@id":"https:\/\/lij.ismeduca.com\/es\/#organization","name":"Literatura SM Espa\u00f1a","url":"https:\/\/lij.ismeduca.com\/es\/","logo":{"@type":"ImageObject","inLanguage":"es","@id":"https:\/\/lij.ismeduca.com\/es\/#\/schema\/logo\/image\/","url":"https:\/\/lij.ismeduca.com\/es\/wp-content\/uploads\/sites\/10\/2024\/07\/logo-cabecera.png","contentUrl":"https:\/\/lij.ismeduca.com\/es\/wp-content\/uploads\/sites\/10\/2024\/07\/logo-cabecera.png","width":396,"height":64,"caption":"Literatura SM Espa\u00f1a"},"image":{"@id":"https:\/\/lij.ismeduca.com\/es\/#\/schema\/logo\/image\/"}}]}},"_links":{"self":[{"href":"https:\/\/lij.ismeduca.com\/es\/wp-json\/wp\/v2\/product\/13539","targetHints":{"allow":["GET"]}}],"collection":[{"href":"https:\/\/lij.ismeduca.com\/es\/wp-json\/wp\/v2\/product"}],"about":[{"href":"https:\/\/lij.ismeduca.com\/es\/wp-json\/wp\/v2\/types\/product"}],"version-history":[{"count":1,"href":"https:\/\/lij.ismeduca.com\/es\/wp-json\/wp\/v2\/product\/13539\/revisions"}],"predecessor-version":[{"id":37675,"href":"https:\/\/lij.ismeduca.com\/es\/wp-json\/wp\/v2\/product\/13539\/revisions\/37675"}],"wp:featuredmedia":[{"embeddable":true,"href":"https:\/\/lij.ismeduca.com\/es\/wp-json\/wp\/v2\/media\/37674"}],"wp:attachment":[{"href":"https:\/\/lij.ismeduca.com\/es\/wp-json\/wp\/v2\/media?parent=13539"}],"wp:term":[{"taxonomy":"product_brand","embeddable":true,"href":"https:\/\/lij.ismeduca.com\/es\/wp-json\/wp\/v2\/product_brand?post=13539"},{"taxonomy":"product_cat","embeddable":true,"href":"https:\/\/lij.ismeduca.com\/es\/wp-json\/wp\/v2\/product_cat?post=13539"},{"taxonomy":"product_tag","embeddable":true,"href":"https:\/\/lij.ismeduca.com\/es\/wp-json\/wp\/v2\/product_tag?post=13539"},{"taxonomy":"asignatura","embeddable":true,"href":"https:\/\/lij.ismeduca.com\/es\/wp-json\/wp\/v2\/asignatura?post=13539"},{"taxonomy":"compania","embeddable":true,"href":"https:\/\/lij.ismeduca.com\/es\/wp-json\/wp\/v2\/compania?post=13539"},{"taxonomy":"curso","embeddable":true,"href":"https:\/\/lij.ismeduca.com\/es\/wp-json\/wp\/v2\/curso?post=13539"},{"taxonomy":"idiomas","embeddable":true,"href":"https:\/\/lij.ismeduca.com\/es\/wp-json\/wp\/v2\/idiomas?post=13539"},{"taxonomy":"genero","embeddable":true,"href":"https:\/\/lij.ismeduca.com\/es\/wp-json\/wp\/v2\/genero?post=13539"},{"taxonomy":"linea","embeddable":true,"href":"https:\/\/lij.ismeduca.com\/es\/wp-json\/wp\/v2\/linea?post=13539"},{"taxonomy":"premio","embeddable":true,"href":"https:\/\/lij.ismeduca.com\/es\/wp-json\/wp\/v2\/premio?post=13539"},{"taxonomy":"proyecto-editorial","embeddable":true,"href":"https:\/\/lij.ismeduca.com\/es\/wp-json\/wp\/v2\/proyecto-editorial?post=13539"},{"taxonomy":"tipo-de-libro","embeddable":true,"href":"https:\/\/lij.ismeduca.com\/es\/wp-json\/wp\/v2\/tipo-de-libro?post=13539"},{"taxonomy":"soporte","embeddable":true,"href":"https:\/\/lij.ismeduca.com\/es\/wp-json\/wp\/v2\/soporte?post=13539"},{"taxonomy":"zona-geografica","embeddable":true,"href":"https:\/\/lij.ismeduca.com\/es\/wp-json\/wp\/v2\/zona-geografica?post=13539"},{"taxonomy":"autores","embeddable":true,"href":"https:\/\/lij.ismeduca.com\/es\/wp-json\/wp\/v2\/autores?post=13539"},{"taxonomy":"colecciones","embeddable":true,"href":"https:\/\/lij.ismeduca.com\/es\/wp-json\/wp\/v2\/colecciones?post=13539"},{"taxonomy":"personajes","embeddable":true,"href":"https:\/\/lij.ismeduca.com\/es\/wp-json\/wp\/v2\/personajes?post=13539"}],"curies":[{"name":"wp","href":"https:\/\/api.w.org\/{rel}","templated":true}]}}