{"id":1426,"date":"2020-08-27T00:00:00","date_gmt":"2024-07-11T09:22:19","guid":{"rendered":"https:\/\/lij.ismeduca.com\/tienda\/?post_type=product&#038;p=1426"},"modified":"2025-12-23T12:50:39","modified_gmt":"2025-12-23T11:50:39","slug":"c-tse-3-el-marc-i-el-projecte-perfecte","status":"publish","type":"product","link":"https:\/\/lij.ismeduca.com\/es\/producto\/c-tse-3-el-marc-i-el-projecte-perfecte\/","title":{"rendered":"C-TSE.3 -El Marc i el projecte perfecte"},"content":{"rendered":"","protected":false},"excerpt":{"rendered":"<p>El Marc i els seus companys d&#39;equip han de fer un projecte per al concurs de ci&egrave;ncies. Entre tots, aconsegueixen fer el projecte perfecte.&nbsp;<\/p>\n<p>Una hist&ograve;ria per ajudar als infants a comprendre millor l&#39;autisme.&nbsp;<\/p>\n","protected":false},"featured_media":35652,"template":"","meta":{"_acf_changed":false,"inline_featured_image":false},"product_brand":[],"product_cat":[4677],"product_tag":[268,243,908,320,2058],"asignatura":[],"compania":[258],"curso":[],"idiomas":[1951],"genero":[322],"linea":[250],"premio":[],"proyecto-editorial":[257],"tipo-de-libro":[249],"soporte":[2004],"zona-geografica":[],"autores":[4152,4533,4153],"colecciones":[2326],"personajes":[],"class_list":{"0":"post-1426","1":"product","2":"type-product","3":"status-publish","4":"has-post-thumbnail","6":"product_cat-todos-somos-especiales","7":"product_tag-amistad","8":"product_tag-autoestima","9":"product_tag-escuelas","10":"product_tag-inclusion","11":"product_tag-ntx","12":"pa_codigo-sap-ntx","13":"compania-editorial-cruilla-s-a-es","14":"idiomas-catalan","15":"genero-inclusion","16":"linea-narrativa","17":"proyecto-editorial-3-5","18":"tipo-de-libro-fisico","19":"soporte-libro","20":"autores-ana-sanfelippo","21":"autores-anna-pauner-escude","22":"autores-tracy-packiam-alloway","23":"colecciones-tots-som-especials","25":"first","26":"instock","27":"taxable","28":"shipping-taxable","29":"purchasable","30":"product-type-simple"},"acf":{"id_catalogo":"650","shortTitle":"C-TSE.3 - EL MARC I EL PROJECTE PERFECTE","descripcion":"<p>El Marc i els seus companys d&#39;equip han de fer un projecte per al concurs de ci&egrave;ncies. Entre tots, aconsegueixen fer el projecte perfecte.&nbsp;<\/p>\n\n<p>Una hist&ograve;ria per ajudar als infants a comprendre millor l&#39;autisme.&nbsp;<\/p>\n","adjuntos":null,"descriptivePhrases":[{"type":"General","text":"El Marc i el seu equip han de fer un projecte per al concurs de ci\u00e8ncies, i gr\u00e0cies a les seves capacitats, ser\u00e0 perfecte! "}],"productSap":"NTX","isbn":"9788466148481","precio_colegios":5.72,"precio_librerias":5.72,"precio_librerias_sin_cobertura":5.72,"precio_distribuidores":5.72,"fecha_disponibilidad":null,"fecha_comercial":"20200827","organizacion_venta":"CS01","datos_para_buscador":"Ana Sanfelippo, Anna Pauner Escud\u00e9, Tracy  Packiam Alloway, Tots som especials, "},"yoast_head":"<!-- This site is optimized with the Yoast SEO plugin v26.6 - https:\/\/yoast.com\/wordpress\/plugins\/seo\/ -->\n<title>C-TSE.3 -El Marc i el projecte perfecte - Literatura SM Espa\u00f1a<\/title>\n<meta name=\"robots\" content=\"noindex, follow, max-snippet:-1, max-image-preview:large, max-video-preview:-1\" \/>\n<meta property=\"og:locale\" content=\"es_ES\" \/>\n<meta property=\"og:type\" content=\"article\" \/>\n<meta property=\"og:title\" content=\"C-TSE.3 -El Marc i el projecte perfecte - Literatura SM Espa\u00f1a\" \/>\n<meta property=\"og:url\" content=\"https:\/\/lij.ismeduca.com\/es\/producto\/c-tse-3-el-marc-i-el-projecte-perfecte\/\" \/>\n<meta property=\"og:site_name\" content=\"Literatura SM Espa\u00f1a\" \/>\n<meta property=\"article:modified_time\" content=\"2025-12-23T11:50:39+00:00\" \/>\n<meta name=\"twitter:card\" content=\"summary_large_image\" \/>\n<script type=\"application\/ld+json\" class=\"yoast-schema-graph\">{\"@context\":\"https:\/\/schema.org\",\"@graph\":[{\"@type\":\"WebPage\",\"@id\":\"https:\/\/lij.ismeduca.com\/es\/producto\/c-tse-3-el-marc-i-el-projecte-perfecte\/\",\"url\":\"https:\/\/lij.ismeduca.com\/es\/producto\/c-tse-3-el-marc-i-el-projecte-perfecte\/\",\"name\":\"C-TSE.3 -El Marc i el projecte perfecte - Literatura SM Espa\u00f1a\",\"isPartOf\":{\"@id\":\"https:\/\/lij.ismeduca.com\/es\/#website\"},\"primaryImageOfPage\":{\"@id\":\"https:\/\/lij.ismeduca.com\/es\/producto\/c-tse-3-el-marc-i-el-projecte-perfecte\/#primaryimage\"},\"image\":{\"@id\":\"https:\/\/lij.ismeduca.com\/es\/producto\/c-tse-3-el-marc-i-el-projecte-perfecte\/#primaryimage\"},\"thumbnailUrl\":\"https:\/\/lij.ismeduca.com\/es\/wp-content\/uploads\/sites\/10\/2025\/12\/1426.jpg\",\"datePublished\":\"2024-07-11T09:22:19+00:00\",\"dateModified\":\"2025-12-23T11:50:39+00:00\",\"breadcrumb\":{\"@id\":\"https:\/\/lij.ismeduca.com\/es\/producto\/c-tse-3-el-marc-i-el-projecte-perfecte\/#breadcrumb\"},\"inLanguage\":\"es\",\"potentialAction\":[{\"@type\":\"ReadAction\",\"target\":[\"https:\/\/lij.ismeduca.com\/es\/producto\/c-tse-3-el-marc-i-el-projecte-perfecte\/\"]}]},{\"@type\":\"ImageObject\",\"inLanguage\":\"es\",\"@id\":\"https:\/\/lij.ismeduca.com\/es\/producto\/c-tse-3-el-marc-i-el-projecte-perfecte\/#primaryimage\",\"url\":\"https:\/\/lij.ismeduca.com\/es\/wp-content\/uploads\/sites\/10\/2025\/12\/1426.jpg\",\"contentUrl\":\"https:\/\/lij.ismeduca.com\/es\/wp-content\/uploads\/sites\/10\/2025\/12\/1426.jpg\",\"width\":600,\"height\":548},{\"@type\":\"BreadcrumbList\",\"@id\":\"https:\/\/lij.ismeduca.com\/es\/producto\/c-tse-3-el-marc-i-el-projecte-perfecte\/#breadcrumb\",\"itemListElement\":[{\"@type\":\"ListItem\",\"position\":1,\"name\":\"Portada\",\"item\":\"https:\/\/lij.ismeduca.com\/es\/\"},{\"@type\":\"ListItem\",\"position\":2,\"name\":\"Tienda\",\"item\":\"https:\/\/lij.ismeduca.com\/es\/tienda\/\"},{\"@type\":\"ListItem\",\"position\":3,\"name\":\"C-TSE.3 -El Marc i el projecte perfecte\"}]},{\"@type\":\"WebSite\",\"@id\":\"https:\/\/lij.ismeduca.com\/es\/#website\",\"url\":\"https:\/\/lij.ismeduca.com\/es\/\",\"name\":\"Literatura SM Espa\u00f1a\",\"description\":\"\",\"publisher\":{\"@id\":\"https:\/\/lij.ismeduca.com\/es\/#organization\"},\"potentialAction\":[{\"@type\":\"SearchAction\",\"target\":{\"@type\":\"EntryPoint\",\"urlTemplate\":\"https:\/\/lij.ismeduca.com\/es\/?s={search_term_string}\"},\"query-input\":{\"@type\":\"PropertyValueSpecification\",\"valueRequired\":true,\"valueName\":\"search_term_string\"}}],\"inLanguage\":\"es\"},{\"@type\":\"Organization\",\"@id\":\"https:\/\/lij.ismeduca.com\/es\/#organization\",\"name\":\"Literatura SM Espa\u00f1a\",\"url\":\"https:\/\/lij.ismeduca.com\/es\/\",\"logo\":{\"@type\":\"ImageObject\",\"inLanguage\":\"es\",\"@id\":\"https:\/\/lij.ismeduca.com\/es\/#\/schema\/logo\/image\/\",\"url\":\"https:\/\/lij.ismeduca.com\/es\/wp-content\/uploads\/sites\/10\/2024\/07\/logo-cabecera.png\",\"contentUrl\":\"https:\/\/lij.ismeduca.com\/es\/wp-content\/uploads\/sites\/10\/2024\/07\/logo-cabecera.png\",\"width\":396,\"height\":64,\"caption\":\"Literatura SM Espa\u00f1a\"},\"image\":{\"@id\":\"https:\/\/lij.ismeduca.com\/es\/#\/schema\/logo\/image\/\"}}]}<\/script>\n<!-- \/ Yoast SEO plugin. -->","yoast_head_json":{"title":"C-TSE.3 -El Marc i el projecte perfecte - Literatura SM Espa\u00f1a","robots":{"index":"noindex","follow":"follow","max-snippet":"max-snippet:-1","max-image-preview":"max-image-preview:large","max-video-preview":"max-video-preview:-1"},"og_locale":"es_ES","og_type":"article","og_title":"C-TSE.3 -El Marc i el projecte perfecte - Literatura SM Espa\u00f1a","og_url":"https:\/\/lij.ismeduca.com\/es\/producto\/c-tse-3-el-marc-i-el-projecte-perfecte\/","og_site_name":"Literatura SM Espa\u00f1a","article_modified_time":"2025-12-23T11:50:39+00:00","twitter_card":"summary_large_image","schema":{"@context":"https:\/\/schema.org","@graph":[{"@type":"WebPage","@id":"https:\/\/lij.ismeduca.com\/es\/producto\/c-tse-3-el-marc-i-el-projecte-perfecte\/","url":"https:\/\/lij.ismeduca.com\/es\/producto\/c-tse-3-el-marc-i-el-projecte-perfecte\/","name":"C-TSE.3 -El Marc i el projecte perfecte - Literatura SM Espa\u00f1a","isPartOf":{"@id":"https:\/\/lij.ismeduca.com\/es\/#website"},"primaryImageOfPage":{"@id":"https:\/\/lij.ismeduca.com\/es\/producto\/c-tse-3-el-marc-i-el-projecte-perfecte\/#primaryimage"},"image":{"@id":"https:\/\/lij.ismeduca.com\/es\/producto\/c-tse-3-el-marc-i-el-projecte-perfecte\/#primaryimage"},"thumbnailUrl":"https:\/\/lij.ismeduca.com\/es\/wp-content\/uploads\/sites\/10\/2025\/12\/1426.jpg","datePublished":"2024-07-11T09:22:19+00:00","dateModified":"2025-12-23T11:50:39+00:00","breadcrumb":{"@id":"https:\/\/lij.ismeduca.com\/es\/producto\/c-tse-3-el-marc-i-el-projecte-perfecte\/#breadcrumb"},"inLanguage":"es","potentialAction":[{"@type":"ReadAction","target":["https:\/\/lij.ismeduca.com\/es\/producto\/c-tse-3-el-marc-i-el-projecte-perfecte\/"]}]},{"@type":"ImageObject","inLanguage":"es","@id":"https:\/\/lij.ismeduca.com\/es\/producto\/c-tse-3-el-marc-i-el-projecte-perfecte\/#primaryimage","url":"https:\/\/lij.ismeduca.com\/es\/wp-content\/uploads\/sites\/10\/2025\/12\/1426.jpg","contentUrl":"https:\/\/lij.ismeduca.com\/es\/wp-content\/uploads\/sites\/10\/2025\/12\/1426.jpg","width":600,"height":548},{"@type":"BreadcrumbList","@id":"https:\/\/lij.ismeduca.com\/es\/producto\/c-tse-3-el-marc-i-el-projecte-perfecte\/#breadcrumb","itemListElement":[{"@type":"ListItem","position":1,"name":"Portada","item":"https:\/\/lij.ismeduca.com\/es\/"},{"@type":"ListItem","position":2,"name":"Tienda","item":"https:\/\/lij.ismeduca.com\/es\/tienda\/"},{"@type":"ListItem","position":3,"name":"C-TSE.3 -El Marc i el projecte perfecte"}]},{"@type":"WebSite","@id":"https:\/\/lij.ismeduca.com\/es\/#website","url":"https:\/\/lij.ismeduca.com\/es\/","name":"Literatura SM Espa\u00f1a","description":"","publisher":{"@id":"https:\/\/lij.ismeduca.com\/es\/#organization"},"potentialAction":[{"@type":"SearchAction","target":{"@type":"EntryPoint","urlTemplate":"https:\/\/lij.ismeduca.com\/es\/?s={search_term_string}"},"query-input":{"@type":"PropertyValueSpecification","valueRequired":true,"valueName":"search_term_string"}}],"inLanguage":"es"},{"@type":"Organization","@id":"https:\/\/lij.ismeduca.com\/es\/#organization","name":"Literatura SM Espa\u00f1a","url":"https:\/\/lij.ismeduca.com\/es\/","logo":{"@type":"ImageObject","inLanguage":"es","@id":"https:\/\/lij.ismeduca.com\/es\/#\/schema\/logo\/image\/","url":"https:\/\/lij.ismeduca.com\/es\/wp-content\/uploads\/sites\/10\/2024\/07\/logo-cabecera.png","contentUrl":"https:\/\/lij.ismeduca.com\/es\/wp-content\/uploads\/sites\/10\/2024\/07\/logo-cabecera.png","width":396,"height":64,"caption":"Literatura SM Espa\u00f1a"},"image":{"@id":"https:\/\/lij.ismeduca.com\/es\/#\/schema\/logo\/image\/"}}]}},"_links":{"self":[{"href":"https:\/\/lij.ismeduca.com\/es\/wp-json\/wp\/v2\/product\/1426","targetHints":{"allow":["GET"]}}],"collection":[{"href":"https:\/\/lij.ismeduca.com\/es\/wp-json\/wp\/v2\/product"}],"about":[{"href":"https:\/\/lij.ismeduca.com\/es\/wp-json\/wp\/v2\/types\/product"}],"version-history":[{"count":3,"href":"https:\/\/lij.ismeduca.com\/es\/wp-json\/wp\/v2\/product\/1426\/revisions"}],"predecessor-version":[{"id":35653,"href":"https:\/\/lij.ismeduca.com\/es\/wp-json\/wp\/v2\/product\/1426\/revisions\/35653"}],"wp:featuredmedia":[{"embeddable":true,"href":"https:\/\/lij.ismeduca.com\/es\/wp-json\/wp\/v2\/media\/35652"}],"wp:attachment":[{"href":"https:\/\/lij.ismeduca.com\/es\/wp-json\/wp\/v2\/media?parent=1426"}],"wp:term":[{"taxonomy":"product_brand","embeddable":true,"href":"https:\/\/lij.ismeduca.com\/es\/wp-json\/wp\/v2\/product_brand?post=1426"},{"taxonomy":"product_cat","embeddable":true,"href":"https:\/\/lij.ismeduca.com\/es\/wp-json\/wp\/v2\/product_cat?post=1426"},{"taxonomy":"product_tag","embeddable":true,"href":"https:\/\/lij.ismeduca.com\/es\/wp-json\/wp\/v2\/product_tag?post=1426"},{"taxonomy":"asignatura","embeddable":true,"href":"https:\/\/lij.ismeduca.com\/es\/wp-json\/wp\/v2\/asignatura?post=1426"},{"taxonomy":"compania","embeddable":true,"href":"https:\/\/lij.ismeduca.com\/es\/wp-json\/wp\/v2\/compania?post=1426"},{"taxonomy":"curso","embeddable":true,"href":"https:\/\/lij.ismeduca.com\/es\/wp-json\/wp\/v2\/curso?post=1426"},{"taxonomy":"idiomas","embeddable":true,"href":"https:\/\/lij.ismeduca.com\/es\/wp-json\/wp\/v2\/idiomas?post=1426"},{"taxonomy":"genero","embeddable":true,"href":"https:\/\/lij.ismeduca.com\/es\/wp-json\/wp\/v2\/genero?post=1426"},{"taxonomy":"linea","embeddable":true,"href":"https:\/\/lij.ismeduca.com\/es\/wp-json\/wp\/v2\/linea?post=1426"},{"taxonomy":"premio","embeddable":true,"href":"https:\/\/lij.ismeduca.com\/es\/wp-json\/wp\/v2\/premio?post=1426"},{"taxonomy":"proyecto-editorial","embeddable":true,"href":"https:\/\/lij.ismeduca.com\/es\/wp-json\/wp\/v2\/proyecto-editorial?post=1426"},{"taxonomy":"tipo-de-libro","embeddable":true,"href":"https:\/\/lij.ismeduca.com\/es\/wp-json\/wp\/v2\/tipo-de-libro?post=1426"},{"taxonomy":"soporte","embeddable":true,"href":"https:\/\/lij.ismeduca.com\/es\/wp-json\/wp\/v2\/soporte?post=1426"},{"taxonomy":"zona-geografica","embeddable":true,"href":"https:\/\/lij.ismeduca.com\/es\/wp-json\/wp\/v2\/zona-geografica?post=1426"},{"taxonomy":"autores","embeddable":true,"href":"https:\/\/lij.ismeduca.com\/es\/wp-json\/wp\/v2\/autores?post=1426"},{"taxonomy":"colecciones","embeddable":true,"href":"https:\/\/lij.ismeduca.com\/es\/wp-json\/wp\/v2\/colecciones?post=1426"},{"taxonomy":"personajes","embeddable":true,"href":"https:\/\/lij.ismeduca.com\/es\/wp-json\/wp\/v2\/personajes?post=1426"}],"curies":[{"name":"wp","href":"https:\/\/api.w.org\/{rel}","templated":true}]}}