{"id":15,"date":"2019-02-07T00:00:00","date_gmt":"2024-07-11T08:59:16","guid":{"rendered":"https:\/\/lij.ismeduca.com\/tienda\/?post_type=product&#038;p=15"},"modified":"2025-12-23T12:47:16","modified_gmt":"2025-12-23T11:47:16","slug":"la-bella-dorment-la-bella-i-la-bruixa-dorments","status":"publish","type":"product","link":"https:\/\/lij.ismeduca.com\/es\/producto\/la-bella-dorment-la-bella-i-la-bruixa-dorments\/","title":{"rendered":"La bella dorment \/ La bella i la bruixa dorments"},"content":{"rendered":"","protected":false},"excerpt":{"rendered":"<p>Llibre amb dos contes diferents. Si el poses del dret, llegir&#224;s el conte de la bella dorment. I, si el poses del rev&#233;s, una altra versi&#243; de la hist&#242;ria: els reis fan una festa per celebrar que han tingut una nena, per&#242; es descuiden de convidar una de les fades, que es converteix en bruixa i jura que es venjar&#224; d&#8217;aquella nena. Quan la princesa ja &#233;s una noia, un dia troba una velleta filant en una casa enmig del bosc. La velleta &#233;s la bruixa, i fa servir un fus m&#224;gic: qui s&#8217;hi punxi quedar&#224; adormit. La bruixa l&#8217;ensenya a la princesa, per&#242; es punxen totes dues i totes dues queden adormides. Un ca&#231;ador les troba, i porta la princesa al palau. All&#224;, les fades descobreixen als seus llibres que un pet&#243; la podria despertar, per&#242; no saben qui l&#8217;hi ha de fer. El ca&#231;ador que l&#8217;ha trobat es disfressa de pr&#237;ncep i aconsegueix despertar la princesa en fer-li un pet&#243;. Ella se n&#8217;enamora i els reis accepten que s&#8217;hi casi, encara que no sigui cap pr&#237;ncep. Al cap d&#8217;un temps, passejant pel bosc, la princesa troba el ta&#252;t de vidre on les fades van posar la bruixa adormida. La noia no s&#8217;hi pensa gens i li fa un pet&#243;, i immediatament la bruixa es desperta. Agra&#239;da, decideix deixar de ser bruixa i tornar a fer de fada bona.<\/p>\n","protected":false},"featured_media":34907,"template":"","meta":{"_acf_changed":false,"inline_featured_image":false},"product_brand":[],"product_cat":[4633],"product_tag":[255,240,254,253,2058],"asignatura":[],"compania":[258],"curso":[],"idiomas":[1951],"genero":[256],"linea":[250],"premio":[],"proyecto-editorial":[257],"tipo-de-libro":[249],"soporte":[2004],"zona-geografica":[],"autores":[4601,4599],"colecciones":[2459],"personajes":[],"class_list":{"0":"post-15","1":"product","2":"type-product","3":"status-publish","4":"has-post-thumbnail","6":"product_cat-3-5-anos","7":"product_tag-adaptaciones-literarias","8":"product_tag-cuentos-infantiles","9":"product_tag-cuentos-tradicionales","10":"product_tag-literatura-de-humor","11":"product_tag-ntx","12":"pa_codigo-sap-ntx","13":"compania-editorial-cruilla-s-a-es","14":"idiomas-catalan","15":"genero-humor","16":"linea-narrativa","17":"proyecto-editorial-3-5","18":"tipo-de-libro-fisico","19":"soporte-libro","20":"autores-nuria-aparicio-marcos","21":"autores-salvador-comelles","22":"colecciones-contes-del-dret-i-del-reves","24":"first","25":"instock","26":"taxable","27":"shipping-taxable","28":"purchasable","29":"product-type-simple"},"acf":{"id_catalogo":"650","shortTitle":"C-CDR.1 LA BELLA DORMENT\/LA BELLA I LA","descripcion":"Llibre amb dos contes diferents. Si el poses del dret, llegir&#224;s el conte de la bella dorment. I, si el poses del rev&#233;s, una altra versi&#243; de la hist&#242;ria: els reis fan una festa per celebrar que han tingut una nena, per&#242; es descuiden de convidar una de les fades, que es converteix en bruixa i jura que es venjar&#224; d'aquella nena. Quan la princesa ja &#233;s una noia, un dia troba una velleta filant en una casa enmig del bosc. La velleta &#233;s la bruixa, i fa servir un fus m&#224;gic: qui s'hi punxi quedar&#224; adormit. La bruixa l'ensenya a la princesa, per&#242; es punxen totes dues i totes dues queden adormides. Un ca&#231;ador les troba, i porta la princesa al palau. All&#224;, les fades descobreixen als seus llibres que un pet&#243; la podria despertar, per&#242; no saben qui l'hi ha de fer. El ca&#231;ador que l'ha trobat es disfressa de pr&#237;ncep i aconsegueix despertar la princesa en fer-li un pet&#243;. Ella se n'enamora i els reis accepten que s'hi casi, encara que no sigui cap pr&#237;ncep. Al cap d'un temps, passejant pel bosc, la princesa troba el ta&#252;t de vidre on les fades van posar la bruixa adormida. La noia no s'hi pensa gens i li fa un pet&#243;, i immediatament la bruixa es desperta. Agra&#239;da, decideix deixar de ser bruixa i tornar a fer de fada bona.","adjuntos":[{"id":"12","titulo":"Web","url":"https:\/\/www.clijcat.cat\/faristol\/critica\/La-bella-dorment;-La-bella-i-la-bruixa-dorments"}],"descriptivePhrases":[{"type":"General","text":"Dos llibres en un de sol: si el poses del dret hi ha el conte tradicional i, si el gires del rev\u00e9s, una altra versi\u00f3 de la hist\u00f2ria."}],"productSap":"NTX","isbn":"9788466145947","precio_colegios":5.72,"precio_librerias":5.72,"precio_librerias_sin_cobertura":5.72,"precio_distribuidores":5.72,"fecha_disponibilidad":null,"fecha_comercial":"20190207","organizacion_venta":"CS01","datos_para_buscador":"N\u00faria Aparicio Marcos, Salvador Comelles, Contes del dret i del rev\u00e9s, "},"yoast_head":"<!-- This site is optimized with the Yoast SEO plugin v26.6 - https:\/\/yoast.com\/wordpress\/plugins\/seo\/ -->\n<title>La bella dorment \/ La bella i la bruixa dorments - Literatura SM Espa\u00f1a<\/title>\n<meta name=\"robots\" content=\"noindex, follow, max-snippet:-1, max-image-preview:large, max-video-preview:-1\" \/>\n<meta property=\"og:locale\" content=\"es_ES\" \/>\n<meta property=\"og:type\" content=\"article\" \/>\n<meta property=\"og:title\" content=\"La bella dorment \/ La bella i la bruixa dorments - Literatura SM Espa\u00f1a\" \/>\n<meta property=\"og:url\" content=\"https:\/\/lij.ismeduca.com\/es\/producto\/la-bella-dorment-la-bella-i-la-bruixa-dorments\/\" \/>\n<meta property=\"og:site_name\" content=\"Literatura SM Espa\u00f1a\" \/>\n<meta property=\"article:modified_time\" content=\"2025-12-23T11:47:16+00:00\" \/>\n<meta name=\"twitter:card\" content=\"summary_large_image\" \/>\n<script type=\"application\/ld+json\" class=\"yoast-schema-graph\">{\"@context\":\"https:\/\/schema.org\",\"@graph\":[{\"@type\":\"WebPage\",\"@id\":\"https:\/\/lij.ismeduca.com\/es\/producto\/la-bella-dorment-la-bella-i-la-bruixa-dorments\/\",\"url\":\"https:\/\/lij.ismeduca.com\/es\/producto\/la-bella-dorment-la-bella-i-la-bruixa-dorments\/\",\"name\":\"La bella dorment \/ La bella i la bruixa dorments - Literatura SM Espa\u00f1a\",\"isPartOf\":{\"@id\":\"https:\/\/lij.ismeduca.com\/es\/#website\"},\"primaryImageOfPage\":{\"@id\":\"https:\/\/lij.ismeduca.com\/es\/producto\/la-bella-dorment-la-bella-i-la-bruixa-dorments\/#primaryimage\"},\"image\":{\"@id\":\"https:\/\/lij.ismeduca.com\/es\/producto\/la-bella-dorment-la-bella-i-la-bruixa-dorments\/#primaryimage\"},\"thumbnailUrl\":\"https:\/\/lij.ismeduca.com\/es\/wp-content\/uploads\/sites\/10\/2025\/12\/15.jpg\",\"datePublished\":\"2024-07-11T08:59:16+00:00\",\"dateModified\":\"2025-12-23T11:47:16+00:00\",\"breadcrumb\":{\"@id\":\"https:\/\/lij.ismeduca.com\/es\/producto\/la-bella-dorment-la-bella-i-la-bruixa-dorments\/#breadcrumb\"},\"inLanguage\":\"es\",\"potentialAction\":[{\"@type\":\"ReadAction\",\"target\":[\"https:\/\/lij.ismeduca.com\/es\/producto\/la-bella-dorment-la-bella-i-la-bruixa-dorments\/\"]}]},{\"@type\":\"ImageObject\",\"inLanguage\":\"es\",\"@id\":\"https:\/\/lij.ismeduca.com\/es\/producto\/la-bella-dorment-la-bella-i-la-bruixa-dorments\/#primaryimage\",\"url\":\"https:\/\/lij.ismeduca.com\/es\/wp-content\/uploads\/sites\/10\/2025\/12\/15.jpg\",\"contentUrl\":\"https:\/\/lij.ismeduca.com\/es\/wp-content\/uploads\/sites\/10\/2025\/12\/15.jpg\",\"width\":600,\"height\":643},{\"@type\":\"BreadcrumbList\",\"@id\":\"https:\/\/lij.ismeduca.com\/es\/producto\/la-bella-dorment-la-bella-i-la-bruixa-dorments\/#breadcrumb\",\"itemListElement\":[{\"@type\":\"ListItem\",\"position\":1,\"name\":\"Portada\",\"item\":\"https:\/\/lij.ismeduca.com\/es\/\"},{\"@type\":\"ListItem\",\"position\":2,\"name\":\"Tienda\",\"item\":\"https:\/\/lij.ismeduca.com\/es\/tienda\/\"},{\"@type\":\"ListItem\",\"position\":3,\"name\":\"La bella dorment \/ La bella i la bruixa dorments\"}]},{\"@type\":\"WebSite\",\"@id\":\"https:\/\/lij.ismeduca.com\/es\/#website\",\"url\":\"https:\/\/lij.ismeduca.com\/es\/\",\"name\":\"Literatura SM Espa\u00f1a\",\"description\":\"\",\"publisher\":{\"@id\":\"https:\/\/lij.ismeduca.com\/es\/#organization\"},\"potentialAction\":[{\"@type\":\"SearchAction\",\"target\":{\"@type\":\"EntryPoint\",\"urlTemplate\":\"https:\/\/lij.ismeduca.com\/es\/?s={search_term_string}\"},\"query-input\":{\"@type\":\"PropertyValueSpecification\",\"valueRequired\":true,\"valueName\":\"search_term_string\"}}],\"inLanguage\":\"es\"},{\"@type\":\"Organization\",\"@id\":\"https:\/\/lij.ismeduca.com\/es\/#organization\",\"name\":\"Literatura SM Espa\u00f1a\",\"url\":\"https:\/\/lij.ismeduca.com\/es\/\",\"logo\":{\"@type\":\"ImageObject\",\"inLanguage\":\"es\",\"@id\":\"https:\/\/lij.ismeduca.com\/es\/#\/schema\/logo\/image\/\",\"url\":\"https:\/\/lij.ismeduca.com\/es\/wp-content\/uploads\/sites\/10\/2024\/07\/logo-cabecera.png\",\"contentUrl\":\"https:\/\/lij.ismeduca.com\/es\/wp-content\/uploads\/sites\/10\/2024\/07\/logo-cabecera.png\",\"width\":396,\"height\":64,\"caption\":\"Literatura SM Espa\u00f1a\"},\"image\":{\"@id\":\"https:\/\/lij.ismeduca.com\/es\/#\/schema\/logo\/image\/\"}}]}<\/script>\n<!-- \/ Yoast SEO plugin. -->","yoast_head_json":{"title":"La bella dorment \/ La bella i la bruixa dorments - Literatura SM Espa\u00f1a","robots":{"index":"noindex","follow":"follow","max-snippet":"max-snippet:-1","max-image-preview":"max-image-preview:large","max-video-preview":"max-video-preview:-1"},"og_locale":"es_ES","og_type":"article","og_title":"La bella dorment \/ La bella i la bruixa dorments - Literatura SM Espa\u00f1a","og_url":"https:\/\/lij.ismeduca.com\/es\/producto\/la-bella-dorment-la-bella-i-la-bruixa-dorments\/","og_site_name":"Literatura SM Espa\u00f1a","article_modified_time":"2025-12-23T11:47:16+00:00","twitter_card":"summary_large_image","schema":{"@context":"https:\/\/schema.org","@graph":[{"@type":"WebPage","@id":"https:\/\/lij.ismeduca.com\/es\/producto\/la-bella-dorment-la-bella-i-la-bruixa-dorments\/","url":"https:\/\/lij.ismeduca.com\/es\/producto\/la-bella-dorment-la-bella-i-la-bruixa-dorments\/","name":"La bella dorment \/ La bella i la bruixa dorments - Literatura SM Espa\u00f1a","isPartOf":{"@id":"https:\/\/lij.ismeduca.com\/es\/#website"},"primaryImageOfPage":{"@id":"https:\/\/lij.ismeduca.com\/es\/producto\/la-bella-dorment-la-bella-i-la-bruixa-dorments\/#primaryimage"},"image":{"@id":"https:\/\/lij.ismeduca.com\/es\/producto\/la-bella-dorment-la-bella-i-la-bruixa-dorments\/#primaryimage"},"thumbnailUrl":"https:\/\/lij.ismeduca.com\/es\/wp-content\/uploads\/sites\/10\/2025\/12\/15.jpg","datePublished":"2024-07-11T08:59:16+00:00","dateModified":"2025-12-23T11:47:16+00:00","breadcrumb":{"@id":"https:\/\/lij.ismeduca.com\/es\/producto\/la-bella-dorment-la-bella-i-la-bruixa-dorments\/#breadcrumb"},"inLanguage":"es","potentialAction":[{"@type":"ReadAction","target":["https:\/\/lij.ismeduca.com\/es\/producto\/la-bella-dorment-la-bella-i-la-bruixa-dorments\/"]}]},{"@type":"ImageObject","inLanguage":"es","@id":"https:\/\/lij.ismeduca.com\/es\/producto\/la-bella-dorment-la-bella-i-la-bruixa-dorments\/#primaryimage","url":"https:\/\/lij.ismeduca.com\/es\/wp-content\/uploads\/sites\/10\/2025\/12\/15.jpg","contentUrl":"https:\/\/lij.ismeduca.com\/es\/wp-content\/uploads\/sites\/10\/2025\/12\/15.jpg","width":600,"height":643},{"@type":"BreadcrumbList","@id":"https:\/\/lij.ismeduca.com\/es\/producto\/la-bella-dorment-la-bella-i-la-bruixa-dorments\/#breadcrumb","itemListElement":[{"@type":"ListItem","position":1,"name":"Portada","item":"https:\/\/lij.ismeduca.com\/es\/"},{"@type":"ListItem","position":2,"name":"Tienda","item":"https:\/\/lij.ismeduca.com\/es\/tienda\/"},{"@type":"ListItem","position":3,"name":"La bella dorment \/ La bella i la bruixa dorments"}]},{"@type":"WebSite","@id":"https:\/\/lij.ismeduca.com\/es\/#website","url":"https:\/\/lij.ismeduca.com\/es\/","name":"Literatura SM Espa\u00f1a","description":"","publisher":{"@id":"https:\/\/lij.ismeduca.com\/es\/#organization"},"potentialAction":[{"@type":"SearchAction","target":{"@type":"EntryPoint","urlTemplate":"https:\/\/lij.ismeduca.com\/es\/?s={search_term_string}"},"query-input":{"@type":"PropertyValueSpecification","valueRequired":true,"valueName":"search_term_string"}}],"inLanguage":"es"},{"@type":"Organization","@id":"https:\/\/lij.ismeduca.com\/es\/#organization","name":"Literatura SM Espa\u00f1a","url":"https:\/\/lij.ismeduca.com\/es\/","logo":{"@type":"ImageObject","inLanguage":"es","@id":"https:\/\/lij.ismeduca.com\/es\/#\/schema\/logo\/image\/","url":"https:\/\/lij.ismeduca.com\/es\/wp-content\/uploads\/sites\/10\/2024\/07\/logo-cabecera.png","contentUrl":"https:\/\/lij.ismeduca.com\/es\/wp-content\/uploads\/sites\/10\/2024\/07\/logo-cabecera.png","width":396,"height":64,"caption":"Literatura SM Espa\u00f1a"},"image":{"@id":"https:\/\/lij.ismeduca.com\/es\/#\/schema\/logo\/image\/"}}]}},"_links":{"self":[{"href":"https:\/\/lij.ismeduca.com\/es\/wp-json\/wp\/v2\/product\/15","targetHints":{"allow":["GET"]}}],"collection":[{"href":"https:\/\/lij.ismeduca.com\/es\/wp-json\/wp\/v2\/product"}],"about":[{"href":"https:\/\/lij.ismeduca.com\/es\/wp-json\/wp\/v2\/types\/product"}],"version-history":[{"count":1,"href":"https:\/\/lij.ismeduca.com\/es\/wp-json\/wp\/v2\/product\/15\/revisions"}],"predecessor-version":[{"id":31614,"href":"https:\/\/lij.ismeduca.com\/es\/wp-json\/wp\/v2\/product\/15\/revisions\/31614"}],"wp:featuredmedia":[{"embeddable":true,"href":"https:\/\/lij.ismeduca.com\/es\/wp-json\/wp\/v2\/media\/34907"}],"wp:attachment":[{"href":"https:\/\/lij.ismeduca.com\/es\/wp-json\/wp\/v2\/media?parent=15"}],"wp:term":[{"taxonomy":"product_brand","embeddable":true,"href":"https:\/\/lij.ismeduca.com\/es\/wp-json\/wp\/v2\/product_brand?post=15"},{"taxonomy":"product_cat","embeddable":true,"href":"https:\/\/lij.ismeduca.com\/es\/wp-json\/wp\/v2\/product_cat?post=15"},{"taxonomy":"product_tag","embeddable":true,"href":"https:\/\/lij.ismeduca.com\/es\/wp-json\/wp\/v2\/product_tag?post=15"},{"taxonomy":"asignatura","embeddable":true,"href":"https:\/\/lij.ismeduca.com\/es\/wp-json\/wp\/v2\/asignatura?post=15"},{"taxonomy":"compania","embeddable":true,"href":"https:\/\/lij.ismeduca.com\/es\/wp-json\/wp\/v2\/compania?post=15"},{"taxonomy":"curso","embeddable":true,"href":"https:\/\/lij.ismeduca.com\/es\/wp-json\/wp\/v2\/curso?post=15"},{"taxonomy":"idiomas","embeddable":true,"href":"https:\/\/lij.ismeduca.com\/es\/wp-json\/wp\/v2\/idiomas?post=15"},{"taxonomy":"genero","embeddable":true,"href":"https:\/\/lij.ismeduca.com\/es\/wp-json\/wp\/v2\/genero?post=15"},{"taxonomy":"linea","embeddable":true,"href":"https:\/\/lij.ismeduca.com\/es\/wp-json\/wp\/v2\/linea?post=15"},{"taxonomy":"premio","embeddable":true,"href":"https:\/\/lij.ismeduca.com\/es\/wp-json\/wp\/v2\/premio?post=15"},{"taxonomy":"proyecto-editorial","embeddable":true,"href":"https:\/\/lij.ismeduca.com\/es\/wp-json\/wp\/v2\/proyecto-editorial?post=15"},{"taxonomy":"tipo-de-libro","embeddable":true,"href":"https:\/\/lij.ismeduca.com\/es\/wp-json\/wp\/v2\/tipo-de-libro?post=15"},{"taxonomy":"soporte","embeddable":true,"href":"https:\/\/lij.ismeduca.com\/es\/wp-json\/wp\/v2\/soporte?post=15"},{"taxonomy":"zona-geografica","embeddable":true,"href":"https:\/\/lij.ismeduca.com\/es\/wp-json\/wp\/v2\/zona-geografica?post=15"},{"taxonomy":"autores","embeddable":true,"href":"https:\/\/lij.ismeduca.com\/es\/wp-json\/wp\/v2\/autores?post=15"},{"taxonomy":"colecciones","embeddable":true,"href":"https:\/\/lij.ismeduca.com\/es\/wp-json\/wp\/v2\/colecciones?post=15"},{"taxonomy":"personajes","embeddable":true,"href":"https:\/\/lij.ismeduca.com\/es\/wp-json\/wp\/v2\/personajes?post=15"}],"curies":[{"name":"wp","href":"https:\/\/api.w.org\/{rel}","templated":true}]}}