{"id":16496,"date":"2024-10-01T14:21:31","date_gmt":"2024-10-01T12:21:31","guid":{"rendered":"https:\/\/lij.ismeduca.com\/tienda\/?post_type=product&#038;p=16496"},"modified":"2025-12-23T12:33:23","modified_gmt":"2025-12-23T11:33:23","slug":"memorias-de-idhun-la-resistencia-libro-ii-revelacion","status":"publish","type":"product","link":"https:\/\/lij.ismeduca.com\/es\/producto\/memorias-de-idhun-la-resistencia-libro-ii-revelacion\/","title":{"rendered":"Memorias de Idh\u00fan. La resistencia. Libro II: Revelaci\u00f3n"},"content":{"rendered":"","protected":false},"excerpt":{"rendered":"<p>Desde la distancia, las chicas del colegio de Victoria asisten con envidia a la conversaci&oacute;n que su compa&ntilde;era mantiene con un guapo desconocido. Jam&aacute;s sabr&aacute;n que estos dos viejos amigos llevan a&ntilde;os sin verse o que se conocieron luchando por acabar con la tiran&iacute;a en un remoto mundo. Tampoco sabr&aacute;n que el letal Kirtash todav&iacute;a les busca para darles caza, pues la misi&oacute;n de Victoria y de su amigo Jack, y por tanto de La Resistencia, dista mucho de haber concluido.<\/p>\n","protected":false},"featured_media":37890,"template":"","meta":{"_acf_changed":false,"inline_featured_image":false},"product_brand":[],"product_cat":[4750],"product_tag":[903,240,242,861,901,478,298,698,481,902,2058],"asignatura":[],"compania":[252],"curso":[],"idiomas":[1948],"genero":[275],"linea":[250],"premio":[],"proyecto-editorial":[251],"tipo-de-libro":[249],"soporte":[2004],"zona-geografica":[],"autores":[4288],"colecciones":[2379],"personajes":[],"class_list":{"0":"post-16496","1":"product","2":"type-product","3":"status-publish","4":"has-post-thumbnail","6":"product_cat-memorias-de-idhun","7":"product_tag-batallas","8":"product_tag-cuentos-infantiles","9":"product_tag-cuentos-para-ninos","10":"product_tag-heroes","11":"product_tag-laura-gallego-garcia","12":"product_tag-literatura-fantastica","13":"product_tag-literatura-infantil","14":"product_tag-literatura-juvenil","15":"product_tag-magia","16":"product_tag-memorias-de-idhun","17":"product_tag-ntx","18":"pa_codigo-sap-ntx","19":"compania-f-sta-maria-ediciones-sm-es","20":"idiomas-espanol","21":"genero-fantasia","22":"linea-narrativa","23":"proyecto-editorial-fondo-general","24":"tipo-de-libro-fisico","25":"soporte-libro","26":"autores-laura-gallego","27":"colecciones-memorias-de-idhun","29":"first","30":"instock","31":"taxable","32":"shipping-taxable","33":"purchasable","34":"product-type-simple"},"acf":{"id_catalogo":"650","shortTitle":"MID.MEMORIAS DE IDHUN TOMO II:REVELACION","descripcion":"<p>Desde la distancia, las chicas del colegio de Victoria asisten con envidia a la conversaci&oacute;n que su compa&ntilde;era mantiene con un guapo desconocido. Jam&aacute;s sabr&aacute;n que estos dos viejos amigos llevan a&ntilde;os sin verse o que se conocieron luchando por acabar con la tiran&iacute;a en un remoto mundo. Tampoco sabr&aacute;n que el letal Kirtash todav&iacute;a les busca para darles caza, pues la misi&oacute;n de Victoria y de su amigo Jack, y por tanto de La Resistencia, dista mucho de haber concluido.<\/p>\n","adjuntos":[{"id":"4","titulo":"Primer cap\u00edtulo \/ Unidad Modelo","url":"https:\/\/catalogo.noe-sm.com\/medias\/ES125033-001276.pdf?context=bWFzdGVyfG1pZ3JhdGlvbnwyMjQ4MzB8YXBwbGljYXRpb24vcGRmfG1pZ3JhdGlvbi9oZDEvaDExLzg4MTk0MDkyNTY0NzgucGRmfGFhY2NmNzlkMzY2YmJlYTY4YmI3NzNhYzA0YTNlOThlNWY2MDJhZGEwOGM4NTAwZjkxODZlMjY1MDVjZmE5NmQ"}],"descriptivePhrases":[{"type":"General","text":"Prosigue la batalla por la paz en el mundo de Idh\u00fan."}],"productSap":"NTX","isbn":"9788467535945","precio_colegios":9.57,"precio_librerias":9.57,"precio_librerias_sin_cobertura":9.57,"precio_distribuidores":9.57,"fecha_disponibilidad":null,"fecha_comercial":"20091002","organizacion_venta":"CS01","datos_para_buscador":"Laura Gallego, Memorias de Idh\u00fan, "},"yoast_head":"<!-- This site is optimized with the Yoast SEO plugin v26.6 - https:\/\/yoast.com\/wordpress\/plugins\/seo\/ -->\n<title>Memorias de Idh\u00fan. La resistencia. Libro II: Revelaci\u00f3n - Literatura SM Espa\u00f1a<\/title>\n<meta name=\"robots\" content=\"noindex, follow, max-snippet:-1, max-image-preview:large, max-video-preview:-1\" \/>\n<meta property=\"og:locale\" content=\"es_ES\" \/>\n<meta property=\"og:type\" content=\"article\" \/>\n<meta property=\"og:title\" content=\"Memorias de Idh\u00fan. La resistencia. Libro II: Revelaci\u00f3n - Literatura SM Espa\u00f1a\" \/>\n<meta property=\"og:url\" content=\"https:\/\/lij.ismeduca.com\/es\/producto\/memorias-de-idhun-la-resistencia-libro-ii-revelacion\/\" \/>\n<meta property=\"og:site_name\" content=\"Literatura SM Espa\u00f1a\" \/>\n<meta property=\"article:modified_time\" content=\"2025-12-23T11:33:23+00:00\" \/>\n<meta name=\"twitter:card\" content=\"summary_large_image\" \/>\n<script type=\"application\/ld+json\" class=\"yoast-schema-graph\">{\"@context\":\"https:\/\/schema.org\",\"@graph\":[{\"@type\":\"WebPage\",\"@id\":\"https:\/\/lij.ismeduca.com\/es\/producto\/memorias-de-idhun-la-resistencia-libro-ii-revelacion\/\",\"url\":\"https:\/\/lij.ismeduca.com\/es\/producto\/memorias-de-idhun-la-resistencia-libro-ii-revelacion\/\",\"name\":\"Memorias de Idh\u00fan. La resistencia. Libro II: Revelaci\u00f3n - Literatura SM Espa\u00f1a\",\"isPartOf\":{\"@id\":\"https:\/\/lij.ismeduca.com\/es\/#website\"},\"primaryImageOfPage\":{\"@id\":\"https:\/\/lij.ismeduca.com\/es\/producto\/memorias-de-idhun-la-resistencia-libro-ii-revelacion\/#primaryimage\"},\"image\":{\"@id\":\"https:\/\/lij.ismeduca.com\/es\/producto\/memorias-de-idhun-la-resistencia-libro-ii-revelacion\/#primaryimage\"},\"thumbnailUrl\":\"https:\/\/lij.ismeduca.com\/es\/wp-content\/uploads\/sites\/10\/2025\/12\/16496.jpg\",\"datePublished\":\"2024-10-01T12:21:31+00:00\",\"dateModified\":\"2025-12-23T11:33:23+00:00\",\"breadcrumb\":{\"@id\":\"https:\/\/lij.ismeduca.com\/es\/producto\/memorias-de-idhun-la-resistencia-libro-ii-revelacion\/#breadcrumb\"},\"inLanguage\":\"es\",\"potentialAction\":[{\"@type\":\"ReadAction\",\"target\":[\"https:\/\/lij.ismeduca.com\/es\/producto\/memorias-de-idhun-la-resistencia-libro-ii-revelacion\/\"]}]},{\"@type\":\"ImageObject\",\"inLanguage\":\"es\",\"@id\":\"https:\/\/lij.ismeduca.com\/es\/producto\/memorias-de-idhun-la-resistencia-libro-ii-revelacion\/#primaryimage\",\"url\":\"https:\/\/lij.ismeduca.com\/es\/wp-content\/uploads\/sites\/10\/2025\/12\/16496.jpg\",\"contentUrl\":\"https:\/\/lij.ismeduca.com\/es\/wp-content\/uploads\/sites\/10\/2025\/12\/16496.jpg\",\"width\":427,\"height\":600},{\"@type\":\"BreadcrumbList\",\"@id\":\"https:\/\/lij.ismeduca.com\/es\/producto\/memorias-de-idhun-la-resistencia-libro-ii-revelacion\/#breadcrumb\",\"itemListElement\":[{\"@type\":\"ListItem\",\"position\":1,\"name\":\"Portada\",\"item\":\"https:\/\/lij.ismeduca.com\/es\/\"},{\"@type\":\"ListItem\",\"position\":2,\"name\":\"Tienda\",\"item\":\"https:\/\/lij.ismeduca.com\/es\/tienda\/\"},{\"@type\":\"ListItem\",\"position\":3,\"name\":\"Memorias de Idh\u00fan. La resistencia. Libro II: Revelaci\u00f3n\"}]},{\"@type\":\"WebSite\",\"@id\":\"https:\/\/lij.ismeduca.com\/es\/#website\",\"url\":\"https:\/\/lij.ismeduca.com\/es\/\",\"name\":\"Literatura SM Espa\u00f1a\",\"description\":\"\",\"publisher\":{\"@id\":\"https:\/\/lij.ismeduca.com\/es\/#organization\"},\"potentialAction\":[{\"@type\":\"SearchAction\",\"target\":{\"@type\":\"EntryPoint\",\"urlTemplate\":\"https:\/\/lij.ismeduca.com\/es\/?s={search_term_string}\"},\"query-input\":{\"@type\":\"PropertyValueSpecification\",\"valueRequired\":true,\"valueName\":\"search_term_string\"}}],\"inLanguage\":\"es\"},{\"@type\":\"Organization\",\"@id\":\"https:\/\/lij.ismeduca.com\/es\/#organization\",\"name\":\"Literatura SM Espa\u00f1a\",\"url\":\"https:\/\/lij.ismeduca.com\/es\/\",\"logo\":{\"@type\":\"ImageObject\",\"inLanguage\":\"es\",\"@id\":\"https:\/\/lij.ismeduca.com\/es\/#\/schema\/logo\/image\/\",\"url\":\"https:\/\/lij.ismeduca.com\/es\/wp-content\/uploads\/sites\/10\/2024\/07\/logo-cabecera.png\",\"contentUrl\":\"https:\/\/lij.ismeduca.com\/es\/wp-content\/uploads\/sites\/10\/2024\/07\/logo-cabecera.png\",\"width\":396,\"height\":64,\"caption\":\"Literatura SM Espa\u00f1a\"},\"image\":{\"@id\":\"https:\/\/lij.ismeduca.com\/es\/#\/schema\/logo\/image\/\"}}]}<\/script>\n<!-- \/ Yoast SEO plugin. -->","yoast_head_json":{"title":"Memorias de Idh\u00fan. La resistencia. Libro II: Revelaci\u00f3n - Literatura SM Espa\u00f1a","robots":{"index":"noindex","follow":"follow","max-snippet":"max-snippet:-1","max-image-preview":"max-image-preview:large","max-video-preview":"max-video-preview:-1"},"og_locale":"es_ES","og_type":"article","og_title":"Memorias de Idh\u00fan. La resistencia. Libro II: Revelaci\u00f3n - Literatura SM Espa\u00f1a","og_url":"https:\/\/lij.ismeduca.com\/es\/producto\/memorias-de-idhun-la-resistencia-libro-ii-revelacion\/","og_site_name":"Literatura SM Espa\u00f1a","article_modified_time":"2025-12-23T11:33:23+00:00","twitter_card":"summary_large_image","schema":{"@context":"https:\/\/schema.org","@graph":[{"@type":"WebPage","@id":"https:\/\/lij.ismeduca.com\/es\/producto\/memorias-de-idhun-la-resistencia-libro-ii-revelacion\/","url":"https:\/\/lij.ismeduca.com\/es\/producto\/memorias-de-idhun-la-resistencia-libro-ii-revelacion\/","name":"Memorias de Idh\u00fan. La resistencia. Libro II: Revelaci\u00f3n - Literatura SM Espa\u00f1a","isPartOf":{"@id":"https:\/\/lij.ismeduca.com\/es\/#website"},"primaryImageOfPage":{"@id":"https:\/\/lij.ismeduca.com\/es\/producto\/memorias-de-idhun-la-resistencia-libro-ii-revelacion\/#primaryimage"},"image":{"@id":"https:\/\/lij.ismeduca.com\/es\/producto\/memorias-de-idhun-la-resistencia-libro-ii-revelacion\/#primaryimage"},"thumbnailUrl":"https:\/\/lij.ismeduca.com\/es\/wp-content\/uploads\/sites\/10\/2025\/12\/16496.jpg","datePublished":"2024-10-01T12:21:31+00:00","dateModified":"2025-12-23T11:33:23+00:00","breadcrumb":{"@id":"https:\/\/lij.ismeduca.com\/es\/producto\/memorias-de-idhun-la-resistencia-libro-ii-revelacion\/#breadcrumb"},"inLanguage":"es","potentialAction":[{"@type":"ReadAction","target":["https:\/\/lij.ismeduca.com\/es\/producto\/memorias-de-idhun-la-resistencia-libro-ii-revelacion\/"]}]},{"@type":"ImageObject","inLanguage":"es","@id":"https:\/\/lij.ismeduca.com\/es\/producto\/memorias-de-idhun-la-resistencia-libro-ii-revelacion\/#primaryimage","url":"https:\/\/lij.ismeduca.com\/es\/wp-content\/uploads\/sites\/10\/2025\/12\/16496.jpg","contentUrl":"https:\/\/lij.ismeduca.com\/es\/wp-content\/uploads\/sites\/10\/2025\/12\/16496.jpg","width":427,"height":600},{"@type":"BreadcrumbList","@id":"https:\/\/lij.ismeduca.com\/es\/producto\/memorias-de-idhun-la-resistencia-libro-ii-revelacion\/#breadcrumb","itemListElement":[{"@type":"ListItem","position":1,"name":"Portada","item":"https:\/\/lij.ismeduca.com\/es\/"},{"@type":"ListItem","position":2,"name":"Tienda","item":"https:\/\/lij.ismeduca.com\/es\/tienda\/"},{"@type":"ListItem","position":3,"name":"Memorias de Idh\u00fan. La resistencia. Libro II: Revelaci\u00f3n"}]},{"@type":"WebSite","@id":"https:\/\/lij.ismeduca.com\/es\/#website","url":"https:\/\/lij.ismeduca.com\/es\/","name":"Literatura SM Espa\u00f1a","description":"","publisher":{"@id":"https:\/\/lij.ismeduca.com\/es\/#organization"},"potentialAction":[{"@type":"SearchAction","target":{"@type":"EntryPoint","urlTemplate":"https:\/\/lij.ismeduca.com\/es\/?s={search_term_string}"},"query-input":{"@type":"PropertyValueSpecification","valueRequired":true,"valueName":"search_term_string"}}],"inLanguage":"es"},{"@type":"Organization","@id":"https:\/\/lij.ismeduca.com\/es\/#organization","name":"Literatura SM Espa\u00f1a","url":"https:\/\/lij.ismeduca.com\/es\/","logo":{"@type":"ImageObject","inLanguage":"es","@id":"https:\/\/lij.ismeduca.com\/es\/#\/schema\/logo\/image\/","url":"https:\/\/lij.ismeduca.com\/es\/wp-content\/uploads\/sites\/10\/2024\/07\/logo-cabecera.png","contentUrl":"https:\/\/lij.ismeduca.com\/es\/wp-content\/uploads\/sites\/10\/2024\/07\/logo-cabecera.png","width":396,"height":64,"caption":"Literatura SM Espa\u00f1a"},"image":{"@id":"https:\/\/lij.ismeduca.com\/es\/#\/schema\/logo\/image\/"}}]}},"_links":{"self":[{"href":"https:\/\/lij.ismeduca.com\/es\/wp-json\/wp\/v2\/product\/16496","targetHints":{"allow":["GET"]}}],"collection":[{"href":"https:\/\/lij.ismeduca.com\/es\/wp-json\/wp\/v2\/product"}],"about":[{"href":"https:\/\/lij.ismeduca.com\/es\/wp-json\/wp\/v2\/types\/product"}],"version-history":[{"count":1,"href":"https:\/\/lij.ismeduca.com\/es\/wp-json\/wp\/v2\/product\/16496\/revisions"}],"predecessor-version":[{"id":32304,"href":"https:\/\/lij.ismeduca.com\/es\/wp-json\/wp\/v2\/product\/16496\/revisions\/32304"}],"wp:featuredmedia":[{"embeddable":true,"href":"https:\/\/lij.ismeduca.com\/es\/wp-json\/wp\/v2\/media\/37890"}],"wp:attachment":[{"href":"https:\/\/lij.ismeduca.com\/es\/wp-json\/wp\/v2\/media?parent=16496"}],"wp:term":[{"taxonomy":"product_brand","embeddable":true,"href":"https:\/\/lij.ismeduca.com\/es\/wp-json\/wp\/v2\/product_brand?post=16496"},{"taxonomy":"product_cat","embeddable":true,"href":"https:\/\/lij.ismeduca.com\/es\/wp-json\/wp\/v2\/product_cat?post=16496"},{"taxonomy":"product_tag","embeddable":true,"href":"https:\/\/lij.ismeduca.com\/es\/wp-json\/wp\/v2\/product_tag?post=16496"},{"taxonomy":"asignatura","embeddable":true,"href":"https:\/\/lij.ismeduca.com\/es\/wp-json\/wp\/v2\/asignatura?post=16496"},{"taxonomy":"compania","embeddable":true,"href":"https:\/\/lij.ismeduca.com\/es\/wp-json\/wp\/v2\/compania?post=16496"},{"taxonomy":"curso","embeddable":true,"href":"https:\/\/lij.ismeduca.com\/es\/wp-json\/wp\/v2\/curso?post=16496"},{"taxonomy":"idiomas","embeddable":true,"href":"https:\/\/lij.ismeduca.com\/es\/wp-json\/wp\/v2\/idiomas?post=16496"},{"taxonomy":"genero","embeddable":true,"href":"https:\/\/lij.ismeduca.com\/es\/wp-json\/wp\/v2\/genero?post=16496"},{"taxonomy":"linea","embeddable":true,"href":"https:\/\/lij.ismeduca.com\/es\/wp-json\/wp\/v2\/linea?post=16496"},{"taxonomy":"premio","embeddable":true,"href":"https:\/\/lij.ismeduca.com\/es\/wp-json\/wp\/v2\/premio?post=16496"},{"taxonomy":"proyecto-editorial","embeddable":true,"href":"https:\/\/lij.ismeduca.com\/es\/wp-json\/wp\/v2\/proyecto-editorial?post=16496"},{"taxonomy":"tipo-de-libro","embeddable":true,"href":"https:\/\/lij.ismeduca.com\/es\/wp-json\/wp\/v2\/tipo-de-libro?post=16496"},{"taxonomy":"soporte","embeddable":true,"href":"https:\/\/lij.ismeduca.com\/es\/wp-json\/wp\/v2\/soporte?post=16496"},{"taxonomy":"zona-geografica","embeddable":true,"href":"https:\/\/lij.ismeduca.com\/es\/wp-json\/wp\/v2\/zona-geografica?post=16496"},{"taxonomy":"autores","embeddable":true,"href":"https:\/\/lij.ismeduca.com\/es\/wp-json\/wp\/v2\/autores?post=16496"},{"taxonomy":"colecciones","embeddable":true,"href":"https:\/\/lij.ismeduca.com\/es\/wp-json\/wp\/v2\/colecciones?post=16496"},{"taxonomy":"personajes","embeddable":true,"href":"https:\/\/lij.ismeduca.com\/es\/wp-json\/wp\/v2\/personajes?post=16496"}],"curies":[{"name":"wp","href":"https:\/\/api.w.org\/{rel}","templated":true}]}}