{"id":1655,"date":"2016-02-04T00:00:00","date_gmt":"2024-07-11T09:25:57","guid":{"rendered":"https:\/\/lij.ismeduca.com\/tienda\/?post_type=product&#038;p=1655"},"modified":"2025-12-23T12:38:15","modified_gmt":"2025-12-23T11:38:15","slug":"adam-i-thomas","status":"publish","type":"product","link":"https:\/\/lij.ismeduca.com\/es\/producto\/adam-i-thomas\/","title":{"rendered":"Adam i Thomas"},"content":{"rendered":"","protected":false},"excerpt":{"rendered":"<p>Aquest relat, basat en fets reals viscuts per l&#8217;autor durant la Segona Guerra Mundial, ens explica les aventures i les perip&#232;cies de l&#8217;Adam i el Thomas, dos nens jueus de car&#224;cters i actituds molt diferents que es veuen obligats a amagar-se al bosc. All&#224;, no nom&#233;s han d&#8217;esmolar constantment l&#8217;enginy per poder sobreviure i enfrontar-se als perills que els envolten, sin&#243; que tamb&#233; tenen temps per contemplar tot all&#242; que els ofereix la natura i aprofundir en l&#8217;amistat que els uneix.<\/p>\n","protected":false},"featured_media":37744,"template":"","meta":{"_acf_changed":false,"inline_featured_image":false},"product_brand":[],"product_cat":[4739],"product_tag":[268,320,1073,934,329,1072,2058,538,918,860],"asignatura":[],"compania":[258],"curso":[],"idiomas":[1951],"genero":[314],"linea":[250],"premio":[],"proyecto-editorial":[906],"tipo-de-libro":[249],"soporte":[2004],"zona-geografica":[],"autores":[4106,4174,4105],"colecciones":[],"personajes":[],"class_list":{"0":"post-1655","1":"product","2":"type-product","3":"status-publish","4":"has-post-thumbnail","6":"product_cat-juvenil-y-clasicos","7":"product_tag-amistad","8":"product_tag-inclusion","9":"product_tag-judios","10":"product_tag-literatura-historica","11":"product_tag-literatura-realista","12":"product_tag-nazismo","13":"product_tag-ntx","14":"product_tag-paz","15":"product_tag-segunda-guerra-mundial-1939-1945","16":"product_tag-supervivencia","17":"pa_codigo-sap-ntx","18":"compania-editorial-cruilla-s-a-es","19":"idiomas-catalan","20":"genero-aventura","21":"linea-narrativa","22":"proyecto-editorial-juvenil","23":"tipo-de-libro-fisico","24":"soporte-libro","25":"autores-aharon-appelfeld","26":"autores-dolors-ortiz","27":"autores-itai-ron","29":"first","30":"instock","31":"taxable","32":"shipping-taxable","33":"purchasable","34":"product-type-simple"},"acf":{"id_catalogo":"650","shortTitle":"C-ADAM I THOMAS","descripcion":"Aquest relat, basat en fets reals viscuts per l'autor durant la Segona Guerra Mundial, ens explica les aventures i les perip&#232;cies de l'Adam i el Thomas, dos nens jueus de car&#224;cters i actituds molt diferents que es veuen obligats a amagar-se al bosc. All&#224;, no nom&#233;s han d'esmolar constantment l'enginy per poder sobreviure i enfrontar-se als perills que els envolten, sin&#243; que tamb&#233; tenen temps per contemplar tot all&#242; que els ofereix la natura i aprofundir en l'amistat que els uneix.","adjuntos":[{"id":"2","titulo":"Documentos de texto","url":"https:\/\/catalogo.noe-sm.com\/medias\/ES167539-008636.pdf?context=bWFzdGVyfG1pZ3JhdGlvbnw5NjkxNHxhcHBsaWNhdGlvbi9wZGZ8bWlncmF0aW9uL2g4Yy9oMzcvODgxOTU5NDEzMzUzNC5wZGZ8MTg2MzEwMDBjODU3MGUwZDgwZmU1MGIzOGQ5NWFiZWQ3OTFkODkyYmU1OWM2MDFjNWI3MjIzNzBlZTU5MGQyNg"},{"id":"2","titulo":"Documentos de texto","url":"https:\/\/catalogo.noe-sm.com\/medias\/ES167539-008686.pdf?context=bWFzdGVyfG1pZ3JhdGlvbnwxNTcwOTZ8YXBwbGljYXRpb24vcGRmfG1pZ3JhdGlvbi9oYTIvaDA5Lzg4MTkzMzYwODU1MzQucGRmfDhjODRkNDFlMGI4ZDlkYTM1MjIwMWE5NmNiODczZGJmZDg4YTZmMDFiZmEwNzkxY2FmZWEyNGQ3ZTM1MGEyMmE"},{"id":"12","titulo":"Web","url":""},{"id":"2","titulo":"Documentos de texto","url":"https:\/\/catalogo.noe-sm.com\/medias\/ES167539-008895.pdf?context=bWFzdGVyfG1pZ3JhdGlvbnwxOTE3NjZ8YXBwbGljYXRpb24vcGRmfG1pZ3JhdGlvbi9oN2MvaGQ1Lzg4MTk1MDM4MjQ5MjYucGRmfDQ2ZjA2ZTAwNWZlYWFjMDE5OGM4MzM0YmUzYWE1NmFiYzFiMjA2ZTZkMzE3ZjRlODI1NjhjMGViMWQ0MTc3ZmQ"},{"id":"12","titulo":"Web","url":""},{"id":"2","titulo":"Documentos de texto","url":"https:\/\/catalogo.noe-sm.com\/medias\/ES167539-008987.pdf?context=bWFzdGVyfG1pZ3JhdGlvbnw0NTE4NTR8YXBwbGljYXRpb24vcGRmfG1pZ3JhdGlvbi9oODUvaDQ3Lzg4MTk1NTYwNTcxMTgucGRmfGU2ZWI1MWMzNWU4YmU4NWNmMDI5ZGNjNTZkNDliMDEyNzM4YTA4YmNhNmVmOGU1NjNjYWVkNDk5YmVlZDM1OWI"},{"id":"2","titulo":"Documentos de texto","url":"https:\/\/catalogo.noe-sm.com\/medias\/ES167539-009000.pdf?context=bWFzdGVyfG1pZ3JhdGlvbnwxNjc3NDZ8YXBwbGljYXRpb24vcGRmfG1pZ3JhdGlvbi9oM2MvaDJjLzg4MTkzMjgxODg0NDYucGRmfDY1NmJlYjdlMjgyOGI5MWQzMmM4MGU0ODJmMWI5ZTY2YmQ2YjAxMDVhNWJjNmI3ZWU2ZWU0Njc0ZTEzMWZlOWE"},{"id":"2","titulo":"Documentos de texto","url":"https:\/\/catalogo.noe-sm.com\/medias\/ES167539-009618.pdf?context=bWFzdGVyfG1pZ3JhdGlvbnwzMjc1MjJ8YXBwbGljYXRpb24vcGRmfG1pZ3JhdGlvbi9oNGEvaDBhLzg4MTk0NTc1NTY1MTAucGRmfGU2NzgzN2Y3OTkxOWY1NmU3ZTBiYzc0NWNkNTAxOTQyM2JjM2Q0NTllZTU0OTllNmNiNDUzNTkxMzgxMmI3NmU"},{"id":"12","titulo":"Web","url":""},{"id":"12","titulo":"Web","url":""},{"id":"12","titulo":"Web","url":""}],"descriptivePhrases":[{"type":"General","text":"Una gran hist\u00f2ria de superviv\u00e8ncia que ens parla de l'amistat, la confian\u00e7a, la tenacitat i l'esperan\u00e7a."}],"productSap":"NTX","isbn":"9788466139908","precio_colegios":8.56,"precio_librerias":8.56,"precio_librerias_sin_cobertura":8.56,"precio_distribuidores":8.56,"fecha_disponibilidad":null,"fecha_comercial":"20160204","organizacion_venta":"CS01","datos_para_buscador":"Dolors Ortiz, Itai Ron, Aharon Appelfeld, "},"yoast_head":"<!-- This site is optimized with the Yoast SEO plugin v26.6 - https:\/\/yoast.com\/wordpress\/plugins\/seo\/ -->\n<title>Adam i Thomas - Literatura SM Espa\u00f1a<\/title>\n<meta name=\"robots\" content=\"noindex, follow, max-snippet:-1, max-image-preview:large, max-video-preview:-1\" \/>\n<meta property=\"og:locale\" content=\"es_ES\" \/>\n<meta property=\"og:type\" content=\"article\" \/>\n<meta property=\"og:title\" content=\"Adam i Thomas - Literatura SM Espa\u00f1a\" \/>\n<meta property=\"og:url\" content=\"https:\/\/lij.ismeduca.com\/es\/producto\/adam-i-thomas\/\" \/>\n<meta property=\"og:site_name\" content=\"Literatura SM Espa\u00f1a\" \/>\n<meta property=\"article:modified_time\" content=\"2025-12-23T11:38:15+00:00\" \/>\n<meta name=\"twitter:card\" content=\"summary_large_image\" \/>\n<script type=\"application\/ld+json\" class=\"yoast-schema-graph\">{\"@context\":\"https:\/\/schema.org\",\"@graph\":[{\"@type\":\"WebPage\",\"@id\":\"https:\/\/lij.ismeduca.com\/es\/producto\/adam-i-thomas\/\",\"url\":\"https:\/\/lij.ismeduca.com\/es\/producto\/adam-i-thomas\/\",\"name\":\"Adam i Thomas - Literatura SM Espa\u00f1a\",\"isPartOf\":{\"@id\":\"https:\/\/lij.ismeduca.com\/es\/#website\"},\"primaryImageOfPage\":{\"@id\":\"https:\/\/lij.ismeduca.com\/es\/producto\/adam-i-thomas\/#primaryimage\"},\"image\":{\"@id\":\"https:\/\/lij.ismeduca.com\/es\/producto\/adam-i-thomas\/#primaryimage\"},\"thumbnailUrl\":\"https:\/\/lij.ismeduca.com\/es\/wp-content\/uploads\/sites\/10\/2025\/12\/1655.jpg\",\"datePublished\":\"2024-07-11T09:25:57+00:00\",\"dateModified\":\"2025-12-23T11:38:15+00:00\",\"breadcrumb\":{\"@id\":\"https:\/\/lij.ismeduca.com\/es\/producto\/adam-i-thomas\/#breadcrumb\"},\"inLanguage\":\"es\",\"potentialAction\":[{\"@type\":\"ReadAction\",\"target\":[\"https:\/\/lij.ismeduca.com\/es\/producto\/adam-i-thomas\/\"]}]},{\"@type\":\"ImageObject\",\"inLanguage\":\"es\",\"@id\":\"https:\/\/lij.ismeduca.com\/es\/producto\/adam-i-thomas\/#primaryimage\",\"url\":\"https:\/\/lij.ismeduca.com\/es\/wp-content\/uploads\/sites\/10\/2025\/12\/1655.jpg\",\"contentUrl\":\"https:\/\/lij.ismeduca.com\/es\/wp-content\/uploads\/sites\/10\/2025\/12\/1655.jpg\",\"width\":600,\"height\":871},{\"@type\":\"BreadcrumbList\",\"@id\":\"https:\/\/lij.ismeduca.com\/es\/producto\/adam-i-thomas\/#breadcrumb\",\"itemListElement\":[{\"@type\":\"ListItem\",\"position\":1,\"name\":\"Portada\",\"item\":\"https:\/\/lij.ismeduca.com\/es\/\"},{\"@type\":\"ListItem\",\"position\":2,\"name\":\"Tienda\",\"item\":\"https:\/\/lij.ismeduca.com\/es\/tienda\/\"},{\"@type\":\"ListItem\",\"position\":3,\"name\":\"Adam i Thomas\"}]},{\"@type\":\"WebSite\",\"@id\":\"https:\/\/lij.ismeduca.com\/es\/#website\",\"url\":\"https:\/\/lij.ismeduca.com\/es\/\",\"name\":\"Literatura SM Espa\u00f1a\",\"description\":\"\",\"publisher\":{\"@id\":\"https:\/\/lij.ismeduca.com\/es\/#organization\"},\"potentialAction\":[{\"@type\":\"SearchAction\",\"target\":{\"@type\":\"EntryPoint\",\"urlTemplate\":\"https:\/\/lij.ismeduca.com\/es\/?s={search_term_string}\"},\"query-input\":{\"@type\":\"PropertyValueSpecification\",\"valueRequired\":true,\"valueName\":\"search_term_string\"}}],\"inLanguage\":\"es\"},{\"@type\":\"Organization\",\"@id\":\"https:\/\/lij.ismeduca.com\/es\/#organization\",\"name\":\"Literatura SM Espa\u00f1a\",\"url\":\"https:\/\/lij.ismeduca.com\/es\/\",\"logo\":{\"@type\":\"ImageObject\",\"inLanguage\":\"es\",\"@id\":\"https:\/\/lij.ismeduca.com\/es\/#\/schema\/logo\/image\/\",\"url\":\"https:\/\/lij.ismeduca.com\/es\/wp-content\/uploads\/sites\/10\/2024\/07\/logo-cabecera.png\",\"contentUrl\":\"https:\/\/lij.ismeduca.com\/es\/wp-content\/uploads\/sites\/10\/2024\/07\/logo-cabecera.png\",\"width\":396,\"height\":64,\"caption\":\"Literatura SM Espa\u00f1a\"},\"image\":{\"@id\":\"https:\/\/lij.ismeduca.com\/es\/#\/schema\/logo\/image\/\"}}]}<\/script>\n<!-- \/ Yoast SEO plugin. -->","yoast_head_json":{"title":"Adam i Thomas - Literatura SM Espa\u00f1a","robots":{"index":"noindex","follow":"follow","max-snippet":"max-snippet:-1","max-image-preview":"max-image-preview:large","max-video-preview":"max-video-preview:-1"},"og_locale":"es_ES","og_type":"article","og_title":"Adam i Thomas - Literatura SM Espa\u00f1a","og_url":"https:\/\/lij.ismeduca.com\/es\/producto\/adam-i-thomas\/","og_site_name":"Literatura SM Espa\u00f1a","article_modified_time":"2025-12-23T11:38:15+00:00","twitter_card":"summary_large_image","schema":{"@context":"https:\/\/schema.org","@graph":[{"@type":"WebPage","@id":"https:\/\/lij.ismeduca.com\/es\/producto\/adam-i-thomas\/","url":"https:\/\/lij.ismeduca.com\/es\/producto\/adam-i-thomas\/","name":"Adam i Thomas - Literatura SM Espa\u00f1a","isPartOf":{"@id":"https:\/\/lij.ismeduca.com\/es\/#website"},"primaryImageOfPage":{"@id":"https:\/\/lij.ismeduca.com\/es\/producto\/adam-i-thomas\/#primaryimage"},"image":{"@id":"https:\/\/lij.ismeduca.com\/es\/producto\/adam-i-thomas\/#primaryimage"},"thumbnailUrl":"https:\/\/lij.ismeduca.com\/es\/wp-content\/uploads\/sites\/10\/2025\/12\/1655.jpg","datePublished":"2024-07-11T09:25:57+00:00","dateModified":"2025-12-23T11:38:15+00:00","breadcrumb":{"@id":"https:\/\/lij.ismeduca.com\/es\/producto\/adam-i-thomas\/#breadcrumb"},"inLanguage":"es","potentialAction":[{"@type":"ReadAction","target":["https:\/\/lij.ismeduca.com\/es\/producto\/adam-i-thomas\/"]}]},{"@type":"ImageObject","inLanguage":"es","@id":"https:\/\/lij.ismeduca.com\/es\/producto\/adam-i-thomas\/#primaryimage","url":"https:\/\/lij.ismeduca.com\/es\/wp-content\/uploads\/sites\/10\/2025\/12\/1655.jpg","contentUrl":"https:\/\/lij.ismeduca.com\/es\/wp-content\/uploads\/sites\/10\/2025\/12\/1655.jpg","width":600,"height":871},{"@type":"BreadcrumbList","@id":"https:\/\/lij.ismeduca.com\/es\/producto\/adam-i-thomas\/#breadcrumb","itemListElement":[{"@type":"ListItem","position":1,"name":"Portada","item":"https:\/\/lij.ismeduca.com\/es\/"},{"@type":"ListItem","position":2,"name":"Tienda","item":"https:\/\/lij.ismeduca.com\/es\/tienda\/"},{"@type":"ListItem","position":3,"name":"Adam i Thomas"}]},{"@type":"WebSite","@id":"https:\/\/lij.ismeduca.com\/es\/#website","url":"https:\/\/lij.ismeduca.com\/es\/","name":"Literatura SM Espa\u00f1a","description":"","publisher":{"@id":"https:\/\/lij.ismeduca.com\/es\/#organization"},"potentialAction":[{"@type":"SearchAction","target":{"@type":"EntryPoint","urlTemplate":"https:\/\/lij.ismeduca.com\/es\/?s={search_term_string}"},"query-input":{"@type":"PropertyValueSpecification","valueRequired":true,"valueName":"search_term_string"}}],"inLanguage":"es"},{"@type":"Organization","@id":"https:\/\/lij.ismeduca.com\/es\/#organization","name":"Literatura SM Espa\u00f1a","url":"https:\/\/lij.ismeduca.com\/es\/","logo":{"@type":"ImageObject","inLanguage":"es","@id":"https:\/\/lij.ismeduca.com\/es\/#\/schema\/logo\/image\/","url":"https:\/\/lij.ismeduca.com\/es\/wp-content\/uploads\/sites\/10\/2024\/07\/logo-cabecera.png","contentUrl":"https:\/\/lij.ismeduca.com\/es\/wp-content\/uploads\/sites\/10\/2024\/07\/logo-cabecera.png","width":396,"height":64,"caption":"Literatura SM Espa\u00f1a"},"image":{"@id":"https:\/\/lij.ismeduca.com\/es\/#\/schema\/logo\/image\/"}}]}},"_links":{"self":[{"href":"https:\/\/lij.ismeduca.com\/es\/wp-json\/wp\/v2\/product\/1655","targetHints":{"allow":["GET"]}}],"collection":[{"href":"https:\/\/lij.ismeduca.com\/es\/wp-json\/wp\/v2\/product"}],"about":[{"href":"https:\/\/lij.ismeduca.com\/es\/wp-json\/wp\/v2\/types\/product"}],"version-history":[{"count":1,"href":"https:\/\/lij.ismeduca.com\/es\/wp-json\/wp\/v2\/product\/1655\/revisions"}],"predecessor-version":[{"id":30179,"href":"https:\/\/lij.ismeduca.com\/es\/wp-json\/wp\/v2\/product\/1655\/revisions\/30179"}],"wp:featuredmedia":[{"embeddable":true,"href":"https:\/\/lij.ismeduca.com\/es\/wp-json\/wp\/v2\/media\/37744"}],"wp:attachment":[{"href":"https:\/\/lij.ismeduca.com\/es\/wp-json\/wp\/v2\/media?parent=1655"}],"wp:term":[{"taxonomy":"product_brand","embeddable":true,"href":"https:\/\/lij.ismeduca.com\/es\/wp-json\/wp\/v2\/product_brand?post=1655"},{"taxonomy":"product_cat","embeddable":true,"href":"https:\/\/lij.ismeduca.com\/es\/wp-json\/wp\/v2\/product_cat?post=1655"},{"taxonomy":"product_tag","embeddable":true,"href":"https:\/\/lij.ismeduca.com\/es\/wp-json\/wp\/v2\/product_tag?post=1655"},{"taxonomy":"asignatura","embeddable":true,"href":"https:\/\/lij.ismeduca.com\/es\/wp-json\/wp\/v2\/asignatura?post=1655"},{"taxonomy":"compania","embeddable":true,"href":"https:\/\/lij.ismeduca.com\/es\/wp-json\/wp\/v2\/compania?post=1655"},{"taxonomy":"curso","embeddable":true,"href":"https:\/\/lij.ismeduca.com\/es\/wp-json\/wp\/v2\/curso?post=1655"},{"taxonomy":"idiomas","embeddable":true,"href":"https:\/\/lij.ismeduca.com\/es\/wp-json\/wp\/v2\/idiomas?post=1655"},{"taxonomy":"genero","embeddable":true,"href":"https:\/\/lij.ismeduca.com\/es\/wp-json\/wp\/v2\/genero?post=1655"},{"taxonomy":"linea","embeddable":true,"href":"https:\/\/lij.ismeduca.com\/es\/wp-json\/wp\/v2\/linea?post=1655"},{"taxonomy":"premio","embeddable":true,"href":"https:\/\/lij.ismeduca.com\/es\/wp-json\/wp\/v2\/premio?post=1655"},{"taxonomy":"proyecto-editorial","embeddable":true,"href":"https:\/\/lij.ismeduca.com\/es\/wp-json\/wp\/v2\/proyecto-editorial?post=1655"},{"taxonomy":"tipo-de-libro","embeddable":true,"href":"https:\/\/lij.ismeduca.com\/es\/wp-json\/wp\/v2\/tipo-de-libro?post=1655"},{"taxonomy":"soporte","embeddable":true,"href":"https:\/\/lij.ismeduca.com\/es\/wp-json\/wp\/v2\/soporte?post=1655"},{"taxonomy":"zona-geografica","embeddable":true,"href":"https:\/\/lij.ismeduca.com\/es\/wp-json\/wp\/v2\/zona-geografica?post=1655"},{"taxonomy":"autores","embeddable":true,"href":"https:\/\/lij.ismeduca.com\/es\/wp-json\/wp\/v2\/autores?post=1655"},{"taxonomy":"colecciones","embeddable":true,"href":"https:\/\/lij.ismeduca.com\/es\/wp-json\/wp\/v2\/colecciones?post=1655"},{"taxonomy":"personajes","embeddable":true,"href":"https:\/\/lij.ismeduca.com\/es\/wp-json\/wp\/v2\/personajes?post=1655"}],"curies":[{"name":"wp","href":"https:\/\/api.w.org\/{rel}","templated":true}]}}