{"id":1668,"date":"2019-05-16T00:00:00","date_gmt":"2024-07-11T09:26:05","guid":{"rendered":"https:\/\/lij.ismeduca.com\/tienda\/?post_type=product&#038;p=1668"},"modified":"2025-12-23T12:44:14","modified_gmt":"2025-12-23T11:44:14","slug":"antologia-poetica-del-modernismo-a-la-generacion-del-27","status":"publish","type":"product","link":"https:\/\/lij.ismeduca.com\/es\/producto\/antologia-poetica-del-modernismo-a-la-generacion-del-27\/","title":{"rendered":"Antolog\u00eda po\u00e9tica. Del modernismo a la generaci\u00f3n del 27"},"content":{"rendered":"","protected":false},"excerpt":{"rendered":"<p><P>Un mundo en crisis.<\/P><P>Un cambio de rumbo.<\/P><P>Una mirada sin fronteras.<\/P><P>Versos que unen e igualan.<\/P><P><\/P><P>&#191;Sigues pensando que los cl&#225;sicos son cosa del pasado?<\/P><\/p>\n","protected":false},"featured_media":37793,"template":"","meta":{"_acf_changed":false,"inline_featured_image":false},"product_brand":[],"product_cat":[4742],"product_tag":[602,1095,1093,1087,1088,1094,457,698,1091,2058,1090,456,1092,1089],"asignatura":[],"compania":[252],"curso":[],"idiomas":[1948],"genero":[473],"linea":[250],"premio":[],"proyecto-editorial":[251],"tipo-de-libro":[249],"soporte":[2004],"zona-geografica":[],"autores":[4398,4102,4204,4523],"colecciones":[2310],"personajes":[],"class_list":{"0":"post-1668","1":"product","2":"type-product","3":"status-publish","4":"has-post-thumbnail","6":"product_cat-clasicos","7":"product_tag-antologias","8":"product_tag-antonio-machado","9":"product_tag-federico-garcia-lorca","10":"product_tag-generacion-del-27","11":"product_tag-generacion-del-98","12":"product_tag-jorge-guillen","13":"product_tag-literatura-clasica","14":"product_tag-literatura-juvenil","15":"product_tag-modernismo","16":"product_tag-ntx","17":"product_tag-pedro-salinas","18":"product_tag-proyecto-clasicos","19":"product_tag-rafael-alberti","20":"product_tag-vanguardias","21":"pa_codigo-sap-ntx","22":"compania-f-sta-maria-ediciones-sm-es","23":"idiomas-espanol","24":"genero-poesia","25":"linea-narrativa","26":"proyecto-editorial-fondo-general","27":"tipo-de-libro-fisico","28":"soporte-libro","29":"autores-carolina-perez-gutierrez","30":"autores-magoz","31":"autores-paloma-jover-gomez-ferrer","32":"autores-varios-autores","33":"colecciones-clasicos","35":"first","36":"instock","37":"taxable","38":"shipping-taxable","39":"purchasable","40":"product-type-simple"},"acf":{"id_catalogo":"650","shortTitle":"ANTOLOGIA POETICA(DEL MODERNISMO A LA GE","descripcion":"<P>Un mundo en crisis.<\/P><P>Un cambio de rumbo.<\/P><P>Una mirada sin fronteras.<\/P><P>Versos que unen e igualan.<\/P><P><\/P><P>&#191;Sigues pensando que los cl&#225;sicos son cosa del pasado?<\/P>","adjuntos":[{"id":"20","titulo":"Ficha del alumno","url":"https:\/\/catalogo.noe-sm.com\/medias\/183754-recur-001-004-alu-savia.pdf?context=bWFzdGVyfHJvb3R8MjQ2ODU2NnxhcHBsaWNhdGlvbi9wZGZ8aGQ1L2gyNy84OTI0MTYwMDk4MzM0LnBkZnxhMDM2ZTE5MTZlNDg2N2Q0NTY1YzFhYzM1YmM2ODFkNTE4MjI1ZmRmYjQxOTE4OGYwMDFhOTljODQxNTlmOTA1"},{"id":"21","titulo":"Ficha del profesor","url":"https:\/\/catalogo.noe-sm.com\/medias\/183754-recur-001-002-pro-savia.pdf?context=bWFzdGVyfHJvb3R8NTA5Mjg1fGFwcGxpY2F0aW9uL3BkZnxoY2QvaGNkLzg5NDM3NDExMDgyNTQucGRmfDNlOGEzMzhhYWI5YWRlNmE5NmFiODEzYjRkNTg5ZTY4NTdiZjI0MmJlN2ZiM2Y3ZTE5ZmYwYzc4OWQyOTAwNjM"}],"descriptivePhrases":[{"type":"General","text":"Una antolog\u00eda po\u00e9tica que re\u00fane una completa selecci\u00f3n de las\/los poetas m\u00e1s representativos del modernismo, generaci\u00f3n del 98, novecentismo, vanguardias y generaci\u00f3n del 27."}],"productSap":"NTX","isbn":"9788491825173","precio_colegios":12.45,"precio_librerias":12.45,"precio_librerias_sin_cobertura":12.45,"precio_distribuidores":12.45,"fecha_disponibilidad":null,"fecha_comercial":"20190516","organizacion_venta":"CS01","datos_para_buscador":"Carolina P\u00e9rez Guti\u00e9rrez, Paloma Jover G\u00f3mez-Ferrer, Magoz, Varios Autores, Cl\u00e1sicos, "},"yoast_head":"<!-- This site is optimized with the Yoast SEO plugin v26.6 - https:\/\/yoast.com\/wordpress\/plugins\/seo\/ -->\n<title>Antolog\u00eda po\u00e9tica. Del modernismo a la generaci\u00f3n del 27 - Literatura SM Espa\u00f1a<\/title>\n<meta name=\"robots\" content=\"noindex, follow, max-snippet:-1, max-image-preview:large, max-video-preview:-1\" \/>\n<meta property=\"og:locale\" content=\"es_ES\" \/>\n<meta property=\"og:type\" content=\"article\" \/>\n<meta property=\"og:title\" content=\"Antolog\u00eda po\u00e9tica. Del modernismo a la generaci\u00f3n del 27 - Literatura SM Espa\u00f1a\" \/>\n<meta property=\"og:url\" content=\"https:\/\/lij.ismeduca.com\/es\/producto\/antologia-poetica-del-modernismo-a-la-generacion-del-27\/\" \/>\n<meta property=\"og:site_name\" content=\"Literatura SM Espa\u00f1a\" \/>\n<meta property=\"article:modified_time\" content=\"2025-12-23T11:44:14+00:00\" \/>\n<meta name=\"twitter:card\" content=\"summary_large_image\" \/>\n<script type=\"application\/ld+json\" class=\"yoast-schema-graph\">{\"@context\":\"https:\/\/schema.org\",\"@graph\":[{\"@type\":\"WebPage\",\"@id\":\"https:\/\/lij.ismeduca.com\/es\/producto\/antologia-poetica-del-modernismo-a-la-generacion-del-27\/\",\"url\":\"https:\/\/lij.ismeduca.com\/es\/producto\/antologia-poetica-del-modernismo-a-la-generacion-del-27\/\",\"name\":\"Antolog\u00eda po\u00e9tica. Del modernismo a la generaci\u00f3n del 27 - Literatura SM Espa\u00f1a\",\"isPartOf\":{\"@id\":\"https:\/\/lij.ismeduca.com\/es\/#website\"},\"primaryImageOfPage\":{\"@id\":\"https:\/\/lij.ismeduca.com\/es\/producto\/antologia-poetica-del-modernismo-a-la-generacion-del-27\/#primaryimage\"},\"image\":{\"@id\":\"https:\/\/lij.ismeduca.com\/es\/producto\/antologia-poetica-del-modernismo-a-la-generacion-del-27\/#primaryimage\"},\"thumbnailUrl\":\"https:\/\/lij.ismeduca.com\/es\/wp-content\/uploads\/sites\/10\/2025\/12\/1668.jpg\",\"datePublished\":\"2024-07-11T09:26:05+00:00\",\"dateModified\":\"2025-12-23T11:44:14+00:00\",\"breadcrumb\":{\"@id\":\"https:\/\/lij.ismeduca.com\/es\/producto\/antologia-poetica-del-modernismo-a-la-generacion-del-27\/#breadcrumb\"},\"inLanguage\":\"es\",\"potentialAction\":[{\"@type\":\"ReadAction\",\"target\":[\"https:\/\/lij.ismeduca.com\/es\/producto\/antologia-poetica-del-modernismo-a-la-generacion-del-27\/\"]}]},{\"@type\":\"ImageObject\",\"inLanguage\":\"es\",\"@id\":\"https:\/\/lij.ismeduca.com\/es\/producto\/antologia-poetica-del-modernismo-a-la-generacion-del-27\/#primaryimage\",\"url\":\"https:\/\/lij.ismeduca.com\/es\/wp-content\/uploads\/sites\/10\/2025\/12\/1668.jpg\",\"contentUrl\":\"https:\/\/lij.ismeduca.com\/es\/wp-content\/uploads\/sites\/10\/2025\/12\/1668.jpg\",\"width\":600,\"height\":836},{\"@type\":\"BreadcrumbList\",\"@id\":\"https:\/\/lij.ismeduca.com\/es\/producto\/antologia-poetica-del-modernismo-a-la-generacion-del-27\/#breadcrumb\",\"itemListElement\":[{\"@type\":\"ListItem\",\"position\":1,\"name\":\"Portada\",\"item\":\"https:\/\/lij.ismeduca.com\/es\/\"},{\"@type\":\"ListItem\",\"position\":2,\"name\":\"Tienda\",\"item\":\"https:\/\/lij.ismeduca.com\/es\/tienda\/\"},{\"@type\":\"ListItem\",\"position\":3,\"name\":\"Antolog\u00eda po\u00e9tica. Del modernismo a la generaci\u00f3n del 27\"}]},{\"@type\":\"WebSite\",\"@id\":\"https:\/\/lij.ismeduca.com\/es\/#website\",\"url\":\"https:\/\/lij.ismeduca.com\/es\/\",\"name\":\"Literatura SM Espa\u00f1a\",\"description\":\"\",\"publisher\":{\"@id\":\"https:\/\/lij.ismeduca.com\/es\/#organization\"},\"potentialAction\":[{\"@type\":\"SearchAction\",\"target\":{\"@type\":\"EntryPoint\",\"urlTemplate\":\"https:\/\/lij.ismeduca.com\/es\/?s={search_term_string}\"},\"query-input\":{\"@type\":\"PropertyValueSpecification\",\"valueRequired\":true,\"valueName\":\"search_term_string\"}}],\"inLanguage\":\"es\"},{\"@type\":\"Organization\",\"@id\":\"https:\/\/lij.ismeduca.com\/es\/#organization\",\"name\":\"Literatura SM Espa\u00f1a\",\"url\":\"https:\/\/lij.ismeduca.com\/es\/\",\"logo\":{\"@type\":\"ImageObject\",\"inLanguage\":\"es\",\"@id\":\"https:\/\/lij.ismeduca.com\/es\/#\/schema\/logo\/image\/\",\"url\":\"https:\/\/lij.ismeduca.com\/es\/wp-content\/uploads\/sites\/10\/2024\/07\/logo-cabecera.png\",\"contentUrl\":\"https:\/\/lij.ismeduca.com\/es\/wp-content\/uploads\/sites\/10\/2024\/07\/logo-cabecera.png\",\"width\":396,\"height\":64,\"caption\":\"Literatura SM Espa\u00f1a\"},\"image\":{\"@id\":\"https:\/\/lij.ismeduca.com\/es\/#\/schema\/logo\/image\/\"}}]}<\/script>\n<!-- \/ Yoast SEO plugin. -->","yoast_head_json":{"title":"Antolog\u00eda po\u00e9tica. Del modernismo a la generaci\u00f3n del 27 - Literatura SM Espa\u00f1a","robots":{"index":"noindex","follow":"follow","max-snippet":"max-snippet:-1","max-image-preview":"max-image-preview:large","max-video-preview":"max-video-preview:-1"},"og_locale":"es_ES","og_type":"article","og_title":"Antolog\u00eda po\u00e9tica. Del modernismo a la generaci\u00f3n del 27 - Literatura SM Espa\u00f1a","og_url":"https:\/\/lij.ismeduca.com\/es\/producto\/antologia-poetica-del-modernismo-a-la-generacion-del-27\/","og_site_name":"Literatura SM Espa\u00f1a","article_modified_time":"2025-12-23T11:44:14+00:00","twitter_card":"summary_large_image","schema":{"@context":"https:\/\/schema.org","@graph":[{"@type":"WebPage","@id":"https:\/\/lij.ismeduca.com\/es\/producto\/antologia-poetica-del-modernismo-a-la-generacion-del-27\/","url":"https:\/\/lij.ismeduca.com\/es\/producto\/antologia-poetica-del-modernismo-a-la-generacion-del-27\/","name":"Antolog\u00eda po\u00e9tica. Del modernismo a la generaci\u00f3n del 27 - Literatura SM Espa\u00f1a","isPartOf":{"@id":"https:\/\/lij.ismeduca.com\/es\/#website"},"primaryImageOfPage":{"@id":"https:\/\/lij.ismeduca.com\/es\/producto\/antologia-poetica-del-modernismo-a-la-generacion-del-27\/#primaryimage"},"image":{"@id":"https:\/\/lij.ismeduca.com\/es\/producto\/antologia-poetica-del-modernismo-a-la-generacion-del-27\/#primaryimage"},"thumbnailUrl":"https:\/\/lij.ismeduca.com\/es\/wp-content\/uploads\/sites\/10\/2025\/12\/1668.jpg","datePublished":"2024-07-11T09:26:05+00:00","dateModified":"2025-12-23T11:44:14+00:00","breadcrumb":{"@id":"https:\/\/lij.ismeduca.com\/es\/producto\/antologia-poetica-del-modernismo-a-la-generacion-del-27\/#breadcrumb"},"inLanguage":"es","potentialAction":[{"@type":"ReadAction","target":["https:\/\/lij.ismeduca.com\/es\/producto\/antologia-poetica-del-modernismo-a-la-generacion-del-27\/"]}]},{"@type":"ImageObject","inLanguage":"es","@id":"https:\/\/lij.ismeduca.com\/es\/producto\/antologia-poetica-del-modernismo-a-la-generacion-del-27\/#primaryimage","url":"https:\/\/lij.ismeduca.com\/es\/wp-content\/uploads\/sites\/10\/2025\/12\/1668.jpg","contentUrl":"https:\/\/lij.ismeduca.com\/es\/wp-content\/uploads\/sites\/10\/2025\/12\/1668.jpg","width":600,"height":836},{"@type":"BreadcrumbList","@id":"https:\/\/lij.ismeduca.com\/es\/producto\/antologia-poetica-del-modernismo-a-la-generacion-del-27\/#breadcrumb","itemListElement":[{"@type":"ListItem","position":1,"name":"Portada","item":"https:\/\/lij.ismeduca.com\/es\/"},{"@type":"ListItem","position":2,"name":"Tienda","item":"https:\/\/lij.ismeduca.com\/es\/tienda\/"},{"@type":"ListItem","position":3,"name":"Antolog\u00eda po\u00e9tica. Del modernismo a la generaci\u00f3n del 27"}]},{"@type":"WebSite","@id":"https:\/\/lij.ismeduca.com\/es\/#website","url":"https:\/\/lij.ismeduca.com\/es\/","name":"Literatura SM Espa\u00f1a","description":"","publisher":{"@id":"https:\/\/lij.ismeduca.com\/es\/#organization"},"potentialAction":[{"@type":"SearchAction","target":{"@type":"EntryPoint","urlTemplate":"https:\/\/lij.ismeduca.com\/es\/?s={search_term_string}"},"query-input":{"@type":"PropertyValueSpecification","valueRequired":true,"valueName":"search_term_string"}}],"inLanguage":"es"},{"@type":"Organization","@id":"https:\/\/lij.ismeduca.com\/es\/#organization","name":"Literatura SM Espa\u00f1a","url":"https:\/\/lij.ismeduca.com\/es\/","logo":{"@type":"ImageObject","inLanguage":"es","@id":"https:\/\/lij.ismeduca.com\/es\/#\/schema\/logo\/image\/","url":"https:\/\/lij.ismeduca.com\/es\/wp-content\/uploads\/sites\/10\/2024\/07\/logo-cabecera.png","contentUrl":"https:\/\/lij.ismeduca.com\/es\/wp-content\/uploads\/sites\/10\/2024\/07\/logo-cabecera.png","width":396,"height":64,"caption":"Literatura SM Espa\u00f1a"},"image":{"@id":"https:\/\/lij.ismeduca.com\/es\/#\/schema\/logo\/image\/"}}]}},"_links":{"self":[{"href":"https:\/\/lij.ismeduca.com\/es\/wp-json\/wp\/v2\/product\/1668","targetHints":{"allow":["GET"]}}],"collection":[{"href":"https:\/\/lij.ismeduca.com\/es\/wp-json\/wp\/v2\/product"}],"about":[{"href":"https:\/\/lij.ismeduca.com\/es\/wp-json\/wp\/v2\/types\/product"}],"version-history":[{"count":1,"href":"https:\/\/lij.ismeduca.com\/es\/wp-json\/wp\/v2\/product\/1668\/revisions"}],"predecessor-version":[{"id":30188,"href":"https:\/\/lij.ismeduca.com\/es\/wp-json\/wp\/v2\/product\/1668\/revisions\/30188"}],"wp:featuredmedia":[{"embeddable":true,"href":"https:\/\/lij.ismeduca.com\/es\/wp-json\/wp\/v2\/media\/37793"}],"wp:attachment":[{"href":"https:\/\/lij.ismeduca.com\/es\/wp-json\/wp\/v2\/media?parent=1668"}],"wp:term":[{"taxonomy":"product_brand","embeddable":true,"href":"https:\/\/lij.ismeduca.com\/es\/wp-json\/wp\/v2\/product_brand?post=1668"},{"taxonomy":"product_cat","embeddable":true,"href":"https:\/\/lij.ismeduca.com\/es\/wp-json\/wp\/v2\/product_cat?post=1668"},{"taxonomy":"product_tag","embeddable":true,"href":"https:\/\/lij.ismeduca.com\/es\/wp-json\/wp\/v2\/product_tag?post=1668"},{"taxonomy":"asignatura","embeddable":true,"href":"https:\/\/lij.ismeduca.com\/es\/wp-json\/wp\/v2\/asignatura?post=1668"},{"taxonomy":"compania","embeddable":true,"href":"https:\/\/lij.ismeduca.com\/es\/wp-json\/wp\/v2\/compania?post=1668"},{"taxonomy":"curso","embeddable":true,"href":"https:\/\/lij.ismeduca.com\/es\/wp-json\/wp\/v2\/curso?post=1668"},{"taxonomy":"idiomas","embeddable":true,"href":"https:\/\/lij.ismeduca.com\/es\/wp-json\/wp\/v2\/idiomas?post=1668"},{"taxonomy":"genero","embeddable":true,"href":"https:\/\/lij.ismeduca.com\/es\/wp-json\/wp\/v2\/genero?post=1668"},{"taxonomy":"linea","embeddable":true,"href":"https:\/\/lij.ismeduca.com\/es\/wp-json\/wp\/v2\/linea?post=1668"},{"taxonomy":"premio","embeddable":true,"href":"https:\/\/lij.ismeduca.com\/es\/wp-json\/wp\/v2\/premio?post=1668"},{"taxonomy":"proyecto-editorial","embeddable":true,"href":"https:\/\/lij.ismeduca.com\/es\/wp-json\/wp\/v2\/proyecto-editorial?post=1668"},{"taxonomy":"tipo-de-libro","embeddable":true,"href":"https:\/\/lij.ismeduca.com\/es\/wp-json\/wp\/v2\/tipo-de-libro?post=1668"},{"taxonomy":"soporte","embeddable":true,"href":"https:\/\/lij.ismeduca.com\/es\/wp-json\/wp\/v2\/soporte?post=1668"},{"taxonomy":"zona-geografica","embeddable":true,"href":"https:\/\/lij.ismeduca.com\/es\/wp-json\/wp\/v2\/zona-geografica?post=1668"},{"taxonomy":"autores","embeddable":true,"href":"https:\/\/lij.ismeduca.com\/es\/wp-json\/wp\/v2\/autores?post=1668"},{"taxonomy":"colecciones","embeddable":true,"href":"https:\/\/lij.ismeduca.com\/es\/wp-json\/wp\/v2\/colecciones?post=1668"},{"taxonomy":"personajes","embeddable":true,"href":"https:\/\/lij.ismeduca.com\/es\/wp-json\/wp\/v2\/personajes?post=1668"}],"curies":[{"name":"wp","href":"https:\/\/api.w.org\/{rel}","templated":true}]}}