{"id":1683,"date":"2020-02-06T00:00:00","date_gmt":"2024-07-11T09:26:11","guid":{"rendered":"https:\/\/lij.ismeduca.com\/tienda\/?post_type=product&#038;p=1683"},"modified":"2025-12-23T12:49:00","modified_gmt":"2025-12-23T11:49:00","slug":"miedo-a-los-perros-que-me-han-dicho-que-no-muerden","status":"publish","type":"product","link":"https:\/\/lij.ismeduca.com\/es\/producto\/miedo-a-los-perros-que-me-han-dicho-que-no-muerden\/","title":{"rendered":"Miedo a los perros que me han dicho que no muerden"},"content":{"rendered":"","protected":false},"excerpt":{"rendered":"<p style=\"margin-left:0cm; margin-right:0cm\">Te levantas y piensas: &laquo;Es la guerra&raquo;.<\/p>\n<p style=\"margin-left:0cm; margin-right:0cm\">Sales y encuentras en la poes&iacute;a lo que necesitas.<\/p>\n<p style=\"margin-left:0cm; margin-right:0cm\">El mundo y t&uacute; dej&aacute;is de ser inseguros.<\/p>\n<p style=\"margin-left:0cm; margin-right:0cm\">Y el poema deja de ser solo lenguaje.<\/p>\n<p style=\"margin-left:0cm; margin-right:0cm\"><strong><em>Este libro es la poes&iacute;a <\/em><\/strong><\/p>\n<p style=\"margin-left:0cm; margin-right:0cm\"><strong><em>de un d&iacute;a cualquiera en tu vida. <\/em><\/strong><\/p>\n<p style=\"margin-left:0cm; margin-right:0cm\"><strong><em>Y un d&iacute;a cualquiera <\/em><\/strong><\/p>\n<p style=\"margin-left:0cm; margin-right:0cm\"><strong><em>es siempre un d&iacute;a especial. <\/em><\/strong><\/p>\n","protected":false},"featured_media":37756,"template":"","meta":{"_acf_changed":false,"inline_featured_image":false},"product_brand":[],"product_cat":[4739],"product_tag":[709,268,423,851,698,2058,463],"asignatura":[],"compania":[252],"curso":[],"idiomas":[1948],"genero":[473],"linea":[250],"premio":[],"proyecto-editorial":[251],"tipo-de-libro":[249],"soporte":[2004],"zona-geografica":[],"autores":[4398,4084,4083],"colecciones":[],"personajes":[],"class_list":{"0":"post-1683","1":"product","2":"type-product","3":"status-publish","4":"has-post-thumbnail","6":"product_cat-juvenil-y-clasicos","7":"product_tag-adolescencia","8":"product_tag-amistad","9":"product_tag-amor","10":"product_tag-autonomia","11":"product_tag-literatura-juvenil","12":"product_tag-ntx","13":"product_tag-poesia","14":"pa_codigo-sap-ntx","15":"compania-f-sta-maria-ediciones-sm-es","16":"idiomas-espanol","17":"genero-poesia","18":"linea-narrativa","19":"proyecto-editorial-fondo-general","20":"tipo-de-libro-fisico","21":"soporte-libro","22":"autores-carolina-perez-gutierrez","23":"autores-javier-garcia-rodriguez","24":"autores-naranjalidad-beatriz-ramo","26":"first","27":"instock","28":"taxable","29":"shipping-taxable","30":"purchasable","31":"product-type-simple"},"acf":{"id_catalogo":"650","shortTitle":"Miedo a los perros","descripcion":"<p style=\"margin-left:0cm; margin-right:0cm\">Te levantas y piensas: &laquo;Es la guerra&raquo;.<\/p>\n\n<p style=\"margin-left:0cm; margin-right:0cm\">Sales y encuentras en la poes&iacute;a lo que necesitas.<\/p>\n\n<p style=\"margin-left:0cm; margin-right:0cm\">El mundo y t&uacute; dej&aacute;is de ser inseguros.<\/p>\n\n<p style=\"margin-left:0cm; margin-right:0cm\">Y el poema deja de ser solo lenguaje.<\/p>\n\n<p style=\"margin-left:0cm; margin-right:0cm\"><strong><em>Este libro es la poes&iacute;a <\/em><\/strong><\/p>\n\n<p style=\"margin-left:0cm; margin-right:0cm\"><strong><em>de un d&iacute;a cualquiera en tu vida. <\/em><\/strong><\/p>\n\n<p style=\"margin-left:0cm; margin-right:0cm\"><strong><em>Y un d&iacute;a cualquiera <\/em><\/strong><\/p>\n\n<p style=\"margin-left:0cm; margin-right:0cm\"><strong><em>es siempre un d&iacute;a especial. <\/em><\/strong><\/p>\n","adjuntos":[{"id":"21","titulo":"Ficha del profesor","url":"https:\/\/catalogo.noe-sm.com\/medias\/194534-recur-001-001-pro-savia.pdf?context=bWFzdGVyfHJvb3R8NTg4MTQ2fGFwcGxpY2F0aW9uL3BkZnxoNjUvaDc5Lzg5OTE4Mzk3NDgxMjYucGRmfGI2NTgwMzE2MmY3YmMzMTAwNmI3YzczNTcyZTUyZDhhMmRjNWJjYzE4NjdlMDcxZWQ3Y2VjYzYzZTQ5Y2FhZTY"},{"id":"20","titulo":"Ficha del alumno","url":"https:\/\/catalogo.noe-sm.com\/medias\/194534-recur-001-004-alu-savia.pdf?context=bWFzdGVyfHJvb3R8MTYzNzEzMnxhcHBsaWNhdGlvbi9wZGZ8aGZiL2gwNC84OTkxODM5ODEzNjYyLnBkZnw0YTk1MWE0OTBiZDMxMzg3MWQ1MGQxYzVkYmQzNTU2ZDBkZjU0NjYzODY2OGZhZDRkNWNiZmE1ZTgyMjFlZmM2"}],"descriptivePhrases":[{"type":"General","text":"Un libro de poes\u00eda que de tradicional tiene poco."}],"productSap":"NTX","isbn":"9788491825692","precio_colegios":12.45,"precio_librerias":12.45,"precio_librerias_sin_cobertura":12.45,"precio_distribuidores":12.45,"fecha_disponibilidad":null,"fecha_comercial":"20200206","organizacion_venta":"CS01","datos_para_buscador":"Carolina P\u00e9rez Guti\u00e9rrez, Naranjalidad (Beatriz Ramo), Javier Garc\u00eda Rodr\u00edguez, "},"yoast_head":"<!-- This site is optimized with the Yoast SEO plugin v26.6 - https:\/\/yoast.com\/wordpress\/plugins\/seo\/ -->\n<title>Miedo a los perros que me han dicho que no muerden - Literatura SM Espa\u00f1a<\/title>\n<meta name=\"robots\" content=\"noindex, follow, max-snippet:-1, max-image-preview:large, max-video-preview:-1\" \/>\n<meta property=\"og:locale\" content=\"es_ES\" \/>\n<meta property=\"og:type\" content=\"article\" \/>\n<meta property=\"og:title\" content=\"Miedo a los perros que me han dicho que no muerden - Literatura SM Espa\u00f1a\" \/>\n<meta property=\"og:url\" content=\"https:\/\/lij.ismeduca.com\/es\/producto\/miedo-a-los-perros-que-me-han-dicho-que-no-muerden\/\" \/>\n<meta property=\"og:site_name\" content=\"Literatura SM Espa\u00f1a\" \/>\n<meta property=\"article:modified_time\" content=\"2025-12-23T11:49:00+00:00\" \/>\n<meta name=\"twitter:card\" content=\"summary_large_image\" \/>\n<script type=\"application\/ld+json\" class=\"yoast-schema-graph\">{\"@context\":\"https:\/\/schema.org\",\"@graph\":[{\"@type\":\"WebPage\",\"@id\":\"https:\/\/lij.ismeduca.com\/es\/producto\/miedo-a-los-perros-que-me-han-dicho-que-no-muerden\/\",\"url\":\"https:\/\/lij.ismeduca.com\/es\/producto\/miedo-a-los-perros-que-me-han-dicho-que-no-muerden\/\",\"name\":\"Miedo a los perros que me han dicho que no muerden - Literatura SM Espa\u00f1a\",\"isPartOf\":{\"@id\":\"https:\/\/lij.ismeduca.com\/es\/#website\"},\"primaryImageOfPage\":{\"@id\":\"https:\/\/lij.ismeduca.com\/es\/producto\/miedo-a-los-perros-que-me-han-dicho-que-no-muerden\/#primaryimage\"},\"image\":{\"@id\":\"https:\/\/lij.ismeduca.com\/es\/producto\/miedo-a-los-perros-que-me-han-dicho-que-no-muerden\/#primaryimage\"},\"thumbnailUrl\":\"https:\/\/lij.ismeduca.com\/es\/wp-content\/uploads\/sites\/10\/2025\/12\/1683.jpg\",\"datePublished\":\"2024-07-11T09:26:11+00:00\",\"dateModified\":\"2025-12-23T11:49:00+00:00\",\"breadcrumb\":{\"@id\":\"https:\/\/lij.ismeduca.com\/es\/producto\/miedo-a-los-perros-que-me-han-dicho-que-no-muerden\/#breadcrumb\"},\"inLanguage\":\"es\",\"potentialAction\":[{\"@type\":\"ReadAction\",\"target\":[\"https:\/\/lij.ismeduca.com\/es\/producto\/miedo-a-los-perros-que-me-han-dicho-que-no-muerden\/\"]}]},{\"@type\":\"ImageObject\",\"inLanguage\":\"es\",\"@id\":\"https:\/\/lij.ismeduca.com\/es\/producto\/miedo-a-los-perros-que-me-han-dicho-que-no-muerden\/#primaryimage\",\"url\":\"https:\/\/lij.ismeduca.com\/es\/wp-content\/uploads\/sites\/10\/2025\/12\/1683.jpg\",\"contentUrl\":\"https:\/\/lij.ismeduca.com\/es\/wp-content\/uploads\/sites\/10\/2025\/12\/1683.jpg\",\"width\":600,\"height\":736},{\"@type\":\"BreadcrumbList\",\"@id\":\"https:\/\/lij.ismeduca.com\/es\/producto\/miedo-a-los-perros-que-me-han-dicho-que-no-muerden\/#breadcrumb\",\"itemListElement\":[{\"@type\":\"ListItem\",\"position\":1,\"name\":\"Portada\",\"item\":\"https:\/\/lij.ismeduca.com\/es\/\"},{\"@type\":\"ListItem\",\"position\":2,\"name\":\"Tienda\",\"item\":\"https:\/\/lij.ismeduca.com\/es\/tienda\/\"},{\"@type\":\"ListItem\",\"position\":3,\"name\":\"Miedo a los perros que me han dicho que no muerden\"}]},{\"@type\":\"WebSite\",\"@id\":\"https:\/\/lij.ismeduca.com\/es\/#website\",\"url\":\"https:\/\/lij.ismeduca.com\/es\/\",\"name\":\"Literatura SM Espa\u00f1a\",\"description\":\"\",\"publisher\":{\"@id\":\"https:\/\/lij.ismeduca.com\/es\/#organization\"},\"potentialAction\":[{\"@type\":\"SearchAction\",\"target\":{\"@type\":\"EntryPoint\",\"urlTemplate\":\"https:\/\/lij.ismeduca.com\/es\/?s={search_term_string}\"},\"query-input\":{\"@type\":\"PropertyValueSpecification\",\"valueRequired\":true,\"valueName\":\"search_term_string\"}}],\"inLanguage\":\"es\"},{\"@type\":\"Organization\",\"@id\":\"https:\/\/lij.ismeduca.com\/es\/#organization\",\"name\":\"Literatura SM Espa\u00f1a\",\"url\":\"https:\/\/lij.ismeduca.com\/es\/\",\"logo\":{\"@type\":\"ImageObject\",\"inLanguage\":\"es\",\"@id\":\"https:\/\/lij.ismeduca.com\/es\/#\/schema\/logo\/image\/\",\"url\":\"https:\/\/lij.ismeduca.com\/es\/wp-content\/uploads\/sites\/10\/2024\/07\/logo-cabecera.png\",\"contentUrl\":\"https:\/\/lij.ismeduca.com\/es\/wp-content\/uploads\/sites\/10\/2024\/07\/logo-cabecera.png\",\"width\":396,\"height\":64,\"caption\":\"Literatura SM Espa\u00f1a\"},\"image\":{\"@id\":\"https:\/\/lij.ismeduca.com\/es\/#\/schema\/logo\/image\/\"}}]}<\/script>\n<!-- \/ Yoast SEO plugin. -->","yoast_head_json":{"title":"Miedo a los perros que me han dicho que no muerden - Literatura SM Espa\u00f1a","robots":{"index":"noindex","follow":"follow","max-snippet":"max-snippet:-1","max-image-preview":"max-image-preview:large","max-video-preview":"max-video-preview:-1"},"og_locale":"es_ES","og_type":"article","og_title":"Miedo a los perros que me han dicho que no muerden - Literatura SM Espa\u00f1a","og_url":"https:\/\/lij.ismeduca.com\/es\/producto\/miedo-a-los-perros-que-me-han-dicho-que-no-muerden\/","og_site_name":"Literatura SM Espa\u00f1a","article_modified_time":"2025-12-23T11:49:00+00:00","twitter_card":"summary_large_image","schema":{"@context":"https:\/\/schema.org","@graph":[{"@type":"WebPage","@id":"https:\/\/lij.ismeduca.com\/es\/producto\/miedo-a-los-perros-que-me-han-dicho-que-no-muerden\/","url":"https:\/\/lij.ismeduca.com\/es\/producto\/miedo-a-los-perros-que-me-han-dicho-que-no-muerden\/","name":"Miedo a los perros que me han dicho que no muerden - Literatura SM Espa\u00f1a","isPartOf":{"@id":"https:\/\/lij.ismeduca.com\/es\/#website"},"primaryImageOfPage":{"@id":"https:\/\/lij.ismeduca.com\/es\/producto\/miedo-a-los-perros-que-me-han-dicho-que-no-muerden\/#primaryimage"},"image":{"@id":"https:\/\/lij.ismeduca.com\/es\/producto\/miedo-a-los-perros-que-me-han-dicho-que-no-muerden\/#primaryimage"},"thumbnailUrl":"https:\/\/lij.ismeduca.com\/es\/wp-content\/uploads\/sites\/10\/2025\/12\/1683.jpg","datePublished":"2024-07-11T09:26:11+00:00","dateModified":"2025-12-23T11:49:00+00:00","breadcrumb":{"@id":"https:\/\/lij.ismeduca.com\/es\/producto\/miedo-a-los-perros-que-me-han-dicho-que-no-muerden\/#breadcrumb"},"inLanguage":"es","potentialAction":[{"@type":"ReadAction","target":["https:\/\/lij.ismeduca.com\/es\/producto\/miedo-a-los-perros-que-me-han-dicho-que-no-muerden\/"]}]},{"@type":"ImageObject","inLanguage":"es","@id":"https:\/\/lij.ismeduca.com\/es\/producto\/miedo-a-los-perros-que-me-han-dicho-que-no-muerden\/#primaryimage","url":"https:\/\/lij.ismeduca.com\/es\/wp-content\/uploads\/sites\/10\/2025\/12\/1683.jpg","contentUrl":"https:\/\/lij.ismeduca.com\/es\/wp-content\/uploads\/sites\/10\/2025\/12\/1683.jpg","width":600,"height":736},{"@type":"BreadcrumbList","@id":"https:\/\/lij.ismeduca.com\/es\/producto\/miedo-a-los-perros-que-me-han-dicho-que-no-muerden\/#breadcrumb","itemListElement":[{"@type":"ListItem","position":1,"name":"Portada","item":"https:\/\/lij.ismeduca.com\/es\/"},{"@type":"ListItem","position":2,"name":"Tienda","item":"https:\/\/lij.ismeduca.com\/es\/tienda\/"},{"@type":"ListItem","position":3,"name":"Miedo a los perros que me han dicho que no muerden"}]},{"@type":"WebSite","@id":"https:\/\/lij.ismeduca.com\/es\/#website","url":"https:\/\/lij.ismeduca.com\/es\/","name":"Literatura SM Espa\u00f1a","description":"","publisher":{"@id":"https:\/\/lij.ismeduca.com\/es\/#organization"},"potentialAction":[{"@type":"SearchAction","target":{"@type":"EntryPoint","urlTemplate":"https:\/\/lij.ismeduca.com\/es\/?s={search_term_string}"},"query-input":{"@type":"PropertyValueSpecification","valueRequired":true,"valueName":"search_term_string"}}],"inLanguage":"es"},{"@type":"Organization","@id":"https:\/\/lij.ismeduca.com\/es\/#organization","name":"Literatura SM Espa\u00f1a","url":"https:\/\/lij.ismeduca.com\/es\/","logo":{"@type":"ImageObject","inLanguage":"es","@id":"https:\/\/lij.ismeduca.com\/es\/#\/schema\/logo\/image\/","url":"https:\/\/lij.ismeduca.com\/es\/wp-content\/uploads\/sites\/10\/2024\/07\/logo-cabecera.png","contentUrl":"https:\/\/lij.ismeduca.com\/es\/wp-content\/uploads\/sites\/10\/2024\/07\/logo-cabecera.png","width":396,"height":64,"caption":"Literatura SM Espa\u00f1a"},"image":{"@id":"https:\/\/lij.ismeduca.com\/es\/#\/schema\/logo\/image\/"}}]}},"_links":{"self":[{"href":"https:\/\/lij.ismeduca.com\/es\/wp-json\/wp\/v2\/product\/1683","targetHints":{"allow":["GET"]}}],"collection":[{"href":"https:\/\/lij.ismeduca.com\/es\/wp-json\/wp\/v2\/product"}],"about":[{"href":"https:\/\/lij.ismeduca.com\/es\/wp-json\/wp\/v2\/types\/product"}],"version-history":[{"count":1,"href":"https:\/\/lij.ismeduca.com\/es\/wp-json\/wp\/v2\/product\/1683\/revisions"}],"predecessor-version":[{"id":37757,"href":"https:\/\/lij.ismeduca.com\/es\/wp-json\/wp\/v2\/product\/1683\/revisions\/37757"}],"wp:featuredmedia":[{"embeddable":true,"href":"https:\/\/lij.ismeduca.com\/es\/wp-json\/wp\/v2\/media\/37756"}],"wp:attachment":[{"href":"https:\/\/lij.ismeduca.com\/es\/wp-json\/wp\/v2\/media?parent=1683"}],"wp:term":[{"taxonomy":"product_brand","embeddable":true,"href":"https:\/\/lij.ismeduca.com\/es\/wp-json\/wp\/v2\/product_brand?post=1683"},{"taxonomy":"product_cat","embeddable":true,"href":"https:\/\/lij.ismeduca.com\/es\/wp-json\/wp\/v2\/product_cat?post=1683"},{"taxonomy":"product_tag","embeddable":true,"href":"https:\/\/lij.ismeduca.com\/es\/wp-json\/wp\/v2\/product_tag?post=1683"},{"taxonomy":"asignatura","embeddable":true,"href":"https:\/\/lij.ismeduca.com\/es\/wp-json\/wp\/v2\/asignatura?post=1683"},{"taxonomy":"compania","embeddable":true,"href":"https:\/\/lij.ismeduca.com\/es\/wp-json\/wp\/v2\/compania?post=1683"},{"taxonomy":"curso","embeddable":true,"href":"https:\/\/lij.ismeduca.com\/es\/wp-json\/wp\/v2\/curso?post=1683"},{"taxonomy":"idiomas","embeddable":true,"href":"https:\/\/lij.ismeduca.com\/es\/wp-json\/wp\/v2\/idiomas?post=1683"},{"taxonomy":"genero","embeddable":true,"href":"https:\/\/lij.ismeduca.com\/es\/wp-json\/wp\/v2\/genero?post=1683"},{"taxonomy":"linea","embeddable":true,"href":"https:\/\/lij.ismeduca.com\/es\/wp-json\/wp\/v2\/linea?post=1683"},{"taxonomy":"premio","embeddable":true,"href":"https:\/\/lij.ismeduca.com\/es\/wp-json\/wp\/v2\/premio?post=1683"},{"taxonomy":"proyecto-editorial","embeddable":true,"href":"https:\/\/lij.ismeduca.com\/es\/wp-json\/wp\/v2\/proyecto-editorial?post=1683"},{"taxonomy":"tipo-de-libro","embeddable":true,"href":"https:\/\/lij.ismeduca.com\/es\/wp-json\/wp\/v2\/tipo-de-libro?post=1683"},{"taxonomy":"soporte","embeddable":true,"href":"https:\/\/lij.ismeduca.com\/es\/wp-json\/wp\/v2\/soporte?post=1683"},{"taxonomy":"zona-geografica","embeddable":true,"href":"https:\/\/lij.ismeduca.com\/es\/wp-json\/wp\/v2\/zona-geografica?post=1683"},{"taxonomy":"autores","embeddable":true,"href":"https:\/\/lij.ismeduca.com\/es\/wp-json\/wp\/v2\/autores?post=1683"},{"taxonomy":"colecciones","embeddable":true,"href":"https:\/\/lij.ismeduca.com\/es\/wp-json\/wp\/v2\/colecciones?post=1683"},{"taxonomy":"personajes","embeddable":true,"href":"https:\/\/lij.ismeduca.com\/es\/wp-json\/wp\/v2\/personajes?post=1683"}],"curies":[{"name":"wp","href":"https:\/\/api.w.org\/{rel}","templated":true}]}}