{"id":1694,"date":"2018-09-20T00:00:00","date_gmt":"2024-07-11T09:26:17","guid":{"rendered":"https:\/\/lij.ismeduca.com\/tienda\/?post_type=product&#038;p=1694"},"modified":"2025-12-23T12:45:06","modified_gmt":"2025-12-23T11:45:06","slug":"mi-vida-es-un-poema","status":"publish","type":"product","link":"https:\/\/lij.ismeduca.com\/es\/producto\/mi-vida-es-un-poema\/","title":{"rendered":"Mi vida es un poema"},"content":{"rendered":"","protected":false},"excerpt":{"rendered":"<p><P>En este libro cabe todo.<\/P><P>Palabras para usar cada d&#237;a,<\/P><P>para curar heridas,<\/P><P>para contar mentiras&#8230;<\/P><P>En este libro cabe todo.<\/P><P>En este libro cabes t&#250;.<\/P><P><\/P><P>Un libro de poes&#237;a que de tradicional tiene poco.<\/P><\/p>\n","protected":false},"featured_media":37725,"template":"","meta":{"_acf_changed":false,"inline_featured_image":false},"product_brand":[],"product_cat":[4739],"product_tag":[917,709,268,423,851,852,698,2058,463],"asignatura":[],"compania":[252],"curso":[],"idiomas":[1948],"genero":[473],"linea":[483],"premio":[],"proyecto-editorial":[906],"tipo-de-libro":[249],"soporte":[2004],"zona-geografica":[],"autores":[4398,4084,4070],"colecciones":[],"personajes":[],"class_list":{"0":"post-1694","1":"product","2":"type-product","3":"status-publish","4":"has-post-thumbnail","6":"product_cat-juvenil-y-clasicos","7":"product_tag-acoso-escolar","8":"product_tag-adolescencia","9":"product_tag-amistad","10":"product_tag-amor","11":"product_tag-autonomia","12":"product_tag-autonomia-e-iniciativa-personal-competencia","13":"product_tag-literatura-juvenil","14":"product_tag-ntx","15":"product_tag-poesia","16":"pa_codigo-sap-ntx","17":"compania-f-sta-maria-ediciones-sm-es","18":"idiomas-espanol","19":"genero-poesia","20":"linea-poesia","21":"proyecto-editorial-juvenil","22":"tipo-de-libro-fisico","23":"soporte-libro","24":"autores-carolina-perez-gutierrez","25":"autores-javier-garcia-rodriguez","26":"autores-maria-herreros-evangelio","28":"first","29":"instock","30":"taxable","31":"shipping-taxable","32":"purchasable","33":"product-type-simple"},"acf":{"id_catalogo":"650","shortTitle":"MI VIDA ES UN POEMA","descripcion":"<P>En este libro cabe todo.<\/P><P>Palabras para usar cada d&#237;a,<\/P><P>para curar heridas,<\/P><P>para contar mentiras...<\/P><P>En este libro cabe todo.<\/P><P>En este libro cabes t&#250;.<\/P><P><\/P><P>Un libro de poes&#237;a que de tradicional tiene poco.<\/P>","adjuntos":[{"id":"4","titulo":"Primer cap\u00edtulo \/ Unidad Modelo","url":"https:\/\/catalogo.noe-sm.com\/medias\/ES185504-011786.pdf?context=bWFzdGVyfG1pZ3JhdGlvbnwyMDE3MTc0fGFwcGxpY2F0aW9uL3BkZnxtaWdyYXRpb24vaDRkL2hkNy84ODE5MzMyNzQzMTk4LnBkZnwyOWE5ODdmM2RmYThhZDk1NWRlZjIzOWIwZTM3Mzg0MDUzMGUwNzMyYmQxMTRkM2M0Yjk4M2MwNDI3MDc0OTY3"},{"id":"20","titulo":"Ficha del alumno","url":"https:\/\/catalogo.noe-sm.com\/medias\/ES185504-Act.-alumno-Mi-vida-es-un-poema.pdf?context=bWFzdGVyfHJvb3R8MTc2OTc3OHxhcHBsaWNhdGlvbi9wZGZ8aGQ3L2hhMy84ODY2NzQ3Nzc3MDU0LnBkZnw3NzBkODc2OGExY2NiMzlkOWNmMDRmYzg2NDI2OWM1NDAwYmNmYjU4MTE4N2I5NzJlNmExMmI3YmEyNGEzMWFj"},{"id":"21","titulo":"Ficha del profesor","url":"https:\/\/catalogo.noe-sm.com\/medias\/185504-recur-001-001-pro-savia.pdf?context=bWFzdGVyfHJvb3R8OTgwNzV8YXBwbGljYXRpb24vcGRmfGg4MS9oY2MvODk5MjYyNDYwNzI2Mi5wZGZ8MDI5NjliZTMyYmU4NzU0YmMyNDI3ZGZlN2QyMmNkZGQyNTM5ZjBlMmYzN2YxMWMwNTZmODI3NjIwMDFkODgwYw"}],"descriptivePhrases":[{"type":"General","text":"Un libro de poes\u00eda que de tradicional tiene poco."}],"productSap":"NTX","isbn":"9788491079767","precio_colegios":12.45,"precio_librerias":12.45,"precio_librerias_sin_cobertura":12.45,"precio_distribuidores":12.45,"fecha_disponibilidad":null,"fecha_comercial":"20180920","organizacion_venta":"CS01","datos_para_buscador":"Carolina P\u00e9rez Guti\u00e9rrez, Mar\u00eda Herreros Evangelio, Javier Garc\u00eda Rodr\u00edguez, "},"yoast_head":"<!-- This site is optimized with the Yoast SEO plugin v26.6 - https:\/\/yoast.com\/wordpress\/plugins\/seo\/ -->\n<title>Mi vida es un poema - Literatura SM Espa\u00f1a<\/title>\n<meta name=\"robots\" content=\"noindex, follow, max-snippet:-1, max-image-preview:large, max-video-preview:-1\" \/>\n<meta property=\"og:locale\" content=\"es_ES\" \/>\n<meta property=\"og:type\" content=\"article\" \/>\n<meta property=\"og:title\" content=\"Mi vida es un poema - Literatura SM Espa\u00f1a\" \/>\n<meta property=\"og:url\" content=\"https:\/\/lij.ismeduca.com\/es\/producto\/mi-vida-es-un-poema\/\" \/>\n<meta property=\"og:site_name\" content=\"Literatura SM Espa\u00f1a\" \/>\n<meta property=\"article:modified_time\" content=\"2025-12-23T11:45:06+00:00\" \/>\n<meta name=\"twitter:card\" content=\"summary_large_image\" \/>\n<script type=\"application\/ld+json\" class=\"yoast-schema-graph\">{\"@context\":\"https:\/\/schema.org\",\"@graph\":[{\"@type\":\"WebPage\",\"@id\":\"https:\/\/lij.ismeduca.com\/es\/producto\/mi-vida-es-un-poema\/\",\"url\":\"https:\/\/lij.ismeduca.com\/es\/producto\/mi-vida-es-un-poema\/\",\"name\":\"Mi vida es un poema - Literatura SM Espa\u00f1a\",\"isPartOf\":{\"@id\":\"https:\/\/lij.ismeduca.com\/es\/#website\"},\"primaryImageOfPage\":{\"@id\":\"https:\/\/lij.ismeduca.com\/es\/producto\/mi-vida-es-un-poema\/#primaryimage\"},\"image\":{\"@id\":\"https:\/\/lij.ismeduca.com\/es\/producto\/mi-vida-es-un-poema\/#primaryimage\"},\"thumbnailUrl\":\"https:\/\/lij.ismeduca.com\/es\/wp-content\/uploads\/sites\/10\/2025\/12\/1694.jpg\",\"datePublished\":\"2024-07-11T09:26:17+00:00\",\"dateModified\":\"2025-12-23T11:45:06+00:00\",\"breadcrumb\":{\"@id\":\"https:\/\/lij.ismeduca.com\/es\/producto\/mi-vida-es-un-poema\/#breadcrumb\"},\"inLanguage\":\"es\",\"potentialAction\":[{\"@type\":\"ReadAction\",\"target\":[\"https:\/\/lij.ismeduca.com\/es\/producto\/mi-vida-es-un-poema\/\"]}]},{\"@type\":\"ImageObject\",\"inLanguage\":\"es\",\"@id\":\"https:\/\/lij.ismeduca.com\/es\/producto\/mi-vida-es-un-poema\/#primaryimage\",\"url\":\"https:\/\/lij.ismeduca.com\/es\/wp-content\/uploads\/sites\/10\/2025\/12\/1694.jpg\",\"contentUrl\":\"https:\/\/lij.ismeduca.com\/es\/wp-content\/uploads\/sites\/10\/2025\/12\/1694.jpg\",\"width\":600,\"height\":735},{\"@type\":\"BreadcrumbList\",\"@id\":\"https:\/\/lij.ismeduca.com\/es\/producto\/mi-vida-es-un-poema\/#breadcrumb\",\"itemListElement\":[{\"@type\":\"ListItem\",\"position\":1,\"name\":\"Portada\",\"item\":\"https:\/\/lij.ismeduca.com\/es\/\"},{\"@type\":\"ListItem\",\"position\":2,\"name\":\"Tienda\",\"item\":\"https:\/\/lij.ismeduca.com\/es\/tienda\/\"},{\"@type\":\"ListItem\",\"position\":3,\"name\":\"Mi vida es un poema\"}]},{\"@type\":\"WebSite\",\"@id\":\"https:\/\/lij.ismeduca.com\/es\/#website\",\"url\":\"https:\/\/lij.ismeduca.com\/es\/\",\"name\":\"Literatura SM Espa\u00f1a\",\"description\":\"\",\"publisher\":{\"@id\":\"https:\/\/lij.ismeduca.com\/es\/#organization\"},\"potentialAction\":[{\"@type\":\"SearchAction\",\"target\":{\"@type\":\"EntryPoint\",\"urlTemplate\":\"https:\/\/lij.ismeduca.com\/es\/?s={search_term_string}\"},\"query-input\":{\"@type\":\"PropertyValueSpecification\",\"valueRequired\":true,\"valueName\":\"search_term_string\"}}],\"inLanguage\":\"es\"},{\"@type\":\"Organization\",\"@id\":\"https:\/\/lij.ismeduca.com\/es\/#organization\",\"name\":\"Literatura SM Espa\u00f1a\",\"url\":\"https:\/\/lij.ismeduca.com\/es\/\",\"logo\":{\"@type\":\"ImageObject\",\"inLanguage\":\"es\",\"@id\":\"https:\/\/lij.ismeduca.com\/es\/#\/schema\/logo\/image\/\",\"url\":\"https:\/\/lij.ismeduca.com\/es\/wp-content\/uploads\/sites\/10\/2024\/07\/logo-cabecera.png\",\"contentUrl\":\"https:\/\/lij.ismeduca.com\/es\/wp-content\/uploads\/sites\/10\/2024\/07\/logo-cabecera.png\",\"width\":396,\"height\":64,\"caption\":\"Literatura SM Espa\u00f1a\"},\"image\":{\"@id\":\"https:\/\/lij.ismeduca.com\/es\/#\/schema\/logo\/image\/\"}}]}<\/script>\n<!-- \/ Yoast SEO plugin. -->","yoast_head_json":{"title":"Mi vida es un poema - Literatura SM Espa\u00f1a","robots":{"index":"noindex","follow":"follow","max-snippet":"max-snippet:-1","max-image-preview":"max-image-preview:large","max-video-preview":"max-video-preview:-1"},"og_locale":"es_ES","og_type":"article","og_title":"Mi vida es un poema - Literatura SM Espa\u00f1a","og_url":"https:\/\/lij.ismeduca.com\/es\/producto\/mi-vida-es-un-poema\/","og_site_name":"Literatura SM Espa\u00f1a","article_modified_time":"2025-12-23T11:45:06+00:00","twitter_card":"summary_large_image","schema":{"@context":"https:\/\/schema.org","@graph":[{"@type":"WebPage","@id":"https:\/\/lij.ismeduca.com\/es\/producto\/mi-vida-es-un-poema\/","url":"https:\/\/lij.ismeduca.com\/es\/producto\/mi-vida-es-un-poema\/","name":"Mi vida es un poema - Literatura SM Espa\u00f1a","isPartOf":{"@id":"https:\/\/lij.ismeduca.com\/es\/#website"},"primaryImageOfPage":{"@id":"https:\/\/lij.ismeduca.com\/es\/producto\/mi-vida-es-un-poema\/#primaryimage"},"image":{"@id":"https:\/\/lij.ismeduca.com\/es\/producto\/mi-vida-es-un-poema\/#primaryimage"},"thumbnailUrl":"https:\/\/lij.ismeduca.com\/es\/wp-content\/uploads\/sites\/10\/2025\/12\/1694.jpg","datePublished":"2024-07-11T09:26:17+00:00","dateModified":"2025-12-23T11:45:06+00:00","breadcrumb":{"@id":"https:\/\/lij.ismeduca.com\/es\/producto\/mi-vida-es-un-poema\/#breadcrumb"},"inLanguage":"es","potentialAction":[{"@type":"ReadAction","target":["https:\/\/lij.ismeduca.com\/es\/producto\/mi-vida-es-un-poema\/"]}]},{"@type":"ImageObject","inLanguage":"es","@id":"https:\/\/lij.ismeduca.com\/es\/producto\/mi-vida-es-un-poema\/#primaryimage","url":"https:\/\/lij.ismeduca.com\/es\/wp-content\/uploads\/sites\/10\/2025\/12\/1694.jpg","contentUrl":"https:\/\/lij.ismeduca.com\/es\/wp-content\/uploads\/sites\/10\/2025\/12\/1694.jpg","width":600,"height":735},{"@type":"BreadcrumbList","@id":"https:\/\/lij.ismeduca.com\/es\/producto\/mi-vida-es-un-poema\/#breadcrumb","itemListElement":[{"@type":"ListItem","position":1,"name":"Portada","item":"https:\/\/lij.ismeduca.com\/es\/"},{"@type":"ListItem","position":2,"name":"Tienda","item":"https:\/\/lij.ismeduca.com\/es\/tienda\/"},{"@type":"ListItem","position":3,"name":"Mi vida es un poema"}]},{"@type":"WebSite","@id":"https:\/\/lij.ismeduca.com\/es\/#website","url":"https:\/\/lij.ismeduca.com\/es\/","name":"Literatura SM Espa\u00f1a","description":"","publisher":{"@id":"https:\/\/lij.ismeduca.com\/es\/#organization"},"potentialAction":[{"@type":"SearchAction","target":{"@type":"EntryPoint","urlTemplate":"https:\/\/lij.ismeduca.com\/es\/?s={search_term_string}"},"query-input":{"@type":"PropertyValueSpecification","valueRequired":true,"valueName":"search_term_string"}}],"inLanguage":"es"},{"@type":"Organization","@id":"https:\/\/lij.ismeduca.com\/es\/#organization","name":"Literatura SM Espa\u00f1a","url":"https:\/\/lij.ismeduca.com\/es\/","logo":{"@type":"ImageObject","inLanguage":"es","@id":"https:\/\/lij.ismeduca.com\/es\/#\/schema\/logo\/image\/","url":"https:\/\/lij.ismeduca.com\/es\/wp-content\/uploads\/sites\/10\/2024\/07\/logo-cabecera.png","contentUrl":"https:\/\/lij.ismeduca.com\/es\/wp-content\/uploads\/sites\/10\/2024\/07\/logo-cabecera.png","width":396,"height":64,"caption":"Literatura SM Espa\u00f1a"},"image":{"@id":"https:\/\/lij.ismeduca.com\/es\/#\/schema\/logo\/image\/"}}]}},"_links":{"self":[{"href":"https:\/\/lij.ismeduca.com\/es\/wp-json\/wp\/v2\/product\/1694","targetHints":{"allow":["GET"]}}],"collection":[{"href":"https:\/\/lij.ismeduca.com\/es\/wp-json\/wp\/v2\/product"}],"about":[{"href":"https:\/\/lij.ismeduca.com\/es\/wp-json\/wp\/v2\/types\/product"}],"version-history":[{"count":1,"href":"https:\/\/lij.ismeduca.com\/es\/wp-json\/wp\/v2\/product\/1694\/revisions"}],"predecessor-version":[{"id":37726,"href":"https:\/\/lij.ismeduca.com\/es\/wp-json\/wp\/v2\/product\/1694\/revisions\/37726"}],"wp:featuredmedia":[{"embeddable":true,"href":"https:\/\/lij.ismeduca.com\/es\/wp-json\/wp\/v2\/media\/37725"}],"wp:attachment":[{"href":"https:\/\/lij.ismeduca.com\/es\/wp-json\/wp\/v2\/media?parent=1694"}],"wp:term":[{"taxonomy":"product_brand","embeddable":true,"href":"https:\/\/lij.ismeduca.com\/es\/wp-json\/wp\/v2\/product_brand?post=1694"},{"taxonomy":"product_cat","embeddable":true,"href":"https:\/\/lij.ismeduca.com\/es\/wp-json\/wp\/v2\/product_cat?post=1694"},{"taxonomy":"product_tag","embeddable":true,"href":"https:\/\/lij.ismeduca.com\/es\/wp-json\/wp\/v2\/product_tag?post=1694"},{"taxonomy":"asignatura","embeddable":true,"href":"https:\/\/lij.ismeduca.com\/es\/wp-json\/wp\/v2\/asignatura?post=1694"},{"taxonomy":"compania","embeddable":true,"href":"https:\/\/lij.ismeduca.com\/es\/wp-json\/wp\/v2\/compania?post=1694"},{"taxonomy":"curso","embeddable":true,"href":"https:\/\/lij.ismeduca.com\/es\/wp-json\/wp\/v2\/curso?post=1694"},{"taxonomy":"idiomas","embeddable":true,"href":"https:\/\/lij.ismeduca.com\/es\/wp-json\/wp\/v2\/idiomas?post=1694"},{"taxonomy":"genero","embeddable":true,"href":"https:\/\/lij.ismeduca.com\/es\/wp-json\/wp\/v2\/genero?post=1694"},{"taxonomy":"linea","embeddable":true,"href":"https:\/\/lij.ismeduca.com\/es\/wp-json\/wp\/v2\/linea?post=1694"},{"taxonomy":"premio","embeddable":true,"href":"https:\/\/lij.ismeduca.com\/es\/wp-json\/wp\/v2\/premio?post=1694"},{"taxonomy":"proyecto-editorial","embeddable":true,"href":"https:\/\/lij.ismeduca.com\/es\/wp-json\/wp\/v2\/proyecto-editorial?post=1694"},{"taxonomy":"tipo-de-libro","embeddable":true,"href":"https:\/\/lij.ismeduca.com\/es\/wp-json\/wp\/v2\/tipo-de-libro?post=1694"},{"taxonomy":"soporte","embeddable":true,"href":"https:\/\/lij.ismeduca.com\/es\/wp-json\/wp\/v2\/soporte?post=1694"},{"taxonomy":"zona-geografica","embeddable":true,"href":"https:\/\/lij.ismeduca.com\/es\/wp-json\/wp\/v2\/zona-geografica?post=1694"},{"taxonomy":"autores","embeddable":true,"href":"https:\/\/lij.ismeduca.com\/es\/wp-json\/wp\/v2\/autores?post=1694"},{"taxonomy":"colecciones","embeddable":true,"href":"https:\/\/lij.ismeduca.com\/es\/wp-json\/wp\/v2\/colecciones?post=1694"},{"taxonomy":"personajes","embeddable":true,"href":"https:\/\/lij.ismeduca.com\/es\/wp-json\/wp\/v2\/personajes?post=1694"}],"curies":[{"name":"wp","href":"https:\/\/api.w.org\/{rel}","templated":true}]}}