{"id":1695,"date":"2021-09-16T00:00:00","date_gmt":"2024-07-11T09:26:17","guid":{"rendered":"https:\/\/lij.ismeduca.com\/tienda\/?post_type=product&#038;p=1695"},"modified":"2025-12-23T12:54:57","modified_gmt":"2025-12-23T11:54:57","slug":"la-deslumbrante-luz-de-dos-estrellas-rojas","status":"publish","type":"product","link":"https:\/\/lij.ismeduca.com\/es\/producto\/la-deslumbrante-luz-de-dos-estrellas-rojas\/","title":{"rendered":"La deslumbrante luz de dos estrellas rojas"},"content":{"rendered":"","protected":false},"excerpt":{"rendered":"<p>Viktor e Nadya son gemelos, tienen trece a\u00f1os y no se han separado nunca. Pero, cuando estalla la guerra y Leningrado tiene que ser evacuada&nbsp;para escapar del ej\u00e9rcito nazi, los caminos de estos dos hermanos se separan&#8230; Viktor terminar\u00e1 en Siberia, muy lejos de Nadya, pero decide emprender un largo viaje para encontrarla, aunque sea duro y tenga que ver armas y sangre&#8230;<\/p>\n<p>La novela se compone de dos diarios escritos por ambos hermanos que son interceptados y revisados por un coronel del servicio secreto sovi\u00e9tico, que juzgar\u00e1 si las acciones de Viktor y Nadya son motivo de enconmio o de castigo.<\/p>\n<p>&nbsp;<\/p>\n","protected":false},"featured_media":37730,"template":"","meta":{"_acf_changed":false,"inline_featured_image":false},"product_brand":[],"product_cat":[4739],"product_tag":[601,943,2058,918],"asignatura":[],"compania":[252],"curso":[],"idiomas":[1948],"genero":[936],"linea":[250],"premio":[],"proyecto-editorial":[906],"tipo-de-libro":[249],"soporte":[2004],"zona-geografica":[],"autores":[4398,4069,4363],"colecciones":[2443],"personajes":[],"class_list":{"0":"post-1695","1":"product","2":"type-product","3":"status-publish","4":"has-post-thumbnail","6":"product_cat-juvenil-y-clasicos","7":"product_tag-educacion-familiar","8":"product_tag-hermanos","9":"product_tag-ntx","10":"product_tag-segunda-guerra-mundial-1939-1945","11":"pa_codigo-sap-ntx","12":"compania-f-sta-maria-ediciones-sm-es","13":"idiomas-espanol","14":"genero-historico","15":"linea-narrativa","16":"proyecto-editorial-juvenil","17":"tipo-de-libro-fisico","18":"soporte-libro","19":"autores-carolina-perez-gutierrez","20":"autores-davide-davide-morosinotto","21":"autores-vanessa-garcia-gutierrez","22":"colecciones-fuera-de-coleccion","24":"first","25":"instock","26":"taxable","27":"shipping-taxable","28":"purchasable","29":"product-type-simple"},"acf":{"id_catalogo":"650","shortTitle":"LA DESLUMBRANTE LUZ DE DOS ESTRELLAS ROJ","descripcion":"<p>Viktor e Nadya son gemelos, tienen trece a\u00f1os y no se han separado nunca. Pero, cuando estalla la guerra y Leningrado tiene que ser evacuada&nbsp;para escapar del ej\u00e9rcito nazi, los caminos de estos dos hermanos se separan... Viktor terminar\u00e1 en Siberia, muy lejos de Nadya, pero decide emprender un largo viaje para encontrarla, aunque sea duro y tenga que ver armas y sangre...<\/p>\n<p>La novela se compone de dos diarios escritos por ambos hermanos que son interceptados y revisados por un coronel del servicio secreto sovi\u00e9tico, que juzgar\u00e1 si las acciones de Viktor y Nadya son motivo de enconmio o de castigo.<\/p>\n<p>&nbsp;<\/p>","adjuntos":null,"descriptivePhrases":[{"type":"General","text":"Una historia \u00e9pica sobre el esp\u00edritu de resistencia, la atrocidad de la guerra y lo absurdo del totalitarismo."}],"productSap":"NTX","isbn":"9788413922096","precio_colegios":5.72,"precio_librerias":5.72,"precio_librerias_sin_cobertura":5.72,"precio_distribuidores":5.72,"fecha_disponibilidad":null,"fecha_comercial":"20210916","organizacion_venta":"CS01","datos_para_buscador":"Carolina P\u00e9rez Guti\u00e9rrez, Vanessa Garc\u00eda Guti\u00e9rrez, Davide Davide Morosinotto, Fuera de Colecci\u00f3n, "},"yoast_head":"<!-- This site is optimized with the Yoast SEO plugin v26.6 - https:\/\/yoast.com\/wordpress\/plugins\/seo\/ -->\n<title>La deslumbrante luz de dos estrellas rojas - Literatura SM Espa\u00f1a<\/title>\n<meta name=\"robots\" content=\"noindex, follow, max-snippet:-1, max-image-preview:large, max-video-preview:-1\" \/>\n<meta property=\"og:locale\" content=\"es_ES\" \/>\n<meta property=\"og:type\" content=\"article\" \/>\n<meta property=\"og:title\" content=\"La deslumbrante luz de dos estrellas rojas - Literatura SM Espa\u00f1a\" \/>\n<meta property=\"og:url\" content=\"https:\/\/lij.ismeduca.com\/es\/producto\/la-deslumbrante-luz-de-dos-estrellas-rojas\/\" \/>\n<meta property=\"og:site_name\" content=\"Literatura SM Espa\u00f1a\" \/>\n<meta property=\"article:modified_time\" content=\"2025-12-23T11:54:57+00:00\" \/>\n<meta name=\"twitter:card\" content=\"summary_large_image\" \/>\n<script type=\"application\/ld+json\" class=\"yoast-schema-graph\">{\"@context\":\"https:\/\/schema.org\",\"@graph\":[{\"@type\":\"WebPage\",\"@id\":\"https:\/\/lij.ismeduca.com\/es\/producto\/la-deslumbrante-luz-de-dos-estrellas-rojas\/\",\"url\":\"https:\/\/lij.ismeduca.com\/es\/producto\/la-deslumbrante-luz-de-dos-estrellas-rojas\/\",\"name\":\"La deslumbrante luz de dos estrellas rojas - Literatura SM Espa\u00f1a\",\"isPartOf\":{\"@id\":\"https:\/\/lij.ismeduca.com\/es\/#website\"},\"primaryImageOfPage\":{\"@id\":\"https:\/\/lij.ismeduca.com\/es\/producto\/la-deslumbrante-luz-de-dos-estrellas-rojas\/#primaryimage\"},\"image\":{\"@id\":\"https:\/\/lij.ismeduca.com\/es\/producto\/la-deslumbrante-luz-de-dos-estrellas-rojas\/#primaryimage\"},\"thumbnailUrl\":\"https:\/\/lij.ismeduca.com\/es\/wp-content\/uploads\/sites\/10\/2025\/12\/1695.jpg\",\"datePublished\":\"2024-07-11T09:26:17+00:00\",\"dateModified\":\"2025-12-23T11:54:57+00:00\",\"breadcrumb\":{\"@id\":\"https:\/\/lij.ismeduca.com\/es\/producto\/la-deslumbrante-luz-de-dos-estrellas-rojas\/#breadcrumb\"},\"inLanguage\":\"es\",\"potentialAction\":[{\"@type\":\"ReadAction\",\"target\":[\"https:\/\/lij.ismeduca.com\/es\/producto\/la-deslumbrante-luz-de-dos-estrellas-rojas\/\"]}]},{\"@type\":\"ImageObject\",\"inLanguage\":\"es\",\"@id\":\"https:\/\/lij.ismeduca.com\/es\/producto\/la-deslumbrante-luz-de-dos-estrellas-rojas\/#primaryimage\",\"url\":\"https:\/\/lij.ismeduca.com\/es\/wp-content\/uploads\/sites\/10\/2025\/12\/1695.jpg\",\"contentUrl\":\"https:\/\/lij.ismeduca.com\/es\/wp-content\/uploads\/sites\/10\/2025\/12\/1695.jpg\",\"width\":600,\"height\":925},{\"@type\":\"BreadcrumbList\",\"@id\":\"https:\/\/lij.ismeduca.com\/es\/producto\/la-deslumbrante-luz-de-dos-estrellas-rojas\/#breadcrumb\",\"itemListElement\":[{\"@type\":\"ListItem\",\"position\":1,\"name\":\"Portada\",\"item\":\"https:\/\/lij.ismeduca.com\/es\/\"},{\"@type\":\"ListItem\",\"position\":2,\"name\":\"Tienda\",\"item\":\"https:\/\/lij.ismeduca.com\/es\/tienda\/\"},{\"@type\":\"ListItem\",\"position\":3,\"name\":\"La deslumbrante luz de dos estrellas rojas\"}]},{\"@type\":\"WebSite\",\"@id\":\"https:\/\/lij.ismeduca.com\/es\/#website\",\"url\":\"https:\/\/lij.ismeduca.com\/es\/\",\"name\":\"Literatura SM Espa\u00f1a\",\"description\":\"\",\"publisher\":{\"@id\":\"https:\/\/lij.ismeduca.com\/es\/#organization\"},\"potentialAction\":[{\"@type\":\"SearchAction\",\"target\":{\"@type\":\"EntryPoint\",\"urlTemplate\":\"https:\/\/lij.ismeduca.com\/es\/?s={search_term_string}\"},\"query-input\":{\"@type\":\"PropertyValueSpecification\",\"valueRequired\":true,\"valueName\":\"search_term_string\"}}],\"inLanguage\":\"es\"},{\"@type\":\"Organization\",\"@id\":\"https:\/\/lij.ismeduca.com\/es\/#organization\",\"name\":\"Literatura SM Espa\u00f1a\",\"url\":\"https:\/\/lij.ismeduca.com\/es\/\",\"logo\":{\"@type\":\"ImageObject\",\"inLanguage\":\"es\",\"@id\":\"https:\/\/lij.ismeduca.com\/es\/#\/schema\/logo\/image\/\",\"url\":\"https:\/\/lij.ismeduca.com\/es\/wp-content\/uploads\/sites\/10\/2024\/07\/logo-cabecera.png\",\"contentUrl\":\"https:\/\/lij.ismeduca.com\/es\/wp-content\/uploads\/sites\/10\/2024\/07\/logo-cabecera.png\",\"width\":396,\"height\":64,\"caption\":\"Literatura SM Espa\u00f1a\"},\"image\":{\"@id\":\"https:\/\/lij.ismeduca.com\/es\/#\/schema\/logo\/image\/\"}}]}<\/script>\n<!-- \/ Yoast SEO plugin. -->","yoast_head_json":{"title":"La deslumbrante luz de dos estrellas rojas - Literatura SM Espa\u00f1a","robots":{"index":"noindex","follow":"follow","max-snippet":"max-snippet:-1","max-image-preview":"max-image-preview:large","max-video-preview":"max-video-preview:-1"},"og_locale":"es_ES","og_type":"article","og_title":"La deslumbrante luz de dos estrellas rojas - Literatura SM Espa\u00f1a","og_url":"https:\/\/lij.ismeduca.com\/es\/producto\/la-deslumbrante-luz-de-dos-estrellas-rojas\/","og_site_name":"Literatura SM Espa\u00f1a","article_modified_time":"2025-12-23T11:54:57+00:00","twitter_card":"summary_large_image","schema":{"@context":"https:\/\/schema.org","@graph":[{"@type":"WebPage","@id":"https:\/\/lij.ismeduca.com\/es\/producto\/la-deslumbrante-luz-de-dos-estrellas-rojas\/","url":"https:\/\/lij.ismeduca.com\/es\/producto\/la-deslumbrante-luz-de-dos-estrellas-rojas\/","name":"La deslumbrante luz de dos estrellas rojas - Literatura SM Espa\u00f1a","isPartOf":{"@id":"https:\/\/lij.ismeduca.com\/es\/#website"},"primaryImageOfPage":{"@id":"https:\/\/lij.ismeduca.com\/es\/producto\/la-deslumbrante-luz-de-dos-estrellas-rojas\/#primaryimage"},"image":{"@id":"https:\/\/lij.ismeduca.com\/es\/producto\/la-deslumbrante-luz-de-dos-estrellas-rojas\/#primaryimage"},"thumbnailUrl":"https:\/\/lij.ismeduca.com\/es\/wp-content\/uploads\/sites\/10\/2025\/12\/1695.jpg","datePublished":"2024-07-11T09:26:17+00:00","dateModified":"2025-12-23T11:54:57+00:00","breadcrumb":{"@id":"https:\/\/lij.ismeduca.com\/es\/producto\/la-deslumbrante-luz-de-dos-estrellas-rojas\/#breadcrumb"},"inLanguage":"es","potentialAction":[{"@type":"ReadAction","target":["https:\/\/lij.ismeduca.com\/es\/producto\/la-deslumbrante-luz-de-dos-estrellas-rojas\/"]}]},{"@type":"ImageObject","inLanguage":"es","@id":"https:\/\/lij.ismeduca.com\/es\/producto\/la-deslumbrante-luz-de-dos-estrellas-rojas\/#primaryimage","url":"https:\/\/lij.ismeduca.com\/es\/wp-content\/uploads\/sites\/10\/2025\/12\/1695.jpg","contentUrl":"https:\/\/lij.ismeduca.com\/es\/wp-content\/uploads\/sites\/10\/2025\/12\/1695.jpg","width":600,"height":925},{"@type":"BreadcrumbList","@id":"https:\/\/lij.ismeduca.com\/es\/producto\/la-deslumbrante-luz-de-dos-estrellas-rojas\/#breadcrumb","itemListElement":[{"@type":"ListItem","position":1,"name":"Portada","item":"https:\/\/lij.ismeduca.com\/es\/"},{"@type":"ListItem","position":2,"name":"Tienda","item":"https:\/\/lij.ismeduca.com\/es\/tienda\/"},{"@type":"ListItem","position":3,"name":"La deslumbrante luz de dos estrellas rojas"}]},{"@type":"WebSite","@id":"https:\/\/lij.ismeduca.com\/es\/#website","url":"https:\/\/lij.ismeduca.com\/es\/","name":"Literatura SM Espa\u00f1a","description":"","publisher":{"@id":"https:\/\/lij.ismeduca.com\/es\/#organization"},"potentialAction":[{"@type":"SearchAction","target":{"@type":"EntryPoint","urlTemplate":"https:\/\/lij.ismeduca.com\/es\/?s={search_term_string}"},"query-input":{"@type":"PropertyValueSpecification","valueRequired":true,"valueName":"search_term_string"}}],"inLanguage":"es"},{"@type":"Organization","@id":"https:\/\/lij.ismeduca.com\/es\/#organization","name":"Literatura SM Espa\u00f1a","url":"https:\/\/lij.ismeduca.com\/es\/","logo":{"@type":"ImageObject","inLanguage":"es","@id":"https:\/\/lij.ismeduca.com\/es\/#\/schema\/logo\/image\/","url":"https:\/\/lij.ismeduca.com\/es\/wp-content\/uploads\/sites\/10\/2024\/07\/logo-cabecera.png","contentUrl":"https:\/\/lij.ismeduca.com\/es\/wp-content\/uploads\/sites\/10\/2024\/07\/logo-cabecera.png","width":396,"height":64,"caption":"Literatura SM Espa\u00f1a"},"image":{"@id":"https:\/\/lij.ismeduca.com\/es\/#\/schema\/logo\/image\/"}}]}},"_links":{"self":[{"href":"https:\/\/lij.ismeduca.com\/es\/wp-json\/wp\/v2\/product\/1695","targetHints":{"allow":["GET"]}}],"collection":[{"href":"https:\/\/lij.ismeduca.com\/es\/wp-json\/wp\/v2\/product"}],"about":[{"href":"https:\/\/lij.ismeduca.com\/es\/wp-json\/wp\/v2\/types\/product"}],"version-history":[{"count":1,"href":"https:\/\/lij.ismeduca.com\/es\/wp-json\/wp\/v2\/product\/1695\/revisions"}],"predecessor-version":[{"id":30206,"href":"https:\/\/lij.ismeduca.com\/es\/wp-json\/wp\/v2\/product\/1695\/revisions\/30206"}],"wp:featuredmedia":[{"embeddable":true,"href":"https:\/\/lij.ismeduca.com\/es\/wp-json\/wp\/v2\/media\/37730"}],"wp:attachment":[{"href":"https:\/\/lij.ismeduca.com\/es\/wp-json\/wp\/v2\/media?parent=1695"}],"wp:term":[{"taxonomy":"product_brand","embeddable":true,"href":"https:\/\/lij.ismeduca.com\/es\/wp-json\/wp\/v2\/product_brand?post=1695"},{"taxonomy":"product_cat","embeddable":true,"href":"https:\/\/lij.ismeduca.com\/es\/wp-json\/wp\/v2\/product_cat?post=1695"},{"taxonomy":"product_tag","embeddable":true,"href":"https:\/\/lij.ismeduca.com\/es\/wp-json\/wp\/v2\/product_tag?post=1695"},{"taxonomy":"asignatura","embeddable":true,"href":"https:\/\/lij.ismeduca.com\/es\/wp-json\/wp\/v2\/asignatura?post=1695"},{"taxonomy":"compania","embeddable":true,"href":"https:\/\/lij.ismeduca.com\/es\/wp-json\/wp\/v2\/compania?post=1695"},{"taxonomy":"curso","embeddable":true,"href":"https:\/\/lij.ismeduca.com\/es\/wp-json\/wp\/v2\/curso?post=1695"},{"taxonomy":"idiomas","embeddable":true,"href":"https:\/\/lij.ismeduca.com\/es\/wp-json\/wp\/v2\/idiomas?post=1695"},{"taxonomy":"genero","embeddable":true,"href":"https:\/\/lij.ismeduca.com\/es\/wp-json\/wp\/v2\/genero?post=1695"},{"taxonomy":"linea","embeddable":true,"href":"https:\/\/lij.ismeduca.com\/es\/wp-json\/wp\/v2\/linea?post=1695"},{"taxonomy":"premio","embeddable":true,"href":"https:\/\/lij.ismeduca.com\/es\/wp-json\/wp\/v2\/premio?post=1695"},{"taxonomy":"proyecto-editorial","embeddable":true,"href":"https:\/\/lij.ismeduca.com\/es\/wp-json\/wp\/v2\/proyecto-editorial?post=1695"},{"taxonomy":"tipo-de-libro","embeddable":true,"href":"https:\/\/lij.ismeduca.com\/es\/wp-json\/wp\/v2\/tipo-de-libro?post=1695"},{"taxonomy":"soporte","embeddable":true,"href":"https:\/\/lij.ismeduca.com\/es\/wp-json\/wp\/v2\/soporte?post=1695"},{"taxonomy":"zona-geografica","embeddable":true,"href":"https:\/\/lij.ismeduca.com\/es\/wp-json\/wp\/v2\/zona-geografica?post=1695"},{"taxonomy":"autores","embeddable":true,"href":"https:\/\/lij.ismeduca.com\/es\/wp-json\/wp\/v2\/autores?post=1695"},{"taxonomy":"colecciones","embeddable":true,"href":"https:\/\/lij.ismeduca.com\/es\/wp-json\/wp\/v2\/colecciones?post=1695"},{"taxonomy":"personajes","embeddable":true,"href":"https:\/\/lij.ismeduca.com\/es\/wp-json\/wp\/v2\/personajes?post=1695"}],"curies":[{"name":"wp","href":"https:\/\/api.w.org\/{rel}","templated":true}]}}