{"id":1709,"date":"2020-10-08T00:00:00","date_gmt":"2024-07-11T09:26:24","guid":{"rendered":"https:\/\/lij.ismeduca.com\/tienda\/?post_type=product&#038;p=1709"},"modified":"2025-12-23T12:50:28","modified_gmt":"2025-12-23T11:50:28","slug":"cartas-de-las-heroinas","status":"publish","type":"product","link":"https:\/\/lij.ismeduca.com\/es\/producto\/cartas-de-las-heroinas\/","title":{"rendered":"Cartas de las hero\u00ednas"},"content":{"rendered":"","protected":false},"excerpt":{"rendered":"<p><strong>Ellos <\/strong>se convirtieron en h&eacute;roes por sus haza&ntilde;as,&nbsp;por enfrentarse a monstruos y derrotar enemigos,&nbsp;por conquistar ciudades&hellip; y tambi&eacute;n mujeres. Las constelaciones llevaban sus nombres y sus victorias traspasaron tiempos y fronteras.<\/p>\n<p><strong>Ellas<\/strong>, sin embargo, jam&aacute;s fueron consideradas hero&iacute;nas, a pesar de aguantar infidelidades, de ser abandonadas, de llevar solas sus&nbsp;hogares y familias, de desafiar las convenciones sociales y de superar la mayor de las gestas: sobrevivir en un mundo de hombres.<\/p>\n<p>En contra de la tradici&oacute;n literaria imperante, esta&nbsp;<strong>recopilaci&oacute;n de cartas escritas por Ovidio en el siglo I<\/strong> nos ofrece un retrato emp&aacute;tico, justo, sincero y diferente de algunas de las mujeres de la mitolog&iacute;a griega. Sus reivindicaciones, luchas y anhelos no pueden ser de mayor actualidad.<\/p>\n","protected":false},"featured_media":37752,"template":"","meta":{"_acf_changed":false,"inline_featured_image":false},"product_brand":[],"product_cat":[4739],"product_tag":[1170,828,769,707,861,770,356,2058,1158],"asignatura":[],"compania":[252],"curso":[],"idiomas":[1948],"genero":[936],"linea":[250],"premio":[],"proyecto-editorial":[906],"tipo-de-libro":[249],"soporte":[2004],"zona-geografica":[],"autores":[4055,4054,4398,4060,4059],"colecciones":[2443],"personajes":[],"class_list":{"0":"post-1709","1":"product","2":"type-product","3":"status-publish","4":"has-post-thumbnail","6":"product_cat-juvenil-y-clasicos","7":"product_tag-cartas","8":"product_tag-condicion-social-de-la-mujer","9":"product_tag-culturas-clasicas","10":"product_tag-feminismo","11":"product_tag-heroes","12":"product_tag-mito","13":"product_tag-mitologia","14":"product_tag-ntx","15":"product_tag-ovidio","16":"pa_codigo-sap-ntx","17":"compania-f-sta-maria-ediciones-sm-es","18":"idiomas-espanol","19":"genero-historico","20":"linea-narrativa","21":"proyecto-editorial-juvenil","22":"tipo-de-libro-fisico","23":"soporte-libro","24":"autores-ana-santos","25":"autores-andrea-valbuena","26":"autores-carolina-perez-gutierrez","27":"autores-fernando-plans-moreno","28":"autores-publio-ovidio-nason","29":"colecciones-fuera-de-coleccion","31":"first","32":"instock","33":"taxable","34":"shipping-taxable","35":"purchasable","36":"product-type-simple"},"acf":{"id_catalogo":"650","shortTitle":"CARTAS DE LAS HERO\u00cdNAS","descripcion":"<p><strong>Ellos <\/strong>se convirtieron en h&eacute;roes por sus haza&ntilde;as,&nbsp;por enfrentarse a monstruos y derrotar enemigos,&nbsp;por conquistar ciudades&hellip; y tambi&eacute;n mujeres. Las constelaciones llevaban sus nombres y sus victorias traspasaron tiempos y fronteras.<\/p>\n\n<p><strong>Ellas<\/strong>, sin embargo, jam&aacute;s fueron consideradas hero&iacute;nas, a pesar de aguantar infidelidades, de ser abandonadas, de llevar solas sus&nbsp;hogares y familias, de desafiar las convenciones sociales y de superar la mayor de las gestas: sobrevivir en un mundo de hombres.<\/p>\n\n<p>En contra de la tradici&oacute;n literaria imperante, esta&nbsp;<strong>recopilaci&oacute;n de cartas escritas por Ovidio en el siglo I<\/strong> nos ofrece un retrato emp&aacute;tico, justo, sincero y diferente de algunas de las mujeres de la mitolog&iacute;a griega. Sus reivindicaciones, luchas y anhelos no pueden ser de mayor actualidad.<\/p>\n","adjuntos":[{"id":"4","titulo":"Primer cap\u00edtulo \/ Unidad Modelo","url":"https:\/\/catalogo.noe-sm.com\/medias\/Hero-nas-Primer-cap.pdf?context=bWFzdGVyfHJvb3R8MjQ5NjQyNHxhcHBsaWNhdGlvbi9wZGZ8aGJiL2gxMi84ODg5NzkxNzQxOTgyLnBkZnw2ZmU5MTBkNWNlMGJiYWJjNmJhYzNiYTBhNGE4ZDkzYzM2YjcwOTJjYTUzYWE1YmMxMDk5NGM5ZGU0Mjc0ODQw"},{"id":"21","titulo":"Ficha del profesor","url":"https:\/\/catalogo.noe-sm.com\/medias\/198418-recur-001-001-pro-savia.pdf?context=bWFzdGVyfHJvb3R8MTAzNDQyfGFwcGxpY2F0aW9uL3BkZnxoYjYvaDVmLzkwMzc1NTg2MTE5OTgucGRmfDdjZTM0YWYxODljYjI1OWY5YzBmMDMyYWFmYTY4ZGQzYjAyNDc5NDAyZGMyYzA5N2VjNTE1MDM0Zjc2YjZjOTg"},{"id":"20","titulo":"Ficha del alumno","url":"https:\/\/catalogo.noe-sm.com\/medias\/198418-recur-001-004-alu-savia.pdf?context=bWFzdGVyfHJvb3R8MzY4NTIyfGFwcGxpY2F0aW9uL3BkZnxoNWMvaDc1LzkwMzc1NTg2Nzc1MzQucGRmfGRjYzg1MjE0MjQ4YWFmODkwNTUzZGUwODczMGRkMWJlYzI3ZDYwYjU2ZjY5NjI4OTI5MGRhMTA5MmY0MWYwMjU"}],"descriptivePhrases":[{"type":"General","text":"Veintiuna\u00a0cartas escritas por Ovidio en el siglo primero. "}],"productSap":"NTX","isbn":"9788413188218","precio_colegios":14.37,"precio_librerias":14.37,"precio_librerias_sin_cobertura":14.37,"precio_distribuidores":14.37,"fecha_disponibilidad":null,"fecha_comercial":"20201008","organizacion_venta":"CS01","datos_para_buscador":"Carolina P\u00e9rez Guti\u00e9rrez, Ana Santos, Carolina P\u00e9rez Guti\u00e9rrez, Fernando Plans Moreno, Publio Ovidio Nas\u00f3n, Fernando Plans Moreno, Andrea Valbuena, Fuera de Colecci\u00f3n, "},"yoast_head":"<!-- This site is optimized with the Yoast SEO plugin v26.6 - https:\/\/yoast.com\/wordpress\/plugins\/seo\/ -->\n<title>Cartas de las hero\u00ednas - Literatura SM Espa\u00f1a<\/title>\n<meta name=\"robots\" content=\"noindex, follow, max-snippet:-1, max-image-preview:large, max-video-preview:-1\" \/>\n<meta property=\"og:locale\" content=\"es_ES\" \/>\n<meta property=\"og:type\" content=\"article\" \/>\n<meta property=\"og:title\" content=\"Cartas de las hero\u00ednas - Literatura SM Espa\u00f1a\" \/>\n<meta property=\"og:url\" content=\"https:\/\/lij.ismeduca.com\/es\/producto\/cartas-de-las-heroinas\/\" \/>\n<meta property=\"og:site_name\" content=\"Literatura SM Espa\u00f1a\" \/>\n<meta property=\"article:modified_time\" content=\"2025-12-23T11:50:28+00:00\" \/>\n<meta name=\"twitter:card\" content=\"summary_large_image\" \/>\n<script type=\"application\/ld+json\" class=\"yoast-schema-graph\">{\"@context\":\"https:\/\/schema.org\",\"@graph\":[{\"@type\":\"WebPage\",\"@id\":\"https:\/\/lij.ismeduca.com\/es\/producto\/cartas-de-las-heroinas\/\",\"url\":\"https:\/\/lij.ismeduca.com\/es\/producto\/cartas-de-las-heroinas\/\",\"name\":\"Cartas de las hero\u00ednas - Literatura SM Espa\u00f1a\",\"isPartOf\":{\"@id\":\"https:\/\/lij.ismeduca.com\/es\/#website\"},\"primaryImageOfPage\":{\"@id\":\"https:\/\/lij.ismeduca.com\/es\/producto\/cartas-de-las-heroinas\/#primaryimage\"},\"image\":{\"@id\":\"https:\/\/lij.ismeduca.com\/es\/producto\/cartas-de-las-heroinas\/#primaryimage\"},\"thumbnailUrl\":\"https:\/\/lij.ismeduca.com\/es\/wp-content\/uploads\/sites\/10\/2025\/12\/1709.jpg\",\"datePublished\":\"2024-07-11T09:26:24+00:00\",\"dateModified\":\"2025-12-23T11:50:28+00:00\",\"breadcrumb\":{\"@id\":\"https:\/\/lij.ismeduca.com\/es\/producto\/cartas-de-las-heroinas\/#breadcrumb\"},\"inLanguage\":\"es\",\"potentialAction\":[{\"@type\":\"ReadAction\",\"target\":[\"https:\/\/lij.ismeduca.com\/es\/producto\/cartas-de-las-heroinas\/\"]}]},{\"@type\":\"ImageObject\",\"inLanguage\":\"es\",\"@id\":\"https:\/\/lij.ismeduca.com\/es\/producto\/cartas-de-las-heroinas\/#primaryimage\",\"url\":\"https:\/\/lij.ismeduca.com\/es\/wp-content\/uploads\/sites\/10\/2025\/12\/1709.jpg\",\"contentUrl\":\"https:\/\/lij.ismeduca.com\/es\/wp-content\/uploads\/sites\/10\/2025\/12\/1709.jpg\",\"width\":600,\"height\":956},{\"@type\":\"BreadcrumbList\",\"@id\":\"https:\/\/lij.ismeduca.com\/es\/producto\/cartas-de-las-heroinas\/#breadcrumb\",\"itemListElement\":[{\"@type\":\"ListItem\",\"position\":1,\"name\":\"Portada\",\"item\":\"https:\/\/lij.ismeduca.com\/es\/\"},{\"@type\":\"ListItem\",\"position\":2,\"name\":\"Tienda\",\"item\":\"https:\/\/lij.ismeduca.com\/es\/tienda\/\"},{\"@type\":\"ListItem\",\"position\":3,\"name\":\"Cartas de las hero\u00ednas\"}]},{\"@type\":\"WebSite\",\"@id\":\"https:\/\/lij.ismeduca.com\/es\/#website\",\"url\":\"https:\/\/lij.ismeduca.com\/es\/\",\"name\":\"Literatura SM Espa\u00f1a\",\"description\":\"\",\"publisher\":{\"@id\":\"https:\/\/lij.ismeduca.com\/es\/#organization\"},\"potentialAction\":[{\"@type\":\"SearchAction\",\"target\":{\"@type\":\"EntryPoint\",\"urlTemplate\":\"https:\/\/lij.ismeduca.com\/es\/?s={search_term_string}\"},\"query-input\":{\"@type\":\"PropertyValueSpecification\",\"valueRequired\":true,\"valueName\":\"search_term_string\"}}],\"inLanguage\":\"es\"},{\"@type\":\"Organization\",\"@id\":\"https:\/\/lij.ismeduca.com\/es\/#organization\",\"name\":\"Literatura SM Espa\u00f1a\",\"url\":\"https:\/\/lij.ismeduca.com\/es\/\",\"logo\":{\"@type\":\"ImageObject\",\"inLanguage\":\"es\",\"@id\":\"https:\/\/lij.ismeduca.com\/es\/#\/schema\/logo\/image\/\",\"url\":\"https:\/\/lij.ismeduca.com\/es\/wp-content\/uploads\/sites\/10\/2024\/07\/logo-cabecera.png\",\"contentUrl\":\"https:\/\/lij.ismeduca.com\/es\/wp-content\/uploads\/sites\/10\/2024\/07\/logo-cabecera.png\",\"width\":396,\"height\":64,\"caption\":\"Literatura SM Espa\u00f1a\"},\"image\":{\"@id\":\"https:\/\/lij.ismeduca.com\/es\/#\/schema\/logo\/image\/\"}}]}<\/script>\n<!-- \/ Yoast SEO plugin. -->","yoast_head_json":{"title":"Cartas de las hero\u00ednas - Literatura SM Espa\u00f1a","robots":{"index":"noindex","follow":"follow","max-snippet":"max-snippet:-1","max-image-preview":"max-image-preview:large","max-video-preview":"max-video-preview:-1"},"og_locale":"es_ES","og_type":"article","og_title":"Cartas de las hero\u00ednas - Literatura SM Espa\u00f1a","og_url":"https:\/\/lij.ismeduca.com\/es\/producto\/cartas-de-las-heroinas\/","og_site_name":"Literatura SM Espa\u00f1a","article_modified_time":"2025-12-23T11:50:28+00:00","twitter_card":"summary_large_image","schema":{"@context":"https:\/\/schema.org","@graph":[{"@type":"WebPage","@id":"https:\/\/lij.ismeduca.com\/es\/producto\/cartas-de-las-heroinas\/","url":"https:\/\/lij.ismeduca.com\/es\/producto\/cartas-de-las-heroinas\/","name":"Cartas de las hero\u00ednas - Literatura SM Espa\u00f1a","isPartOf":{"@id":"https:\/\/lij.ismeduca.com\/es\/#website"},"primaryImageOfPage":{"@id":"https:\/\/lij.ismeduca.com\/es\/producto\/cartas-de-las-heroinas\/#primaryimage"},"image":{"@id":"https:\/\/lij.ismeduca.com\/es\/producto\/cartas-de-las-heroinas\/#primaryimage"},"thumbnailUrl":"https:\/\/lij.ismeduca.com\/es\/wp-content\/uploads\/sites\/10\/2025\/12\/1709.jpg","datePublished":"2024-07-11T09:26:24+00:00","dateModified":"2025-12-23T11:50:28+00:00","breadcrumb":{"@id":"https:\/\/lij.ismeduca.com\/es\/producto\/cartas-de-las-heroinas\/#breadcrumb"},"inLanguage":"es","potentialAction":[{"@type":"ReadAction","target":["https:\/\/lij.ismeduca.com\/es\/producto\/cartas-de-las-heroinas\/"]}]},{"@type":"ImageObject","inLanguage":"es","@id":"https:\/\/lij.ismeduca.com\/es\/producto\/cartas-de-las-heroinas\/#primaryimage","url":"https:\/\/lij.ismeduca.com\/es\/wp-content\/uploads\/sites\/10\/2025\/12\/1709.jpg","contentUrl":"https:\/\/lij.ismeduca.com\/es\/wp-content\/uploads\/sites\/10\/2025\/12\/1709.jpg","width":600,"height":956},{"@type":"BreadcrumbList","@id":"https:\/\/lij.ismeduca.com\/es\/producto\/cartas-de-las-heroinas\/#breadcrumb","itemListElement":[{"@type":"ListItem","position":1,"name":"Portada","item":"https:\/\/lij.ismeduca.com\/es\/"},{"@type":"ListItem","position":2,"name":"Tienda","item":"https:\/\/lij.ismeduca.com\/es\/tienda\/"},{"@type":"ListItem","position":3,"name":"Cartas de las hero\u00ednas"}]},{"@type":"WebSite","@id":"https:\/\/lij.ismeduca.com\/es\/#website","url":"https:\/\/lij.ismeduca.com\/es\/","name":"Literatura SM Espa\u00f1a","description":"","publisher":{"@id":"https:\/\/lij.ismeduca.com\/es\/#organization"},"potentialAction":[{"@type":"SearchAction","target":{"@type":"EntryPoint","urlTemplate":"https:\/\/lij.ismeduca.com\/es\/?s={search_term_string}"},"query-input":{"@type":"PropertyValueSpecification","valueRequired":true,"valueName":"search_term_string"}}],"inLanguage":"es"},{"@type":"Organization","@id":"https:\/\/lij.ismeduca.com\/es\/#organization","name":"Literatura SM Espa\u00f1a","url":"https:\/\/lij.ismeduca.com\/es\/","logo":{"@type":"ImageObject","inLanguage":"es","@id":"https:\/\/lij.ismeduca.com\/es\/#\/schema\/logo\/image\/","url":"https:\/\/lij.ismeduca.com\/es\/wp-content\/uploads\/sites\/10\/2024\/07\/logo-cabecera.png","contentUrl":"https:\/\/lij.ismeduca.com\/es\/wp-content\/uploads\/sites\/10\/2024\/07\/logo-cabecera.png","width":396,"height":64,"caption":"Literatura SM Espa\u00f1a"},"image":{"@id":"https:\/\/lij.ismeduca.com\/es\/#\/schema\/logo\/image\/"}}]}},"_links":{"self":[{"href":"https:\/\/lij.ismeduca.com\/es\/wp-json\/wp\/v2\/product\/1709","targetHints":{"allow":["GET"]}}],"collection":[{"href":"https:\/\/lij.ismeduca.com\/es\/wp-json\/wp\/v2\/product"}],"about":[{"href":"https:\/\/lij.ismeduca.com\/es\/wp-json\/wp\/v2\/types\/product"}],"version-history":[{"count":1,"href":"https:\/\/lij.ismeduca.com\/es\/wp-json\/wp\/v2\/product\/1709\/revisions"}],"predecessor-version":[{"id":30222,"href":"https:\/\/lij.ismeduca.com\/es\/wp-json\/wp\/v2\/product\/1709\/revisions\/30222"}],"wp:featuredmedia":[{"embeddable":true,"href":"https:\/\/lij.ismeduca.com\/es\/wp-json\/wp\/v2\/media\/37752"}],"wp:attachment":[{"href":"https:\/\/lij.ismeduca.com\/es\/wp-json\/wp\/v2\/media?parent=1709"}],"wp:term":[{"taxonomy":"product_brand","embeddable":true,"href":"https:\/\/lij.ismeduca.com\/es\/wp-json\/wp\/v2\/product_brand?post=1709"},{"taxonomy":"product_cat","embeddable":true,"href":"https:\/\/lij.ismeduca.com\/es\/wp-json\/wp\/v2\/product_cat?post=1709"},{"taxonomy":"product_tag","embeddable":true,"href":"https:\/\/lij.ismeduca.com\/es\/wp-json\/wp\/v2\/product_tag?post=1709"},{"taxonomy":"asignatura","embeddable":true,"href":"https:\/\/lij.ismeduca.com\/es\/wp-json\/wp\/v2\/asignatura?post=1709"},{"taxonomy":"compania","embeddable":true,"href":"https:\/\/lij.ismeduca.com\/es\/wp-json\/wp\/v2\/compania?post=1709"},{"taxonomy":"curso","embeddable":true,"href":"https:\/\/lij.ismeduca.com\/es\/wp-json\/wp\/v2\/curso?post=1709"},{"taxonomy":"idiomas","embeddable":true,"href":"https:\/\/lij.ismeduca.com\/es\/wp-json\/wp\/v2\/idiomas?post=1709"},{"taxonomy":"genero","embeddable":true,"href":"https:\/\/lij.ismeduca.com\/es\/wp-json\/wp\/v2\/genero?post=1709"},{"taxonomy":"linea","embeddable":true,"href":"https:\/\/lij.ismeduca.com\/es\/wp-json\/wp\/v2\/linea?post=1709"},{"taxonomy":"premio","embeddable":true,"href":"https:\/\/lij.ismeduca.com\/es\/wp-json\/wp\/v2\/premio?post=1709"},{"taxonomy":"proyecto-editorial","embeddable":true,"href":"https:\/\/lij.ismeduca.com\/es\/wp-json\/wp\/v2\/proyecto-editorial?post=1709"},{"taxonomy":"tipo-de-libro","embeddable":true,"href":"https:\/\/lij.ismeduca.com\/es\/wp-json\/wp\/v2\/tipo-de-libro?post=1709"},{"taxonomy":"soporte","embeddable":true,"href":"https:\/\/lij.ismeduca.com\/es\/wp-json\/wp\/v2\/soporte?post=1709"},{"taxonomy":"zona-geografica","embeddable":true,"href":"https:\/\/lij.ismeduca.com\/es\/wp-json\/wp\/v2\/zona-geografica?post=1709"},{"taxonomy":"autores","embeddable":true,"href":"https:\/\/lij.ismeduca.com\/es\/wp-json\/wp\/v2\/autores?post=1709"},{"taxonomy":"colecciones","embeddable":true,"href":"https:\/\/lij.ismeduca.com\/es\/wp-json\/wp\/v2\/colecciones?post=1709"},{"taxonomy":"personajes","embeddable":true,"href":"https:\/\/lij.ismeduca.com\/es\/wp-json\/wp\/v2\/personajes?post=1709"}],"curies":[{"name":"wp","href":"https:\/\/api.w.org\/{rel}","templated":true}]}}