{"id":18343,"date":"2024-10-17T00:00:00","date_gmt":"2024-11-13T16:38:47","guid":{"rendered":"https:\/\/lij.ismeduca.com\/es\/?post_type=product&#038;p=18343"},"modified":"2025-12-23T13:07:30","modified_gmt":"2025-12-23T12:07:30","slug":"lestacio-sense-trens","status":"publish","type":"product","link":"https:\/\/lij.ismeduca.com\/es\/producto\/lestacio-sense-trens\/","title":{"rendered":"L&#8217;estaci\u00f3 sense trens"},"content":{"rendered":"","protected":false},"excerpt":{"rendered":"<p>La Joana t\u00e9 quinze anys i ha d&#8217;instal\u00b7lar-se al poble on encara conserven la vella casa d&#8217;estiueig de la fam\u00edlia perqu\u00e8 la seva mare ho ha decidit aix\u00ed. Al Merdapoble, tal com l&#8217;anomena ella, la Joana declarar\u00e0 la guerra a la seva mare i, com a forma de protesta, passar\u00e0 tantes hores com pugui tancada a la caseta de les eines amb l&#8217;\u00fanica companyia de la Lola, una gata siamesa sense amo. Malgrat tot, un bon dia comen\u00e7a a pensar que el poble no \u00e9s un lloc tan horrible, que pot fer-hi amics i que fins i tot pot enamorar-se. I llavors descobreix els quaderns de l&#8217;Elvira.<\/p>\n","protected":false},"featured_media":37705,"template":"","meta":{"_acf_changed":false,"inline_featured_image":false},"product_brand":[],"product_cat":[4738],"product_tag":[942,528,931,705,508,2058,342],"asignatura":[],"compania":[258],"curso":[],"idiomas":[1951],"genero":[308],"linea":[250],"premio":[],"proyecto-editorial":[920],"tipo-de-libro":[249],"soporte":[2004],"zona-geografica":[],"autores":[3219,2619],"colecciones":[2372],"personajes":[],"class_list":{"0":"post-18343","1":"product","2":"type-product","3":"status-publish","4":"has-post-thumbnail","6":"product_cat-gran-angular","7":"product_tag-compromiso-politico","8":"product_tag-conciencia-historica","9":"product_tag-denuncia-social","10":"product_tag-enamoramiento","11":"product_tag-guerras","12":"product_tag-ntx","13":"product_tag-relaciones-padres-hijos","14":"pa_codigo-sap-ntx","15":"compania-editorial-cruilla-s-a-es","16":"idiomas-catalan","17":"genero-realismo","18":"linea-narrativa","19":"proyecto-editorial-gran-angular","20":"tipo-de-libro-fisico","21":"soporte-libro","22":"autores-ignasi-font","23":"autores-jordi-fenosa","24":"colecciones-gran-angular","26":"first","27":"instock","28":"taxable","29":"shipping-taxable","30":"purchasable","31":"product-type-simple"},"acf":{"id_catalogo":"650","shortTitle":"C-GA.202 L'ESTACIO SENSE TRENS","descripcion":"<p>La Joana t\u00e9 quinze anys i ha d'instal\u00b7lar-se al poble on encara conserven la vella casa d'estiueig de la fam\u00edlia perqu\u00e8 la seva mare ho ha decidit aix\u00ed. Al Merdapoble, tal com l'anomena ella, la Joana declarar\u00e0 la guerra a la seva mare i, com a forma de protesta, passar\u00e0 tantes hores com pugui tancada a la caseta de les eines amb l'\u00fanica companyia de la Lola, una gata siamesa sense amo. Malgrat tot, un bon dia comen\u00e7a a pensar que el poble no \u00e9s un lloc tan horrible, que pot fer-hi amics i que fins i tot pot enamorar-se. I llavors descobreix els quaderns de l'Elvira.<\/p>","adjuntos":null,"descriptivePhrases":[{"type":"General","text":"Quan la Joana descobreix, a l'estaci\u00f3 abandonada, els quaderns de l'Elvira, no s'imagina que con\u00e8ixer el passat ens pot fer viure el present d'una manera diferent."}],"productSap":"NTX","isbn":"9788466158053","precio_colegios":12.02,"precio_librerias":12.02,"precio_librerias_sin_cobertura":12.02,"precio_distribuidores":12.02,"fecha_disponibilidad":null,"fecha_comercial":"20241017","organizacion_venta":"","datos_para_buscador":"Ignasi Font, Jordi Fenosa, Gran Angular, "},"yoast_head":"<!-- This site is optimized with the Yoast SEO plugin v26.6 - https:\/\/yoast.com\/wordpress\/plugins\/seo\/ -->\n<title>L&#039;estaci\u00f3 sense trens - Literatura SM Espa\u00f1a<\/title>\n<meta name=\"robots\" content=\"noindex, follow, max-snippet:-1, max-image-preview:large, max-video-preview:-1\" \/>\n<meta property=\"og:locale\" content=\"es_ES\" \/>\n<meta property=\"og:type\" content=\"article\" \/>\n<meta property=\"og:title\" content=\"L&#039;estaci\u00f3 sense trens - Literatura SM Espa\u00f1a\" \/>\n<meta property=\"og:url\" content=\"https:\/\/lij.ismeduca.com\/es\/producto\/lestacio-sense-trens\/\" \/>\n<meta property=\"og:site_name\" content=\"Literatura SM Espa\u00f1a\" \/>\n<meta property=\"article:modified_time\" content=\"2025-12-23T12:07:30+00:00\" \/>\n<meta name=\"twitter:card\" content=\"summary_large_image\" \/>\n<script type=\"application\/ld+json\" class=\"yoast-schema-graph\">{\"@context\":\"https:\/\/schema.org\",\"@graph\":[{\"@type\":\"WebPage\",\"@id\":\"https:\/\/lij.ismeduca.com\/es\/producto\/lestacio-sense-trens\/\",\"url\":\"https:\/\/lij.ismeduca.com\/es\/producto\/lestacio-sense-trens\/\",\"name\":\"L'estaci\u00f3 sense trens - Literatura SM Espa\u00f1a\",\"isPartOf\":{\"@id\":\"https:\/\/lij.ismeduca.com\/es\/#website\"},\"primaryImageOfPage\":{\"@id\":\"https:\/\/lij.ismeduca.com\/es\/producto\/lestacio-sense-trens\/#primaryimage\"},\"image\":{\"@id\":\"https:\/\/lij.ismeduca.com\/es\/producto\/lestacio-sense-trens\/#primaryimage\"},\"thumbnailUrl\":\"https:\/\/lij.ismeduca.com\/es\/wp-content\/uploads\/sites\/10\/2025\/12\/18343.jpg\",\"datePublished\":\"2024-11-13T16:38:47+00:00\",\"dateModified\":\"2025-12-23T12:07:30+00:00\",\"breadcrumb\":{\"@id\":\"https:\/\/lij.ismeduca.com\/es\/producto\/lestacio-sense-trens\/#breadcrumb\"},\"inLanguage\":\"es\",\"potentialAction\":[{\"@type\":\"ReadAction\",\"target\":[\"https:\/\/lij.ismeduca.com\/es\/producto\/lestacio-sense-trens\/\"]}]},{\"@type\":\"ImageObject\",\"inLanguage\":\"es\",\"@id\":\"https:\/\/lij.ismeduca.com\/es\/producto\/lestacio-sense-trens\/#primaryimage\",\"url\":\"https:\/\/lij.ismeduca.com\/es\/wp-content\/uploads\/sites\/10\/2025\/12\/18343.jpg\",\"contentUrl\":\"https:\/\/lij.ismeduca.com\/es\/wp-content\/uploads\/sites\/10\/2025\/12\/18343.jpg\",\"width\":600,\"height\":978},{\"@type\":\"BreadcrumbList\",\"@id\":\"https:\/\/lij.ismeduca.com\/es\/producto\/lestacio-sense-trens\/#breadcrumb\",\"itemListElement\":[{\"@type\":\"ListItem\",\"position\":1,\"name\":\"Portada\",\"item\":\"https:\/\/lij.ismeduca.com\/es\/\"},{\"@type\":\"ListItem\",\"position\":2,\"name\":\"Tienda\",\"item\":\"https:\/\/lij.ismeduca.com\/es\/tienda\/\"},{\"@type\":\"ListItem\",\"position\":3,\"name\":\"L&#8217;estaci\u00f3 sense trens\"}]},{\"@type\":\"WebSite\",\"@id\":\"https:\/\/lij.ismeduca.com\/es\/#website\",\"url\":\"https:\/\/lij.ismeduca.com\/es\/\",\"name\":\"Literatura SM Espa\u00f1a\",\"description\":\"\",\"publisher\":{\"@id\":\"https:\/\/lij.ismeduca.com\/es\/#organization\"},\"potentialAction\":[{\"@type\":\"SearchAction\",\"target\":{\"@type\":\"EntryPoint\",\"urlTemplate\":\"https:\/\/lij.ismeduca.com\/es\/?s={search_term_string}\"},\"query-input\":{\"@type\":\"PropertyValueSpecification\",\"valueRequired\":true,\"valueName\":\"search_term_string\"}}],\"inLanguage\":\"es\"},{\"@type\":\"Organization\",\"@id\":\"https:\/\/lij.ismeduca.com\/es\/#organization\",\"name\":\"Literatura SM Espa\u00f1a\",\"url\":\"https:\/\/lij.ismeduca.com\/es\/\",\"logo\":{\"@type\":\"ImageObject\",\"inLanguage\":\"es\",\"@id\":\"https:\/\/lij.ismeduca.com\/es\/#\/schema\/logo\/image\/\",\"url\":\"https:\/\/lij.ismeduca.com\/es\/wp-content\/uploads\/sites\/10\/2024\/07\/logo-cabecera.png\",\"contentUrl\":\"https:\/\/lij.ismeduca.com\/es\/wp-content\/uploads\/sites\/10\/2024\/07\/logo-cabecera.png\",\"width\":396,\"height\":64,\"caption\":\"Literatura SM Espa\u00f1a\"},\"image\":{\"@id\":\"https:\/\/lij.ismeduca.com\/es\/#\/schema\/logo\/image\/\"}}]}<\/script>\n<!-- \/ Yoast SEO plugin. -->","yoast_head_json":{"title":"L'estaci\u00f3 sense trens - Literatura SM Espa\u00f1a","robots":{"index":"noindex","follow":"follow","max-snippet":"max-snippet:-1","max-image-preview":"max-image-preview:large","max-video-preview":"max-video-preview:-1"},"og_locale":"es_ES","og_type":"article","og_title":"L'estaci\u00f3 sense trens - Literatura SM Espa\u00f1a","og_url":"https:\/\/lij.ismeduca.com\/es\/producto\/lestacio-sense-trens\/","og_site_name":"Literatura SM Espa\u00f1a","article_modified_time":"2025-12-23T12:07:30+00:00","twitter_card":"summary_large_image","schema":{"@context":"https:\/\/schema.org","@graph":[{"@type":"WebPage","@id":"https:\/\/lij.ismeduca.com\/es\/producto\/lestacio-sense-trens\/","url":"https:\/\/lij.ismeduca.com\/es\/producto\/lestacio-sense-trens\/","name":"L'estaci\u00f3 sense trens - Literatura SM Espa\u00f1a","isPartOf":{"@id":"https:\/\/lij.ismeduca.com\/es\/#website"},"primaryImageOfPage":{"@id":"https:\/\/lij.ismeduca.com\/es\/producto\/lestacio-sense-trens\/#primaryimage"},"image":{"@id":"https:\/\/lij.ismeduca.com\/es\/producto\/lestacio-sense-trens\/#primaryimage"},"thumbnailUrl":"https:\/\/lij.ismeduca.com\/es\/wp-content\/uploads\/sites\/10\/2025\/12\/18343.jpg","datePublished":"2024-11-13T16:38:47+00:00","dateModified":"2025-12-23T12:07:30+00:00","breadcrumb":{"@id":"https:\/\/lij.ismeduca.com\/es\/producto\/lestacio-sense-trens\/#breadcrumb"},"inLanguage":"es","potentialAction":[{"@type":"ReadAction","target":["https:\/\/lij.ismeduca.com\/es\/producto\/lestacio-sense-trens\/"]}]},{"@type":"ImageObject","inLanguage":"es","@id":"https:\/\/lij.ismeduca.com\/es\/producto\/lestacio-sense-trens\/#primaryimage","url":"https:\/\/lij.ismeduca.com\/es\/wp-content\/uploads\/sites\/10\/2025\/12\/18343.jpg","contentUrl":"https:\/\/lij.ismeduca.com\/es\/wp-content\/uploads\/sites\/10\/2025\/12\/18343.jpg","width":600,"height":978},{"@type":"BreadcrumbList","@id":"https:\/\/lij.ismeduca.com\/es\/producto\/lestacio-sense-trens\/#breadcrumb","itemListElement":[{"@type":"ListItem","position":1,"name":"Portada","item":"https:\/\/lij.ismeduca.com\/es\/"},{"@type":"ListItem","position":2,"name":"Tienda","item":"https:\/\/lij.ismeduca.com\/es\/tienda\/"},{"@type":"ListItem","position":3,"name":"L&#8217;estaci\u00f3 sense trens"}]},{"@type":"WebSite","@id":"https:\/\/lij.ismeduca.com\/es\/#website","url":"https:\/\/lij.ismeduca.com\/es\/","name":"Literatura SM Espa\u00f1a","description":"","publisher":{"@id":"https:\/\/lij.ismeduca.com\/es\/#organization"},"potentialAction":[{"@type":"SearchAction","target":{"@type":"EntryPoint","urlTemplate":"https:\/\/lij.ismeduca.com\/es\/?s={search_term_string}"},"query-input":{"@type":"PropertyValueSpecification","valueRequired":true,"valueName":"search_term_string"}}],"inLanguage":"es"},{"@type":"Organization","@id":"https:\/\/lij.ismeduca.com\/es\/#organization","name":"Literatura SM Espa\u00f1a","url":"https:\/\/lij.ismeduca.com\/es\/","logo":{"@type":"ImageObject","inLanguage":"es","@id":"https:\/\/lij.ismeduca.com\/es\/#\/schema\/logo\/image\/","url":"https:\/\/lij.ismeduca.com\/es\/wp-content\/uploads\/sites\/10\/2024\/07\/logo-cabecera.png","contentUrl":"https:\/\/lij.ismeduca.com\/es\/wp-content\/uploads\/sites\/10\/2024\/07\/logo-cabecera.png","width":396,"height":64,"caption":"Literatura SM Espa\u00f1a"},"image":{"@id":"https:\/\/lij.ismeduca.com\/es\/#\/schema\/logo\/image\/"}}]}},"_links":{"self":[{"href":"https:\/\/lij.ismeduca.com\/es\/wp-json\/wp\/v2\/product\/18343","targetHints":{"allow":["GET"]}}],"collection":[{"href":"https:\/\/lij.ismeduca.com\/es\/wp-json\/wp\/v2\/product"}],"about":[{"href":"https:\/\/lij.ismeduca.com\/es\/wp-json\/wp\/v2\/types\/product"}],"version-history":[{"count":1,"href":"https:\/\/lij.ismeduca.com\/es\/wp-json\/wp\/v2\/product\/18343\/revisions"}],"predecessor-version":[{"id":30242,"href":"https:\/\/lij.ismeduca.com\/es\/wp-json\/wp\/v2\/product\/18343\/revisions\/30242"}],"wp:featuredmedia":[{"embeddable":true,"href":"https:\/\/lij.ismeduca.com\/es\/wp-json\/wp\/v2\/media\/37705"}],"wp:attachment":[{"href":"https:\/\/lij.ismeduca.com\/es\/wp-json\/wp\/v2\/media?parent=18343"}],"wp:term":[{"taxonomy":"product_brand","embeddable":true,"href":"https:\/\/lij.ismeduca.com\/es\/wp-json\/wp\/v2\/product_brand?post=18343"},{"taxonomy":"product_cat","embeddable":true,"href":"https:\/\/lij.ismeduca.com\/es\/wp-json\/wp\/v2\/product_cat?post=18343"},{"taxonomy":"product_tag","embeddable":true,"href":"https:\/\/lij.ismeduca.com\/es\/wp-json\/wp\/v2\/product_tag?post=18343"},{"taxonomy":"asignatura","embeddable":true,"href":"https:\/\/lij.ismeduca.com\/es\/wp-json\/wp\/v2\/asignatura?post=18343"},{"taxonomy":"compania","embeddable":true,"href":"https:\/\/lij.ismeduca.com\/es\/wp-json\/wp\/v2\/compania?post=18343"},{"taxonomy":"curso","embeddable":true,"href":"https:\/\/lij.ismeduca.com\/es\/wp-json\/wp\/v2\/curso?post=18343"},{"taxonomy":"idiomas","embeddable":true,"href":"https:\/\/lij.ismeduca.com\/es\/wp-json\/wp\/v2\/idiomas?post=18343"},{"taxonomy":"genero","embeddable":true,"href":"https:\/\/lij.ismeduca.com\/es\/wp-json\/wp\/v2\/genero?post=18343"},{"taxonomy":"linea","embeddable":true,"href":"https:\/\/lij.ismeduca.com\/es\/wp-json\/wp\/v2\/linea?post=18343"},{"taxonomy":"premio","embeddable":true,"href":"https:\/\/lij.ismeduca.com\/es\/wp-json\/wp\/v2\/premio?post=18343"},{"taxonomy":"proyecto-editorial","embeddable":true,"href":"https:\/\/lij.ismeduca.com\/es\/wp-json\/wp\/v2\/proyecto-editorial?post=18343"},{"taxonomy":"tipo-de-libro","embeddable":true,"href":"https:\/\/lij.ismeduca.com\/es\/wp-json\/wp\/v2\/tipo-de-libro?post=18343"},{"taxonomy":"soporte","embeddable":true,"href":"https:\/\/lij.ismeduca.com\/es\/wp-json\/wp\/v2\/soporte?post=18343"},{"taxonomy":"zona-geografica","embeddable":true,"href":"https:\/\/lij.ismeduca.com\/es\/wp-json\/wp\/v2\/zona-geografica?post=18343"},{"taxonomy":"autores","embeddable":true,"href":"https:\/\/lij.ismeduca.com\/es\/wp-json\/wp\/v2\/autores?post=18343"},{"taxonomy":"colecciones","embeddable":true,"href":"https:\/\/lij.ismeduca.com\/es\/wp-json\/wp\/v2\/colecciones?post=18343"},{"taxonomy":"personajes","embeddable":true,"href":"https:\/\/lij.ismeduca.com\/es\/wp-json\/wp\/v2\/personajes?post=18343"}],"curies":[{"name":"wp","href":"https:\/\/api.w.org\/{rel}","templated":true}]}}