{"id":18553,"date":"2024-10-17T00:00:00","date_gmt":"2024-11-13T16:47:44","guid":{"rendered":"https:\/\/lij.ismeduca.com\/es\/?post_type=product&#038;p=18553"},"modified":"2025-12-23T13:08:08","modified_gmt":"2025-12-23T12:08:08","slug":"comic-los-futbolisimos-3-el-misterio-de-la-noche-mas-corta","status":"publish","type":"product","link":"https:\/\/lij.ismeduca.com\/es\/producto\/comic-los-futbolisimos-3-el-misterio-de-la-noche-mas-corta\/","title":{"rendered":"C\u00f3mic Los Futbol\u00edsimos 3: El misterio de la noche m\u00e1s corta"},"content":{"rendered":"","protected":false},"excerpt":{"rendered":"<p>Durante la noche m\u00e1s corta del a\u00f1o, el 23 de junio, el Soto Alto se dispone a jugar un partido de f\u00fatbol muy especial, el Torneo de la noche de San Juan. Su rival es un temible equipo de la sierra, Villa Gru\u00f1\u00f3n. El ganador se llevar\u00e1 la famosa escultura de San Juan Bautista a su pueblo durante todo un a\u00f1o. Francisco, que sigue siendo el nuevo en el pueblo, empieza a sospechar que algo extra\u00f1o ocurre en el partido. El Soto Alto empieza ganando muy f\u00e1cilmente. Parece que Villa Gru\u00f1\u00f3n est\u00e1 perdiendo a prop\u00f3sito. \u00bfSer\u00e1 verdad? \u00bfQu\u00e9 motivo pueden tener?<\/p>\n","protected":false},"featured_media":36410,"template":"","meta":{"_acf_changed":false,"inline_featured_image":false},"product_brand":[],"product_cat":[4732],"product_tag":[268,331,1001,980,699,2058,1196],"asignatura":[],"compania":[252],"curso":[],"idiomas":[1948],"genero":[957],"linea":[888],"premio":[],"proyecto-editorial":[323],"tipo-de-libro":[249],"soporte":[2004],"zona-geografica":[],"autores":[4284,4217,4216],"colecciones":[2356],"personajes":[],"class_list":{"0":"post-18553","1":"product","2":"type-product","3":"status-publish","4":"has-post-thumbnail","6":"product_cat-los-futbolisimos","7":"product_tag-amistad","8":"product_tag-comics","9":"product_tag-futbol","10":"product_tag-honestidad","11":"product_tag-misterios","12":"product_tag-ntx","13":"product_tag-robos","14":"pa_codigo-sap-ntx","15":"compania-f-sta-maria-ediciones-sm-es","16":"idiomas-espanol","17":"genero-misterio","18":"linea-comics","19":"proyecto-editorial-6-12","20":"tipo-de-libro-fisico","21":"soporte-libro","22":"autores-berta-marquez","23":"autores-carles-lluch","24":"autores-roberto-santiago","25":"colecciones-los-futbolisimos","27":"first","28":"instock","29":"taxable","30":"shipping-taxable","31":"purchasable","32":"product-type-simple"},"acf":{"id_catalogo":"650","shortTitle":"LFC.3 EL MISTERIO DE LA NOCHE MAS CORTA","descripcion":"<p>Durante la noche m\u00e1s corta del a\u00f1o, el 23 de junio, el Soto Alto se dispone a jugar un partido de f\u00fatbol muy especial, el Torneo de la noche de San Juan. Su rival es un temible equipo de la sierra, Villa Gru\u00f1\u00f3n. El ganador se llevar\u00e1 la famosa escultura de San Juan Bautista a su pueblo durante todo un a\u00f1o. Francisco, que sigue siendo el nuevo en el pueblo, empieza a sospechar que algo extra\u00f1o ocurre en el partido. El Soto Alto empieza ganando muy f\u00e1cilmente. Parece que Villa Gru\u00f1\u00f3n est\u00e1 perdiendo a prop\u00f3sito. \u00bfSer\u00e1 verdad? \u00bfQu\u00e9 motivo pueden tener?<\/p>","adjuntos":null,"descriptivePhrases":[{"type":"General","text":"F\u00fatbol, hogueras y deseos en la noche m\u00e1s corta del a\u00f1o"}],"productSap":"NTX","isbn":"9788411827782","precio_colegios":12.45,"precio_librerias":12.45,"precio_librerias_sin_cobertura":12.45,"precio_distribuidores":12.45,"fecha_disponibilidad":null,"fecha_comercial":"20241017","organizacion_venta":"","datos_para_buscador":"Carles Lluch, Berta M\u00e1rquez, Roberto Santiago, Los Futbol\u00edsimos, "},"yoast_head":"<!-- This site is optimized with the Yoast SEO plugin v26.6 - https:\/\/yoast.com\/wordpress\/plugins\/seo\/ -->\n<title>C\u00f3mic Los Futbol\u00edsimos 3: El misterio de la noche m\u00e1s corta - Literatura SM Espa\u00f1a<\/title>\n<meta name=\"robots\" content=\"noindex, follow, max-snippet:-1, max-image-preview:large, max-video-preview:-1\" \/>\n<meta property=\"og:locale\" content=\"es_ES\" \/>\n<meta property=\"og:type\" content=\"article\" \/>\n<meta property=\"og:title\" content=\"C\u00f3mic Los Futbol\u00edsimos 3: El misterio de la noche m\u00e1s corta - Literatura SM Espa\u00f1a\" \/>\n<meta property=\"og:url\" content=\"https:\/\/lij.ismeduca.com\/es\/producto\/comic-los-futbolisimos-3-el-misterio-de-la-noche-mas-corta\/\" \/>\n<meta property=\"og:site_name\" content=\"Literatura SM Espa\u00f1a\" \/>\n<meta property=\"article:modified_time\" content=\"2025-12-23T12:08:08+00:00\" \/>\n<meta name=\"twitter:card\" content=\"summary_large_image\" \/>\n<script type=\"application\/ld+json\" class=\"yoast-schema-graph\">{\"@context\":\"https:\/\/schema.org\",\"@graph\":[{\"@type\":\"WebPage\",\"@id\":\"https:\/\/lij.ismeduca.com\/es\/producto\/comic-los-futbolisimos-3-el-misterio-de-la-noche-mas-corta\/\",\"url\":\"https:\/\/lij.ismeduca.com\/es\/producto\/comic-los-futbolisimos-3-el-misterio-de-la-noche-mas-corta\/\",\"name\":\"C\u00f3mic Los Futbol\u00edsimos 3: El misterio de la noche m\u00e1s corta - Literatura SM Espa\u00f1a\",\"isPartOf\":{\"@id\":\"https:\/\/lij.ismeduca.com\/es\/#website\"},\"primaryImageOfPage\":{\"@id\":\"https:\/\/lij.ismeduca.com\/es\/producto\/comic-los-futbolisimos-3-el-misterio-de-la-noche-mas-corta\/#primaryimage\"},\"image\":{\"@id\":\"https:\/\/lij.ismeduca.com\/es\/producto\/comic-los-futbolisimos-3-el-misterio-de-la-noche-mas-corta\/#primaryimage\"},\"thumbnailUrl\":\"https:\/\/lij.ismeduca.com\/es\/wp-content\/uploads\/sites\/10\/2025\/12\/18553.jpg\",\"datePublished\":\"2024-11-13T16:47:44+00:00\",\"dateModified\":\"2025-12-23T12:08:08+00:00\",\"breadcrumb\":{\"@id\":\"https:\/\/lij.ismeduca.com\/es\/producto\/comic-los-futbolisimos-3-el-misterio-de-la-noche-mas-corta\/#breadcrumb\"},\"inLanguage\":\"es\",\"potentialAction\":[{\"@type\":\"ReadAction\",\"target\":[\"https:\/\/lij.ismeduca.com\/es\/producto\/comic-los-futbolisimos-3-el-misterio-de-la-noche-mas-corta\/\"]}]},{\"@type\":\"ImageObject\",\"inLanguage\":\"es\",\"@id\":\"https:\/\/lij.ismeduca.com\/es\/producto\/comic-los-futbolisimos-3-el-misterio-de-la-noche-mas-corta\/#primaryimage\",\"url\":\"https:\/\/lij.ismeduca.com\/es\/wp-content\/uploads\/sites\/10\/2025\/12\/18553.jpg\",\"contentUrl\":\"https:\/\/lij.ismeduca.com\/es\/wp-content\/uploads\/sites\/10\/2025\/12\/18553.jpg\",\"width\":600,\"height\":861},{\"@type\":\"BreadcrumbList\",\"@id\":\"https:\/\/lij.ismeduca.com\/es\/producto\/comic-los-futbolisimos-3-el-misterio-de-la-noche-mas-corta\/#breadcrumb\",\"itemListElement\":[{\"@type\":\"ListItem\",\"position\":1,\"name\":\"Portada\",\"item\":\"https:\/\/lij.ismeduca.com\/es\/\"},{\"@type\":\"ListItem\",\"position\":2,\"name\":\"Tienda\",\"item\":\"https:\/\/lij.ismeduca.com\/es\/tienda\/\"},{\"@type\":\"ListItem\",\"position\":3,\"name\":\"C\u00f3mic Los Futbol\u00edsimos 3: El misterio de la noche m\u00e1s corta\"}]},{\"@type\":\"WebSite\",\"@id\":\"https:\/\/lij.ismeduca.com\/es\/#website\",\"url\":\"https:\/\/lij.ismeduca.com\/es\/\",\"name\":\"Literatura SM Espa\u00f1a\",\"description\":\"\",\"publisher\":{\"@id\":\"https:\/\/lij.ismeduca.com\/es\/#organization\"},\"potentialAction\":[{\"@type\":\"SearchAction\",\"target\":{\"@type\":\"EntryPoint\",\"urlTemplate\":\"https:\/\/lij.ismeduca.com\/es\/?s={search_term_string}\"},\"query-input\":{\"@type\":\"PropertyValueSpecification\",\"valueRequired\":true,\"valueName\":\"search_term_string\"}}],\"inLanguage\":\"es\"},{\"@type\":\"Organization\",\"@id\":\"https:\/\/lij.ismeduca.com\/es\/#organization\",\"name\":\"Literatura SM Espa\u00f1a\",\"url\":\"https:\/\/lij.ismeduca.com\/es\/\",\"logo\":{\"@type\":\"ImageObject\",\"inLanguage\":\"es\",\"@id\":\"https:\/\/lij.ismeduca.com\/es\/#\/schema\/logo\/image\/\",\"url\":\"https:\/\/lij.ismeduca.com\/es\/wp-content\/uploads\/sites\/10\/2024\/07\/logo-cabecera.png\",\"contentUrl\":\"https:\/\/lij.ismeduca.com\/es\/wp-content\/uploads\/sites\/10\/2024\/07\/logo-cabecera.png\",\"width\":396,\"height\":64,\"caption\":\"Literatura SM Espa\u00f1a\"},\"image\":{\"@id\":\"https:\/\/lij.ismeduca.com\/es\/#\/schema\/logo\/image\/\"}}]}<\/script>\n<!-- \/ Yoast SEO plugin. -->","yoast_head_json":{"title":"C\u00f3mic Los Futbol\u00edsimos 3: El misterio de la noche m\u00e1s corta - Literatura SM Espa\u00f1a","robots":{"index":"noindex","follow":"follow","max-snippet":"max-snippet:-1","max-image-preview":"max-image-preview:large","max-video-preview":"max-video-preview:-1"},"og_locale":"es_ES","og_type":"article","og_title":"C\u00f3mic Los Futbol\u00edsimos 3: El misterio de la noche m\u00e1s corta - Literatura SM Espa\u00f1a","og_url":"https:\/\/lij.ismeduca.com\/es\/producto\/comic-los-futbolisimos-3-el-misterio-de-la-noche-mas-corta\/","og_site_name":"Literatura SM Espa\u00f1a","article_modified_time":"2025-12-23T12:08:08+00:00","twitter_card":"summary_large_image","schema":{"@context":"https:\/\/schema.org","@graph":[{"@type":"WebPage","@id":"https:\/\/lij.ismeduca.com\/es\/producto\/comic-los-futbolisimos-3-el-misterio-de-la-noche-mas-corta\/","url":"https:\/\/lij.ismeduca.com\/es\/producto\/comic-los-futbolisimos-3-el-misterio-de-la-noche-mas-corta\/","name":"C\u00f3mic Los Futbol\u00edsimos 3: El misterio de la noche m\u00e1s corta - Literatura SM Espa\u00f1a","isPartOf":{"@id":"https:\/\/lij.ismeduca.com\/es\/#website"},"primaryImageOfPage":{"@id":"https:\/\/lij.ismeduca.com\/es\/producto\/comic-los-futbolisimos-3-el-misterio-de-la-noche-mas-corta\/#primaryimage"},"image":{"@id":"https:\/\/lij.ismeduca.com\/es\/producto\/comic-los-futbolisimos-3-el-misterio-de-la-noche-mas-corta\/#primaryimage"},"thumbnailUrl":"https:\/\/lij.ismeduca.com\/es\/wp-content\/uploads\/sites\/10\/2025\/12\/18553.jpg","datePublished":"2024-11-13T16:47:44+00:00","dateModified":"2025-12-23T12:08:08+00:00","breadcrumb":{"@id":"https:\/\/lij.ismeduca.com\/es\/producto\/comic-los-futbolisimos-3-el-misterio-de-la-noche-mas-corta\/#breadcrumb"},"inLanguage":"es","potentialAction":[{"@type":"ReadAction","target":["https:\/\/lij.ismeduca.com\/es\/producto\/comic-los-futbolisimos-3-el-misterio-de-la-noche-mas-corta\/"]}]},{"@type":"ImageObject","inLanguage":"es","@id":"https:\/\/lij.ismeduca.com\/es\/producto\/comic-los-futbolisimos-3-el-misterio-de-la-noche-mas-corta\/#primaryimage","url":"https:\/\/lij.ismeduca.com\/es\/wp-content\/uploads\/sites\/10\/2025\/12\/18553.jpg","contentUrl":"https:\/\/lij.ismeduca.com\/es\/wp-content\/uploads\/sites\/10\/2025\/12\/18553.jpg","width":600,"height":861},{"@type":"BreadcrumbList","@id":"https:\/\/lij.ismeduca.com\/es\/producto\/comic-los-futbolisimos-3-el-misterio-de-la-noche-mas-corta\/#breadcrumb","itemListElement":[{"@type":"ListItem","position":1,"name":"Portada","item":"https:\/\/lij.ismeduca.com\/es\/"},{"@type":"ListItem","position":2,"name":"Tienda","item":"https:\/\/lij.ismeduca.com\/es\/tienda\/"},{"@type":"ListItem","position":3,"name":"C\u00f3mic Los Futbol\u00edsimos 3: El misterio de la noche m\u00e1s corta"}]},{"@type":"WebSite","@id":"https:\/\/lij.ismeduca.com\/es\/#website","url":"https:\/\/lij.ismeduca.com\/es\/","name":"Literatura SM Espa\u00f1a","description":"","publisher":{"@id":"https:\/\/lij.ismeduca.com\/es\/#organization"},"potentialAction":[{"@type":"SearchAction","target":{"@type":"EntryPoint","urlTemplate":"https:\/\/lij.ismeduca.com\/es\/?s={search_term_string}"},"query-input":{"@type":"PropertyValueSpecification","valueRequired":true,"valueName":"search_term_string"}}],"inLanguage":"es"},{"@type":"Organization","@id":"https:\/\/lij.ismeduca.com\/es\/#organization","name":"Literatura SM Espa\u00f1a","url":"https:\/\/lij.ismeduca.com\/es\/","logo":{"@type":"ImageObject","inLanguage":"es","@id":"https:\/\/lij.ismeduca.com\/es\/#\/schema\/logo\/image\/","url":"https:\/\/lij.ismeduca.com\/es\/wp-content\/uploads\/sites\/10\/2024\/07\/logo-cabecera.png","contentUrl":"https:\/\/lij.ismeduca.com\/es\/wp-content\/uploads\/sites\/10\/2024\/07\/logo-cabecera.png","width":396,"height":64,"caption":"Literatura SM Espa\u00f1a"},"image":{"@id":"https:\/\/lij.ismeduca.com\/es\/#\/schema\/logo\/image\/"}}]}},"_links":{"self":[{"href":"https:\/\/lij.ismeduca.com\/es\/wp-json\/wp\/v2\/product\/18553","targetHints":{"allow":["GET"]}}],"collection":[{"href":"https:\/\/lij.ismeduca.com\/es\/wp-json\/wp\/v2\/product"}],"about":[{"href":"https:\/\/lij.ismeduca.com\/es\/wp-json\/wp\/v2\/types\/product"}],"version-history":[{"count":1,"href":"https:\/\/lij.ismeduca.com\/es\/wp-json\/wp\/v2\/product\/18553\/revisions"}],"predecessor-version":[{"id":30787,"href":"https:\/\/lij.ismeduca.com\/es\/wp-json\/wp\/v2\/product\/18553\/revisions\/30787"}],"wp:featuredmedia":[{"embeddable":true,"href":"https:\/\/lij.ismeduca.com\/es\/wp-json\/wp\/v2\/media\/36410"}],"wp:attachment":[{"href":"https:\/\/lij.ismeduca.com\/es\/wp-json\/wp\/v2\/media?parent=18553"}],"wp:term":[{"taxonomy":"product_brand","embeddable":true,"href":"https:\/\/lij.ismeduca.com\/es\/wp-json\/wp\/v2\/product_brand?post=18553"},{"taxonomy":"product_cat","embeddable":true,"href":"https:\/\/lij.ismeduca.com\/es\/wp-json\/wp\/v2\/product_cat?post=18553"},{"taxonomy":"product_tag","embeddable":true,"href":"https:\/\/lij.ismeduca.com\/es\/wp-json\/wp\/v2\/product_tag?post=18553"},{"taxonomy":"asignatura","embeddable":true,"href":"https:\/\/lij.ismeduca.com\/es\/wp-json\/wp\/v2\/asignatura?post=18553"},{"taxonomy":"compania","embeddable":true,"href":"https:\/\/lij.ismeduca.com\/es\/wp-json\/wp\/v2\/compania?post=18553"},{"taxonomy":"curso","embeddable":true,"href":"https:\/\/lij.ismeduca.com\/es\/wp-json\/wp\/v2\/curso?post=18553"},{"taxonomy":"idiomas","embeddable":true,"href":"https:\/\/lij.ismeduca.com\/es\/wp-json\/wp\/v2\/idiomas?post=18553"},{"taxonomy":"genero","embeddable":true,"href":"https:\/\/lij.ismeduca.com\/es\/wp-json\/wp\/v2\/genero?post=18553"},{"taxonomy":"linea","embeddable":true,"href":"https:\/\/lij.ismeduca.com\/es\/wp-json\/wp\/v2\/linea?post=18553"},{"taxonomy":"premio","embeddable":true,"href":"https:\/\/lij.ismeduca.com\/es\/wp-json\/wp\/v2\/premio?post=18553"},{"taxonomy":"proyecto-editorial","embeddable":true,"href":"https:\/\/lij.ismeduca.com\/es\/wp-json\/wp\/v2\/proyecto-editorial?post=18553"},{"taxonomy":"tipo-de-libro","embeddable":true,"href":"https:\/\/lij.ismeduca.com\/es\/wp-json\/wp\/v2\/tipo-de-libro?post=18553"},{"taxonomy":"soporte","embeddable":true,"href":"https:\/\/lij.ismeduca.com\/es\/wp-json\/wp\/v2\/soporte?post=18553"},{"taxonomy":"zona-geografica","embeddable":true,"href":"https:\/\/lij.ismeduca.com\/es\/wp-json\/wp\/v2\/zona-geografica?post=18553"},{"taxonomy":"autores","embeddable":true,"href":"https:\/\/lij.ismeduca.com\/es\/wp-json\/wp\/v2\/autores?post=18553"},{"taxonomy":"colecciones","embeddable":true,"href":"https:\/\/lij.ismeduca.com\/es\/wp-json\/wp\/v2\/colecciones?post=18553"},{"taxonomy":"personajes","embeddable":true,"href":"https:\/\/lij.ismeduca.com\/es\/wp-json\/wp\/v2\/personajes?post=18553"}],"curies":[{"name":"wp","href":"https:\/\/api.w.org\/{rel}","templated":true}]}}