{"id":18754,"date":"2024-10-17T00:00:00","date_gmt":"2024-11-13T16:58:03","guid":{"rendered":"https:\/\/lij.ismeduca.com\/es\/?post_type=product&#038;p=18754"},"modified":"2025-12-23T13:08:29","modified_gmt":"2025-12-23T12:08:29","slug":"pepe-y-mila-juegan-al-cucu-tras","status":"publish","type":"product","link":"https:\/\/lij.ismeduca.com\/es\/producto\/pepe-y-mila-juegan-al-cucu-tras\/","title":{"rendered":"Pepe y Mila juegan al cuc\u00fa tras"},"content":{"rendered":"","protected":false},"excerpt":{"rendered":"<p>Un libro de tela con los personajes de la colecci\u00f3n Pepe y Mila jugando al cuc\u00fa-tras. Los beb\u00e9s desarrollar\u00e1n la psicomotricidad fina mientras observan las coloridas im\u00e1genes y descubren a los personajes en cada p\u00e1gina.<\/p>\n","protected":false},"featured_media":34707,"template":"","meta":{"_acf_changed":false,"inline_featured_image":false},"product_brand":[],"product_cat":[4628],"product_tag":[368,1281,2058,1728],"asignatura":[],"compania":[252],"curso":[],"idiomas":[1948],"genero":[],"linea":[361],"premio":[],"proyecto-editorial":[449],"tipo-de-libro":[249],"soporte":[2004],"zona-geografica":[],"autores":[4607,4127],"colecciones":[2279],"personajes":[],"class_list":{"0":"post-18754","1":"product","2":"type-product","3":"status-publish","4":"has-post-thumbnail","6":"product_cat-pepe-y-mila","7":"product_tag-libro-con-solapas","8":"product_tag-libro-de-tela","9":"product_tag-ntx","10":"product_tag-pepe-y-mila","11":"pa_codigo-sap-ntx","12":"compania-f-sta-maria-ediciones-sm-es","13":"idiomas-espanol","14":"linea-interactivos","15":"proyecto-editorial-0-2","16":"tipo-de-libro-fisico","17":"soporte-libro","18":"autores-teresa-tellechea","19":"autores-yayo-kawamura","20":"colecciones-pepe-y-mila","22":"first","23":"instock","24":"taxable","25":"shipping-taxable","26":"purchasable","27":"product-type-simple"},"acf":{"id_catalogo":"650","shortTitle":"P&M. PEPE Y MILA JUEGAN AL CUCU TRAS","descripcion":"<p>Un libro de tela con los personajes de la colecci\u00f3n Pepe y Mila jugando al cuc\u00fa-tras. Los beb\u00e9s desarrollar\u00e1n la psicomotricidad fina mientras observan las coloridas im\u00e1genes y descubren a los personajes en cada p\u00e1gina.<\/p>","adjuntos":null,"descriptivePhrases":[{"type":"General","text":"Un libro de tela y muchas solapas con los personajes de la colecci\u00f3n Pepe y Mila para que el beb\u00e9 desarrolle la psicomotricidad fina y enriquezca su vocabulario."}],"productSap":"NTX","isbn":"9788411826549","precio_colegios":14.42,"precio_librerias":14.42,"precio_librerias_sin_cobertura":14.42,"precio_distribuidores":14.42,"fecha_disponibilidad":null,"fecha_comercial":"20241017","organizacion_venta":"","datos_para_buscador":"Yayo Kawamura, Teresa Tellechea, Yayo Kawamura, Pepe y Mila, "},"yoast_head":"<!-- This site is optimized with the Yoast SEO plugin v26.6 - https:\/\/yoast.com\/wordpress\/plugins\/seo\/ -->\n<title>Pepe y Mila juegan al cuc\u00fa tras - Literatura SM Espa\u00f1a<\/title>\n<meta name=\"robots\" content=\"noindex, follow, max-snippet:-1, max-image-preview:large, max-video-preview:-1\" \/>\n<meta property=\"og:locale\" content=\"es_ES\" \/>\n<meta property=\"og:type\" content=\"article\" \/>\n<meta property=\"og:title\" content=\"Pepe y Mila juegan al cuc\u00fa tras - Literatura SM Espa\u00f1a\" \/>\n<meta property=\"og:url\" content=\"https:\/\/lij.ismeduca.com\/es\/producto\/pepe-y-mila-juegan-al-cucu-tras\/\" \/>\n<meta property=\"og:site_name\" content=\"Literatura SM Espa\u00f1a\" \/>\n<meta property=\"article:modified_time\" content=\"2025-12-23T12:08:29+00:00\" \/>\n<meta name=\"twitter:card\" content=\"summary_large_image\" \/>\n<script type=\"application\/ld+json\" class=\"yoast-schema-graph\">{\"@context\":\"https:\/\/schema.org\",\"@graph\":[{\"@type\":\"WebPage\",\"@id\":\"https:\/\/lij.ismeduca.com\/es\/producto\/pepe-y-mila-juegan-al-cucu-tras\/\",\"url\":\"https:\/\/lij.ismeduca.com\/es\/producto\/pepe-y-mila-juegan-al-cucu-tras\/\",\"name\":\"Pepe y Mila juegan al cuc\u00fa tras - Literatura SM Espa\u00f1a\",\"isPartOf\":{\"@id\":\"https:\/\/lij.ismeduca.com\/es\/#website\"},\"primaryImageOfPage\":{\"@id\":\"https:\/\/lij.ismeduca.com\/es\/producto\/pepe-y-mila-juegan-al-cucu-tras\/#primaryimage\"},\"image\":{\"@id\":\"https:\/\/lij.ismeduca.com\/es\/producto\/pepe-y-mila-juegan-al-cucu-tras\/#primaryimage\"},\"thumbnailUrl\":\"https:\/\/lij.ismeduca.com\/es\/wp-content\/uploads\/sites\/10\/2025\/12\/18754.jpg\",\"datePublished\":\"2024-11-13T16:58:03+00:00\",\"dateModified\":\"2025-12-23T12:08:29+00:00\",\"breadcrumb\":{\"@id\":\"https:\/\/lij.ismeduca.com\/es\/producto\/pepe-y-mila-juegan-al-cucu-tras\/#breadcrumb\"},\"inLanguage\":\"es\",\"potentialAction\":[{\"@type\":\"ReadAction\",\"target\":[\"https:\/\/lij.ismeduca.com\/es\/producto\/pepe-y-mila-juegan-al-cucu-tras\/\"]}]},{\"@type\":\"ImageObject\",\"inLanguage\":\"es\",\"@id\":\"https:\/\/lij.ismeduca.com\/es\/producto\/pepe-y-mila-juegan-al-cucu-tras\/#primaryimage\",\"url\":\"https:\/\/lij.ismeduca.com\/es\/wp-content\/uploads\/sites\/10\/2025\/12\/18754.jpg\",\"contentUrl\":\"https:\/\/lij.ismeduca.com\/es\/wp-content\/uploads\/sites\/10\/2025\/12\/18754.jpg\",\"width\":600,\"height\":584},{\"@type\":\"BreadcrumbList\",\"@id\":\"https:\/\/lij.ismeduca.com\/es\/producto\/pepe-y-mila-juegan-al-cucu-tras\/#breadcrumb\",\"itemListElement\":[{\"@type\":\"ListItem\",\"position\":1,\"name\":\"Portada\",\"item\":\"https:\/\/lij.ismeduca.com\/es\/\"},{\"@type\":\"ListItem\",\"position\":2,\"name\":\"Tienda\",\"item\":\"https:\/\/lij.ismeduca.com\/es\/tienda\/\"},{\"@type\":\"ListItem\",\"position\":3,\"name\":\"Pepe y Mila juegan al cuc\u00fa tras\"}]},{\"@type\":\"WebSite\",\"@id\":\"https:\/\/lij.ismeduca.com\/es\/#website\",\"url\":\"https:\/\/lij.ismeduca.com\/es\/\",\"name\":\"Literatura SM Espa\u00f1a\",\"description\":\"\",\"publisher\":{\"@id\":\"https:\/\/lij.ismeduca.com\/es\/#organization\"},\"potentialAction\":[{\"@type\":\"SearchAction\",\"target\":{\"@type\":\"EntryPoint\",\"urlTemplate\":\"https:\/\/lij.ismeduca.com\/es\/?s={search_term_string}\"},\"query-input\":{\"@type\":\"PropertyValueSpecification\",\"valueRequired\":true,\"valueName\":\"search_term_string\"}}],\"inLanguage\":\"es\"},{\"@type\":\"Organization\",\"@id\":\"https:\/\/lij.ismeduca.com\/es\/#organization\",\"name\":\"Literatura SM Espa\u00f1a\",\"url\":\"https:\/\/lij.ismeduca.com\/es\/\",\"logo\":{\"@type\":\"ImageObject\",\"inLanguage\":\"es\",\"@id\":\"https:\/\/lij.ismeduca.com\/es\/#\/schema\/logo\/image\/\",\"url\":\"https:\/\/lij.ismeduca.com\/es\/wp-content\/uploads\/sites\/10\/2024\/07\/logo-cabecera.png\",\"contentUrl\":\"https:\/\/lij.ismeduca.com\/es\/wp-content\/uploads\/sites\/10\/2024\/07\/logo-cabecera.png\",\"width\":396,\"height\":64,\"caption\":\"Literatura SM Espa\u00f1a\"},\"image\":{\"@id\":\"https:\/\/lij.ismeduca.com\/es\/#\/schema\/logo\/image\/\"}}]}<\/script>\n<!-- \/ Yoast SEO plugin. -->","yoast_head_json":{"title":"Pepe y Mila juegan al cuc\u00fa tras - Literatura SM Espa\u00f1a","robots":{"index":"noindex","follow":"follow","max-snippet":"max-snippet:-1","max-image-preview":"max-image-preview:large","max-video-preview":"max-video-preview:-1"},"og_locale":"es_ES","og_type":"article","og_title":"Pepe y Mila juegan al cuc\u00fa tras - Literatura SM Espa\u00f1a","og_url":"https:\/\/lij.ismeduca.com\/es\/producto\/pepe-y-mila-juegan-al-cucu-tras\/","og_site_name":"Literatura SM Espa\u00f1a","article_modified_time":"2025-12-23T12:08:29+00:00","twitter_card":"summary_large_image","schema":{"@context":"https:\/\/schema.org","@graph":[{"@type":"WebPage","@id":"https:\/\/lij.ismeduca.com\/es\/producto\/pepe-y-mila-juegan-al-cucu-tras\/","url":"https:\/\/lij.ismeduca.com\/es\/producto\/pepe-y-mila-juegan-al-cucu-tras\/","name":"Pepe y Mila juegan al cuc\u00fa tras - Literatura SM Espa\u00f1a","isPartOf":{"@id":"https:\/\/lij.ismeduca.com\/es\/#website"},"primaryImageOfPage":{"@id":"https:\/\/lij.ismeduca.com\/es\/producto\/pepe-y-mila-juegan-al-cucu-tras\/#primaryimage"},"image":{"@id":"https:\/\/lij.ismeduca.com\/es\/producto\/pepe-y-mila-juegan-al-cucu-tras\/#primaryimage"},"thumbnailUrl":"https:\/\/lij.ismeduca.com\/es\/wp-content\/uploads\/sites\/10\/2025\/12\/18754.jpg","datePublished":"2024-11-13T16:58:03+00:00","dateModified":"2025-12-23T12:08:29+00:00","breadcrumb":{"@id":"https:\/\/lij.ismeduca.com\/es\/producto\/pepe-y-mila-juegan-al-cucu-tras\/#breadcrumb"},"inLanguage":"es","potentialAction":[{"@type":"ReadAction","target":["https:\/\/lij.ismeduca.com\/es\/producto\/pepe-y-mila-juegan-al-cucu-tras\/"]}]},{"@type":"ImageObject","inLanguage":"es","@id":"https:\/\/lij.ismeduca.com\/es\/producto\/pepe-y-mila-juegan-al-cucu-tras\/#primaryimage","url":"https:\/\/lij.ismeduca.com\/es\/wp-content\/uploads\/sites\/10\/2025\/12\/18754.jpg","contentUrl":"https:\/\/lij.ismeduca.com\/es\/wp-content\/uploads\/sites\/10\/2025\/12\/18754.jpg","width":600,"height":584},{"@type":"BreadcrumbList","@id":"https:\/\/lij.ismeduca.com\/es\/producto\/pepe-y-mila-juegan-al-cucu-tras\/#breadcrumb","itemListElement":[{"@type":"ListItem","position":1,"name":"Portada","item":"https:\/\/lij.ismeduca.com\/es\/"},{"@type":"ListItem","position":2,"name":"Tienda","item":"https:\/\/lij.ismeduca.com\/es\/tienda\/"},{"@type":"ListItem","position":3,"name":"Pepe y Mila juegan al cuc\u00fa tras"}]},{"@type":"WebSite","@id":"https:\/\/lij.ismeduca.com\/es\/#website","url":"https:\/\/lij.ismeduca.com\/es\/","name":"Literatura SM Espa\u00f1a","description":"","publisher":{"@id":"https:\/\/lij.ismeduca.com\/es\/#organization"},"potentialAction":[{"@type":"SearchAction","target":{"@type":"EntryPoint","urlTemplate":"https:\/\/lij.ismeduca.com\/es\/?s={search_term_string}"},"query-input":{"@type":"PropertyValueSpecification","valueRequired":true,"valueName":"search_term_string"}}],"inLanguage":"es"},{"@type":"Organization","@id":"https:\/\/lij.ismeduca.com\/es\/#organization","name":"Literatura SM Espa\u00f1a","url":"https:\/\/lij.ismeduca.com\/es\/","logo":{"@type":"ImageObject","inLanguage":"es","@id":"https:\/\/lij.ismeduca.com\/es\/#\/schema\/logo\/image\/","url":"https:\/\/lij.ismeduca.com\/es\/wp-content\/uploads\/sites\/10\/2024\/07\/logo-cabecera.png","contentUrl":"https:\/\/lij.ismeduca.com\/es\/wp-content\/uploads\/sites\/10\/2024\/07\/logo-cabecera.png","width":396,"height":64,"caption":"Literatura SM Espa\u00f1a"},"image":{"@id":"https:\/\/lij.ismeduca.com\/es\/#\/schema\/logo\/image\/"}}]}},"_links":{"self":[{"href":"https:\/\/lij.ismeduca.com\/es\/wp-json\/wp\/v2\/product\/18754","targetHints":{"allow":["GET"]}}],"collection":[{"href":"https:\/\/lij.ismeduca.com\/es\/wp-json\/wp\/v2\/product"}],"about":[{"href":"https:\/\/lij.ismeduca.com\/es\/wp-json\/wp\/v2\/types\/product"}],"version-history":[{"count":1,"href":"https:\/\/lij.ismeduca.com\/es\/wp-json\/wp\/v2\/product\/18754\/revisions"}],"predecessor-version":[{"id":31360,"href":"https:\/\/lij.ismeduca.com\/es\/wp-json\/wp\/v2\/product\/18754\/revisions\/31360"}],"wp:featuredmedia":[{"embeddable":true,"href":"https:\/\/lij.ismeduca.com\/es\/wp-json\/wp\/v2\/media\/34707"}],"wp:attachment":[{"href":"https:\/\/lij.ismeduca.com\/es\/wp-json\/wp\/v2\/media?parent=18754"}],"wp:term":[{"taxonomy":"product_brand","embeddable":true,"href":"https:\/\/lij.ismeduca.com\/es\/wp-json\/wp\/v2\/product_brand?post=18754"},{"taxonomy":"product_cat","embeddable":true,"href":"https:\/\/lij.ismeduca.com\/es\/wp-json\/wp\/v2\/product_cat?post=18754"},{"taxonomy":"product_tag","embeddable":true,"href":"https:\/\/lij.ismeduca.com\/es\/wp-json\/wp\/v2\/product_tag?post=18754"},{"taxonomy":"asignatura","embeddable":true,"href":"https:\/\/lij.ismeduca.com\/es\/wp-json\/wp\/v2\/asignatura?post=18754"},{"taxonomy":"compania","embeddable":true,"href":"https:\/\/lij.ismeduca.com\/es\/wp-json\/wp\/v2\/compania?post=18754"},{"taxonomy":"curso","embeddable":true,"href":"https:\/\/lij.ismeduca.com\/es\/wp-json\/wp\/v2\/curso?post=18754"},{"taxonomy":"idiomas","embeddable":true,"href":"https:\/\/lij.ismeduca.com\/es\/wp-json\/wp\/v2\/idiomas?post=18754"},{"taxonomy":"genero","embeddable":true,"href":"https:\/\/lij.ismeduca.com\/es\/wp-json\/wp\/v2\/genero?post=18754"},{"taxonomy":"linea","embeddable":true,"href":"https:\/\/lij.ismeduca.com\/es\/wp-json\/wp\/v2\/linea?post=18754"},{"taxonomy":"premio","embeddable":true,"href":"https:\/\/lij.ismeduca.com\/es\/wp-json\/wp\/v2\/premio?post=18754"},{"taxonomy":"proyecto-editorial","embeddable":true,"href":"https:\/\/lij.ismeduca.com\/es\/wp-json\/wp\/v2\/proyecto-editorial?post=18754"},{"taxonomy":"tipo-de-libro","embeddable":true,"href":"https:\/\/lij.ismeduca.com\/es\/wp-json\/wp\/v2\/tipo-de-libro?post=18754"},{"taxonomy":"soporte","embeddable":true,"href":"https:\/\/lij.ismeduca.com\/es\/wp-json\/wp\/v2\/soporte?post=18754"},{"taxonomy":"zona-geografica","embeddable":true,"href":"https:\/\/lij.ismeduca.com\/es\/wp-json\/wp\/v2\/zona-geografica?post=18754"},{"taxonomy":"autores","embeddable":true,"href":"https:\/\/lij.ismeduca.com\/es\/wp-json\/wp\/v2\/autores?post=18754"},{"taxonomy":"colecciones","embeddable":true,"href":"https:\/\/lij.ismeduca.com\/es\/wp-json\/wp\/v2\/colecciones?post=18754"},{"taxonomy":"personajes","embeddable":true,"href":"https:\/\/lij.ismeduca.com\/es\/wp-json\/wp\/v2\/personajes?post=18754"}],"curies":[{"name":"wp","href":"https:\/\/api.w.org\/{rel}","templated":true}]}}