{"id":19005,"date":"2024-10-17T00:00:00","date_gmt":"2024-11-13T17:09:47","guid":{"rendered":"https:\/\/lij.ismeduca.com\/es\/?post_type=product&#038;p=19005"},"modified":"2025-12-23T13:07:53","modified_gmt":"2025-12-23T12:07:53","slug":"els-pergamins-del-castell-de-bellparlar","status":"publish","type":"product","link":"https:\/\/lij.ismeduca.com\/es\/producto\/els-pergamins-del-castell-de-bellparlar\/","title":{"rendered":"Els pergamins del castell de Bellparlar"},"content":{"rendered":"","protected":false},"excerpt":{"rendered":"<p>Un mat\u00ed, el senyor Lletraferit i la Fonema, els bibliotecaris, reben un correu electr\u00f2nic del misteri\u00f3s vescomte de Bellparlar, que diu que t\u00e9 uns pergamins antics i s\u2019ofereix a donar-los a la biblioteca. La Fonema se\u2019n va cap al castell del vescomte a buscar-los, per\u00f2 no s\u2019imagina pas que all\u00e0 es trobar\u00e0 en gran perill. El senyor Lletraferit i la Mina, la filla de la bibliotec\u00e0ria, una nena amb dons ben especials, aniran a ajudar-la, i tots plegats viuran una aventura fant\u00e0stica.<\/p>\n","protected":false},"featured_media":37312,"template":"","meta":{"_acf_changed":false,"inline_featured_image":false},"product_brand":[],"product_cat":[4736],"product_tag":[297,478,2058,342,358],"asignatura":[],"compania":[258],"curso":[],"idiomas":[1951],"genero":[275],"linea":[250],"premio":[],"proyecto-editorial":[323],"tipo-de-libro":[249],"soporte":[2004],"zona-geografica":[],"autores":[2604,2605],"colecciones":[2254],"personajes":[],"class_list":{"0":"post-19005","1":"product","2":"type-product","3":"status-publish","4":"has-post-thumbnail","6":"product_cat-el-barco-de-vapor","7":"product_tag-literatura-de-aventuras","8":"product_tag-literatura-fantastica","9":"product_tag-ntx","10":"product_tag-relaciones-padres-hijos","11":"product_tag-soledad","12":"pa_codigo-sap-ntx","13":"compania-editorial-cruilla-s-a-es","14":"idiomas-catalan","15":"genero-fantasia","16":"linea-narrativa","17":"proyecto-editorial-6-12","18":"tipo-de-libro-fisico","19":"soporte-libro","20":"autores-montserrat-feliu-i-maspons","21":"autores-pato-mena","22":"colecciones-el-barco-de-vapor","24":"first","25":"instock","26":"taxable","27":"shipping-taxable","28":"purchasable","29":"product-type-simple"},"acf":{"id_catalogo":"650","shortTitle":"C-VVTC.ELS PERGAMINS DEL CASTELL DE BEL","descripcion":"<p>Un mat\u00ed, el senyor Lletraferit i la Fonema, els bibliotecaris, reben un correu electr\u00f2nic del misteri\u00f3s vescomte de Bellparlar, que diu que t\u00e9 uns pergamins antics i s\u2019ofereix a donar-los a la biblioteca. La Fonema se\u2019n va cap al castell del vescomte a buscar-los, per\u00f2 no s\u2019imagina pas que all\u00e0 es trobar\u00e0 en gran perill. El senyor Lletraferit i la Mina, la filla de la bibliotec\u00e0ria, una nena amb dons ben especials, aniran a ajudar-la, i tots plegats viuran una aventura fant\u00e0stica.<\/p>","adjuntos":[{"id":"21","titulo":"Ficha del profesor","url":"https:\/\/catalogo.noe-sm.com\/medias\/221320-recur-001-001-pro.pdf?context=bWFzdGVyfHJvb3R8MTExMzc1NnxhcHBsaWNhdGlvbi9wZGZ8aGFiL2gxZS85MDkxNjI5NDgyMDE0LnBkZnw5NDFjZWE5MDI5YzhhYjM3MjFiZGM1MDBlNmFiZTA2MjM0NDRhMWE2NDU0YTcyZDQwNWJhNTcxNTBiZDZmMmVj"},{"id":"20","titulo":"Ficha del alumno","url":"https:\/\/catalogo.noe-sm.com\/medias\/221320-recur-001-004-alu-savia.pdf?context=bWFzdGVyfHJvb3R8OTIxNzcyfGFwcGxpY2F0aW9uL3BkZnxoZGUvaGViLzkwOTIxMzg1OTg0MzAucGRmfGM5MjEzY2U0YzEyZTk3OWI2ZTA5MDdmMGVlYzZhZDg1ODg3MmI5YzAzYzU4MWNhNzBiZjFlZWRhZjM5NjM0NzE"}],"descriptivePhrases":[{"type":"General","text":"Al senyor Lletraferit i a la Fonema els encanten els pergamins antics. I per culpa d'aquesta afici\u00f3 viuran una aventura extraordin\u00e0ria."}],"productSap":"NTX","isbn":"9788466157278","precio_colegios":12.02,"precio_librerias":12.02,"precio_librerias_sin_cobertura":12.02,"precio_distribuidores":12.02,"fecha_disponibilidad":null,"fecha_comercial":"20241017","organizacion_venta":"","datos_para_buscador":"Pato Mena, Montserrat Feliu i Maspons, El Barco de Vapor, "},"yoast_head":"<!-- This site is optimized with the Yoast SEO plugin v26.6 - https:\/\/yoast.com\/wordpress\/plugins\/seo\/ -->\n<title>Els pergamins del castell de Bellparlar - Literatura SM Espa\u00f1a<\/title>\n<meta name=\"robots\" content=\"noindex, follow, max-snippet:-1, max-image-preview:large, max-video-preview:-1\" \/>\n<meta property=\"og:locale\" content=\"es_ES\" \/>\n<meta property=\"og:type\" content=\"article\" \/>\n<meta property=\"og:title\" content=\"Els pergamins del castell de Bellparlar - Literatura SM Espa\u00f1a\" \/>\n<meta property=\"og:url\" content=\"https:\/\/lij.ismeduca.com\/es\/producto\/els-pergamins-del-castell-de-bellparlar\/\" \/>\n<meta property=\"og:site_name\" content=\"Literatura SM Espa\u00f1a\" \/>\n<meta property=\"article:modified_time\" content=\"2025-12-23T12:07:53+00:00\" \/>\n<meta name=\"twitter:card\" content=\"summary_large_image\" \/>\n<script type=\"application\/ld+json\" class=\"yoast-schema-graph\">{\"@context\":\"https:\/\/schema.org\",\"@graph\":[{\"@type\":\"WebPage\",\"@id\":\"https:\/\/lij.ismeduca.com\/es\/producto\/els-pergamins-del-castell-de-bellparlar\/\",\"url\":\"https:\/\/lij.ismeduca.com\/es\/producto\/els-pergamins-del-castell-de-bellparlar\/\",\"name\":\"Els pergamins del castell de Bellparlar - Literatura SM Espa\u00f1a\",\"isPartOf\":{\"@id\":\"https:\/\/lij.ismeduca.com\/es\/#website\"},\"primaryImageOfPage\":{\"@id\":\"https:\/\/lij.ismeduca.com\/es\/producto\/els-pergamins-del-castell-de-bellparlar\/#primaryimage\"},\"image\":{\"@id\":\"https:\/\/lij.ismeduca.com\/es\/producto\/els-pergamins-del-castell-de-bellparlar\/#primaryimage\"},\"thumbnailUrl\":\"https:\/\/lij.ismeduca.com\/es\/wp-content\/uploads\/sites\/10\/2025\/12\/19005.jpg\",\"datePublished\":\"2024-11-13T17:09:47+00:00\",\"dateModified\":\"2025-12-23T12:07:53+00:00\",\"breadcrumb\":{\"@id\":\"https:\/\/lij.ismeduca.com\/es\/producto\/els-pergamins-del-castell-de-bellparlar\/#breadcrumb\"},\"inLanguage\":\"es\",\"potentialAction\":[{\"@type\":\"ReadAction\",\"target\":[\"https:\/\/lij.ismeduca.com\/es\/producto\/els-pergamins-del-castell-de-bellparlar\/\"]}]},{\"@type\":\"ImageObject\",\"inLanguage\":\"es\",\"@id\":\"https:\/\/lij.ismeduca.com\/es\/producto\/els-pergamins-del-castell-de-bellparlar\/#primaryimage\",\"url\":\"https:\/\/lij.ismeduca.com\/es\/wp-content\/uploads\/sites\/10\/2025\/12\/19005.jpg\",\"contentUrl\":\"https:\/\/lij.ismeduca.com\/es\/wp-content\/uploads\/sites\/10\/2025\/12\/19005.jpg\",\"width\":600,\"height\":931},{\"@type\":\"BreadcrumbList\",\"@id\":\"https:\/\/lij.ismeduca.com\/es\/producto\/els-pergamins-del-castell-de-bellparlar\/#breadcrumb\",\"itemListElement\":[{\"@type\":\"ListItem\",\"position\":1,\"name\":\"Portada\",\"item\":\"https:\/\/lij.ismeduca.com\/es\/\"},{\"@type\":\"ListItem\",\"position\":2,\"name\":\"Tienda\",\"item\":\"https:\/\/lij.ismeduca.com\/es\/tienda\/\"},{\"@type\":\"ListItem\",\"position\":3,\"name\":\"Els pergamins del castell de Bellparlar\"}]},{\"@type\":\"WebSite\",\"@id\":\"https:\/\/lij.ismeduca.com\/es\/#website\",\"url\":\"https:\/\/lij.ismeduca.com\/es\/\",\"name\":\"Literatura SM Espa\u00f1a\",\"description\":\"\",\"publisher\":{\"@id\":\"https:\/\/lij.ismeduca.com\/es\/#organization\"},\"potentialAction\":[{\"@type\":\"SearchAction\",\"target\":{\"@type\":\"EntryPoint\",\"urlTemplate\":\"https:\/\/lij.ismeduca.com\/es\/?s={search_term_string}\"},\"query-input\":{\"@type\":\"PropertyValueSpecification\",\"valueRequired\":true,\"valueName\":\"search_term_string\"}}],\"inLanguage\":\"es\"},{\"@type\":\"Organization\",\"@id\":\"https:\/\/lij.ismeduca.com\/es\/#organization\",\"name\":\"Literatura SM Espa\u00f1a\",\"url\":\"https:\/\/lij.ismeduca.com\/es\/\",\"logo\":{\"@type\":\"ImageObject\",\"inLanguage\":\"es\",\"@id\":\"https:\/\/lij.ismeduca.com\/es\/#\/schema\/logo\/image\/\",\"url\":\"https:\/\/lij.ismeduca.com\/es\/wp-content\/uploads\/sites\/10\/2024\/07\/logo-cabecera.png\",\"contentUrl\":\"https:\/\/lij.ismeduca.com\/es\/wp-content\/uploads\/sites\/10\/2024\/07\/logo-cabecera.png\",\"width\":396,\"height\":64,\"caption\":\"Literatura SM Espa\u00f1a\"},\"image\":{\"@id\":\"https:\/\/lij.ismeduca.com\/es\/#\/schema\/logo\/image\/\"}}]}<\/script>\n<!-- \/ Yoast SEO plugin. -->","yoast_head_json":{"title":"Els pergamins del castell de Bellparlar - Literatura SM Espa\u00f1a","robots":{"index":"noindex","follow":"follow","max-snippet":"max-snippet:-1","max-image-preview":"max-image-preview:large","max-video-preview":"max-video-preview:-1"},"og_locale":"es_ES","og_type":"article","og_title":"Els pergamins del castell de Bellparlar - Literatura SM Espa\u00f1a","og_url":"https:\/\/lij.ismeduca.com\/es\/producto\/els-pergamins-del-castell-de-bellparlar\/","og_site_name":"Literatura SM Espa\u00f1a","article_modified_time":"2025-12-23T12:07:53+00:00","twitter_card":"summary_large_image","schema":{"@context":"https:\/\/schema.org","@graph":[{"@type":"WebPage","@id":"https:\/\/lij.ismeduca.com\/es\/producto\/els-pergamins-del-castell-de-bellparlar\/","url":"https:\/\/lij.ismeduca.com\/es\/producto\/els-pergamins-del-castell-de-bellparlar\/","name":"Els pergamins del castell de Bellparlar - Literatura SM Espa\u00f1a","isPartOf":{"@id":"https:\/\/lij.ismeduca.com\/es\/#website"},"primaryImageOfPage":{"@id":"https:\/\/lij.ismeduca.com\/es\/producto\/els-pergamins-del-castell-de-bellparlar\/#primaryimage"},"image":{"@id":"https:\/\/lij.ismeduca.com\/es\/producto\/els-pergamins-del-castell-de-bellparlar\/#primaryimage"},"thumbnailUrl":"https:\/\/lij.ismeduca.com\/es\/wp-content\/uploads\/sites\/10\/2025\/12\/19005.jpg","datePublished":"2024-11-13T17:09:47+00:00","dateModified":"2025-12-23T12:07:53+00:00","breadcrumb":{"@id":"https:\/\/lij.ismeduca.com\/es\/producto\/els-pergamins-del-castell-de-bellparlar\/#breadcrumb"},"inLanguage":"es","potentialAction":[{"@type":"ReadAction","target":["https:\/\/lij.ismeduca.com\/es\/producto\/els-pergamins-del-castell-de-bellparlar\/"]}]},{"@type":"ImageObject","inLanguage":"es","@id":"https:\/\/lij.ismeduca.com\/es\/producto\/els-pergamins-del-castell-de-bellparlar\/#primaryimage","url":"https:\/\/lij.ismeduca.com\/es\/wp-content\/uploads\/sites\/10\/2025\/12\/19005.jpg","contentUrl":"https:\/\/lij.ismeduca.com\/es\/wp-content\/uploads\/sites\/10\/2025\/12\/19005.jpg","width":600,"height":931},{"@type":"BreadcrumbList","@id":"https:\/\/lij.ismeduca.com\/es\/producto\/els-pergamins-del-castell-de-bellparlar\/#breadcrumb","itemListElement":[{"@type":"ListItem","position":1,"name":"Portada","item":"https:\/\/lij.ismeduca.com\/es\/"},{"@type":"ListItem","position":2,"name":"Tienda","item":"https:\/\/lij.ismeduca.com\/es\/tienda\/"},{"@type":"ListItem","position":3,"name":"Els pergamins del castell de Bellparlar"}]},{"@type":"WebSite","@id":"https:\/\/lij.ismeduca.com\/es\/#website","url":"https:\/\/lij.ismeduca.com\/es\/","name":"Literatura SM Espa\u00f1a","description":"","publisher":{"@id":"https:\/\/lij.ismeduca.com\/es\/#organization"},"potentialAction":[{"@type":"SearchAction","target":{"@type":"EntryPoint","urlTemplate":"https:\/\/lij.ismeduca.com\/es\/?s={search_term_string}"},"query-input":{"@type":"PropertyValueSpecification","valueRequired":true,"valueName":"search_term_string"}}],"inLanguage":"es"},{"@type":"Organization","@id":"https:\/\/lij.ismeduca.com\/es\/#organization","name":"Literatura SM Espa\u00f1a","url":"https:\/\/lij.ismeduca.com\/es\/","logo":{"@type":"ImageObject","inLanguage":"es","@id":"https:\/\/lij.ismeduca.com\/es\/#\/schema\/logo\/image\/","url":"https:\/\/lij.ismeduca.com\/es\/wp-content\/uploads\/sites\/10\/2024\/07\/logo-cabecera.png","contentUrl":"https:\/\/lij.ismeduca.com\/es\/wp-content\/uploads\/sites\/10\/2024\/07\/logo-cabecera.png","width":396,"height":64,"caption":"Literatura SM Espa\u00f1a"},"image":{"@id":"https:\/\/lij.ismeduca.com\/es\/#\/schema\/logo\/image\/"}}]}},"_links":{"self":[{"href":"https:\/\/lij.ismeduca.com\/es\/wp-json\/wp\/v2\/product\/19005","targetHints":{"allow":["GET"]}}],"collection":[{"href":"https:\/\/lij.ismeduca.com\/es\/wp-json\/wp\/v2\/product"}],"about":[{"href":"https:\/\/lij.ismeduca.com\/es\/wp-json\/wp\/v2\/types\/product"}],"version-history":[{"count":1,"href":"https:\/\/lij.ismeduca.com\/es\/wp-json\/wp\/v2\/product\/19005\/revisions"}],"predecessor-version":[{"id":34278,"href":"https:\/\/lij.ismeduca.com\/es\/wp-json\/wp\/v2\/product\/19005\/revisions\/34278"}],"wp:featuredmedia":[{"embeddable":true,"href":"https:\/\/lij.ismeduca.com\/es\/wp-json\/wp\/v2\/media\/37312"}],"wp:attachment":[{"href":"https:\/\/lij.ismeduca.com\/es\/wp-json\/wp\/v2\/media?parent=19005"}],"wp:term":[{"taxonomy":"product_brand","embeddable":true,"href":"https:\/\/lij.ismeduca.com\/es\/wp-json\/wp\/v2\/product_brand?post=19005"},{"taxonomy":"product_cat","embeddable":true,"href":"https:\/\/lij.ismeduca.com\/es\/wp-json\/wp\/v2\/product_cat?post=19005"},{"taxonomy":"product_tag","embeddable":true,"href":"https:\/\/lij.ismeduca.com\/es\/wp-json\/wp\/v2\/product_tag?post=19005"},{"taxonomy":"asignatura","embeddable":true,"href":"https:\/\/lij.ismeduca.com\/es\/wp-json\/wp\/v2\/asignatura?post=19005"},{"taxonomy":"compania","embeddable":true,"href":"https:\/\/lij.ismeduca.com\/es\/wp-json\/wp\/v2\/compania?post=19005"},{"taxonomy":"curso","embeddable":true,"href":"https:\/\/lij.ismeduca.com\/es\/wp-json\/wp\/v2\/curso?post=19005"},{"taxonomy":"idiomas","embeddable":true,"href":"https:\/\/lij.ismeduca.com\/es\/wp-json\/wp\/v2\/idiomas?post=19005"},{"taxonomy":"genero","embeddable":true,"href":"https:\/\/lij.ismeduca.com\/es\/wp-json\/wp\/v2\/genero?post=19005"},{"taxonomy":"linea","embeddable":true,"href":"https:\/\/lij.ismeduca.com\/es\/wp-json\/wp\/v2\/linea?post=19005"},{"taxonomy":"premio","embeddable":true,"href":"https:\/\/lij.ismeduca.com\/es\/wp-json\/wp\/v2\/premio?post=19005"},{"taxonomy":"proyecto-editorial","embeddable":true,"href":"https:\/\/lij.ismeduca.com\/es\/wp-json\/wp\/v2\/proyecto-editorial?post=19005"},{"taxonomy":"tipo-de-libro","embeddable":true,"href":"https:\/\/lij.ismeduca.com\/es\/wp-json\/wp\/v2\/tipo-de-libro?post=19005"},{"taxonomy":"soporte","embeddable":true,"href":"https:\/\/lij.ismeduca.com\/es\/wp-json\/wp\/v2\/soporte?post=19005"},{"taxonomy":"zona-geografica","embeddable":true,"href":"https:\/\/lij.ismeduca.com\/es\/wp-json\/wp\/v2\/zona-geografica?post=19005"},{"taxonomy":"autores","embeddable":true,"href":"https:\/\/lij.ismeduca.com\/es\/wp-json\/wp\/v2\/autores?post=19005"},{"taxonomy":"colecciones","embeddable":true,"href":"https:\/\/lij.ismeduca.com\/es\/wp-json\/wp\/v2\/colecciones?post=19005"},{"taxonomy":"personajes","embeddable":true,"href":"https:\/\/lij.ismeduca.com\/es\/wp-json\/wp\/v2\/personajes?post=19005"}],"curies":[{"name":"wp","href":"https:\/\/api.w.org\/{rel}","templated":true}]}}