{"id":19109,"date":"2024-10-17T00:00:00","date_gmt":"2024-11-13T17:14:47","guid":{"rendered":"https:\/\/lij.ismeduca.com\/es\/?post_type=product&#038;p=19109"},"modified":"2025-12-23T13:07:15","modified_gmt":"2025-12-23T12:07:15","slug":"moztruos-6-un-cumpleanos-de-miedo","status":"publish","type":"product","link":"https:\/\/lij.ismeduca.com\/es\/producto\/moztruos-6-un-cumpleanos-de-miedo\/","title":{"rendered":"Moztruos 6: Un cumplea\u00f1os de miedo"},"content":{"rendered":"","protected":false},"excerpt":{"rendered":"<p>Es el cumple de Lila,&nbsp;y ha organizado una fiesta fant\u00e1stica con todos sus amigos. Los&nbsp;moztruos est\u00e1n emocionados, \u00a1qu\u00e9 divertido!,&nbsp;hasta que se enteran\u2026 \u00a1de que no han sido invitados!&nbsp;Mumus organiza entonces su propia celebraci\u00f3n,\u00a1un cumplea\u00f1os terror\u00edfico!<\/p>\n","protected":false},"featured_media":35854,"template":"","meta":{"_acf_changed":false,"inline_featured_image":false},"product_brand":[],"product_cat":[4694],"product_tag":[268,1992,262,362,599,259,310,1194,921,1036,1925,700,441,2058,354,696,1417,315],"asignatura":[],"compania":[252],"curso":[],"idiomas":[1948],"genero":[256],"linea":[250],"premio":[],"proyecto-editorial":[323],"tipo-de-libro":[249],"soporte":[2004],"zona-geografica":[],"autores":[2716,4439,4220],"colecciones":[2181],"personajes":[2081],"class_list":{"0":"post-19109","1":"product","2":"type-product","3":"status-publish","4":"has-post-thumbnail","6":"product_cat-moztruos","7":"product_tag-amistad","8":"product_tag-bibliotecas-escolares","9":"product_tag-comportamiento-social","10":"product_tag-creatividad","11":"product_tag-curiosidad","12":"product_tag-emociones","13":"product_tag-fantasmas","14":"product_tag-fiestas-de-cumpleanos","15":"product_tag-generosidad","16":"product_tag-juegos-tradicionales","17":"product_tag-libros-juveniles","18":"product_tag-mente-abierta","19":"product_tag-monstruos","20":"product_tag-ntx","21":"product_tag-trabajo-en-equipo","22":"product_tag-vampiros","23":"product_tag-vida-cotidiana","24":"product_tag-vida-escolar","25":"pa_codigo-sap-ntx","26":"compania-f-sta-maria-ediciones-sm-es","27":"idiomas-espanol","28":"genero-humor","29":"linea-narrativa","30":"proyecto-editorial-6-12","31":"tipo-de-libro-fisico","32":"soporte-libro","33":"autores-black-ramu","34":"autores-paloma-muina-merino","35":"autores-pedro-manas-romero","36":"colecciones-moztruos","37":"personajes-moztruos","39":"first","40":"instock","41":"taxable","42":"shipping-taxable","43":"purchasable","44":"product-type-simple"},"acf":{"id_catalogo":"650","shortTitle":"MOZ.6 UN CUMPLEA\u00d1OS DE MIEDO","descripcion":"<p>Es el cumple de Lila,&nbsp;y ha organizado una fiesta fant\u00e1stica con todos sus amigos. Los&nbsp;moztruos est\u00e1n emocionados, \u00a1qu\u00e9 divertido!,&nbsp;hasta que se enteran\u2026 \u00a1de que no han sido invitados!&nbsp;Mumus organiza entonces su propia celebraci\u00f3n,\u00a1un cumplea\u00f1os terror\u00edfico!<\/p>","adjuntos":null,"descriptivePhrases":[{"type":"General","text":"Sexta aventura de Moztruos y el primer gran enfado de esta peculiar pandilla de amigos."}],"productSap":"NTX","isbn":"9788411822749","precio_colegios":10.53,"precio_librerias":10.53,"precio_librerias_sin_cobertura":10.53,"precio_distribuidores":10.53,"fecha_disponibilidad":null,"fecha_comercial":"20241017","organizacion_venta":"","datos_para_buscador":"Black Ramu, Paloma Mui\u00f1a Merino, Moztruos, Pedro Ma\u00f1as Romero, Moztruos, Moztruos, "},"yoast_head":"<!-- This site is optimized with the Yoast SEO plugin v26.6 - https:\/\/yoast.com\/wordpress\/plugins\/seo\/ -->\n<title>Moztruos 6: Un cumplea\u00f1os de miedo - Literatura SM Espa\u00f1a<\/title>\n<meta name=\"robots\" content=\"noindex, follow, max-snippet:-1, max-image-preview:large, max-video-preview:-1\" \/>\n<meta property=\"og:locale\" content=\"es_ES\" \/>\n<meta property=\"og:type\" content=\"article\" \/>\n<meta property=\"og:title\" content=\"Moztruos 6: Un cumplea\u00f1os de miedo - Literatura SM Espa\u00f1a\" \/>\n<meta property=\"og:url\" content=\"https:\/\/lij.ismeduca.com\/es\/producto\/moztruos-6-un-cumpleanos-de-miedo\/\" \/>\n<meta property=\"og:site_name\" content=\"Literatura SM Espa\u00f1a\" \/>\n<meta property=\"article:modified_time\" content=\"2025-12-23T12:07:15+00:00\" \/>\n<meta name=\"twitter:card\" content=\"summary_large_image\" \/>\n<script type=\"application\/ld+json\" class=\"yoast-schema-graph\">{\"@context\":\"https:\/\/schema.org\",\"@graph\":[{\"@type\":\"WebPage\",\"@id\":\"https:\/\/lij.ismeduca.com\/es\/producto\/moztruos-6-un-cumpleanos-de-miedo\/\",\"url\":\"https:\/\/lij.ismeduca.com\/es\/producto\/moztruos-6-un-cumpleanos-de-miedo\/\",\"name\":\"Moztruos 6: Un cumplea\u00f1os de miedo - Literatura SM Espa\u00f1a\",\"isPartOf\":{\"@id\":\"https:\/\/lij.ismeduca.com\/es\/#website\"},\"primaryImageOfPage\":{\"@id\":\"https:\/\/lij.ismeduca.com\/es\/producto\/moztruos-6-un-cumpleanos-de-miedo\/#primaryimage\"},\"image\":{\"@id\":\"https:\/\/lij.ismeduca.com\/es\/producto\/moztruos-6-un-cumpleanos-de-miedo\/#primaryimage\"},\"thumbnailUrl\":\"https:\/\/lij.ismeduca.com\/es\/wp-content\/uploads\/sites\/10\/2025\/12\/19109.jpg\",\"datePublished\":\"2024-11-13T17:14:47+00:00\",\"dateModified\":\"2025-12-23T12:07:15+00:00\",\"breadcrumb\":{\"@id\":\"https:\/\/lij.ismeduca.com\/es\/producto\/moztruos-6-un-cumpleanos-de-miedo\/#breadcrumb\"},\"inLanguage\":\"es\",\"potentialAction\":[{\"@type\":\"ReadAction\",\"target\":[\"https:\/\/lij.ismeduca.com\/es\/producto\/moztruos-6-un-cumpleanos-de-miedo\/\"]}]},{\"@type\":\"ImageObject\",\"inLanguage\":\"es\",\"@id\":\"https:\/\/lij.ismeduca.com\/es\/producto\/moztruos-6-un-cumpleanos-de-miedo\/#primaryimage\",\"url\":\"https:\/\/lij.ismeduca.com\/es\/wp-content\/uploads\/sites\/10\/2025\/12\/19109.jpg\",\"contentUrl\":\"https:\/\/lij.ismeduca.com\/es\/wp-content\/uploads\/sites\/10\/2025\/12\/19109.jpg\",\"width\":600,\"height\":877},{\"@type\":\"BreadcrumbList\",\"@id\":\"https:\/\/lij.ismeduca.com\/es\/producto\/moztruos-6-un-cumpleanos-de-miedo\/#breadcrumb\",\"itemListElement\":[{\"@type\":\"ListItem\",\"position\":1,\"name\":\"Portada\",\"item\":\"https:\/\/lij.ismeduca.com\/es\/\"},{\"@type\":\"ListItem\",\"position\":2,\"name\":\"Tienda\",\"item\":\"https:\/\/lij.ismeduca.com\/es\/tienda\/\"},{\"@type\":\"ListItem\",\"position\":3,\"name\":\"Moztruos 6: Un cumplea\u00f1os de miedo\"}]},{\"@type\":\"WebSite\",\"@id\":\"https:\/\/lij.ismeduca.com\/es\/#website\",\"url\":\"https:\/\/lij.ismeduca.com\/es\/\",\"name\":\"Literatura SM Espa\u00f1a\",\"description\":\"\",\"publisher\":{\"@id\":\"https:\/\/lij.ismeduca.com\/es\/#organization\"},\"potentialAction\":[{\"@type\":\"SearchAction\",\"target\":{\"@type\":\"EntryPoint\",\"urlTemplate\":\"https:\/\/lij.ismeduca.com\/es\/?s={search_term_string}\"},\"query-input\":{\"@type\":\"PropertyValueSpecification\",\"valueRequired\":true,\"valueName\":\"search_term_string\"}}],\"inLanguage\":\"es\"},{\"@type\":\"Organization\",\"@id\":\"https:\/\/lij.ismeduca.com\/es\/#organization\",\"name\":\"Literatura SM Espa\u00f1a\",\"url\":\"https:\/\/lij.ismeduca.com\/es\/\",\"logo\":{\"@type\":\"ImageObject\",\"inLanguage\":\"es\",\"@id\":\"https:\/\/lij.ismeduca.com\/es\/#\/schema\/logo\/image\/\",\"url\":\"https:\/\/lij.ismeduca.com\/es\/wp-content\/uploads\/sites\/10\/2024\/07\/logo-cabecera.png\",\"contentUrl\":\"https:\/\/lij.ismeduca.com\/es\/wp-content\/uploads\/sites\/10\/2024\/07\/logo-cabecera.png\",\"width\":396,\"height\":64,\"caption\":\"Literatura SM Espa\u00f1a\"},\"image\":{\"@id\":\"https:\/\/lij.ismeduca.com\/es\/#\/schema\/logo\/image\/\"}}]}<\/script>\n<!-- \/ Yoast SEO plugin. -->","yoast_head_json":{"title":"Moztruos 6: Un cumplea\u00f1os de miedo - Literatura SM Espa\u00f1a","robots":{"index":"noindex","follow":"follow","max-snippet":"max-snippet:-1","max-image-preview":"max-image-preview:large","max-video-preview":"max-video-preview:-1"},"og_locale":"es_ES","og_type":"article","og_title":"Moztruos 6: Un cumplea\u00f1os de miedo - Literatura SM Espa\u00f1a","og_url":"https:\/\/lij.ismeduca.com\/es\/producto\/moztruos-6-un-cumpleanos-de-miedo\/","og_site_name":"Literatura SM Espa\u00f1a","article_modified_time":"2025-12-23T12:07:15+00:00","twitter_card":"summary_large_image","schema":{"@context":"https:\/\/schema.org","@graph":[{"@type":"WebPage","@id":"https:\/\/lij.ismeduca.com\/es\/producto\/moztruos-6-un-cumpleanos-de-miedo\/","url":"https:\/\/lij.ismeduca.com\/es\/producto\/moztruos-6-un-cumpleanos-de-miedo\/","name":"Moztruos 6: Un cumplea\u00f1os de miedo - Literatura SM Espa\u00f1a","isPartOf":{"@id":"https:\/\/lij.ismeduca.com\/es\/#website"},"primaryImageOfPage":{"@id":"https:\/\/lij.ismeduca.com\/es\/producto\/moztruos-6-un-cumpleanos-de-miedo\/#primaryimage"},"image":{"@id":"https:\/\/lij.ismeduca.com\/es\/producto\/moztruos-6-un-cumpleanos-de-miedo\/#primaryimage"},"thumbnailUrl":"https:\/\/lij.ismeduca.com\/es\/wp-content\/uploads\/sites\/10\/2025\/12\/19109.jpg","datePublished":"2024-11-13T17:14:47+00:00","dateModified":"2025-12-23T12:07:15+00:00","breadcrumb":{"@id":"https:\/\/lij.ismeduca.com\/es\/producto\/moztruos-6-un-cumpleanos-de-miedo\/#breadcrumb"},"inLanguage":"es","potentialAction":[{"@type":"ReadAction","target":["https:\/\/lij.ismeduca.com\/es\/producto\/moztruos-6-un-cumpleanos-de-miedo\/"]}]},{"@type":"ImageObject","inLanguage":"es","@id":"https:\/\/lij.ismeduca.com\/es\/producto\/moztruos-6-un-cumpleanos-de-miedo\/#primaryimage","url":"https:\/\/lij.ismeduca.com\/es\/wp-content\/uploads\/sites\/10\/2025\/12\/19109.jpg","contentUrl":"https:\/\/lij.ismeduca.com\/es\/wp-content\/uploads\/sites\/10\/2025\/12\/19109.jpg","width":600,"height":877},{"@type":"BreadcrumbList","@id":"https:\/\/lij.ismeduca.com\/es\/producto\/moztruos-6-un-cumpleanos-de-miedo\/#breadcrumb","itemListElement":[{"@type":"ListItem","position":1,"name":"Portada","item":"https:\/\/lij.ismeduca.com\/es\/"},{"@type":"ListItem","position":2,"name":"Tienda","item":"https:\/\/lij.ismeduca.com\/es\/tienda\/"},{"@type":"ListItem","position":3,"name":"Moztruos 6: Un cumplea\u00f1os de miedo"}]},{"@type":"WebSite","@id":"https:\/\/lij.ismeduca.com\/es\/#website","url":"https:\/\/lij.ismeduca.com\/es\/","name":"Literatura SM Espa\u00f1a","description":"","publisher":{"@id":"https:\/\/lij.ismeduca.com\/es\/#organization"},"potentialAction":[{"@type":"SearchAction","target":{"@type":"EntryPoint","urlTemplate":"https:\/\/lij.ismeduca.com\/es\/?s={search_term_string}"},"query-input":{"@type":"PropertyValueSpecification","valueRequired":true,"valueName":"search_term_string"}}],"inLanguage":"es"},{"@type":"Organization","@id":"https:\/\/lij.ismeduca.com\/es\/#organization","name":"Literatura SM Espa\u00f1a","url":"https:\/\/lij.ismeduca.com\/es\/","logo":{"@type":"ImageObject","inLanguage":"es","@id":"https:\/\/lij.ismeduca.com\/es\/#\/schema\/logo\/image\/","url":"https:\/\/lij.ismeduca.com\/es\/wp-content\/uploads\/sites\/10\/2024\/07\/logo-cabecera.png","contentUrl":"https:\/\/lij.ismeduca.com\/es\/wp-content\/uploads\/sites\/10\/2024\/07\/logo-cabecera.png","width":396,"height":64,"caption":"Literatura SM Espa\u00f1a"},"image":{"@id":"https:\/\/lij.ismeduca.com\/es\/#\/schema\/logo\/image\/"}}]}},"_links":{"self":[{"href":"https:\/\/lij.ismeduca.com\/es\/wp-json\/wp\/v2\/product\/19109","targetHints":{"allow":["GET"]}}],"collection":[{"href":"https:\/\/lij.ismeduca.com\/es\/wp-json\/wp\/v2\/product"}],"about":[{"href":"https:\/\/lij.ismeduca.com\/es\/wp-json\/wp\/v2\/types\/product"}],"version-history":[{"count":1,"href":"https:\/\/lij.ismeduca.com\/es\/wp-json\/wp\/v2\/product\/19109\/revisions"}],"predecessor-version":[{"id":33081,"href":"https:\/\/lij.ismeduca.com\/es\/wp-json\/wp\/v2\/product\/19109\/revisions\/33081"}],"wp:featuredmedia":[{"embeddable":true,"href":"https:\/\/lij.ismeduca.com\/es\/wp-json\/wp\/v2\/media\/35854"}],"wp:attachment":[{"href":"https:\/\/lij.ismeduca.com\/es\/wp-json\/wp\/v2\/media?parent=19109"}],"wp:term":[{"taxonomy":"product_brand","embeddable":true,"href":"https:\/\/lij.ismeduca.com\/es\/wp-json\/wp\/v2\/product_brand?post=19109"},{"taxonomy":"product_cat","embeddable":true,"href":"https:\/\/lij.ismeduca.com\/es\/wp-json\/wp\/v2\/product_cat?post=19109"},{"taxonomy":"product_tag","embeddable":true,"href":"https:\/\/lij.ismeduca.com\/es\/wp-json\/wp\/v2\/product_tag?post=19109"},{"taxonomy":"asignatura","embeddable":true,"href":"https:\/\/lij.ismeduca.com\/es\/wp-json\/wp\/v2\/asignatura?post=19109"},{"taxonomy":"compania","embeddable":true,"href":"https:\/\/lij.ismeduca.com\/es\/wp-json\/wp\/v2\/compania?post=19109"},{"taxonomy":"curso","embeddable":true,"href":"https:\/\/lij.ismeduca.com\/es\/wp-json\/wp\/v2\/curso?post=19109"},{"taxonomy":"idiomas","embeddable":true,"href":"https:\/\/lij.ismeduca.com\/es\/wp-json\/wp\/v2\/idiomas?post=19109"},{"taxonomy":"genero","embeddable":true,"href":"https:\/\/lij.ismeduca.com\/es\/wp-json\/wp\/v2\/genero?post=19109"},{"taxonomy":"linea","embeddable":true,"href":"https:\/\/lij.ismeduca.com\/es\/wp-json\/wp\/v2\/linea?post=19109"},{"taxonomy":"premio","embeddable":true,"href":"https:\/\/lij.ismeduca.com\/es\/wp-json\/wp\/v2\/premio?post=19109"},{"taxonomy":"proyecto-editorial","embeddable":true,"href":"https:\/\/lij.ismeduca.com\/es\/wp-json\/wp\/v2\/proyecto-editorial?post=19109"},{"taxonomy":"tipo-de-libro","embeddable":true,"href":"https:\/\/lij.ismeduca.com\/es\/wp-json\/wp\/v2\/tipo-de-libro?post=19109"},{"taxonomy":"soporte","embeddable":true,"href":"https:\/\/lij.ismeduca.com\/es\/wp-json\/wp\/v2\/soporte?post=19109"},{"taxonomy":"zona-geografica","embeddable":true,"href":"https:\/\/lij.ismeduca.com\/es\/wp-json\/wp\/v2\/zona-geografica?post=19109"},{"taxonomy":"autores","embeddable":true,"href":"https:\/\/lij.ismeduca.com\/es\/wp-json\/wp\/v2\/autores?post=19109"},{"taxonomy":"colecciones","embeddable":true,"href":"https:\/\/lij.ismeduca.com\/es\/wp-json\/wp\/v2\/colecciones?post=19109"},{"taxonomy":"personajes","embeddable":true,"href":"https:\/\/lij.ismeduca.com\/es\/wp-json\/wp\/v2\/personajes?post=19109"}],"curies":[{"name":"wp","href":"https:\/\/api.w.org\/{rel}","templated":true}]}}