{"id":1926,"date":"2019-05-16T00:00:00","date_gmt":"2024-07-11T09:29:57","guid":{"rendered":"https:\/\/lij.ismeduca.com\/tienda\/?post_type=product&#038;p=1926"},"modified":"2025-12-23T12:47:42","modified_gmt":"2025-12-23T11:47:42","slug":"primos-s-a-2-enigma-en-el-puente-del-naranjo","status":"publish","type":"product","link":"https:\/\/lij.ismeduca.com\/es\/producto\/primos-s-a-2-enigma-en-el-puente-del-naranjo\/","title":{"rendered":"Primos S.A. 2: Enigma en el puente del Naranjo"},"content":{"rendered":"","protected":false},"excerpt":{"rendered":"<p>Segunda aventura de Primos S. A., la mejor agencia de detectives del mundo.<\/p>\n<p>Los cinco primos se han reunido de nuevo para pasar unas vacaciones de lo m&aacute;s divertidas. Pero, nada m&aacute;s llegar, se encuentran con el misterioso robo de unos corderos. Y un bosque lleno de piedras brillantes. Y marcas extra&ntilde;as que aparecen en los edificios del pueblo. &iexcl;Incluso fotos que cambian de un d&iacute;a para otro!<\/p>\n<p>&iquest;Qu&eacute; misterios esconde este nuevo caso?<\/p>\n","protected":false},"featured_media":36510,"template":"","meta":{"_acf_changed":false,"inline_featured_image":false},"product_brand":[],"product_cat":[4735],"product_tag":[270,367,297,981,2058,1196],"asignatura":[],"compania":[252],"curso":[],"idiomas":[1948],"genero":[957],"linea":[250],"premio":[],"proyecto-editorial":[251],"tipo-de-libro":[249],"soporte":[2004],"zona-geografica":[],"autores":[4014,4289,4439],"colecciones":[2302],"personajes":[2121],"class_list":{"0":"post-1926","1":"product","2":"type-product","3":"status-publish","4":"has-post-thumbnail","6":"product_cat-primos-s-a","7":"product_tag-animales","8":"product_tag-libro-interactivo","9":"product_tag-literatura-de-aventuras","10":"product_tag-literatura-de-misterio","11":"product_tag-ntx","12":"product_tag-robos","13":"pa_codigo-sap-ntx","14":"compania-f-sta-maria-ediciones-sm-es","15":"idiomas-espanol","16":"genero-misterio","17":"linea-narrativa","18":"proyecto-editorial-fondo-general","19":"tipo-de-libro-fisico","20":"soporte-libro","21":"autores-claudia-ranucci","22":"autores-maria-menendez-ponte","23":"autores-paloma-muina-merino","24":"colecciones-primos-s-a","25":"personajes-primos-s-a","27":"first","28":"instock","29":"taxable","30":"shipping-taxable","31":"purchasable","32":"product-type-simple"},"acf":{"id_catalogo":"650","shortTitle":"PR.2 ENIGMA EN EL PUENTE DEL NARANJO","descripcion":"<p>Segunda aventura de Primos S. A., la mejor agencia de detectives del mundo.<\/p>\n\n<p>Los cinco primos se han reunido de nuevo para pasar unas vacaciones de lo m&aacute;s divertidas. Pero, nada m&aacute;s llegar, se encuentran con el misterioso robo de unos corderos. Y un bosque lleno de piedras brillantes. Y marcas extra&ntilde;as que aparecen en los edificios del pueblo. &iexcl;Incluso fotos que cambian de un d&iacute;a para otro!<\/p>\n\n<p>&iquest;Qu&eacute; misterios esconde este nuevo caso?<\/p>\n","adjuntos":[{"id":"20","titulo":"Ficha del alumno","url":"https:\/\/catalogo.noe-sm.com\/medias\/192076-recur-001-004-alu-savia.pdf?context=bWFzdGVyfHJvb3R8MzE5MjI0NXxhcHBsaWNhdGlvbi9wZGZ8aDIxL2hkYS84ODg5NzgwNjY2Mzk4LnBkZnwzMTI4ZTAyODNiZjhlODA0YTM1ZTU1ZDEzOWVkNjA4M2FjMjdkNTViMWQwNTg4NDllZjY4YzQ2OGMzYTZiNTA3"},{"id":"21","titulo":"Ficha del profesor","url":"https:\/\/catalogo.noe-sm.com\/medias\/192076-recur-001-001-pro-savia.pdf?context=bWFzdGVyfHJvb3R8ODQ2ODU5fGFwcGxpY2F0aW9uL3BkZnxoZDEvaDVmLzg4ODk3ODA3MzE5MzQucGRmfDkwNGJkYTQzNjI1ZjYwYjZkYTUxZjJiYmY0NmRiNjJmZmQ1N2VkNGNlZTJjNzQ2ZDg3MzA3ZjZlYjYxNmM5Njk"}],"descriptivePhrases":[{"type":"General","text":"Un nuevo caso para Primos S. A. y un mont\u00f3n de pistas que los propios lectores tendr\u00e1n que resolver"}],"productSap":"NTX","isbn":"9788491824541","precio_colegios":12.45,"precio_librerias":12.45,"precio_librerias_sin_cobertura":12.45,"precio_distribuidores":12.45,"fecha_disponibilidad":null,"fecha_comercial":"20190516","organizacion_venta":"CS01","datos_para_buscador":"Claudia Ranucci, Paloma Mui\u00f1a Merino, Primos S.A., Mar\u00eda Men\u00e9ndez-Ponte, Primos S.A., Primos S. A., "},"yoast_head":"<!-- This site is optimized with the Yoast SEO plugin v26.6 - https:\/\/yoast.com\/wordpress\/plugins\/seo\/ -->\n<title>Primos S.A. 2: Enigma en el puente del Naranjo - Literatura SM Espa\u00f1a<\/title>\n<meta name=\"robots\" content=\"noindex, follow, max-snippet:-1, max-image-preview:large, max-video-preview:-1\" \/>\n<meta property=\"og:locale\" content=\"es_ES\" \/>\n<meta property=\"og:type\" content=\"article\" \/>\n<meta property=\"og:title\" content=\"Primos S.A. 2: Enigma en el puente del Naranjo - Literatura SM Espa\u00f1a\" \/>\n<meta property=\"og:url\" content=\"https:\/\/lij.ismeduca.com\/es\/producto\/primos-s-a-2-enigma-en-el-puente-del-naranjo\/\" \/>\n<meta property=\"og:site_name\" content=\"Literatura SM Espa\u00f1a\" \/>\n<meta property=\"article:modified_time\" content=\"2025-12-23T11:47:42+00:00\" \/>\n<meta name=\"twitter:card\" content=\"summary_large_image\" \/>\n<script type=\"application\/ld+json\" class=\"yoast-schema-graph\">{\"@context\":\"https:\/\/schema.org\",\"@graph\":[{\"@type\":\"WebPage\",\"@id\":\"https:\/\/lij.ismeduca.com\/es\/producto\/primos-s-a-2-enigma-en-el-puente-del-naranjo\/\",\"url\":\"https:\/\/lij.ismeduca.com\/es\/producto\/primos-s-a-2-enigma-en-el-puente-del-naranjo\/\",\"name\":\"Primos S.A. 2: Enigma en el puente del Naranjo - Literatura SM Espa\u00f1a\",\"isPartOf\":{\"@id\":\"https:\/\/lij.ismeduca.com\/es\/#website\"},\"primaryImageOfPage\":{\"@id\":\"https:\/\/lij.ismeduca.com\/es\/producto\/primos-s-a-2-enigma-en-el-puente-del-naranjo\/#primaryimage\"},\"image\":{\"@id\":\"https:\/\/lij.ismeduca.com\/es\/producto\/primos-s-a-2-enigma-en-el-puente-del-naranjo\/#primaryimage\"},\"thumbnailUrl\":\"https:\/\/lij.ismeduca.com\/es\/wp-content\/uploads\/sites\/10\/2025\/12\/1926.jpg\",\"datePublished\":\"2024-07-11T09:29:57+00:00\",\"dateModified\":\"2025-12-23T11:47:42+00:00\",\"breadcrumb\":{\"@id\":\"https:\/\/lij.ismeduca.com\/es\/producto\/primos-s-a-2-enigma-en-el-puente-del-naranjo\/#breadcrumb\"},\"inLanguage\":\"es\",\"potentialAction\":[{\"@type\":\"ReadAction\",\"target\":[\"https:\/\/lij.ismeduca.com\/es\/producto\/primos-s-a-2-enigma-en-el-puente-del-naranjo\/\"]}]},{\"@type\":\"ImageObject\",\"inLanguage\":\"es\",\"@id\":\"https:\/\/lij.ismeduca.com\/es\/producto\/primos-s-a-2-enigma-en-el-puente-del-naranjo\/#primaryimage\",\"url\":\"https:\/\/lij.ismeduca.com\/es\/wp-content\/uploads\/sites\/10\/2025\/12\/1926.jpg\",\"contentUrl\":\"https:\/\/lij.ismeduca.com\/es\/wp-content\/uploads\/sites\/10\/2025\/12\/1926.jpg\",\"width\":600,\"height\":840},{\"@type\":\"BreadcrumbList\",\"@id\":\"https:\/\/lij.ismeduca.com\/es\/producto\/primos-s-a-2-enigma-en-el-puente-del-naranjo\/#breadcrumb\",\"itemListElement\":[{\"@type\":\"ListItem\",\"position\":1,\"name\":\"Portada\",\"item\":\"https:\/\/lij.ismeduca.com\/es\/\"},{\"@type\":\"ListItem\",\"position\":2,\"name\":\"Tienda\",\"item\":\"https:\/\/lij.ismeduca.com\/es\/tienda\/\"},{\"@type\":\"ListItem\",\"position\":3,\"name\":\"Primos S.A. 2: Enigma en el puente del Naranjo\"}]},{\"@type\":\"WebSite\",\"@id\":\"https:\/\/lij.ismeduca.com\/es\/#website\",\"url\":\"https:\/\/lij.ismeduca.com\/es\/\",\"name\":\"Literatura SM Espa\u00f1a\",\"description\":\"\",\"publisher\":{\"@id\":\"https:\/\/lij.ismeduca.com\/es\/#organization\"},\"potentialAction\":[{\"@type\":\"SearchAction\",\"target\":{\"@type\":\"EntryPoint\",\"urlTemplate\":\"https:\/\/lij.ismeduca.com\/es\/?s={search_term_string}\"},\"query-input\":{\"@type\":\"PropertyValueSpecification\",\"valueRequired\":true,\"valueName\":\"search_term_string\"}}],\"inLanguage\":\"es\"},{\"@type\":\"Organization\",\"@id\":\"https:\/\/lij.ismeduca.com\/es\/#organization\",\"name\":\"Literatura SM Espa\u00f1a\",\"url\":\"https:\/\/lij.ismeduca.com\/es\/\",\"logo\":{\"@type\":\"ImageObject\",\"inLanguage\":\"es\",\"@id\":\"https:\/\/lij.ismeduca.com\/es\/#\/schema\/logo\/image\/\",\"url\":\"https:\/\/lij.ismeduca.com\/es\/wp-content\/uploads\/sites\/10\/2024\/07\/logo-cabecera.png\",\"contentUrl\":\"https:\/\/lij.ismeduca.com\/es\/wp-content\/uploads\/sites\/10\/2024\/07\/logo-cabecera.png\",\"width\":396,\"height\":64,\"caption\":\"Literatura SM Espa\u00f1a\"},\"image\":{\"@id\":\"https:\/\/lij.ismeduca.com\/es\/#\/schema\/logo\/image\/\"}}]}<\/script>\n<!-- \/ Yoast SEO plugin. -->","yoast_head_json":{"title":"Primos S.A. 2: Enigma en el puente del Naranjo - Literatura SM Espa\u00f1a","robots":{"index":"noindex","follow":"follow","max-snippet":"max-snippet:-1","max-image-preview":"max-image-preview:large","max-video-preview":"max-video-preview:-1"},"og_locale":"es_ES","og_type":"article","og_title":"Primos S.A. 2: Enigma en el puente del Naranjo - Literatura SM Espa\u00f1a","og_url":"https:\/\/lij.ismeduca.com\/es\/producto\/primos-s-a-2-enigma-en-el-puente-del-naranjo\/","og_site_name":"Literatura SM Espa\u00f1a","article_modified_time":"2025-12-23T11:47:42+00:00","twitter_card":"summary_large_image","schema":{"@context":"https:\/\/schema.org","@graph":[{"@type":"WebPage","@id":"https:\/\/lij.ismeduca.com\/es\/producto\/primos-s-a-2-enigma-en-el-puente-del-naranjo\/","url":"https:\/\/lij.ismeduca.com\/es\/producto\/primos-s-a-2-enigma-en-el-puente-del-naranjo\/","name":"Primos S.A. 2: Enigma en el puente del Naranjo - Literatura SM Espa\u00f1a","isPartOf":{"@id":"https:\/\/lij.ismeduca.com\/es\/#website"},"primaryImageOfPage":{"@id":"https:\/\/lij.ismeduca.com\/es\/producto\/primos-s-a-2-enigma-en-el-puente-del-naranjo\/#primaryimage"},"image":{"@id":"https:\/\/lij.ismeduca.com\/es\/producto\/primos-s-a-2-enigma-en-el-puente-del-naranjo\/#primaryimage"},"thumbnailUrl":"https:\/\/lij.ismeduca.com\/es\/wp-content\/uploads\/sites\/10\/2025\/12\/1926.jpg","datePublished":"2024-07-11T09:29:57+00:00","dateModified":"2025-12-23T11:47:42+00:00","breadcrumb":{"@id":"https:\/\/lij.ismeduca.com\/es\/producto\/primos-s-a-2-enigma-en-el-puente-del-naranjo\/#breadcrumb"},"inLanguage":"es","potentialAction":[{"@type":"ReadAction","target":["https:\/\/lij.ismeduca.com\/es\/producto\/primos-s-a-2-enigma-en-el-puente-del-naranjo\/"]}]},{"@type":"ImageObject","inLanguage":"es","@id":"https:\/\/lij.ismeduca.com\/es\/producto\/primos-s-a-2-enigma-en-el-puente-del-naranjo\/#primaryimage","url":"https:\/\/lij.ismeduca.com\/es\/wp-content\/uploads\/sites\/10\/2025\/12\/1926.jpg","contentUrl":"https:\/\/lij.ismeduca.com\/es\/wp-content\/uploads\/sites\/10\/2025\/12\/1926.jpg","width":600,"height":840},{"@type":"BreadcrumbList","@id":"https:\/\/lij.ismeduca.com\/es\/producto\/primos-s-a-2-enigma-en-el-puente-del-naranjo\/#breadcrumb","itemListElement":[{"@type":"ListItem","position":1,"name":"Portada","item":"https:\/\/lij.ismeduca.com\/es\/"},{"@type":"ListItem","position":2,"name":"Tienda","item":"https:\/\/lij.ismeduca.com\/es\/tienda\/"},{"@type":"ListItem","position":3,"name":"Primos S.A. 2: Enigma en el puente del Naranjo"}]},{"@type":"WebSite","@id":"https:\/\/lij.ismeduca.com\/es\/#website","url":"https:\/\/lij.ismeduca.com\/es\/","name":"Literatura SM Espa\u00f1a","description":"","publisher":{"@id":"https:\/\/lij.ismeduca.com\/es\/#organization"},"potentialAction":[{"@type":"SearchAction","target":{"@type":"EntryPoint","urlTemplate":"https:\/\/lij.ismeduca.com\/es\/?s={search_term_string}"},"query-input":{"@type":"PropertyValueSpecification","valueRequired":true,"valueName":"search_term_string"}}],"inLanguage":"es"},{"@type":"Organization","@id":"https:\/\/lij.ismeduca.com\/es\/#organization","name":"Literatura SM Espa\u00f1a","url":"https:\/\/lij.ismeduca.com\/es\/","logo":{"@type":"ImageObject","inLanguage":"es","@id":"https:\/\/lij.ismeduca.com\/es\/#\/schema\/logo\/image\/","url":"https:\/\/lij.ismeduca.com\/es\/wp-content\/uploads\/sites\/10\/2024\/07\/logo-cabecera.png","contentUrl":"https:\/\/lij.ismeduca.com\/es\/wp-content\/uploads\/sites\/10\/2024\/07\/logo-cabecera.png","width":396,"height":64,"caption":"Literatura SM Espa\u00f1a"},"image":{"@id":"https:\/\/lij.ismeduca.com\/es\/#\/schema\/logo\/image\/"}}]}},"_links":{"self":[{"href":"https:\/\/lij.ismeduca.com\/es\/wp-json\/wp\/v2\/product\/1926","targetHints":{"allow":["GET"]}}],"collection":[{"href":"https:\/\/lij.ismeduca.com\/es\/wp-json\/wp\/v2\/product"}],"about":[{"href":"https:\/\/lij.ismeduca.com\/es\/wp-json\/wp\/v2\/types\/product"}],"version-history":[{"count":1,"href":"https:\/\/lij.ismeduca.com\/es\/wp-json\/wp\/v2\/product\/1926\/revisions"}],"predecessor-version":[{"id":30313,"href":"https:\/\/lij.ismeduca.com\/es\/wp-json\/wp\/v2\/product\/1926\/revisions\/30313"}],"wp:featuredmedia":[{"embeddable":true,"href":"https:\/\/lij.ismeduca.com\/es\/wp-json\/wp\/v2\/media\/36510"}],"wp:attachment":[{"href":"https:\/\/lij.ismeduca.com\/es\/wp-json\/wp\/v2\/media?parent=1926"}],"wp:term":[{"taxonomy":"product_brand","embeddable":true,"href":"https:\/\/lij.ismeduca.com\/es\/wp-json\/wp\/v2\/product_brand?post=1926"},{"taxonomy":"product_cat","embeddable":true,"href":"https:\/\/lij.ismeduca.com\/es\/wp-json\/wp\/v2\/product_cat?post=1926"},{"taxonomy":"product_tag","embeddable":true,"href":"https:\/\/lij.ismeduca.com\/es\/wp-json\/wp\/v2\/product_tag?post=1926"},{"taxonomy":"asignatura","embeddable":true,"href":"https:\/\/lij.ismeduca.com\/es\/wp-json\/wp\/v2\/asignatura?post=1926"},{"taxonomy":"compania","embeddable":true,"href":"https:\/\/lij.ismeduca.com\/es\/wp-json\/wp\/v2\/compania?post=1926"},{"taxonomy":"curso","embeddable":true,"href":"https:\/\/lij.ismeduca.com\/es\/wp-json\/wp\/v2\/curso?post=1926"},{"taxonomy":"idiomas","embeddable":true,"href":"https:\/\/lij.ismeduca.com\/es\/wp-json\/wp\/v2\/idiomas?post=1926"},{"taxonomy":"genero","embeddable":true,"href":"https:\/\/lij.ismeduca.com\/es\/wp-json\/wp\/v2\/genero?post=1926"},{"taxonomy":"linea","embeddable":true,"href":"https:\/\/lij.ismeduca.com\/es\/wp-json\/wp\/v2\/linea?post=1926"},{"taxonomy":"premio","embeddable":true,"href":"https:\/\/lij.ismeduca.com\/es\/wp-json\/wp\/v2\/premio?post=1926"},{"taxonomy":"proyecto-editorial","embeddable":true,"href":"https:\/\/lij.ismeduca.com\/es\/wp-json\/wp\/v2\/proyecto-editorial?post=1926"},{"taxonomy":"tipo-de-libro","embeddable":true,"href":"https:\/\/lij.ismeduca.com\/es\/wp-json\/wp\/v2\/tipo-de-libro?post=1926"},{"taxonomy":"soporte","embeddable":true,"href":"https:\/\/lij.ismeduca.com\/es\/wp-json\/wp\/v2\/soporte?post=1926"},{"taxonomy":"zona-geografica","embeddable":true,"href":"https:\/\/lij.ismeduca.com\/es\/wp-json\/wp\/v2\/zona-geografica?post=1926"},{"taxonomy":"autores","embeddable":true,"href":"https:\/\/lij.ismeduca.com\/es\/wp-json\/wp\/v2\/autores?post=1926"},{"taxonomy":"colecciones","embeddable":true,"href":"https:\/\/lij.ismeduca.com\/es\/wp-json\/wp\/v2\/colecciones?post=1926"},{"taxonomy":"personajes","embeddable":true,"href":"https:\/\/lij.ismeduca.com\/es\/wp-json\/wp\/v2\/personajes?post=1926"}],"curies":[{"name":"wp","href":"https:\/\/api.w.org\/{rel}","templated":true}]}}