{"id":20523,"date":"2025-01-21T00:00:00","date_gmt":"2025-01-14T11:53:46","guid":{"rendered":"https:\/\/lij.ismeduca.com\/es\/?post_type=product&#038;p=20523"},"modified":"2025-12-23T13:10:22","modified_gmt":"2025-12-23T12:10:22","slug":"malson-i-somnidolc-3-vacances-al-campament-dels-horrors","status":"publish","type":"product","link":"https:\/\/lij.ismeduca.com\/es\/producto\/malson-i-somnidolc-3-vacances-al-campament-dels-horrors\/","title":{"rendered":"Malson i Somnidol\u00e7 3: Vacances al Campament dels Horrors"},"content":{"rendered":"","protected":false},"excerpt":{"rendered":"<p>La fam\u00edlia Malson crea malsons terribles i la fam\u00edlia Somnidol\u00e7, somnis dolc\u00edssims. S\u00f3n enemigues des de sempre. Per\u00f2 la Nix i el Sen descobriran la m\u00e0gia de l&#8217;amistat i el treball en equip.<br \/>\nEl Sen Somnidol\u00e7 est\u00e0 a punt de comen\u00e7ar unes vacances fant\u00e0stiques: dues setmanes al Campament Pastisser per fer un curs amb el xef Caramel Natablanca. Per\u00f2 la seva amiga Nix Malson no s\u2019hi acaba de trobar a gust, en aquell m\u00f3n tan ensucrat, i organitza un gran daltabaix&#8230; Per fer-se perdonar, la Nix troba una soluci\u00f3: que el Sen l\u2019acompanyi al Campament dels Horrors, el lloc m\u00e9s esgarrifosament genial que hi ha! Com s\u2019ho far\u00e0, el Sen, per conviure amb monstres com el Krunx, el kraken terrible?<\/p>\n<p>&nbsp;<\/p>\n","protected":false},"featured_media":35900,"template":"","meta":{"_acf_changed":false,"inline_featured_image":false},"product_brand":[],"product_cat":[4696],"product_tag":[253,478,481,2058,668],"asignatura":[],"compania":[258],"curso":[],"idiomas":[1951],"genero":[275],"linea":[250],"premio":[],"proyecto-editorial":[323],"tipo-de-libro":[249],"soporte":[2004],"zona-geografica":[],"autores":[4121,3393],"colecciones":[2174],"personajes":[],"class_list":{"0":"post-20523","1":"product","2":"type-product","3":"status-publish","4":"has-post-thumbnail","6":"product_cat-pesadillas-y-dulcesuenos","7":"product_tag-literatura-de-humor","8":"product_tag-literatura-fantastica","9":"product_tag-magia","10":"product_tag-ntx","11":"product_tag-seres-mitologicos-y-sobrenaturales","12":"pa_codigo-sap-ntx","13":"compania-editorial-cruilla-s-a-es","14":"idiomas-catalan","15":"genero-fantasia","16":"linea-narrativa","17":"proyecto-editorial-6-12","18":"tipo-de-libro-fisico","19":"soporte-libro","20":"autores-coral-roma-i-garcia","21":"autores-laura-borio","22":"colecciones-malson-i-somnidolc","24":"first","25":"instock","26":"taxable","27":"shipping-taxable","28":"purchasable","29":"product-type-simple"},"acf":{"id_catalogo":"650","shortTitle":"C-MIS.3 VACANCES AL CAMPAMENT DELS HORRO","descripcion":"<p>La fam\u00edlia Malson crea malsons terribles i la fam\u00edlia Somnidol\u00e7, somnis dolc\u00edssims. S\u00f3n enemigues des de sempre. Per\u00f2 la Nix i el Sen descobriran la m\u00e0gia de l'amistat i el treball en equip.<br \/>\nEl Sen Somnidol\u00e7 est\u00e0 a punt de comen\u00e7ar unes vacances fant\u00e0stiques: dues setmanes al Campament Pastisser per fer un curs amb el xef Caramel Natablanca. Per\u00f2 la seva amiga Nix Malson no s\u2019hi acaba de trobar a gust, en aquell m\u00f3n tan ensucrat, i organitza un gran daltabaix... Per fer-se perdonar, la Nix troba una soluci\u00f3: que el Sen l\u2019acompanyi al Campament dels Horrors, el lloc m\u00e9s esgarrifosament genial que hi ha! Com s\u2019ho far\u00e0, el Sen, per conviure amb monstres com el Krunx, el kraken terrible?<\/p>\n<p>&nbsp;<\/p>","adjuntos":null,"descriptivePhrases":[{"type":"General","text":"La fam\u00edlia Malson crea malsons terribles i la fam\u00edlia Somnidol\u00e7, somnis dolc\u00edssims. S\u00f3n enemigues des de sempre. Per\u00f2 la Nix i el Sen descobriran la m\u00e0gia de l'amistat i el treball en equip."}],"productSap":"NTX","isbn":"9788466158343","precio_colegios":10.53,"precio_librerias":10.53,"precio_librerias_sin_cobertura":10.53,"precio_distribuidores":10.53,"fecha_disponibilidad":null,"fecha_comercial":"20250121","organizacion_venta":"","datos_para_buscador":"Laura Borio, Coral Rom\u00e0 i Garcia, Laura Borio, Malson i Somnidol\u00e7, "},"yoast_head":"<!-- This site is optimized with the Yoast SEO plugin v26.6 - https:\/\/yoast.com\/wordpress\/plugins\/seo\/ -->\n<title>Malson i Somnidol\u00e7 3: Vacances al Campament dels Horrors - Literatura SM Espa\u00f1a<\/title>\n<meta name=\"robots\" content=\"noindex, follow, max-snippet:-1, max-image-preview:large, max-video-preview:-1\" \/>\n<meta property=\"og:locale\" content=\"es_ES\" \/>\n<meta property=\"og:type\" content=\"article\" \/>\n<meta property=\"og:title\" content=\"Malson i Somnidol\u00e7 3: Vacances al Campament dels Horrors - Literatura SM Espa\u00f1a\" \/>\n<meta property=\"og:url\" content=\"https:\/\/lij.ismeduca.com\/es\/producto\/malson-i-somnidolc-3-vacances-al-campament-dels-horrors\/\" \/>\n<meta property=\"og:site_name\" content=\"Literatura SM Espa\u00f1a\" \/>\n<meta property=\"article:modified_time\" content=\"2025-12-23T12:10:22+00:00\" \/>\n<meta name=\"twitter:card\" content=\"summary_large_image\" \/>\n<script type=\"application\/ld+json\" class=\"yoast-schema-graph\">{\"@context\":\"https:\/\/schema.org\",\"@graph\":[{\"@type\":\"WebPage\",\"@id\":\"https:\/\/lij.ismeduca.com\/es\/producto\/malson-i-somnidolc-3-vacances-al-campament-dels-horrors\/\",\"url\":\"https:\/\/lij.ismeduca.com\/es\/producto\/malson-i-somnidolc-3-vacances-al-campament-dels-horrors\/\",\"name\":\"Malson i Somnidol\u00e7 3: Vacances al Campament dels Horrors - Literatura SM Espa\u00f1a\",\"isPartOf\":{\"@id\":\"https:\/\/lij.ismeduca.com\/es\/#website\"},\"primaryImageOfPage\":{\"@id\":\"https:\/\/lij.ismeduca.com\/es\/producto\/malson-i-somnidolc-3-vacances-al-campament-dels-horrors\/#primaryimage\"},\"image\":{\"@id\":\"https:\/\/lij.ismeduca.com\/es\/producto\/malson-i-somnidolc-3-vacances-al-campament-dels-horrors\/#primaryimage\"},\"thumbnailUrl\":\"https:\/\/lij.ismeduca.com\/es\/wp-content\/uploads\/sites\/10\/2025\/12\/20523.jpg\",\"datePublished\":\"2025-01-14T11:53:46+00:00\",\"dateModified\":\"2025-12-23T12:10:22+00:00\",\"breadcrumb\":{\"@id\":\"https:\/\/lij.ismeduca.com\/es\/producto\/malson-i-somnidolc-3-vacances-al-campament-dels-horrors\/#breadcrumb\"},\"inLanguage\":\"es\",\"potentialAction\":[{\"@type\":\"ReadAction\",\"target\":[\"https:\/\/lij.ismeduca.com\/es\/producto\/malson-i-somnidolc-3-vacances-al-campament-dels-horrors\/\"]}]},{\"@type\":\"ImageObject\",\"inLanguage\":\"es\",\"@id\":\"https:\/\/lij.ismeduca.com\/es\/producto\/malson-i-somnidolc-3-vacances-al-campament-dels-horrors\/#primaryimage\",\"url\":\"https:\/\/lij.ismeduca.com\/es\/wp-content\/uploads\/sites\/10\/2025\/12\/20523.jpg\",\"contentUrl\":\"https:\/\/lij.ismeduca.com\/es\/wp-content\/uploads\/sites\/10\/2025\/12\/20523.jpg\",\"width\":600,\"height\":915},{\"@type\":\"BreadcrumbList\",\"@id\":\"https:\/\/lij.ismeduca.com\/es\/producto\/malson-i-somnidolc-3-vacances-al-campament-dels-horrors\/#breadcrumb\",\"itemListElement\":[{\"@type\":\"ListItem\",\"position\":1,\"name\":\"Portada\",\"item\":\"https:\/\/lij.ismeduca.com\/es\/\"},{\"@type\":\"ListItem\",\"position\":2,\"name\":\"Tienda\",\"item\":\"https:\/\/lij.ismeduca.com\/es\/tienda\/\"},{\"@type\":\"ListItem\",\"position\":3,\"name\":\"Malson i Somnidol\u00e7 3: Vacances al Campament dels Horrors\"}]},{\"@type\":\"WebSite\",\"@id\":\"https:\/\/lij.ismeduca.com\/es\/#website\",\"url\":\"https:\/\/lij.ismeduca.com\/es\/\",\"name\":\"Literatura SM Espa\u00f1a\",\"description\":\"\",\"publisher\":{\"@id\":\"https:\/\/lij.ismeduca.com\/es\/#organization\"},\"potentialAction\":[{\"@type\":\"SearchAction\",\"target\":{\"@type\":\"EntryPoint\",\"urlTemplate\":\"https:\/\/lij.ismeduca.com\/es\/?s={search_term_string}\"},\"query-input\":{\"@type\":\"PropertyValueSpecification\",\"valueRequired\":true,\"valueName\":\"search_term_string\"}}],\"inLanguage\":\"es\"},{\"@type\":\"Organization\",\"@id\":\"https:\/\/lij.ismeduca.com\/es\/#organization\",\"name\":\"Literatura SM Espa\u00f1a\",\"url\":\"https:\/\/lij.ismeduca.com\/es\/\",\"logo\":{\"@type\":\"ImageObject\",\"inLanguage\":\"es\",\"@id\":\"https:\/\/lij.ismeduca.com\/es\/#\/schema\/logo\/image\/\",\"url\":\"https:\/\/lij.ismeduca.com\/es\/wp-content\/uploads\/sites\/10\/2024\/07\/logo-cabecera.png\",\"contentUrl\":\"https:\/\/lij.ismeduca.com\/es\/wp-content\/uploads\/sites\/10\/2024\/07\/logo-cabecera.png\",\"width\":396,\"height\":64,\"caption\":\"Literatura SM Espa\u00f1a\"},\"image\":{\"@id\":\"https:\/\/lij.ismeduca.com\/es\/#\/schema\/logo\/image\/\"}}]}<\/script>\n<!-- \/ Yoast SEO plugin. -->","yoast_head_json":{"title":"Malson i Somnidol\u00e7 3: Vacances al Campament dels Horrors - Literatura SM Espa\u00f1a","robots":{"index":"noindex","follow":"follow","max-snippet":"max-snippet:-1","max-image-preview":"max-image-preview:large","max-video-preview":"max-video-preview:-1"},"og_locale":"es_ES","og_type":"article","og_title":"Malson i Somnidol\u00e7 3: Vacances al Campament dels Horrors - Literatura SM Espa\u00f1a","og_url":"https:\/\/lij.ismeduca.com\/es\/producto\/malson-i-somnidolc-3-vacances-al-campament-dels-horrors\/","og_site_name":"Literatura SM Espa\u00f1a","article_modified_time":"2025-12-23T12:10:22+00:00","twitter_card":"summary_large_image","schema":{"@context":"https:\/\/schema.org","@graph":[{"@type":"WebPage","@id":"https:\/\/lij.ismeduca.com\/es\/producto\/malson-i-somnidolc-3-vacances-al-campament-dels-horrors\/","url":"https:\/\/lij.ismeduca.com\/es\/producto\/malson-i-somnidolc-3-vacances-al-campament-dels-horrors\/","name":"Malson i Somnidol\u00e7 3: Vacances al Campament dels Horrors - Literatura SM Espa\u00f1a","isPartOf":{"@id":"https:\/\/lij.ismeduca.com\/es\/#website"},"primaryImageOfPage":{"@id":"https:\/\/lij.ismeduca.com\/es\/producto\/malson-i-somnidolc-3-vacances-al-campament-dels-horrors\/#primaryimage"},"image":{"@id":"https:\/\/lij.ismeduca.com\/es\/producto\/malson-i-somnidolc-3-vacances-al-campament-dels-horrors\/#primaryimage"},"thumbnailUrl":"https:\/\/lij.ismeduca.com\/es\/wp-content\/uploads\/sites\/10\/2025\/12\/20523.jpg","datePublished":"2025-01-14T11:53:46+00:00","dateModified":"2025-12-23T12:10:22+00:00","breadcrumb":{"@id":"https:\/\/lij.ismeduca.com\/es\/producto\/malson-i-somnidolc-3-vacances-al-campament-dels-horrors\/#breadcrumb"},"inLanguage":"es","potentialAction":[{"@type":"ReadAction","target":["https:\/\/lij.ismeduca.com\/es\/producto\/malson-i-somnidolc-3-vacances-al-campament-dels-horrors\/"]}]},{"@type":"ImageObject","inLanguage":"es","@id":"https:\/\/lij.ismeduca.com\/es\/producto\/malson-i-somnidolc-3-vacances-al-campament-dels-horrors\/#primaryimage","url":"https:\/\/lij.ismeduca.com\/es\/wp-content\/uploads\/sites\/10\/2025\/12\/20523.jpg","contentUrl":"https:\/\/lij.ismeduca.com\/es\/wp-content\/uploads\/sites\/10\/2025\/12\/20523.jpg","width":600,"height":915},{"@type":"BreadcrumbList","@id":"https:\/\/lij.ismeduca.com\/es\/producto\/malson-i-somnidolc-3-vacances-al-campament-dels-horrors\/#breadcrumb","itemListElement":[{"@type":"ListItem","position":1,"name":"Portada","item":"https:\/\/lij.ismeduca.com\/es\/"},{"@type":"ListItem","position":2,"name":"Tienda","item":"https:\/\/lij.ismeduca.com\/es\/tienda\/"},{"@type":"ListItem","position":3,"name":"Malson i Somnidol\u00e7 3: Vacances al Campament dels Horrors"}]},{"@type":"WebSite","@id":"https:\/\/lij.ismeduca.com\/es\/#website","url":"https:\/\/lij.ismeduca.com\/es\/","name":"Literatura SM Espa\u00f1a","description":"","publisher":{"@id":"https:\/\/lij.ismeduca.com\/es\/#organization"},"potentialAction":[{"@type":"SearchAction","target":{"@type":"EntryPoint","urlTemplate":"https:\/\/lij.ismeduca.com\/es\/?s={search_term_string}"},"query-input":{"@type":"PropertyValueSpecification","valueRequired":true,"valueName":"search_term_string"}}],"inLanguage":"es"},{"@type":"Organization","@id":"https:\/\/lij.ismeduca.com\/es\/#organization","name":"Literatura SM Espa\u00f1a","url":"https:\/\/lij.ismeduca.com\/es\/","logo":{"@type":"ImageObject","inLanguage":"es","@id":"https:\/\/lij.ismeduca.com\/es\/#\/schema\/logo\/image\/","url":"https:\/\/lij.ismeduca.com\/es\/wp-content\/uploads\/sites\/10\/2024\/07\/logo-cabecera.png","contentUrl":"https:\/\/lij.ismeduca.com\/es\/wp-content\/uploads\/sites\/10\/2024\/07\/logo-cabecera.png","width":396,"height":64,"caption":"Literatura SM Espa\u00f1a"},"image":{"@id":"https:\/\/lij.ismeduca.com\/es\/#\/schema\/logo\/image\/"}}]}},"_links":{"self":[{"href":"https:\/\/lij.ismeduca.com\/es\/wp-json\/wp\/v2\/product\/20523","targetHints":{"allow":["GET"]}}],"collection":[{"href":"https:\/\/lij.ismeduca.com\/es\/wp-json\/wp\/v2\/product"}],"about":[{"href":"https:\/\/lij.ismeduca.com\/es\/wp-json\/wp\/v2\/types\/product"}],"version-history":[{"count":1,"href":"https:\/\/lij.ismeduca.com\/es\/wp-json\/wp\/v2\/product\/20523\/revisions"}],"predecessor-version":[{"id":20589,"href":"https:\/\/lij.ismeduca.com\/es\/wp-json\/wp\/v2\/product\/20523\/revisions\/20589"}],"wp:featuredmedia":[{"embeddable":true,"href":"https:\/\/lij.ismeduca.com\/es\/wp-json\/wp\/v2\/media\/35900"}],"wp:attachment":[{"href":"https:\/\/lij.ismeduca.com\/es\/wp-json\/wp\/v2\/media?parent=20523"}],"wp:term":[{"taxonomy":"product_brand","embeddable":true,"href":"https:\/\/lij.ismeduca.com\/es\/wp-json\/wp\/v2\/product_brand?post=20523"},{"taxonomy":"product_cat","embeddable":true,"href":"https:\/\/lij.ismeduca.com\/es\/wp-json\/wp\/v2\/product_cat?post=20523"},{"taxonomy":"product_tag","embeddable":true,"href":"https:\/\/lij.ismeduca.com\/es\/wp-json\/wp\/v2\/product_tag?post=20523"},{"taxonomy":"asignatura","embeddable":true,"href":"https:\/\/lij.ismeduca.com\/es\/wp-json\/wp\/v2\/asignatura?post=20523"},{"taxonomy":"compania","embeddable":true,"href":"https:\/\/lij.ismeduca.com\/es\/wp-json\/wp\/v2\/compania?post=20523"},{"taxonomy":"curso","embeddable":true,"href":"https:\/\/lij.ismeduca.com\/es\/wp-json\/wp\/v2\/curso?post=20523"},{"taxonomy":"idiomas","embeddable":true,"href":"https:\/\/lij.ismeduca.com\/es\/wp-json\/wp\/v2\/idiomas?post=20523"},{"taxonomy":"genero","embeddable":true,"href":"https:\/\/lij.ismeduca.com\/es\/wp-json\/wp\/v2\/genero?post=20523"},{"taxonomy":"linea","embeddable":true,"href":"https:\/\/lij.ismeduca.com\/es\/wp-json\/wp\/v2\/linea?post=20523"},{"taxonomy":"premio","embeddable":true,"href":"https:\/\/lij.ismeduca.com\/es\/wp-json\/wp\/v2\/premio?post=20523"},{"taxonomy":"proyecto-editorial","embeddable":true,"href":"https:\/\/lij.ismeduca.com\/es\/wp-json\/wp\/v2\/proyecto-editorial?post=20523"},{"taxonomy":"tipo-de-libro","embeddable":true,"href":"https:\/\/lij.ismeduca.com\/es\/wp-json\/wp\/v2\/tipo-de-libro?post=20523"},{"taxonomy":"soporte","embeddable":true,"href":"https:\/\/lij.ismeduca.com\/es\/wp-json\/wp\/v2\/soporte?post=20523"},{"taxonomy":"zona-geografica","embeddable":true,"href":"https:\/\/lij.ismeduca.com\/es\/wp-json\/wp\/v2\/zona-geografica?post=20523"},{"taxonomy":"autores","embeddable":true,"href":"https:\/\/lij.ismeduca.com\/es\/wp-json\/wp\/v2\/autores?post=20523"},{"taxonomy":"colecciones","embeddable":true,"href":"https:\/\/lij.ismeduca.com\/es\/wp-json\/wp\/v2\/colecciones?post=20523"},{"taxonomy":"personajes","embeddable":true,"href":"https:\/\/lij.ismeduca.com\/es\/wp-json\/wp\/v2\/personajes?post=20523"}],"curies":[{"name":"wp","href":"https:\/\/api.w.org\/{rel}","templated":true}]}}