{"id":21956,"date":"2025-10-02T00:00:00","date_gmt":"2025-10-28T19:57:48","guid":{"rendered":"https:\/\/lij.ismeduca.com\/es\/?post_type=product&#038;p=21956"},"modified":"2025-12-23T13:11:00","modified_gmt":"2025-12-23T12:11:00","slug":"a-bailar-4-el-lago-de-los-cisnes","status":"publish","type":"product","link":"https:\/\/lij.ismeduca.com\/es\/producto\/a-bailar-4-el-lago-de-los-cisnes\/","title":{"rendered":"A bailar 4: El lago de los cisnes"},"content":{"rendered":"","protected":false},"excerpt":{"rendered":"<p>Los alumnos de la escuela Marinski van a representar <em>El lago de los cisnes<\/em> y, por primera vez, \u00a1vendr\u00e1n sus familias a verlos! En el reparto de papeles todos est\u00e1n muy nerviosos, pero mucho m\u00e1s cuando empiezan a surgir problemas: Otto se tuerce un tobillo, Badru tiene que convertirse en el nuevo profe de Estefany, Guadalupe se ve obligada a enga\u00f1ar a sus padres&#8230; \u00bfc\u00f3mo acabar\u00e1 todo?<\/p>\n","protected":false},"featured_media":35703,"template":"","meta":{"_acf_changed":false,"inline_featured_image":false},"product_brand":[],"product_cat":[4682],"product_tag":[268,1669,1460,1726,531,1256,1899,2058,910,293,354],"asignatura":[],"compania":[252],"curso":[],"idiomas":[1948],"genero":[],"linea":[250],"premio":[],"proyecto-editorial":[323],"tipo-de-libro":[249],"soporte":[2004],"zona-geografica":[],"autores":[4289,4439,3395],"colecciones":[2240],"personajes":[],"class_list":{"0":"post-21956","1":"product","2":"type-product","3":"status-publish","4":"has-post-thumbnail","6":"product_cat-a-bailar","7":"product_tag-amistad","8":"product_tag-artes-escenicas","9":"product_tag-bailes","10":"product_tag-competicion","11":"product_tag-convivencia","12":"product_tag-musica-clasica","13":"product_tag-musica-de-baile","14":"product_tag-ntx","15":"product_tag-relaciones-en-la-escuela","16":"product_tag-relaciones-familiares","17":"product_tag-trabajo-en-equipo","18":"pa_codigo-sap-ntx","19":"compania-f-sta-maria-ediciones-sm-es","20":"idiomas-espanol","21":"linea-narrativa","22":"proyecto-editorial-6-12","23":"tipo-de-libro-fisico","24":"soporte-libro","25":"autores-maria-menendez-ponte","26":"autores-paloma-muina-merino","27":"autores-veronica-alvarez","28":"colecciones-a-bailar","30":"first","31":"instock","32":"taxable","33":"shipping-taxable","34":"purchasable","35":"product-type-simple"},"acf":{"id_catalogo":"650","shortTitle":"AB.4 EL LAGO DE LOS CISNES","descripcion":"<p>Los alumnos de la escuela Marinski van a representar <em>El lago de los cisnes<\/em> y, por primera vez, \u00a1vendr\u00e1n sus familias a verlos! En el reparto de papeles todos est\u00e1n muy nerviosos, pero mucho m\u00e1s cuando empiezan a surgir problemas: Otto se tuerce un tobillo, Badru tiene que convertirse en el nuevo profe de Estefany, Guadalupe se ve obligada a enga\u00f1ar a sus padres... \u00bfc\u00f3mo acabar\u00e1 todo?<\/p>","adjuntos":null,"descriptivePhrases":[{"type":"General","text":"Bienvenidos a la mejor escuela de baile del mundo, \u00a1y que el ritmo no pare!"}],"productSap":"NTX","isbn":"9788411829595","precio_colegios":10.53,"precio_librerias":10.53,"precio_librerias_sin_cobertura":10.53,"precio_distribuidores":10.53,"fecha_disponibilidad":null,"fecha_comercial":"20251002","organizacion_venta":"","datos_para_buscador":"Ver\u00f3nica \u00c1lvarez, Paloma Mui\u00f1a Merino, Mar\u00eda Men\u00e9ndez-Ponte, A bailar, "},"yoast_head":"<!-- This site is optimized with the Yoast SEO plugin v26.6 - https:\/\/yoast.com\/wordpress\/plugins\/seo\/ -->\n<title>A bailar 4: El lago de los cisnes - Literatura SM Espa\u00f1a<\/title>\n<meta name=\"robots\" content=\"noindex, follow, max-snippet:-1, max-image-preview:large, max-video-preview:-1\" \/>\n<meta property=\"og:locale\" content=\"es_ES\" \/>\n<meta property=\"og:type\" content=\"article\" \/>\n<meta property=\"og:title\" content=\"A bailar 4: El lago de los cisnes - Literatura SM Espa\u00f1a\" \/>\n<meta property=\"og:url\" content=\"https:\/\/lij.ismeduca.com\/es\/producto\/a-bailar-4-el-lago-de-los-cisnes\/\" \/>\n<meta property=\"og:site_name\" content=\"Literatura SM Espa\u00f1a\" \/>\n<meta property=\"article:modified_time\" content=\"2025-12-23T12:11:00+00:00\" \/>\n<meta name=\"twitter:card\" content=\"summary_large_image\" \/>\n<script type=\"application\/ld+json\" class=\"yoast-schema-graph\">{\"@context\":\"https:\/\/schema.org\",\"@graph\":[{\"@type\":\"WebPage\",\"@id\":\"https:\/\/lij.ismeduca.com\/es\/producto\/a-bailar-4-el-lago-de-los-cisnes\/\",\"url\":\"https:\/\/lij.ismeduca.com\/es\/producto\/a-bailar-4-el-lago-de-los-cisnes\/\",\"name\":\"A bailar 4: El lago de los cisnes - Literatura SM Espa\u00f1a\",\"isPartOf\":{\"@id\":\"https:\/\/lij.ismeduca.com\/es\/#website\"},\"primaryImageOfPage\":{\"@id\":\"https:\/\/lij.ismeduca.com\/es\/producto\/a-bailar-4-el-lago-de-los-cisnes\/#primaryimage\"},\"image\":{\"@id\":\"https:\/\/lij.ismeduca.com\/es\/producto\/a-bailar-4-el-lago-de-los-cisnes\/#primaryimage\"},\"thumbnailUrl\":\"https:\/\/lij.ismeduca.com\/es\/wp-content\/uploads\/sites\/10\/2025\/12\/21956.jpg\",\"datePublished\":\"2025-10-28T19:57:48+00:00\",\"dateModified\":\"2025-12-23T12:11:00+00:00\",\"breadcrumb\":{\"@id\":\"https:\/\/lij.ismeduca.com\/es\/producto\/a-bailar-4-el-lago-de-los-cisnes\/#breadcrumb\"},\"inLanguage\":\"es\",\"potentialAction\":[{\"@type\":\"ReadAction\",\"target\":[\"https:\/\/lij.ismeduca.com\/es\/producto\/a-bailar-4-el-lago-de-los-cisnes\/\"]}]},{\"@type\":\"ImageObject\",\"inLanguage\":\"es\",\"@id\":\"https:\/\/lij.ismeduca.com\/es\/producto\/a-bailar-4-el-lago-de-los-cisnes\/#primaryimage\",\"url\":\"https:\/\/lij.ismeduca.com\/es\/wp-content\/uploads\/sites\/10\/2025\/12\/21956.jpg\",\"contentUrl\":\"https:\/\/lij.ismeduca.com\/es\/wp-content\/uploads\/sites\/10\/2025\/12\/21956.jpg\",\"width\":600,\"height\":828},{\"@type\":\"BreadcrumbList\",\"@id\":\"https:\/\/lij.ismeduca.com\/es\/producto\/a-bailar-4-el-lago-de-los-cisnes\/#breadcrumb\",\"itemListElement\":[{\"@type\":\"ListItem\",\"position\":1,\"name\":\"Portada\",\"item\":\"https:\/\/lij.ismeduca.com\/es\/\"},{\"@type\":\"ListItem\",\"position\":2,\"name\":\"Tienda\",\"item\":\"https:\/\/lij.ismeduca.com\/es\/tienda\/\"},{\"@type\":\"ListItem\",\"position\":3,\"name\":\"A bailar 4: El lago de los cisnes\"}]},{\"@type\":\"WebSite\",\"@id\":\"https:\/\/lij.ismeduca.com\/es\/#website\",\"url\":\"https:\/\/lij.ismeduca.com\/es\/\",\"name\":\"Literatura SM Espa\u00f1a\",\"description\":\"\",\"publisher\":{\"@id\":\"https:\/\/lij.ismeduca.com\/es\/#organization\"},\"potentialAction\":[{\"@type\":\"SearchAction\",\"target\":{\"@type\":\"EntryPoint\",\"urlTemplate\":\"https:\/\/lij.ismeduca.com\/es\/?s={search_term_string}\"},\"query-input\":{\"@type\":\"PropertyValueSpecification\",\"valueRequired\":true,\"valueName\":\"search_term_string\"}}],\"inLanguage\":\"es\"},{\"@type\":\"Organization\",\"@id\":\"https:\/\/lij.ismeduca.com\/es\/#organization\",\"name\":\"Literatura SM Espa\u00f1a\",\"url\":\"https:\/\/lij.ismeduca.com\/es\/\",\"logo\":{\"@type\":\"ImageObject\",\"inLanguage\":\"es\",\"@id\":\"https:\/\/lij.ismeduca.com\/es\/#\/schema\/logo\/image\/\",\"url\":\"https:\/\/lij.ismeduca.com\/es\/wp-content\/uploads\/sites\/10\/2024\/07\/logo-cabecera.png\",\"contentUrl\":\"https:\/\/lij.ismeduca.com\/es\/wp-content\/uploads\/sites\/10\/2024\/07\/logo-cabecera.png\",\"width\":396,\"height\":64,\"caption\":\"Literatura SM Espa\u00f1a\"},\"image\":{\"@id\":\"https:\/\/lij.ismeduca.com\/es\/#\/schema\/logo\/image\/\"}}]}<\/script>\n<!-- \/ Yoast SEO plugin. -->","yoast_head_json":{"title":"A bailar 4: El lago de los cisnes - Literatura SM Espa\u00f1a","robots":{"index":"noindex","follow":"follow","max-snippet":"max-snippet:-1","max-image-preview":"max-image-preview:large","max-video-preview":"max-video-preview:-1"},"og_locale":"es_ES","og_type":"article","og_title":"A bailar 4: El lago de los cisnes - Literatura SM Espa\u00f1a","og_url":"https:\/\/lij.ismeduca.com\/es\/producto\/a-bailar-4-el-lago-de-los-cisnes\/","og_site_name":"Literatura SM Espa\u00f1a","article_modified_time":"2025-12-23T12:11:00+00:00","twitter_card":"summary_large_image","schema":{"@context":"https:\/\/schema.org","@graph":[{"@type":"WebPage","@id":"https:\/\/lij.ismeduca.com\/es\/producto\/a-bailar-4-el-lago-de-los-cisnes\/","url":"https:\/\/lij.ismeduca.com\/es\/producto\/a-bailar-4-el-lago-de-los-cisnes\/","name":"A bailar 4: El lago de los cisnes - Literatura SM Espa\u00f1a","isPartOf":{"@id":"https:\/\/lij.ismeduca.com\/es\/#website"},"primaryImageOfPage":{"@id":"https:\/\/lij.ismeduca.com\/es\/producto\/a-bailar-4-el-lago-de-los-cisnes\/#primaryimage"},"image":{"@id":"https:\/\/lij.ismeduca.com\/es\/producto\/a-bailar-4-el-lago-de-los-cisnes\/#primaryimage"},"thumbnailUrl":"https:\/\/lij.ismeduca.com\/es\/wp-content\/uploads\/sites\/10\/2025\/12\/21956.jpg","datePublished":"2025-10-28T19:57:48+00:00","dateModified":"2025-12-23T12:11:00+00:00","breadcrumb":{"@id":"https:\/\/lij.ismeduca.com\/es\/producto\/a-bailar-4-el-lago-de-los-cisnes\/#breadcrumb"},"inLanguage":"es","potentialAction":[{"@type":"ReadAction","target":["https:\/\/lij.ismeduca.com\/es\/producto\/a-bailar-4-el-lago-de-los-cisnes\/"]}]},{"@type":"ImageObject","inLanguage":"es","@id":"https:\/\/lij.ismeduca.com\/es\/producto\/a-bailar-4-el-lago-de-los-cisnes\/#primaryimage","url":"https:\/\/lij.ismeduca.com\/es\/wp-content\/uploads\/sites\/10\/2025\/12\/21956.jpg","contentUrl":"https:\/\/lij.ismeduca.com\/es\/wp-content\/uploads\/sites\/10\/2025\/12\/21956.jpg","width":600,"height":828},{"@type":"BreadcrumbList","@id":"https:\/\/lij.ismeduca.com\/es\/producto\/a-bailar-4-el-lago-de-los-cisnes\/#breadcrumb","itemListElement":[{"@type":"ListItem","position":1,"name":"Portada","item":"https:\/\/lij.ismeduca.com\/es\/"},{"@type":"ListItem","position":2,"name":"Tienda","item":"https:\/\/lij.ismeduca.com\/es\/tienda\/"},{"@type":"ListItem","position":3,"name":"A bailar 4: El lago de los cisnes"}]},{"@type":"WebSite","@id":"https:\/\/lij.ismeduca.com\/es\/#website","url":"https:\/\/lij.ismeduca.com\/es\/","name":"Literatura SM Espa\u00f1a","description":"","publisher":{"@id":"https:\/\/lij.ismeduca.com\/es\/#organization"},"potentialAction":[{"@type":"SearchAction","target":{"@type":"EntryPoint","urlTemplate":"https:\/\/lij.ismeduca.com\/es\/?s={search_term_string}"},"query-input":{"@type":"PropertyValueSpecification","valueRequired":true,"valueName":"search_term_string"}}],"inLanguage":"es"},{"@type":"Organization","@id":"https:\/\/lij.ismeduca.com\/es\/#organization","name":"Literatura SM Espa\u00f1a","url":"https:\/\/lij.ismeduca.com\/es\/","logo":{"@type":"ImageObject","inLanguage":"es","@id":"https:\/\/lij.ismeduca.com\/es\/#\/schema\/logo\/image\/","url":"https:\/\/lij.ismeduca.com\/es\/wp-content\/uploads\/sites\/10\/2024\/07\/logo-cabecera.png","contentUrl":"https:\/\/lij.ismeduca.com\/es\/wp-content\/uploads\/sites\/10\/2024\/07\/logo-cabecera.png","width":396,"height":64,"caption":"Literatura SM Espa\u00f1a"},"image":{"@id":"https:\/\/lij.ismeduca.com\/es\/#\/schema\/logo\/image\/"}}]}},"_links":{"self":[{"href":"https:\/\/lij.ismeduca.com\/es\/wp-json\/wp\/v2\/product\/21956","targetHints":{"allow":["GET"]}}],"collection":[{"href":"https:\/\/lij.ismeduca.com\/es\/wp-json\/wp\/v2\/product"}],"about":[{"href":"https:\/\/lij.ismeduca.com\/es\/wp-json\/wp\/v2\/types\/product"}],"version-history":[{"count":2,"href":"https:\/\/lij.ismeduca.com\/es\/wp-json\/wp\/v2\/product\/21956\/revisions"}],"predecessor-version":[{"id":30579,"href":"https:\/\/lij.ismeduca.com\/es\/wp-json\/wp\/v2\/product\/21956\/revisions\/30579"}],"wp:featuredmedia":[{"embeddable":true,"href":"https:\/\/lij.ismeduca.com\/es\/wp-json\/wp\/v2\/media\/35703"}],"wp:attachment":[{"href":"https:\/\/lij.ismeduca.com\/es\/wp-json\/wp\/v2\/media?parent=21956"}],"wp:term":[{"taxonomy":"product_brand","embeddable":true,"href":"https:\/\/lij.ismeduca.com\/es\/wp-json\/wp\/v2\/product_brand?post=21956"},{"taxonomy":"product_cat","embeddable":true,"href":"https:\/\/lij.ismeduca.com\/es\/wp-json\/wp\/v2\/product_cat?post=21956"},{"taxonomy":"product_tag","embeddable":true,"href":"https:\/\/lij.ismeduca.com\/es\/wp-json\/wp\/v2\/product_tag?post=21956"},{"taxonomy":"asignatura","embeddable":true,"href":"https:\/\/lij.ismeduca.com\/es\/wp-json\/wp\/v2\/asignatura?post=21956"},{"taxonomy":"compania","embeddable":true,"href":"https:\/\/lij.ismeduca.com\/es\/wp-json\/wp\/v2\/compania?post=21956"},{"taxonomy":"curso","embeddable":true,"href":"https:\/\/lij.ismeduca.com\/es\/wp-json\/wp\/v2\/curso?post=21956"},{"taxonomy":"idiomas","embeddable":true,"href":"https:\/\/lij.ismeduca.com\/es\/wp-json\/wp\/v2\/idiomas?post=21956"},{"taxonomy":"genero","embeddable":true,"href":"https:\/\/lij.ismeduca.com\/es\/wp-json\/wp\/v2\/genero?post=21956"},{"taxonomy":"linea","embeddable":true,"href":"https:\/\/lij.ismeduca.com\/es\/wp-json\/wp\/v2\/linea?post=21956"},{"taxonomy":"premio","embeddable":true,"href":"https:\/\/lij.ismeduca.com\/es\/wp-json\/wp\/v2\/premio?post=21956"},{"taxonomy":"proyecto-editorial","embeddable":true,"href":"https:\/\/lij.ismeduca.com\/es\/wp-json\/wp\/v2\/proyecto-editorial?post=21956"},{"taxonomy":"tipo-de-libro","embeddable":true,"href":"https:\/\/lij.ismeduca.com\/es\/wp-json\/wp\/v2\/tipo-de-libro?post=21956"},{"taxonomy":"soporte","embeddable":true,"href":"https:\/\/lij.ismeduca.com\/es\/wp-json\/wp\/v2\/soporte?post=21956"},{"taxonomy":"zona-geografica","embeddable":true,"href":"https:\/\/lij.ismeduca.com\/es\/wp-json\/wp\/v2\/zona-geografica?post=21956"},{"taxonomy":"autores","embeddable":true,"href":"https:\/\/lij.ismeduca.com\/es\/wp-json\/wp\/v2\/autores?post=21956"},{"taxonomy":"colecciones","embeddable":true,"href":"https:\/\/lij.ismeduca.com\/es\/wp-json\/wp\/v2\/colecciones?post=21956"},{"taxonomy":"personajes","embeddable":true,"href":"https:\/\/lij.ismeduca.com\/es\/wp-json\/wp\/v2\/personajes?post=21956"}],"curies":[{"name":"wp","href":"https:\/\/api.w.org\/{rel}","templated":true}]}}