{"id":21958,"date":"2025-10-02T00:00:00","date_gmt":"2025-10-28T19:57:48","guid":{"rendered":"https:\/\/lij.ismeduca.com\/es\/?post_type=product&#038;p=21958"},"modified":"2025-12-23T13:09:40","modified_gmt":"2025-12-23T12:09:40","slug":"mortina-6-la-habitacion-secreta","status":"publish","type":"product","link":"https:\/\/lij.ismeduca.com\/es\/producto\/mortina-6-la-habitacion-secreta\/","title":{"rendered":"Mortina 6: La habitaci\u00f3n secreta"},"content":{"rendered":"","protected":false},"excerpt":{"rendered":"<p>Mortina es una ni\u00f1a diferente a las dem\u00e1s: es una ni\u00f1a zombi.<\/p>\n<p>Todas las casas esconden un misterio\u2026<\/p>\n<p>Y si no, que se lo digan a Mortina, que ha descubierto un pasadizo en la biblioteca de Villa Decadente que conduce a una habitaci\u00f3n misteriosa. Pero para abrir la puerta, tiene que resolver un enigma muy lejos de all\u00ed.<\/p>\n<p>Acompa\u00f1ada de su perro Mustio y su inseparable primo Dilbert, Mortina emprende un viaje en busca de la llave de la habitaci\u00f3n misteriosa.<\/p>\n<p>Y es que detr\u00e1s de esa puerta est\u00e1 la respuesta a la \u00fanica pregunta importante:<\/p>\n<p>\u00bfPor qu\u00e9 la suya es una familia de zombies?<\/p>\n","protected":false},"featured_media":36259,"template":"","meta":{"_acf_changed":false,"inline_featured_image":false},"product_brand":[],"product_cat":[4720],"product_tag":[268,423,253,981,2058,346],"asignatura":[],"compania":[252],"curso":[],"idiomas":[1948],"genero":[275],"linea":[250],"premio":[],"proyecto-editorial":[323],"tipo-de-libro":[249],"soporte":[2004],"zona-geografica":[],"autores":[2641,4284,2585],"colecciones":[2170],"personajes":[],"class_list":{"0":"post-21958","1":"product","2":"type-product","3":"status-publish","4":"has-post-thumbnail","6":"product_cat-mortina","7":"product_tag-amistad","8":"product_tag-amor","9":"product_tag-literatura-de-humor","10":"product_tag-literatura-de-misterio","11":"product_tag-ntx","12":"product_tag-vida-familiar","13":"pa_codigo-sap-ntx","14":"compania-f-sta-maria-ediciones-sm-es","15":"idiomas-espanol","16":"genero-fantasia","17":"linea-narrativa","18":"proyecto-editorial-6-12","19":"tipo-de-libro-fisico","20":"soporte-libro","21":"autores-barbara-cantini","22":"autores-berta-marquez","23":"autores-maria-llopis","24":"colecciones-mortina","26":"first","27":"instock","28":"taxable","29":"shipping-taxable","30":"purchasable","31":"product-type-simple"},"acf":{"id_catalogo":"650","shortTitle":"MOR.6 LA HABITACION SECRETA","descripcion":"<p>Mortina es una ni\u00f1a diferente a las dem\u00e1s: es una ni\u00f1a zombi.<\/p>\n<p>Todas las casas esconden un misterio\u2026<\/p>\n<p>Y si no, que se lo digan a Mortina, que ha descubierto un pasadizo en la biblioteca de Villa Decadente que conduce a una habitaci\u00f3n misteriosa. Pero para abrir la puerta, tiene que resolver un enigma muy lejos de all\u00ed.<\/p>\n<p>Acompa\u00f1ada de su perro Mustio y su inseparable primo Dilbert, Mortina emprende un viaje en busca de la llave de la habitaci\u00f3n misteriosa.<\/p>\n<p>Y es que detr\u00e1s de esa puerta est\u00e1 la respuesta a la \u00fanica pregunta importante:<\/p>\n<p>\u00bfPor qu\u00e9 la suya es una familia de zombies?<\/p>","adjuntos":null,"descriptivePhrases":[{"type":"General","text":"Un pasadizo secreto llevar\u00e1 a Mortina y sus amigos a descubrir el secreto m\u00e1s importante de su familia"}],"productSap":"NTX","isbn":"9788410551831","precio_colegios":10.53,"precio_librerias":10.53,"precio_librerias_sin_cobertura":10.53,"precio_distribuidores":10.53,"fecha_disponibilidad":null,"fecha_comercial":"20251002","organizacion_venta":"","datos_para_buscador":"Barbara Cantini, Berta M\u00e1rquez, Maria Llopis, Barbara Cantini, Mortina, "},"yoast_head":"<!-- This site is optimized with the Yoast SEO plugin v26.6 - https:\/\/yoast.com\/wordpress\/plugins\/seo\/ -->\n<title>Mortina 6: La habitaci\u00f3n secreta - Literatura SM Espa\u00f1a<\/title>\n<meta name=\"robots\" content=\"noindex, follow, max-snippet:-1, max-image-preview:large, max-video-preview:-1\" \/>\n<meta property=\"og:locale\" content=\"es_ES\" \/>\n<meta property=\"og:type\" content=\"article\" \/>\n<meta property=\"og:title\" content=\"Mortina 6: La habitaci\u00f3n secreta - Literatura SM Espa\u00f1a\" \/>\n<meta property=\"og:url\" content=\"https:\/\/lij.ismeduca.com\/es\/producto\/mortina-6-la-habitacion-secreta\/\" \/>\n<meta property=\"og:site_name\" content=\"Literatura SM Espa\u00f1a\" \/>\n<meta property=\"article:modified_time\" content=\"2025-12-23T12:09:40+00:00\" \/>\n<meta name=\"twitter:card\" content=\"summary_large_image\" \/>\n<script type=\"application\/ld+json\" class=\"yoast-schema-graph\">{\"@context\":\"https:\/\/schema.org\",\"@graph\":[{\"@type\":\"WebPage\",\"@id\":\"https:\/\/lij.ismeduca.com\/es\/producto\/mortina-6-la-habitacion-secreta\/\",\"url\":\"https:\/\/lij.ismeduca.com\/es\/producto\/mortina-6-la-habitacion-secreta\/\",\"name\":\"Mortina 6: La habitaci\u00f3n secreta - Literatura SM Espa\u00f1a\",\"isPartOf\":{\"@id\":\"https:\/\/lij.ismeduca.com\/es\/#website\"},\"primaryImageOfPage\":{\"@id\":\"https:\/\/lij.ismeduca.com\/es\/producto\/mortina-6-la-habitacion-secreta\/#primaryimage\"},\"image\":{\"@id\":\"https:\/\/lij.ismeduca.com\/es\/producto\/mortina-6-la-habitacion-secreta\/#primaryimage\"},\"thumbnailUrl\":\"https:\/\/lij.ismeduca.com\/es\/wp-content\/uploads\/sites\/10\/2025\/12\/21958.jpg\",\"datePublished\":\"2025-10-28T19:57:48+00:00\",\"dateModified\":\"2025-12-23T12:09:40+00:00\",\"breadcrumb\":{\"@id\":\"https:\/\/lij.ismeduca.com\/es\/producto\/mortina-6-la-habitacion-secreta\/#breadcrumb\"},\"inLanguage\":\"es\",\"potentialAction\":[{\"@type\":\"ReadAction\",\"target\":[\"https:\/\/lij.ismeduca.com\/es\/producto\/mortina-6-la-habitacion-secreta\/\"]}]},{\"@type\":\"ImageObject\",\"inLanguage\":\"es\",\"@id\":\"https:\/\/lij.ismeduca.com\/es\/producto\/mortina-6-la-habitacion-secreta\/#primaryimage\",\"url\":\"https:\/\/lij.ismeduca.com\/es\/wp-content\/uploads\/sites\/10\/2025\/12\/21958.jpg\",\"contentUrl\":\"https:\/\/lij.ismeduca.com\/es\/wp-content\/uploads\/sites\/10\/2025\/12\/21958.jpg\",\"width\":600,\"height\":838},{\"@type\":\"BreadcrumbList\",\"@id\":\"https:\/\/lij.ismeduca.com\/es\/producto\/mortina-6-la-habitacion-secreta\/#breadcrumb\",\"itemListElement\":[{\"@type\":\"ListItem\",\"position\":1,\"name\":\"Portada\",\"item\":\"https:\/\/lij.ismeduca.com\/es\/\"},{\"@type\":\"ListItem\",\"position\":2,\"name\":\"Tienda\",\"item\":\"https:\/\/lij.ismeduca.com\/es\/tienda\/\"},{\"@type\":\"ListItem\",\"position\":3,\"name\":\"Mortina 6: La habitaci\u00f3n secreta\"}]},{\"@type\":\"WebSite\",\"@id\":\"https:\/\/lij.ismeduca.com\/es\/#website\",\"url\":\"https:\/\/lij.ismeduca.com\/es\/\",\"name\":\"Literatura SM Espa\u00f1a\",\"description\":\"\",\"publisher\":{\"@id\":\"https:\/\/lij.ismeduca.com\/es\/#organization\"},\"potentialAction\":[{\"@type\":\"SearchAction\",\"target\":{\"@type\":\"EntryPoint\",\"urlTemplate\":\"https:\/\/lij.ismeduca.com\/es\/?s={search_term_string}\"},\"query-input\":{\"@type\":\"PropertyValueSpecification\",\"valueRequired\":true,\"valueName\":\"search_term_string\"}}],\"inLanguage\":\"es\"},{\"@type\":\"Organization\",\"@id\":\"https:\/\/lij.ismeduca.com\/es\/#organization\",\"name\":\"Literatura SM Espa\u00f1a\",\"url\":\"https:\/\/lij.ismeduca.com\/es\/\",\"logo\":{\"@type\":\"ImageObject\",\"inLanguage\":\"es\",\"@id\":\"https:\/\/lij.ismeduca.com\/es\/#\/schema\/logo\/image\/\",\"url\":\"https:\/\/lij.ismeduca.com\/es\/wp-content\/uploads\/sites\/10\/2024\/07\/logo-cabecera.png\",\"contentUrl\":\"https:\/\/lij.ismeduca.com\/es\/wp-content\/uploads\/sites\/10\/2024\/07\/logo-cabecera.png\",\"width\":396,\"height\":64,\"caption\":\"Literatura SM Espa\u00f1a\"},\"image\":{\"@id\":\"https:\/\/lij.ismeduca.com\/es\/#\/schema\/logo\/image\/\"}}]}<\/script>\n<!-- \/ Yoast SEO plugin. -->","yoast_head_json":{"title":"Mortina 6: La habitaci\u00f3n secreta - Literatura SM Espa\u00f1a","robots":{"index":"noindex","follow":"follow","max-snippet":"max-snippet:-1","max-image-preview":"max-image-preview:large","max-video-preview":"max-video-preview:-1"},"og_locale":"es_ES","og_type":"article","og_title":"Mortina 6: La habitaci\u00f3n secreta - Literatura SM Espa\u00f1a","og_url":"https:\/\/lij.ismeduca.com\/es\/producto\/mortina-6-la-habitacion-secreta\/","og_site_name":"Literatura SM Espa\u00f1a","article_modified_time":"2025-12-23T12:09:40+00:00","twitter_card":"summary_large_image","schema":{"@context":"https:\/\/schema.org","@graph":[{"@type":"WebPage","@id":"https:\/\/lij.ismeduca.com\/es\/producto\/mortina-6-la-habitacion-secreta\/","url":"https:\/\/lij.ismeduca.com\/es\/producto\/mortina-6-la-habitacion-secreta\/","name":"Mortina 6: La habitaci\u00f3n secreta - Literatura SM Espa\u00f1a","isPartOf":{"@id":"https:\/\/lij.ismeduca.com\/es\/#website"},"primaryImageOfPage":{"@id":"https:\/\/lij.ismeduca.com\/es\/producto\/mortina-6-la-habitacion-secreta\/#primaryimage"},"image":{"@id":"https:\/\/lij.ismeduca.com\/es\/producto\/mortina-6-la-habitacion-secreta\/#primaryimage"},"thumbnailUrl":"https:\/\/lij.ismeduca.com\/es\/wp-content\/uploads\/sites\/10\/2025\/12\/21958.jpg","datePublished":"2025-10-28T19:57:48+00:00","dateModified":"2025-12-23T12:09:40+00:00","breadcrumb":{"@id":"https:\/\/lij.ismeduca.com\/es\/producto\/mortina-6-la-habitacion-secreta\/#breadcrumb"},"inLanguage":"es","potentialAction":[{"@type":"ReadAction","target":["https:\/\/lij.ismeduca.com\/es\/producto\/mortina-6-la-habitacion-secreta\/"]}]},{"@type":"ImageObject","inLanguage":"es","@id":"https:\/\/lij.ismeduca.com\/es\/producto\/mortina-6-la-habitacion-secreta\/#primaryimage","url":"https:\/\/lij.ismeduca.com\/es\/wp-content\/uploads\/sites\/10\/2025\/12\/21958.jpg","contentUrl":"https:\/\/lij.ismeduca.com\/es\/wp-content\/uploads\/sites\/10\/2025\/12\/21958.jpg","width":600,"height":838},{"@type":"BreadcrumbList","@id":"https:\/\/lij.ismeduca.com\/es\/producto\/mortina-6-la-habitacion-secreta\/#breadcrumb","itemListElement":[{"@type":"ListItem","position":1,"name":"Portada","item":"https:\/\/lij.ismeduca.com\/es\/"},{"@type":"ListItem","position":2,"name":"Tienda","item":"https:\/\/lij.ismeduca.com\/es\/tienda\/"},{"@type":"ListItem","position":3,"name":"Mortina 6: La habitaci\u00f3n secreta"}]},{"@type":"WebSite","@id":"https:\/\/lij.ismeduca.com\/es\/#website","url":"https:\/\/lij.ismeduca.com\/es\/","name":"Literatura SM Espa\u00f1a","description":"","publisher":{"@id":"https:\/\/lij.ismeduca.com\/es\/#organization"},"potentialAction":[{"@type":"SearchAction","target":{"@type":"EntryPoint","urlTemplate":"https:\/\/lij.ismeduca.com\/es\/?s={search_term_string}"},"query-input":{"@type":"PropertyValueSpecification","valueRequired":true,"valueName":"search_term_string"}}],"inLanguage":"es"},{"@type":"Organization","@id":"https:\/\/lij.ismeduca.com\/es\/#organization","name":"Literatura SM Espa\u00f1a","url":"https:\/\/lij.ismeduca.com\/es\/","logo":{"@type":"ImageObject","inLanguage":"es","@id":"https:\/\/lij.ismeduca.com\/es\/#\/schema\/logo\/image\/","url":"https:\/\/lij.ismeduca.com\/es\/wp-content\/uploads\/sites\/10\/2024\/07\/logo-cabecera.png","contentUrl":"https:\/\/lij.ismeduca.com\/es\/wp-content\/uploads\/sites\/10\/2024\/07\/logo-cabecera.png","width":396,"height":64,"caption":"Literatura SM Espa\u00f1a"},"image":{"@id":"https:\/\/lij.ismeduca.com\/es\/#\/schema\/logo\/image\/"}}]}},"_links":{"self":[{"href":"https:\/\/lij.ismeduca.com\/es\/wp-json\/wp\/v2\/product\/21958","targetHints":{"allow":["GET"]}}],"collection":[{"href":"https:\/\/lij.ismeduca.com\/es\/wp-json\/wp\/v2\/product"}],"about":[{"href":"https:\/\/lij.ismeduca.com\/es\/wp-json\/wp\/v2\/types\/product"}],"version-history":[{"count":2,"href":"https:\/\/lij.ismeduca.com\/es\/wp-json\/wp\/v2\/product\/21958\/revisions"}],"predecessor-version":[{"id":30583,"href":"https:\/\/lij.ismeduca.com\/es\/wp-json\/wp\/v2\/product\/21958\/revisions\/30583"}],"wp:featuredmedia":[{"embeddable":true,"href":"https:\/\/lij.ismeduca.com\/es\/wp-json\/wp\/v2\/media\/36259"}],"wp:attachment":[{"href":"https:\/\/lij.ismeduca.com\/es\/wp-json\/wp\/v2\/media?parent=21958"}],"wp:term":[{"taxonomy":"product_brand","embeddable":true,"href":"https:\/\/lij.ismeduca.com\/es\/wp-json\/wp\/v2\/product_brand?post=21958"},{"taxonomy":"product_cat","embeddable":true,"href":"https:\/\/lij.ismeduca.com\/es\/wp-json\/wp\/v2\/product_cat?post=21958"},{"taxonomy":"product_tag","embeddable":true,"href":"https:\/\/lij.ismeduca.com\/es\/wp-json\/wp\/v2\/product_tag?post=21958"},{"taxonomy":"asignatura","embeddable":true,"href":"https:\/\/lij.ismeduca.com\/es\/wp-json\/wp\/v2\/asignatura?post=21958"},{"taxonomy":"compania","embeddable":true,"href":"https:\/\/lij.ismeduca.com\/es\/wp-json\/wp\/v2\/compania?post=21958"},{"taxonomy":"curso","embeddable":true,"href":"https:\/\/lij.ismeduca.com\/es\/wp-json\/wp\/v2\/curso?post=21958"},{"taxonomy":"idiomas","embeddable":true,"href":"https:\/\/lij.ismeduca.com\/es\/wp-json\/wp\/v2\/idiomas?post=21958"},{"taxonomy":"genero","embeddable":true,"href":"https:\/\/lij.ismeduca.com\/es\/wp-json\/wp\/v2\/genero?post=21958"},{"taxonomy":"linea","embeddable":true,"href":"https:\/\/lij.ismeduca.com\/es\/wp-json\/wp\/v2\/linea?post=21958"},{"taxonomy":"premio","embeddable":true,"href":"https:\/\/lij.ismeduca.com\/es\/wp-json\/wp\/v2\/premio?post=21958"},{"taxonomy":"proyecto-editorial","embeddable":true,"href":"https:\/\/lij.ismeduca.com\/es\/wp-json\/wp\/v2\/proyecto-editorial?post=21958"},{"taxonomy":"tipo-de-libro","embeddable":true,"href":"https:\/\/lij.ismeduca.com\/es\/wp-json\/wp\/v2\/tipo-de-libro?post=21958"},{"taxonomy":"soporte","embeddable":true,"href":"https:\/\/lij.ismeduca.com\/es\/wp-json\/wp\/v2\/soporte?post=21958"},{"taxonomy":"zona-geografica","embeddable":true,"href":"https:\/\/lij.ismeduca.com\/es\/wp-json\/wp\/v2\/zona-geografica?post=21958"},{"taxonomy":"autores","embeddable":true,"href":"https:\/\/lij.ismeduca.com\/es\/wp-json\/wp\/v2\/autores?post=21958"},{"taxonomy":"colecciones","embeddable":true,"href":"https:\/\/lij.ismeduca.com\/es\/wp-json\/wp\/v2\/colecciones?post=21958"},{"taxonomy":"personajes","embeddable":true,"href":"https:\/\/lij.ismeduca.com\/es\/wp-json\/wp\/v2\/personajes?post=21958"}],"curies":[{"name":"wp","href":"https:\/\/api.w.org\/{rel}","templated":true}]}}