{"id":21959,"date":"2025-10-14T00:00:00","date_gmt":"2025-10-28T19:57:49","guid":{"rendered":"https:\/\/lij.ismeduca.com\/es\/?post_type=product&#038;p=21959"},"modified":"2025-12-23T13:12:53","modified_gmt":"2025-12-23T12:12:53","slug":"el-concurso-de-papa-noel","status":"publish","type":"product","link":"https:\/\/lij.ismeduca.com\/es\/producto\/el-concurso-de-papa-noel\/","title":{"rendered":"El concurso de Pap\u00e1 Noel"},"content":{"rendered":"","protected":false},"excerpt":{"rendered":"<p>\u00a1Pap\u00e1 Noel ha organizado&nbsp;un gran concurso!&nbsp;\u00bfSue\u00f1as con acariciar a un reno?&nbsp;\u00bfTe encantan los \u00e1rboles de Navidad?&nbsp;\u00bfParticipar\u00edas en una carrera de trineos?&nbsp;\u00a1Entonces este concurso es para ti!&nbsp;Ap\u00fantate y, si ganas, podr\u00e1s repartir regalos&nbsp;la noche del 24 de diciembre&#8230;&nbsp;\u00a1Pap\u00e1 Noel te espera!<\/p>\n<p>Un libro de Adviento con un cap\u00edtulo para cada d\u00eda diciembre hasta la llegada de Pap\u00e1 Noel.<\/p>\n","protected":false},"featured_media":38844,"template":"","meta":{"_acf_changed":false,"inline_featured_image":false},"product_brand":[],"product_cat":[4691],"product_tag":[452,357,298,481,306,2058],"asignatura":[],"compania":[252],"curso":[],"idiomas":[1948],"genero":[275],"linea":[250],"premio":[],"proyecto-editorial":[323],"tipo-de-libro":[249],"soporte":[2004],"zona-geografica":[],"autores":[2583,2584,4475,4560],"colecciones":[2161],"personajes":[],"class_list":{"0":"post-21959","1":"product","2":"type-product","3":"status-publish","4":"has-post-thumbnail","6":"product_cat-libro-de-adviento","7":"product_tag-adviento","8":"product_tag-fiestas-populares","9":"product_tag-literatura-infantil","10":"product_tag-magia","11":"product_tag-navidad","12":"product_tag-ntx","13":"pa_codigo-sap-ntx","14":"compania-f-sta-maria-ediciones-sm-es","15":"idiomas-espanol","16":"genero-fantasia","17":"linea-narrativa","18":"proyecto-editorial-6-12","19":"tipo-de-libro-fisico","20":"soporte-libro","21":"autores-benedetta-capriotti","22":"autores-maxime-gillio","23":"autores-patrycja-katarzyna-jurkowska","24":"autores-xohana-bastida-calvo","25":"colecciones-libro-de-adviento","27":"first","28":"outofstock","29":"taxable","30":"shipping-taxable","31":"purchasable","32":"product-type-simple"},"acf":{"id_catalogo":"650","shortTitle":"LA.EL CONCURSO DE PAPA NOEL","descripcion":"<p>\u00a1Pap\u00e1 Noel ha organizado&nbsp;un gran concurso!&nbsp;\u00bfSue\u00f1as con acariciar a un reno?&nbsp;\u00bfTe encantan los \u00e1rboles de Navidad?&nbsp;\u00bfParticipar\u00edas en una carrera de trineos?&nbsp;\u00a1Entonces este concurso es para ti!&nbsp;Ap\u00fantate y, si ganas, podr\u00e1s repartir regalos&nbsp;la noche del 24 de diciembre...&nbsp;\u00a1Pap\u00e1 Noel te espera!<\/p>\n<p>Un libro de Adviento con un cap\u00edtulo para cada d\u00eda diciembre hasta la llegada de Pap\u00e1 Noel.<\/p>","adjuntos":null,"descriptivePhrases":[{"type":"General","text":"Un libro de Adviento con un cap\u00edtulo para cada d\u00eda diciembre hasta la llegada de Pap\u00e1 Noel."}],"productSap":"NTX","isbn":"9788410550650","precio_colegios":13.94,"precio_librerias":13.94,"precio_librerias_sin_cobertura":13.94,"precio_distribuidores":13.94,"fecha_disponibilidad":null,"fecha_comercial":"20251014","organizacion_venta":"","datos_para_buscador":"Benedetta Capriotti, Xohana Bastida Calvo, Patrycja Katarzyna Jurkowska, Maxime Gillio, Libro de adviento, "},"yoast_head":"<!-- This site is optimized with the Yoast SEO plugin v26.6 - https:\/\/yoast.com\/wordpress\/plugins\/seo\/ -->\n<title>El concurso de Pap\u00e1 Noel - Literatura SM Espa\u00f1a<\/title>\n<meta name=\"robots\" content=\"noindex, follow, max-snippet:-1, max-image-preview:large, max-video-preview:-1\" \/>\n<meta property=\"og:locale\" content=\"es_ES\" \/>\n<meta property=\"og:type\" content=\"article\" \/>\n<meta property=\"og:title\" content=\"El concurso de Pap\u00e1 Noel - Literatura SM Espa\u00f1a\" \/>\n<meta property=\"og:url\" content=\"https:\/\/lij.ismeduca.com\/es\/producto\/el-concurso-de-papa-noel\/\" \/>\n<meta property=\"og:site_name\" content=\"Literatura SM Espa\u00f1a\" \/>\n<meta property=\"article:modified_time\" content=\"2025-12-23T12:12:53+00:00\" \/>\n<meta name=\"twitter:card\" content=\"summary_large_image\" \/>\n<script type=\"application\/ld+json\" class=\"yoast-schema-graph\">{\"@context\":\"https:\/\/schema.org\",\"@graph\":[{\"@type\":\"WebPage\",\"@id\":\"https:\/\/lij.ismeduca.com\/es\/producto\/el-concurso-de-papa-noel\/\",\"url\":\"https:\/\/lij.ismeduca.com\/es\/producto\/el-concurso-de-papa-noel\/\",\"name\":\"El concurso de Pap\u00e1 Noel - Literatura SM Espa\u00f1a\",\"isPartOf\":{\"@id\":\"https:\/\/lij.ismeduca.com\/es\/#website\"},\"primaryImageOfPage\":{\"@id\":\"https:\/\/lij.ismeduca.com\/es\/producto\/el-concurso-de-papa-noel\/#primaryimage\"},\"image\":{\"@id\":\"https:\/\/lij.ismeduca.com\/es\/producto\/el-concurso-de-papa-noel\/#primaryimage\"},\"thumbnailUrl\":\"https:\/\/lij.ismeduca.com\/es\/wp-content\/uploads\/sites\/10\/2025\/12\/21959.jpg\",\"datePublished\":\"2025-10-28T19:57:49+00:00\",\"dateModified\":\"2025-12-23T12:12:53+00:00\",\"breadcrumb\":{\"@id\":\"https:\/\/lij.ismeduca.com\/es\/producto\/el-concurso-de-papa-noel\/#breadcrumb\"},\"inLanguage\":\"es\",\"potentialAction\":[{\"@type\":\"ReadAction\",\"target\":[\"https:\/\/lij.ismeduca.com\/es\/producto\/el-concurso-de-papa-noel\/\"]}]},{\"@type\":\"ImageObject\",\"inLanguage\":\"es\",\"@id\":\"https:\/\/lij.ismeduca.com\/es\/producto\/el-concurso-de-papa-noel\/#primaryimage\",\"url\":\"https:\/\/lij.ismeduca.com\/es\/wp-content\/uploads\/sites\/10\/2025\/12\/21959.jpg\",\"contentUrl\":\"https:\/\/lij.ismeduca.com\/es\/wp-content\/uploads\/sites\/10\/2025\/12\/21959.jpg\",\"width\":600,\"height\":770},{\"@type\":\"BreadcrumbList\",\"@id\":\"https:\/\/lij.ismeduca.com\/es\/producto\/el-concurso-de-papa-noel\/#breadcrumb\",\"itemListElement\":[{\"@type\":\"ListItem\",\"position\":1,\"name\":\"Portada\",\"item\":\"https:\/\/lij.ismeduca.com\/es\/\"},{\"@type\":\"ListItem\",\"position\":2,\"name\":\"Tienda\",\"item\":\"https:\/\/lij.ismeduca.com\/es\/tienda\/\"},{\"@type\":\"ListItem\",\"position\":3,\"name\":\"El concurso de Pap\u00e1 Noel\"}]},{\"@type\":\"WebSite\",\"@id\":\"https:\/\/lij.ismeduca.com\/es\/#website\",\"url\":\"https:\/\/lij.ismeduca.com\/es\/\",\"name\":\"Literatura SM Espa\u00f1a\",\"description\":\"\",\"publisher\":{\"@id\":\"https:\/\/lij.ismeduca.com\/es\/#organization\"},\"potentialAction\":[{\"@type\":\"SearchAction\",\"target\":{\"@type\":\"EntryPoint\",\"urlTemplate\":\"https:\/\/lij.ismeduca.com\/es\/?s={search_term_string}\"},\"query-input\":{\"@type\":\"PropertyValueSpecification\",\"valueRequired\":true,\"valueName\":\"search_term_string\"}}],\"inLanguage\":\"es\"},{\"@type\":\"Organization\",\"@id\":\"https:\/\/lij.ismeduca.com\/es\/#organization\",\"name\":\"Literatura SM Espa\u00f1a\",\"url\":\"https:\/\/lij.ismeduca.com\/es\/\",\"logo\":{\"@type\":\"ImageObject\",\"inLanguage\":\"es\",\"@id\":\"https:\/\/lij.ismeduca.com\/es\/#\/schema\/logo\/image\/\",\"url\":\"https:\/\/lij.ismeduca.com\/es\/wp-content\/uploads\/sites\/10\/2024\/07\/logo-cabecera.png\",\"contentUrl\":\"https:\/\/lij.ismeduca.com\/es\/wp-content\/uploads\/sites\/10\/2024\/07\/logo-cabecera.png\",\"width\":396,\"height\":64,\"caption\":\"Literatura SM Espa\u00f1a\"},\"image\":{\"@id\":\"https:\/\/lij.ismeduca.com\/es\/#\/schema\/logo\/image\/\"}}]}<\/script>\n<!-- \/ Yoast SEO plugin. -->","yoast_head_json":{"title":"El concurso de Pap\u00e1 Noel - Literatura SM Espa\u00f1a","robots":{"index":"noindex","follow":"follow","max-snippet":"max-snippet:-1","max-image-preview":"max-image-preview:large","max-video-preview":"max-video-preview:-1"},"og_locale":"es_ES","og_type":"article","og_title":"El concurso de Pap\u00e1 Noel - Literatura SM Espa\u00f1a","og_url":"https:\/\/lij.ismeduca.com\/es\/producto\/el-concurso-de-papa-noel\/","og_site_name":"Literatura SM Espa\u00f1a","article_modified_time":"2025-12-23T12:12:53+00:00","twitter_card":"summary_large_image","schema":{"@context":"https:\/\/schema.org","@graph":[{"@type":"WebPage","@id":"https:\/\/lij.ismeduca.com\/es\/producto\/el-concurso-de-papa-noel\/","url":"https:\/\/lij.ismeduca.com\/es\/producto\/el-concurso-de-papa-noel\/","name":"El concurso de Pap\u00e1 Noel - Literatura SM Espa\u00f1a","isPartOf":{"@id":"https:\/\/lij.ismeduca.com\/es\/#website"},"primaryImageOfPage":{"@id":"https:\/\/lij.ismeduca.com\/es\/producto\/el-concurso-de-papa-noel\/#primaryimage"},"image":{"@id":"https:\/\/lij.ismeduca.com\/es\/producto\/el-concurso-de-papa-noel\/#primaryimage"},"thumbnailUrl":"https:\/\/lij.ismeduca.com\/es\/wp-content\/uploads\/sites\/10\/2025\/12\/21959.jpg","datePublished":"2025-10-28T19:57:49+00:00","dateModified":"2025-12-23T12:12:53+00:00","breadcrumb":{"@id":"https:\/\/lij.ismeduca.com\/es\/producto\/el-concurso-de-papa-noel\/#breadcrumb"},"inLanguage":"es","potentialAction":[{"@type":"ReadAction","target":["https:\/\/lij.ismeduca.com\/es\/producto\/el-concurso-de-papa-noel\/"]}]},{"@type":"ImageObject","inLanguage":"es","@id":"https:\/\/lij.ismeduca.com\/es\/producto\/el-concurso-de-papa-noel\/#primaryimage","url":"https:\/\/lij.ismeduca.com\/es\/wp-content\/uploads\/sites\/10\/2025\/12\/21959.jpg","contentUrl":"https:\/\/lij.ismeduca.com\/es\/wp-content\/uploads\/sites\/10\/2025\/12\/21959.jpg","width":600,"height":770},{"@type":"BreadcrumbList","@id":"https:\/\/lij.ismeduca.com\/es\/producto\/el-concurso-de-papa-noel\/#breadcrumb","itemListElement":[{"@type":"ListItem","position":1,"name":"Portada","item":"https:\/\/lij.ismeduca.com\/es\/"},{"@type":"ListItem","position":2,"name":"Tienda","item":"https:\/\/lij.ismeduca.com\/es\/tienda\/"},{"@type":"ListItem","position":3,"name":"El concurso de Pap\u00e1 Noel"}]},{"@type":"WebSite","@id":"https:\/\/lij.ismeduca.com\/es\/#website","url":"https:\/\/lij.ismeduca.com\/es\/","name":"Literatura SM Espa\u00f1a","description":"","publisher":{"@id":"https:\/\/lij.ismeduca.com\/es\/#organization"},"potentialAction":[{"@type":"SearchAction","target":{"@type":"EntryPoint","urlTemplate":"https:\/\/lij.ismeduca.com\/es\/?s={search_term_string}"},"query-input":{"@type":"PropertyValueSpecification","valueRequired":true,"valueName":"search_term_string"}}],"inLanguage":"es"},{"@type":"Organization","@id":"https:\/\/lij.ismeduca.com\/es\/#organization","name":"Literatura SM Espa\u00f1a","url":"https:\/\/lij.ismeduca.com\/es\/","logo":{"@type":"ImageObject","inLanguage":"es","@id":"https:\/\/lij.ismeduca.com\/es\/#\/schema\/logo\/image\/","url":"https:\/\/lij.ismeduca.com\/es\/wp-content\/uploads\/sites\/10\/2024\/07\/logo-cabecera.png","contentUrl":"https:\/\/lij.ismeduca.com\/es\/wp-content\/uploads\/sites\/10\/2024\/07\/logo-cabecera.png","width":396,"height":64,"caption":"Literatura SM Espa\u00f1a"},"image":{"@id":"https:\/\/lij.ismeduca.com\/es\/#\/schema\/logo\/image\/"}}]}},"_links":{"self":[{"href":"https:\/\/lij.ismeduca.com\/es\/wp-json\/wp\/v2\/product\/21959","targetHints":{"allow":["GET"]}}],"collection":[{"href":"https:\/\/lij.ismeduca.com\/es\/wp-json\/wp\/v2\/product"}],"about":[{"href":"https:\/\/lij.ismeduca.com\/es\/wp-json\/wp\/v2\/types\/product"}],"version-history":[{"count":2,"href":"https:\/\/lij.ismeduca.com\/es\/wp-json\/wp\/v2\/product\/21959\/revisions"}],"predecessor-version":[{"id":30585,"href":"https:\/\/lij.ismeduca.com\/es\/wp-json\/wp\/v2\/product\/21959\/revisions\/30585"}],"wp:featuredmedia":[{"embeddable":true,"href":"https:\/\/lij.ismeduca.com\/es\/wp-json\/wp\/v2\/media\/38844"}],"wp:attachment":[{"href":"https:\/\/lij.ismeduca.com\/es\/wp-json\/wp\/v2\/media?parent=21959"}],"wp:term":[{"taxonomy":"product_brand","embeddable":true,"href":"https:\/\/lij.ismeduca.com\/es\/wp-json\/wp\/v2\/product_brand?post=21959"},{"taxonomy":"product_cat","embeddable":true,"href":"https:\/\/lij.ismeduca.com\/es\/wp-json\/wp\/v2\/product_cat?post=21959"},{"taxonomy":"product_tag","embeddable":true,"href":"https:\/\/lij.ismeduca.com\/es\/wp-json\/wp\/v2\/product_tag?post=21959"},{"taxonomy":"asignatura","embeddable":true,"href":"https:\/\/lij.ismeduca.com\/es\/wp-json\/wp\/v2\/asignatura?post=21959"},{"taxonomy":"compania","embeddable":true,"href":"https:\/\/lij.ismeduca.com\/es\/wp-json\/wp\/v2\/compania?post=21959"},{"taxonomy":"curso","embeddable":true,"href":"https:\/\/lij.ismeduca.com\/es\/wp-json\/wp\/v2\/curso?post=21959"},{"taxonomy":"idiomas","embeddable":true,"href":"https:\/\/lij.ismeduca.com\/es\/wp-json\/wp\/v2\/idiomas?post=21959"},{"taxonomy":"genero","embeddable":true,"href":"https:\/\/lij.ismeduca.com\/es\/wp-json\/wp\/v2\/genero?post=21959"},{"taxonomy":"linea","embeddable":true,"href":"https:\/\/lij.ismeduca.com\/es\/wp-json\/wp\/v2\/linea?post=21959"},{"taxonomy":"premio","embeddable":true,"href":"https:\/\/lij.ismeduca.com\/es\/wp-json\/wp\/v2\/premio?post=21959"},{"taxonomy":"proyecto-editorial","embeddable":true,"href":"https:\/\/lij.ismeduca.com\/es\/wp-json\/wp\/v2\/proyecto-editorial?post=21959"},{"taxonomy":"tipo-de-libro","embeddable":true,"href":"https:\/\/lij.ismeduca.com\/es\/wp-json\/wp\/v2\/tipo-de-libro?post=21959"},{"taxonomy":"soporte","embeddable":true,"href":"https:\/\/lij.ismeduca.com\/es\/wp-json\/wp\/v2\/soporte?post=21959"},{"taxonomy":"zona-geografica","embeddable":true,"href":"https:\/\/lij.ismeduca.com\/es\/wp-json\/wp\/v2\/zona-geografica?post=21959"},{"taxonomy":"autores","embeddable":true,"href":"https:\/\/lij.ismeduca.com\/es\/wp-json\/wp\/v2\/autores?post=21959"},{"taxonomy":"colecciones","embeddable":true,"href":"https:\/\/lij.ismeduca.com\/es\/wp-json\/wp\/v2\/colecciones?post=21959"},{"taxonomy":"personajes","embeddable":true,"href":"https:\/\/lij.ismeduca.com\/es\/wp-json\/wp\/v2\/personajes?post=21959"}],"curies":[{"name":"wp","href":"https:\/\/api.w.org\/{rel}","templated":true}]}}