{"id":21963,"date":"2025-10-02T00:00:00","date_gmt":"2025-10-28T19:57:50","guid":{"rendered":"https:\/\/lij.ismeduca.com\/es\/?post_type=product&#038;p=21963"},"modified":"2025-12-23T13:10:27","modified_gmt":"2025-12-23T12:10:27","slug":"jaque-mate-tacticas-y-secretos-del-ajedrez","status":"publish","type":"product","link":"https:\/\/lij.ismeduca.com\/es\/producto\/jaque-mate-tacticas-y-secretos-del-ajedrez\/","title":{"rendered":"Jaque mate. T\u00e1cticas y secretos del ajedrez"},"content":{"rendered":"","protected":false},"excerpt":{"rendered":"<p>\u00bfQuieres adentrarte&nbsp;en el incre\u00edble mundo del ajedrez?&nbsp;\u00a1Pues est\u00e1s de suerte! Tienes en tus manos&nbsp;la mejor gu\u00eda para conocer a fondo las reglas&nbsp;y los fundamentos de este cl\u00e1sico juego.<\/p>\n<p>Con ayuda del Maestro James Canty III,&nbsp;podr\u00e1s poner en pr\u00e1ctica una apertura perfecta,&nbsp;aprender trampas infalibles para tus oponentes y conocer a las mentes m\u00e1s brillantes&nbsp;<br \/>\nde este estrat\u00e9gico deporte.&nbsp;<\/p>\n<p><strong>\u00bfTe atreves a jugar?&nbsp;<\/strong><\/p>\n","protected":false},"featured_media":36183,"template":"","meta":{"_acf_changed":false,"inline_featured_image":false},"product_brand":[],"product_cat":[4706],"product_tag":[1267,1589,2019,317,1504,1036,391,1370,2058],"asignatura":[],"compania":[252],"curso":[],"idiomas":[1948],"genero":[369],"linea":[372],"premio":[],"proyecto-editorial":[323],"tipo-de-libro":[249],"soporte":[2004],"zona-geografica":[],"autores":[2580,4543,2579,4475],"colecciones":[],"personajes":[],"class_list":{"0":"post-21963","1":"product","2":"type-product","3":"status-publish","4":"has-post-thumbnail","6":"product_cat-6-12-anos","7":"product_tag-actividades-de-aprendizaje","8":"product_tag-ajedrez","9":"product_tag-estrategias-de-resolucion-de-sistemas","10":"product_tag-juegos-de-mesa","11":"product_tag-juegos-didacticos","12":"product_tag-juegos-tradicionales","13":"product_tag-libro-juego","14":"product_tag-logica-matematica","15":"product_tag-ntx","16":"pa_codigo-sap-ntx","17":"compania-f-sta-maria-ediciones-sm-es","18":"idiomas-espanol","19":"genero-divulgacion","20":"linea-conocimiento","21":"proyecto-editorial-6-12","22":"tipo-de-libro-fisico","23":"soporte-libro","24":"autores-brian-lambert","25":"autores-iria-torres-garcia","26":"autores-james-canty-iii","27":"autores-patrycja-katarzyna-jurkowska","29":"first","30":"instock","31":"taxable","32":"shipping-taxable","33":"purchasable","34":"product-type-simple"},"acf":{"id_catalogo":"650","shortTitle":"JAQUE MATE","descripcion":"<p>\u00bfQuieres adentrarte&nbsp;en el incre\u00edble mundo del ajedrez?&nbsp;\u00a1Pues est\u00e1s de suerte! Tienes en tus manos&nbsp;la mejor gu\u00eda para conocer a fondo las reglas&nbsp;y los fundamentos de este cl\u00e1sico juego.<\/p>\n<p>Con ayuda del Maestro James Canty III,&nbsp;podr\u00e1s poner en pr\u00e1ctica una apertura perfecta,&nbsp;aprender trampas infalibles para tus oponentes y conocer a las mentes m\u00e1s brillantes&nbsp;<br \/>\nde este estrat\u00e9gico deporte.&nbsp;<\/p>\n<p><strong>\u00bfTe atreves a jugar?&nbsp;<\/strong><\/p>","adjuntos":null,"descriptivePhrases":[{"type":"General","text":"Una gu\u00eda del ajedrez como nunca hab\u00edas visto antes. \u00bfTe atreves a jugar? "}],"productSap":"NTX","isbn":"9788410550452","precio_colegios":17.26,"precio_librerias":17.26,"precio_librerias_sin_cobertura":17.26,"precio_distribuidores":17.26,"fecha_disponibilidad":null,"fecha_comercial":"20251002","organizacion_venta":"","datos_para_buscador":"Brian Lambert, Iria Torres Garc\u00eda, Patrycja Katarzyna Jurkowska, James Canty III, "},"yoast_head":"<!-- This site is optimized with the Yoast SEO plugin v26.6 - https:\/\/yoast.com\/wordpress\/plugins\/seo\/ -->\n<title>Jaque mate. T\u00e1cticas y secretos del ajedrez - Literatura SM Espa\u00f1a<\/title>\n<meta name=\"robots\" content=\"noindex, follow, max-snippet:-1, max-image-preview:large, max-video-preview:-1\" \/>\n<meta property=\"og:locale\" content=\"es_ES\" \/>\n<meta property=\"og:type\" content=\"article\" \/>\n<meta property=\"og:title\" content=\"Jaque mate. T\u00e1cticas y secretos del ajedrez - Literatura SM Espa\u00f1a\" \/>\n<meta property=\"og:url\" content=\"https:\/\/lij.ismeduca.com\/es\/producto\/jaque-mate-tacticas-y-secretos-del-ajedrez\/\" \/>\n<meta property=\"og:site_name\" content=\"Literatura SM Espa\u00f1a\" \/>\n<meta property=\"article:modified_time\" content=\"2025-12-23T12:10:27+00:00\" \/>\n<meta name=\"twitter:card\" content=\"summary_large_image\" \/>\n<script type=\"application\/ld+json\" class=\"yoast-schema-graph\">{\"@context\":\"https:\/\/schema.org\",\"@graph\":[{\"@type\":\"WebPage\",\"@id\":\"https:\/\/lij.ismeduca.com\/es\/producto\/jaque-mate-tacticas-y-secretos-del-ajedrez\/\",\"url\":\"https:\/\/lij.ismeduca.com\/es\/producto\/jaque-mate-tacticas-y-secretos-del-ajedrez\/\",\"name\":\"Jaque mate. T\u00e1cticas y secretos del ajedrez - Literatura SM Espa\u00f1a\",\"isPartOf\":{\"@id\":\"https:\/\/lij.ismeduca.com\/es\/#website\"},\"primaryImageOfPage\":{\"@id\":\"https:\/\/lij.ismeduca.com\/es\/producto\/jaque-mate-tacticas-y-secretos-del-ajedrez\/#primaryimage\"},\"image\":{\"@id\":\"https:\/\/lij.ismeduca.com\/es\/producto\/jaque-mate-tacticas-y-secretos-del-ajedrez\/#primaryimage\"},\"thumbnailUrl\":\"https:\/\/lij.ismeduca.com\/es\/wp-content\/uploads\/sites\/10\/2025\/12\/21963.jpg\",\"datePublished\":\"2025-10-28T19:57:50+00:00\",\"dateModified\":\"2025-12-23T12:10:27+00:00\",\"breadcrumb\":{\"@id\":\"https:\/\/lij.ismeduca.com\/es\/producto\/jaque-mate-tacticas-y-secretos-del-ajedrez\/#breadcrumb\"},\"inLanguage\":\"es\",\"potentialAction\":[{\"@type\":\"ReadAction\",\"target\":[\"https:\/\/lij.ismeduca.com\/es\/producto\/jaque-mate-tacticas-y-secretos-del-ajedrez\/\"]}]},{\"@type\":\"ImageObject\",\"inLanguage\":\"es\",\"@id\":\"https:\/\/lij.ismeduca.com\/es\/producto\/jaque-mate-tacticas-y-secretos-del-ajedrez\/#primaryimage\",\"url\":\"https:\/\/lij.ismeduca.com\/es\/wp-content\/uploads\/sites\/10\/2025\/12\/21963.jpg\",\"contentUrl\":\"https:\/\/lij.ismeduca.com\/es\/wp-content\/uploads\/sites\/10\/2025\/12\/21963.jpg\",\"width\":600,\"height\":803},{\"@type\":\"BreadcrumbList\",\"@id\":\"https:\/\/lij.ismeduca.com\/es\/producto\/jaque-mate-tacticas-y-secretos-del-ajedrez\/#breadcrumb\",\"itemListElement\":[{\"@type\":\"ListItem\",\"position\":1,\"name\":\"Portada\",\"item\":\"https:\/\/lij.ismeduca.com\/es\/\"},{\"@type\":\"ListItem\",\"position\":2,\"name\":\"Tienda\",\"item\":\"https:\/\/lij.ismeduca.com\/es\/tienda\/\"},{\"@type\":\"ListItem\",\"position\":3,\"name\":\"Jaque mate. T\u00e1cticas y secretos del ajedrez\"}]},{\"@type\":\"WebSite\",\"@id\":\"https:\/\/lij.ismeduca.com\/es\/#website\",\"url\":\"https:\/\/lij.ismeduca.com\/es\/\",\"name\":\"Literatura SM Espa\u00f1a\",\"description\":\"\",\"publisher\":{\"@id\":\"https:\/\/lij.ismeduca.com\/es\/#organization\"},\"potentialAction\":[{\"@type\":\"SearchAction\",\"target\":{\"@type\":\"EntryPoint\",\"urlTemplate\":\"https:\/\/lij.ismeduca.com\/es\/?s={search_term_string}\"},\"query-input\":{\"@type\":\"PropertyValueSpecification\",\"valueRequired\":true,\"valueName\":\"search_term_string\"}}],\"inLanguage\":\"es\"},{\"@type\":\"Organization\",\"@id\":\"https:\/\/lij.ismeduca.com\/es\/#organization\",\"name\":\"Literatura SM Espa\u00f1a\",\"url\":\"https:\/\/lij.ismeduca.com\/es\/\",\"logo\":{\"@type\":\"ImageObject\",\"inLanguage\":\"es\",\"@id\":\"https:\/\/lij.ismeduca.com\/es\/#\/schema\/logo\/image\/\",\"url\":\"https:\/\/lij.ismeduca.com\/es\/wp-content\/uploads\/sites\/10\/2024\/07\/logo-cabecera.png\",\"contentUrl\":\"https:\/\/lij.ismeduca.com\/es\/wp-content\/uploads\/sites\/10\/2024\/07\/logo-cabecera.png\",\"width\":396,\"height\":64,\"caption\":\"Literatura SM Espa\u00f1a\"},\"image\":{\"@id\":\"https:\/\/lij.ismeduca.com\/es\/#\/schema\/logo\/image\/\"}}]}<\/script>\n<!-- \/ Yoast SEO plugin. -->","yoast_head_json":{"title":"Jaque mate. T\u00e1cticas y secretos del ajedrez - Literatura SM Espa\u00f1a","robots":{"index":"noindex","follow":"follow","max-snippet":"max-snippet:-1","max-image-preview":"max-image-preview:large","max-video-preview":"max-video-preview:-1"},"og_locale":"es_ES","og_type":"article","og_title":"Jaque mate. T\u00e1cticas y secretos del ajedrez - Literatura SM Espa\u00f1a","og_url":"https:\/\/lij.ismeduca.com\/es\/producto\/jaque-mate-tacticas-y-secretos-del-ajedrez\/","og_site_name":"Literatura SM Espa\u00f1a","article_modified_time":"2025-12-23T12:10:27+00:00","twitter_card":"summary_large_image","schema":{"@context":"https:\/\/schema.org","@graph":[{"@type":"WebPage","@id":"https:\/\/lij.ismeduca.com\/es\/producto\/jaque-mate-tacticas-y-secretos-del-ajedrez\/","url":"https:\/\/lij.ismeduca.com\/es\/producto\/jaque-mate-tacticas-y-secretos-del-ajedrez\/","name":"Jaque mate. T\u00e1cticas y secretos del ajedrez - Literatura SM Espa\u00f1a","isPartOf":{"@id":"https:\/\/lij.ismeduca.com\/es\/#website"},"primaryImageOfPage":{"@id":"https:\/\/lij.ismeduca.com\/es\/producto\/jaque-mate-tacticas-y-secretos-del-ajedrez\/#primaryimage"},"image":{"@id":"https:\/\/lij.ismeduca.com\/es\/producto\/jaque-mate-tacticas-y-secretos-del-ajedrez\/#primaryimage"},"thumbnailUrl":"https:\/\/lij.ismeduca.com\/es\/wp-content\/uploads\/sites\/10\/2025\/12\/21963.jpg","datePublished":"2025-10-28T19:57:50+00:00","dateModified":"2025-12-23T12:10:27+00:00","breadcrumb":{"@id":"https:\/\/lij.ismeduca.com\/es\/producto\/jaque-mate-tacticas-y-secretos-del-ajedrez\/#breadcrumb"},"inLanguage":"es","potentialAction":[{"@type":"ReadAction","target":["https:\/\/lij.ismeduca.com\/es\/producto\/jaque-mate-tacticas-y-secretos-del-ajedrez\/"]}]},{"@type":"ImageObject","inLanguage":"es","@id":"https:\/\/lij.ismeduca.com\/es\/producto\/jaque-mate-tacticas-y-secretos-del-ajedrez\/#primaryimage","url":"https:\/\/lij.ismeduca.com\/es\/wp-content\/uploads\/sites\/10\/2025\/12\/21963.jpg","contentUrl":"https:\/\/lij.ismeduca.com\/es\/wp-content\/uploads\/sites\/10\/2025\/12\/21963.jpg","width":600,"height":803},{"@type":"BreadcrumbList","@id":"https:\/\/lij.ismeduca.com\/es\/producto\/jaque-mate-tacticas-y-secretos-del-ajedrez\/#breadcrumb","itemListElement":[{"@type":"ListItem","position":1,"name":"Portada","item":"https:\/\/lij.ismeduca.com\/es\/"},{"@type":"ListItem","position":2,"name":"Tienda","item":"https:\/\/lij.ismeduca.com\/es\/tienda\/"},{"@type":"ListItem","position":3,"name":"Jaque mate. T\u00e1cticas y secretos del ajedrez"}]},{"@type":"WebSite","@id":"https:\/\/lij.ismeduca.com\/es\/#website","url":"https:\/\/lij.ismeduca.com\/es\/","name":"Literatura SM Espa\u00f1a","description":"","publisher":{"@id":"https:\/\/lij.ismeduca.com\/es\/#organization"},"potentialAction":[{"@type":"SearchAction","target":{"@type":"EntryPoint","urlTemplate":"https:\/\/lij.ismeduca.com\/es\/?s={search_term_string}"},"query-input":{"@type":"PropertyValueSpecification","valueRequired":true,"valueName":"search_term_string"}}],"inLanguage":"es"},{"@type":"Organization","@id":"https:\/\/lij.ismeduca.com\/es\/#organization","name":"Literatura SM Espa\u00f1a","url":"https:\/\/lij.ismeduca.com\/es\/","logo":{"@type":"ImageObject","inLanguage":"es","@id":"https:\/\/lij.ismeduca.com\/es\/#\/schema\/logo\/image\/","url":"https:\/\/lij.ismeduca.com\/es\/wp-content\/uploads\/sites\/10\/2024\/07\/logo-cabecera.png","contentUrl":"https:\/\/lij.ismeduca.com\/es\/wp-content\/uploads\/sites\/10\/2024\/07\/logo-cabecera.png","width":396,"height":64,"caption":"Literatura SM Espa\u00f1a"},"image":{"@id":"https:\/\/lij.ismeduca.com\/es\/#\/schema\/logo\/image\/"}}]}},"_links":{"self":[{"href":"https:\/\/lij.ismeduca.com\/es\/wp-json\/wp\/v2\/product\/21963","targetHints":{"allow":["GET"]}}],"collection":[{"href":"https:\/\/lij.ismeduca.com\/es\/wp-json\/wp\/v2\/product"}],"about":[{"href":"https:\/\/lij.ismeduca.com\/es\/wp-json\/wp\/v2\/types\/product"}],"version-history":[{"count":2,"href":"https:\/\/lij.ismeduca.com\/es\/wp-json\/wp\/v2\/product\/21963\/revisions"}],"predecessor-version":[{"id":30593,"href":"https:\/\/lij.ismeduca.com\/es\/wp-json\/wp\/v2\/product\/21963\/revisions\/30593"}],"wp:featuredmedia":[{"embeddable":true,"href":"https:\/\/lij.ismeduca.com\/es\/wp-json\/wp\/v2\/media\/36183"}],"wp:attachment":[{"href":"https:\/\/lij.ismeduca.com\/es\/wp-json\/wp\/v2\/media?parent=21963"}],"wp:term":[{"taxonomy":"product_brand","embeddable":true,"href":"https:\/\/lij.ismeduca.com\/es\/wp-json\/wp\/v2\/product_brand?post=21963"},{"taxonomy":"product_cat","embeddable":true,"href":"https:\/\/lij.ismeduca.com\/es\/wp-json\/wp\/v2\/product_cat?post=21963"},{"taxonomy":"product_tag","embeddable":true,"href":"https:\/\/lij.ismeduca.com\/es\/wp-json\/wp\/v2\/product_tag?post=21963"},{"taxonomy":"asignatura","embeddable":true,"href":"https:\/\/lij.ismeduca.com\/es\/wp-json\/wp\/v2\/asignatura?post=21963"},{"taxonomy":"compania","embeddable":true,"href":"https:\/\/lij.ismeduca.com\/es\/wp-json\/wp\/v2\/compania?post=21963"},{"taxonomy":"curso","embeddable":true,"href":"https:\/\/lij.ismeduca.com\/es\/wp-json\/wp\/v2\/curso?post=21963"},{"taxonomy":"idiomas","embeddable":true,"href":"https:\/\/lij.ismeduca.com\/es\/wp-json\/wp\/v2\/idiomas?post=21963"},{"taxonomy":"genero","embeddable":true,"href":"https:\/\/lij.ismeduca.com\/es\/wp-json\/wp\/v2\/genero?post=21963"},{"taxonomy":"linea","embeddable":true,"href":"https:\/\/lij.ismeduca.com\/es\/wp-json\/wp\/v2\/linea?post=21963"},{"taxonomy":"premio","embeddable":true,"href":"https:\/\/lij.ismeduca.com\/es\/wp-json\/wp\/v2\/premio?post=21963"},{"taxonomy":"proyecto-editorial","embeddable":true,"href":"https:\/\/lij.ismeduca.com\/es\/wp-json\/wp\/v2\/proyecto-editorial?post=21963"},{"taxonomy":"tipo-de-libro","embeddable":true,"href":"https:\/\/lij.ismeduca.com\/es\/wp-json\/wp\/v2\/tipo-de-libro?post=21963"},{"taxonomy":"soporte","embeddable":true,"href":"https:\/\/lij.ismeduca.com\/es\/wp-json\/wp\/v2\/soporte?post=21963"},{"taxonomy":"zona-geografica","embeddable":true,"href":"https:\/\/lij.ismeduca.com\/es\/wp-json\/wp\/v2\/zona-geografica?post=21963"},{"taxonomy":"autores","embeddable":true,"href":"https:\/\/lij.ismeduca.com\/es\/wp-json\/wp\/v2\/autores?post=21963"},{"taxonomy":"colecciones","embeddable":true,"href":"https:\/\/lij.ismeduca.com\/es\/wp-json\/wp\/v2\/colecciones?post=21963"},{"taxonomy":"personajes","embeddable":true,"href":"https:\/\/lij.ismeduca.com\/es\/wp-json\/wp\/v2\/personajes?post=21963"}],"curies":[{"name":"wp","href":"https:\/\/api.w.org\/{rel}","templated":true}]}}