{"id":22213,"date":"2025-07-08T00:00:00","date_gmt":"2025-10-28T20:04:29","guid":{"rendered":"https:\/\/lij.ismeduca.com\/es\/?post_type=product&#038;p=22213"},"modified":"2025-12-23T13:11:28","modified_gmt":"2025-12-23T12:11:28","slug":"los-forasteros-del-tiempo-20-la-aventura-de-los-balbuena-con-napoleon","status":"publish","type":"product","link":"https:\/\/lij.ismeduca.com\/es\/producto\/los-forasteros-del-tiempo-20-la-aventura-de-los-balbuena-con-napoleon\/","title":{"rendered":"Los Forasteros del Tiempo 20: La aventura de los Balbuena con Napole\u00f3n"},"content":{"rendered":"","protected":false},"excerpt":{"rendered":"<p>Los Forasteros del Tiempo se enfrentan a su misi\u00f3n m\u00e1s arriesgada: viajar a la batalla m\u00e1s famosa de todos los tiempos, Waterloo. All\u00ed tendr\u00e1n que impedir la victoria de Napole\u00f3n Bonaparte. Si el emperador gana, conquistar\u00e1 el mundo entero, y la historia cambiar\u00e1 para siempre. Un momento, todo el mundo sabe que esa batalla la ganaron los ingleses&#8230; \u00bfqu\u00e9 ha provocado semejante giro? El responsable es Jean Paul, un carism\u00e1tico adolescente, hijo secreto de Napole\u00f3n. El chico lidera un grupo de valientes, los J\u00f3venes Dragones, cuyas haza\u00f1as cambiar\u00e1n el destino de occidente. Sebas, Mar\u00eda, Mini Seb y los dem\u00e1s se infiltran en el ej\u00e9rcito franc\u00e9s y viven mil aventuras junto al mism\u00edsimo emperador y su hijo. Napole\u00f3n tiene una personalidad tan cautivadora que har\u00e1 dudar a nuestros protagonistas: \u00bfdeben cumplir su misi\u00f3n, o traicionar por primera vez el objetivo de la agencia Balbuena y permitir que cambie la historia?&nbsp;Por si fuera poco,&nbsp;un secreto familiar de los Balbuena saldr\u00e1 a la luz durante el viaje y pondr\u00e1 todo patas arriba.<\/p>\n","protected":false},"featured_media":38957,"template":"","meta":{"_acf_changed":false,"inline_featured_image":false},"product_brand":[],"product_cat":[4731],"product_tag":[493,297,916,253,2020,2058,293,826],"asignatura":[],"compania":[252],"curso":[],"idiomas":[1948],"genero":[991],"linea":[250],"premio":[],"proyecto-editorial":[323],"tipo-de-libro":[249],"soporte":[2004],"zona-geografica":[],"autores":[3979,4216],"colecciones":[2289],"personajes":[],"class_list":{"0":"post-22213","1":"product","2":"type-product","3":"status-publish","4":"has-post-thumbnail","6":"product_cat-los-forasteros-del-tiempo","7":"product_tag-historia","8":"product_tag-literatura-de-aventuras","9":"product_tag-literatura-de-ciencia-ficcion","10":"product_tag-literatura-de-humor","11":"product_tag-napoleon-bonaparte","12":"product_tag-ntx","13":"product_tag-relaciones-familiares","14":"product_tag-viajes-en-el-tiempo","15":"pa_codigo-sap-ntx","16":"compania-f-sta-maria-ediciones-sm-es","17":"idiomas-espanol","18":"genero-ciencia-ficcion","19":"linea-narrativa","20":"proyecto-editorial-6-12","21":"tipo-de-libro-fisico","22":"soporte-libro","23":"autores-guillermo-esteban-bustos","24":"autores-roberto-santiago","25":"colecciones-los-forasteros-del-tiempo","27":"first","28":"instock","29":"taxable","30":"shipping-taxable","31":"purchasable","32":"product-type-simple"},"acf":{"id_catalogo":"650","shortTitle":"FDT.20 AVENTURA BALBUENA CON NAPOLEON","descripcion":"<p>Los Forasteros del Tiempo se enfrentan a su misi\u00f3n m\u00e1s arriesgada: viajar a la batalla m\u00e1s famosa de todos los tiempos, Waterloo. All\u00ed tendr\u00e1n que impedir la victoria de Napole\u00f3n Bonaparte. Si el emperador gana, conquistar\u00e1 el mundo entero, y la historia cambiar\u00e1 para siempre. Un momento, todo el mundo sabe que esa batalla la ganaron los ingleses... \u00bfqu\u00e9 ha provocado semejante giro? El responsable es Jean Paul, un carism\u00e1tico adolescente, hijo secreto de Napole\u00f3n. El chico lidera un grupo de valientes, los J\u00f3venes Dragones, cuyas haza\u00f1as cambiar\u00e1n el destino de occidente. Sebas, Mar\u00eda, Mini Seb y los dem\u00e1s se infiltran en el ej\u00e9rcito franc\u00e9s y viven mil aventuras junto al mism\u00edsimo emperador y su hijo. Napole\u00f3n tiene una personalidad tan cautivadora que har\u00e1 dudar a nuestros protagonistas: \u00bfdeben cumplir su misi\u00f3n, o traicionar por primera vez el objetivo de la agencia Balbuena y permitir que cambie la historia?&nbsp;Por si fuera poco,&nbsp;un secreto familiar de los Balbuena saldr\u00e1 a la luz durante el viaje y pondr\u00e1 todo patas arriba.<\/p>","adjuntos":null,"descriptivePhrases":[{"type":"General","text":"\u00a1La historia de Napole\u00f3n Bonaparte como nunca te la hab\u00edan contado!"}],"productSap":"NTX","isbn":"9788410550803","precio_colegios":12.45,"precio_librerias":12.45,"precio_librerias_sin_cobertura":12.45,"precio_distribuidores":12.45,"fecha_disponibilidad":null,"fecha_comercial":"20250708","organizacion_venta":"","datos_para_buscador":"Guillermo Esteban Bustos, Roberto Santiago, Los Forasteros del Tiempo, "},"yoast_head":"<!-- This site is optimized with the Yoast SEO plugin v26.6 - https:\/\/yoast.com\/wordpress\/plugins\/seo\/ -->\n<title>Los Forasteros del Tiempo 20: La aventura de los Balbuena con Napole\u00f3n - Literatura SM Espa\u00f1a<\/title>\n<meta name=\"robots\" content=\"noindex, follow, max-snippet:-1, max-image-preview:large, max-video-preview:-1\" \/>\n<meta property=\"og:locale\" content=\"es_ES\" \/>\n<meta property=\"og:type\" content=\"article\" \/>\n<meta property=\"og:title\" content=\"Los Forasteros del Tiempo 20: La aventura de los Balbuena con Napole\u00f3n - Literatura SM Espa\u00f1a\" \/>\n<meta property=\"og:url\" content=\"https:\/\/lij.ismeduca.com\/es\/producto\/los-forasteros-del-tiempo-20-la-aventura-de-los-balbuena-con-napoleon\/\" \/>\n<meta property=\"og:site_name\" content=\"Literatura SM Espa\u00f1a\" \/>\n<meta property=\"article:modified_time\" content=\"2025-12-23T12:11:28+00:00\" \/>\n<meta name=\"twitter:card\" content=\"summary_large_image\" \/>\n<script type=\"application\/ld+json\" class=\"yoast-schema-graph\">{\"@context\":\"https:\/\/schema.org\",\"@graph\":[{\"@type\":\"WebPage\",\"@id\":\"https:\/\/lij.ismeduca.com\/es\/producto\/los-forasteros-del-tiempo-20-la-aventura-de-los-balbuena-con-napoleon\/\",\"url\":\"https:\/\/lij.ismeduca.com\/es\/producto\/los-forasteros-del-tiempo-20-la-aventura-de-los-balbuena-con-napoleon\/\",\"name\":\"Los Forasteros del Tiempo 20: La aventura de los Balbuena con Napole\u00f3n - Literatura SM Espa\u00f1a\",\"isPartOf\":{\"@id\":\"https:\/\/lij.ismeduca.com\/es\/#website\"},\"primaryImageOfPage\":{\"@id\":\"https:\/\/lij.ismeduca.com\/es\/producto\/los-forasteros-del-tiempo-20-la-aventura-de-los-balbuena-con-napoleon\/#primaryimage\"},\"image\":{\"@id\":\"https:\/\/lij.ismeduca.com\/es\/producto\/los-forasteros-del-tiempo-20-la-aventura-de-los-balbuena-con-napoleon\/#primaryimage\"},\"thumbnailUrl\":\"https:\/\/lij.ismeduca.com\/es\/wp-content\/uploads\/sites\/10\/2025\/12\/22213.jpg\",\"datePublished\":\"2025-10-28T20:04:29+00:00\",\"dateModified\":\"2025-12-23T12:11:28+00:00\",\"breadcrumb\":{\"@id\":\"https:\/\/lij.ismeduca.com\/es\/producto\/los-forasteros-del-tiempo-20-la-aventura-de-los-balbuena-con-napoleon\/#breadcrumb\"},\"inLanguage\":\"es\",\"potentialAction\":[{\"@type\":\"ReadAction\",\"target\":[\"https:\/\/lij.ismeduca.com\/es\/producto\/los-forasteros-del-tiempo-20-la-aventura-de-los-balbuena-con-napoleon\/\"]}]},{\"@type\":\"ImageObject\",\"inLanguage\":\"es\",\"@id\":\"https:\/\/lij.ismeduca.com\/es\/producto\/los-forasteros-del-tiempo-20-la-aventura-de-los-balbuena-con-napoleon\/#primaryimage\",\"url\":\"https:\/\/lij.ismeduca.com\/es\/wp-content\/uploads\/sites\/10\/2025\/12\/22213.jpg\",\"contentUrl\":\"https:\/\/lij.ismeduca.com\/es\/wp-content\/uploads\/sites\/10\/2025\/12\/22213.jpg\",\"width\":600,\"height\":838},{\"@type\":\"BreadcrumbList\",\"@id\":\"https:\/\/lij.ismeduca.com\/es\/producto\/los-forasteros-del-tiempo-20-la-aventura-de-los-balbuena-con-napoleon\/#breadcrumb\",\"itemListElement\":[{\"@type\":\"ListItem\",\"position\":1,\"name\":\"Portada\",\"item\":\"https:\/\/lij.ismeduca.com\/es\/\"},{\"@type\":\"ListItem\",\"position\":2,\"name\":\"Tienda\",\"item\":\"https:\/\/lij.ismeduca.com\/es\/tienda\/\"},{\"@type\":\"ListItem\",\"position\":3,\"name\":\"Los Forasteros del Tiempo 20: La aventura de los Balbuena con Napole\u00f3n\"}]},{\"@type\":\"WebSite\",\"@id\":\"https:\/\/lij.ismeduca.com\/es\/#website\",\"url\":\"https:\/\/lij.ismeduca.com\/es\/\",\"name\":\"Literatura SM Espa\u00f1a\",\"description\":\"\",\"publisher\":{\"@id\":\"https:\/\/lij.ismeduca.com\/es\/#organization\"},\"potentialAction\":[{\"@type\":\"SearchAction\",\"target\":{\"@type\":\"EntryPoint\",\"urlTemplate\":\"https:\/\/lij.ismeduca.com\/es\/?s={search_term_string}\"},\"query-input\":{\"@type\":\"PropertyValueSpecification\",\"valueRequired\":true,\"valueName\":\"search_term_string\"}}],\"inLanguage\":\"es\"},{\"@type\":\"Organization\",\"@id\":\"https:\/\/lij.ismeduca.com\/es\/#organization\",\"name\":\"Literatura SM Espa\u00f1a\",\"url\":\"https:\/\/lij.ismeduca.com\/es\/\",\"logo\":{\"@type\":\"ImageObject\",\"inLanguage\":\"es\",\"@id\":\"https:\/\/lij.ismeduca.com\/es\/#\/schema\/logo\/image\/\",\"url\":\"https:\/\/lij.ismeduca.com\/es\/wp-content\/uploads\/sites\/10\/2024\/07\/logo-cabecera.png\",\"contentUrl\":\"https:\/\/lij.ismeduca.com\/es\/wp-content\/uploads\/sites\/10\/2024\/07\/logo-cabecera.png\",\"width\":396,\"height\":64,\"caption\":\"Literatura SM Espa\u00f1a\"},\"image\":{\"@id\":\"https:\/\/lij.ismeduca.com\/es\/#\/schema\/logo\/image\/\"}}]}<\/script>\n<!-- \/ Yoast SEO plugin. -->","yoast_head_json":{"title":"Los Forasteros del Tiempo 20: La aventura de los Balbuena con Napole\u00f3n - Literatura SM Espa\u00f1a","robots":{"index":"noindex","follow":"follow","max-snippet":"max-snippet:-1","max-image-preview":"max-image-preview:large","max-video-preview":"max-video-preview:-1"},"og_locale":"es_ES","og_type":"article","og_title":"Los Forasteros del Tiempo 20: La aventura de los Balbuena con Napole\u00f3n - Literatura SM Espa\u00f1a","og_url":"https:\/\/lij.ismeduca.com\/es\/producto\/los-forasteros-del-tiempo-20-la-aventura-de-los-balbuena-con-napoleon\/","og_site_name":"Literatura SM Espa\u00f1a","article_modified_time":"2025-12-23T12:11:28+00:00","twitter_card":"summary_large_image","schema":{"@context":"https:\/\/schema.org","@graph":[{"@type":"WebPage","@id":"https:\/\/lij.ismeduca.com\/es\/producto\/los-forasteros-del-tiempo-20-la-aventura-de-los-balbuena-con-napoleon\/","url":"https:\/\/lij.ismeduca.com\/es\/producto\/los-forasteros-del-tiempo-20-la-aventura-de-los-balbuena-con-napoleon\/","name":"Los Forasteros del Tiempo 20: La aventura de los Balbuena con Napole\u00f3n - Literatura SM Espa\u00f1a","isPartOf":{"@id":"https:\/\/lij.ismeduca.com\/es\/#website"},"primaryImageOfPage":{"@id":"https:\/\/lij.ismeduca.com\/es\/producto\/los-forasteros-del-tiempo-20-la-aventura-de-los-balbuena-con-napoleon\/#primaryimage"},"image":{"@id":"https:\/\/lij.ismeduca.com\/es\/producto\/los-forasteros-del-tiempo-20-la-aventura-de-los-balbuena-con-napoleon\/#primaryimage"},"thumbnailUrl":"https:\/\/lij.ismeduca.com\/es\/wp-content\/uploads\/sites\/10\/2025\/12\/22213.jpg","datePublished":"2025-10-28T20:04:29+00:00","dateModified":"2025-12-23T12:11:28+00:00","breadcrumb":{"@id":"https:\/\/lij.ismeduca.com\/es\/producto\/los-forasteros-del-tiempo-20-la-aventura-de-los-balbuena-con-napoleon\/#breadcrumb"},"inLanguage":"es","potentialAction":[{"@type":"ReadAction","target":["https:\/\/lij.ismeduca.com\/es\/producto\/los-forasteros-del-tiempo-20-la-aventura-de-los-balbuena-con-napoleon\/"]}]},{"@type":"ImageObject","inLanguage":"es","@id":"https:\/\/lij.ismeduca.com\/es\/producto\/los-forasteros-del-tiempo-20-la-aventura-de-los-balbuena-con-napoleon\/#primaryimage","url":"https:\/\/lij.ismeduca.com\/es\/wp-content\/uploads\/sites\/10\/2025\/12\/22213.jpg","contentUrl":"https:\/\/lij.ismeduca.com\/es\/wp-content\/uploads\/sites\/10\/2025\/12\/22213.jpg","width":600,"height":838},{"@type":"BreadcrumbList","@id":"https:\/\/lij.ismeduca.com\/es\/producto\/los-forasteros-del-tiempo-20-la-aventura-de-los-balbuena-con-napoleon\/#breadcrumb","itemListElement":[{"@type":"ListItem","position":1,"name":"Portada","item":"https:\/\/lij.ismeduca.com\/es\/"},{"@type":"ListItem","position":2,"name":"Tienda","item":"https:\/\/lij.ismeduca.com\/es\/tienda\/"},{"@type":"ListItem","position":3,"name":"Los Forasteros del Tiempo 20: La aventura de los Balbuena con Napole\u00f3n"}]},{"@type":"WebSite","@id":"https:\/\/lij.ismeduca.com\/es\/#website","url":"https:\/\/lij.ismeduca.com\/es\/","name":"Literatura SM Espa\u00f1a","description":"","publisher":{"@id":"https:\/\/lij.ismeduca.com\/es\/#organization"},"potentialAction":[{"@type":"SearchAction","target":{"@type":"EntryPoint","urlTemplate":"https:\/\/lij.ismeduca.com\/es\/?s={search_term_string}"},"query-input":{"@type":"PropertyValueSpecification","valueRequired":true,"valueName":"search_term_string"}}],"inLanguage":"es"},{"@type":"Organization","@id":"https:\/\/lij.ismeduca.com\/es\/#organization","name":"Literatura SM Espa\u00f1a","url":"https:\/\/lij.ismeduca.com\/es\/","logo":{"@type":"ImageObject","inLanguage":"es","@id":"https:\/\/lij.ismeduca.com\/es\/#\/schema\/logo\/image\/","url":"https:\/\/lij.ismeduca.com\/es\/wp-content\/uploads\/sites\/10\/2024\/07\/logo-cabecera.png","contentUrl":"https:\/\/lij.ismeduca.com\/es\/wp-content\/uploads\/sites\/10\/2024\/07\/logo-cabecera.png","width":396,"height":64,"caption":"Literatura SM Espa\u00f1a"},"image":{"@id":"https:\/\/lij.ismeduca.com\/es\/#\/schema\/logo\/image\/"}}]}},"_links":{"self":[{"href":"https:\/\/lij.ismeduca.com\/es\/wp-json\/wp\/v2\/product\/22213","targetHints":{"allow":["GET"]}}],"collection":[{"href":"https:\/\/lij.ismeduca.com\/es\/wp-json\/wp\/v2\/product"}],"about":[{"href":"https:\/\/lij.ismeduca.com\/es\/wp-json\/wp\/v2\/types\/product"}],"version-history":[{"count":2,"href":"https:\/\/lij.ismeduca.com\/es\/wp-json\/wp\/v2\/product\/22213\/revisions"}],"predecessor-version":[{"id":30667,"href":"https:\/\/lij.ismeduca.com\/es\/wp-json\/wp\/v2\/product\/22213\/revisions\/30667"}],"wp:featuredmedia":[{"embeddable":true,"href":"https:\/\/lij.ismeduca.com\/es\/wp-json\/wp\/v2\/media\/38957"}],"wp:attachment":[{"href":"https:\/\/lij.ismeduca.com\/es\/wp-json\/wp\/v2\/media?parent=22213"}],"wp:term":[{"taxonomy":"product_brand","embeddable":true,"href":"https:\/\/lij.ismeduca.com\/es\/wp-json\/wp\/v2\/product_brand?post=22213"},{"taxonomy":"product_cat","embeddable":true,"href":"https:\/\/lij.ismeduca.com\/es\/wp-json\/wp\/v2\/product_cat?post=22213"},{"taxonomy":"product_tag","embeddable":true,"href":"https:\/\/lij.ismeduca.com\/es\/wp-json\/wp\/v2\/product_tag?post=22213"},{"taxonomy":"asignatura","embeddable":true,"href":"https:\/\/lij.ismeduca.com\/es\/wp-json\/wp\/v2\/asignatura?post=22213"},{"taxonomy":"compania","embeddable":true,"href":"https:\/\/lij.ismeduca.com\/es\/wp-json\/wp\/v2\/compania?post=22213"},{"taxonomy":"curso","embeddable":true,"href":"https:\/\/lij.ismeduca.com\/es\/wp-json\/wp\/v2\/curso?post=22213"},{"taxonomy":"idiomas","embeddable":true,"href":"https:\/\/lij.ismeduca.com\/es\/wp-json\/wp\/v2\/idiomas?post=22213"},{"taxonomy":"genero","embeddable":true,"href":"https:\/\/lij.ismeduca.com\/es\/wp-json\/wp\/v2\/genero?post=22213"},{"taxonomy":"linea","embeddable":true,"href":"https:\/\/lij.ismeduca.com\/es\/wp-json\/wp\/v2\/linea?post=22213"},{"taxonomy":"premio","embeddable":true,"href":"https:\/\/lij.ismeduca.com\/es\/wp-json\/wp\/v2\/premio?post=22213"},{"taxonomy":"proyecto-editorial","embeddable":true,"href":"https:\/\/lij.ismeduca.com\/es\/wp-json\/wp\/v2\/proyecto-editorial?post=22213"},{"taxonomy":"tipo-de-libro","embeddable":true,"href":"https:\/\/lij.ismeduca.com\/es\/wp-json\/wp\/v2\/tipo-de-libro?post=22213"},{"taxonomy":"soporte","embeddable":true,"href":"https:\/\/lij.ismeduca.com\/es\/wp-json\/wp\/v2\/soporte?post=22213"},{"taxonomy":"zona-geografica","embeddable":true,"href":"https:\/\/lij.ismeduca.com\/es\/wp-json\/wp\/v2\/zona-geografica?post=22213"},{"taxonomy":"autores","embeddable":true,"href":"https:\/\/lij.ismeduca.com\/es\/wp-json\/wp\/v2\/autores?post=22213"},{"taxonomy":"colecciones","embeddable":true,"href":"https:\/\/lij.ismeduca.com\/es\/wp-json\/wp\/v2\/colecciones?post=22213"},{"taxonomy":"personajes","embeddable":true,"href":"https:\/\/lij.ismeduca.com\/es\/wp-json\/wp\/v2\/personajes?post=22213"}],"curies":[{"name":"wp","href":"https:\/\/api.w.org\/{rel}","templated":true}]}}