{"id":24268,"date":"2025-04-02T00:00:00","date_gmt":"2025-10-28T21:05:12","guid":{"rendered":"https:\/\/lij.ismeduca.com\/es\/?post_type=product&#038;p=24268"},"modified":"2025-12-23T13:09:24","modified_gmt":"2025-12-23T12:09:24","slug":"larga-vida-a-los-bichos","status":"publish","type":"product","link":"https:\/\/lij.ismeduca.com\/es\/producto\/larga-vida-a-los-bichos\/","title":{"rendered":"Larga vida a los bichos"},"content":{"rendered":"","protected":false},"excerpt":{"rendered":"<p>Sin los insectos, el mundo ser\u00eda un lugar bastante terrible. S\u00ed, s\u00ed, como lo oyes. Aunque a veces&nbsp;te den miedo o asco, estos&nbsp;bichitos&nbsp;polinizan las plantas, ayudan a los cient\u00edficos,&nbsp;eliminan much\u00edsima caca y son la fuente de&nbsp;inspiraci\u00f3n de&nbsp;un sinf\u00edn de inventos.&nbsp;<\/p>\n<p>En este libro&nbsp;conocer\u00e1s a un mont\u00f3n de insectos que cuidan del planeta, desde los gusanos de la cera, capaces&nbsp;de comerse las bolsas de pl\u00e1stico que contaminan la Tierra, hasta los mosquitos del cacao, sin los cuales no existir\u00eda el chocolate.&nbsp;<\/p>\n<p>\u00a1Larga vida a los bichos!<br \/>\n&nbsp;<\/p>\n","protected":false},"featured_media":36182,"template":"","meta":{"_acf_changed":false,"inline_featured_image":false},"product_brand":[],"product_cat":[4706],"product_tag":[270,382,497,486,381,374,2058],"asignatura":[],"compania":[252],"curso":[],"idiomas":[1948],"genero":[369],"linea":[372],"premio":[],"proyecto-editorial":[323],"tipo-de-libro":[249],"soporte":[2004],"zona-geografica":[],"autores":[4334,4543,2588,2529],"colecciones":[],"personajes":[],"class_list":{"0":"post-24268","1":"product","2":"type-product","3":"status-publish","4":"has-post-thumbnail","6":"product_cat-6-12-anos","7":"product_tag-animales","8":"product_tag-ecologia","9":"product_tag-educacion-ambiental","10":"product_tag-insectos","11":"product_tag-libros-de-conocimiento","12":"product_tag-naturaleza","13":"product_tag-ntx","14":"pa_codigo-sap-ntx","15":"compania-f-sta-maria-ediciones-sm-es","16":"idiomas-espanol","17":"genero-divulgacion","18":"linea-conocimiento","19":"proyecto-editorial-6-12","20":"tipo-de-libro-fisico","21":"soporte-libro","22":"autores-gosia-herba","23":"autores-iria-torres-garcia","24":"autores-isabel-hurtado-de-mendoza-azaola","25":"autores-jules-howard","27":"first","28":"instock","29":"taxable","30":"shipping-taxable","31":"purchasable","32":"product-type-simple"},"acf":{"id_catalogo":"650","shortTitle":"LARGA VIDA A LOS BICHOS","descripcion":"<p>Sin los insectos, el mundo ser\u00eda un lugar bastante terrible. S\u00ed, s\u00ed, como lo oyes. Aunque a veces&nbsp;te den miedo o asco, estos&nbsp;bichitos&nbsp;polinizan las plantas, ayudan a los cient\u00edficos,&nbsp;eliminan much\u00edsima caca y son la fuente de&nbsp;inspiraci\u00f3n de&nbsp;un sinf\u00edn de inventos.&nbsp;<\/p>\n<p>En este libro&nbsp;conocer\u00e1s a un mont\u00f3n de insectos que cuidan del planeta, desde los gusanos de la cera, capaces&nbsp;de comerse las bolsas de pl\u00e1stico que contaminan la Tierra, hasta los mosquitos del cacao, sin los cuales no existir\u00eda el chocolate.&nbsp;<\/p>\n<p>\u00a1Larga vida a los bichos!<br \/>\n&nbsp;<\/p>","adjuntos":null,"descriptivePhrases":[{"type":"General","text":"Un divertido libro ilustrado para descubrir todo los que los insectos hacen por nuestro planeta."}],"productSap":"NTX","isbn":"9788411827584","precio_colegios":17.26,"precio_librerias":17.26,"precio_librerias_sin_cobertura":17.26,"precio_distribuidores":17.26,"fecha_disponibilidad":null,"fecha_comercial":"20250402","organizacion_venta":"","datos_para_buscador":"Gosia Herba, Iria Torres Garc\u00eda, Isabel Hurtado de Mendoza Azaola, Jules Howard, "},"yoast_head":"<!-- This site is optimized with the Yoast SEO plugin v26.6 - https:\/\/yoast.com\/wordpress\/plugins\/seo\/ -->\n<title>Larga vida a los bichos - Literatura SM Espa\u00f1a<\/title>\n<meta name=\"robots\" content=\"noindex, follow, max-snippet:-1, max-image-preview:large, max-video-preview:-1\" \/>\n<meta property=\"og:locale\" content=\"es_ES\" \/>\n<meta property=\"og:type\" content=\"article\" \/>\n<meta property=\"og:title\" content=\"Larga vida a los bichos - Literatura SM Espa\u00f1a\" \/>\n<meta property=\"og:url\" content=\"https:\/\/lij.ismeduca.com\/es\/producto\/larga-vida-a-los-bichos\/\" \/>\n<meta property=\"og:site_name\" content=\"Literatura SM Espa\u00f1a\" \/>\n<meta property=\"article:modified_time\" content=\"2025-12-23T12:09:24+00:00\" \/>\n<meta name=\"twitter:card\" content=\"summary_large_image\" \/>\n<script type=\"application\/ld+json\" class=\"yoast-schema-graph\">{\"@context\":\"https:\/\/schema.org\",\"@graph\":[{\"@type\":\"WebPage\",\"@id\":\"https:\/\/lij.ismeduca.com\/es\/producto\/larga-vida-a-los-bichos\/\",\"url\":\"https:\/\/lij.ismeduca.com\/es\/producto\/larga-vida-a-los-bichos\/\",\"name\":\"Larga vida a los bichos - Literatura SM Espa\u00f1a\",\"isPartOf\":{\"@id\":\"https:\/\/lij.ismeduca.com\/es\/#website\"},\"primaryImageOfPage\":{\"@id\":\"https:\/\/lij.ismeduca.com\/es\/producto\/larga-vida-a-los-bichos\/#primaryimage\"},\"image\":{\"@id\":\"https:\/\/lij.ismeduca.com\/es\/producto\/larga-vida-a-los-bichos\/#primaryimage\"},\"thumbnailUrl\":\"https:\/\/lij.ismeduca.com\/es\/wp-content\/uploads\/sites\/10\/2025\/12\/24268.jpg\",\"datePublished\":\"2025-10-28T21:05:12+00:00\",\"dateModified\":\"2025-12-23T12:09:24+00:00\",\"breadcrumb\":{\"@id\":\"https:\/\/lij.ismeduca.com\/es\/producto\/larga-vida-a-los-bichos\/#breadcrumb\"},\"inLanguage\":\"es\",\"potentialAction\":[{\"@type\":\"ReadAction\",\"target\":[\"https:\/\/lij.ismeduca.com\/es\/producto\/larga-vida-a-los-bichos\/\"]}]},{\"@type\":\"ImageObject\",\"inLanguage\":\"es\",\"@id\":\"https:\/\/lij.ismeduca.com\/es\/producto\/larga-vida-a-los-bichos\/#primaryimage\",\"url\":\"https:\/\/lij.ismeduca.com\/es\/wp-content\/uploads\/sites\/10\/2025\/12\/24268.jpg\",\"contentUrl\":\"https:\/\/lij.ismeduca.com\/es\/wp-content\/uploads\/sites\/10\/2025\/12\/24268.jpg\",\"width\":600,\"height\":737},{\"@type\":\"BreadcrumbList\",\"@id\":\"https:\/\/lij.ismeduca.com\/es\/producto\/larga-vida-a-los-bichos\/#breadcrumb\",\"itemListElement\":[{\"@type\":\"ListItem\",\"position\":1,\"name\":\"Portada\",\"item\":\"https:\/\/lij.ismeduca.com\/es\/\"},{\"@type\":\"ListItem\",\"position\":2,\"name\":\"Tienda\",\"item\":\"https:\/\/lij.ismeduca.com\/es\/tienda\/\"},{\"@type\":\"ListItem\",\"position\":3,\"name\":\"Larga vida a los bichos\"}]},{\"@type\":\"WebSite\",\"@id\":\"https:\/\/lij.ismeduca.com\/es\/#website\",\"url\":\"https:\/\/lij.ismeduca.com\/es\/\",\"name\":\"Literatura SM Espa\u00f1a\",\"description\":\"\",\"publisher\":{\"@id\":\"https:\/\/lij.ismeduca.com\/es\/#organization\"},\"potentialAction\":[{\"@type\":\"SearchAction\",\"target\":{\"@type\":\"EntryPoint\",\"urlTemplate\":\"https:\/\/lij.ismeduca.com\/es\/?s={search_term_string}\"},\"query-input\":{\"@type\":\"PropertyValueSpecification\",\"valueRequired\":true,\"valueName\":\"search_term_string\"}}],\"inLanguage\":\"es\"},{\"@type\":\"Organization\",\"@id\":\"https:\/\/lij.ismeduca.com\/es\/#organization\",\"name\":\"Literatura SM Espa\u00f1a\",\"url\":\"https:\/\/lij.ismeduca.com\/es\/\",\"logo\":{\"@type\":\"ImageObject\",\"inLanguage\":\"es\",\"@id\":\"https:\/\/lij.ismeduca.com\/es\/#\/schema\/logo\/image\/\",\"url\":\"https:\/\/lij.ismeduca.com\/es\/wp-content\/uploads\/sites\/10\/2024\/07\/logo-cabecera.png\",\"contentUrl\":\"https:\/\/lij.ismeduca.com\/es\/wp-content\/uploads\/sites\/10\/2024\/07\/logo-cabecera.png\",\"width\":396,\"height\":64,\"caption\":\"Literatura SM Espa\u00f1a\"},\"image\":{\"@id\":\"https:\/\/lij.ismeduca.com\/es\/#\/schema\/logo\/image\/\"}}]}<\/script>\n<!-- \/ Yoast SEO plugin. -->","yoast_head_json":{"title":"Larga vida a los bichos - Literatura SM Espa\u00f1a","robots":{"index":"noindex","follow":"follow","max-snippet":"max-snippet:-1","max-image-preview":"max-image-preview:large","max-video-preview":"max-video-preview:-1"},"og_locale":"es_ES","og_type":"article","og_title":"Larga vida a los bichos - Literatura SM Espa\u00f1a","og_url":"https:\/\/lij.ismeduca.com\/es\/producto\/larga-vida-a-los-bichos\/","og_site_name":"Literatura SM Espa\u00f1a","article_modified_time":"2025-12-23T12:09:24+00:00","twitter_card":"summary_large_image","schema":{"@context":"https:\/\/schema.org","@graph":[{"@type":"WebPage","@id":"https:\/\/lij.ismeduca.com\/es\/producto\/larga-vida-a-los-bichos\/","url":"https:\/\/lij.ismeduca.com\/es\/producto\/larga-vida-a-los-bichos\/","name":"Larga vida a los bichos - Literatura SM Espa\u00f1a","isPartOf":{"@id":"https:\/\/lij.ismeduca.com\/es\/#website"},"primaryImageOfPage":{"@id":"https:\/\/lij.ismeduca.com\/es\/producto\/larga-vida-a-los-bichos\/#primaryimage"},"image":{"@id":"https:\/\/lij.ismeduca.com\/es\/producto\/larga-vida-a-los-bichos\/#primaryimage"},"thumbnailUrl":"https:\/\/lij.ismeduca.com\/es\/wp-content\/uploads\/sites\/10\/2025\/12\/24268.jpg","datePublished":"2025-10-28T21:05:12+00:00","dateModified":"2025-12-23T12:09:24+00:00","breadcrumb":{"@id":"https:\/\/lij.ismeduca.com\/es\/producto\/larga-vida-a-los-bichos\/#breadcrumb"},"inLanguage":"es","potentialAction":[{"@type":"ReadAction","target":["https:\/\/lij.ismeduca.com\/es\/producto\/larga-vida-a-los-bichos\/"]}]},{"@type":"ImageObject","inLanguage":"es","@id":"https:\/\/lij.ismeduca.com\/es\/producto\/larga-vida-a-los-bichos\/#primaryimage","url":"https:\/\/lij.ismeduca.com\/es\/wp-content\/uploads\/sites\/10\/2025\/12\/24268.jpg","contentUrl":"https:\/\/lij.ismeduca.com\/es\/wp-content\/uploads\/sites\/10\/2025\/12\/24268.jpg","width":600,"height":737},{"@type":"BreadcrumbList","@id":"https:\/\/lij.ismeduca.com\/es\/producto\/larga-vida-a-los-bichos\/#breadcrumb","itemListElement":[{"@type":"ListItem","position":1,"name":"Portada","item":"https:\/\/lij.ismeduca.com\/es\/"},{"@type":"ListItem","position":2,"name":"Tienda","item":"https:\/\/lij.ismeduca.com\/es\/tienda\/"},{"@type":"ListItem","position":3,"name":"Larga vida a los bichos"}]},{"@type":"WebSite","@id":"https:\/\/lij.ismeduca.com\/es\/#website","url":"https:\/\/lij.ismeduca.com\/es\/","name":"Literatura SM Espa\u00f1a","description":"","publisher":{"@id":"https:\/\/lij.ismeduca.com\/es\/#organization"},"potentialAction":[{"@type":"SearchAction","target":{"@type":"EntryPoint","urlTemplate":"https:\/\/lij.ismeduca.com\/es\/?s={search_term_string}"},"query-input":{"@type":"PropertyValueSpecification","valueRequired":true,"valueName":"search_term_string"}}],"inLanguage":"es"},{"@type":"Organization","@id":"https:\/\/lij.ismeduca.com\/es\/#organization","name":"Literatura SM Espa\u00f1a","url":"https:\/\/lij.ismeduca.com\/es\/","logo":{"@type":"ImageObject","inLanguage":"es","@id":"https:\/\/lij.ismeduca.com\/es\/#\/schema\/logo\/image\/","url":"https:\/\/lij.ismeduca.com\/es\/wp-content\/uploads\/sites\/10\/2024\/07\/logo-cabecera.png","contentUrl":"https:\/\/lij.ismeduca.com\/es\/wp-content\/uploads\/sites\/10\/2024\/07\/logo-cabecera.png","width":396,"height":64,"caption":"Literatura SM Espa\u00f1a"},"image":{"@id":"https:\/\/lij.ismeduca.com\/es\/#\/schema\/logo\/image\/"}}]}},"_links":{"self":[{"href":"https:\/\/lij.ismeduca.com\/es\/wp-json\/wp\/v2\/product\/24268","targetHints":{"allow":["GET"]}}],"collection":[{"href":"https:\/\/lij.ismeduca.com\/es\/wp-json\/wp\/v2\/product"}],"about":[{"href":"https:\/\/lij.ismeduca.com\/es\/wp-json\/wp\/v2\/types\/product"}],"version-history":[{"count":2,"href":"https:\/\/lij.ismeduca.com\/es\/wp-json\/wp\/v2\/product\/24268\/revisions"}],"predecessor-version":[{"id":32241,"href":"https:\/\/lij.ismeduca.com\/es\/wp-json\/wp\/v2\/product\/24268\/revisions\/32241"}],"wp:featuredmedia":[{"embeddable":true,"href":"https:\/\/lij.ismeduca.com\/es\/wp-json\/wp\/v2\/media\/36182"}],"wp:attachment":[{"href":"https:\/\/lij.ismeduca.com\/es\/wp-json\/wp\/v2\/media?parent=24268"}],"wp:term":[{"taxonomy":"product_brand","embeddable":true,"href":"https:\/\/lij.ismeduca.com\/es\/wp-json\/wp\/v2\/product_brand?post=24268"},{"taxonomy":"product_cat","embeddable":true,"href":"https:\/\/lij.ismeduca.com\/es\/wp-json\/wp\/v2\/product_cat?post=24268"},{"taxonomy":"product_tag","embeddable":true,"href":"https:\/\/lij.ismeduca.com\/es\/wp-json\/wp\/v2\/product_tag?post=24268"},{"taxonomy":"asignatura","embeddable":true,"href":"https:\/\/lij.ismeduca.com\/es\/wp-json\/wp\/v2\/asignatura?post=24268"},{"taxonomy":"compania","embeddable":true,"href":"https:\/\/lij.ismeduca.com\/es\/wp-json\/wp\/v2\/compania?post=24268"},{"taxonomy":"curso","embeddable":true,"href":"https:\/\/lij.ismeduca.com\/es\/wp-json\/wp\/v2\/curso?post=24268"},{"taxonomy":"idiomas","embeddable":true,"href":"https:\/\/lij.ismeduca.com\/es\/wp-json\/wp\/v2\/idiomas?post=24268"},{"taxonomy":"genero","embeddable":true,"href":"https:\/\/lij.ismeduca.com\/es\/wp-json\/wp\/v2\/genero?post=24268"},{"taxonomy":"linea","embeddable":true,"href":"https:\/\/lij.ismeduca.com\/es\/wp-json\/wp\/v2\/linea?post=24268"},{"taxonomy":"premio","embeddable":true,"href":"https:\/\/lij.ismeduca.com\/es\/wp-json\/wp\/v2\/premio?post=24268"},{"taxonomy":"proyecto-editorial","embeddable":true,"href":"https:\/\/lij.ismeduca.com\/es\/wp-json\/wp\/v2\/proyecto-editorial?post=24268"},{"taxonomy":"tipo-de-libro","embeddable":true,"href":"https:\/\/lij.ismeduca.com\/es\/wp-json\/wp\/v2\/tipo-de-libro?post=24268"},{"taxonomy":"soporte","embeddable":true,"href":"https:\/\/lij.ismeduca.com\/es\/wp-json\/wp\/v2\/soporte?post=24268"},{"taxonomy":"zona-geografica","embeddable":true,"href":"https:\/\/lij.ismeduca.com\/es\/wp-json\/wp\/v2\/zona-geografica?post=24268"},{"taxonomy":"autores","embeddable":true,"href":"https:\/\/lij.ismeduca.com\/es\/wp-json\/wp\/v2\/autores?post=24268"},{"taxonomy":"colecciones","embeddable":true,"href":"https:\/\/lij.ismeduca.com\/es\/wp-json\/wp\/v2\/colecciones?post=24268"},{"taxonomy":"personajes","embeddable":true,"href":"https:\/\/lij.ismeduca.com\/es\/wp-json\/wp\/v2\/personajes?post=24268"}],"curies":[{"name":"wp","href":"https:\/\/api.w.org\/{rel}","templated":true}]}}