{"id":24488,"date":"2025-02-18T00:00:00","date_gmt":"2025-10-28T21:11:56","guid":{"rendered":"https:\/\/lij.ismeduca.com\/es\/?post_type=product&#038;p=24488"},"modified":"2025-12-23T13:11:21","modified_gmt":"2025-12-23T12:11:21","slug":"11-el-capita-calcotets-i-la-barbara-venjanca-del-vater-turbo-2000-2","status":"publish","type":"product","link":"https:\/\/lij.ismeduca.com\/es\/producto\/11-el-capita-calcotets-i-la-barbara-venjanca-del-vater-turbo-2000-2\/","title":{"rendered":"11. El Capit\u00e0 Cal\u00e7otets i la b\u00e0rbara venjan\u00e7a del V\u00e0ter Turbo 2000"},"content":{"rendered":"","protected":false},"excerpt":{"rendered":"<p>En Jordi i l\u2019Oriol es pensen que els seus problemes de v\u00e0ters ja s\u2019han acabat, per\u00f2 estan molt equivocats. El V\u00e0ter Turbo 2000, que estava confinat a Ur\u00e0, ha tornat per venjar-se. Ara, el dest\u00ed de la Terra \u00e9s a les mans d\u2019en Jordi, l\u2019Oriol i el seu pedant arxienemic: en Ramon Tutusaus. Aconseguiran solucionar el problema abans que aquell v\u00e0ter monstru\u00f3s destrueixi el m\u00f3n? O li tocar\u00e0 al Capit\u00e0 Cal\u00e7otets, una altra vegada, salvar la humanitat?<\/p>\n<p>&nbsp;<\/p>\n","protected":false},"featured_media":35735,"template":"","meta":{"_acf_changed":false,"inline_featured_image":false},"product_brand":[],"product_cat":[4683],"product_tag":[331,297,253,2058,383,826],"asignatura":[],"compania":[258],"curso":[],"idiomas":[1951],"genero":[256],"linea":[250],"premio":[],"proyecto-editorial":[323],"tipo-de-libro":[249],"soporte":[2004],"zona-geografica":[],"autores":[2659,4387],"colecciones":[2373],"personajes":[],"class_list":{"0":"post-24488","1":"product","2":"type-product","3":"status-publish","4":"has-post-thumbnail","6":"product_cat-capitan-calzoncillos","7":"product_tag-comics","8":"product_tag-literatura-de-aventuras","9":"product_tag-literatura-de-humor","10":"product_tag-ntx","11":"product_tag-superheroes","12":"product_tag-viajes-en-el-tiempo","13":"pa_codigo-sap-ntx","14":"compania-editorial-cruilla-s-a-es","15":"idiomas-catalan","16":"genero-humor","17":"linea-narrativa","18":"proyecto-editorial-6-12","19":"tipo-de-libro-fisico","20":"soporte-libro","21":"autores-dav-pilkey","22":"autores-josep-sampere-i-marti","23":"colecciones-el-capita-calcotets-de-tots-colors","25":"first","26":"instock","27":"taxable","28":"shipping-taxable","29":"purchasable","30":"product-type-simple"},"acf":{"id_catalogo":"650","shortTitle":"C-CC.11 EL CAPITA CAL\u00c7OTETS I LA BARBARA","descripcion":"<p>En Jordi i l\u2019Oriol es pensen que els seus problemes de v\u00e0ters ja s\u2019han acabat, per\u00f2 estan molt equivocats. El V\u00e0ter Turbo 2000, que estava confinat a Ur\u00e0, ha tornat per venjar-se. Ara, el dest\u00ed de la Terra \u00e9s a les mans d\u2019en Jordi, l\u2019Oriol i el seu pedant arxienemic: en Ramon Tutusaus. Aconseguiran solucionar el problema abans que aquell v\u00e0ter monstru\u00f3s destrueixi el m\u00f3n? O li tocar\u00e0 al Capit\u00e0 Cal\u00e7otets, una altra vegada, salvar la humanitat?<\/p>\n<p>&nbsp;<\/p>","adjuntos":null,"descriptivePhrases":[{"type":"General","text":"Una nova aventura del Capit\u00e0 Cal\u00e7otets, que ha d'impedir que el monstru\u00f3s V\u00e0ter Turbo 2000 destrueixi el m\u00f3n."}],"productSap":"NTX","isbn":"9788466158336","precio_colegios":12.02,"precio_librerias":12.02,"precio_librerias_sin_cobertura":12.02,"precio_distribuidores":12.02,"fecha_disponibilidad":null,"fecha_comercial":"20250218","organizacion_venta":"","datos_para_buscador":"Dav Pilkey, Josep Sampere i Mart\u00ed, Dav Pilkey, El Capit\u00e0 Cal\u00e7otets de tots colors, "},"yoast_head":"<!-- This site is optimized with the Yoast SEO plugin v26.6 - https:\/\/yoast.com\/wordpress\/plugins\/seo\/ -->\n<title>11. El Capit\u00e0 Cal\u00e7otets i la b\u00e0rbara venjan\u00e7a del V\u00e0ter Turbo 2000 - Literatura SM Espa\u00f1a<\/title>\n<meta name=\"robots\" content=\"noindex, follow, max-snippet:-1, max-image-preview:large, max-video-preview:-1\" \/>\n<meta property=\"og:locale\" content=\"es_ES\" \/>\n<meta property=\"og:type\" content=\"article\" \/>\n<meta property=\"og:title\" content=\"11. El Capit\u00e0 Cal\u00e7otets i la b\u00e0rbara venjan\u00e7a del V\u00e0ter Turbo 2000 - Literatura SM Espa\u00f1a\" \/>\n<meta property=\"og:url\" content=\"https:\/\/lij.ismeduca.com\/es\/producto\/11-el-capita-calcotets-i-la-barbara-venjanca-del-vater-turbo-2000-2\/\" \/>\n<meta property=\"og:site_name\" content=\"Literatura SM Espa\u00f1a\" \/>\n<meta property=\"article:modified_time\" content=\"2025-12-23T12:11:21+00:00\" \/>\n<meta name=\"twitter:card\" content=\"summary_large_image\" \/>\n<script type=\"application\/ld+json\" class=\"yoast-schema-graph\">{\"@context\":\"https:\/\/schema.org\",\"@graph\":[{\"@type\":\"WebPage\",\"@id\":\"https:\/\/lij.ismeduca.com\/es\/producto\/11-el-capita-calcotets-i-la-barbara-venjanca-del-vater-turbo-2000-2\/\",\"url\":\"https:\/\/lij.ismeduca.com\/es\/producto\/11-el-capita-calcotets-i-la-barbara-venjanca-del-vater-turbo-2000-2\/\",\"name\":\"11. El Capit\u00e0 Cal\u00e7otets i la b\u00e0rbara venjan\u00e7a del V\u00e0ter Turbo 2000 - Literatura SM Espa\u00f1a\",\"isPartOf\":{\"@id\":\"https:\/\/lij.ismeduca.com\/es\/#website\"},\"primaryImageOfPage\":{\"@id\":\"https:\/\/lij.ismeduca.com\/es\/producto\/11-el-capita-calcotets-i-la-barbara-venjanca-del-vater-turbo-2000-2\/#primaryimage\"},\"image\":{\"@id\":\"https:\/\/lij.ismeduca.com\/es\/producto\/11-el-capita-calcotets-i-la-barbara-venjanca-del-vater-turbo-2000-2\/#primaryimage\"},\"thumbnailUrl\":\"https:\/\/lij.ismeduca.com\/es\/wp-content\/uploads\/sites\/10\/2025\/12\/24488.jpg\",\"datePublished\":\"2025-10-28T21:11:56+00:00\",\"dateModified\":\"2025-12-23T12:11:21+00:00\",\"breadcrumb\":{\"@id\":\"https:\/\/lij.ismeduca.com\/es\/producto\/11-el-capita-calcotets-i-la-barbara-venjanca-del-vater-turbo-2000-2\/#breadcrumb\"},\"inLanguage\":\"es\",\"potentialAction\":[{\"@type\":\"ReadAction\",\"target\":[\"https:\/\/lij.ismeduca.com\/es\/producto\/11-el-capita-calcotets-i-la-barbara-venjanca-del-vater-turbo-2000-2\/\"]}]},{\"@type\":\"ImageObject\",\"inLanguage\":\"es\",\"@id\":\"https:\/\/lij.ismeduca.com\/es\/producto\/11-el-capita-calcotets-i-la-barbara-venjanca-del-vater-turbo-2000-2\/#primaryimage\",\"url\":\"https:\/\/lij.ismeduca.com\/es\/wp-content\/uploads\/sites\/10\/2025\/12\/24488.jpg\",\"contentUrl\":\"https:\/\/lij.ismeduca.com\/es\/wp-content\/uploads\/sites\/10\/2025\/12\/24488.jpg\",\"width\":600,\"height\":903},{\"@type\":\"BreadcrumbList\",\"@id\":\"https:\/\/lij.ismeduca.com\/es\/producto\/11-el-capita-calcotets-i-la-barbara-venjanca-del-vater-turbo-2000-2\/#breadcrumb\",\"itemListElement\":[{\"@type\":\"ListItem\",\"position\":1,\"name\":\"Portada\",\"item\":\"https:\/\/lij.ismeduca.com\/es\/\"},{\"@type\":\"ListItem\",\"position\":2,\"name\":\"Tienda\",\"item\":\"https:\/\/lij.ismeduca.com\/es\/tienda\/\"},{\"@type\":\"ListItem\",\"position\":3,\"name\":\"11. El Capit\u00e0 Cal\u00e7otets i la b\u00e0rbara venjan\u00e7a del V\u00e0ter Turbo 2000\"}]},{\"@type\":\"WebSite\",\"@id\":\"https:\/\/lij.ismeduca.com\/es\/#website\",\"url\":\"https:\/\/lij.ismeduca.com\/es\/\",\"name\":\"Literatura SM Espa\u00f1a\",\"description\":\"\",\"publisher\":{\"@id\":\"https:\/\/lij.ismeduca.com\/es\/#organization\"},\"potentialAction\":[{\"@type\":\"SearchAction\",\"target\":{\"@type\":\"EntryPoint\",\"urlTemplate\":\"https:\/\/lij.ismeduca.com\/es\/?s={search_term_string}\"},\"query-input\":{\"@type\":\"PropertyValueSpecification\",\"valueRequired\":true,\"valueName\":\"search_term_string\"}}],\"inLanguage\":\"es\"},{\"@type\":\"Organization\",\"@id\":\"https:\/\/lij.ismeduca.com\/es\/#organization\",\"name\":\"Literatura SM Espa\u00f1a\",\"url\":\"https:\/\/lij.ismeduca.com\/es\/\",\"logo\":{\"@type\":\"ImageObject\",\"inLanguage\":\"es\",\"@id\":\"https:\/\/lij.ismeduca.com\/es\/#\/schema\/logo\/image\/\",\"url\":\"https:\/\/lij.ismeduca.com\/es\/wp-content\/uploads\/sites\/10\/2024\/07\/logo-cabecera.png\",\"contentUrl\":\"https:\/\/lij.ismeduca.com\/es\/wp-content\/uploads\/sites\/10\/2024\/07\/logo-cabecera.png\",\"width\":396,\"height\":64,\"caption\":\"Literatura SM Espa\u00f1a\"},\"image\":{\"@id\":\"https:\/\/lij.ismeduca.com\/es\/#\/schema\/logo\/image\/\"}}]}<\/script>\n<!-- \/ Yoast SEO plugin. -->","yoast_head_json":{"title":"11. El Capit\u00e0 Cal\u00e7otets i la b\u00e0rbara venjan\u00e7a del V\u00e0ter Turbo 2000 - Literatura SM Espa\u00f1a","robots":{"index":"noindex","follow":"follow","max-snippet":"max-snippet:-1","max-image-preview":"max-image-preview:large","max-video-preview":"max-video-preview:-1"},"og_locale":"es_ES","og_type":"article","og_title":"11. El Capit\u00e0 Cal\u00e7otets i la b\u00e0rbara venjan\u00e7a del V\u00e0ter Turbo 2000 - Literatura SM Espa\u00f1a","og_url":"https:\/\/lij.ismeduca.com\/es\/producto\/11-el-capita-calcotets-i-la-barbara-venjanca-del-vater-turbo-2000-2\/","og_site_name":"Literatura SM Espa\u00f1a","article_modified_time":"2025-12-23T12:11:21+00:00","twitter_card":"summary_large_image","schema":{"@context":"https:\/\/schema.org","@graph":[{"@type":"WebPage","@id":"https:\/\/lij.ismeduca.com\/es\/producto\/11-el-capita-calcotets-i-la-barbara-venjanca-del-vater-turbo-2000-2\/","url":"https:\/\/lij.ismeduca.com\/es\/producto\/11-el-capita-calcotets-i-la-barbara-venjanca-del-vater-turbo-2000-2\/","name":"11. El Capit\u00e0 Cal\u00e7otets i la b\u00e0rbara venjan\u00e7a del V\u00e0ter Turbo 2000 - Literatura SM Espa\u00f1a","isPartOf":{"@id":"https:\/\/lij.ismeduca.com\/es\/#website"},"primaryImageOfPage":{"@id":"https:\/\/lij.ismeduca.com\/es\/producto\/11-el-capita-calcotets-i-la-barbara-venjanca-del-vater-turbo-2000-2\/#primaryimage"},"image":{"@id":"https:\/\/lij.ismeduca.com\/es\/producto\/11-el-capita-calcotets-i-la-barbara-venjanca-del-vater-turbo-2000-2\/#primaryimage"},"thumbnailUrl":"https:\/\/lij.ismeduca.com\/es\/wp-content\/uploads\/sites\/10\/2025\/12\/24488.jpg","datePublished":"2025-10-28T21:11:56+00:00","dateModified":"2025-12-23T12:11:21+00:00","breadcrumb":{"@id":"https:\/\/lij.ismeduca.com\/es\/producto\/11-el-capita-calcotets-i-la-barbara-venjanca-del-vater-turbo-2000-2\/#breadcrumb"},"inLanguage":"es","potentialAction":[{"@type":"ReadAction","target":["https:\/\/lij.ismeduca.com\/es\/producto\/11-el-capita-calcotets-i-la-barbara-venjanca-del-vater-turbo-2000-2\/"]}]},{"@type":"ImageObject","inLanguage":"es","@id":"https:\/\/lij.ismeduca.com\/es\/producto\/11-el-capita-calcotets-i-la-barbara-venjanca-del-vater-turbo-2000-2\/#primaryimage","url":"https:\/\/lij.ismeduca.com\/es\/wp-content\/uploads\/sites\/10\/2025\/12\/24488.jpg","contentUrl":"https:\/\/lij.ismeduca.com\/es\/wp-content\/uploads\/sites\/10\/2025\/12\/24488.jpg","width":600,"height":903},{"@type":"BreadcrumbList","@id":"https:\/\/lij.ismeduca.com\/es\/producto\/11-el-capita-calcotets-i-la-barbara-venjanca-del-vater-turbo-2000-2\/#breadcrumb","itemListElement":[{"@type":"ListItem","position":1,"name":"Portada","item":"https:\/\/lij.ismeduca.com\/es\/"},{"@type":"ListItem","position":2,"name":"Tienda","item":"https:\/\/lij.ismeduca.com\/es\/tienda\/"},{"@type":"ListItem","position":3,"name":"11. El Capit\u00e0 Cal\u00e7otets i la b\u00e0rbara venjan\u00e7a del V\u00e0ter Turbo 2000"}]},{"@type":"WebSite","@id":"https:\/\/lij.ismeduca.com\/es\/#website","url":"https:\/\/lij.ismeduca.com\/es\/","name":"Literatura SM Espa\u00f1a","description":"","publisher":{"@id":"https:\/\/lij.ismeduca.com\/es\/#organization"},"potentialAction":[{"@type":"SearchAction","target":{"@type":"EntryPoint","urlTemplate":"https:\/\/lij.ismeduca.com\/es\/?s={search_term_string}"},"query-input":{"@type":"PropertyValueSpecification","valueRequired":true,"valueName":"search_term_string"}}],"inLanguage":"es"},{"@type":"Organization","@id":"https:\/\/lij.ismeduca.com\/es\/#organization","name":"Literatura SM Espa\u00f1a","url":"https:\/\/lij.ismeduca.com\/es\/","logo":{"@type":"ImageObject","inLanguage":"es","@id":"https:\/\/lij.ismeduca.com\/es\/#\/schema\/logo\/image\/","url":"https:\/\/lij.ismeduca.com\/es\/wp-content\/uploads\/sites\/10\/2024\/07\/logo-cabecera.png","contentUrl":"https:\/\/lij.ismeduca.com\/es\/wp-content\/uploads\/sites\/10\/2024\/07\/logo-cabecera.png","width":396,"height":64,"caption":"Literatura SM Espa\u00f1a"},"image":{"@id":"https:\/\/lij.ismeduca.com\/es\/#\/schema\/logo\/image\/"}}]}},"_links":{"self":[{"href":"https:\/\/lij.ismeduca.com\/es\/wp-json\/wp\/v2\/product\/24488","targetHints":{"allow":["GET"]}}],"collection":[{"href":"https:\/\/lij.ismeduca.com\/es\/wp-json\/wp\/v2\/product"}],"about":[{"href":"https:\/\/lij.ismeduca.com\/es\/wp-json\/wp\/v2\/types\/product"}],"version-history":[{"count":2,"href":"https:\/\/lij.ismeduca.com\/es\/wp-json\/wp\/v2\/product\/24488\/revisions"}],"predecessor-version":[{"id":32380,"href":"https:\/\/lij.ismeduca.com\/es\/wp-json\/wp\/v2\/product\/24488\/revisions\/32380"}],"wp:featuredmedia":[{"embeddable":true,"href":"https:\/\/lij.ismeduca.com\/es\/wp-json\/wp\/v2\/media\/35735"}],"wp:attachment":[{"href":"https:\/\/lij.ismeduca.com\/es\/wp-json\/wp\/v2\/media?parent=24488"}],"wp:term":[{"taxonomy":"product_brand","embeddable":true,"href":"https:\/\/lij.ismeduca.com\/es\/wp-json\/wp\/v2\/product_brand?post=24488"},{"taxonomy":"product_cat","embeddable":true,"href":"https:\/\/lij.ismeduca.com\/es\/wp-json\/wp\/v2\/product_cat?post=24488"},{"taxonomy":"product_tag","embeddable":true,"href":"https:\/\/lij.ismeduca.com\/es\/wp-json\/wp\/v2\/product_tag?post=24488"},{"taxonomy":"asignatura","embeddable":true,"href":"https:\/\/lij.ismeduca.com\/es\/wp-json\/wp\/v2\/asignatura?post=24488"},{"taxonomy":"compania","embeddable":true,"href":"https:\/\/lij.ismeduca.com\/es\/wp-json\/wp\/v2\/compania?post=24488"},{"taxonomy":"curso","embeddable":true,"href":"https:\/\/lij.ismeduca.com\/es\/wp-json\/wp\/v2\/curso?post=24488"},{"taxonomy":"idiomas","embeddable":true,"href":"https:\/\/lij.ismeduca.com\/es\/wp-json\/wp\/v2\/idiomas?post=24488"},{"taxonomy":"genero","embeddable":true,"href":"https:\/\/lij.ismeduca.com\/es\/wp-json\/wp\/v2\/genero?post=24488"},{"taxonomy":"linea","embeddable":true,"href":"https:\/\/lij.ismeduca.com\/es\/wp-json\/wp\/v2\/linea?post=24488"},{"taxonomy":"premio","embeddable":true,"href":"https:\/\/lij.ismeduca.com\/es\/wp-json\/wp\/v2\/premio?post=24488"},{"taxonomy":"proyecto-editorial","embeddable":true,"href":"https:\/\/lij.ismeduca.com\/es\/wp-json\/wp\/v2\/proyecto-editorial?post=24488"},{"taxonomy":"tipo-de-libro","embeddable":true,"href":"https:\/\/lij.ismeduca.com\/es\/wp-json\/wp\/v2\/tipo-de-libro?post=24488"},{"taxonomy":"soporte","embeddable":true,"href":"https:\/\/lij.ismeduca.com\/es\/wp-json\/wp\/v2\/soporte?post=24488"},{"taxonomy":"zona-geografica","embeddable":true,"href":"https:\/\/lij.ismeduca.com\/es\/wp-json\/wp\/v2\/zona-geografica?post=24488"},{"taxonomy":"autores","embeddable":true,"href":"https:\/\/lij.ismeduca.com\/es\/wp-json\/wp\/v2\/autores?post=24488"},{"taxonomy":"colecciones","embeddable":true,"href":"https:\/\/lij.ismeduca.com\/es\/wp-json\/wp\/v2\/colecciones?post=24488"},{"taxonomy":"personajes","embeddable":true,"href":"https:\/\/lij.ismeduca.com\/es\/wp-json\/wp\/v2\/personajes?post=24488"}],"curies":[{"name":"wp","href":"https:\/\/api.w.org\/{rel}","templated":true}]}}