{"id":24567,"date":"2025-04-02T00:00:00","date_gmt":"2025-10-28T21:14:31","guid":{"rendered":"https:\/\/lij.ismeduca.com\/es\/?post_type=product&#038;p=24567"},"modified":"2025-12-23T13:12:08","modified_gmt":"2025-12-23T12:12:08","slug":"hoy-honramos-a-los-vivos","status":"publish","type":"product","link":"https:\/\/lij.ismeduca.com\/es\/producto\/hoy-honramos-a-los-vivos\/","title":{"rendered":"Hoy honramos a los vivos"},"content":{"rendered":"","protected":false},"excerpt":{"rendered":"<p>Lesya, diecisiete a\u00f1os.&nbsp;Vive en una residencia universitaria.&nbsp;Sus padres huyeron del pa\u00eds tras la invasi\u00f3n.&nbsp;Sus amigos tampoco est\u00e1n.&nbsp;Come comida precocinada, est\u00e1 enganchada al m\u00f3vil y pasa mucho tiempo encerrada en su habitaci\u00f3n.&nbsp;Tiene un perfil de&nbsp;instagram:&nbsp;#Hoyhonramosanuestrosmuertos.<\/p>\n<p>Un d\u00eda recibi\u00f3 un mensaje, fue a la playa y empez\u00f3 a nadar&#8230;<\/p>\n","protected":false},"featured_media":37548,"template":"","meta":{"_acf_changed":false,"inline_featured_image":false},"product_brand":[],"product_cat":[4738],"product_tag":[917,702,268,962,2043,924,2058,965,293],"asignatura":[],"compania":[252],"curso":[],"idiomas":[1948],"genero":[308],"linea":[250],"premio":[],"proyecto-editorial":[920],"tipo-de-libro":[249],"soporte":[2004],"zona-geografica":[],"autores":[2651,4439,2523],"colecciones":[2372],"personajes":[],"class_list":{"0":"post-24567","1":"product","2":"type-product","3":"status-publish","4":"has-post-thumbnail","6":"product_cat-gran-angular","7":"product_tag-acoso-escolar","8":"product_tag-adicciones","9":"product_tag-amistad","10":"product_tag-formacion-de-la-personalidad","11":"product_tag-guerras-internacionales","12":"product_tag-muerte","13":"product_tag-ntx","14":"product_tag-redes-sociales","15":"product_tag-relaciones-familiares","16":"pa_codigo-sap-ntx","17":"compania-f-sta-maria-ediciones-sm-es","18":"idiomas-espanol","19":"genero-realismo","20":"linea-narrativa","21":"proyecto-editorial-gran-angular","22":"tipo-de-libro-fisico","23":"soporte-libro","24":"autores-marina-aguirre","25":"autores-paloma-muina-merino","26":"autores-sandra-rilova","27":"colecciones-gran-angular","29":"first","30":"instock","31":"taxable","32":"shipping-taxable","33":"purchasable","34":"product-type-simple"},"acf":{"id_catalogo":"650","shortTitle":"GA.416 HOY HONRAMOS A LOS VIVOS","descripcion":"<p>Lesya, diecisiete a\u00f1os.&nbsp;Vive en una residencia universitaria.&nbsp;Sus padres huyeron del pa\u00eds tras la invasi\u00f3n.&nbsp;Sus amigos tampoco est\u00e1n.&nbsp;Come comida precocinada, est\u00e1 enganchada al m\u00f3vil y pasa mucho tiempo encerrada en su habitaci\u00f3n.&nbsp;Tiene un perfil de&nbsp;instagram:&nbsp;#Hoyhonramosanuestrosmuertos.<\/p>\n<p>Un d\u00eda recibi\u00f3 un mensaje, fue a la playa y empez\u00f3 a nadar...<\/p>","adjuntos":[{"id":"20","titulo":"Ficha del alumno","url":"https:\/\/catalogo.noe-sm.com\/medias\/225261-recur-001-004-alu-savia.pdf?context=bWFzdGVyfHJvb3R8NTI5MjQzfGFwcGxpY2F0aW9uL3BkZnxoYmEvaDJkLzkxNDQ2MDQxOTY4OTQucGRmfDAxY2I3MTcxMGYxMzU3MDBmMGNlMWE5YmQ1NDk1ZmQ4NDY0MTNiZjI2YTIyMzg1MjBhMWQ0N2QyMDhjNzc5ZjE"},{"id":"21","titulo":"Ficha del profesor","url":"https:\/\/catalogo.noe-sm.com\/medias\/225261-recur-001-001-pro-savia.pdf?context=bWFzdGVyfHJvb3R8OTY0Nzd8YXBwbGljYXRpb24vcGRmfGhlOC9oYjkvOTE0NDYwNDI2MjQzMC5wZGZ8M2Y4ZTFiZmZmZjlkY2ZjZGJjOTY2ZjkwOTQ4NGI0NWUyYjA1ZDZjNzNlZjIxN2U1MjNmYjgzYzViODFlYWU0Yw"}],"descriptivePhrases":[{"type":"General","text":"Quedarse es mejor que irse, pararse cuesta menos que andar. A veces, morir es m\u00e1s f\u00e1cil que vivir"}],"productSap":"NTX","isbn":"9788411829151","precio_colegios":12.02,"precio_librerias":12.02,"precio_librerias_sin_cobertura":12.02,"precio_distribuidores":12.02,"fecha_disponibilidad":null,"fecha_comercial":"20250402","organizacion_venta":"","datos_para_buscador":"Paloma Mui\u00f1a Merino, Sandra Rilova, Marina Aguirre, Gran Angular, "},"yoast_head":"<!-- This site is optimized with the Yoast SEO plugin v26.6 - https:\/\/yoast.com\/wordpress\/plugins\/seo\/ -->\n<title>Hoy honramos a los vivos - Literatura SM Espa\u00f1a<\/title>\n<meta name=\"robots\" content=\"noindex, follow, max-snippet:-1, max-image-preview:large, max-video-preview:-1\" \/>\n<meta property=\"og:locale\" content=\"es_ES\" \/>\n<meta property=\"og:type\" content=\"article\" \/>\n<meta property=\"og:title\" content=\"Hoy honramos a los vivos - Literatura SM Espa\u00f1a\" \/>\n<meta property=\"og:url\" content=\"https:\/\/lij.ismeduca.com\/es\/producto\/hoy-honramos-a-los-vivos\/\" \/>\n<meta property=\"og:site_name\" content=\"Literatura SM Espa\u00f1a\" \/>\n<meta property=\"article:modified_time\" content=\"2025-12-23T12:12:08+00:00\" \/>\n<meta name=\"twitter:card\" content=\"summary_large_image\" \/>\n<script type=\"application\/ld+json\" class=\"yoast-schema-graph\">{\"@context\":\"https:\/\/schema.org\",\"@graph\":[{\"@type\":\"WebPage\",\"@id\":\"https:\/\/lij.ismeduca.com\/es\/producto\/hoy-honramos-a-los-vivos\/\",\"url\":\"https:\/\/lij.ismeduca.com\/es\/producto\/hoy-honramos-a-los-vivos\/\",\"name\":\"Hoy honramos a los vivos - Literatura SM Espa\u00f1a\",\"isPartOf\":{\"@id\":\"https:\/\/lij.ismeduca.com\/es\/#website\"},\"primaryImageOfPage\":{\"@id\":\"https:\/\/lij.ismeduca.com\/es\/producto\/hoy-honramos-a-los-vivos\/#primaryimage\"},\"image\":{\"@id\":\"https:\/\/lij.ismeduca.com\/es\/producto\/hoy-honramos-a-los-vivos\/#primaryimage\"},\"thumbnailUrl\":\"https:\/\/lij.ismeduca.com\/es\/wp-content\/uploads\/sites\/10\/2025\/12\/24567.jpg\",\"datePublished\":\"2025-10-28T21:14:31+00:00\",\"dateModified\":\"2025-12-23T12:12:08+00:00\",\"breadcrumb\":{\"@id\":\"https:\/\/lij.ismeduca.com\/es\/producto\/hoy-honramos-a-los-vivos\/#breadcrumb\"},\"inLanguage\":\"es\",\"potentialAction\":[{\"@type\":\"ReadAction\",\"target\":[\"https:\/\/lij.ismeduca.com\/es\/producto\/hoy-honramos-a-los-vivos\/\"]}]},{\"@type\":\"ImageObject\",\"inLanguage\":\"es\",\"@id\":\"https:\/\/lij.ismeduca.com\/es\/producto\/hoy-honramos-a-los-vivos\/#primaryimage\",\"url\":\"https:\/\/lij.ismeduca.com\/es\/wp-content\/uploads\/sites\/10\/2025\/12\/24567.jpg\",\"contentUrl\":\"https:\/\/lij.ismeduca.com\/es\/wp-content\/uploads\/sites\/10\/2025\/12\/24567.jpg\",\"width\":600,\"height\":921},{\"@type\":\"BreadcrumbList\",\"@id\":\"https:\/\/lij.ismeduca.com\/es\/producto\/hoy-honramos-a-los-vivos\/#breadcrumb\",\"itemListElement\":[{\"@type\":\"ListItem\",\"position\":1,\"name\":\"Portada\",\"item\":\"https:\/\/lij.ismeduca.com\/es\/\"},{\"@type\":\"ListItem\",\"position\":2,\"name\":\"Tienda\",\"item\":\"https:\/\/lij.ismeduca.com\/es\/tienda\/\"},{\"@type\":\"ListItem\",\"position\":3,\"name\":\"Hoy honramos a los vivos\"}]},{\"@type\":\"WebSite\",\"@id\":\"https:\/\/lij.ismeduca.com\/es\/#website\",\"url\":\"https:\/\/lij.ismeduca.com\/es\/\",\"name\":\"Literatura SM Espa\u00f1a\",\"description\":\"\",\"publisher\":{\"@id\":\"https:\/\/lij.ismeduca.com\/es\/#organization\"},\"potentialAction\":[{\"@type\":\"SearchAction\",\"target\":{\"@type\":\"EntryPoint\",\"urlTemplate\":\"https:\/\/lij.ismeduca.com\/es\/?s={search_term_string}\"},\"query-input\":{\"@type\":\"PropertyValueSpecification\",\"valueRequired\":true,\"valueName\":\"search_term_string\"}}],\"inLanguage\":\"es\"},{\"@type\":\"Organization\",\"@id\":\"https:\/\/lij.ismeduca.com\/es\/#organization\",\"name\":\"Literatura SM Espa\u00f1a\",\"url\":\"https:\/\/lij.ismeduca.com\/es\/\",\"logo\":{\"@type\":\"ImageObject\",\"inLanguage\":\"es\",\"@id\":\"https:\/\/lij.ismeduca.com\/es\/#\/schema\/logo\/image\/\",\"url\":\"https:\/\/lij.ismeduca.com\/es\/wp-content\/uploads\/sites\/10\/2024\/07\/logo-cabecera.png\",\"contentUrl\":\"https:\/\/lij.ismeduca.com\/es\/wp-content\/uploads\/sites\/10\/2024\/07\/logo-cabecera.png\",\"width\":396,\"height\":64,\"caption\":\"Literatura SM Espa\u00f1a\"},\"image\":{\"@id\":\"https:\/\/lij.ismeduca.com\/es\/#\/schema\/logo\/image\/\"}}]}<\/script>\n<!-- \/ Yoast SEO plugin. -->","yoast_head_json":{"title":"Hoy honramos a los vivos - Literatura SM Espa\u00f1a","robots":{"index":"noindex","follow":"follow","max-snippet":"max-snippet:-1","max-image-preview":"max-image-preview:large","max-video-preview":"max-video-preview:-1"},"og_locale":"es_ES","og_type":"article","og_title":"Hoy honramos a los vivos - Literatura SM Espa\u00f1a","og_url":"https:\/\/lij.ismeduca.com\/es\/producto\/hoy-honramos-a-los-vivos\/","og_site_name":"Literatura SM Espa\u00f1a","article_modified_time":"2025-12-23T12:12:08+00:00","twitter_card":"summary_large_image","schema":{"@context":"https:\/\/schema.org","@graph":[{"@type":"WebPage","@id":"https:\/\/lij.ismeduca.com\/es\/producto\/hoy-honramos-a-los-vivos\/","url":"https:\/\/lij.ismeduca.com\/es\/producto\/hoy-honramos-a-los-vivos\/","name":"Hoy honramos a los vivos - Literatura SM Espa\u00f1a","isPartOf":{"@id":"https:\/\/lij.ismeduca.com\/es\/#website"},"primaryImageOfPage":{"@id":"https:\/\/lij.ismeduca.com\/es\/producto\/hoy-honramos-a-los-vivos\/#primaryimage"},"image":{"@id":"https:\/\/lij.ismeduca.com\/es\/producto\/hoy-honramos-a-los-vivos\/#primaryimage"},"thumbnailUrl":"https:\/\/lij.ismeduca.com\/es\/wp-content\/uploads\/sites\/10\/2025\/12\/24567.jpg","datePublished":"2025-10-28T21:14:31+00:00","dateModified":"2025-12-23T12:12:08+00:00","breadcrumb":{"@id":"https:\/\/lij.ismeduca.com\/es\/producto\/hoy-honramos-a-los-vivos\/#breadcrumb"},"inLanguage":"es","potentialAction":[{"@type":"ReadAction","target":["https:\/\/lij.ismeduca.com\/es\/producto\/hoy-honramos-a-los-vivos\/"]}]},{"@type":"ImageObject","inLanguage":"es","@id":"https:\/\/lij.ismeduca.com\/es\/producto\/hoy-honramos-a-los-vivos\/#primaryimage","url":"https:\/\/lij.ismeduca.com\/es\/wp-content\/uploads\/sites\/10\/2025\/12\/24567.jpg","contentUrl":"https:\/\/lij.ismeduca.com\/es\/wp-content\/uploads\/sites\/10\/2025\/12\/24567.jpg","width":600,"height":921},{"@type":"BreadcrumbList","@id":"https:\/\/lij.ismeduca.com\/es\/producto\/hoy-honramos-a-los-vivos\/#breadcrumb","itemListElement":[{"@type":"ListItem","position":1,"name":"Portada","item":"https:\/\/lij.ismeduca.com\/es\/"},{"@type":"ListItem","position":2,"name":"Tienda","item":"https:\/\/lij.ismeduca.com\/es\/tienda\/"},{"@type":"ListItem","position":3,"name":"Hoy honramos a los vivos"}]},{"@type":"WebSite","@id":"https:\/\/lij.ismeduca.com\/es\/#website","url":"https:\/\/lij.ismeduca.com\/es\/","name":"Literatura SM Espa\u00f1a","description":"","publisher":{"@id":"https:\/\/lij.ismeduca.com\/es\/#organization"},"potentialAction":[{"@type":"SearchAction","target":{"@type":"EntryPoint","urlTemplate":"https:\/\/lij.ismeduca.com\/es\/?s={search_term_string}"},"query-input":{"@type":"PropertyValueSpecification","valueRequired":true,"valueName":"search_term_string"}}],"inLanguage":"es"},{"@type":"Organization","@id":"https:\/\/lij.ismeduca.com\/es\/#organization","name":"Literatura SM Espa\u00f1a","url":"https:\/\/lij.ismeduca.com\/es\/","logo":{"@type":"ImageObject","inLanguage":"es","@id":"https:\/\/lij.ismeduca.com\/es\/#\/schema\/logo\/image\/","url":"https:\/\/lij.ismeduca.com\/es\/wp-content\/uploads\/sites\/10\/2024\/07\/logo-cabecera.png","contentUrl":"https:\/\/lij.ismeduca.com\/es\/wp-content\/uploads\/sites\/10\/2024\/07\/logo-cabecera.png","width":396,"height":64,"caption":"Literatura SM Espa\u00f1a"},"image":{"@id":"https:\/\/lij.ismeduca.com\/es\/#\/schema\/logo\/image\/"}}]}},"_links":{"self":[{"href":"https:\/\/lij.ismeduca.com\/es\/wp-json\/wp\/v2\/product\/24567","targetHints":{"allow":["GET"]}}],"collection":[{"href":"https:\/\/lij.ismeduca.com\/es\/wp-json\/wp\/v2\/product"}],"about":[{"href":"https:\/\/lij.ismeduca.com\/es\/wp-json\/wp\/v2\/types\/product"}],"version-history":[{"count":2,"href":"https:\/\/lij.ismeduca.com\/es\/wp-json\/wp\/v2\/product\/24567\/revisions"}],"predecessor-version":[{"id":32398,"href":"https:\/\/lij.ismeduca.com\/es\/wp-json\/wp\/v2\/product\/24567\/revisions\/32398"}],"wp:featuredmedia":[{"embeddable":true,"href":"https:\/\/lij.ismeduca.com\/es\/wp-json\/wp\/v2\/media\/37548"}],"wp:attachment":[{"href":"https:\/\/lij.ismeduca.com\/es\/wp-json\/wp\/v2\/media?parent=24567"}],"wp:term":[{"taxonomy":"product_brand","embeddable":true,"href":"https:\/\/lij.ismeduca.com\/es\/wp-json\/wp\/v2\/product_brand?post=24567"},{"taxonomy":"product_cat","embeddable":true,"href":"https:\/\/lij.ismeduca.com\/es\/wp-json\/wp\/v2\/product_cat?post=24567"},{"taxonomy":"product_tag","embeddable":true,"href":"https:\/\/lij.ismeduca.com\/es\/wp-json\/wp\/v2\/product_tag?post=24567"},{"taxonomy":"asignatura","embeddable":true,"href":"https:\/\/lij.ismeduca.com\/es\/wp-json\/wp\/v2\/asignatura?post=24567"},{"taxonomy":"compania","embeddable":true,"href":"https:\/\/lij.ismeduca.com\/es\/wp-json\/wp\/v2\/compania?post=24567"},{"taxonomy":"curso","embeddable":true,"href":"https:\/\/lij.ismeduca.com\/es\/wp-json\/wp\/v2\/curso?post=24567"},{"taxonomy":"idiomas","embeddable":true,"href":"https:\/\/lij.ismeduca.com\/es\/wp-json\/wp\/v2\/idiomas?post=24567"},{"taxonomy":"genero","embeddable":true,"href":"https:\/\/lij.ismeduca.com\/es\/wp-json\/wp\/v2\/genero?post=24567"},{"taxonomy":"linea","embeddable":true,"href":"https:\/\/lij.ismeduca.com\/es\/wp-json\/wp\/v2\/linea?post=24567"},{"taxonomy":"premio","embeddable":true,"href":"https:\/\/lij.ismeduca.com\/es\/wp-json\/wp\/v2\/premio?post=24567"},{"taxonomy":"proyecto-editorial","embeddable":true,"href":"https:\/\/lij.ismeduca.com\/es\/wp-json\/wp\/v2\/proyecto-editorial?post=24567"},{"taxonomy":"tipo-de-libro","embeddable":true,"href":"https:\/\/lij.ismeduca.com\/es\/wp-json\/wp\/v2\/tipo-de-libro?post=24567"},{"taxonomy":"soporte","embeddable":true,"href":"https:\/\/lij.ismeduca.com\/es\/wp-json\/wp\/v2\/soporte?post=24567"},{"taxonomy":"zona-geografica","embeddable":true,"href":"https:\/\/lij.ismeduca.com\/es\/wp-json\/wp\/v2\/zona-geografica?post=24567"},{"taxonomy":"autores","embeddable":true,"href":"https:\/\/lij.ismeduca.com\/es\/wp-json\/wp\/v2\/autores?post=24567"},{"taxonomy":"colecciones","embeddable":true,"href":"https:\/\/lij.ismeduca.com\/es\/wp-json\/wp\/v2\/colecciones?post=24567"},{"taxonomy":"personajes","embeddable":true,"href":"https:\/\/lij.ismeduca.com\/es\/wp-json\/wp\/v2\/personajes?post=24567"}],"curies":[{"name":"wp","href":"https:\/\/api.w.org\/{rel}","templated":true}]}}