{"id":25237,"date":"2010-03-04T00:00:00","date_gmt":"2025-10-28T21:30:43","guid":{"rendered":"https:\/\/lij.ismeduca.com\/es\/?post_type=product&#038;p=25237"},"modified":"2025-12-23T12:33:45","modified_gmt":"2025-12-23T11:33:45","slug":"agilmente-ejercicios-mentales-gris","status":"publish","type":"product","link":"https:\/\/lij.ismeduca.com\/es\/producto\/agilmente-ejercicios-mentales-gris\/","title":{"rendered":"\u00c1gilmente: ejercicios mentales. Gris"},"content":{"rendered":"","protected":false},"excerpt":{"rendered":"<p><P><\/p>\n<p style='text-align: justify; margin: 0cm 0cm 0pt; mso-layout-grid-align: none' class='MsoNormal'><span style=' font-size: 10pt; mso-bidi-n cognitiva &#193;gilmente <\/strong>permite una actividad mental diaria, entretenida y variada. Cada cuaderno se ha ideado para completarse en una semana. La dificultad de las actividades var&#237;a en cada uno, y no existe un orden entre los mismos. Los ejercicios abarcan &#225;reas de lenguaje, memoria, pensamiento abstracto, atenci&#243;n y concentraci&#243;n, etc.<o:p><\/o:p><\/span><\/p>\n<p><\/P><P><\/p>\n<p style='text-align: justify; margin: 0cm 0cm 0pt; mso-layout-grid-align: none' class='MsoNormal'><strong><span style=' font-size: 10pt; mso-bidi- margin: 0cm 0cm 0pt; mso-layout-grid-align: none' class='MsoNormal'><strong><span style=' font-size: 10pt; mso-bidi-n en casa:<\/span><\/strong><\/p>\n<p><\/P><P><\/p>\n<ul style='margin-top: 0cm' type='square'>\n<li style='text-align: justify; margin: 0cm 0cm 0pt; mso-layout-grid-align: none; mso-list: l0 level1 lfo1; tab-stops: list 36.0pt' class='MsoNormal'><span style=' font-size: 10pt; mso-bidi- margin: 0cm 0cm 0pt; mso-layout-grid-align: none; mso-list: l0 level1 lfo1; tab-stops: list 36.0pt' class='MsoNormal'><span style=' font-size: 10pt; mso-bidi-ana. <o:p><\/o:p><\/span><\/li>\n<li style='text-align: justify; margin: 0cm 0cm 0pt; mso-layout-grid-align: none; mso-list: l0 level1 lfo1; tab-stops: list 36.0pt' class='MsoNormal'><span style=' font-size: 10pt; mso-bidi-nicamente los que le correspondan a cada d&#237;a.<o:p><\/o:p><\/span><\/li>\n<li style='text-align: justify; margin: 0cm 0cm 0pt; mso-layout-grid-align: none; mso-list: l0 level1 lfo1; tab-stops: list 36.0pt' class='MsoNormal'><span style=' font-size: 10pt; mso-bidi- margin: 0cm 0cm 0pt; mso-layout-grid-align: none; mso-list: l0 level1 lfo1; tab-stops: list 36.0pt' class='MsoNormal'><span style=' font-size: 10pt; mso-bidi-n. &#161;T&#243;mese su tiempo!<o:p><\/o:p><\/span><\/li>\n<li style='text-align: justify; margin: 0cm 0cm 0pt; mso-layout-grid-align: none; mso-list: l0 level1 lfo1; tab-stops: list 36.0pt' class='MsoNormal'><span style=' font-size: 10pt; mso-bidi-n de los ejercicios son bol&#237;grafo o l&#225;piz, l&#225;pices de colores y una goma.<o:p><\/o:p><\/span><\/li>\n<li style='text-align: justify; margin: 0cm 0cm 0pt; mso-layout-grid-align: none; mso-list: l0 level1 lfo1; tab-stops: list 36.0pt' class='MsoNormal'><span style=' font-size: 10pt; mso-bidi-rea (aunque el trabajo puede hacerse solo, pregunte a su familia si tiene alguna duda).<\/span><span style=' font-size: 10pt'><o:p><\/o:p><\/span><\/li>\n<\/ul>\n<p><\/P><\/p>\n","protected":false},"featured_media":39074,"template":"","meta":{"_acf_changed":false,"inline_featured_image":false},"product_brand":[],"product_cat":[4753],"product_tag":[401,2058],"asignatura":[],"compania":[252],"curso":[],"idiomas":[1948],"genero":[],"linea":[250],"premio":[],"proyecto-editorial":[251],"tipo-de-libro":[249],"soporte":[2009],"zona-geografica":[],"autores":[2488,2490,3838,2489],"colecciones":[2143],"personajes":[],"class_list":{"0":"post-25237","1":"product","2":"type-product","3":"status-publish","4":"has-post-thumbnail","6":"product_cat-todas-las-edades","7":"product_tag-desarrollo-cognitivo","8":"product_tag-ntx","9":"pa_codigo-sap-ntx","10":"compania-f-sta-maria-ediciones-sm-es","11":"idiomas-espanol","12":"linea-narrativa","13":"proyecto-editorial-fondo-general","14":"tipo-de-libro-fisico","15":"soporte-cuaderno","16":"autores-bernardo-lopez-gomez","17":"autores-daniel-seijas","18":"autores-guillermo-berdugo-garvia","19":"autores-rafael-serrano-iniguez","20":"colecciones-agilmente","22":"first","23":"outofstock","24":"taxable","25":"shipping-taxable","26":"purchasable","27":"product-type-simple"},"acf":{"id_catalogo":"650","shortTitle":"AGILMENTE GRIS","descripcion":"<P><p style='text-align: justify; margin: 0cm 0cm 0pt; mso-layout-grid-align: none' class='MsoNormal'><span style=' font-size: 10pt; mso-bidi-n cognitiva &#193;gilmente <\/strong>permite una actividad mental diaria, entretenida y variada. Cada cuaderno se ha ideado para completarse en una semana. La dificultad de las actividades var&#237;a en cada uno, y no existe un orden entre los mismos. Los ejercicios abarcan &#225;reas de lenguaje, memoria, pensamiento abstracto, atenci&#243;n y concentraci&#243;n, etc.<o:p><\/o:p><\/span><\/p><\/P><P><p style='text-align: justify; margin: 0cm 0cm 0pt; mso-layout-grid-align: none' class='MsoNormal'><strong><span style=' font-size: 10pt; mso-bidi- margin: 0cm 0cm 0pt; mso-layout-grid-align: none' class='MsoNormal'><strong><span style=' font-size: 10pt; mso-bidi-n en casa:<\/span><\/strong><br \/><\/p><\/P><P><ul style='margin-top: 0cm' type='square'><li style='text-align: justify; margin: 0cm 0cm 0pt; mso-layout-grid-align: none; mso-list: l0 level1 lfo1; tab-stops: list 36.0pt' class='MsoNormal'><span style=' font-size: 10pt; mso-bidi- margin: 0cm 0cm 0pt; mso-layout-grid-align: none; mso-list: l0 level1 lfo1; tab-stops: list 36.0pt' class='MsoNormal'><span style=' font-size: 10pt; mso-bidi-ana. <o:p><\/o:p><\/span><\/li><li style='text-align: justify; margin: 0cm 0cm 0pt; mso-layout-grid-align: none; mso-list: l0 level1 lfo1; tab-stops: list 36.0pt' class='MsoNormal'><span style=' font-size: 10pt; mso-bidi-nicamente los que le correspondan a cada d&#237;a.<o:p><\/o:p><\/span><\/li><li style='text-align: justify; margin: 0cm 0cm 0pt; mso-layout-grid-align: none; mso-list: l0 level1 lfo1; tab-stops: list 36.0pt' class='MsoNormal'><span style=' font-size: 10pt; mso-bidi- margin: 0cm 0cm 0pt; mso-layout-grid-align: none; mso-list: l0 level1 lfo1; tab-stops: list 36.0pt' class='MsoNormal'><span style=' font-size: 10pt; mso-bidi-n. &#161;T&#243;mese su tiempo!<o:p><\/o:p><\/span><\/li><li style='text-align: justify; margin: 0cm 0cm 0pt; mso-layout-grid-align: none; mso-list: l0 level1 lfo1; tab-stops: list 36.0pt' class='MsoNormal'><span style=' font-size: 10pt; mso-bidi-n de los ejercicios son bol&#237;grafo o l&#225;piz, l&#225;pices de colores y una goma.<o:p><\/o:p><\/span><\/li><li style='text-align: justify; margin: 0cm 0cm 0pt; mso-layout-grid-align: none; mso-list: l0 level1 lfo1; tab-stops: list 36.0pt' class='MsoNormal'><span style=' font-size: 10pt; mso-bidi-rea (aunque el trabajo puede hacerse solo, pregunte a su familia si tiene alguna duda).<\/span><span style=' font-size: 10pt'><o:p><\/o:p><\/span><\/li><\/ul><\/P>","adjuntos":null,"descriptivePhrases":[{"type":"General","text":"El programa de estimulaci\u00f3n cognitiva \u00c1gilmente permite una actividad mental diaria, entretenida y variada. Cada cuaderno se ha ideado para completarse en una semana. La dificultad de las actividades var\u00eda en cada uno, y no existe orden entre los mismos."}],"productSap":"NTX","isbn":"9788467537307","precio_colegios":3.8,"precio_librerias":3.8,"precio_librerias_sin_cobertura":3.8,"precio_distribuidores":3.8,"fecha_disponibilidad":null,"fecha_comercial":"20100304","organizacion_venta":"","datos_para_buscador":"Daniel Seijas, Guillermo Berdugo Garvia, Bernardo L\u00f3pez G\u00f3mez, Rafael Serrano \u00cd\u00f1iguez, \u00c1gilmente, "},"yoast_head":"<!-- This site is optimized with the Yoast SEO plugin v26.6 - https:\/\/yoast.com\/wordpress\/plugins\/seo\/ -->\n<title>\u00c1gilmente: ejercicios mentales. Gris - Literatura SM Espa\u00f1a<\/title>\n<meta name=\"robots\" content=\"noindex, follow, max-snippet:-1, max-image-preview:large, max-video-preview:-1\" \/>\n<meta property=\"og:locale\" content=\"es_ES\" \/>\n<meta property=\"og:type\" content=\"article\" \/>\n<meta property=\"og:title\" content=\"\u00c1gilmente: ejercicios mentales. Gris - Literatura SM Espa\u00f1a\" \/>\n<meta property=\"og:url\" content=\"https:\/\/lij.ismeduca.com\/es\/producto\/agilmente-ejercicios-mentales-gris\/\" \/>\n<meta property=\"og:site_name\" content=\"Literatura SM Espa\u00f1a\" \/>\n<meta property=\"article:modified_time\" content=\"2025-12-23T11:33:45+00:00\" \/>\n<meta name=\"twitter:card\" content=\"summary_large_image\" \/>\n<script type=\"application\/ld+json\" class=\"yoast-schema-graph\">{\"@context\":\"https:\/\/schema.org\",\"@graph\":[{\"@type\":\"WebPage\",\"@id\":\"https:\/\/lij.ismeduca.com\/es\/producto\/agilmente-ejercicios-mentales-gris\/\",\"url\":\"https:\/\/lij.ismeduca.com\/es\/producto\/agilmente-ejercicios-mentales-gris\/\",\"name\":\"\u00c1gilmente: ejercicios mentales. Gris - Literatura SM Espa\u00f1a\",\"isPartOf\":{\"@id\":\"https:\/\/lij.ismeduca.com\/es\/#website\"},\"primaryImageOfPage\":{\"@id\":\"https:\/\/lij.ismeduca.com\/es\/producto\/agilmente-ejercicios-mentales-gris\/#primaryimage\"},\"image\":{\"@id\":\"https:\/\/lij.ismeduca.com\/es\/producto\/agilmente-ejercicios-mentales-gris\/#primaryimage\"},\"thumbnailUrl\":\"https:\/\/lij.ismeduca.com\/es\/wp-content\/uploads\/sites\/10\/2025\/12\/25237.jpg\",\"datePublished\":\"2025-10-28T21:30:43+00:00\",\"dateModified\":\"2025-12-23T11:33:45+00:00\",\"breadcrumb\":{\"@id\":\"https:\/\/lij.ismeduca.com\/es\/producto\/agilmente-ejercicios-mentales-gris\/#breadcrumb\"},\"inLanguage\":\"es\",\"potentialAction\":[{\"@type\":\"ReadAction\",\"target\":[\"https:\/\/lij.ismeduca.com\/es\/producto\/agilmente-ejercicios-mentales-gris\/\"]}]},{\"@type\":\"ImageObject\",\"inLanguage\":\"es\",\"@id\":\"https:\/\/lij.ismeduca.com\/es\/producto\/agilmente-ejercicios-mentales-gris\/#primaryimage\",\"url\":\"https:\/\/lij.ismeduca.com\/es\/wp-content\/uploads\/sites\/10\/2025\/12\/25237.jpg\",\"contentUrl\":\"https:\/\/lij.ismeduca.com\/es\/wp-content\/uploads\/sites\/10\/2025\/12\/25237.jpg\",\"width\":463,\"height\":600},{\"@type\":\"BreadcrumbList\",\"@id\":\"https:\/\/lij.ismeduca.com\/es\/producto\/agilmente-ejercicios-mentales-gris\/#breadcrumb\",\"itemListElement\":[{\"@type\":\"ListItem\",\"position\":1,\"name\":\"Portada\",\"item\":\"https:\/\/lij.ismeduca.com\/es\/\"},{\"@type\":\"ListItem\",\"position\":2,\"name\":\"Tienda\",\"item\":\"https:\/\/lij.ismeduca.com\/es\/tienda\/\"},{\"@type\":\"ListItem\",\"position\":3,\"name\":\"\u00c1gilmente: ejercicios mentales. Gris\"}]},{\"@type\":\"WebSite\",\"@id\":\"https:\/\/lij.ismeduca.com\/es\/#website\",\"url\":\"https:\/\/lij.ismeduca.com\/es\/\",\"name\":\"Literatura SM Espa\u00f1a\",\"description\":\"\",\"publisher\":{\"@id\":\"https:\/\/lij.ismeduca.com\/es\/#organization\"},\"potentialAction\":[{\"@type\":\"SearchAction\",\"target\":{\"@type\":\"EntryPoint\",\"urlTemplate\":\"https:\/\/lij.ismeduca.com\/es\/?s={search_term_string}\"},\"query-input\":{\"@type\":\"PropertyValueSpecification\",\"valueRequired\":true,\"valueName\":\"search_term_string\"}}],\"inLanguage\":\"es\"},{\"@type\":\"Organization\",\"@id\":\"https:\/\/lij.ismeduca.com\/es\/#organization\",\"name\":\"Literatura SM Espa\u00f1a\",\"url\":\"https:\/\/lij.ismeduca.com\/es\/\",\"logo\":{\"@type\":\"ImageObject\",\"inLanguage\":\"es\",\"@id\":\"https:\/\/lij.ismeduca.com\/es\/#\/schema\/logo\/image\/\",\"url\":\"https:\/\/lij.ismeduca.com\/es\/wp-content\/uploads\/sites\/10\/2024\/07\/logo-cabecera.png\",\"contentUrl\":\"https:\/\/lij.ismeduca.com\/es\/wp-content\/uploads\/sites\/10\/2024\/07\/logo-cabecera.png\",\"width\":396,\"height\":64,\"caption\":\"Literatura SM Espa\u00f1a\"},\"image\":{\"@id\":\"https:\/\/lij.ismeduca.com\/es\/#\/schema\/logo\/image\/\"}}]}<\/script>\n<!-- \/ Yoast SEO plugin. -->","yoast_head_json":{"title":"\u00c1gilmente: ejercicios mentales. Gris - Literatura SM Espa\u00f1a","robots":{"index":"noindex","follow":"follow","max-snippet":"max-snippet:-1","max-image-preview":"max-image-preview:large","max-video-preview":"max-video-preview:-1"},"og_locale":"es_ES","og_type":"article","og_title":"\u00c1gilmente: ejercicios mentales. Gris - Literatura SM Espa\u00f1a","og_url":"https:\/\/lij.ismeduca.com\/es\/producto\/agilmente-ejercicios-mentales-gris\/","og_site_name":"Literatura SM Espa\u00f1a","article_modified_time":"2025-12-23T11:33:45+00:00","twitter_card":"summary_large_image","schema":{"@context":"https:\/\/schema.org","@graph":[{"@type":"WebPage","@id":"https:\/\/lij.ismeduca.com\/es\/producto\/agilmente-ejercicios-mentales-gris\/","url":"https:\/\/lij.ismeduca.com\/es\/producto\/agilmente-ejercicios-mentales-gris\/","name":"\u00c1gilmente: ejercicios mentales. Gris - Literatura SM Espa\u00f1a","isPartOf":{"@id":"https:\/\/lij.ismeduca.com\/es\/#website"},"primaryImageOfPage":{"@id":"https:\/\/lij.ismeduca.com\/es\/producto\/agilmente-ejercicios-mentales-gris\/#primaryimage"},"image":{"@id":"https:\/\/lij.ismeduca.com\/es\/producto\/agilmente-ejercicios-mentales-gris\/#primaryimage"},"thumbnailUrl":"https:\/\/lij.ismeduca.com\/es\/wp-content\/uploads\/sites\/10\/2025\/12\/25237.jpg","datePublished":"2025-10-28T21:30:43+00:00","dateModified":"2025-12-23T11:33:45+00:00","breadcrumb":{"@id":"https:\/\/lij.ismeduca.com\/es\/producto\/agilmente-ejercicios-mentales-gris\/#breadcrumb"},"inLanguage":"es","potentialAction":[{"@type":"ReadAction","target":["https:\/\/lij.ismeduca.com\/es\/producto\/agilmente-ejercicios-mentales-gris\/"]}]},{"@type":"ImageObject","inLanguage":"es","@id":"https:\/\/lij.ismeduca.com\/es\/producto\/agilmente-ejercicios-mentales-gris\/#primaryimage","url":"https:\/\/lij.ismeduca.com\/es\/wp-content\/uploads\/sites\/10\/2025\/12\/25237.jpg","contentUrl":"https:\/\/lij.ismeduca.com\/es\/wp-content\/uploads\/sites\/10\/2025\/12\/25237.jpg","width":463,"height":600},{"@type":"BreadcrumbList","@id":"https:\/\/lij.ismeduca.com\/es\/producto\/agilmente-ejercicios-mentales-gris\/#breadcrumb","itemListElement":[{"@type":"ListItem","position":1,"name":"Portada","item":"https:\/\/lij.ismeduca.com\/es\/"},{"@type":"ListItem","position":2,"name":"Tienda","item":"https:\/\/lij.ismeduca.com\/es\/tienda\/"},{"@type":"ListItem","position":3,"name":"\u00c1gilmente: ejercicios mentales. Gris"}]},{"@type":"WebSite","@id":"https:\/\/lij.ismeduca.com\/es\/#website","url":"https:\/\/lij.ismeduca.com\/es\/","name":"Literatura SM Espa\u00f1a","description":"","publisher":{"@id":"https:\/\/lij.ismeduca.com\/es\/#organization"},"potentialAction":[{"@type":"SearchAction","target":{"@type":"EntryPoint","urlTemplate":"https:\/\/lij.ismeduca.com\/es\/?s={search_term_string}"},"query-input":{"@type":"PropertyValueSpecification","valueRequired":true,"valueName":"search_term_string"}}],"inLanguage":"es"},{"@type":"Organization","@id":"https:\/\/lij.ismeduca.com\/es\/#organization","name":"Literatura SM Espa\u00f1a","url":"https:\/\/lij.ismeduca.com\/es\/","logo":{"@type":"ImageObject","inLanguage":"es","@id":"https:\/\/lij.ismeduca.com\/es\/#\/schema\/logo\/image\/","url":"https:\/\/lij.ismeduca.com\/es\/wp-content\/uploads\/sites\/10\/2024\/07\/logo-cabecera.png","contentUrl":"https:\/\/lij.ismeduca.com\/es\/wp-content\/uploads\/sites\/10\/2024\/07\/logo-cabecera.png","width":396,"height":64,"caption":"Literatura SM Espa\u00f1a"},"image":{"@id":"https:\/\/lij.ismeduca.com\/es\/#\/schema\/logo\/image\/"}}]}},"_links":{"self":[{"href":"https:\/\/lij.ismeduca.com\/es\/wp-json\/wp\/v2\/product\/25237","targetHints":{"allow":["GET"]}}],"collection":[{"href":"https:\/\/lij.ismeduca.com\/es\/wp-json\/wp\/v2\/product"}],"about":[{"href":"https:\/\/lij.ismeduca.com\/es\/wp-json\/wp\/v2\/types\/product"}],"version-history":[{"count":2,"href":"https:\/\/lij.ismeduca.com\/es\/wp-json\/wp\/v2\/product\/25237\/revisions"}],"predecessor-version":[{"id":32667,"href":"https:\/\/lij.ismeduca.com\/es\/wp-json\/wp\/v2\/product\/25237\/revisions\/32667"}],"wp:featuredmedia":[{"embeddable":true,"href":"https:\/\/lij.ismeduca.com\/es\/wp-json\/wp\/v2\/media\/39074"}],"wp:attachment":[{"href":"https:\/\/lij.ismeduca.com\/es\/wp-json\/wp\/v2\/media?parent=25237"}],"wp:term":[{"taxonomy":"product_brand","embeddable":true,"href":"https:\/\/lij.ismeduca.com\/es\/wp-json\/wp\/v2\/product_brand?post=25237"},{"taxonomy":"product_cat","embeddable":true,"href":"https:\/\/lij.ismeduca.com\/es\/wp-json\/wp\/v2\/product_cat?post=25237"},{"taxonomy":"product_tag","embeddable":true,"href":"https:\/\/lij.ismeduca.com\/es\/wp-json\/wp\/v2\/product_tag?post=25237"},{"taxonomy":"asignatura","embeddable":true,"href":"https:\/\/lij.ismeduca.com\/es\/wp-json\/wp\/v2\/asignatura?post=25237"},{"taxonomy":"compania","embeddable":true,"href":"https:\/\/lij.ismeduca.com\/es\/wp-json\/wp\/v2\/compania?post=25237"},{"taxonomy":"curso","embeddable":true,"href":"https:\/\/lij.ismeduca.com\/es\/wp-json\/wp\/v2\/curso?post=25237"},{"taxonomy":"idiomas","embeddable":true,"href":"https:\/\/lij.ismeduca.com\/es\/wp-json\/wp\/v2\/idiomas?post=25237"},{"taxonomy":"genero","embeddable":true,"href":"https:\/\/lij.ismeduca.com\/es\/wp-json\/wp\/v2\/genero?post=25237"},{"taxonomy":"linea","embeddable":true,"href":"https:\/\/lij.ismeduca.com\/es\/wp-json\/wp\/v2\/linea?post=25237"},{"taxonomy":"premio","embeddable":true,"href":"https:\/\/lij.ismeduca.com\/es\/wp-json\/wp\/v2\/premio?post=25237"},{"taxonomy":"proyecto-editorial","embeddable":true,"href":"https:\/\/lij.ismeduca.com\/es\/wp-json\/wp\/v2\/proyecto-editorial?post=25237"},{"taxonomy":"tipo-de-libro","embeddable":true,"href":"https:\/\/lij.ismeduca.com\/es\/wp-json\/wp\/v2\/tipo-de-libro?post=25237"},{"taxonomy":"soporte","embeddable":true,"href":"https:\/\/lij.ismeduca.com\/es\/wp-json\/wp\/v2\/soporte?post=25237"},{"taxonomy":"zona-geografica","embeddable":true,"href":"https:\/\/lij.ismeduca.com\/es\/wp-json\/wp\/v2\/zona-geografica?post=25237"},{"taxonomy":"autores","embeddable":true,"href":"https:\/\/lij.ismeduca.com\/es\/wp-json\/wp\/v2\/autores?post=25237"},{"taxonomy":"colecciones","embeddable":true,"href":"https:\/\/lij.ismeduca.com\/es\/wp-json\/wp\/v2\/colecciones?post=25237"},{"taxonomy":"personajes","embeddable":true,"href":"https:\/\/lij.ismeduca.com\/es\/wp-json\/wp\/v2\/personajes?post=25237"}],"curies":[{"name":"wp","href":"https:\/\/api.w.org\/{rel}","templated":true}]}}