{"id":2565,"date":"2019-09-19T00:00:00","date_gmt":"2024-07-11T09:42:08","guid":{"rendered":"https:\/\/lij.ismeduca.com\/tienda\/?post_type=product&#038;p=2565"},"modified":"2025-12-23T12:46:36","modified_gmt":"2025-12-23T11:46:36","slug":"ellas-cuentan","status":"publish","type":"product","link":"https:\/\/lij.ismeduca.com\/es\/producto\/ellas-cuentan\/","title":{"rendered":"Ellas cuentan"},"content":{"rendered":"","protected":false},"excerpt":{"rendered":"<p>Marie Curie, Dian Fossey, Billie Holiday, Rosa Parks, Malala Yousafzai&#8230; todas ellas so&ntilde;aron con un mundo mejor y lucharon por conseguirlo. Las mujeres y ni&ntilde;as que aparecen en este libro afrontaron con osad&iacute;a los desaf&iacute;os y los peligros que encontraron, llegando incluso a sacrificar sus vidas por seguir sus sue&ntilde;os y hacer del mundo un lugar mejor&#8230; Y t&uacute;, &iquest;te atreves a formar parte del cambio?<\/p>\n<div>Una fant&aacute;stica colecci&oacute;n de biograf&iacute;as que inspirar&aacute; a lectores de todas las edades.<\/div>\n","protected":false},"featured_media":37911,"template":"","meta":{"_acf_changed":false,"inline_featured_image":false},"product_brand":[],"product_cat":[4753],"product_tag":[241,465,1291,1296,868,1167,468,568,828,1139,1067,1168,382,645,504,464,345,707,1293,1294,567,550,320,1289,1297,364,298,698,1144,1072,1295,2058,1290,1159,1292,945,292,806,713,918,785],"asignatura":[],"compania":[252],"curso":[],"idiomas":[1948],"genero":[369],"linea":[372],"premio":[],"proyecto-editorial":[646],"tipo-de-libro":[249],"soporte":[2004],"zona-geografica":[],"autores":[4396,4543,4327,4371,3928],"colecciones":[],"personajes":[],"class_list":{"0":"post-2565","1":"product","2":"type-product","3":"status-publish","4":"has-post-thumbnail","6":"product_cat-todas-las-edades","7":"product_tag-albumes","8":"product_tag-arte","9":"product_tag-artistas","10":"product_tag-autores-literarios","11":"product_tag-biografias","12":"product_tag-cambio-social","13":"product_tag-ciencias-de-la-naturaleza-asignatura","14":"product_tag-ciencias-sociales-geografia-e-historia-asignatura","15":"product_tag-condicion-social-de-la-mujer","16":"product_tag-conflictos-sociales","17":"product_tag-discriminacion-sexual","18":"product_tag-discriminacion-social","19":"product_tag-ecologia","20":"product_tag-ecologismo","21":"product_tag-edad-media","22":"product_tag-educacion-artistica-asignatura","23":"product_tag-educacion-en-valores-humanos","24":"product_tag-feminismo","25":"product_tag-guerra-de-los-cien-anos-1337-1453","26":"product_tag-guerra-de-sucesion","27":"product_tag-historia-antigua-de-egipto","28":"product_tag-historia-de-la-ciencia","29":"product_tag-inclusion","30":"product_tag-inquisicion","31":"product_tag-isabel-la-catolica","32":"product_tag-literatura-ilustrada","33":"product_tag-literatura-infantil","34":"product_tag-literatura-juvenil","35":"product_tag-moda","36":"product_tag-nazismo","37":"product_tag-ninos","38":"product_tag-ntx","39":"product_tag-pedagogia","40":"product_tag-politica","41":"product_tag-primera-guerra-mundial-1914-1918","42":"product_tag-religiones","43":"product_tag-respeto-al-otro","44":"product_tag-revolucion-cientifica","45":"product_tag-revoluciones","46":"product_tag-segunda-guerra-mundial-1939-1945","47":"product_tag-union-sovietica","48":"pa_codigo-sap-ntx","49":"compania-f-sta-maria-ediciones-sm-es","50":"idiomas-espanol","51":"genero-divulgacion","52":"linea-conocimiento","53":"proyecto-editorial-todas-las-edades","54":"tipo-de-libro-fisico","55":"soporte-libro","56":"autores-ines-de-la-iglesia-perez","57":"autores-iria-torres-garcia","58":"autores-katherine-halligan","59":"autores-sarah-walsh","60":"autores-vanesa-garcia-cazorla","62":"first","63":"instock","64":"taxable","65":"shipping-taxable","66":"purchasable","67":"product-type-simple"},"acf":{"id_catalogo":"650","shortTitle":"ELLAS CUENTAN","descripcion":"<p>Marie Curie, Dian Fossey, Billie Holiday, Rosa Parks, Malala Yousafzai... todas ellas so&ntilde;aron con un mundo mejor y lucharon por conseguirlo. Las mujeres y ni&ntilde;as que aparecen en este libro afrontaron con osad&iacute;a los desaf&iacute;os y los peligros que encontraron, llegando incluso a sacrificar sus vidas por seguir sus sue&ntilde;os y hacer del mundo un lugar mejor... Y t&uacute;, &iquest;te atreves a formar parte del cambio?<\/p>\n\n<div>Una fant&aacute;stica colecci&oacute;n de biograf&iacute;as que inspirar&aacute; a lectores de todas las edades.<\/div>\n","adjuntos":null,"descriptivePhrases":[{"type":"General","text":"Una fant\u00e1stica colecci\u00f3n de 50 biograf\u00edas femeninas que inspirar\u00e1 a lectores de todas las edades."}],"productSap":"NTX","isbn":"9788491820291","precio_colegios":19.18,"precio_librerias":19.18,"precio_librerias_sin_cobertura":19.18,"precio_distribuidores":19.18,"fecha_disponibilidad":null,"fecha_comercial":"20190919","organizacion_venta":"CS01","datos_para_buscador":"Iria Torres Garc\u00eda, Vanesa Garc\u00eda Cazorla, Sarah Walsh, In\u00e9s De la Iglesia P\u00e9rez, Katherine Halligan, "},"yoast_head":"<!-- This site is optimized with the Yoast SEO plugin v26.6 - https:\/\/yoast.com\/wordpress\/plugins\/seo\/ -->\n<title>Ellas cuentan - Literatura SM Espa\u00f1a<\/title>\n<meta name=\"robots\" content=\"noindex, follow, max-snippet:-1, max-image-preview:large, max-video-preview:-1\" \/>\n<meta property=\"og:locale\" content=\"es_ES\" \/>\n<meta property=\"og:type\" content=\"article\" \/>\n<meta property=\"og:title\" content=\"Ellas cuentan - Literatura SM Espa\u00f1a\" \/>\n<meta property=\"og:url\" content=\"https:\/\/lij.ismeduca.com\/es\/producto\/ellas-cuentan\/\" \/>\n<meta property=\"og:site_name\" content=\"Literatura SM Espa\u00f1a\" \/>\n<meta property=\"article:modified_time\" content=\"2025-12-23T11:46:36+00:00\" \/>\n<meta name=\"twitter:card\" content=\"summary_large_image\" \/>\n<script type=\"application\/ld+json\" class=\"yoast-schema-graph\">{\"@context\":\"https:\/\/schema.org\",\"@graph\":[{\"@type\":\"WebPage\",\"@id\":\"https:\/\/lij.ismeduca.com\/es\/producto\/ellas-cuentan\/\",\"url\":\"https:\/\/lij.ismeduca.com\/es\/producto\/ellas-cuentan\/\",\"name\":\"Ellas cuentan - Literatura SM Espa\u00f1a\",\"isPartOf\":{\"@id\":\"https:\/\/lij.ismeduca.com\/es\/#website\"},\"primaryImageOfPage\":{\"@id\":\"https:\/\/lij.ismeduca.com\/es\/producto\/ellas-cuentan\/#primaryimage\"},\"image\":{\"@id\":\"https:\/\/lij.ismeduca.com\/es\/producto\/ellas-cuentan\/#primaryimage\"},\"thumbnailUrl\":\"https:\/\/lij.ismeduca.com\/es\/wp-content\/uploads\/sites\/10\/2025\/12\/2565.jpg\",\"datePublished\":\"2024-07-11T09:42:08+00:00\",\"dateModified\":\"2025-12-23T11:46:36+00:00\",\"breadcrumb\":{\"@id\":\"https:\/\/lij.ismeduca.com\/es\/producto\/ellas-cuentan\/#breadcrumb\"},\"inLanguage\":\"es\",\"potentialAction\":[{\"@type\":\"ReadAction\",\"target\":[\"https:\/\/lij.ismeduca.com\/es\/producto\/ellas-cuentan\/\"]}]},{\"@type\":\"ImageObject\",\"inLanguage\":\"es\",\"@id\":\"https:\/\/lij.ismeduca.com\/es\/producto\/ellas-cuentan\/#primaryimage\",\"url\":\"https:\/\/lij.ismeduca.com\/es\/wp-content\/uploads\/sites\/10\/2025\/12\/2565.jpg\",\"contentUrl\":\"https:\/\/lij.ismeduca.com\/es\/wp-content\/uploads\/sites\/10\/2025\/12\/2565.jpg\",\"width\":600,\"height\":692},{\"@type\":\"BreadcrumbList\",\"@id\":\"https:\/\/lij.ismeduca.com\/es\/producto\/ellas-cuentan\/#breadcrumb\",\"itemListElement\":[{\"@type\":\"ListItem\",\"position\":1,\"name\":\"Portada\",\"item\":\"https:\/\/lij.ismeduca.com\/es\/\"},{\"@type\":\"ListItem\",\"position\":2,\"name\":\"Tienda\",\"item\":\"https:\/\/lij.ismeduca.com\/es\/tienda\/\"},{\"@type\":\"ListItem\",\"position\":3,\"name\":\"Ellas cuentan\"}]},{\"@type\":\"WebSite\",\"@id\":\"https:\/\/lij.ismeduca.com\/es\/#website\",\"url\":\"https:\/\/lij.ismeduca.com\/es\/\",\"name\":\"Literatura SM Espa\u00f1a\",\"description\":\"\",\"publisher\":{\"@id\":\"https:\/\/lij.ismeduca.com\/es\/#organization\"},\"potentialAction\":[{\"@type\":\"SearchAction\",\"target\":{\"@type\":\"EntryPoint\",\"urlTemplate\":\"https:\/\/lij.ismeduca.com\/es\/?s={search_term_string}\"},\"query-input\":{\"@type\":\"PropertyValueSpecification\",\"valueRequired\":true,\"valueName\":\"search_term_string\"}}],\"inLanguage\":\"es\"},{\"@type\":\"Organization\",\"@id\":\"https:\/\/lij.ismeduca.com\/es\/#organization\",\"name\":\"Literatura SM Espa\u00f1a\",\"url\":\"https:\/\/lij.ismeduca.com\/es\/\",\"logo\":{\"@type\":\"ImageObject\",\"inLanguage\":\"es\",\"@id\":\"https:\/\/lij.ismeduca.com\/es\/#\/schema\/logo\/image\/\",\"url\":\"https:\/\/lij.ismeduca.com\/es\/wp-content\/uploads\/sites\/10\/2024\/07\/logo-cabecera.png\",\"contentUrl\":\"https:\/\/lij.ismeduca.com\/es\/wp-content\/uploads\/sites\/10\/2024\/07\/logo-cabecera.png\",\"width\":396,\"height\":64,\"caption\":\"Literatura SM Espa\u00f1a\"},\"image\":{\"@id\":\"https:\/\/lij.ismeduca.com\/es\/#\/schema\/logo\/image\/\"}}]}<\/script>\n<!-- \/ Yoast SEO plugin. -->","yoast_head_json":{"title":"Ellas cuentan - Literatura SM Espa\u00f1a","robots":{"index":"noindex","follow":"follow","max-snippet":"max-snippet:-1","max-image-preview":"max-image-preview:large","max-video-preview":"max-video-preview:-1"},"og_locale":"es_ES","og_type":"article","og_title":"Ellas cuentan - Literatura SM Espa\u00f1a","og_url":"https:\/\/lij.ismeduca.com\/es\/producto\/ellas-cuentan\/","og_site_name":"Literatura SM Espa\u00f1a","article_modified_time":"2025-12-23T11:46:36+00:00","twitter_card":"summary_large_image","schema":{"@context":"https:\/\/schema.org","@graph":[{"@type":"WebPage","@id":"https:\/\/lij.ismeduca.com\/es\/producto\/ellas-cuentan\/","url":"https:\/\/lij.ismeduca.com\/es\/producto\/ellas-cuentan\/","name":"Ellas cuentan - Literatura SM Espa\u00f1a","isPartOf":{"@id":"https:\/\/lij.ismeduca.com\/es\/#website"},"primaryImageOfPage":{"@id":"https:\/\/lij.ismeduca.com\/es\/producto\/ellas-cuentan\/#primaryimage"},"image":{"@id":"https:\/\/lij.ismeduca.com\/es\/producto\/ellas-cuentan\/#primaryimage"},"thumbnailUrl":"https:\/\/lij.ismeduca.com\/es\/wp-content\/uploads\/sites\/10\/2025\/12\/2565.jpg","datePublished":"2024-07-11T09:42:08+00:00","dateModified":"2025-12-23T11:46:36+00:00","breadcrumb":{"@id":"https:\/\/lij.ismeduca.com\/es\/producto\/ellas-cuentan\/#breadcrumb"},"inLanguage":"es","potentialAction":[{"@type":"ReadAction","target":["https:\/\/lij.ismeduca.com\/es\/producto\/ellas-cuentan\/"]}]},{"@type":"ImageObject","inLanguage":"es","@id":"https:\/\/lij.ismeduca.com\/es\/producto\/ellas-cuentan\/#primaryimage","url":"https:\/\/lij.ismeduca.com\/es\/wp-content\/uploads\/sites\/10\/2025\/12\/2565.jpg","contentUrl":"https:\/\/lij.ismeduca.com\/es\/wp-content\/uploads\/sites\/10\/2025\/12\/2565.jpg","width":600,"height":692},{"@type":"BreadcrumbList","@id":"https:\/\/lij.ismeduca.com\/es\/producto\/ellas-cuentan\/#breadcrumb","itemListElement":[{"@type":"ListItem","position":1,"name":"Portada","item":"https:\/\/lij.ismeduca.com\/es\/"},{"@type":"ListItem","position":2,"name":"Tienda","item":"https:\/\/lij.ismeduca.com\/es\/tienda\/"},{"@type":"ListItem","position":3,"name":"Ellas cuentan"}]},{"@type":"WebSite","@id":"https:\/\/lij.ismeduca.com\/es\/#website","url":"https:\/\/lij.ismeduca.com\/es\/","name":"Literatura SM Espa\u00f1a","description":"","publisher":{"@id":"https:\/\/lij.ismeduca.com\/es\/#organization"},"potentialAction":[{"@type":"SearchAction","target":{"@type":"EntryPoint","urlTemplate":"https:\/\/lij.ismeduca.com\/es\/?s={search_term_string}"},"query-input":{"@type":"PropertyValueSpecification","valueRequired":true,"valueName":"search_term_string"}}],"inLanguage":"es"},{"@type":"Organization","@id":"https:\/\/lij.ismeduca.com\/es\/#organization","name":"Literatura SM Espa\u00f1a","url":"https:\/\/lij.ismeduca.com\/es\/","logo":{"@type":"ImageObject","inLanguage":"es","@id":"https:\/\/lij.ismeduca.com\/es\/#\/schema\/logo\/image\/","url":"https:\/\/lij.ismeduca.com\/es\/wp-content\/uploads\/sites\/10\/2024\/07\/logo-cabecera.png","contentUrl":"https:\/\/lij.ismeduca.com\/es\/wp-content\/uploads\/sites\/10\/2024\/07\/logo-cabecera.png","width":396,"height":64,"caption":"Literatura SM Espa\u00f1a"},"image":{"@id":"https:\/\/lij.ismeduca.com\/es\/#\/schema\/logo\/image\/"}}]}},"_links":{"self":[{"href":"https:\/\/lij.ismeduca.com\/es\/wp-json\/wp\/v2\/product\/2565","targetHints":{"allow":["GET"]}}],"collection":[{"href":"https:\/\/lij.ismeduca.com\/es\/wp-json\/wp\/v2\/product"}],"about":[{"href":"https:\/\/lij.ismeduca.com\/es\/wp-json\/wp\/v2\/types\/product"}],"version-history":[{"count":1,"href":"https:\/\/lij.ismeduca.com\/es\/wp-json\/wp\/v2\/product\/2565\/revisions"}],"predecessor-version":[{"id":37912,"href":"https:\/\/lij.ismeduca.com\/es\/wp-json\/wp\/v2\/product\/2565\/revisions\/37912"}],"wp:featuredmedia":[{"embeddable":true,"href":"https:\/\/lij.ismeduca.com\/es\/wp-json\/wp\/v2\/media\/37911"}],"wp:attachment":[{"href":"https:\/\/lij.ismeduca.com\/es\/wp-json\/wp\/v2\/media?parent=2565"}],"wp:term":[{"taxonomy":"product_brand","embeddable":true,"href":"https:\/\/lij.ismeduca.com\/es\/wp-json\/wp\/v2\/product_brand?post=2565"},{"taxonomy":"product_cat","embeddable":true,"href":"https:\/\/lij.ismeduca.com\/es\/wp-json\/wp\/v2\/product_cat?post=2565"},{"taxonomy":"product_tag","embeddable":true,"href":"https:\/\/lij.ismeduca.com\/es\/wp-json\/wp\/v2\/product_tag?post=2565"},{"taxonomy":"asignatura","embeddable":true,"href":"https:\/\/lij.ismeduca.com\/es\/wp-json\/wp\/v2\/asignatura?post=2565"},{"taxonomy":"compania","embeddable":true,"href":"https:\/\/lij.ismeduca.com\/es\/wp-json\/wp\/v2\/compania?post=2565"},{"taxonomy":"curso","embeddable":true,"href":"https:\/\/lij.ismeduca.com\/es\/wp-json\/wp\/v2\/curso?post=2565"},{"taxonomy":"idiomas","embeddable":true,"href":"https:\/\/lij.ismeduca.com\/es\/wp-json\/wp\/v2\/idiomas?post=2565"},{"taxonomy":"genero","embeddable":true,"href":"https:\/\/lij.ismeduca.com\/es\/wp-json\/wp\/v2\/genero?post=2565"},{"taxonomy":"linea","embeddable":true,"href":"https:\/\/lij.ismeduca.com\/es\/wp-json\/wp\/v2\/linea?post=2565"},{"taxonomy":"premio","embeddable":true,"href":"https:\/\/lij.ismeduca.com\/es\/wp-json\/wp\/v2\/premio?post=2565"},{"taxonomy":"proyecto-editorial","embeddable":true,"href":"https:\/\/lij.ismeduca.com\/es\/wp-json\/wp\/v2\/proyecto-editorial?post=2565"},{"taxonomy":"tipo-de-libro","embeddable":true,"href":"https:\/\/lij.ismeduca.com\/es\/wp-json\/wp\/v2\/tipo-de-libro?post=2565"},{"taxonomy":"soporte","embeddable":true,"href":"https:\/\/lij.ismeduca.com\/es\/wp-json\/wp\/v2\/soporte?post=2565"},{"taxonomy":"zona-geografica","embeddable":true,"href":"https:\/\/lij.ismeduca.com\/es\/wp-json\/wp\/v2\/zona-geografica?post=2565"},{"taxonomy":"autores","embeddable":true,"href":"https:\/\/lij.ismeduca.com\/es\/wp-json\/wp\/v2\/autores?post=2565"},{"taxonomy":"colecciones","embeddable":true,"href":"https:\/\/lij.ismeduca.com\/es\/wp-json\/wp\/v2\/colecciones?post=2565"},{"taxonomy":"personajes","embeddable":true,"href":"https:\/\/lij.ismeduca.com\/es\/wp-json\/wp\/v2\/personajes?post=2565"}],"curies":[{"name":"wp","href":"https:\/\/api.w.org\/{rel}","templated":true}]}}