{"id":25899,"date":"2025-08-28T00:00:00","date_gmt":"2025-10-28T21:52:18","guid":{"rendered":"https:\/\/lij.ismeduca.com\/es\/?post_type=product&#038;p=25899"},"modified":"2025-12-23T13:10:47","modified_gmt":"2025-12-23T12:10:47","slug":"ringo-y-oti-en-el-cole-misterioso","status":"publish","type":"product","link":"https:\/\/lij.ismeduca.com\/es\/producto\/ringo-y-oti-en-el-cole-misterioso\/","title":{"rendered":"Ringo y Oti en el cole misterioso"},"content":{"rendered":"","protected":false},"excerpt":{"rendered":"<p>Ringo es un koala muy listo, bastante inquieto y un poco nervioso.&nbsp;Oti es una ornitorrinco un poco disparatada, bastante tranquila y muy cari\u00f1osa.<\/p>\n<p>Los dos son unos detectives sorprendentes.&nbsp;Resuelven casos raros, dif\u00edciles, imposibles.&nbsp;\u00a1Y cuidan el planeta sobre todas las cosas!&nbsp;\u00bfCu\u00e1l ser\u00e1 su pr\u00f3ximo caso? \u00a1Encontrar a la&nbsp;profesora del colegio de la isla!<\/p>\n<p>Un precioso c\u00f3mic para primeros lectores lleno de misterio, aventuras&#8230; \u00a1y mucho humor!<\/p>\n","protected":false},"featured_media":36028,"template":"","meta":{"_acf_changed":false,"inline_featured_image":false},"product_brand":[],"product_cat":[4700],"product_tag":[268,331,382,297,253,981,699,374,2058,502],"asignatura":[],"compania":[252],"curso":[],"idiomas":[1948],"genero":[256],"linea":[888],"premio":[],"proyecto-editorial":[323],"tipo-de-libro":[249],"soporte":[2004],"zona-geografica":[],"autores":[4209,4210,4475],"colecciones":[2348],"personajes":[],"class_list":{"0":"post-25899","1":"product","2":"type-product","3":"status-publish","4":"has-post-thumbnail","6":"product_cat-ringo-y-oti","7":"product_tag-amistad","8":"product_tag-comics","9":"product_tag-ecologia","10":"product_tag-literatura-de-aventuras","11":"product_tag-literatura-de-humor","12":"product_tag-literatura-de-misterio","13":"product_tag-misterios","14":"product_tag-naturaleza","15":"product_tag-ntx","16":"product_tag-proteccion-del-medio-ambiente","17":"pa_codigo-sap-ntx","18":"compania-f-sta-maria-ediciones-sm-es","19":"idiomas-espanol","20":"genero-humor","21":"linea-comics","22":"proyecto-editorial-6-12","23":"tipo-de-libro-fisico","24":"soporte-libro","25":"autores-gabriela-keselman","26":"autores-maximiliano-luchini","27":"autores-patrycja-katarzyna-jurkowska","28":"colecciones-ringo-y-oti","30":"first","31":"instock","32":"taxable","33":"shipping-taxable","34":"purchasable","35":"product-type-simple"},"acf":{"id_catalogo":"650","shortTitle":"RYO.4 RINGO Y OTI EN EL COLE MISTERIOSO","descripcion":"<p>Ringo es un koala muy listo, bastante inquieto y un poco nervioso.&nbsp;Oti es una ornitorrinco un poco disparatada, bastante tranquila y muy cari\u00f1osa.<\/p>\n<p>Los dos son unos detectives sorprendentes.&nbsp;Resuelven casos raros, dif\u00edciles, imposibles.&nbsp;\u00a1Y cuidan el planeta sobre todas las cosas!&nbsp;\u00bfCu\u00e1l ser\u00e1 su pr\u00f3ximo caso? \u00a1Encontrar a la&nbsp;profesora del colegio de la isla!<\/p>\n<p>Un precioso c\u00f3mic para primeros lectores lleno de misterio, aventuras... \u00a1y mucho humor!<\/p>","adjuntos":null,"descriptivePhrases":[{"type":"General","text":"Otra aventura en c\u00f3mic para primeros lectores sobre dos detectives que cuidan el mundo sobre todas las cosas."}],"productSap":"NTX","isbn":"9788410550605","precio_colegios":10.53,"precio_librerias":10.53,"precio_librerias_sin_cobertura":10.53,"precio_distribuidores":10.53,"fecha_disponibilidad":null,"fecha_comercial":"20250828","organizacion_venta":"","datos_para_buscador":"Maximiliano Luchini, Patrycja Katarzyna Jurkowska, Gabriela Keselman, Ringo y Oti, "},"yoast_head":"<!-- This site is optimized with the Yoast SEO plugin v26.6 - https:\/\/yoast.com\/wordpress\/plugins\/seo\/ -->\n<title>Ringo y Oti en el cole misterioso - Literatura SM Espa\u00f1a<\/title>\n<meta name=\"robots\" content=\"noindex, follow, max-snippet:-1, max-image-preview:large, max-video-preview:-1\" \/>\n<meta property=\"og:locale\" content=\"es_ES\" \/>\n<meta property=\"og:type\" content=\"article\" \/>\n<meta property=\"og:title\" content=\"Ringo y Oti en el cole misterioso - Literatura SM Espa\u00f1a\" \/>\n<meta property=\"og:url\" content=\"https:\/\/lij.ismeduca.com\/es\/producto\/ringo-y-oti-en-el-cole-misterioso\/\" \/>\n<meta property=\"og:site_name\" content=\"Literatura SM Espa\u00f1a\" \/>\n<meta property=\"article:modified_time\" content=\"2025-12-23T12:10:47+00:00\" \/>\n<meta name=\"twitter:card\" content=\"summary_large_image\" \/>\n<script type=\"application\/ld+json\" class=\"yoast-schema-graph\">{\"@context\":\"https:\/\/schema.org\",\"@graph\":[{\"@type\":\"WebPage\",\"@id\":\"https:\/\/lij.ismeduca.com\/es\/producto\/ringo-y-oti-en-el-cole-misterioso\/\",\"url\":\"https:\/\/lij.ismeduca.com\/es\/producto\/ringo-y-oti-en-el-cole-misterioso\/\",\"name\":\"Ringo y Oti en el cole misterioso - Literatura SM Espa\u00f1a\",\"isPartOf\":{\"@id\":\"https:\/\/lij.ismeduca.com\/es\/#website\"},\"primaryImageOfPage\":{\"@id\":\"https:\/\/lij.ismeduca.com\/es\/producto\/ringo-y-oti-en-el-cole-misterioso\/#primaryimage\"},\"image\":{\"@id\":\"https:\/\/lij.ismeduca.com\/es\/producto\/ringo-y-oti-en-el-cole-misterioso\/#primaryimage\"},\"thumbnailUrl\":\"https:\/\/lij.ismeduca.com\/es\/wp-content\/uploads\/sites\/10\/2025\/12\/25899.jpg\",\"datePublished\":\"2025-10-28T21:52:18+00:00\",\"dateModified\":\"2025-12-23T12:10:47+00:00\",\"breadcrumb\":{\"@id\":\"https:\/\/lij.ismeduca.com\/es\/producto\/ringo-y-oti-en-el-cole-misterioso\/#breadcrumb\"},\"inLanguage\":\"es\",\"potentialAction\":[{\"@type\":\"ReadAction\",\"target\":[\"https:\/\/lij.ismeduca.com\/es\/producto\/ringo-y-oti-en-el-cole-misterioso\/\"]}]},{\"@type\":\"ImageObject\",\"inLanguage\":\"es\",\"@id\":\"https:\/\/lij.ismeduca.com\/es\/producto\/ringo-y-oti-en-el-cole-misterioso\/#primaryimage\",\"url\":\"https:\/\/lij.ismeduca.com\/es\/wp-content\/uploads\/sites\/10\/2025\/12\/25899.jpg\",\"contentUrl\":\"https:\/\/lij.ismeduca.com\/es\/wp-content\/uploads\/sites\/10\/2025\/12\/25899.jpg\",\"width\":600,\"height\":732},{\"@type\":\"BreadcrumbList\",\"@id\":\"https:\/\/lij.ismeduca.com\/es\/producto\/ringo-y-oti-en-el-cole-misterioso\/#breadcrumb\",\"itemListElement\":[{\"@type\":\"ListItem\",\"position\":1,\"name\":\"Portada\",\"item\":\"https:\/\/lij.ismeduca.com\/es\/\"},{\"@type\":\"ListItem\",\"position\":2,\"name\":\"Tienda\",\"item\":\"https:\/\/lij.ismeduca.com\/es\/tienda\/\"},{\"@type\":\"ListItem\",\"position\":3,\"name\":\"Ringo y Oti en el cole misterioso\"}]},{\"@type\":\"WebSite\",\"@id\":\"https:\/\/lij.ismeduca.com\/es\/#website\",\"url\":\"https:\/\/lij.ismeduca.com\/es\/\",\"name\":\"Literatura SM Espa\u00f1a\",\"description\":\"\",\"publisher\":{\"@id\":\"https:\/\/lij.ismeduca.com\/es\/#organization\"},\"potentialAction\":[{\"@type\":\"SearchAction\",\"target\":{\"@type\":\"EntryPoint\",\"urlTemplate\":\"https:\/\/lij.ismeduca.com\/es\/?s={search_term_string}\"},\"query-input\":{\"@type\":\"PropertyValueSpecification\",\"valueRequired\":true,\"valueName\":\"search_term_string\"}}],\"inLanguage\":\"es\"},{\"@type\":\"Organization\",\"@id\":\"https:\/\/lij.ismeduca.com\/es\/#organization\",\"name\":\"Literatura SM Espa\u00f1a\",\"url\":\"https:\/\/lij.ismeduca.com\/es\/\",\"logo\":{\"@type\":\"ImageObject\",\"inLanguage\":\"es\",\"@id\":\"https:\/\/lij.ismeduca.com\/es\/#\/schema\/logo\/image\/\",\"url\":\"https:\/\/lij.ismeduca.com\/es\/wp-content\/uploads\/sites\/10\/2024\/07\/logo-cabecera.png\",\"contentUrl\":\"https:\/\/lij.ismeduca.com\/es\/wp-content\/uploads\/sites\/10\/2024\/07\/logo-cabecera.png\",\"width\":396,\"height\":64,\"caption\":\"Literatura SM Espa\u00f1a\"},\"image\":{\"@id\":\"https:\/\/lij.ismeduca.com\/es\/#\/schema\/logo\/image\/\"}}]}<\/script>\n<!-- \/ Yoast SEO plugin. -->","yoast_head_json":{"title":"Ringo y Oti en el cole misterioso - Literatura SM Espa\u00f1a","robots":{"index":"noindex","follow":"follow","max-snippet":"max-snippet:-1","max-image-preview":"max-image-preview:large","max-video-preview":"max-video-preview:-1"},"og_locale":"es_ES","og_type":"article","og_title":"Ringo y Oti en el cole misterioso - Literatura SM Espa\u00f1a","og_url":"https:\/\/lij.ismeduca.com\/es\/producto\/ringo-y-oti-en-el-cole-misterioso\/","og_site_name":"Literatura SM Espa\u00f1a","article_modified_time":"2025-12-23T12:10:47+00:00","twitter_card":"summary_large_image","schema":{"@context":"https:\/\/schema.org","@graph":[{"@type":"WebPage","@id":"https:\/\/lij.ismeduca.com\/es\/producto\/ringo-y-oti-en-el-cole-misterioso\/","url":"https:\/\/lij.ismeduca.com\/es\/producto\/ringo-y-oti-en-el-cole-misterioso\/","name":"Ringo y Oti en el cole misterioso - Literatura SM Espa\u00f1a","isPartOf":{"@id":"https:\/\/lij.ismeduca.com\/es\/#website"},"primaryImageOfPage":{"@id":"https:\/\/lij.ismeduca.com\/es\/producto\/ringo-y-oti-en-el-cole-misterioso\/#primaryimage"},"image":{"@id":"https:\/\/lij.ismeduca.com\/es\/producto\/ringo-y-oti-en-el-cole-misterioso\/#primaryimage"},"thumbnailUrl":"https:\/\/lij.ismeduca.com\/es\/wp-content\/uploads\/sites\/10\/2025\/12\/25899.jpg","datePublished":"2025-10-28T21:52:18+00:00","dateModified":"2025-12-23T12:10:47+00:00","breadcrumb":{"@id":"https:\/\/lij.ismeduca.com\/es\/producto\/ringo-y-oti-en-el-cole-misterioso\/#breadcrumb"},"inLanguage":"es","potentialAction":[{"@type":"ReadAction","target":["https:\/\/lij.ismeduca.com\/es\/producto\/ringo-y-oti-en-el-cole-misterioso\/"]}]},{"@type":"ImageObject","inLanguage":"es","@id":"https:\/\/lij.ismeduca.com\/es\/producto\/ringo-y-oti-en-el-cole-misterioso\/#primaryimage","url":"https:\/\/lij.ismeduca.com\/es\/wp-content\/uploads\/sites\/10\/2025\/12\/25899.jpg","contentUrl":"https:\/\/lij.ismeduca.com\/es\/wp-content\/uploads\/sites\/10\/2025\/12\/25899.jpg","width":600,"height":732},{"@type":"BreadcrumbList","@id":"https:\/\/lij.ismeduca.com\/es\/producto\/ringo-y-oti-en-el-cole-misterioso\/#breadcrumb","itemListElement":[{"@type":"ListItem","position":1,"name":"Portada","item":"https:\/\/lij.ismeduca.com\/es\/"},{"@type":"ListItem","position":2,"name":"Tienda","item":"https:\/\/lij.ismeduca.com\/es\/tienda\/"},{"@type":"ListItem","position":3,"name":"Ringo y Oti en el cole misterioso"}]},{"@type":"WebSite","@id":"https:\/\/lij.ismeduca.com\/es\/#website","url":"https:\/\/lij.ismeduca.com\/es\/","name":"Literatura SM Espa\u00f1a","description":"","publisher":{"@id":"https:\/\/lij.ismeduca.com\/es\/#organization"},"potentialAction":[{"@type":"SearchAction","target":{"@type":"EntryPoint","urlTemplate":"https:\/\/lij.ismeduca.com\/es\/?s={search_term_string}"},"query-input":{"@type":"PropertyValueSpecification","valueRequired":true,"valueName":"search_term_string"}}],"inLanguage":"es"},{"@type":"Organization","@id":"https:\/\/lij.ismeduca.com\/es\/#organization","name":"Literatura SM Espa\u00f1a","url":"https:\/\/lij.ismeduca.com\/es\/","logo":{"@type":"ImageObject","inLanguage":"es","@id":"https:\/\/lij.ismeduca.com\/es\/#\/schema\/logo\/image\/","url":"https:\/\/lij.ismeduca.com\/es\/wp-content\/uploads\/sites\/10\/2024\/07\/logo-cabecera.png","contentUrl":"https:\/\/lij.ismeduca.com\/es\/wp-content\/uploads\/sites\/10\/2024\/07\/logo-cabecera.png","width":396,"height":64,"caption":"Literatura SM Espa\u00f1a"},"image":{"@id":"https:\/\/lij.ismeduca.com\/es\/#\/schema\/logo\/image\/"}}]}},"_links":{"self":[{"href":"https:\/\/lij.ismeduca.com\/es\/wp-json\/wp\/v2\/product\/25899","targetHints":{"allow":["GET"]}}],"collection":[{"href":"https:\/\/lij.ismeduca.com\/es\/wp-json\/wp\/v2\/product"}],"about":[{"href":"https:\/\/lij.ismeduca.com\/es\/wp-json\/wp\/v2\/types\/product"}],"version-history":[{"count":2,"href":"https:\/\/lij.ismeduca.com\/es\/wp-json\/wp\/v2\/product\/25899\/revisions"}],"predecessor-version":[{"id":33145,"href":"https:\/\/lij.ismeduca.com\/es\/wp-json\/wp\/v2\/product\/25899\/revisions\/33145"}],"wp:featuredmedia":[{"embeddable":true,"href":"https:\/\/lij.ismeduca.com\/es\/wp-json\/wp\/v2\/media\/36028"}],"wp:attachment":[{"href":"https:\/\/lij.ismeduca.com\/es\/wp-json\/wp\/v2\/media?parent=25899"}],"wp:term":[{"taxonomy":"product_brand","embeddable":true,"href":"https:\/\/lij.ismeduca.com\/es\/wp-json\/wp\/v2\/product_brand?post=25899"},{"taxonomy":"product_cat","embeddable":true,"href":"https:\/\/lij.ismeduca.com\/es\/wp-json\/wp\/v2\/product_cat?post=25899"},{"taxonomy":"product_tag","embeddable":true,"href":"https:\/\/lij.ismeduca.com\/es\/wp-json\/wp\/v2\/product_tag?post=25899"},{"taxonomy":"asignatura","embeddable":true,"href":"https:\/\/lij.ismeduca.com\/es\/wp-json\/wp\/v2\/asignatura?post=25899"},{"taxonomy":"compania","embeddable":true,"href":"https:\/\/lij.ismeduca.com\/es\/wp-json\/wp\/v2\/compania?post=25899"},{"taxonomy":"curso","embeddable":true,"href":"https:\/\/lij.ismeduca.com\/es\/wp-json\/wp\/v2\/curso?post=25899"},{"taxonomy":"idiomas","embeddable":true,"href":"https:\/\/lij.ismeduca.com\/es\/wp-json\/wp\/v2\/idiomas?post=25899"},{"taxonomy":"genero","embeddable":true,"href":"https:\/\/lij.ismeduca.com\/es\/wp-json\/wp\/v2\/genero?post=25899"},{"taxonomy":"linea","embeddable":true,"href":"https:\/\/lij.ismeduca.com\/es\/wp-json\/wp\/v2\/linea?post=25899"},{"taxonomy":"premio","embeddable":true,"href":"https:\/\/lij.ismeduca.com\/es\/wp-json\/wp\/v2\/premio?post=25899"},{"taxonomy":"proyecto-editorial","embeddable":true,"href":"https:\/\/lij.ismeduca.com\/es\/wp-json\/wp\/v2\/proyecto-editorial?post=25899"},{"taxonomy":"tipo-de-libro","embeddable":true,"href":"https:\/\/lij.ismeduca.com\/es\/wp-json\/wp\/v2\/tipo-de-libro?post=25899"},{"taxonomy":"soporte","embeddable":true,"href":"https:\/\/lij.ismeduca.com\/es\/wp-json\/wp\/v2\/soporte?post=25899"},{"taxonomy":"zona-geografica","embeddable":true,"href":"https:\/\/lij.ismeduca.com\/es\/wp-json\/wp\/v2\/zona-geografica?post=25899"},{"taxonomy":"autores","embeddable":true,"href":"https:\/\/lij.ismeduca.com\/es\/wp-json\/wp\/v2\/autores?post=25899"},{"taxonomy":"colecciones","embeddable":true,"href":"https:\/\/lij.ismeduca.com\/es\/wp-json\/wp\/v2\/colecciones?post=25899"},{"taxonomy":"personajes","embeddable":true,"href":"https:\/\/lij.ismeduca.com\/es\/wp-json\/wp\/v2\/personajes?post=25899"}],"curies":[{"name":"wp","href":"https:\/\/api.w.org\/{rel}","templated":true}]}}