{"id":25991,"date":"2025-05-08T00:00:00","date_gmt":"2025-10-28T21:54:59","guid":{"rendered":"https:\/\/lij.ismeduca.com\/es\/?post_type=product&#038;p=25991"},"modified":"2025-12-23T12:31:40","modified_gmt":"2025-12-23T11:31:40","slug":"anton-pinon-sigue-el-rastro-del-olor","status":"publish","type":"product","link":"https:\/\/lij.ismeduca.com\/es\/producto\/anton-pinon-sigue-el-rastro-del-olor\/","title":{"rendered":"Ant\u00f3n Pi\u00f1\u00f3n sigue el rastro del olor"},"content":{"rendered":"","protected":false},"excerpt":{"rendered":"<p>Hoy en el Gran Bosque entregar\u00e1n la Medalla de Chocolate al personaje m\u00e1s solidario del a\u00f1o. Pero alguien se ha comido la medalla y Ant\u00f3n cree que puede descubrir al culpable siguiendo el rastro de todas las caquitas que encuentre en su camino.&nbsp; Un divertido libro con olores.<\/p>\n","protected":false},"featured_media":35065,"template":"","meta":{"_acf_changed":false,"inline_featured_image":false},"product_brand":[],"product_cat":[4636],"product_tag":[2058],"asignatura":[],"compania":[252],"curso":[],"idiomas":[1948],"genero":[],"linea":[289],"premio":[],"proyecto-editorial":[257],"tipo-de-libro":[249],"soporte":[2004],"zona-geografica":[],"autores":[4565,4209,4007],"colecciones":[2177],"personajes":[],"class_list":{"0":"post-25991","1":"product","2":"type-product","3":"status-publish","4":"has-post-thumbnail","6":"product_cat-anton-pinon","7":"product_tag-ntx","8":"pa_codigo-sap-ntx","9":"compania-f-sta-maria-ediciones-sm-es","10":"idiomas-espanol","11":"linea-personajes","12":"proyecto-editorial-3-5","13":"tipo-de-libro-fisico","14":"soporte-libro","15":"autores-carla-balzaretti","16":"autores-gabriela-keselman","17":"autores-marta-moreno-rios","18":"colecciones-anton-pinon","20":"first","21":"instock","22":"taxable","23":"shipping-taxable","24":"purchasable","25":"product-type-simple"},"acf":{"id_catalogo":"650","shortTitle":"ANP.ANTON PI\u00d1ON SIGUE EL RASTRO DEL OLOR","descripcion":"<p>Hoy en el Gran Bosque entregar\u00e1n la Medalla de Chocolate al personaje m\u00e1s solidario del a\u00f1o. Pero alguien se ha comido la medalla y Ant\u00f3n cree que puede descubrir al culpable siguiendo el rastro de todas las caquitas que encuentre en su camino.&nbsp; Un divertido libro con olores.<\/p>","adjuntos":null,"descriptivePhrases":[{"type":"General","text":"Hoy en el Gran Bosque entregar\u00e1n la Medalla de Chocolate al personaje m\u00e1s solidario del a\u00f1o. Pero alguien se ha comido la medalla y Ant\u00f3n intentar\u00e1 descubrir al culpable.  Un divertido libro con olores."}],"productSap":"NTX","isbn":"9788411829731","precio_colegios":11.49,"precio_librerias":11.49,"precio_librerias_sin_cobertura":11.49,"precio_distribuidores":11.49,"fecha_disponibilidad":null,"fecha_comercial":"20250508","organizacion_venta":"","datos_para_buscador":"Marta Moreno R\u00edos, Carla Balzaretti, Gabriela Keselman, Ant\u00f3n Pi\u00f1\u00f3n, "},"yoast_head":"<!-- This site is optimized with the Yoast SEO plugin v26.6 - https:\/\/yoast.com\/wordpress\/plugins\/seo\/ -->\n<title>Ant\u00f3n Pi\u00f1\u00f3n sigue el rastro del olor - Literatura SM Espa\u00f1a<\/title>\n<meta name=\"robots\" content=\"noindex, follow, max-snippet:-1, max-image-preview:large, max-video-preview:-1\" \/>\n<meta property=\"og:locale\" content=\"es_ES\" \/>\n<meta property=\"og:type\" content=\"article\" \/>\n<meta property=\"og:title\" content=\"Ant\u00f3n Pi\u00f1\u00f3n sigue el rastro del olor - Literatura SM Espa\u00f1a\" \/>\n<meta property=\"og:url\" content=\"https:\/\/lij.ismeduca.com\/es\/producto\/anton-pinon-sigue-el-rastro-del-olor\/\" \/>\n<meta property=\"og:site_name\" content=\"Literatura SM Espa\u00f1a\" \/>\n<meta property=\"article:modified_time\" content=\"2025-12-23T11:31:40+00:00\" \/>\n<meta name=\"twitter:card\" content=\"summary_large_image\" \/>\n<script type=\"application\/ld+json\" class=\"yoast-schema-graph\">{\"@context\":\"https:\/\/schema.org\",\"@graph\":[{\"@type\":\"WebPage\",\"@id\":\"https:\/\/lij.ismeduca.com\/es\/producto\/anton-pinon-sigue-el-rastro-del-olor\/\",\"url\":\"https:\/\/lij.ismeduca.com\/es\/producto\/anton-pinon-sigue-el-rastro-del-olor\/\",\"name\":\"Ant\u00f3n Pi\u00f1\u00f3n sigue el rastro del olor - Literatura SM Espa\u00f1a\",\"isPartOf\":{\"@id\":\"https:\/\/lij.ismeduca.com\/es\/#website\"},\"primaryImageOfPage\":{\"@id\":\"https:\/\/lij.ismeduca.com\/es\/producto\/anton-pinon-sigue-el-rastro-del-olor\/#primaryimage\"},\"image\":{\"@id\":\"https:\/\/lij.ismeduca.com\/es\/producto\/anton-pinon-sigue-el-rastro-del-olor\/#primaryimage\"},\"thumbnailUrl\":\"https:\/\/lij.ismeduca.com\/es\/wp-content\/uploads\/sites\/10\/2025\/12\/25991.jpg\",\"datePublished\":\"2025-10-28T21:54:59+00:00\",\"dateModified\":\"2025-12-23T11:31:40+00:00\",\"breadcrumb\":{\"@id\":\"https:\/\/lij.ismeduca.com\/es\/producto\/anton-pinon-sigue-el-rastro-del-olor\/#breadcrumb\"},\"inLanguage\":\"es\",\"potentialAction\":[{\"@type\":\"ReadAction\",\"target\":[\"https:\/\/lij.ismeduca.com\/es\/producto\/anton-pinon-sigue-el-rastro-del-olor\/\"]}]},{\"@type\":\"ImageObject\",\"inLanguage\":\"es\",\"@id\":\"https:\/\/lij.ismeduca.com\/es\/producto\/anton-pinon-sigue-el-rastro-del-olor\/#primaryimage\",\"url\":\"https:\/\/lij.ismeduca.com\/es\/wp-content\/uploads\/sites\/10\/2025\/12\/25991.jpg\",\"contentUrl\":\"https:\/\/lij.ismeduca.com\/es\/wp-content\/uploads\/sites\/10\/2025\/12\/25991.jpg\",\"width\":600,\"height\":590},{\"@type\":\"BreadcrumbList\",\"@id\":\"https:\/\/lij.ismeduca.com\/es\/producto\/anton-pinon-sigue-el-rastro-del-olor\/#breadcrumb\",\"itemListElement\":[{\"@type\":\"ListItem\",\"position\":1,\"name\":\"Portada\",\"item\":\"https:\/\/lij.ismeduca.com\/es\/\"},{\"@type\":\"ListItem\",\"position\":2,\"name\":\"Tienda\",\"item\":\"https:\/\/lij.ismeduca.com\/es\/tienda\/\"},{\"@type\":\"ListItem\",\"position\":3,\"name\":\"Ant\u00f3n Pi\u00f1\u00f3n sigue el rastro del olor\"}]},{\"@type\":\"WebSite\",\"@id\":\"https:\/\/lij.ismeduca.com\/es\/#website\",\"url\":\"https:\/\/lij.ismeduca.com\/es\/\",\"name\":\"Literatura SM Espa\u00f1a\",\"description\":\"\",\"publisher\":{\"@id\":\"https:\/\/lij.ismeduca.com\/es\/#organization\"},\"potentialAction\":[{\"@type\":\"SearchAction\",\"target\":{\"@type\":\"EntryPoint\",\"urlTemplate\":\"https:\/\/lij.ismeduca.com\/es\/?s={search_term_string}\"},\"query-input\":{\"@type\":\"PropertyValueSpecification\",\"valueRequired\":true,\"valueName\":\"search_term_string\"}}],\"inLanguage\":\"es\"},{\"@type\":\"Organization\",\"@id\":\"https:\/\/lij.ismeduca.com\/es\/#organization\",\"name\":\"Literatura SM Espa\u00f1a\",\"url\":\"https:\/\/lij.ismeduca.com\/es\/\",\"logo\":{\"@type\":\"ImageObject\",\"inLanguage\":\"es\",\"@id\":\"https:\/\/lij.ismeduca.com\/es\/#\/schema\/logo\/image\/\",\"url\":\"https:\/\/lij.ismeduca.com\/es\/wp-content\/uploads\/sites\/10\/2024\/07\/logo-cabecera.png\",\"contentUrl\":\"https:\/\/lij.ismeduca.com\/es\/wp-content\/uploads\/sites\/10\/2024\/07\/logo-cabecera.png\",\"width\":396,\"height\":64,\"caption\":\"Literatura SM Espa\u00f1a\"},\"image\":{\"@id\":\"https:\/\/lij.ismeduca.com\/es\/#\/schema\/logo\/image\/\"}}]}<\/script>\n<!-- \/ Yoast SEO plugin. -->","yoast_head_json":{"title":"Ant\u00f3n Pi\u00f1\u00f3n sigue el rastro del olor - Literatura SM Espa\u00f1a","robots":{"index":"noindex","follow":"follow","max-snippet":"max-snippet:-1","max-image-preview":"max-image-preview:large","max-video-preview":"max-video-preview:-1"},"og_locale":"es_ES","og_type":"article","og_title":"Ant\u00f3n Pi\u00f1\u00f3n sigue el rastro del olor - Literatura SM Espa\u00f1a","og_url":"https:\/\/lij.ismeduca.com\/es\/producto\/anton-pinon-sigue-el-rastro-del-olor\/","og_site_name":"Literatura SM Espa\u00f1a","article_modified_time":"2025-12-23T11:31:40+00:00","twitter_card":"summary_large_image","schema":{"@context":"https:\/\/schema.org","@graph":[{"@type":"WebPage","@id":"https:\/\/lij.ismeduca.com\/es\/producto\/anton-pinon-sigue-el-rastro-del-olor\/","url":"https:\/\/lij.ismeduca.com\/es\/producto\/anton-pinon-sigue-el-rastro-del-olor\/","name":"Ant\u00f3n Pi\u00f1\u00f3n sigue el rastro del olor - Literatura SM Espa\u00f1a","isPartOf":{"@id":"https:\/\/lij.ismeduca.com\/es\/#website"},"primaryImageOfPage":{"@id":"https:\/\/lij.ismeduca.com\/es\/producto\/anton-pinon-sigue-el-rastro-del-olor\/#primaryimage"},"image":{"@id":"https:\/\/lij.ismeduca.com\/es\/producto\/anton-pinon-sigue-el-rastro-del-olor\/#primaryimage"},"thumbnailUrl":"https:\/\/lij.ismeduca.com\/es\/wp-content\/uploads\/sites\/10\/2025\/12\/25991.jpg","datePublished":"2025-10-28T21:54:59+00:00","dateModified":"2025-12-23T11:31:40+00:00","breadcrumb":{"@id":"https:\/\/lij.ismeduca.com\/es\/producto\/anton-pinon-sigue-el-rastro-del-olor\/#breadcrumb"},"inLanguage":"es","potentialAction":[{"@type":"ReadAction","target":["https:\/\/lij.ismeduca.com\/es\/producto\/anton-pinon-sigue-el-rastro-del-olor\/"]}]},{"@type":"ImageObject","inLanguage":"es","@id":"https:\/\/lij.ismeduca.com\/es\/producto\/anton-pinon-sigue-el-rastro-del-olor\/#primaryimage","url":"https:\/\/lij.ismeduca.com\/es\/wp-content\/uploads\/sites\/10\/2025\/12\/25991.jpg","contentUrl":"https:\/\/lij.ismeduca.com\/es\/wp-content\/uploads\/sites\/10\/2025\/12\/25991.jpg","width":600,"height":590},{"@type":"BreadcrumbList","@id":"https:\/\/lij.ismeduca.com\/es\/producto\/anton-pinon-sigue-el-rastro-del-olor\/#breadcrumb","itemListElement":[{"@type":"ListItem","position":1,"name":"Portada","item":"https:\/\/lij.ismeduca.com\/es\/"},{"@type":"ListItem","position":2,"name":"Tienda","item":"https:\/\/lij.ismeduca.com\/es\/tienda\/"},{"@type":"ListItem","position":3,"name":"Ant\u00f3n Pi\u00f1\u00f3n sigue el rastro del olor"}]},{"@type":"WebSite","@id":"https:\/\/lij.ismeduca.com\/es\/#website","url":"https:\/\/lij.ismeduca.com\/es\/","name":"Literatura SM Espa\u00f1a","description":"","publisher":{"@id":"https:\/\/lij.ismeduca.com\/es\/#organization"},"potentialAction":[{"@type":"SearchAction","target":{"@type":"EntryPoint","urlTemplate":"https:\/\/lij.ismeduca.com\/es\/?s={search_term_string}"},"query-input":{"@type":"PropertyValueSpecification","valueRequired":true,"valueName":"search_term_string"}}],"inLanguage":"es"},{"@type":"Organization","@id":"https:\/\/lij.ismeduca.com\/es\/#organization","name":"Literatura SM Espa\u00f1a","url":"https:\/\/lij.ismeduca.com\/es\/","logo":{"@type":"ImageObject","inLanguage":"es","@id":"https:\/\/lij.ismeduca.com\/es\/#\/schema\/logo\/image\/","url":"https:\/\/lij.ismeduca.com\/es\/wp-content\/uploads\/sites\/10\/2024\/07\/logo-cabecera.png","contentUrl":"https:\/\/lij.ismeduca.com\/es\/wp-content\/uploads\/sites\/10\/2024\/07\/logo-cabecera.png","width":396,"height":64,"caption":"Literatura SM Espa\u00f1a"},"image":{"@id":"https:\/\/lij.ismeduca.com\/es\/#\/schema\/logo\/image\/"}}]}},"_links":{"self":[{"href":"https:\/\/lij.ismeduca.com\/es\/wp-json\/wp\/v2\/product\/25991","targetHints":{"allow":["GET"]}}],"collection":[{"href":"https:\/\/lij.ismeduca.com\/es\/wp-json\/wp\/v2\/product"}],"about":[{"href":"https:\/\/lij.ismeduca.com\/es\/wp-json\/wp\/v2\/types\/product"}],"version-history":[{"count":2,"href":"https:\/\/lij.ismeduca.com\/es\/wp-json\/wp\/v2\/product\/25991\/revisions"}],"predecessor-version":[{"id":33201,"href":"https:\/\/lij.ismeduca.com\/es\/wp-json\/wp\/v2\/product\/25991\/revisions\/33201"}],"wp:featuredmedia":[{"embeddable":true,"href":"https:\/\/lij.ismeduca.com\/es\/wp-json\/wp\/v2\/media\/35065"}],"wp:attachment":[{"href":"https:\/\/lij.ismeduca.com\/es\/wp-json\/wp\/v2\/media?parent=25991"}],"wp:term":[{"taxonomy":"product_brand","embeddable":true,"href":"https:\/\/lij.ismeduca.com\/es\/wp-json\/wp\/v2\/product_brand?post=25991"},{"taxonomy":"product_cat","embeddable":true,"href":"https:\/\/lij.ismeduca.com\/es\/wp-json\/wp\/v2\/product_cat?post=25991"},{"taxonomy":"product_tag","embeddable":true,"href":"https:\/\/lij.ismeduca.com\/es\/wp-json\/wp\/v2\/product_tag?post=25991"},{"taxonomy":"asignatura","embeddable":true,"href":"https:\/\/lij.ismeduca.com\/es\/wp-json\/wp\/v2\/asignatura?post=25991"},{"taxonomy":"compania","embeddable":true,"href":"https:\/\/lij.ismeduca.com\/es\/wp-json\/wp\/v2\/compania?post=25991"},{"taxonomy":"curso","embeddable":true,"href":"https:\/\/lij.ismeduca.com\/es\/wp-json\/wp\/v2\/curso?post=25991"},{"taxonomy":"idiomas","embeddable":true,"href":"https:\/\/lij.ismeduca.com\/es\/wp-json\/wp\/v2\/idiomas?post=25991"},{"taxonomy":"genero","embeddable":true,"href":"https:\/\/lij.ismeduca.com\/es\/wp-json\/wp\/v2\/genero?post=25991"},{"taxonomy":"linea","embeddable":true,"href":"https:\/\/lij.ismeduca.com\/es\/wp-json\/wp\/v2\/linea?post=25991"},{"taxonomy":"premio","embeddable":true,"href":"https:\/\/lij.ismeduca.com\/es\/wp-json\/wp\/v2\/premio?post=25991"},{"taxonomy":"proyecto-editorial","embeddable":true,"href":"https:\/\/lij.ismeduca.com\/es\/wp-json\/wp\/v2\/proyecto-editorial?post=25991"},{"taxonomy":"tipo-de-libro","embeddable":true,"href":"https:\/\/lij.ismeduca.com\/es\/wp-json\/wp\/v2\/tipo-de-libro?post=25991"},{"taxonomy":"soporte","embeddable":true,"href":"https:\/\/lij.ismeduca.com\/es\/wp-json\/wp\/v2\/soporte?post=25991"},{"taxonomy":"zona-geografica","embeddable":true,"href":"https:\/\/lij.ismeduca.com\/es\/wp-json\/wp\/v2\/zona-geografica?post=25991"},{"taxonomy":"autores","embeddable":true,"href":"https:\/\/lij.ismeduca.com\/es\/wp-json\/wp\/v2\/autores?post=25991"},{"taxonomy":"colecciones","embeddable":true,"href":"https:\/\/lij.ismeduca.com\/es\/wp-json\/wp\/v2\/colecciones?post=25991"},{"taxonomy":"personajes","embeddable":true,"href":"https:\/\/lij.ismeduca.com\/es\/wp-json\/wp\/v2\/personajes?post=25991"}],"curies":[{"name":"wp","href":"https:\/\/api.w.org\/{rel}","templated":true}]}}