{"id":26109,"date":"2025-07-08T00:00:00","date_gmt":"2025-10-28T21:58:23","guid":{"rendered":"https:\/\/lij.ismeduca.com\/es\/?post_type=product&#038;p=26109"},"modified":"2025-12-23T13:11:55","modified_gmt":"2025-12-23T12:11:55","slug":"pesadillas-y-dulcesuenos-4-un-cumple-para-echarse-a-temblar","status":"publish","type":"product","link":"https:\/\/lij.ismeduca.com\/es\/producto\/pesadillas-y-dulcesuenos-4-un-cumple-para-echarse-a-temblar\/","title":{"rendered":"Pesadillas y Dulcesue\u00f1os 4: Un cumple para echarse a temblar"},"content":{"rendered":"","protected":false},"excerpt":{"rendered":"<p><strong>La familia Pesadillas crea terribles pesadillas.<\/strong><\/p>\n<p><strong>La familia Dulcesue\u00f1os, melosos sue\u00f1os.&nbsp;<\/strong><\/p>\n<p><strong>Una fuerte enemistad las separa.&nbsp;<\/strong><\/p>\n<p><strong>Pero Nix y Sen descubrir\u00e1n la magia de la amistad y el trabajo en equipo.&nbsp;<\/strong><\/p>\n<p>Nix Pesadillas celebra su cumplea\u00f1os y quiere que sea el m\u00e1s terror\u00edfico del mundo. Para ello, lo tiene todo requeteorganizado.<br \/>\nSen Dulcesue\u00f1os quiere regalarle a su amiga las botas de moda: las Murci\u00e9lagas. El problema es que no tiene suficiente dinero y, para conseguirlo, tendr\u00e1 que hacer de todo, incluso trabajar de monstruoni\u00f1ero.<br \/>\nEl cumplea\u00f1os no resultar\u00e1 como Nix esperaba, y tendr\u00e1n que enfrentarse a una terrible hada dentuda, pero los dos mejores amigos para siempre pasar\u00e1n juntos un d\u00eda terriblemente divertido.<\/p>\n","protected":false},"featured_media":35907,"template":"","meta":{"_acf_changed":false,"inline_featured_image":false},"product_brand":[],"product_cat":[4696],"product_tag":[268,932,1007,1194,394,297,253,441,1295,2058,293,913],"asignatura":[],"compania":[252],"curso":[],"idiomas":[1948],"genero":[275],"linea":[250],"premio":[],"proyecto-editorial":[323],"tipo-de-libro":[249],"soporte":[2004],"zona-geografica":[],"autores":[4398,3393,3394],"colecciones":[2239],"personajes":[],"class_list":{"0":"post-26109","1":"product","2":"type-product","3":"status-publish","4":"has-post-thumbnail","6":"product_cat-pesadillas-y-dulcesuenos","7":"product_tag-amistad","8":"product_tag-conflictos-familiares","9":"product_tag-fantasia-juvenil","10":"product_tag-fiestas-de-cumpleanos","11":"product_tag-hadas","12":"product_tag-literatura-de-aventuras","13":"product_tag-literatura-de-humor","14":"product_tag-monstruos","15":"product_tag-ninos","16":"product_tag-ntx","17":"product_tag-relaciones-familiares","18":"product_tag-travesuras","19":"pa_codigo-sap-ntx","20":"compania-f-sta-maria-ediciones-sm-es","21":"idiomas-espanol","22":"genero-fantasia","23":"linea-narrativa","24":"proyecto-editorial-6-12","25":"tipo-de-libro-fisico","26":"soporte-libro","27":"autores-carolina-perez-gutierrez","28":"autores-laura-borio","29":"autores-maria-quintana-silva","30":"colecciones-pesadillas-y-dulcesuenos","32":"first","33":"instock","34":"taxable","35":"shipping-taxable","36":"purchasable","37":"product-type-simple"},"acf":{"id_catalogo":"650","shortTitle":"PYD.4 UN CUMPLE PARA ECHARSE A TEMBLAR","descripcion":"<p><strong>La familia Pesadillas crea terribles pesadillas.<\/strong><\/p>\n<p><strong>La familia Dulcesue\u00f1os, melosos sue\u00f1os.&nbsp;<\/strong><\/p>\n<p><strong>Una fuerte enemistad las separa.&nbsp;<\/strong><\/p>\n<p><strong>Pero Nix y Sen descubrir\u00e1n la magia de la amistad y el trabajo en equipo.&nbsp;<\/strong><\/p>\n<p>Nix Pesadillas celebra su cumplea\u00f1os y quiere que sea el m\u00e1s terror\u00edfico del mundo. Para ello, lo tiene todo requeteorganizado.<br \/>\nSen Dulcesue\u00f1os quiere regalarle a su amiga las botas de moda: las Murci\u00e9lagas. El problema es que no tiene suficiente dinero y, para conseguirlo, tendr\u00e1 que hacer de todo, incluso trabajar de monstruoni\u00f1ero.<br \/>\nEl cumplea\u00f1os no resultar\u00e1 como Nix esperaba, y tendr\u00e1n que enfrentarse a una terrible hada dentuda, pero los dos mejores amigos para siempre pasar\u00e1n juntos un d\u00eda terriblemente divertido.<\/p>","adjuntos":null,"descriptivePhrases":[{"type":"General","text":"Es hora de dormir... \u00a1y de so\u00f1ar pesadillas espantosamente dulces! "}],"productSap":"NTX","isbn":"9788410550681","precio_colegios":10.53,"precio_librerias":10.53,"precio_librerias_sin_cobertura":10.53,"precio_distribuidores":10.53,"fecha_disponibilidad":null,"fecha_comercial":"20250708","organizacion_venta":"","datos_para_buscador":"Laura Borio, Carolina P\u00e9rez Guti\u00e9rrez, Mar\u00eda Quintana Silva, Laura Borio, Pesadillas y Dulcesue\u00f1os, "},"yoast_head":"<!-- This site is optimized with the Yoast SEO plugin v26.6 - https:\/\/yoast.com\/wordpress\/plugins\/seo\/ -->\n<title>Pesadillas y Dulcesue\u00f1os 4: Un cumple para echarse a temblar - Literatura SM Espa\u00f1a<\/title>\n<meta name=\"robots\" content=\"noindex, follow, max-snippet:-1, max-image-preview:large, max-video-preview:-1\" \/>\n<meta property=\"og:locale\" content=\"es_ES\" \/>\n<meta property=\"og:type\" content=\"article\" \/>\n<meta property=\"og:title\" content=\"Pesadillas y Dulcesue\u00f1os 4: Un cumple para echarse a temblar - Literatura SM Espa\u00f1a\" \/>\n<meta property=\"og:url\" content=\"https:\/\/lij.ismeduca.com\/es\/producto\/pesadillas-y-dulcesuenos-4-un-cumple-para-echarse-a-temblar\/\" \/>\n<meta property=\"og:site_name\" content=\"Literatura SM Espa\u00f1a\" \/>\n<meta property=\"article:modified_time\" content=\"2025-12-23T12:11:55+00:00\" \/>\n<meta name=\"twitter:card\" content=\"summary_large_image\" \/>\n<script type=\"application\/ld+json\" class=\"yoast-schema-graph\">{\"@context\":\"https:\/\/schema.org\",\"@graph\":[{\"@type\":\"WebPage\",\"@id\":\"https:\/\/lij.ismeduca.com\/es\/producto\/pesadillas-y-dulcesuenos-4-un-cumple-para-echarse-a-temblar\/\",\"url\":\"https:\/\/lij.ismeduca.com\/es\/producto\/pesadillas-y-dulcesuenos-4-un-cumple-para-echarse-a-temblar\/\",\"name\":\"Pesadillas y Dulcesue\u00f1os 4: Un cumple para echarse a temblar - Literatura SM Espa\u00f1a\",\"isPartOf\":{\"@id\":\"https:\/\/lij.ismeduca.com\/es\/#website\"},\"primaryImageOfPage\":{\"@id\":\"https:\/\/lij.ismeduca.com\/es\/producto\/pesadillas-y-dulcesuenos-4-un-cumple-para-echarse-a-temblar\/#primaryimage\"},\"image\":{\"@id\":\"https:\/\/lij.ismeduca.com\/es\/producto\/pesadillas-y-dulcesuenos-4-un-cumple-para-echarse-a-temblar\/#primaryimage\"},\"thumbnailUrl\":\"https:\/\/lij.ismeduca.com\/es\/wp-content\/uploads\/sites\/10\/2025\/12\/26109.jpg\",\"datePublished\":\"2025-10-28T21:58:23+00:00\",\"dateModified\":\"2025-12-23T12:11:55+00:00\",\"breadcrumb\":{\"@id\":\"https:\/\/lij.ismeduca.com\/es\/producto\/pesadillas-y-dulcesuenos-4-un-cumple-para-echarse-a-temblar\/#breadcrumb\"},\"inLanguage\":\"es\",\"potentialAction\":[{\"@type\":\"ReadAction\",\"target\":[\"https:\/\/lij.ismeduca.com\/es\/producto\/pesadillas-y-dulcesuenos-4-un-cumple-para-echarse-a-temblar\/\"]}]},{\"@type\":\"ImageObject\",\"inLanguage\":\"es\",\"@id\":\"https:\/\/lij.ismeduca.com\/es\/producto\/pesadillas-y-dulcesuenos-4-un-cumple-para-echarse-a-temblar\/#primaryimage\",\"url\":\"https:\/\/lij.ismeduca.com\/es\/wp-content\/uploads\/sites\/10\/2025\/12\/26109.jpg\",\"contentUrl\":\"https:\/\/lij.ismeduca.com\/es\/wp-content\/uploads\/sites\/10\/2025\/12\/26109.jpg\",\"width\":600,\"height\":905},{\"@type\":\"BreadcrumbList\",\"@id\":\"https:\/\/lij.ismeduca.com\/es\/producto\/pesadillas-y-dulcesuenos-4-un-cumple-para-echarse-a-temblar\/#breadcrumb\",\"itemListElement\":[{\"@type\":\"ListItem\",\"position\":1,\"name\":\"Portada\",\"item\":\"https:\/\/lij.ismeduca.com\/es\/\"},{\"@type\":\"ListItem\",\"position\":2,\"name\":\"Tienda\",\"item\":\"https:\/\/lij.ismeduca.com\/es\/tienda\/\"},{\"@type\":\"ListItem\",\"position\":3,\"name\":\"Pesadillas y Dulcesue\u00f1os 4: Un cumple para echarse a temblar\"}]},{\"@type\":\"WebSite\",\"@id\":\"https:\/\/lij.ismeduca.com\/es\/#website\",\"url\":\"https:\/\/lij.ismeduca.com\/es\/\",\"name\":\"Literatura SM Espa\u00f1a\",\"description\":\"\",\"publisher\":{\"@id\":\"https:\/\/lij.ismeduca.com\/es\/#organization\"},\"potentialAction\":[{\"@type\":\"SearchAction\",\"target\":{\"@type\":\"EntryPoint\",\"urlTemplate\":\"https:\/\/lij.ismeduca.com\/es\/?s={search_term_string}\"},\"query-input\":{\"@type\":\"PropertyValueSpecification\",\"valueRequired\":true,\"valueName\":\"search_term_string\"}}],\"inLanguage\":\"es\"},{\"@type\":\"Organization\",\"@id\":\"https:\/\/lij.ismeduca.com\/es\/#organization\",\"name\":\"Literatura SM Espa\u00f1a\",\"url\":\"https:\/\/lij.ismeduca.com\/es\/\",\"logo\":{\"@type\":\"ImageObject\",\"inLanguage\":\"es\",\"@id\":\"https:\/\/lij.ismeduca.com\/es\/#\/schema\/logo\/image\/\",\"url\":\"https:\/\/lij.ismeduca.com\/es\/wp-content\/uploads\/sites\/10\/2024\/07\/logo-cabecera.png\",\"contentUrl\":\"https:\/\/lij.ismeduca.com\/es\/wp-content\/uploads\/sites\/10\/2024\/07\/logo-cabecera.png\",\"width\":396,\"height\":64,\"caption\":\"Literatura SM Espa\u00f1a\"},\"image\":{\"@id\":\"https:\/\/lij.ismeduca.com\/es\/#\/schema\/logo\/image\/\"}}]}<\/script>\n<!-- \/ Yoast SEO plugin. -->","yoast_head_json":{"title":"Pesadillas y Dulcesue\u00f1os 4: Un cumple para echarse a temblar - Literatura SM Espa\u00f1a","robots":{"index":"noindex","follow":"follow","max-snippet":"max-snippet:-1","max-image-preview":"max-image-preview:large","max-video-preview":"max-video-preview:-1"},"og_locale":"es_ES","og_type":"article","og_title":"Pesadillas y Dulcesue\u00f1os 4: Un cumple para echarse a temblar - Literatura SM Espa\u00f1a","og_url":"https:\/\/lij.ismeduca.com\/es\/producto\/pesadillas-y-dulcesuenos-4-un-cumple-para-echarse-a-temblar\/","og_site_name":"Literatura SM Espa\u00f1a","article_modified_time":"2025-12-23T12:11:55+00:00","twitter_card":"summary_large_image","schema":{"@context":"https:\/\/schema.org","@graph":[{"@type":"WebPage","@id":"https:\/\/lij.ismeduca.com\/es\/producto\/pesadillas-y-dulcesuenos-4-un-cumple-para-echarse-a-temblar\/","url":"https:\/\/lij.ismeduca.com\/es\/producto\/pesadillas-y-dulcesuenos-4-un-cumple-para-echarse-a-temblar\/","name":"Pesadillas y Dulcesue\u00f1os 4: Un cumple para echarse a temblar - Literatura SM Espa\u00f1a","isPartOf":{"@id":"https:\/\/lij.ismeduca.com\/es\/#website"},"primaryImageOfPage":{"@id":"https:\/\/lij.ismeduca.com\/es\/producto\/pesadillas-y-dulcesuenos-4-un-cumple-para-echarse-a-temblar\/#primaryimage"},"image":{"@id":"https:\/\/lij.ismeduca.com\/es\/producto\/pesadillas-y-dulcesuenos-4-un-cumple-para-echarse-a-temblar\/#primaryimage"},"thumbnailUrl":"https:\/\/lij.ismeduca.com\/es\/wp-content\/uploads\/sites\/10\/2025\/12\/26109.jpg","datePublished":"2025-10-28T21:58:23+00:00","dateModified":"2025-12-23T12:11:55+00:00","breadcrumb":{"@id":"https:\/\/lij.ismeduca.com\/es\/producto\/pesadillas-y-dulcesuenos-4-un-cumple-para-echarse-a-temblar\/#breadcrumb"},"inLanguage":"es","potentialAction":[{"@type":"ReadAction","target":["https:\/\/lij.ismeduca.com\/es\/producto\/pesadillas-y-dulcesuenos-4-un-cumple-para-echarse-a-temblar\/"]}]},{"@type":"ImageObject","inLanguage":"es","@id":"https:\/\/lij.ismeduca.com\/es\/producto\/pesadillas-y-dulcesuenos-4-un-cumple-para-echarse-a-temblar\/#primaryimage","url":"https:\/\/lij.ismeduca.com\/es\/wp-content\/uploads\/sites\/10\/2025\/12\/26109.jpg","contentUrl":"https:\/\/lij.ismeduca.com\/es\/wp-content\/uploads\/sites\/10\/2025\/12\/26109.jpg","width":600,"height":905},{"@type":"BreadcrumbList","@id":"https:\/\/lij.ismeduca.com\/es\/producto\/pesadillas-y-dulcesuenos-4-un-cumple-para-echarse-a-temblar\/#breadcrumb","itemListElement":[{"@type":"ListItem","position":1,"name":"Portada","item":"https:\/\/lij.ismeduca.com\/es\/"},{"@type":"ListItem","position":2,"name":"Tienda","item":"https:\/\/lij.ismeduca.com\/es\/tienda\/"},{"@type":"ListItem","position":3,"name":"Pesadillas y Dulcesue\u00f1os 4: Un cumple para echarse a temblar"}]},{"@type":"WebSite","@id":"https:\/\/lij.ismeduca.com\/es\/#website","url":"https:\/\/lij.ismeduca.com\/es\/","name":"Literatura SM Espa\u00f1a","description":"","publisher":{"@id":"https:\/\/lij.ismeduca.com\/es\/#organization"},"potentialAction":[{"@type":"SearchAction","target":{"@type":"EntryPoint","urlTemplate":"https:\/\/lij.ismeduca.com\/es\/?s={search_term_string}"},"query-input":{"@type":"PropertyValueSpecification","valueRequired":true,"valueName":"search_term_string"}}],"inLanguage":"es"},{"@type":"Organization","@id":"https:\/\/lij.ismeduca.com\/es\/#organization","name":"Literatura SM Espa\u00f1a","url":"https:\/\/lij.ismeduca.com\/es\/","logo":{"@type":"ImageObject","inLanguage":"es","@id":"https:\/\/lij.ismeduca.com\/es\/#\/schema\/logo\/image\/","url":"https:\/\/lij.ismeduca.com\/es\/wp-content\/uploads\/sites\/10\/2024\/07\/logo-cabecera.png","contentUrl":"https:\/\/lij.ismeduca.com\/es\/wp-content\/uploads\/sites\/10\/2024\/07\/logo-cabecera.png","width":396,"height":64,"caption":"Literatura SM Espa\u00f1a"},"image":{"@id":"https:\/\/lij.ismeduca.com\/es\/#\/schema\/logo\/image\/"}}]}},"_links":{"self":[{"href":"https:\/\/lij.ismeduca.com\/es\/wp-json\/wp\/v2\/product\/26109","targetHints":{"allow":["GET"]}}],"collection":[{"href":"https:\/\/lij.ismeduca.com\/es\/wp-json\/wp\/v2\/product"}],"about":[{"href":"https:\/\/lij.ismeduca.com\/es\/wp-json\/wp\/v2\/types\/product"}],"version-history":[{"count":2,"href":"https:\/\/lij.ismeduca.com\/es\/wp-json\/wp\/v2\/product\/26109\/revisions"}],"predecessor-version":[{"id":33254,"href":"https:\/\/lij.ismeduca.com\/es\/wp-json\/wp\/v2\/product\/26109\/revisions\/33254"}],"wp:featuredmedia":[{"embeddable":true,"href":"https:\/\/lij.ismeduca.com\/es\/wp-json\/wp\/v2\/media\/35907"}],"wp:attachment":[{"href":"https:\/\/lij.ismeduca.com\/es\/wp-json\/wp\/v2\/media?parent=26109"}],"wp:term":[{"taxonomy":"product_brand","embeddable":true,"href":"https:\/\/lij.ismeduca.com\/es\/wp-json\/wp\/v2\/product_brand?post=26109"},{"taxonomy":"product_cat","embeddable":true,"href":"https:\/\/lij.ismeduca.com\/es\/wp-json\/wp\/v2\/product_cat?post=26109"},{"taxonomy":"product_tag","embeddable":true,"href":"https:\/\/lij.ismeduca.com\/es\/wp-json\/wp\/v2\/product_tag?post=26109"},{"taxonomy":"asignatura","embeddable":true,"href":"https:\/\/lij.ismeduca.com\/es\/wp-json\/wp\/v2\/asignatura?post=26109"},{"taxonomy":"compania","embeddable":true,"href":"https:\/\/lij.ismeduca.com\/es\/wp-json\/wp\/v2\/compania?post=26109"},{"taxonomy":"curso","embeddable":true,"href":"https:\/\/lij.ismeduca.com\/es\/wp-json\/wp\/v2\/curso?post=26109"},{"taxonomy":"idiomas","embeddable":true,"href":"https:\/\/lij.ismeduca.com\/es\/wp-json\/wp\/v2\/idiomas?post=26109"},{"taxonomy":"genero","embeddable":true,"href":"https:\/\/lij.ismeduca.com\/es\/wp-json\/wp\/v2\/genero?post=26109"},{"taxonomy":"linea","embeddable":true,"href":"https:\/\/lij.ismeduca.com\/es\/wp-json\/wp\/v2\/linea?post=26109"},{"taxonomy":"premio","embeddable":true,"href":"https:\/\/lij.ismeduca.com\/es\/wp-json\/wp\/v2\/premio?post=26109"},{"taxonomy":"proyecto-editorial","embeddable":true,"href":"https:\/\/lij.ismeduca.com\/es\/wp-json\/wp\/v2\/proyecto-editorial?post=26109"},{"taxonomy":"tipo-de-libro","embeddable":true,"href":"https:\/\/lij.ismeduca.com\/es\/wp-json\/wp\/v2\/tipo-de-libro?post=26109"},{"taxonomy":"soporte","embeddable":true,"href":"https:\/\/lij.ismeduca.com\/es\/wp-json\/wp\/v2\/soporte?post=26109"},{"taxonomy":"zona-geografica","embeddable":true,"href":"https:\/\/lij.ismeduca.com\/es\/wp-json\/wp\/v2\/zona-geografica?post=26109"},{"taxonomy":"autores","embeddable":true,"href":"https:\/\/lij.ismeduca.com\/es\/wp-json\/wp\/v2\/autores?post=26109"},{"taxonomy":"colecciones","embeddable":true,"href":"https:\/\/lij.ismeduca.com\/es\/wp-json\/wp\/v2\/colecciones?post=26109"},{"taxonomy":"personajes","embeddable":true,"href":"https:\/\/lij.ismeduca.com\/es\/wp-json\/wp\/v2\/personajes?post=26109"}],"curies":[{"name":"wp","href":"https:\/\/api.w.org\/{rel}","templated":true}]}}