{"id":27621,"date":"2025-09-16T00:00:00","date_gmt":"2025-10-28T22:50:22","guid":{"rendered":"https:\/\/lij.ismeduca.com\/es\/?post_type=product&#038;p=27621"},"modified":"2025-12-23T13:10:43","modified_gmt":"2025-12-23T12:10:43","slug":"troti-tiene-miedo-a-los-monstruos","status":"publish","type":"product","link":"https:\/\/lij.ismeduca.com\/es\/producto\/troti-tiene-miedo-a-los-monstruos\/","title":{"rendered":"Troti tiene miedo a los monstruos"},"content":{"rendered":"","protected":false},"excerpt":{"rendered":"<p>Troti tiene miedo&nbsp;a los monstruos&nbsp;y no quiere dormir solo,&nbsp;porque dice que en casa&nbsp;hay un monstruo&nbsp;que cambia de color.&nbsp;M\u00eda y los Mug no le creen, porque los monstruos&nbsp;\u00a1no cambian de color!&nbsp;Pero&#8230; \u00bftendr\u00e1 raz\u00f3n Troti?<\/p>\n","protected":false},"featured_media":36549,"template":"","meta":{"_acf_changed":false,"inline_featured_image":false},"product_brand":[],"product_cat":[4736],"product_tag":[396,276,253,309,441,2058,395,293,321,440,278,826],"asignatura":[],"compania":[252],"curso":[],"idiomas":[1948],"genero":[256],"linea":[250],"premio":[],"proyecto-editorial":[477],"tipo-de-libro":[249],"soporte":[2004],"zona-geografica":[],"autores":[3749,4397,4398],"colecciones":[2396],"personajes":[2084],"class_list":{"0":"post-27621","1":"product","2":"type-product","3":"status-publish","4":"has-post-thumbnail","6":"product_cat-el-barco-de-vapor","7":"product_tag-animales-prehistoricos","8":"product_tag-letra-caligrafica","9":"product_tag-literatura-de-humor","10":"product_tag-miedo","11":"product_tag-monstruos","12":"product_tag-ntx","13":"product_tag-prehistoria","14":"product_tag-relaciones-familiares","15":"product_tag-superacion-de-dificultades","16":"product_tag-tipos-de-animales","17":"product_tag-unicornios","18":"product_tag-viajes-en-el-tiempo","19":"pa_codigo-sap-ntx","20":"compania-f-sta-maria-ediciones-sm-es","21":"idiomas-espanol","22":"genero-humor","23":"linea-narrativa","24":"proyecto-editorial-barco-de-vapor","25":"tipo-de-libro-fisico","26":"soporte-libro","27":"autores-alejandro-villen-real","28":"autores-begona-oro-pradera","29":"autores-carolina-perez-gutierrez","30":"colecciones-el-barco-de-vapor-blanca","31":"personajes-troti-y-los-mug","33":"first","34":"instock","35":"taxable","36":"shipping-taxable","37":"purchasable","38":"product-type-simple"},"acf":{"id_catalogo":"650","shortTitle":"BVBTM.13 TROTI TIENE MIEDO A LOS MONSTRU","descripcion":"<p>Troti tiene miedo&nbsp;a los monstruos&nbsp;y no quiere dormir solo,&nbsp;porque dice que en casa&nbsp;hay un monstruo&nbsp;que cambia de color.&nbsp;M\u00eda y los Mug no le creen, porque los monstruos&nbsp;\u00a1no cambian de color!&nbsp;Pero... \u00bftendr\u00e1 raz\u00f3n Troti?<\/p>","adjuntos":null,"descriptivePhrases":[{"type":"General","text":"\u00a1Hola, soy Troti! A los Mug y a m\u00ed nos encanta descubrir este mundo. \u00a1\u00danete a nuestras aventuras! \t"}],"productSap":"NTX","isbn":"9788410550810","precio_colegios":8.17,"precio_librerias":8.17,"precio_librerias_sin_cobertura":8.17,"precio_distribuidores":8.17,"fecha_disponibilidad":null,"fecha_comercial":"20250916","organizacion_venta":"","datos_para_buscador":"Alejandro Vill\u00e9n Real, Carolina P\u00e9rez Guti\u00e9rrez, Troti y los Mug, Bego\u00f1a Oro Pradera, Troti y los Mug, El Barco de Vapor Blanca, "},"yoast_head":"<!-- This site is optimized with the Yoast SEO plugin v26.6 - https:\/\/yoast.com\/wordpress\/plugins\/seo\/ -->\n<title>Troti tiene miedo a los monstruos - Literatura SM Espa\u00f1a<\/title>\n<meta name=\"robots\" content=\"noindex, follow, max-snippet:-1, max-image-preview:large, max-video-preview:-1\" \/>\n<meta property=\"og:locale\" content=\"es_ES\" \/>\n<meta property=\"og:type\" content=\"article\" \/>\n<meta property=\"og:title\" content=\"Troti tiene miedo a los monstruos - Literatura SM Espa\u00f1a\" \/>\n<meta property=\"og:url\" content=\"https:\/\/lij.ismeduca.com\/es\/producto\/troti-tiene-miedo-a-los-monstruos\/\" \/>\n<meta property=\"og:site_name\" content=\"Literatura SM Espa\u00f1a\" \/>\n<meta property=\"article:modified_time\" content=\"2025-12-23T12:10:43+00:00\" \/>\n<meta name=\"twitter:card\" content=\"summary_large_image\" \/>\n<script type=\"application\/ld+json\" class=\"yoast-schema-graph\">{\"@context\":\"https:\/\/schema.org\",\"@graph\":[{\"@type\":\"WebPage\",\"@id\":\"https:\/\/lij.ismeduca.com\/es\/producto\/troti-tiene-miedo-a-los-monstruos\/\",\"url\":\"https:\/\/lij.ismeduca.com\/es\/producto\/troti-tiene-miedo-a-los-monstruos\/\",\"name\":\"Troti tiene miedo a los monstruos - Literatura SM Espa\u00f1a\",\"isPartOf\":{\"@id\":\"https:\/\/lij.ismeduca.com\/es\/#website\"},\"primaryImageOfPage\":{\"@id\":\"https:\/\/lij.ismeduca.com\/es\/producto\/troti-tiene-miedo-a-los-monstruos\/#primaryimage\"},\"image\":{\"@id\":\"https:\/\/lij.ismeduca.com\/es\/producto\/troti-tiene-miedo-a-los-monstruos\/#primaryimage\"},\"thumbnailUrl\":\"https:\/\/lij.ismeduca.com\/es\/wp-content\/uploads\/sites\/10\/2025\/12\/27621.jpg\",\"datePublished\":\"2025-10-28T22:50:22+00:00\",\"dateModified\":\"2025-12-23T12:10:43+00:00\",\"breadcrumb\":{\"@id\":\"https:\/\/lij.ismeduca.com\/es\/producto\/troti-tiene-miedo-a-los-monstruos\/#breadcrumb\"},\"inLanguage\":\"es\",\"potentialAction\":[{\"@type\":\"ReadAction\",\"target\":[\"https:\/\/lij.ismeduca.com\/es\/producto\/troti-tiene-miedo-a-los-monstruos\/\"]}]},{\"@type\":\"ImageObject\",\"inLanguage\":\"es\",\"@id\":\"https:\/\/lij.ismeduca.com\/es\/producto\/troti-tiene-miedo-a-los-monstruos\/#primaryimage\",\"url\":\"https:\/\/lij.ismeduca.com\/es\/wp-content\/uploads\/sites\/10\/2025\/12\/27621.jpg\",\"contentUrl\":\"https:\/\/lij.ismeduca.com\/es\/wp-content\/uploads\/sites\/10\/2025\/12\/27621.jpg\",\"width\":600,\"height\":916},{\"@type\":\"BreadcrumbList\",\"@id\":\"https:\/\/lij.ismeduca.com\/es\/producto\/troti-tiene-miedo-a-los-monstruos\/#breadcrumb\",\"itemListElement\":[{\"@type\":\"ListItem\",\"position\":1,\"name\":\"Portada\",\"item\":\"https:\/\/lij.ismeduca.com\/es\/\"},{\"@type\":\"ListItem\",\"position\":2,\"name\":\"Tienda\",\"item\":\"https:\/\/lij.ismeduca.com\/es\/tienda\/\"},{\"@type\":\"ListItem\",\"position\":3,\"name\":\"Troti tiene miedo a los monstruos\"}]},{\"@type\":\"WebSite\",\"@id\":\"https:\/\/lij.ismeduca.com\/es\/#website\",\"url\":\"https:\/\/lij.ismeduca.com\/es\/\",\"name\":\"Literatura SM Espa\u00f1a\",\"description\":\"\",\"publisher\":{\"@id\":\"https:\/\/lij.ismeduca.com\/es\/#organization\"},\"potentialAction\":[{\"@type\":\"SearchAction\",\"target\":{\"@type\":\"EntryPoint\",\"urlTemplate\":\"https:\/\/lij.ismeduca.com\/es\/?s={search_term_string}\"},\"query-input\":{\"@type\":\"PropertyValueSpecification\",\"valueRequired\":true,\"valueName\":\"search_term_string\"}}],\"inLanguage\":\"es\"},{\"@type\":\"Organization\",\"@id\":\"https:\/\/lij.ismeduca.com\/es\/#organization\",\"name\":\"Literatura SM Espa\u00f1a\",\"url\":\"https:\/\/lij.ismeduca.com\/es\/\",\"logo\":{\"@type\":\"ImageObject\",\"inLanguage\":\"es\",\"@id\":\"https:\/\/lij.ismeduca.com\/es\/#\/schema\/logo\/image\/\",\"url\":\"https:\/\/lij.ismeduca.com\/es\/wp-content\/uploads\/sites\/10\/2024\/07\/logo-cabecera.png\",\"contentUrl\":\"https:\/\/lij.ismeduca.com\/es\/wp-content\/uploads\/sites\/10\/2024\/07\/logo-cabecera.png\",\"width\":396,\"height\":64,\"caption\":\"Literatura SM Espa\u00f1a\"},\"image\":{\"@id\":\"https:\/\/lij.ismeduca.com\/es\/#\/schema\/logo\/image\/\"}}]}<\/script>\n<!-- \/ Yoast SEO plugin. -->","yoast_head_json":{"title":"Troti tiene miedo a los monstruos - Literatura SM Espa\u00f1a","robots":{"index":"noindex","follow":"follow","max-snippet":"max-snippet:-1","max-image-preview":"max-image-preview:large","max-video-preview":"max-video-preview:-1"},"og_locale":"es_ES","og_type":"article","og_title":"Troti tiene miedo a los monstruos - Literatura SM Espa\u00f1a","og_url":"https:\/\/lij.ismeduca.com\/es\/producto\/troti-tiene-miedo-a-los-monstruos\/","og_site_name":"Literatura SM Espa\u00f1a","article_modified_time":"2025-12-23T12:10:43+00:00","twitter_card":"summary_large_image","schema":{"@context":"https:\/\/schema.org","@graph":[{"@type":"WebPage","@id":"https:\/\/lij.ismeduca.com\/es\/producto\/troti-tiene-miedo-a-los-monstruos\/","url":"https:\/\/lij.ismeduca.com\/es\/producto\/troti-tiene-miedo-a-los-monstruos\/","name":"Troti tiene miedo a los monstruos - Literatura SM Espa\u00f1a","isPartOf":{"@id":"https:\/\/lij.ismeduca.com\/es\/#website"},"primaryImageOfPage":{"@id":"https:\/\/lij.ismeduca.com\/es\/producto\/troti-tiene-miedo-a-los-monstruos\/#primaryimage"},"image":{"@id":"https:\/\/lij.ismeduca.com\/es\/producto\/troti-tiene-miedo-a-los-monstruos\/#primaryimage"},"thumbnailUrl":"https:\/\/lij.ismeduca.com\/es\/wp-content\/uploads\/sites\/10\/2025\/12\/27621.jpg","datePublished":"2025-10-28T22:50:22+00:00","dateModified":"2025-12-23T12:10:43+00:00","breadcrumb":{"@id":"https:\/\/lij.ismeduca.com\/es\/producto\/troti-tiene-miedo-a-los-monstruos\/#breadcrumb"},"inLanguage":"es","potentialAction":[{"@type":"ReadAction","target":["https:\/\/lij.ismeduca.com\/es\/producto\/troti-tiene-miedo-a-los-monstruos\/"]}]},{"@type":"ImageObject","inLanguage":"es","@id":"https:\/\/lij.ismeduca.com\/es\/producto\/troti-tiene-miedo-a-los-monstruos\/#primaryimage","url":"https:\/\/lij.ismeduca.com\/es\/wp-content\/uploads\/sites\/10\/2025\/12\/27621.jpg","contentUrl":"https:\/\/lij.ismeduca.com\/es\/wp-content\/uploads\/sites\/10\/2025\/12\/27621.jpg","width":600,"height":916},{"@type":"BreadcrumbList","@id":"https:\/\/lij.ismeduca.com\/es\/producto\/troti-tiene-miedo-a-los-monstruos\/#breadcrumb","itemListElement":[{"@type":"ListItem","position":1,"name":"Portada","item":"https:\/\/lij.ismeduca.com\/es\/"},{"@type":"ListItem","position":2,"name":"Tienda","item":"https:\/\/lij.ismeduca.com\/es\/tienda\/"},{"@type":"ListItem","position":3,"name":"Troti tiene miedo a los monstruos"}]},{"@type":"WebSite","@id":"https:\/\/lij.ismeduca.com\/es\/#website","url":"https:\/\/lij.ismeduca.com\/es\/","name":"Literatura SM Espa\u00f1a","description":"","publisher":{"@id":"https:\/\/lij.ismeduca.com\/es\/#organization"},"potentialAction":[{"@type":"SearchAction","target":{"@type":"EntryPoint","urlTemplate":"https:\/\/lij.ismeduca.com\/es\/?s={search_term_string}"},"query-input":{"@type":"PropertyValueSpecification","valueRequired":true,"valueName":"search_term_string"}}],"inLanguage":"es"},{"@type":"Organization","@id":"https:\/\/lij.ismeduca.com\/es\/#organization","name":"Literatura SM Espa\u00f1a","url":"https:\/\/lij.ismeduca.com\/es\/","logo":{"@type":"ImageObject","inLanguage":"es","@id":"https:\/\/lij.ismeduca.com\/es\/#\/schema\/logo\/image\/","url":"https:\/\/lij.ismeduca.com\/es\/wp-content\/uploads\/sites\/10\/2024\/07\/logo-cabecera.png","contentUrl":"https:\/\/lij.ismeduca.com\/es\/wp-content\/uploads\/sites\/10\/2024\/07\/logo-cabecera.png","width":396,"height":64,"caption":"Literatura SM Espa\u00f1a"},"image":{"@id":"https:\/\/lij.ismeduca.com\/es\/#\/schema\/logo\/image\/"}}]}},"_links":{"self":[{"href":"https:\/\/lij.ismeduca.com\/es\/wp-json\/wp\/v2\/product\/27621","targetHints":{"allow":["GET"]}}],"collection":[{"href":"https:\/\/lij.ismeduca.com\/es\/wp-json\/wp\/v2\/product"}],"about":[{"href":"https:\/\/lij.ismeduca.com\/es\/wp-json\/wp\/v2\/types\/product"}],"version-history":[{"count":2,"href":"https:\/\/lij.ismeduca.com\/es\/wp-json\/wp\/v2\/product\/27621\/revisions"}],"predecessor-version":[{"id":36550,"href":"https:\/\/lij.ismeduca.com\/es\/wp-json\/wp\/v2\/product\/27621\/revisions\/36550"}],"wp:featuredmedia":[{"embeddable":true,"href":"https:\/\/lij.ismeduca.com\/es\/wp-json\/wp\/v2\/media\/36549"}],"wp:attachment":[{"href":"https:\/\/lij.ismeduca.com\/es\/wp-json\/wp\/v2\/media?parent=27621"}],"wp:term":[{"taxonomy":"product_brand","embeddable":true,"href":"https:\/\/lij.ismeduca.com\/es\/wp-json\/wp\/v2\/product_brand?post=27621"},{"taxonomy":"product_cat","embeddable":true,"href":"https:\/\/lij.ismeduca.com\/es\/wp-json\/wp\/v2\/product_cat?post=27621"},{"taxonomy":"product_tag","embeddable":true,"href":"https:\/\/lij.ismeduca.com\/es\/wp-json\/wp\/v2\/product_tag?post=27621"},{"taxonomy":"asignatura","embeddable":true,"href":"https:\/\/lij.ismeduca.com\/es\/wp-json\/wp\/v2\/asignatura?post=27621"},{"taxonomy":"compania","embeddable":true,"href":"https:\/\/lij.ismeduca.com\/es\/wp-json\/wp\/v2\/compania?post=27621"},{"taxonomy":"curso","embeddable":true,"href":"https:\/\/lij.ismeduca.com\/es\/wp-json\/wp\/v2\/curso?post=27621"},{"taxonomy":"idiomas","embeddable":true,"href":"https:\/\/lij.ismeduca.com\/es\/wp-json\/wp\/v2\/idiomas?post=27621"},{"taxonomy":"genero","embeddable":true,"href":"https:\/\/lij.ismeduca.com\/es\/wp-json\/wp\/v2\/genero?post=27621"},{"taxonomy":"linea","embeddable":true,"href":"https:\/\/lij.ismeduca.com\/es\/wp-json\/wp\/v2\/linea?post=27621"},{"taxonomy":"premio","embeddable":true,"href":"https:\/\/lij.ismeduca.com\/es\/wp-json\/wp\/v2\/premio?post=27621"},{"taxonomy":"proyecto-editorial","embeddable":true,"href":"https:\/\/lij.ismeduca.com\/es\/wp-json\/wp\/v2\/proyecto-editorial?post=27621"},{"taxonomy":"tipo-de-libro","embeddable":true,"href":"https:\/\/lij.ismeduca.com\/es\/wp-json\/wp\/v2\/tipo-de-libro?post=27621"},{"taxonomy":"soporte","embeddable":true,"href":"https:\/\/lij.ismeduca.com\/es\/wp-json\/wp\/v2\/soporte?post=27621"},{"taxonomy":"zona-geografica","embeddable":true,"href":"https:\/\/lij.ismeduca.com\/es\/wp-json\/wp\/v2\/zona-geografica?post=27621"},{"taxonomy":"autores","embeddable":true,"href":"https:\/\/lij.ismeduca.com\/es\/wp-json\/wp\/v2\/autores?post=27621"},{"taxonomy":"colecciones","embeddable":true,"href":"https:\/\/lij.ismeduca.com\/es\/wp-json\/wp\/v2\/colecciones?post=27621"},{"taxonomy":"personajes","embeddable":true,"href":"https:\/\/lij.ismeduca.com\/es\/wp-json\/wp\/v2\/personajes?post=27621"}],"curies":[{"name":"wp","href":"https:\/\/api.w.org\/{rel}","templated":true}]}}