{"id":38862,"date":"2025-12-23T10:13:07","date_gmt":"2025-12-23T09:13:07","guid":{"rendered":"https:\/\/lij.ismeduca.com\/es\/?post_type=product&#038;p=38862"},"modified":"2025-12-23T13:10:25","modified_gmt":"2025-12-23T12:10:25","slug":"pesadillas-y-dulcesuenos-3-vacaciones-en-el-campa-miedo","status":"publish","type":"product","link":"https:\/\/lij.ismeduca.com\/es\/producto\/pesadillas-y-dulcesuenos-3-vacaciones-en-el-campa-miedo\/","title":{"rendered":"Pesadillas y Dulcesue\u00f1os 3: Vacaciones en el Campa Miedo"},"content":{"rendered":"","protected":false},"excerpt":{"rendered":"<p><strong>La familia Pesadillas crea terribles pesadillas. <\/strong><\/p>\n<p><strong>La familia Dulcesue\u00f1os, melosos sue\u00f1os.&nbsp;<\/strong><\/p>\n<p><strong>Una fuerte enemistad las separa.&nbsp;<\/strong><\/p>\n<p><strong>Pero Nix y Sen descubrir\u00e1n la magia de la amistad y el trabajo en equipo.&nbsp;<\/strong><\/p>\n<p>Sen Dulcesue\u00f1os se muere de ganas de pasar las vacaciones con su amiga Nix Pesadillas en el Campa Dulce, donde se celebra el famoso curso \u00abPasteles perfectos\u00bb, dirigido por el superchef Caramelo Blanconata.&nbsp;<\/p>\n<p>La pena es que Nix&nbsp;no est\u00e1 del todo en su salsa y l\u00eda una buena&#8230; Pero Nix busca una soluci\u00f3n: llevar a Sen al Campa Miedo, \u00a1el lugar m\u00e1s terror\u00edfico del mundo!<\/p>\n<p>Entre zombis, hadaci\u00e9lagas, el kraken y cuentos&nbsp;espeluznantes, los dos mejores amigos para siempre pasar\u00e1n un verano terriblemente divertido.<\/p>\n","protected":false},"featured_media":38867,"template":"","meta":{"_acf_changed":false,"inline_featured_image":false},"product_brand":[],"product_cat":[4696],"product_tag":[268,932,601,1007,394,297,253,441,1295,2058,293,913,1025],"asignatura":[],"compania":[252],"curso":[],"idiomas":[1948],"genero":[275],"linea":[250],"premio":[],"proyecto-editorial":[323],"tipo-de-libro":[249],"soporte":[2004],"zona-geografica":[],"autores":[4398,3393,3394],"colecciones":[2239],"personajes":[],"class_list":{"0":"post-38862","1":"product","2":"type-product","3":"status-publish","4":"has-post-thumbnail","6":"product_cat-pesadillas-y-dulcesuenos","7":"product_tag-amistad","8":"product_tag-conflictos-familiares","9":"product_tag-educacion-familiar","10":"product_tag-fantasia-juvenil","11":"product_tag-hadas","12":"product_tag-literatura-de-aventuras","13":"product_tag-literatura-de-humor","14":"product_tag-monstruos","15":"product_tag-ninos","16":"product_tag-ntx","17":"product_tag-relaciones-familiares","18":"product_tag-travesuras","19":"product_tag-vacaciones","20":"pa_codigo-sap-ntx","21":"compania-f-sta-maria-ediciones-sm-es","22":"idiomas-espanol","23":"genero-fantasia","24":"linea-narrativa","25":"proyecto-editorial-6-12","26":"tipo-de-libro-fisico","27":"soporte-libro","28":"autores-carolina-perez-gutierrez","29":"autores-laura-borio","30":"autores-maria-quintana-silva","31":"colecciones-pesadillas-y-dulcesuenos","33":"first","34":"instock","35":"taxable","36":"shipping-taxable","37":"purchasable","38":"product-type-simple"},"acf":{"id_catalogo":"650","shortTitle":"PYD.3 VACACIONES EN EL CAMPA MIEDO","descripcion":"<p><strong>La familia Pesadillas crea terribles pesadillas. <\/strong><\/p>\n<p><strong>La familia Dulcesue\u00f1os, melosos sue\u00f1os.&nbsp;<\/strong><\/p>\n<p><strong>Una fuerte enemistad las separa.&nbsp;<\/strong><\/p>\n<p><strong>Pero Nix y Sen descubrir\u00e1n la magia de la amistad y el trabajo en equipo.&nbsp;<\/strong><\/p>\n<p>Sen Dulcesue\u00f1os se muere de ganas de pasar las vacaciones con su amiga Nix Pesadillas en el Campa Dulce, donde se celebra el famoso curso \u00abPasteles perfectos\u00bb, dirigido por el superchef Caramelo Blanconata.&nbsp;<\/p>\n<p>La pena es que Nix&nbsp;no est\u00e1 del todo en su salsa y l\u00eda una buena... Pero Nix busca una soluci\u00f3n: llevar a Sen al Campa Miedo, \u00a1el lugar m\u00e1s terror\u00edfico del mundo!<\/p>\n<p>Entre zombis, hadaci\u00e9lagas, el kraken y cuentos&nbsp;espeluznantes, los dos mejores amigos para siempre pasar\u00e1n un verano terriblemente divertido.<\/p>","adjuntos":null,"descriptivePhrases":[{"type":"General","text":"\tEs hora de dormir... \u00a1y de so\u00f1ar pesadillas espantosamente dulces!"}],"productSap":"NTX","isbn":"9788411829052","precio_colegios":10.53,"precio_librerias":10.53,"precio_librerias_sin_cobertura":10.53,"precio_distribuidores":10.53,"fecha_disponibilidad":null,"fecha_comercial":"20250121","organizacion_venta":"","datos_para_buscador":"Laura Borio, Carolina P\u00e9rez Guti\u00e9rrez, Mar\u00eda Quintana Silva, Laura Borio, Pesadillas y Dulcesue\u00f1os, "},"yoast_head":"<!-- This site is optimized with the Yoast SEO plugin v26.6 - https:\/\/yoast.com\/wordpress\/plugins\/seo\/ -->\n<title>Pesadillas y Dulcesue\u00f1os 3: Vacaciones en el Campa Miedo - Literatura SM Espa\u00f1a<\/title>\n<meta name=\"robots\" content=\"noindex, follow, max-snippet:-1, max-image-preview:large, max-video-preview:-1\" \/>\n<meta property=\"og:locale\" content=\"es_ES\" \/>\n<meta property=\"og:type\" content=\"article\" \/>\n<meta property=\"og:title\" content=\"Pesadillas y Dulcesue\u00f1os 3: Vacaciones en el Campa Miedo - Literatura SM Espa\u00f1a\" \/>\n<meta property=\"og:url\" content=\"https:\/\/lij.ismeduca.com\/es\/?post_type=product&amp;p=38862\" \/>\n<meta property=\"og:site_name\" content=\"Literatura SM Espa\u00f1a\" \/>\n<meta property=\"article:modified_time\" content=\"2025-12-23T12:10:25+00:00\" \/>\n<meta name=\"twitter:card\" content=\"summary_large_image\" \/>\n<script type=\"application\/ld+json\" class=\"yoast-schema-graph\">{\"@context\":\"https:\/\/schema.org\",\"@graph\":[{\"@type\":\"WebPage\",\"@id\":\"https:\/\/lij.ismeduca.com\/es\/?post_type=product&p=38862\",\"url\":\"https:\/\/lij.ismeduca.com\/es\/?post_type=product&p=38862\",\"name\":\"Pesadillas y Dulcesue\u00f1os 3: Vacaciones en el Campa Miedo - Literatura SM Espa\u00f1a\",\"isPartOf\":{\"@id\":\"https:\/\/lij.ismeduca.com\/es\/#website\"},\"primaryImageOfPage\":{\"@id\":\"https:\/\/lij.ismeduca.com\/es\/?post_type=product&p=38862#primaryimage\"},\"image\":{\"@id\":\"https:\/\/lij.ismeduca.com\/es\/?post_type=product&p=38862#primaryimage\"},\"thumbnailUrl\":\"https:\/\/lij.ismeduca.com\/es\/wp-content\/uploads\/sites\/10\/2025\/12\/38862.jpg\",\"datePublished\":\"2025-12-23T09:13:07+00:00\",\"dateModified\":\"2025-12-23T12:10:25+00:00\",\"breadcrumb\":{\"@id\":\"https:\/\/lij.ismeduca.com\/es\/?post_type=product&p=38862#breadcrumb\"},\"inLanguage\":\"es\",\"potentialAction\":[{\"@type\":\"ReadAction\",\"target\":[\"https:\/\/lij.ismeduca.com\/es\/?post_type=product&p=38862\"]}]},{\"@type\":\"ImageObject\",\"inLanguage\":\"es\",\"@id\":\"https:\/\/lij.ismeduca.com\/es\/?post_type=product&p=38862#primaryimage\",\"url\":\"https:\/\/lij.ismeduca.com\/es\/wp-content\/uploads\/sites\/10\/2025\/12\/38862.jpg\",\"contentUrl\":\"https:\/\/lij.ismeduca.com\/es\/wp-content\/uploads\/sites\/10\/2025\/12\/38862.jpg\",\"width\":600,\"height\":918},{\"@type\":\"BreadcrumbList\",\"@id\":\"https:\/\/lij.ismeduca.com\/es\/?post_type=product&p=38862#breadcrumb\",\"itemListElement\":[{\"@type\":\"ListItem\",\"position\":1,\"name\":\"Portada\",\"item\":\"https:\/\/lij.ismeduca.com\/es\/\"},{\"@type\":\"ListItem\",\"position\":2,\"name\":\"Tienda\",\"item\":\"https:\/\/lij.ismeduca.com\/es\/tienda\/\"},{\"@type\":\"ListItem\",\"position\":3,\"name\":\"Pesadillas y Dulcesue\u00f1os 3: Vacaciones en el Campa Miedo\"}]},{\"@type\":\"WebSite\",\"@id\":\"https:\/\/lij.ismeduca.com\/es\/#website\",\"url\":\"https:\/\/lij.ismeduca.com\/es\/\",\"name\":\"Literatura SM Espa\u00f1a\",\"description\":\"\",\"publisher\":{\"@id\":\"https:\/\/lij.ismeduca.com\/es\/#organization\"},\"potentialAction\":[{\"@type\":\"SearchAction\",\"target\":{\"@type\":\"EntryPoint\",\"urlTemplate\":\"https:\/\/lij.ismeduca.com\/es\/?s={search_term_string}\"},\"query-input\":{\"@type\":\"PropertyValueSpecification\",\"valueRequired\":true,\"valueName\":\"search_term_string\"}}],\"inLanguage\":\"es\"},{\"@type\":\"Organization\",\"@id\":\"https:\/\/lij.ismeduca.com\/es\/#organization\",\"name\":\"Literatura SM Espa\u00f1a\",\"url\":\"https:\/\/lij.ismeduca.com\/es\/\",\"logo\":{\"@type\":\"ImageObject\",\"inLanguage\":\"es\",\"@id\":\"https:\/\/lij.ismeduca.com\/es\/#\/schema\/logo\/image\/\",\"url\":\"https:\/\/lij.ismeduca.com\/es\/wp-content\/uploads\/sites\/10\/2024\/07\/logo-cabecera.png\",\"contentUrl\":\"https:\/\/lij.ismeduca.com\/es\/wp-content\/uploads\/sites\/10\/2024\/07\/logo-cabecera.png\",\"width\":396,\"height\":64,\"caption\":\"Literatura SM Espa\u00f1a\"},\"image\":{\"@id\":\"https:\/\/lij.ismeduca.com\/es\/#\/schema\/logo\/image\/\"}}]}<\/script>\n<!-- \/ Yoast SEO plugin. -->","yoast_head_json":{"title":"Pesadillas y Dulcesue\u00f1os 3: Vacaciones en el Campa Miedo - Literatura SM Espa\u00f1a","robots":{"index":"noindex","follow":"follow","max-snippet":"max-snippet:-1","max-image-preview":"max-image-preview:large","max-video-preview":"max-video-preview:-1"},"og_locale":"es_ES","og_type":"article","og_title":"Pesadillas y Dulcesue\u00f1os 3: Vacaciones en el Campa Miedo - Literatura SM Espa\u00f1a","og_url":"https:\/\/lij.ismeduca.com\/es\/?post_type=product&p=38862","og_site_name":"Literatura SM Espa\u00f1a","article_modified_time":"2025-12-23T12:10:25+00:00","twitter_card":"summary_large_image","schema":{"@context":"https:\/\/schema.org","@graph":[{"@type":"WebPage","@id":"https:\/\/lij.ismeduca.com\/es\/?post_type=product&p=38862","url":"https:\/\/lij.ismeduca.com\/es\/?post_type=product&p=38862","name":"Pesadillas y Dulcesue\u00f1os 3: Vacaciones en el Campa Miedo - Literatura SM Espa\u00f1a","isPartOf":{"@id":"https:\/\/lij.ismeduca.com\/es\/#website"},"primaryImageOfPage":{"@id":"https:\/\/lij.ismeduca.com\/es\/?post_type=product&p=38862#primaryimage"},"image":{"@id":"https:\/\/lij.ismeduca.com\/es\/?post_type=product&p=38862#primaryimage"},"thumbnailUrl":"https:\/\/lij.ismeduca.com\/es\/wp-content\/uploads\/sites\/10\/2025\/12\/38862.jpg","datePublished":"2025-12-23T09:13:07+00:00","dateModified":"2025-12-23T12:10:25+00:00","breadcrumb":{"@id":"https:\/\/lij.ismeduca.com\/es\/?post_type=product&p=38862#breadcrumb"},"inLanguage":"es","potentialAction":[{"@type":"ReadAction","target":["https:\/\/lij.ismeduca.com\/es\/?post_type=product&p=38862"]}]},{"@type":"ImageObject","inLanguage":"es","@id":"https:\/\/lij.ismeduca.com\/es\/?post_type=product&p=38862#primaryimage","url":"https:\/\/lij.ismeduca.com\/es\/wp-content\/uploads\/sites\/10\/2025\/12\/38862.jpg","contentUrl":"https:\/\/lij.ismeduca.com\/es\/wp-content\/uploads\/sites\/10\/2025\/12\/38862.jpg","width":600,"height":918},{"@type":"BreadcrumbList","@id":"https:\/\/lij.ismeduca.com\/es\/?post_type=product&p=38862#breadcrumb","itemListElement":[{"@type":"ListItem","position":1,"name":"Portada","item":"https:\/\/lij.ismeduca.com\/es\/"},{"@type":"ListItem","position":2,"name":"Tienda","item":"https:\/\/lij.ismeduca.com\/es\/tienda\/"},{"@type":"ListItem","position":3,"name":"Pesadillas y Dulcesue\u00f1os 3: Vacaciones en el Campa Miedo"}]},{"@type":"WebSite","@id":"https:\/\/lij.ismeduca.com\/es\/#website","url":"https:\/\/lij.ismeduca.com\/es\/","name":"Literatura SM Espa\u00f1a","description":"","publisher":{"@id":"https:\/\/lij.ismeduca.com\/es\/#organization"},"potentialAction":[{"@type":"SearchAction","target":{"@type":"EntryPoint","urlTemplate":"https:\/\/lij.ismeduca.com\/es\/?s={search_term_string}"},"query-input":{"@type":"PropertyValueSpecification","valueRequired":true,"valueName":"search_term_string"}}],"inLanguage":"es"},{"@type":"Organization","@id":"https:\/\/lij.ismeduca.com\/es\/#organization","name":"Literatura SM Espa\u00f1a","url":"https:\/\/lij.ismeduca.com\/es\/","logo":{"@type":"ImageObject","inLanguage":"es","@id":"https:\/\/lij.ismeduca.com\/es\/#\/schema\/logo\/image\/","url":"https:\/\/lij.ismeduca.com\/es\/wp-content\/uploads\/sites\/10\/2024\/07\/logo-cabecera.png","contentUrl":"https:\/\/lij.ismeduca.com\/es\/wp-content\/uploads\/sites\/10\/2024\/07\/logo-cabecera.png","width":396,"height":64,"caption":"Literatura SM Espa\u00f1a"},"image":{"@id":"https:\/\/lij.ismeduca.com\/es\/#\/schema\/logo\/image\/"}}]}},"_links":{"self":[{"href":"https:\/\/lij.ismeduca.com\/es\/wp-json\/wp\/v2\/product\/38862","targetHints":{"allow":["GET"]}}],"collection":[{"href":"https:\/\/lij.ismeduca.com\/es\/wp-json\/wp\/v2\/product"}],"about":[{"href":"https:\/\/lij.ismeduca.com\/es\/wp-json\/wp\/v2\/types\/product"}],"version-history":[{"count":2,"href":"https:\/\/lij.ismeduca.com\/es\/wp-json\/wp\/v2\/product\/38862\/revisions"}],"predecessor-version":[{"id":38869,"href":"https:\/\/lij.ismeduca.com\/es\/wp-json\/wp\/v2\/product\/38862\/revisions\/38869"}],"wp:featuredmedia":[{"embeddable":true,"href":"https:\/\/lij.ismeduca.com\/es\/wp-json\/wp\/v2\/media\/38867"}],"wp:attachment":[{"href":"https:\/\/lij.ismeduca.com\/es\/wp-json\/wp\/v2\/media?parent=38862"}],"wp:term":[{"taxonomy":"product_brand","embeddable":true,"href":"https:\/\/lij.ismeduca.com\/es\/wp-json\/wp\/v2\/product_brand?post=38862"},{"taxonomy":"product_cat","embeddable":true,"href":"https:\/\/lij.ismeduca.com\/es\/wp-json\/wp\/v2\/product_cat?post=38862"},{"taxonomy":"product_tag","embeddable":true,"href":"https:\/\/lij.ismeduca.com\/es\/wp-json\/wp\/v2\/product_tag?post=38862"},{"taxonomy":"asignatura","embeddable":true,"href":"https:\/\/lij.ismeduca.com\/es\/wp-json\/wp\/v2\/asignatura?post=38862"},{"taxonomy":"compania","embeddable":true,"href":"https:\/\/lij.ismeduca.com\/es\/wp-json\/wp\/v2\/compania?post=38862"},{"taxonomy":"curso","embeddable":true,"href":"https:\/\/lij.ismeduca.com\/es\/wp-json\/wp\/v2\/curso?post=38862"},{"taxonomy":"idiomas","embeddable":true,"href":"https:\/\/lij.ismeduca.com\/es\/wp-json\/wp\/v2\/idiomas?post=38862"},{"taxonomy":"genero","embeddable":true,"href":"https:\/\/lij.ismeduca.com\/es\/wp-json\/wp\/v2\/genero?post=38862"},{"taxonomy":"linea","embeddable":true,"href":"https:\/\/lij.ismeduca.com\/es\/wp-json\/wp\/v2\/linea?post=38862"},{"taxonomy":"premio","embeddable":true,"href":"https:\/\/lij.ismeduca.com\/es\/wp-json\/wp\/v2\/premio?post=38862"},{"taxonomy":"proyecto-editorial","embeddable":true,"href":"https:\/\/lij.ismeduca.com\/es\/wp-json\/wp\/v2\/proyecto-editorial?post=38862"},{"taxonomy":"tipo-de-libro","embeddable":true,"href":"https:\/\/lij.ismeduca.com\/es\/wp-json\/wp\/v2\/tipo-de-libro?post=38862"},{"taxonomy":"soporte","embeddable":true,"href":"https:\/\/lij.ismeduca.com\/es\/wp-json\/wp\/v2\/soporte?post=38862"},{"taxonomy":"zona-geografica","embeddable":true,"href":"https:\/\/lij.ismeduca.com\/es\/wp-json\/wp\/v2\/zona-geografica?post=38862"},{"taxonomy":"autores","embeddable":true,"href":"https:\/\/lij.ismeduca.com\/es\/wp-json\/wp\/v2\/autores?post=38862"},{"taxonomy":"colecciones","embeddable":true,"href":"https:\/\/lij.ismeduca.com\/es\/wp-json\/wp\/v2\/colecciones?post=38862"},{"taxonomy":"personajes","embeddable":true,"href":"https:\/\/lij.ismeduca.com\/es\/wp-json\/wp\/v2\/personajes?post=38862"}],"curies":[{"name":"wp","href":"https:\/\/api.w.org\/{rel}","templated":true}]}}