{"id":38905,"date":"2025-12-23T10:14:17","date_gmt":"2025-12-23T09:14:17","guid":{"rendered":"https:\/\/lij.ismeduca.com\/es\/?post_type=product&#038;p=38905"},"modified":"2025-12-23T13:03:29","modified_gmt":"2025-12-23T12:03:29","slug":"nomes-per-a-ninges-6-els-ninges-baixets","status":"publish","type":"product","link":"https:\/\/lij.ismeduca.com\/es\/producto\/nomes-per-a-ninges-6-els-ninges-baixets\/","title":{"rendered":"Nom\u00e9s per a ninges 6. Els ninges baixets"},"content":{"rendered":"","protected":false},"excerpt":{"rendered":"<p>\u00c9s l&#8217;estiu m\u00e9s calor\u00f3s de la hist\u00f2ria i, de sobte, tots els aparells d&#8217;aire condicionat s&#8217;estan espatllant. A m\u00e9s, hi ha una colla que no para de fer gamberrades al barri i que signen com \u00abels ninges baixets\u00bb. Les ninges sospiten que alg\u00fa ha descobert el seu club secret i es posen en marxa per resoldre el misteri.&nbsp;<\/p>\n","protected":false},"featured_media":38909,"template":"","meta":{"_acf_changed":false,"inline_featured_image":false},"product_brand":[],"product_cat":[4702],"product_tag":[268,4765,311,297,253,699,2058,913,267],"asignatura":[],"compania":[258],"curso":[],"idiomas":[1951],"genero":[314],"linea":[250],"premio":[],"proyecto-editorial":[323],"tipo-de-libro":[249],"soporte":[2004],"zona-geografica":[],"autores":[4414,3986],"colecciones":[2246],"personajes":[],"class_list":{"0":"post-38905","1":"product","2":"type-product","3":"status-publish","4":"has-post-thumbnail","6":"product_cat-solo-para-ninjas","7":"product_tag-amistad","8":"product_tag-calor","9":"product_tag-familia","10":"product_tag-literatura-de-aventuras","11":"product_tag-literatura-de-humor","12":"product_tag-misterios","13":"product_tag-ntx","14":"product_tag-travesuras","15":"product_tag-verano","16":"pa_codigo-sap-ntx","17":"compania-editorial-cruilla-s-a-es","18":"idiomas-catalan","19":"genero-aventura","20":"linea-narrativa","21":"proyecto-editorial-6-12","22":"tipo-de-libro-fisico","23":"soporte-libro","24":"autores-lluisa-moreno-llort","25":"autores-puno","26":"colecciones-nomes-per-a-ninges","28":"first","29":"instock","30":"taxable","31":"shipping-taxable","32":"purchasable","33":"product-type-simple"},"acf":{"id_catalogo":"650","shortTitle":"C-NPN.6 ELS NINGES BAIXETS","descripcion":"<p>\u00c9s l'estiu m\u00e9s calor\u00f3s de la hist\u00f2ria i, de sobte, tots els aparells d'aire condicionat s'estan espatllant. A m\u00e9s, hi ha una colla que no para de fer gamberrades al barri i que signen com \"els ninges baixets\". Les ninges sospiten que alg\u00fa ha descobert el seu club secret i es posen en marxa per resoldre el misteri.&nbsp;<\/p>","adjuntos":null,"descriptivePhrases":null,"productSap":"NTX","isbn":"9788466154307","precio_colegios":10.53,"precio_librerias":10.53,"precio_librerias_sin_cobertura":10.53,"precio_distribuidores":10.53,"fecha_disponibilidad":null,"fecha_comercial":"20230608","organizacion_venta":"","datos_para_buscador":"Pu\u00f1o, Llu\u00efsa Moreno Llort, Pu\u00f1o, Nom\u00e9s per a ninges, "},"yoast_head":"<!-- This site is optimized with the Yoast SEO plugin v26.6 - https:\/\/yoast.com\/wordpress\/plugins\/seo\/ -->\n<title>Nom\u00e9s per a ninges 6. Els ninges baixets - Literatura SM Espa\u00f1a<\/title>\n<meta name=\"robots\" content=\"noindex, follow, max-snippet:-1, max-image-preview:large, max-video-preview:-1\" \/>\n<meta property=\"og:locale\" content=\"es_ES\" \/>\n<meta property=\"og:type\" content=\"article\" \/>\n<meta property=\"og:title\" content=\"Nom\u00e9s per a ninges 6. Els ninges baixets - Literatura SM Espa\u00f1a\" \/>\n<meta property=\"og:url\" content=\"https:\/\/lij.ismeduca.com\/es\/?post_type=product&amp;p=38905\" \/>\n<meta property=\"og:site_name\" content=\"Literatura SM Espa\u00f1a\" \/>\n<meta property=\"article:modified_time\" content=\"2025-12-23T12:03:29+00:00\" \/>\n<meta name=\"twitter:card\" content=\"summary_large_image\" \/>\n<script type=\"application\/ld+json\" class=\"yoast-schema-graph\">{\"@context\":\"https:\/\/schema.org\",\"@graph\":[{\"@type\":\"WebPage\",\"@id\":\"https:\/\/lij.ismeduca.com\/es\/?post_type=product&p=38905\",\"url\":\"https:\/\/lij.ismeduca.com\/es\/?post_type=product&p=38905\",\"name\":\"Nom\u00e9s per a ninges 6. Els ninges baixets - Literatura SM Espa\u00f1a\",\"isPartOf\":{\"@id\":\"https:\/\/lij.ismeduca.com\/es\/#website\"},\"primaryImageOfPage\":{\"@id\":\"https:\/\/lij.ismeduca.com\/es\/?post_type=product&p=38905#primaryimage\"},\"image\":{\"@id\":\"https:\/\/lij.ismeduca.com\/es\/?post_type=product&p=38905#primaryimage\"},\"thumbnailUrl\":\"https:\/\/lij.ismeduca.com\/es\/wp-content\/uploads\/sites\/10\/2025\/12\/38905.jpg\",\"datePublished\":\"2025-12-23T09:14:17+00:00\",\"dateModified\":\"2025-12-23T12:03:29+00:00\",\"breadcrumb\":{\"@id\":\"https:\/\/lij.ismeduca.com\/es\/?post_type=product&p=38905#breadcrumb\"},\"inLanguage\":\"es\",\"potentialAction\":[{\"@type\":\"ReadAction\",\"target\":[\"https:\/\/lij.ismeduca.com\/es\/?post_type=product&p=38905\"]}]},{\"@type\":\"ImageObject\",\"inLanguage\":\"es\",\"@id\":\"https:\/\/lij.ismeduca.com\/es\/?post_type=product&p=38905#primaryimage\",\"url\":\"https:\/\/lij.ismeduca.com\/es\/wp-content\/uploads\/sites\/10\/2025\/12\/38905.jpg\",\"contentUrl\":\"https:\/\/lij.ismeduca.com\/es\/wp-content\/uploads\/sites\/10\/2025\/12\/38905.jpg\",\"width\":600,\"height\":815},{\"@type\":\"BreadcrumbList\",\"@id\":\"https:\/\/lij.ismeduca.com\/es\/?post_type=product&p=38905#breadcrumb\",\"itemListElement\":[{\"@type\":\"ListItem\",\"position\":1,\"name\":\"Portada\",\"item\":\"https:\/\/lij.ismeduca.com\/es\/\"},{\"@type\":\"ListItem\",\"position\":2,\"name\":\"Tienda\",\"item\":\"https:\/\/lij.ismeduca.com\/es\/tienda\/\"},{\"@type\":\"ListItem\",\"position\":3,\"name\":\"Nom\u00e9s per a ninges 6. Els ninges baixets\"}]},{\"@type\":\"WebSite\",\"@id\":\"https:\/\/lij.ismeduca.com\/es\/#website\",\"url\":\"https:\/\/lij.ismeduca.com\/es\/\",\"name\":\"Literatura SM Espa\u00f1a\",\"description\":\"\",\"publisher\":{\"@id\":\"https:\/\/lij.ismeduca.com\/es\/#organization\"},\"potentialAction\":[{\"@type\":\"SearchAction\",\"target\":{\"@type\":\"EntryPoint\",\"urlTemplate\":\"https:\/\/lij.ismeduca.com\/es\/?s={search_term_string}\"},\"query-input\":{\"@type\":\"PropertyValueSpecification\",\"valueRequired\":true,\"valueName\":\"search_term_string\"}}],\"inLanguage\":\"es\"},{\"@type\":\"Organization\",\"@id\":\"https:\/\/lij.ismeduca.com\/es\/#organization\",\"name\":\"Literatura SM Espa\u00f1a\",\"url\":\"https:\/\/lij.ismeduca.com\/es\/\",\"logo\":{\"@type\":\"ImageObject\",\"inLanguage\":\"es\",\"@id\":\"https:\/\/lij.ismeduca.com\/es\/#\/schema\/logo\/image\/\",\"url\":\"https:\/\/lij.ismeduca.com\/es\/wp-content\/uploads\/sites\/10\/2024\/07\/logo-cabecera.png\",\"contentUrl\":\"https:\/\/lij.ismeduca.com\/es\/wp-content\/uploads\/sites\/10\/2024\/07\/logo-cabecera.png\",\"width\":396,\"height\":64,\"caption\":\"Literatura SM Espa\u00f1a\"},\"image\":{\"@id\":\"https:\/\/lij.ismeduca.com\/es\/#\/schema\/logo\/image\/\"}}]}<\/script>\n<!-- \/ Yoast SEO plugin. -->","yoast_head_json":{"title":"Nom\u00e9s per a ninges 6. Els ninges baixets - Literatura SM Espa\u00f1a","robots":{"index":"noindex","follow":"follow","max-snippet":"max-snippet:-1","max-image-preview":"max-image-preview:large","max-video-preview":"max-video-preview:-1"},"og_locale":"es_ES","og_type":"article","og_title":"Nom\u00e9s per a ninges 6. Els ninges baixets - Literatura SM Espa\u00f1a","og_url":"https:\/\/lij.ismeduca.com\/es\/?post_type=product&p=38905","og_site_name":"Literatura SM Espa\u00f1a","article_modified_time":"2025-12-23T12:03:29+00:00","twitter_card":"summary_large_image","schema":{"@context":"https:\/\/schema.org","@graph":[{"@type":"WebPage","@id":"https:\/\/lij.ismeduca.com\/es\/?post_type=product&p=38905","url":"https:\/\/lij.ismeduca.com\/es\/?post_type=product&p=38905","name":"Nom\u00e9s per a ninges 6. Els ninges baixets - Literatura SM Espa\u00f1a","isPartOf":{"@id":"https:\/\/lij.ismeduca.com\/es\/#website"},"primaryImageOfPage":{"@id":"https:\/\/lij.ismeduca.com\/es\/?post_type=product&p=38905#primaryimage"},"image":{"@id":"https:\/\/lij.ismeduca.com\/es\/?post_type=product&p=38905#primaryimage"},"thumbnailUrl":"https:\/\/lij.ismeduca.com\/es\/wp-content\/uploads\/sites\/10\/2025\/12\/38905.jpg","datePublished":"2025-12-23T09:14:17+00:00","dateModified":"2025-12-23T12:03:29+00:00","breadcrumb":{"@id":"https:\/\/lij.ismeduca.com\/es\/?post_type=product&p=38905#breadcrumb"},"inLanguage":"es","potentialAction":[{"@type":"ReadAction","target":["https:\/\/lij.ismeduca.com\/es\/?post_type=product&p=38905"]}]},{"@type":"ImageObject","inLanguage":"es","@id":"https:\/\/lij.ismeduca.com\/es\/?post_type=product&p=38905#primaryimage","url":"https:\/\/lij.ismeduca.com\/es\/wp-content\/uploads\/sites\/10\/2025\/12\/38905.jpg","contentUrl":"https:\/\/lij.ismeduca.com\/es\/wp-content\/uploads\/sites\/10\/2025\/12\/38905.jpg","width":600,"height":815},{"@type":"BreadcrumbList","@id":"https:\/\/lij.ismeduca.com\/es\/?post_type=product&p=38905#breadcrumb","itemListElement":[{"@type":"ListItem","position":1,"name":"Portada","item":"https:\/\/lij.ismeduca.com\/es\/"},{"@type":"ListItem","position":2,"name":"Tienda","item":"https:\/\/lij.ismeduca.com\/es\/tienda\/"},{"@type":"ListItem","position":3,"name":"Nom\u00e9s per a ninges 6. Els ninges baixets"}]},{"@type":"WebSite","@id":"https:\/\/lij.ismeduca.com\/es\/#website","url":"https:\/\/lij.ismeduca.com\/es\/","name":"Literatura SM Espa\u00f1a","description":"","publisher":{"@id":"https:\/\/lij.ismeduca.com\/es\/#organization"},"potentialAction":[{"@type":"SearchAction","target":{"@type":"EntryPoint","urlTemplate":"https:\/\/lij.ismeduca.com\/es\/?s={search_term_string}"},"query-input":{"@type":"PropertyValueSpecification","valueRequired":true,"valueName":"search_term_string"}}],"inLanguage":"es"},{"@type":"Organization","@id":"https:\/\/lij.ismeduca.com\/es\/#organization","name":"Literatura SM Espa\u00f1a","url":"https:\/\/lij.ismeduca.com\/es\/","logo":{"@type":"ImageObject","inLanguage":"es","@id":"https:\/\/lij.ismeduca.com\/es\/#\/schema\/logo\/image\/","url":"https:\/\/lij.ismeduca.com\/es\/wp-content\/uploads\/sites\/10\/2024\/07\/logo-cabecera.png","contentUrl":"https:\/\/lij.ismeduca.com\/es\/wp-content\/uploads\/sites\/10\/2024\/07\/logo-cabecera.png","width":396,"height":64,"caption":"Literatura SM Espa\u00f1a"},"image":{"@id":"https:\/\/lij.ismeduca.com\/es\/#\/schema\/logo\/image\/"}}]}},"_links":{"self":[{"href":"https:\/\/lij.ismeduca.com\/es\/wp-json\/wp\/v2\/product\/38905","targetHints":{"allow":["GET"]}}],"collection":[{"href":"https:\/\/lij.ismeduca.com\/es\/wp-json\/wp\/v2\/product"}],"about":[{"href":"https:\/\/lij.ismeduca.com\/es\/wp-json\/wp\/v2\/types\/product"}],"version-history":[{"count":2,"href":"https:\/\/lij.ismeduca.com\/es\/wp-json\/wp\/v2\/product\/38905\/revisions"}],"predecessor-version":[{"id":38911,"href":"https:\/\/lij.ismeduca.com\/es\/wp-json\/wp\/v2\/product\/38905\/revisions\/38911"}],"wp:featuredmedia":[{"embeddable":true,"href":"https:\/\/lij.ismeduca.com\/es\/wp-json\/wp\/v2\/media\/38909"}],"wp:attachment":[{"href":"https:\/\/lij.ismeduca.com\/es\/wp-json\/wp\/v2\/media?parent=38905"}],"wp:term":[{"taxonomy":"product_brand","embeddable":true,"href":"https:\/\/lij.ismeduca.com\/es\/wp-json\/wp\/v2\/product_brand?post=38905"},{"taxonomy":"product_cat","embeddable":true,"href":"https:\/\/lij.ismeduca.com\/es\/wp-json\/wp\/v2\/product_cat?post=38905"},{"taxonomy":"product_tag","embeddable":true,"href":"https:\/\/lij.ismeduca.com\/es\/wp-json\/wp\/v2\/product_tag?post=38905"},{"taxonomy":"asignatura","embeddable":true,"href":"https:\/\/lij.ismeduca.com\/es\/wp-json\/wp\/v2\/asignatura?post=38905"},{"taxonomy":"compania","embeddable":true,"href":"https:\/\/lij.ismeduca.com\/es\/wp-json\/wp\/v2\/compania?post=38905"},{"taxonomy":"curso","embeddable":true,"href":"https:\/\/lij.ismeduca.com\/es\/wp-json\/wp\/v2\/curso?post=38905"},{"taxonomy":"idiomas","embeddable":true,"href":"https:\/\/lij.ismeduca.com\/es\/wp-json\/wp\/v2\/idiomas?post=38905"},{"taxonomy":"genero","embeddable":true,"href":"https:\/\/lij.ismeduca.com\/es\/wp-json\/wp\/v2\/genero?post=38905"},{"taxonomy":"linea","embeddable":true,"href":"https:\/\/lij.ismeduca.com\/es\/wp-json\/wp\/v2\/linea?post=38905"},{"taxonomy":"premio","embeddable":true,"href":"https:\/\/lij.ismeduca.com\/es\/wp-json\/wp\/v2\/premio?post=38905"},{"taxonomy":"proyecto-editorial","embeddable":true,"href":"https:\/\/lij.ismeduca.com\/es\/wp-json\/wp\/v2\/proyecto-editorial?post=38905"},{"taxonomy":"tipo-de-libro","embeddable":true,"href":"https:\/\/lij.ismeduca.com\/es\/wp-json\/wp\/v2\/tipo-de-libro?post=38905"},{"taxonomy":"soporte","embeddable":true,"href":"https:\/\/lij.ismeduca.com\/es\/wp-json\/wp\/v2\/soporte?post=38905"},{"taxonomy":"zona-geografica","embeddable":true,"href":"https:\/\/lij.ismeduca.com\/es\/wp-json\/wp\/v2\/zona-geografica?post=38905"},{"taxonomy":"autores","embeddable":true,"href":"https:\/\/lij.ismeduca.com\/es\/wp-json\/wp\/v2\/autores?post=38905"},{"taxonomy":"colecciones","embeddable":true,"href":"https:\/\/lij.ismeduca.com\/es\/wp-json\/wp\/v2\/colecciones?post=38905"},{"taxonomy":"personajes","embeddable":true,"href":"https:\/\/lij.ismeduca.com\/es\/wp-json\/wp\/v2\/personajes?post=38905"}],"curies":[{"name":"wp","href":"https:\/\/api.w.org\/{rel}","templated":true}]}}