{"id":38941,"date":"2025-12-23T10:15:42","date_gmt":"2025-12-23T09:15:42","guid":{"rendered":"https:\/\/lij.ismeduca.com\/es\/?post_type=product&#038;p=38941"},"modified":"2025-12-23T13:09:43","modified_gmt":"2025-12-23T12:09:43","slug":"mortina-4-el-llac-misterios","status":"publish","type":"product","link":"https:\/\/lij.ismeduca.com\/es\/producto\/mortina-4-el-llac-misterios\/","title":{"rendered":"Mortina 4. El llac misteri\u00f3s"},"content":{"rendered":"","protected":false},"excerpt":{"rendered":"<p>La Mortina i la seva fam\u00edlia se&#8217;n van de vacances! Estan entusiasmats perqu\u00e8 no en fan des de fa&#8230; segles!&nbsp;<\/p>\n<p>La destinaci\u00f3 \u00e9s la Vil\u00b7la Florida, a la vora del Llac Misteri\u00f3s, on viuen la tia Harpia i el cos\u00ed Dilbert. Ai, per\u00f2 el relax dura ben poc: un gris funcionari vol posar a la venda la mansi\u00f3 perqu\u00e8 sembla deshabitada.&nbsp;<\/p>\n<p>Com s&#8217;ho faran, per evitar-ho? S&#8217;accepten idees, per\u00f2 s&#8217;ha de pensar i actuar r\u00e0pid. Potser les m\u00e0gies i les llegendes del llac ens poden donar un cop de m\u00e0.&nbsp;<\/p>\n","protected":false},"featured_media":38943,"template":"","meta":{"_acf_changed":false,"inline_featured_image":false},"product_brand":[],"product_cat":[4720],"product_tag":[1742,2058,1025],"asignatura":[],"compania":[258],"curso":[],"idiomas":[1951],"genero":[275],"linea":[250],"premio":[],"proyecto-editorial":[323],"tipo-de-libro":[249],"soporte":[2004],"zona-geografica":[],"autores":[2641,2642],"colecciones":[2170],"personajes":[],"class_list":{"0":"post-38941","1":"product","2":"type-product","3":"status-publish","4":"has-post-thumbnail","6":"product_cat-mortina","7":"product_tag-lagos","8":"product_tag-ntx","9":"product_tag-vacaciones","10":"pa_codigo-sap-ntx","11":"compania-editorial-cruilla-s-a-es","12":"idiomas-catalan","13":"genero-fantasia","14":"linea-narrativa","15":"proyecto-editorial-6-12","16":"tipo-de-libro-fisico","17":"soporte-libro","18":"autores-barbara-cantini","19":"autores-jordi-vidal","20":"colecciones-mortina","22":"first","23":"instock","24":"taxable","25":"shipping-taxable","26":"purchasable","27":"product-type-simple"},"acf":{"id_catalogo":"650","shortTitle":"C-MOR.4 EL LLAC MISTERI\u00d3S","descripcion":"<p>La Mortina i la seva fam\u00edlia se'n van de vacances! Estan entusiasmats perqu\u00e8 no en fan des de fa... segles!&nbsp;<\/p>\n<p>La destinaci\u00f3 \u00e9s la Vil\u00b7la Florida, a la vora del Llac Misteri\u00f3s, on viuen la tia Harpia i el cos\u00ed Dilbert. Ai, per\u00f2 el relax dura ben poc: un gris funcionari vol posar a la venda la mansi\u00f3 perqu\u00e8 sembla deshabitada.&nbsp;<\/p>\n<p>Com s'ho faran, per evitar-ho? S'accepten idees, per\u00f2 s'ha de pensar i actuar r\u00e0pid. Potser les m\u00e0gies i les llegendes del llac ens poden donar un cop de m\u00e0.&nbsp;<\/p>","adjuntos":null,"descriptivePhrases":[{"type":"General","text":"Volen posar en venda la Vil\u00b7la Florida, la casa de la tia Harpia i el cos\u00ed Dilbert. Ho hem d'impedir com sigui! S'accepten idees. Potser les m\u00e0gies i les llegendes del llac ens poden donar un cop de m\u00e0. "}],"productSap":"NTX","isbn":"9788466159265","precio_colegios":10.53,"precio_librerias":10.53,"precio_librerias_sin_cobertura":10.53,"precio_distribuidores":10.53,"fecha_disponibilidad":null,"fecha_comercial":"20251014","organizacion_venta":"","datos_para_buscador":"Barbara Cantini, Jordi Vidal, Barbara Cantini, Mortina, "},"yoast_head":"<!-- This site is optimized with the Yoast SEO plugin v26.6 - https:\/\/yoast.com\/wordpress\/plugins\/seo\/ -->\n<title>Mortina 4. El llac misteri\u00f3s - Literatura SM Espa\u00f1a<\/title>\n<meta name=\"robots\" content=\"noindex, follow, max-snippet:-1, max-image-preview:large, max-video-preview:-1\" \/>\n<meta property=\"og:locale\" content=\"es_ES\" \/>\n<meta property=\"og:type\" content=\"article\" \/>\n<meta property=\"og:title\" content=\"Mortina 4. El llac misteri\u00f3s - Literatura SM Espa\u00f1a\" \/>\n<meta property=\"og:url\" content=\"https:\/\/lij.ismeduca.com\/es\/?post_type=product&amp;p=38941\" \/>\n<meta property=\"og:site_name\" content=\"Literatura SM Espa\u00f1a\" \/>\n<meta property=\"article:modified_time\" content=\"2025-12-23T12:09:43+00:00\" \/>\n<meta name=\"twitter:card\" content=\"summary_large_image\" \/>\n<script type=\"application\/ld+json\" class=\"yoast-schema-graph\">{\"@context\":\"https:\/\/schema.org\",\"@graph\":[{\"@type\":\"WebPage\",\"@id\":\"https:\/\/lij.ismeduca.com\/es\/?post_type=product&p=38941\",\"url\":\"https:\/\/lij.ismeduca.com\/es\/?post_type=product&p=38941\",\"name\":\"Mortina 4. El llac misteri\u00f3s - Literatura SM Espa\u00f1a\",\"isPartOf\":{\"@id\":\"https:\/\/lij.ismeduca.com\/es\/#website\"},\"primaryImageOfPage\":{\"@id\":\"https:\/\/lij.ismeduca.com\/es\/?post_type=product&p=38941#primaryimage\"},\"image\":{\"@id\":\"https:\/\/lij.ismeduca.com\/es\/?post_type=product&p=38941#primaryimage\"},\"thumbnailUrl\":\"https:\/\/lij.ismeduca.com\/es\/wp-content\/uploads\/sites\/10\/2025\/12\/38941.jpg\",\"datePublished\":\"2025-12-23T09:15:42+00:00\",\"dateModified\":\"2025-12-23T12:09:43+00:00\",\"breadcrumb\":{\"@id\":\"https:\/\/lij.ismeduca.com\/es\/?post_type=product&p=38941#breadcrumb\"},\"inLanguage\":\"es\",\"potentialAction\":[{\"@type\":\"ReadAction\",\"target\":[\"https:\/\/lij.ismeduca.com\/es\/?post_type=product&p=38941\"]}]},{\"@type\":\"ImageObject\",\"inLanguage\":\"es\",\"@id\":\"https:\/\/lij.ismeduca.com\/es\/?post_type=product&p=38941#primaryimage\",\"url\":\"https:\/\/lij.ismeduca.com\/es\/wp-content\/uploads\/sites\/10\/2025\/12\/38941.jpg\",\"contentUrl\":\"https:\/\/lij.ismeduca.com\/es\/wp-content\/uploads\/sites\/10\/2025\/12\/38941.jpg\",\"width\":600,\"height\":842},{\"@type\":\"BreadcrumbList\",\"@id\":\"https:\/\/lij.ismeduca.com\/es\/?post_type=product&p=38941#breadcrumb\",\"itemListElement\":[{\"@type\":\"ListItem\",\"position\":1,\"name\":\"Portada\",\"item\":\"https:\/\/lij.ismeduca.com\/es\/\"},{\"@type\":\"ListItem\",\"position\":2,\"name\":\"Tienda\",\"item\":\"https:\/\/lij.ismeduca.com\/es\/tienda\/\"},{\"@type\":\"ListItem\",\"position\":3,\"name\":\"Mortina 4. El llac misteri\u00f3s\"}]},{\"@type\":\"WebSite\",\"@id\":\"https:\/\/lij.ismeduca.com\/es\/#website\",\"url\":\"https:\/\/lij.ismeduca.com\/es\/\",\"name\":\"Literatura SM Espa\u00f1a\",\"description\":\"\",\"publisher\":{\"@id\":\"https:\/\/lij.ismeduca.com\/es\/#organization\"},\"potentialAction\":[{\"@type\":\"SearchAction\",\"target\":{\"@type\":\"EntryPoint\",\"urlTemplate\":\"https:\/\/lij.ismeduca.com\/es\/?s={search_term_string}\"},\"query-input\":{\"@type\":\"PropertyValueSpecification\",\"valueRequired\":true,\"valueName\":\"search_term_string\"}}],\"inLanguage\":\"es\"},{\"@type\":\"Organization\",\"@id\":\"https:\/\/lij.ismeduca.com\/es\/#organization\",\"name\":\"Literatura SM Espa\u00f1a\",\"url\":\"https:\/\/lij.ismeduca.com\/es\/\",\"logo\":{\"@type\":\"ImageObject\",\"inLanguage\":\"es\",\"@id\":\"https:\/\/lij.ismeduca.com\/es\/#\/schema\/logo\/image\/\",\"url\":\"https:\/\/lij.ismeduca.com\/es\/wp-content\/uploads\/sites\/10\/2024\/07\/logo-cabecera.png\",\"contentUrl\":\"https:\/\/lij.ismeduca.com\/es\/wp-content\/uploads\/sites\/10\/2024\/07\/logo-cabecera.png\",\"width\":396,\"height\":64,\"caption\":\"Literatura SM Espa\u00f1a\"},\"image\":{\"@id\":\"https:\/\/lij.ismeduca.com\/es\/#\/schema\/logo\/image\/\"}}]}<\/script>\n<!-- \/ Yoast SEO plugin. -->","yoast_head_json":{"title":"Mortina 4. El llac misteri\u00f3s - Literatura SM Espa\u00f1a","robots":{"index":"noindex","follow":"follow","max-snippet":"max-snippet:-1","max-image-preview":"max-image-preview:large","max-video-preview":"max-video-preview:-1"},"og_locale":"es_ES","og_type":"article","og_title":"Mortina 4. El llac misteri\u00f3s - Literatura SM Espa\u00f1a","og_url":"https:\/\/lij.ismeduca.com\/es\/?post_type=product&p=38941","og_site_name":"Literatura SM Espa\u00f1a","article_modified_time":"2025-12-23T12:09:43+00:00","twitter_card":"summary_large_image","schema":{"@context":"https:\/\/schema.org","@graph":[{"@type":"WebPage","@id":"https:\/\/lij.ismeduca.com\/es\/?post_type=product&p=38941","url":"https:\/\/lij.ismeduca.com\/es\/?post_type=product&p=38941","name":"Mortina 4. El llac misteri\u00f3s - Literatura SM Espa\u00f1a","isPartOf":{"@id":"https:\/\/lij.ismeduca.com\/es\/#website"},"primaryImageOfPage":{"@id":"https:\/\/lij.ismeduca.com\/es\/?post_type=product&p=38941#primaryimage"},"image":{"@id":"https:\/\/lij.ismeduca.com\/es\/?post_type=product&p=38941#primaryimage"},"thumbnailUrl":"https:\/\/lij.ismeduca.com\/es\/wp-content\/uploads\/sites\/10\/2025\/12\/38941.jpg","datePublished":"2025-12-23T09:15:42+00:00","dateModified":"2025-12-23T12:09:43+00:00","breadcrumb":{"@id":"https:\/\/lij.ismeduca.com\/es\/?post_type=product&p=38941#breadcrumb"},"inLanguage":"es","potentialAction":[{"@type":"ReadAction","target":["https:\/\/lij.ismeduca.com\/es\/?post_type=product&p=38941"]}]},{"@type":"ImageObject","inLanguage":"es","@id":"https:\/\/lij.ismeduca.com\/es\/?post_type=product&p=38941#primaryimage","url":"https:\/\/lij.ismeduca.com\/es\/wp-content\/uploads\/sites\/10\/2025\/12\/38941.jpg","contentUrl":"https:\/\/lij.ismeduca.com\/es\/wp-content\/uploads\/sites\/10\/2025\/12\/38941.jpg","width":600,"height":842},{"@type":"BreadcrumbList","@id":"https:\/\/lij.ismeduca.com\/es\/?post_type=product&p=38941#breadcrumb","itemListElement":[{"@type":"ListItem","position":1,"name":"Portada","item":"https:\/\/lij.ismeduca.com\/es\/"},{"@type":"ListItem","position":2,"name":"Tienda","item":"https:\/\/lij.ismeduca.com\/es\/tienda\/"},{"@type":"ListItem","position":3,"name":"Mortina 4. El llac misteri\u00f3s"}]},{"@type":"WebSite","@id":"https:\/\/lij.ismeduca.com\/es\/#website","url":"https:\/\/lij.ismeduca.com\/es\/","name":"Literatura SM Espa\u00f1a","description":"","publisher":{"@id":"https:\/\/lij.ismeduca.com\/es\/#organization"},"potentialAction":[{"@type":"SearchAction","target":{"@type":"EntryPoint","urlTemplate":"https:\/\/lij.ismeduca.com\/es\/?s={search_term_string}"},"query-input":{"@type":"PropertyValueSpecification","valueRequired":true,"valueName":"search_term_string"}}],"inLanguage":"es"},{"@type":"Organization","@id":"https:\/\/lij.ismeduca.com\/es\/#organization","name":"Literatura SM Espa\u00f1a","url":"https:\/\/lij.ismeduca.com\/es\/","logo":{"@type":"ImageObject","inLanguage":"es","@id":"https:\/\/lij.ismeduca.com\/es\/#\/schema\/logo\/image\/","url":"https:\/\/lij.ismeduca.com\/es\/wp-content\/uploads\/sites\/10\/2024\/07\/logo-cabecera.png","contentUrl":"https:\/\/lij.ismeduca.com\/es\/wp-content\/uploads\/sites\/10\/2024\/07\/logo-cabecera.png","width":396,"height":64,"caption":"Literatura SM Espa\u00f1a"},"image":{"@id":"https:\/\/lij.ismeduca.com\/es\/#\/schema\/logo\/image\/"}}]}},"_links":{"self":[{"href":"https:\/\/lij.ismeduca.com\/es\/wp-json\/wp\/v2\/product\/38941","targetHints":{"allow":["GET"]}}],"collection":[{"href":"https:\/\/lij.ismeduca.com\/es\/wp-json\/wp\/v2\/product"}],"about":[{"href":"https:\/\/lij.ismeduca.com\/es\/wp-json\/wp\/v2\/types\/product"}],"version-history":[{"count":2,"href":"https:\/\/lij.ismeduca.com\/es\/wp-json\/wp\/v2\/product\/38941\/revisions"}],"predecessor-version":[{"id":38945,"href":"https:\/\/lij.ismeduca.com\/es\/wp-json\/wp\/v2\/product\/38941\/revisions\/38945"}],"wp:featuredmedia":[{"embeddable":true,"href":"https:\/\/lij.ismeduca.com\/es\/wp-json\/wp\/v2\/media\/38943"}],"wp:attachment":[{"href":"https:\/\/lij.ismeduca.com\/es\/wp-json\/wp\/v2\/media?parent=38941"}],"wp:term":[{"taxonomy":"product_brand","embeddable":true,"href":"https:\/\/lij.ismeduca.com\/es\/wp-json\/wp\/v2\/product_brand?post=38941"},{"taxonomy":"product_cat","embeddable":true,"href":"https:\/\/lij.ismeduca.com\/es\/wp-json\/wp\/v2\/product_cat?post=38941"},{"taxonomy":"product_tag","embeddable":true,"href":"https:\/\/lij.ismeduca.com\/es\/wp-json\/wp\/v2\/product_tag?post=38941"},{"taxonomy":"asignatura","embeddable":true,"href":"https:\/\/lij.ismeduca.com\/es\/wp-json\/wp\/v2\/asignatura?post=38941"},{"taxonomy":"compania","embeddable":true,"href":"https:\/\/lij.ismeduca.com\/es\/wp-json\/wp\/v2\/compania?post=38941"},{"taxonomy":"curso","embeddable":true,"href":"https:\/\/lij.ismeduca.com\/es\/wp-json\/wp\/v2\/curso?post=38941"},{"taxonomy":"idiomas","embeddable":true,"href":"https:\/\/lij.ismeduca.com\/es\/wp-json\/wp\/v2\/idiomas?post=38941"},{"taxonomy":"genero","embeddable":true,"href":"https:\/\/lij.ismeduca.com\/es\/wp-json\/wp\/v2\/genero?post=38941"},{"taxonomy":"linea","embeddable":true,"href":"https:\/\/lij.ismeduca.com\/es\/wp-json\/wp\/v2\/linea?post=38941"},{"taxonomy":"premio","embeddable":true,"href":"https:\/\/lij.ismeduca.com\/es\/wp-json\/wp\/v2\/premio?post=38941"},{"taxonomy":"proyecto-editorial","embeddable":true,"href":"https:\/\/lij.ismeduca.com\/es\/wp-json\/wp\/v2\/proyecto-editorial?post=38941"},{"taxonomy":"tipo-de-libro","embeddable":true,"href":"https:\/\/lij.ismeduca.com\/es\/wp-json\/wp\/v2\/tipo-de-libro?post=38941"},{"taxonomy":"soporte","embeddable":true,"href":"https:\/\/lij.ismeduca.com\/es\/wp-json\/wp\/v2\/soporte?post=38941"},{"taxonomy":"zona-geografica","embeddable":true,"href":"https:\/\/lij.ismeduca.com\/es\/wp-json\/wp\/v2\/zona-geografica?post=38941"},{"taxonomy":"autores","embeddable":true,"href":"https:\/\/lij.ismeduca.com\/es\/wp-json\/wp\/v2\/autores?post=38941"},{"taxonomy":"colecciones","embeddable":true,"href":"https:\/\/lij.ismeduca.com\/es\/wp-json\/wp\/v2\/colecciones?post=38941"},{"taxonomy":"personajes","embeddable":true,"href":"https:\/\/lij.ismeduca.com\/es\/wp-json\/wp\/v2\/personajes?post=38941"}],"curies":[{"name":"wp","href":"https:\/\/api.w.org\/{rel}","templated":true}]}}