{"id":38955,"date":"2025-12-23T10:16:24","date_gmt":"2025-12-23T09:16:24","guid":{"rendered":"https:\/\/lij.ismeduca.com\/es\/?post_type=product&#038;p=38955"},"modified":"2025-12-23T13:12:05","modified_gmt":"2025-12-23T12:12:05","slug":"els-forasters-del-temps-20-laventura-dels-vallbona-amb-napoleo","status":"publish","type":"product","link":"https:\/\/lij.ismeduca.com\/es\/producto\/els-forasters-del-temps-20-laventura-dels-vallbona-amb-napoleo\/","title":{"rendered":"Els Forasters del Temps 20. L&#8217;aventura dels Vallbona amb Napole\u00f3"},"content":{"rendered":"","protected":false},"excerpt":{"rendered":"<p>Els Forasters del Temps s&#8217;han d&#8217;enfrontar a una missi\u00f3 molt arriscada: viatjar a la batalla m\u00e9s famosa de tots els temps, Waterloo. All\u00e0 hauran d&#8217;impedir la vict\u00f2ria de Napole\u00f3 Bonaparte. Si l&#8217;emperador guanya, conquerir\u00e0 el m\u00f3n sencer, i la hist\u00f2ria canviar\u00e0 per sempre.<\/p>\n<p>Un moment, tothom sap que aquesta batalla la van guanyar els anglesos&#8230; \u00bfcom \u00e9s que aix\u00f2 ha canviat? El responsable \u00e9s en Jean Paul, un adolescent molt carism\u00e0tic, que tamb\u00e9 \u00e9s el fill secret de Napole\u00f3. El noi \u00e9s el l\u00edder d&#8217;un grup de valents, els Joves Dragons, que amb les seves gestes canviaran el dest\u00ed d&#8217;occident. El Ti\u00e0, la Maria, el Mini Seb i la resta s&#8217;hauran d&#8217;infiltrar a l&#8217;ex\u00e8rcit franc\u00e8s per acompanyar Napole\u00f3 i el seu fill. Per\u00f2 no els ser\u00e0 tan f\u00e0cil, Napole\u00f3 t\u00e9 una personalitat tan captivadora&nbsp;que far\u00e0 dubtar els nostres protagonistes: han d&#8217;acomplir la missi\u00f3, o han de tra\u00efr per primera vegada l&#8217;objectiu de l&#8217;ag\u00e8ncia Vallbona i permetre que la hist\u00f2ria canvi\u00ef? I per si no n&#8217;hi hagu\u00e9s prou, el secret dels Vallbona sortir\u00e0 a la llum durant el viatge i ho destarotar\u00e0 tot.&nbsp;<\/p>\n","protected":false},"featured_media":38961,"template":"","meta":{"_acf_changed":false,"inline_featured_image":false},"product_brand":[],"product_cat":[4731],"product_tag":[508,4768,4769,297,2020,2058,1401,826],"asignatura":[],"compania":[258],"curso":[],"idiomas":[1951],"genero":[314],"linea":[250],"premio":[],"proyecto-editorial":[323],"tipo-de-libro":[249],"soporte":[2004],"zona-geografica":[],"autores":[3979,4387,4216],"colecciones":[2298],"personajes":[],"class_list":{"0":"post-38955","1":"product","2":"type-product","3":"status-publish","4":"has-post-thumbnail","6":"product_cat-los-forasteros-del-tiempo","7":"product_tag-guerras","8":"product_tag-imperio-napoleonico","9":"product_tag-invasion-napoleonica","10":"product_tag-literatura-de-aventuras","11":"product_tag-napoleon-bonaparte","12":"product_tag-ntx","13":"product_tag-primeras-guerras-napoleonicas","14":"product_tag-viajes-en-el-tiempo","15":"pa_codigo-sap-ntx","16":"compania-editorial-cruilla-s-a-es","17":"idiomas-catalan","18":"genero-aventura","19":"linea-narrativa","20":"proyecto-editorial-6-12","21":"tipo-de-libro-fisico","22":"soporte-libro","23":"autores-guillermo-esteban-bustos","24":"autores-josep-sampere-i-marti","25":"autores-roberto-santiago","26":"colecciones-forasters-del-temps","28":"first","29":"instock","30":"taxable","31":"shipping-taxable","32":"purchasable","33":"product-type-simple"},"acf":{"id_catalogo":"650","shortTitle":"C-FDT.20 L'AV. DELS VALLBONA AMB NAPOLEO","descripcion":"<p>Els Forasters del Temps s'han d'enfrontar a una missi\u00f3 molt arriscada: viatjar a la batalla m\u00e9s famosa de tots els temps, Waterloo. All\u00e0 hauran d'impedir la vict\u00f2ria de Napole\u00f3 Bonaparte. Si l'emperador guanya, conquerir\u00e0 el m\u00f3n sencer, i la hist\u00f2ria canviar\u00e0 per sempre.<\/p>\n<p>Un moment, tothom sap que aquesta batalla la van guanyar els anglesos... \u00bfcom \u00e9s que aix\u00f2 ha canviat? El responsable \u00e9s en Jean Paul, un adolescent molt carism\u00e0tic, que tamb\u00e9 \u00e9s el fill secret de Napole\u00f3. El noi \u00e9s el l\u00edder d'un grup de valents, els Joves Dragons, que amb les seves gestes canviaran el dest\u00ed d'occident. El Ti\u00e0, la Maria, el Mini Seb i la resta s'hauran d'infiltrar a l'ex\u00e8rcit franc\u00e8s per acompanyar Napole\u00f3 i el seu fill. Per\u00f2 no els ser\u00e0 tan f\u00e0cil, Napole\u00f3 t\u00e9 una personalitat tan captivadora&nbsp;que far\u00e0 dubtar els nostres protagonistes: han d'acomplir la missi\u00f3, o han de tra\u00efr per primera vegada l'objectiu de l'ag\u00e8ncia Vallbona i permetre que la hist\u00f2ria canvi\u00ef? I per si no n'hi hagu\u00e9s prou, el secret dels Vallbona sortir\u00e0 a la llum durant el viatge i ho destarotar\u00e0 tot.&nbsp;<\/p>","adjuntos":null,"descriptivePhrases":[{"type":"General","text":"Els Forasters del Temps han de viatjar a Waterloo per impedir la vict\u00f2ria de Napole\u00f3 Bonaparte.\u00a0Per\u00f2 no els ser\u00e0 tan f\u00e0cil, Napole\u00f3 t\u00e9 una personalitat tan captivadora\u00a0que els far\u00e0 dubtar: han d'acomplir la missi\u00f3 o han de permetre que la hist\u00f2ria canvi\u00ef?"}],"productSap":"NTX","isbn":"9788466159227","precio_colegios":12.45,"precio_librerias":12.45,"precio_librerias_sin_cobertura":12.45,"precio_distribuidores":12.45,"fecha_disponibilidad":null,"fecha_comercial":"20250708","organizacion_venta":"","datos_para_buscador":"Josep Sampere i Mart\u00ed, Guillermo Esteban Bustos, Roberto Santiago, Forasters del temps, "},"yoast_head":"<!-- This site is optimized with the Yoast SEO plugin v26.6 - https:\/\/yoast.com\/wordpress\/plugins\/seo\/ -->\n<title>Els Forasters del Temps 20. L&#039;aventura dels Vallbona amb Napole\u00f3 - Literatura SM Espa\u00f1a<\/title>\n<meta name=\"robots\" content=\"noindex, follow, max-snippet:-1, max-image-preview:large, max-video-preview:-1\" \/>\n<meta property=\"og:locale\" content=\"es_ES\" \/>\n<meta property=\"og:type\" content=\"article\" \/>\n<meta property=\"og:title\" content=\"Els Forasters del Temps 20. L&#039;aventura dels Vallbona amb Napole\u00f3 - Literatura SM Espa\u00f1a\" \/>\n<meta property=\"og:url\" content=\"https:\/\/lij.ismeduca.com\/es\/?post_type=product&amp;p=38955\" \/>\n<meta property=\"og:site_name\" content=\"Literatura SM Espa\u00f1a\" \/>\n<meta property=\"article:modified_time\" content=\"2025-12-23T12:12:05+00:00\" \/>\n<meta name=\"twitter:card\" content=\"summary_large_image\" \/>\n<script type=\"application\/ld+json\" class=\"yoast-schema-graph\">{\"@context\":\"https:\/\/schema.org\",\"@graph\":[{\"@type\":\"WebPage\",\"@id\":\"https:\/\/lij.ismeduca.com\/es\/?post_type=product&p=38955\",\"url\":\"https:\/\/lij.ismeduca.com\/es\/?post_type=product&p=38955\",\"name\":\"Els Forasters del Temps 20. L'aventura dels Vallbona amb Napole\u00f3 - Literatura SM Espa\u00f1a\",\"isPartOf\":{\"@id\":\"https:\/\/lij.ismeduca.com\/es\/#website\"},\"primaryImageOfPage\":{\"@id\":\"https:\/\/lij.ismeduca.com\/es\/?post_type=product&p=38955#primaryimage\"},\"image\":{\"@id\":\"https:\/\/lij.ismeduca.com\/es\/?post_type=product&p=38955#primaryimage\"},\"thumbnailUrl\":\"https:\/\/lij.ismeduca.com\/es\/wp-content\/uploads\/sites\/10\/2025\/12\/38955.jpg\",\"datePublished\":\"2025-12-23T09:16:24+00:00\",\"dateModified\":\"2025-12-23T12:12:05+00:00\",\"breadcrumb\":{\"@id\":\"https:\/\/lij.ismeduca.com\/es\/?post_type=product&p=38955#breadcrumb\"},\"inLanguage\":\"es\",\"potentialAction\":[{\"@type\":\"ReadAction\",\"target\":[\"https:\/\/lij.ismeduca.com\/es\/?post_type=product&p=38955\"]}]},{\"@type\":\"ImageObject\",\"inLanguage\":\"es\",\"@id\":\"https:\/\/lij.ismeduca.com\/es\/?post_type=product&p=38955#primaryimage\",\"url\":\"https:\/\/lij.ismeduca.com\/es\/wp-content\/uploads\/sites\/10\/2025\/12\/38955.jpg\",\"contentUrl\":\"https:\/\/lij.ismeduca.com\/es\/wp-content\/uploads\/sites\/10\/2025\/12\/38955.jpg\",\"width\":600,\"height\":856},{\"@type\":\"BreadcrumbList\",\"@id\":\"https:\/\/lij.ismeduca.com\/es\/?post_type=product&p=38955#breadcrumb\",\"itemListElement\":[{\"@type\":\"ListItem\",\"position\":1,\"name\":\"Portada\",\"item\":\"https:\/\/lij.ismeduca.com\/es\/\"},{\"@type\":\"ListItem\",\"position\":2,\"name\":\"Tienda\",\"item\":\"https:\/\/lij.ismeduca.com\/es\/tienda\/\"},{\"@type\":\"ListItem\",\"position\":3,\"name\":\"Els Forasters del Temps 20. L&#8217;aventura dels Vallbona amb Napole\u00f3\"}]},{\"@type\":\"WebSite\",\"@id\":\"https:\/\/lij.ismeduca.com\/es\/#website\",\"url\":\"https:\/\/lij.ismeduca.com\/es\/\",\"name\":\"Literatura SM Espa\u00f1a\",\"description\":\"\",\"publisher\":{\"@id\":\"https:\/\/lij.ismeduca.com\/es\/#organization\"},\"potentialAction\":[{\"@type\":\"SearchAction\",\"target\":{\"@type\":\"EntryPoint\",\"urlTemplate\":\"https:\/\/lij.ismeduca.com\/es\/?s={search_term_string}\"},\"query-input\":{\"@type\":\"PropertyValueSpecification\",\"valueRequired\":true,\"valueName\":\"search_term_string\"}}],\"inLanguage\":\"es\"},{\"@type\":\"Organization\",\"@id\":\"https:\/\/lij.ismeduca.com\/es\/#organization\",\"name\":\"Literatura SM Espa\u00f1a\",\"url\":\"https:\/\/lij.ismeduca.com\/es\/\",\"logo\":{\"@type\":\"ImageObject\",\"inLanguage\":\"es\",\"@id\":\"https:\/\/lij.ismeduca.com\/es\/#\/schema\/logo\/image\/\",\"url\":\"https:\/\/lij.ismeduca.com\/es\/wp-content\/uploads\/sites\/10\/2024\/07\/logo-cabecera.png\",\"contentUrl\":\"https:\/\/lij.ismeduca.com\/es\/wp-content\/uploads\/sites\/10\/2024\/07\/logo-cabecera.png\",\"width\":396,\"height\":64,\"caption\":\"Literatura SM Espa\u00f1a\"},\"image\":{\"@id\":\"https:\/\/lij.ismeduca.com\/es\/#\/schema\/logo\/image\/\"}}]}<\/script>\n<!-- \/ Yoast SEO plugin. -->","yoast_head_json":{"title":"Els Forasters del Temps 20. L'aventura dels Vallbona amb Napole\u00f3 - Literatura SM Espa\u00f1a","robots":{"index":"noindex","follow":"follow","max-snippet":"max-snippet:-1","max-image-preview":"max-image-preview:large","max-video-preview":"max-video-preview:-1"},"og_locale":"es_ES","og_type":"article","og_title":"Els Forasters del Temps 20. L'aventura dels Vallbona amb Napole\u00f3 - Literatura SM Espa\u00f1a","og_url":"https:\/\/lij.ismeduca.com\/es\/?post_type=product&p=38955","og_site_name":"Literatura SM Espa\u00f1a","article_modified_time":"2025-12-23T12:12:05+00:00","twitter_card":"summary_large_image","schema":{"@context":"https:\/\/schema.org","@graph":[{"@type":"WebPage","@id":"https:\/\/lij.ismeduca.com\/es\/?post_type=product&p=38955","url":"https:\/\/lij.ismeduca.com\/es\/?post_type=product&p=38955","name":"Els Forasters del Temps 20. L'aventura dels Vallbona amb Napole\u00f3 - Literatura SM Espa\u00f1a","isPartOf":{"@id":"https:\/\/lij.ismeduca.com\/es\/#website"},"primaryImageOfPage":{"@id":"https:\/\/lij.ismeduca.com\/es\/?post_type=product&p=38955#primaryimage"},"image":{"@id":"https:\/\/lij.ismeduca.com\/es\/?post_type=product&p=38955#primaryimage"},"thumbnailUrl":"https:\/\/lij.ismeduca.com\/es\/wp-content\/uploads\/sites\/10\/2025\/12\/38955.jpg","datePublished":"2025-12-23T09:16:24+00:00","dateModified":"2025-12-23T12:12:05+00:00","breadcrumb":{"@id":"https:\/\/lij.ismeduca.com\/es\/?post_type=product&p=38955#breadcrumb"},"inLanguage":"es","potentialAction":[{"@type":"ReadAction","target":["https:\/\/lij.ismeduca.com\/es\/?post_type=product&p=38955"]}]},{"@type":"ImageObject","inLanguage":"es","@id":"https:\/\/lij.ismeduca.com\/es\/?post_type=product&p=38955#primaryimage","url":"https:\/\/lij.ismeduca.com\/es\/wp-content\/uploads\/sites\/10\/2025\/12\/38955.jpg","contentUrl":"https:\/\/lij.ismeduca.com\/es\/wp-content\/uploads\/sites\/10\/2025\/12\/38955.jpg","width":600,"height":856},{"@type":"BreadcrumbList","@id":"https:\/\/lij.ismeduca.com\/es\/?post_type=product&p=38955#breadcrumb","itemListElement":[{"@type":"ListItem","position":1,"name":"Portada","item":"https:\/\/lij.ismeduca.com\/es\/"},{"@type":"ListItem","position":2,"name":"Tienda","item":"https:\/\/lij.ismeduca.com\/es\/tienda\/"},{"@type":"ListItem","position":3,"name":"Els Forasters del Temps 20. L&#8217;aventura dels Vallbona amb Napole\u00f3"}]},{"@type":"WebSite","@id":"https:\/\/lij.ismeduca.com\/es\/#website","url":"https:\/\/lij.ismeduca.com\/es\/","name":"Literatura SM Espa\u00f1a","description":"","publisher":{"@id":"https:\/\/lij.ismeduca.com\/es\/#organization"},"potentialAction":[{"@type":"SearchAction","target":{"@type":"EntryPoint","urlTemplate":"https:\/\/lij.ismeduca.com\/es\/?s={search_term_string}"},"query-input":{"@type":"PropertyValueSpecification","valueRequired":true,"valueName":"search_term_string"}}],"inLanguage":"es"},{"@type":"Organization","@id":"https:\/\/lij.ismeduca.com\/es\/#organization","name":"Literatura SM Espa\u00f1a","url":"https:\/\/lij.ismeduca.com\/es\/","logo":{"@type":"ImageObject","inLanguage":"es","@id":"https:\/\/lij.ismeduca.com\/es\/#\/schema\/logo\/image\/","url":"https:\/\/lij.ismeduca.com\/es\/wp-content\/uploads\/sites\/10\/2024\/07\/logo-cabecera.png","contentUrl":"https:\/\/lij.ismeduca.com\/es\/wp-content\/uploads\/sites\/10\/2024\/07\/logo-cabecera.png","width":396,"height":64,"caption":"Literatura SM Espa\u00f1a"},"image":{"@id":"https:\/\/lij.ismeduca.com\/es\/#\/schema\/logo\/image\/"}}]}},"_links":{"self":[{"href":"https:\/\/lij.ismeduca.com\/es\/wp-json\/wp\/v2\/product\/38955","targetHints":{"allow":["GET"]}}],"collection":[{"href":"https:\/\/lij.ismeduca.com\/es\/wp-json\/wp\/v2\/product"}],"about":[{"href":"https:\/\/lij.ismeduca.com\/es\/wp-json\/wp\/v2\/types\/product"}],"version-history":[{"count":2,"href":"https:\/\/lij.ismeduca.com\/es\/wp-json\/wp\/v2\/product\/38955\/revisions"}],"predecessor-version":[{"id":38963,"href":"https:\/\/lij.ismeduca.com\/es\/wp-json\/wp\/v2\/product\/38955\/revisions\/38963"}],"wp:featuredmedia":[{"embeddable":true,"href":"https:\/\/lij.ismeduca.com\/es\/wp-json\/wp\/v2\/media\/38961"}],"wp:attachment":[{"href":"https:\/\/lij.ismeduca.com\/es\/wp-json\/wp\/v2\/media?parent=38955"}],"wp:term":[{"taxonomy":"product_brand","embeddable":true,"href":"https:\/\/lij.ismeduca.com\/es\/wp-json\/wp\/v2\/product_brand?post=38955"},{"taxonomy":"product_cat","embeddable":true,"href":"https:\/\/lij.ismeduca.com\/es\/wp-json\/wp\/v2\/product_cat?post=38955"},{"taxonomy":"product_tag","embeddable":true,"href":"https:\/\/lij.ismeduca.com\/es\/wp-json\/wp\/v2\/product_tag?post=38955"},{"taxonomy":"asignatura","embeddable":true,"href":"https:\/\/lij.ismeduca.com\/es\/wp-json\/wp\/v2\/asignatura?post=38955"},{"taxonomy":"compania","embeddable":true,"href":"https:\/\/lij.ismeduca.com\/es\/wp-json\/wp\/v2\/compania?post=38955"},{"taxonomy":"curso","embeddable":true,"href":"https:\/\/lij.ismeduca.com\/es\/wp-json\/wp\/v2\/curso?post=38955"},{"taxonomy":"idiomas","embeddable":true,"href":"https:\/\/lij.ismeduca.com\/es\/wp-json\/wp\/v2\/idiomas?post=38955"},{"taxonomy":"genero","embeddable":true,"href":"https:\/\/lij.ismeduca.com\/es\/wp-json\/wp\/v2\/genero?post=38955"},{"taxonomy":"linea","embeddable":true,"href":"https:\/\/lij.ismeduca.com\/es\/wp-json\/wp\/v2\/linea?post=38955"},{"taxonomy":"premio","embeddable":true,"href":"https:\/\/lij.ismeduca.com\/es\/wp-json\/wp\/v2\/premio?post=38955"},{"taxonomy":"proyecto-editorial","embeddable":true,"href":"https:\/\/lij.ismeduca.com\/es\/wp-json\/wp\/v2\/proyecto-editorial?post=38955"},{"taxonomy":"tipo-de-libro","embeddable":true,"href":"https:\/\/lij.ismeduca.com\/es\/wp-json\/wp\/v2\/tipo-de-libro?post=38955"},{"taxonomy":"soporte","embeddable":true,"href":"https:\/\/lij.ismeduca.com\/es\/wp-json\/wp\/v2\/soporte?post=38955"},{"taxonomy":"zona-geografica","embeddable":true,"href":"https:\/\/lij.ismeduca.com\/es\/wp-json\/wp\/v2\/zona-geografica?post=38955"},{"taxonomy":"autores","embeddable":true,"href":"https:\/\/lij.ismeduca.com\/es\/wp-json\/wp\/v2\/autores?post=38955"},{"taxonomy":"colecciones","embeddable":true,"href":"https:\/\/lij.ismeduca.com\/es\/wp-json\/wp\/v2\/colecciones?post=38955"},{"taxonomy":"personajes","embeddable":true,"href":"https:\/\/lij.ismeduca.com\/es\/wp-json\/wp\/v2\/personajes?post=38955"}],"curies":[{"name":"wp","href":"https:\/\/api.w.org\/{rel}","templated":true}]}}