{"id":3896,"date":"2019-02-07T00:00:00","date_gmt":"2024-07-11T10:01:07","guid":{"rendered":"https:\/\/lij.ismeduca.com\/tienda\/?post_type=product&#038;p=3896"},"modified":"2025-12-23T12:47:24","modified_gmt":"2025-12-23T11:47:24","slug":"jo-en-watson-i-larmari-de-la-jacqueline","status":"publish","type":"product","link":"https:\/\/lij.ismeduca.com\/es\/producto\/jo-en-watson-i-larmari-de-la-jacqueline\/","title":{"rendered":"Jo, en Watson i l&#8217;armari de la Jacqueline"},"content":{"rendered":"","protected":false},"excerpt":{"rendered":"<p><P>La Isolda ha trobat unes fotos antigues dins un llibre que li han regalat. Hi surten dues nenes petites i una dona molt misteriosa. Qui deuen ser? Ella i el seu amic Watson comencen una investigaci&#243; per esbrinar-ho i fer arribar les fotos al seu destinatari. Pel cam&#237;, descobriran una part de la hist&#242;ria del seu barri i resoldran el misteri de l&#8217;armari de la Jacqueline. <\/P><P><\/P><\/p>\n","protected":false},"featured_media":37383,"template":"","meta":{"_acf_changed":false,"inline_featured_image":false},"product_brand":[],"product_cat":[4736],"product_tag":[268,1421,493,981,2058,1420],"asignatura":[],"compania":[258],"curso":[],"idiomas":[1951],"genero":[],"linea":[250],"premio":[],"proyecto-editorial":[477],"tipo-de-libro":[249],"soporte":[2004],"zona-geografica":[],"autores":[3447,4176],"colecciones":[2293],"personajes":[],"class_list":{"0":"post-3896","1":"product","2":"type-product","3":"status-publish","4":"has-post-thumbnail","6":"product_cat-el-barco-de-vapor","7":"product_tag-amistad","8":"product_tag-barcelona-ciudad","9":"product_tag-historia","10":"product_tag-literatura-de-misterio","11":"product_tag-ntx","12":"product_tag-posguerra","13":"pa_codigo-sap-ntx","14":"compania-editorial-cruilla-s-a-es","15":"idiomas-catalan","16":"linea-narrativa","17":"proyecto-editorial-barco-de-vapor","18":"tipo-de-libro-fisico","19":"soporte-libro","20":"autores-gemma-lienas","21":"autores-marisa-morea-maria-luisa-garcia-castillo","22":"colecciones-el-barco-de-vapor-roja","24":"first","25":"instock","26":"taxable","27":"shipping-taxable","28":"purchasable","29":"product-type-simple"},"acf":{"id_catalogo":"650","shortTitle":"C-VVV.174 JO,EN WATSON I L'ARMARI DE LA","descripcion":"<P>La Isolda ha trobat unes fotos antigues dins un llibre que li han regalat. Hi surten dues nenes petites i una dona molt misteriosa. Qui deuen ser? Ella i el seu amic Watson comencen una investigaci&#243; per esbrinar-ho i fer arribar les fotos al seu destinatari. Pel cam&#237;, descobriran una part de la hist&#242;ria del seu barri i resoldran el misteri de l'armari de la Jacqueline. <\/P><P><\/P>","adjuntos":[{"id":"12","titulo":"Web","url":""},{"id":"12","titulo":"Web","url":""},{"id":"12","titulo":"Web","url":""},{"id":"12","titulo":"Web","url":""},{"id":"12","titulo":"Web","url":""},{"id":"12","titulo":"Web","url":""},{"id":"12","titulo":"Web","url":""},{"id":"12","titulo":"Web","url":""},{"id":"12","titulo":"Web","url":""},{"id":"12","titulo":"Web","url":""},{"id":"12","titulo":"Web","url":""},{"id":"12","titulo":"Web","url":""},{"id":"12","titulo":"Web","url":""},{"id":"12","titulo":"Web","url":""},{"id":"12","titulo":"Web","url":""},{"id":"12","titulo":"Web","url":""},{"id":"12","titulo":"Web","url":""},{"id":"12","titulo":"Web","url":""},{"id":"12","titulo":"Web","url":"https:\/\/www.lavanguardia.com\/vida\/20191007\/47852485742\/comunicado-aventuras-infantiles-premios-y-el-libro-salvaje-de-juan-villoro-las-apuestas-de-sm-en-liber-2019.html"},{"id":"12","titulo":"Web","url":"https:\/\/www.ccma.cat\/tv3\/super3\/superbiblioteca\/els-llibres\/mes-vuit\/"},{"id":"12","titulo":"Web","url":"https:\/\/www.ccma.cat\/tv3\/super3\/superbiblioteca\/els-llibres\/mes-vuit\/"},{"id":"12","titulo":"Web","url":"https:\/\/www.ccma.cat\/tv3\/super3\/superbiblioteca\/els-llibres\/mes-vuit\/"},{"id":"20","titulo":"Ficha del alumno","url":"https:\/\/catalogo.noe-sm.com\/medias\/ES191317-alumne.pdf?context=bWFzdGVyfHJvb3R8OTY0NDE2fGFwcGxpY2F0aW9uL3BkZnxoNDEvaGEwLzkwMzE1NjM1MDk3OTAucGRmfGMyNWM2NWNmOTg3NWM3MDY0ZGRkMWIyNmJmZmQ3MDBiODJkMzlkNDFhMmFjNWNkODZmZDY4YTQyNDBkNjNiNzU"},{"id":"21","titulo":"Ficha del profesor","url":"https:\/\/catalogo.noe-sm.com\/medias\/ES191317-profe.pdf?context=bWFzdGVyfHJvb3R8NTI1Njg4fGFwcGxpY2F0aW9uL3BkZnxoNzYvaDQxLzkwMzE1NjM1NzUzMjYucGRmfDUxOThmM2E3MTNlNTgxN2IxYjVlNTlhMWZkZTIzOTkyNDQ4NzY1ODQwZjZmMDg1NGNkOTFiMDkzYmEyNDU5MmU"}],"descriptivePhrases":[{"type":"General","text":"La Isolda i en Watson volen retornar unes fotos antigues al seu propietari misteri\u00f3s. Comen\u00e7a la investigaci\u00f3!"}],"productSap":"NTX","isbn":"9788466146029","precio_colegios":9.13,"precio_librerias":9.13,"precio_librerias_sin_cobertura":9.13,"precio_distribuidores":9.13,"fecha_disponibilidad":null,"fecha_comercial":"20190207","organizacion_venta":"CS01","datos_para_buscador":"Marisa Morea (Mar\u00eda Luisa Garc\u00eda Castillo), Gemma Lienas, El Barco de Vapor Roja, "},"yoast_head":"<!-- This site is optimized with the Yoast SEO plugin v26.6 - https:\/\/yoast.com\/wordpress\/plugins\/seo\/ -->\n<title>Jo, en Watson i l&#039;armari de la Jacqueline - Literatura SM Espa\u00f1a<\/title>\n<meta name=\"robots\" content=\"noindex, follow, max-snippet:-1, max-image-preview:large, max-video-preview:-1\" \/>\n<meta property=\"og:locale\" content=\"es_ES\" \/>\n<meta property=\"og:type\" content=\"article\" \/>\n<meta property=\"og:title\" content=\"Jo, en Watson i l&#039;armari de la Jacqueline - Literatura SM Espa\u00f1a\" \/>\n<meta property=\"og:url\" content=\"https:\/\/lij.ismeduca.com\/es\/producto\/jo-en-watson-i-larmari-de-la-jacqueline\/\" \/>\n<meta property=\"og:site_name\" content=\"Literatura SM Espa\u00f1a\" \/>\n<meta property=\"article:modified_time\" content=\"2025-12-23T11:47:24+00:00\" \/>\n<meta name=\"twitter:card\" content=\"summary_large_image\" \/>\n<script type=\"application\/ld+json\" class=\"yoast-schema-graph\">{\"@context\":\"https:\/\/schema.org\",\"@graph\":[{\"@type\":\"WebPage\",\"@id\":\"https:\/\/lij.ismeduca.com\/es\/producto\/jo-en-watson-i-larmari-de-la-jacqueline\/\",\"url\":\"https:\/\/lij.ismeduca.com\/es\/producto\/jo-en-watson-i-larmari-de-la-jacqueline\/\",\"name\":\"Jo, en Watson i l'armari de la Jacqueline - Literatura SM Espa\u00f1a\",\"isPartOf\":{\"@id\":\"https:\/\/lij.ismeduca.com\/es\/#website\"},\"primaryImageOfPage\":{\"@id\":\"https:\/\/lij.ismeduca.com\/es\/producto\/jo-en-watson-i-larmari-de-la-jacqueline\/#primaryimage\"},\"image\":{\"@id\":\"https:\/\/lij.ismeduca.com\/es\/producto\/jo-en-watson-i-larmari-de-la-jacqueline\/#primaryimage\"},\"thumbnailUrl\":\"https:\/\/lij.ismeduca.com\/es\/wp-content\/uploads\/sites\/10\/2025\/12\/3896.jpg\",\"datePublished\":\"2024-07-11T10:01:07+00:00\",\"dateModified\":\"2025-12-23T11:47:24+00:00\",\"breadcrumb\":{\"@id\":\"https:\/\/lij.ismeduca.com\/es\/producto\/jo-en-watson-i-larmari-de-la-jacqueline\/#breadcrumb\"},\"inLanguage\":\"es\",\"potentialAction\":[{\"@type\":\"ReadAction\",\"target\":[\"https:\/\/lij.ismeduca.com\/es\/producto\/jo-en-watson-i-larmari-de-la-jacqueline\/\"]}]},{\"@type\":\"ImageObject\",\"inLanguage\":\"es\",\"@id\":\"https:\/\/lij.ismeduca.com\/es\/producto\/jo-en-watson-i-larmari-de-la-jacqueline\/#primaryimage\",\"url\":\"https:\/\/lij.ismeduca.com\/es\/wp-content\/uploads\/sites\/10\/2025\/12\/3896.jpg\",\"contentUrl\":\"https:\/\/lij.ismeduca.com\/es\/wp-content\/uploads\/sites\/10\/2025\/12\/3896.jpg\",\"width\":600,\"height\":950},{\"@type\":\"BreadcrumbList\",\"@id\":\"https:\/\/lij.ismeduca.com\/es\/producto\/jo-en-watson-i-larmari-de-la-jacqueline\/#breadcrumb\",\"itemListElement\":[{\"@type\":\"ListItem\",\"position\":1,\"name\":\"Portada\",\"item\":\"https:\/\/lij.ismeduca.com\/es\/\"},{\"@type\":\"ListItem\",\"position\":2,\"name\":\"Tienda\",\"item\":\"https:\/\/lij.ismeduca.com\/es\/tienda\/\"},{\"@type\":\"ListItem\",\"position\":3,\"name\":\"Jo, en Watson i l&#8217;armari de la Jacqueline\"}]},{\"@type\":\"WebSite\",\"@id\":\"https:\/\/lij.ismeduca.com\/es\/#website\",\"url\":\"https:\/\/lij.ismeduca.com\/es\/\",\"name\":\"Literatura SM Espa\u00f1a\",\"description\":\"\",\"publisher\":{\"@id\":\"https:\/\/lij.ismeduca.com\/es\/#organization\"},\"potentialAction\":[{\"@type\":\"SearchAction\",\"target\":{\"@type\":\"EntryPoint\",\"urlTemplate\":\"https:\/\/lij.ismeduca.com\/es\/?s={search_term_string}\"},\"query-input\":{\"@type\":\"PropertyValueSpecification\",\"valueRequired\":true,\"valueName\":\"search_term_string\"}}],\"inLanguage\":\"es\"},{\"@type\":\"Organization\",\"@id\":\"https:\/\/lij.ismeduca.com\/es\/#organization\",\"name\":\"Literatura SM Espa\u00f1a\",\"url\":\"https:\/\/lij.ismeduca.com\/es\/\",\"logo\":{\"@type\":\"ImageObject\",\"inLanguage\":\"es\",\"@id\":\"https:\/\/lij.ismeduca.com\/es\/#\/schema\/logo\/image\/\",\"url\":\"https:\/\/lij.ismeduca.com\/es\/wp-content\/uploads\/sites\/10\/2024\/07\/logo-cabecera.png\",\"contentUrl\":\"https:\/\/lij.ismeduca.com\/es\/wp-content\/uploads\/sites\/10\/2024\/07\/logo-cabecera.png\",\"width\":396,\"height\":64,\"caption\":\"Literatura SM Espa\u00f1a\"},\"image\":{\"@id\":\"https:\/\/lij.ismeduca.com\/es\/#\/schema\/logo\/image\/\"}}]}<\/script>\n<!-- \/ Yoast SEO plugin. -->","yoast_head_json":{"title":"Jo, en Watson i l'armari de la Jacqueline - Literatura SM Espa\u00f1a","robots":{"index":"noindex","follow":"follow","max-snippet":"max-snippet:-1","max-image-preview":"max-image-preview:large","max-video-preview":"max-video-preview:-1"},"og_locale":"es_ES","og_type":"article","og_title":"Jo, en Watson i l'armari de la Jacqueline - Literatura SM Espa\u00f1a","og_url":"https:\/\/lij.ismeduca.com\/es\/producto\/jo-en-watson-i-larmari-de-la-jacqueline\/","og_site_name":"Literatura SM Espa\u00f1a","article_modified_time":"2025-12-23T11:47:24+00:00","twitter_card":"summary_large_image","schema":{"@context":"https:\/\/schema.org","@graph":[{"@type":"WebPage","@id":"https:\/\/lij.ismeduca.com\/es\/producto\/jo-en-watson-i-larmari-de-la-jacqueline\/","url":"https:\/\/lij.ismeduca.com\/es\/producto\/jo-en-watson-i-larmari-de-la-jacqueline\/","name":"Jo, en Watson i l'armari de la Jacqueline - Literatura SM Espa\u00f1a","isPartOf":{"@id":"https:\/\/lij.ismeduca.com\/es\/#website"},"primaryImageOfPage":{"@id":"https:\/\/lij.ismeduca.com\/es\/producto\/jo-en-watson-i-larmari-de-la-jacqueline\/#primaryimage"},"image":{"@id":"https:\/\/lij.ismeduca.com\/es\/producto\/jo-en-watson-i-larmari-de-la-jacqueline\/#primaryimage"},"thumbnailUrl":"https:\/\/lij.ismeduca.com\/es\/wp-content\/uploads\/sites\/10\/2025\/12\/3896.jpg","datePublished":"2024-07-11T10:01:07+00:00","dateModified":"2025-12-23T11:47:24+00:00","breadcrumb":{"@id":"https:\/\/lij.ismeduca.com\/es\/producto\/jo-en-watson-i-larmari-de-la-jacqueline\/#breadcrumb"},"inLanguage":"es","potentialAction":[{"@type":"ReadAction","target":["https:\/\/lij.ismeduca.com\/es\/producto\/jo-en-watson-i-larmari-de-la-jacqueline\/"]}]},{"@type":"ImageObject","inLanguage":"es","@id":"https:\/\/lij.ismeduca.com\/es\/producto\/jo-en-watson-i-larmari-de-la-jacqueline\/#primaryimage","url":"https:\/\/lij.ismeduca.com\/es\/wp-content\/uploads\/sites\/10\/2025\/12\/3896.jpg","contentUrl":"https:\/\/lij.ismeduca.com\/es\/wp-content\/uploads\/sites\/10\/2025\/12\/3896.jpg","width":600,"height":950},{"@type":"BreadcrumbList","@id":"https:\/\/lij.ismeduca.com\/es\/producto\/jo-en-watson-i-larmari-de-la-jacqueline\/#breadcrumb","itemListElement":[{"@type":"ListItem","position":1,"name":"Portada","item":"https:\/\/lij.ismeduca.com\/es\/"},{"@type":"ListItem","position":2,"name":"Tienda","item":"https:\/\/lij.ismeduca.com\/es\/tienda\/"},{"@type":"ListItem","position":3,"name":"Jo, en Watson i l&#8217;armari de la Jacqueline"}]},{"@type":"WebSite","@id":"https:\/\/lij.ismeduca.com\/es\/#website","url":"https:\/\/lij.ismeduca.com\/es\/","name":"Literatura SM Espa\u00f1a","description":"","publisher":{"@id":"https:\/\/lij.ismeduca.com\/es\/#organization"},"potentialAction":[{"@type":"SearchAction","target":{"@type":"EntryPoint","urlTemplate":"https:\/\/lij.ismeduca.com\/es\/?s={search_term_string}"},"query-input":{"@type":"PropertyValueSpecification","valueRequired":true,"valueName":"search_term_string"}}],"inLanguage":"es"},{"@type":"Organization","@id":"https:\/\/lij.ismeduca.com\/es\/#organization","name":"Literatura SM Espa\u00f1a","url":"https:\/\/lij.ismeduca.com\/es\/","logo":{"@type":"ImageObject","inLanguage":"es","@id":"https:\/\/lij.ismeduca.com\/es\/#\/schema\/logo\/image\/","url":"https:\/\/lij.ismeduca.com\/es\/wp-content\/uploads\/sites\/10\/2024\/07\/logo-cabecera.png","contentUrl":"https:\/\/lij.ismeduca.com\/es\/wp-content\/uploads\/sites\/10\/2024\/07\/logo-cabecera.png","width":396,"height":64,"caption":"Literatura SM Espa\u00f1a"},"image":{"@id":"https:\/\/lij.ismeduca.com\/es\/#\/schema\/logo\/image\/"}}]}},"_links":{"self":[{"href":"https:\/\/lij.ismeduca.com\/es\/wp-json\/wp\/v2\/product\/3896","targetHints":{"allow":["GET"]}}],"collection":[{"href":"https:\/\/lij.ismeduca.com\/es\/wp-json\/wp\/v2\/product"}],"about":[{"href":"https:\/\/lij.ismeduca.com\/es\/wp-json\/wp\/v2\/types\/product"}],"version-history":[{"count":2,"href":"https:\/\/lij.ismeduca.com\/es\/wp-json\/wp\/v2\/product\/3896\/revisions"}],"predecessor-version":[{"id":33290,"href":"https:\/\/lij.ismeduca.com\/es\/wp-json\/wp\/v2\/product\/3896\/revisions\/33290"}],"wp:featuredmedia":[{"embeddable":true,"href":"https:\/\/lij.ismeduca.com\/es\/wp-json\/wp\/v2\/media\/37383"}],"wp:attachment":[{"href":"https:\/\/lij.ismeduca.com\/es\/wp-json\/wp\/v2\/media?parent=3896"}],"wp:term":[{"taxonomy":"product_brand","embeddable":true,"href":"https:\/\/lij.ismeduca.com\/es\/wp-json\/wp\/v2\/product_brand?post=3896"},{"taxonomy":"product_cat","embeddable":true,"href":"https:\/\/lij.ismeduca.com\/es\/wp-json\/wp\/v2\/product_cat?post=3896"},{"taxonomy":"product_tag","embeddable":true,"href":"https:\/\/lij.ismeduca.com\/es\/wp-json\/wp\/v2\/product_tag?post=3896"},{"taxonomy":"asignatura","embeddable":true,"href":"https:\/\/lij.ismeduca.com\/es\/wp-json\/wp\/v2\/asignatura?post=3896"},{"taxonomy":"compania","embeddable":true,"href":"https:\/\/lij.ismeduca.com\/es\/wp-json\/wp\/v2\/compania?post=3896"},{"taxonomy":"curso","embeddable":true,"href":"https:\/\/lij.ismeduca.com\/es\/wp-json\/wp\/v2\/curso?post=3896"},{"taxonomy":"idiomas","embeddable":true,"href":"https:\/\/lij.ismeduca.com\/es\/wp-json\/wp\/v2\/idiomas?post=3896"},{"taxonomy":"genero","embeddable":true,"href":"https:\/\/lij.ismeduca.com\/es\/wp-json\/wp\/v2\/genero?post=3896"},{"taxonomy":"linea","embeddable":true,"href":"https:\/\/lij.ismeduca.com\/es\/wp-json\/wp\/v2\/linea?post=3896"},{"taxonomy":"premio","embeddable":true,"href":"https:\/\/lij.ismeduca.com\/es\/wp-json\/wp\/v2\/premio?post=3896"},{"taxonomy":"proyecto-editorial","embeddable":true,"href":"https:\/\/lij.ismeduca.com\/es\/wp-json\/wp\/v2\/proyecto-editorial?post=3896"},{"taxonomy":"tipo-de-libro","embeddable":true,"href":"https:\/\/lij.ismeduca.com\/es\/wp-json\/wp\/v2\/tipo-de-libro?post=3896"},{"taxonomy":"soporte","embeddable":true,"href":"https:\/\/lij.ismeduca.com\/es\/wp-json\/wp\/v2\/soporte?post=3896"},{"taxonomy":"zona-geografica","embeddable":true,"href":"https:\/\/lij.ismeduca.com\/es\/wp-json\/wp\/v2\/zona-geografica?post=3896"},{"taxonomy":"autores","embeddable":true,"href":"https:\/\/lij.ismeduca.com\/es\/wp-json\/wp\/v2\/autores?post=3896"},{"taxonomy":"colecciones","embeddable":true,"href":"https:\/\/lij.ismeduca.com\/es\/wp-json\/wp\/v2\/colecciones?post=3896"},{"taxonomy":"personajes","embeddable":true,"href":"https:\/\/lij.ismeduca.com\/es\/wp-json\/wp\/v2\/personajes?post=3896"}],"curies":[{"name":"wp","href":"https:\/\/api.w.org\/{rel}","templated":true}]}}