{"id":38969,"date":"2025-12-23T10:16:53","date_gmt":"2025-12-23T09:16:53","guid":{"rendered":"https:\/\/lij.ismeduca.com\/es\/?post_type=product&#038;p=38969"},"modified":"2025-12-23T13:12:28","modified_gmt":"2025-12-23T12:12:28","slug":"lot-de-la-pel%c2%b7licula-els-futbolissims","status":"publish","type":"product","link":"https:\/\/lij.ismeduca.com\/es\/producto\/lot-de-la-pel%c2%b7licula-els-futbolissims\/","title":{"rendered":"Lot de la pel\u00b7l\u00edcula Els Futbol\u00edssims"},"content":{"rendered":"","protected":false},"excerpt":{"rendered":"<p>Els jugadors del Pla de Dalt es fan un fart de&nbsp;resoldre misteris, i ho fan molt b\u00e9! Per alguna cosa s\u00f3n Els Futbol\u00edssims.&nbsp;<\/p>\n<p>Pack amb dos llibres de la col\u00b7lecci\u00f3 Els Futbol\u00edssims:&nbsp;<\/p>\n<p>Els Futbol\u00edssims 1. El misteri dels \u00e0rbitres adormits<br \/>\nEls Futbol\u00edssims 10. El misteri del tresor pirata&nbsp;<\/p>\n","protected":false},"featured_media":38976,"template":"","meta":{"_acf_changed":false,"inline_featured_image":false},"product_brand":[],"product_cat":[4732],"product_tag":[268,331,1233,1001,253,298,2058,704,354],"asignatura":[],"compania":[258],"curso":[],"idiomas":[1951],"genero":[256],"linea":[250],"premio":[],"proyecto-editorial":[323],"tipo-de-libro":[249],"soporte":[2004],"zona-geografica":[],"autores":[4217,4387,4216],"colecciones":[2300],"personajes":[],"class_list":{"0":"post-38969","1":"product","2":"type-product","3":"status-publish","4":"has-post-thumbnail","6":"product_cat-los-futbolisimos","7":"product_tag-amistad","8":"product_tag-comics","9":"product_tag-educacion-fisica-y-deporte","10":"product_tag-futbol","11":"product_tag-literatura-de-humor","12":"product_tag-literatura-infantil","13":"product_tag-ntx","14":"product_tag-primer-amor","15":"product_tag-trabajo-en-equipo","16":"pa_codigo-sap-ntx","17":"compania-editorial-cruilla-s-a-es","18":"idiomas-catalan","19":"genero-humor","20":"linea-narrativa","21":"proyecto-editorial-6-12","22":"tipo-de-libro-fisico","23":"soporte-libro","24":"autores-carles-lluch","25":"autores-josep-sampere-i-marti","26":"autores-roberto-santiago","27":"colecciones-els-futbolissims","29":"first","30":"instock","31":"taxable","32":"shipping-taxable","33":"purchasable","34":"product-type-simple"},"acf":{"id_catalogo":"650","shortTitle":"C-EF.LOT PELLICULA FUTBOLISSIMS","descripcion":"<p>Els jugadors del Pla de Dalt es fan un fart de&nbsp;resoldre misteris, i ho fan molt b\u00e9! Per alguna cosa s\u00f3n Els Futbol\u00edssims.&nbsp;<\/p>\n<p>Pack amb dos llibres de la col\u00b7lecci\u00f3 Els Futbol\u00edssims:&nbsp;<\/p>\n<p>Els Futbol\u00edssims 1. El misteri dels \u00e0rbitres adormits<br \/>\nEls Futbol\u00edssims 10. El misteri del tresor pirata&nbsp;<\/p>","adjuntos":null,"descriptivePhrases":[{"type":"General","text":"Pack amb dos llibres de la col\u00b7lecci\u00f3 Els Futbol\u00edssims, el primer llibre de la col\u00b7lecci\u00f3 i el de la nova pel\u00b7l\u00edcula d'Els Futbol\u00edssims. "}],"productSap":"NTX","isbn":"9788466158695","precio_colegios":24.04,"precio_librerias":24.04,"precio_librerias_sin_cobertura":24.04,"precio_distribuidores":24.04,"fecha_disponibilidad":null,"fecha_comercial":"20250708","organizacion_venta":"","datos_para_buscador":"Carles Lluch, Josep Sampere i Mart\u00ed, Roberto Santiago, Els Futbol\u00edssims, "},"yoast_head":"<!-- This site is optimized with the Yoast SEO plugin v26.6 - https:\/\/yoast.com\/wordpress\/plugins\/seo\/ -->\n<title>Lot de la pel\u00b7l\u00edcula Els Futbol\u00edssims - Literatura SM Espa\u00f1a<\/title>\n<meta name=\"robots\" content=\"noindex, follow, max-snippet:-1, max-image-preview:large, max-video-preview:-1\" \/>\n<meta property=\"og:locale\" content=\"es_ES\" \/>\n<meta property=\"og:type\" content=\"article\" \/>\n<meta property=\"og:title\" content=\"Lot de la pel\u00b7l\u00edcula Els Futbol\u00edssims - Literatura SM Espa\u00f1a\" \/>\n<meta property=\"og:url\" content=\"https:\/\/lij.ismeduca.com\/es\/?post_type=product&amp;p=38969\" \/>\n<meta property=\"og:site_name\" content=\"Literatura SM Espa\u00f1a\" \/>\n<meta property=\"article:modified_time\" content=\"2025-12-23T12:12:28+00:00\" \/>\n<meta name=\"twitter:card\" content=\"summary_large_image\" \/>\n<script type=\"application\/ld+json\" class=\"yoast-schema-graph\">{\"@context\":\"https:\/\/schema.org\",\"@graph\":[{\"@type\":\"WebPage\",\"@id\":\"https:\/\/lij.ismeduca.com\/es\/?post_type=product&p=38969\",\"url\":\"https:\/\/lij.ismeduca.com\/es\/?post_type=product&p=38969\",\"name\":\"Lot de la pel\u00b7l\u00edcula Els Futbol\u00edssims - Literatura SM Espa\u00f1a\",\"isPartOf\":{\"@id\":\"https:\/\/lij.ismeduca.com\/es\/#website\"},\"primaryImageOfPage\":{\"@id\":\"https:\/\/lij.ismeduca.com\/es\/?post_type=product&p=38969#primaryimage\"},\"image\":{\"@id\":\"https:\/\/lij.ismeduca.com\/es\/?post_type=product&p=38969#primaryimage\"},\"thumbnailUrl\":\"https:\/\/lij.ismeduca.com\/es\/wp-content\/uploads\/sites\/10\/2025\/12\/38969.jpg\",\"datePublished\":\"2025-12-23T09:16:53+00:00\",\"dateModified\":\"2025-12-23T12:12:28+00:00\",\"breadcrumb\":{\"@id\":\"https:\/\/lij.ismeduca.com\/es\/?post_type=product&p=38969#breadcrumb\"},\"inLanguage\":\"es\",\"potentialAction\":[{\"@type\":\"ReadAction\",\"target\":[\"https:\/\/lij.ismeduca.com\/es\/?post_type=product&p=38969\"]}]},{\"@type\":\"ImageObject\",\"inLanguage\":\"es\",\"@id\":\"https:\/\/lij.ismeduca.com\/es\/?post_type=product&p=38969#primaryimage\",\"url\":\"https:\/\/lij.ismeduca.com\/es\/wp-content\/uploads\/sites\/10\/2025\/12\/38969.jpg\",\"contentUrl\":\"https:\/\/lij.ismeduca.com\/es\/wp-content\/uploads\/sites\/10\/2025\/12\/38969.jpg\",\"width\":600,\"height\":438},{\"@type\":\"BreadcrumbList\",\"@id\":\"https:\/\/lij.ismeduca.com\/es\/?post_type=product&p=38969#breadcrumb\",\"itemListElement\":[{\"@type\":\"ListItem\",\"position\":1,\"name\":\"Portada\",\"item\":\"https:\/\/lij.ismeduca.com\/es\/\"},{\"@type\":\"ListItem\",\"position\":2,\"name\":\"Tienda\",\"item\":\"https:\/\/lij.ismeduca.com\/es\/tienda\/\"},{\"@type\":\"ListItem\",\"position\":3,\"name\":\"Lot de la pel\u00b7l\u00edcula Els Futbol\u00edssims\"}]},{\"@type\":\"WebSite\",\"@id\":\"https:\/\/lij.ismeduca.com\/es\/#website\",\"url\":\"https:\/\/lij.ismeduca.com\/es\/\",\"name\":\"Literatura SM Espa\u00f1a\",\"description\":\"\",\"publisher\":{\"@id\":\"https:\/\/lij.ismeduca.com\/es\/#organization\"},\"potentialAction\":[{\"@type\":\"SearchAction\",\"target\":{\"@type\":\"EntryPoint\",\"urlTemplate\":\"https:\/\/lij.ismeduca.com\/es\/?s={search_term_string}\"},\"query-input\":{\"@type\":\"PropertyValueSpecification\",\"valueRequired\":true,\"valueName\":\"search_term_string\"}}],\"inLanguage\":\"es\"},{\"@type\":\"Organization\",\"@id\":\"https:\/\/lij.ismeduca.com\/es\/#organization\",\"name\":\"Literatura SM Espa\u00f1a\",\"url\":\"https:\/\/lij.ismeduca.com\/es\/\",\"logo\":{\"@type\":\"ImageObject\",\"inLanguage\":\"es\",\"@id\":\"https:\/\/lij.ismeduca.com\/es\/#\/schema\/logo\/image\/\",\"url\":\"https:\/\/lij.ismeduca.com\/es\/wp-content\/uploads\/sites\/10\/2024\/07\/logo-cabecera.png\",\"contentUrl\":\"https:\/\/lij.ismeduca.com\/es\/wp-content\/uploads\/sites\/10\/2024\/07\/logo-cabecera.png\",\"width\":396,\"height\":64,\"caption\":\"Literatura SM Espa\u00f1a\"},\"image\":{\"@id\":\"https:\/\/lij.ismeduca.com\/es\/#\/schema\/logo\/image\/\"}}]}<\/script>\n<!-- \/ Yoast SEO plugin. -->","yoast_head_json":{"title":"Lot de la pel\u00b7l\u00edcula Els Futbol\u00edssims - Literatura SM Espa\u00f1a","robots":{"index":"noindex","follow":"follow","max-snippet":"max-snippet:-1","max-image-preview":"max-image-preview:large","max-video-preview":"max-video-preview:-1"},"og_locale":"es_ES","og_type":"article","og_title":"Lot de la pel\u00b7l\u00edcula Els Futbol\u00edssims - Literatura SM Espa\u00f1a","og_url":"https:\/\/lij.ismeduca.com\/es\/?post_type=product&p=38969","og_site_name":"Literatura SM Espa\u00f1a","article_modified_time":"2025-12-23T12:12:28+00:00","twitter_card":"summary_large_image","schema":{"@context":"https:\/\/schema.org","@graph":[{"@type":"WebPage","@id":"https:\/\/lij.ismeduca.com\/es\/?post_type=product&p=38969","url":"https:\/\/lij.ismeduca.com\/es\/?post_type=product&p=38969","name":"Lot de la pel\u00b7l\u00edcula Els Futbol\u00edssims - Literatura SM Espa\u00f1a","isPartOf":{"@id":"https:\/\/lij.ismeduca.com\/es\/#website"},"primaryImageOfPage":{"@id":"https:\/\/lij.ismeduca.com\/es\/?post_type=product&p=38969#primaryimage"},"image":{"@id":"https:\/\/lij.ismeduca.com\/es\/?post_type=product&p=38969#primaryimage"},"thumbnailUrl":"https:\/\/lij.ismeduca.com\/es\/wp-content\/uploads\/sites\/10\/2025\/12\/38969.jpg","datePublished":"2025-12-23T09:16:53+00:00","dateModified":"2025-12-23T12:12:28+00:00","breadcrumb":{"@id":"https:\/\/lij.ismeduca.com\/es\/?post_type=product&p=38969#breadcrumb"},"inLanguage":"es","potentialAction":[{"@type":"ReadAction","target":["https:\/\/lij.ismeduca.com\/es\/?post_type=product&p=38969"]}]},{"@type":"ImageObject","inLanguage":"es","@id":"https:\/\/lij.ismeduca.com\/es\/?post_type=product&p=38969#primaryimage","url":"https:\/\/lij.ismeduca.com\/es\/wp-content\/uploads\/sites\/10\/2025\/12\/38969.jpg","contentUrl":"https:\/\/lij.ismeduca.com\/es\/wp-content\/uploads\/sites\/10\/2025\/12\/38969.jpg","width":600,"height":438},{"@type":"BreadcrumbList","@id":"https:\/\/lij.ismeduca.com\/es\/?post_type=product&p=38969#breadcrumb","itemListElement":[{"@type":"ListItem","position":1,"name":"Portada","item":"https:\/\/lij.ismeduca.com\/es\/"},{"@type":"ListItem","position":2,"name":"Tienda","item":"https:\/\/lij.ismeduca.com\/es\/tienda\/"},{"@type":"ListItem","position":3,"name":"Lot de la pel\u00b7l\u00edcula Els Futbol\u00edssims"}]},{"@type":"WebSite","@id":"https:\/\/lij.ismeduca.com\/es\/#website","url":"https:\/\/lij.ismeduca.com\/es\/","name":"Literatura SM Espa\u00f1a","description":"","publisher":{"@id":"https:\/\/lij.ismeduca.com\/es\/#organization"},"potentialAction":[{"@type":"SearchAction","target":{"@type":"EntryPoint","urlTemplate":"https:\/\/lij.ismeduca.com\/es\/?s={search_term_string}"},"query-input":{"@type":"PropertyValueSpecification","valueRequired":true,"valueName":"search_term_string"}}],"inLanguage":"es"},{"@type":"Organization","@id":"https:\/\/lij.ismeduca.com\/es\/#organization","name":"Literatura SM Espa\u00f1a","url":"https:\/\/lij.ismeduca.com\/es\/","logo":{"@type":"ImageObject","inLanguage":"es","@id":"https:\/\/lij.ismeduca.com\/es\/#\/schema\/logo\/image\/","url":"https:\/\/lij.ismeduca.com\/es\/wp-content\/uploads\/sites\/10\/2024\/07\/logo-cabecera.png","contentUrl":"https:\/\/lij.ismeduca.com\/es\/wp-content\/uploads\/sites\/10\/2024\/07\/logo-cabecera.png","width":396,"height":64,"caption":"Literatura SM Espa\u00f1a"},"image":{"@id":"https:\/\/lij.ismeduca.com\/es\/#\/schema\/logo\/image\/"}}]}},"_links":{"self":[{"href":"https:\/\/lij.ismeduca.com\/es\/wp-json\/wp\/v2\/product\/38969","targetHints":{"allow":["GET"]}}],"collection":[{"href":"https:\/\/lij.ismeduca.com\/es\/wp-json\/wp\/v2\/product"}],"about":[{"href":"https:\/\/lij.ismeduca.com\/es\/wp-json\/wp\/v2\/types\/product"}],"version-history":[{"count":2,"href":"https:\/\/lij.ismeduca.com\/es\/wp-json\/wp\/v2\/product\/38969\/revisions"}],"predecessor-version":[{"id":38978,"href":"https:\/\/lij.ismeduca.com\/es\/wp-json\/wp\/v2\/product\/38969\/revisions\/38978"}],"wp:featuredmedia":[{"embeddable":true,"href":"https:\/\/lij.ismeduca.com\/es\/wp-json\/wp\/v2\/media\/38976"}],"wp:attachment":[{"href":"https:\/\/lij.ismeduca.com\/es\/wp-json\/wp\/v2\/media?parent=38969"}],"wp:term":[{"taxonomy":"product_brand","embeddable":true,"href":"https:\/\/lij.ismeduca.com\/es\/wp-json\/wp\/v2\/product_brand?post=38969"},{"taxonomy":"product_cat","embeddable":true,"href":"https:\/\/lij.ismeduca.com\/es\/wp-json\/wp\/v2\/product_cat?post=38969"},{"taxonomy":"product_tag","embeddable":true,"href":"https:\/\/lij.ismeduca.com\/es\/wp-json\/wp\/v2\/product_tag?post=38969"},{"taxonomy":"asignatura","embeddable":true,"href":"https:\/\/lij.ismeduca.com\/es\/wp-json\/wp\/v2\/asignatura?post=38969"},{"taxonomy":"compania","embeddable":true,"href":"https:\/\/lij.ismeduca.com\/es\/wp-json\/wp\/v2\/compania?post=38969"},{"taxonomy":"curso","embeddable":true,"href":"https:\/\/lij.ismeduca.com\/es\/wp-json\/wp\/v2\/curso?post=38969"},{"taxonomy":"idiomas","embeddable":true,"href":"https:\/\/lij.ismeduca.com\/es\/wp-json\/wp\/v2\/idiomas?post=38969"},{"taxonomy":"genero","embeddable":true,"href":"https:\/\/lij.ismeduca.com\/es\/wp-json\/wp\/v2\/genero?post=38969"},{"taxonomy":"linea","embeddable":true,"href":"https:\/\/lij.ismeduca.com\/es\/wp-json\/wp\/v2\/linea?post=38969"},{"taxonomy":"premio","embeddable":true,"href":"https:\/\/lij.ismeduca.com\/es\/wp-json\/wp\/v2\/premio?post=38969"},{"taxonomy":"proyecto-editorial","embeddable":true,"href":"https:\/\/lij.ismeduca.com\/es\/wp-json\/wp\/v2\/proyecto-editorial?post=38969"},{"taxonomy":"tipo-de-libro","embeddable":true,"href":"https:\/\/lij.ismeduca.com\/es\/wp-json\/wp\/v2\/tipo-de-libro?post=38969"},{"taxonomy":"soporte","embeddable":true,"href":"https:\/\/lij.ismeduca.com\/es\/wp-json\/wp\/v2\/soporte?post=38969"},{"taxonomy":"zona-geografica","embeddable":true,"href":"https:\/\/lij.ismeduca.com\/es\/wp-json\/wp\/v2\/zona-geografica?post=38969"},{"taxonomy":"autores","embeddable":true,"href":"https:\/\/lij.ismeduca.com\/es\/wp-json\/wp\/v2\/autores?post=38969"},{"taxonomy":"colecciones","embeddable":true,"href":"https:\/\/lij.ismeduca.com\/es\/wp-json\/wp\/v2\/colecciones?post=38969"},{"taxonomy":"personajes","embeddable":true,"href":"https:\/\/lij.ismeduca.com\/es\/wp-json\/wp\/v2\/personajes?post=38969"}],"curies":[{"name":"wp","href":"https:\/\/api.w.org\/{rel}","templated":true}]}}