{"id":39006,"date":"2025-12-23T10:20:09","date_gmt":"2025-12-23T09:20:09","guid":{"rendered":"https:\/\/lij.ismeduca.com\/es\/?post_type=product&#038;p=39006"},"modified":"2025-12-23T13:11:43","modified_gmt":"2025-12-23T12:11:43","slug":"el-laberint-cibernetic","status":"publish","type":"product","link":"https:\/\/lij.ismeduca.com\/es\/producto\/el-laberint-cibernetic\/","title":{"rendered":"El laberint cibern\u00e8tic"},"content":{"rendered":"","protected":false},"excerpt":{"rendered":"<p>La torre enorme d&#8217;un vell ordinador, negra i plena de cables, sembla una cova electr\u00f2nica. I a dins hi ha un munt de brossa inform\u00e0tica! La Tina diu que no hi pot entrar ning\u00fa, per\u00f2 quan el rei Brut fa m\u00e0gia amb el seu b\u00e0cul&#8230;, tots apareixen a la pantalla de l\u2019ordinador! Aconseguiran sortir d&#8217;aquest laberint?<\/p>\n<p>El Ro \u00e9s l&#8217;\u00fanic brut que defensa la natura amb gr\u00e0cia i cura. I amb l&#8217;ajuda de la Tina, la seva amiga humana!<\/p>\n","protected":false},"featured_media":39028,"template":"","meta":{"_acf_changed":false,"inline_featured_image":false},"product_brand":[],"product_cat":[4736],"product_tag":[1061,290,297,253,2058,1029],"asignatura":[],"compania":[258],"curso":[],"idiomas":[1951],"genero":[256],"linea":[250],"premio":[],"proyecto-editorial":[477],"tipo-de-libro":[249],"soporte":[2004],"zona-geografica":[],"autores":[3749,2622,4233],"colecciones":[2396],"personajes":[],"class_list":{"0":"post-39006","1":"product","2":"type-product","3":"status-publish","4":"has-post-thumbnail","6":"product_cat-el-barco-de-vapor","7":"product_tag-informatica","8":"product_tag-letra-imprenta","9":"product_tag-literatura-de-aventuras","10":"product_tag-literatura-de-humor","11":"product_tag-ntx","12":"product_tag-ordenadores","13":"pa_codigo-sap-ntx","14":"compania-editorial-cruilla-s-a-es","15":"idiomas-catalan","16":"genero-humor","17":"linea-narrativa","18":"proyecto-editorial-barco-de-vapor","19":"tipo-de-libro-fisico","20":"soporte-libro","21":"autores-alejandro-villen-real","22":"autores-helena-porras-graell","23":"autores-patricia-garcia-rojo-canton","24":"colecciones-el-barco-de-vapor-blanca","26":"first","27":"instock","28":"taxable","29":"shipping-taxable","30":"purchasable","31":"product-type-simple"},"acf":{"id_catalogo":"650","shortTitle":"C-VVBL.133 EL LABERINT CIBERNETIC","descripcion":"<p>La torre enorme d'un vell ordinador, negra i plena de cables, sembla una cova electr\u00f2nica. I a dins hi ha un munt de brossa inform\u00e0tica! La Tina diu que no hi pot entrar ning\u00fa, per\u00f2 quan el rei Brut fa m\u00e0gia amb el seu b\u00e0cul..., tots apareixen a la pantalla de l\u2019ordinador! Aconseguiran sortir d'aquest laberint?<\/p>\n<p>El Ro \u00e9s l'\u00fanic brut que defensa la natura amb gr\u00e0cia i cura. I amb l'ajuda de la Tina, la seva amiga humana!<\/p>","adjuntos":null,"descriptivePhrases":[{"type":"General","text":"Una altra aventura dels bruts, aquest cop al misteri\u00f3s laberint de la inform\u00e0tica."}],"productSap":"NTX","isbn":"9788466158749","precio_colegios":8.17,"precio_librerias":8.17,"precio_librerias_sin_cobertura":8.17,"precio_distribuidores":8.17,"fecha_disponibilidad":null,"fecha_comercial":"20250605","organizacion_venta":"","datos_para_buscador":"Alejandro Vill\u00e9n Real, Helena Porras Graell, Patricia Garc\u00eda-Rojo Cant\u00f3n, El Barco de Vapor Blanca, "},"yoast_head":"<!-- This site is optimized with the Yoast SEO plugin v26.6 - https:\/\/yoast.com\/wordpress\/plugins\/seo\/ -->\n<title>El laberint cibern\u00e8tic - Literatura SM Espa\u00f1a<\/title>\n<meta name=\"robots\" content=\"noindex, follow, max-snippet:-1, max-image-preview:large, max-video-preview:-1\" \/>\n<meta property=\"og:locale\" content=\"es_ES\" \/>\n<meta property=\"og:type\" content=\"article\" \/>\n<meta property=\"og:title\" content=\"El laberint cibern\u00e8tic - Literatura SM Espa\u00f1a\" \/>\n<meta property=\"og:url\" content=\"https:\/\/lij.ismeduca.com\/es\/?post_type=product&amp;p=39006\" \/>\n<meta property=\"og:site_name\" content=\"Literatura SM Espa\u00f1a\" \/>\n<meta property=\"article:modified_time\" content=\"2025-12-23T12:11:43+00:00\" \/>\n<meta name=\"twitter:card\" content=\"summary_large_image\" \/>\n<script type=\"application\/ld+json\" class=\"yoast-schema-graph\">{\"@context\":\"https:\/\/schema.org\",\"@graph\":[{\"@type\":\"WebPage\",\"@id\":\"https:\/\/lij.ismeduca.com\/es\/?post_type=product&p=39006\",\"url\":\"https:\/\/lij.ismeduca.com\/es\/?post_type=product&p=39006\",\"name\":\"El laberint cibern\u00e8tic - Literatura SM Espa\u00f1a\",\"isPartOf\":{\"@id\":\"https:\/\/lij.ismeduca.com\/es\/#website\"},\"primaryImageOfPage\":{\"@id\":\"https:\/\/lij.ismeduca.com\/es\/?post_type=product&p=39006#primaryimage\"},\"image\":{\"@id\":\"https:\/\/lij.ismeduca.com\/es\/?post_type=product&p=39006#primaryimage\"},\"thumbnailUrl\":\"https:\/\/lij.ismeduca.com\/es\/wp-content\/uploads\/sites\/10\/2025\/12\/39006.jpg\",\"datePublished\":\"2025-12-23T09:20:09+00:00\",\"dateModified\":\"2025-12-23T12:11:43+00:00\",\"breadcrumb\":{\"@id\":\"https:\/\/lij.ismeduca.com\/es\/?post_type=product&p=39006#breadcrumb\"},\"inLanguage\":\"es\",\"potentialAction\":[{\"@type\":\"ReadAction\",\"target\":[\"https:\/\/lij.ismeduca.com\/es\/?post_type=product&p=39006\"]}]},{\"@type\":\"ImageObject\",\"inLanguage\":\"es\",\"@id\":\"https:\/\/lij.ismeduca.com\/es\/?post_type=product&p=39006#primaryimage\",\"url\":\"https:\/\/lij.ismeduca.com\/es\/wp-content\/uploads\/sites\/10\/2025\/12\/39006.jpg\",\"contentUrl\":\"https:\/\/lij.ismeduca.com\/es\/wp-content\/uploads\/sites\/10\/2025\/12\/39006.jpg\",\"width\":600,\"height\":895},{\"@type\":\"BreadcrumbList\",\"@id\":\"https:\/\/lij.ismeduca.com\/es\/?post_type=product&p=39006#breadcrumb\",\"itemListElement\":[{\"@type\":\"ListItem\",\"position\":1,\"name\":\"Portada\",\"item\":\"https:\/\/lij.ismeduca.com\/es\/\"},{\"@type\":\"ListItem\",\"position\":2,\"name\":\"Tienda\",\"item\":\"https:\/\/lij.ismeduca.com\/es\/tienda\/\"},{\"@type\":\"ListItem\",\"position\":3,\"name\":\"El laberint cibern\u00e8tic\"}]},{\"@type\":\"WebSite\",\"@id\":\"https:\/\/lij.ismeduca.com\/es\/#website\",\"url\":\"https:\/\/lij.ismeduca.com\/es\/\",\"name\":\"Literatura SM Espa\u00f1a\",\"description\":\"\",\"publisher\":{\"@id\":\"https:\/\/lij.ismeduca.com\/es\/#organization\"},\"potentialAction\":[{\"@type\":\"SearchAction\",\"target\":{\"@type\":\"EntryPoint\",\"urlTemplate\":\"https:\/\/lij.ismeduca.com\/es\/?s={search_term_string}\"},\"query-input\":{\"@type\":\"PropertyValueSpecification\",\"valueRequired\":true,\"valueName\":\"search_term_string\"}}],\"inLanguage\":\"es\"},{\"@type\":\"Organization\",\"@id\":\"https:\/\/lij.ismeduca.com\/es\/#organization\",\"name\":\"Literatura SM Espa\u00f1a\",\"url\":\"https:\/\/lij.ismeduca.com\/es\/\",\"logo\":{\"@type\":\"ImageObject\",\"inLanguage\":\"es\",\"@id\":\"https:\/\/lij.ismeduca.com\/es\/#\/schema\/logo\/image\/\",\"url\":\"https:\/\/lij.ismeduca.com\/es\/wp-content\/uploads\/sites\/10\/2024\/07\/logo-cabecera.png\",\"contentUrl\":\"https:\/\/lij.ismeduca.com\/es\/wp-content\/uploads\/sites\/10\/2024\/07\/logo-cabecera.png\",\"width\":396,\"height\":64,\"caption\":\"Literatura SM Espa\u00f1a\"},\"image\":{\"@id\":\"https:\/\/lij.ismeduca.com\/es\/#\/schema\/logo\/image\/\"}}]}<\/script>\n<!-- \/ Yoast SEO plugin. -->","yoast_head_json":{"title":"El laberint cibern\u00e8tic - Literatura SM Espa\u00f1a","robots":{"index":"noindex","follow":"follow","max-snippet":"max-snippet:-1","max-image-preview":"max-image-preview:large","max-video-preview":"max-video-preview:-1"},"og_locale":"es_ES","og_type":"article","og_title":"El laberint cibern\u00e8tic - Literatura SM Espa\u00f1a","og_url":"https:\/\/lij.ismeduca.com\/es\/?post_type=product&p=39006","og_site_name":"Literatura SM Espa\u00f1a","article_modified_time":"2025-12-23T12:11:43+00:00","twitter_card":"summary_large_image","schema":{"@context":"https:\/\/schema.org","@graph":[{"@type":"WebPage","@id":"https:\/\/lij.ismeduca.com\/es\/?post_type=product&p=39006","url":"https:\/\/lij.ismeduca.com\/es\/?post_type=product&p=39006","name":"El laberint cibern\u00e8tic - Literatura SM Espa\u00f1a","isPartOf":{"@id":"https:\/\/lij.ismeduca.com\/es\/#website"},"primaryImageOfPage":{"@id":"https:\/\/lij.ismeduca.com\/es\/?post_type=product&p=39006#primaryimage"},"image":{"@id":"https:\/\/lij.ismeduca.com\/es\/?post_type=product&p=39006#primaryimage"},"thumbnailUrl":"https:\/\/lij.ismeduca.com\/es\/wp-content\/uploads\/sites\/10\/2025\/12\/39006.jpg","datePublished":"2025-12-23T09:20:09+00:00","dateModified":"2025-12-23T12:11:43+00:00","breadcrumb":{"@id":"https:\/\/lij.ismeduca.com\/es\/?post_type=product&p=39006#breadcrumb"},"inLanguage":"es","potentialAction":[{"@type":"ReadAction","target":["https:\/\/lij.ismeduca.com\/es\/?post_type=product&p=39006"]}]},{"@type":"ImageObject","inLanguage":"es","@id":"https:\/\/lij.ismeduca.com\/es\/?post_type=product&p=39006#primaryimage","url":"https:\/\/lij.ismeduca.com\/es\/wp-content\/uploads\/sites\/10\/2025\/12\/39006.jpg","contentUrl":"https:\/\/lij.ismeduca.com\/es\/wp-content\/uploads\/sites\/10\/2025\/12\/39006.jpg","width":600,"height":895},{"@type":"BreadcrumbList","@id":"https:\/\/lij.ismeduca.com\/es\/?post_type=product&p=39006#breadcrumb","itemListElement":[{"@type":"ListItem","position":1,"name":"Portada","item":"https:\/\/lij.ismeduca.com\/es\/"},{"@type":"ListItem","position":2,"name":"Tienda","item":"https:\/\/lij.ismeduca.com\/es\/tienda\/"},{"@type":"ListItem","position":3,"name":"El laberint cibern\u00e8tic"}]},{"@type":"WebSite","@id":"https:\/\/lij.ismeduca.com\/es\/#website","url":"https:\/\/lij.ismeduca.com\/es\/","name":"Literatura SM Espa\u00f1a","description":"","publisher":{"@id":"https:\/\/lij.ismeduca.com\/es\/#organization"},"potentialAction":[{"@type":"SearchAction","target":{"@type":"EntryPoint","urlTemplate":"https:\/\/lij.ismeduca.com\/es\/?s={search_term_string}"},"query-input":{"@type":"PropertyValueSpecification","valueRequired":true,"valueName":"search_term_string"}}],"inLanguage":"es"},{"@type":"Organization","@id":"https:\/\/lij.ismeduca.com\/es\/#organization","name":"Literatura SM Espa\u00f1a","url":"https:\/\/lij.ismeduca.com\/es\/","logo":{"@type":"ImageObject","inLanguage":"es","@id":"https:\/\/lij.ismeduca.com\/es\/#\/schema\/logo\/image\/","url":"https:\/\/lij.ismeduca.com\/es\/wp-content\/uploads\/sites\/10\/2024\/07\/logo-cabecera.png","contentUrl":"https:\/\/lij.ismeduca.com\/es\/wp-content\/uploads\/sites\/10\/2024\/07\/logo-cabecera.png","width":396,"height":64,"caption":"Literatura SM Espa\u00f1a"},"image":{"@id":"https:\/\/lij.ismeduca.com\/es\/#\/schema\/logo\/image\/"}}]}},"_links":{"self":[{"href":"https:\/\/lij.ismeduca.com\/es\/wp-json\/wp\/v2\/product\/39006","targetHints":{"allow":["GET"]}}],"collection":[{"href":"https:\/\/lij.ismeduca.com\/es\/wp-json\/wp\/v2\/product"}],"about":[{"href":"https:\/\/lij.ismeduca.com\/es\/wp-json\/wp\/v2\/types\/product"}],"version-history":[{"count":2,"href":"https:\/\/lij.ismeduca.com\/es\/wp-json\/wp\/v2\/product\/39006\/revisions"}],"predecessor-version":[{"id":39030,"href":"https:\/\/lij.ismeduca.com\/es\/wp-json\/wp\/v2\/product\/39006\/revisions\/39030"}],"wp:featuredmedia":[{"embeddable":true,"href":"https:\/\/lij.ismeduca.com\/es\/wp-json\/wp\/v2\/media\/39028"}],"wp:attachment":[{"href":"https:\/\/lij.ismeduca.com\/es\/wp-json\/wp\/v2\/media?parent=39006"}],"wp:term":[{"taxonomy":"product_brand","embeddable":true,"href":"https:\/\/lij.ismeduca.com\/es\/wp-json\/wp\/v2\/product_brand?post=39006"},{"taxonomy":"product_cat","embeddable":true,"href":"https:\/\/lij.ismeduca.com\/es\/wp-json\/wp\/v2\/product_cat?post=39006"},{"taxonomy":"product_tag","embeddable":true,"href":"https:\/\/lij.ismeduca.com\/es\/wp-json\/wp\/v2\/product_tag?post=39006"},{"taxonomy":"asignatura","embeddable":true,"href":"https:\/\/lij.ismeduca.com\/es\/wp-json\/wp\/v2\/asignatura?post=39006"},{"taxonomy":"compania","embeddable":true,"href":"https:\/\/lij.ismeduca.com\/es\/wp-json\/wp\/v2\/compania?post=39006"},{"taxonomy":"curso","embeddable":true,"href":"https:\/\/lij.ismeduca.com\/es\/wp-json\/wp\/v2\/curso?post=39006"},{"taxonomy":"idiomas","embeddable":true,"href":"https:\/\/lij.ismeduca.com\/es\/wp-json\/wp\/v2\/idiomas?post=39006"},{"taxonomy":"genero","embeddable":true,"href":"https:\/\/lij.ismeduca.com\/es\/wp-json\/wp\/v2\/genero?post=39006"},{"taxonomy":"linea","embeddable":true,"href":"https:\/\/lij.ismeduca.com\/es\/wp-json\/wp\/v2\/linea?post=39006"},{"taxonomy":"premio","embeddable":true,"href":"https:\/\/lij.ismeduca.com\/es\/wp-json\/wp\/v2\/premio?post=39006"},{"taxonomy":"proyecto-editorial","embeddable":true,"href":"https:\/\/lij.ismeduca.com\/es\/wp-json\/wp\/v2\/proyecto-editorial?post=39006"},{"taxonomy":"tipo-de-libro","embeddable":true,"href":"https:\/\/lij.ismeduca.com\/es\/wp-json\/wp\/v2\/tipo-de-libro?post=39006"},{"taxonomy":"soporte","embeddable":true,"href":"https:\/\/lij.ismeduca.com\/es\/wp-json\/wp\/v2\/soporte?post=39006"},{"taxonomy":"zona-geografica","embeddable":true,"href":"https:\/\/lij.ismeduca.com\/es\/wp-json\/wp\/v2\/zona-geografica?post=39006"},{"taxonomy":"autores","embeddable":true,"href":"https:\/\/lij.ismeduca.com\/es\/wp-json\/wp\/v2\/autores?post=39006"},{"taxonomy":"colecciones","embeddable":true,"href":"https:\/\/lij.ismeduca.com\/es\/wp-json\/wp\/v2\/colecciones?post=39006"},{"taxonomy":"personajes","embeddable":true,"href":"https:\/\/lij.ismeduca.com\/es\/wp-json\/wp\/v2\/personajes?post=39006"}],"curies":[{"name":"wp","href":"https:\/\/api.w.org\/{rel}","templated":true}]}}